{"id":13431,"date":"2015-04-15T10:52:12","date_gmt":"2015-04-15T08:52:12","guid":{"rendered":"https:\/\/www.visionxeurope.com\/se\/produkt\/vision-x-xmitter-lpx-prime-extreme-20-75w-40-e-markt-led-ramp\/"},"modified":"2026-01-08T20:40:46","modified_gmt":"2026-01-08T19:40:46","slug":"vision-x-xmitter-lpx-prime-extreme-20-75w-40-e-markt-led-ramp","status":"publish","type":"product","link":"https:\/\/www.visionxeurope.com\/se\/webbutik\/vision-x-xmitter-lpx-prime-extreme-20-75w-40-e-markt-led-ramp\/","title":{"rendered":"VISION X XMITTER LPX PRIME EXTREME 20&#8243; 75W 40\u00b0 E-M\u00c4RKT LED RAMP"},"content":{"rendered":"<p><\/p>\n<p>Vision X LPX, en slimmad LED ramp f\u00f6r extra diskreta montage p\u00e5 fordon d\u00e4r mycket ljus \u00f6nskas utan att ta f\u00f6r mycket plats. LPX har en enkel rad med samma kraftfulla 5 watts dioder som PX rampen har.<\/p>\n<p><\/p>\n<p><\/p>\n<p>Xmitter LPX Prime Xtreme, den absolut mest effektiva och kraftfullaste LED rampen p\u00e5 marknaden. Prime Xtreme levererar flest lumen per centimeter ramp och ger d\u00e4rf\u00f6r otroligt mycket ljus ur en liten enhet.<\/p>\n<p><\/p>\n<p><\/p>\n<p><strong>Generella f\u00f6rdelar:<\/strong><br \/>* 5,5 \u00e5rs funktionsgaranti<br \/>* Stenskotts\u00e4kert glas &#8211; flexibel polykarbonatlins<br \/>* Extra robust konstruktion \u2013 t\u00e5l b\u00e5de skakningar och vibrationer upp till 15,6 Grms<br \/>* Helt fukts\u00e4kert lamphus &#8211; slipp problem med fukt.<br \/>* Inbyggt EMC filter &#8211; st\u00f6r ej bilens elektroniska system<br \/>* Aktiv temperaturkontroll med Prime Drive och ETM. F\u00f6r att kunna f\u00e5 ut den intensitet och ljusfl\u00f6de som Xmitter Prime innehar.<\/p>\n<p><\/p>\n<p><\/p>\n<p><strong>Om Vision X<br \/><\/strong>Vision X, ett amerikanskt f\u00f6retag som ligger i absolut framkant vad g\u00e4ller LED belysning har nu sl\u00e4ppt lampor med den helt nya och unika Prime Drive tekniken. Det ger m\u00f6jligheter att f\u00e5 ut mer ljusfl\u00f6de ur dioderna \u00e4n vad som tidigare var m\u00f6jligt.<\/p>\n<p><\/p>\n<p><\/p>\n<p>Prime Drive tekniken \u00e4r en s\u00e5 kallad Pulse Width Modulation (PWM) som &#8221;pulsar&#8221; lampan snabbare \u00e4n \u00f6gat kan uppfatta och som d\u00e4rmed s\u00e4nker arbetstemperaturen p\u00e5 dioden. D\u00e5 arbetstemperaturen s\u00e4nks kan dioden drivas h\u00e5rdare med bibeh\u00e5llen total livsl\u00e4ngd och utan att ljusfl\u00f6det f\u00f6rsvagas efter en tids anv\u00e4ndning. Prime Drive belysningen m\u00f6jligg\u00f6r att dioden drivs till 90% av full effekt och ger \u00e4nd\u00e5 lysdioden en livsl\u00e4ngd p\u00e5 50.000 timmar.<\/p>\n<p><\/p>\n<p><\/p>\n<p>Electronic Thermal Management (ETM) sitter integrerat i lampan och \u00f6vervakar v\u00e4rmeutvecklingen p\u00e5 dioderna f\u00f6r att bibeh\u00e5lla intensiteten i dioden och f\u00f6r att undvika missf\u00e4rgningar m.m. som uppst\u00e5r om v\u00e4rmen blir f\u00f6r h\u00f6g.<\/p>\n<p><\/p>\n<p><\/p>\n<p>Om din Prime lampa \u00e4r utrustad med en gul kabel vid kontakten kan man enkelt koppla p\u00e5 en dimmer som justerar lampans ljusfl\u00f6de. Dimmer finns i Vision X sortimentet. F\u00f6rdelar \u00e4r t.ex. att lampan kan anv\u00e4ndas som b\u00e5de positionsljus\/DRL och helljus.<\/p>\n<p><\/p>\n<p><\/p>\n<p><strong>Certifieringar och kvalitetstester:<\/strong><br \/>* E-m\u00e4rkt och godk\u00e4nd i besiktningen ECE R112 ref. 37.5<br \/>* CE godk\u00e4nd, RoHS certifierad<br \/>* Tryckvattentestad till IP68+IP69K<br \/>* Vibrationstestad upp till 15,6 G rms<br \/>* Temperaturtestad att den fungerar -40\u00b0C &#8211; +80\u00b0C.<br \/>* EMC filter CISPR 25,5 (avst\u00f6rningsskyddad)<\/p>\n<p><\/p>\n<p><\/p>\n<p><strong>Data:<br \/><\/strong>E-m\u00e4rkt<br \/>Lamphus: Robust aluminium<br \/>Sp\u00e4nning: 9-32V<br \/>Str\u00f6mf\u00f6rbrukning: 6.25 Amp vid 12V<br \/>IP-klass: IP68 + IP69K<br \/>Vibrationsklass: 15.6G<br \/>Arbetstemperatur: -40\u00b0C &#8211; +80\u00b0C<br \/>H\u00f6jd: 52.40mm<br \/>Djup: 62.30mm<br \/>Bredd: 502mm<br \/>LED: 15 st. x 5W<br \/>Watt: 75<br \/>R\u00e5a lumen: 7 920<br \/>Effektiva lumen: 5 550<br \/>Lins: Polykarbonat<br \/>Ljusbild: 40\u00b0 Flood (Finns \u00e4ven som 10\u00b0)<\/p>\n<p><\/p>","protected":false},"excerpt":{"rendered":"<p>Vision X LPX, en slimmad LED ramp f\u00f6r extra diskreta montage p\u00e5 fordon d\u00e4r mycket ljus \u00f6nskas utan att ta f\u00f6r mycket plats. LPX har en enkel rad med samma kraftfulla 5 watts dioder som PX rampen har.<\/p>\n<p>Xmitter LPX Prime Xtreme, den absolut mest effektiva och kraftfullaste LED rampen p\u00e5 marknaden. Prime Xtreme levererar flest lumen per centimeter ramp och ger d\u00e4rf\u00f6r otroligt mycket ljus ur en liten enhet.<\/p>\n<p><strong>Generella f\u00f6rdelar:<\/strong><br \/>* 5,5 \u00e5rs funktionsgaranti<br \/>* Stenskotts\u00e4kert glas &#8211; flexibel polykarbonatlins<br \/>* Extra robust konstruktion \u2013 t\u00e5l b\u00e5de skakningar och vibrationer upp till 15,6 Grms<br \/>* Helt fukts\u00e4kert lamphus &#8211; slipp problem med fukt.<br \/>* Inbyggt EMC filter &#8211; st\u00f6r ej bilens elektroniska system<br \/>* Aktiv temperaturkontroll med Prime Drive och ETM. F\u00f6r att kunna f\u00e5 ut den intensitet och ljusfl\u00f6de som Xmitter Prime innehar.<\/p>\n<p><strong>Om Vision X<br \/><\/strong>Vision X, ett amerikanskt f\u00f6retag som ligger i absolut framkant vad g\u00e4ller LED belysning har nu sl\u00e4ppt lampor med den helt nya och unika Prime Drive tekniken. Det ger m\u00f6jligheter att f\u00e5 ut mer ljusfl\u00f6de ur dioderna \u00e4n vad som tidigare var m\u00f6jligt.<\/p>\n<p>Prime Drive tekniken \u00e4r en s\u00e5 kallad Pulse Width Modulation (PWM) som &#8220;pulsar&#8221; lampan snabbare \u00e4n \u00f6gat kan uppfatta och som d\u00e4rmed s\u00e4nker arbetstemperaturen p\u00e5 dioden. D\u00e5 arbetstemperaturen s\u00e4nks kan dioden drivas h\u00e5rdare med bibeh\u00e5llen total livsl\u00e4ngd och utan att ljusfl\u00f6det f\u00f6rsvagas efter en tids anv\u00e4ndning. Prime Drive belysningen m\u00f6jligg\u00f6r att dioden drivs till 90% av full effekt och ger \u00e4nd\u00e5 lysdioden en livsl\u00e4ngd p\u00e5 50.000 timmar.<\/p>\n<p>Electronic Thermal Management (ETM) sitter integrerat i lampan och \u00f6vervakar v\u00e4rmeutvecklingen p\u00e5 dioderna f\u00f6r att bibeh\u00e5lla intensiteten i dioden och f\u00f6r att undvika missf\u00e4rgningar m.m. som uppst\u00e5r om v\u00e4rmen blir f\u00f6r h\u00f6g.<\/p>\n<p>Om din Prime lampa \u00e4r utrustad med en gul kabel vid kontakten kan man enkelt koppla p\u00e5 en dimmer som justerar lampans ljusfl\u00f6de. Dimmer finns i Vision X sortimentet. F\u00f6rdelar \u00e4r t.ex. att lampan kan anv\u00e4ndas som b\u00e5de positionsljus\/DRL och helljus.<\/p>\n<p><strong>Certifieringar och kvalitetstester:<\/strong><br \/>* E-m\u00e4rkt och godk\u00e4nd i besiktningen ECE R112 ref. 37.5<br \/>* CE godk\u00e4nd, RoHS certifierad<br \/>* Tryckvattentestad till IP68+IP69K<br \/>* Vibrationstestad upp till 15,6 G rms<br \/>* Temperaturtestad att den fungerar -40\u00b0C &#8211; +80\u00b0C.<br \/>* EMC filter CISPR 25,5 (avst\u00f6rningsskyddad)<\/p>\n<p><strong>Data:<br \/><\/strong>E-m\u00e4rkt<br \/>Lamphus: Robust aluminium<br \/>Sp\u00e4nning: 9-32V<br \/>Str\u00f6mf\u00f6rbrukning: 6.25 Amp vid 12V<br \/>IP-klass: IP68 + IP69K<br \/>Vibrationsklass: 15.6G<br \/>Arbetstemperatur: -40\u00b0C &#8211; +80\u00b0C<br \/>H\u00f6jd: 52.40mm<br \/>Djup: 62.30mm<br \/>Bredd: 502mm<br \/>LED: 15 st. x 5W<br \/>Watt: 75<br \/>R\u00e5a lumen: 7 920<br \/>Effektiva lumen: 5 550<br \/>Lins: Polykarbonat<br \/>Ljusbild: 40\u00b0 Flood (Finns \u00e4ven som 10\u00b0)<\/p>\n","protected":false},"featured_media":14957,"comment_status":"open","ping_status":"open","template":"","meta":{"editor_notices":[]},"product_brand":[],"product_cat":[68],"product_tag":[],"class_list":{"0":"post-13431","1":"product","2":"type-product","3":"status-publish","4":"has-post-thumbnail","6":"product_cat-xmitter-lpx","7":"resize-featured-image","8":"","9":"woocommerce-text-align-left","10":"woocommerce-image-align-center","12":"first","13":"outofstock","14":"taxable","15":"shipping-taxable","16":"product-type-simple"},"yoast_head":"<!-- This site is optimized with the Yoast SEO Premium plugin v25.0 (Yoast SEO v25.0) - https:\/\/yoast.com\/wordpress\/plugins\/seo\/ -->\n<title>VISION X XMITTER LPX PRIME EXTREME 20&quot; 75W 40\u00b0 E-M\u00c4RKT LED RAMP - Vision X Europe<\/title>\n<meta name=\"robots\" content=\"index, follow, max-snippet:-1, max-image-preview:large, max-video-preview:-1\" \/>\n<link rel=\"canonical\" href=\"https:\/\/www.visionxeurope.com\/se\/webbutik\/vision-x-xmitter-lpx-prime-extreme-20-75w-40-e-markt-led-ramp\/\" \/>\n<meta property=\"og:locale\" content=\"sv_SE\" \/>\n<meta property=\"og:type\" content=\"article\" \/>\n<meta property=\"og:title\" content=\"VISION X XMITTER LPX PRIME EXTREME 20&quot; 75W 40\u00b0 E-M\u00c4RKT LED RAMP\" \/>\n<meta property=\"og:description\" content=\"Vision X LPX, en slimmad LED ramp f\u00f6r extra diskreta montage p\u00e5 fordon d\u00e4r mycket ljus \u00f6nskas utan att ta f\u00f6r mycket plats. LPX har en enkel rad med samma kraftfulla 5 watts dioder som PX rampen har. Xmitter LPX Prime Xtreme, den absolut mest effektiva och kraftfullaste LED rampen p\u00e5 marknaden. Prime Xtreme levererar flest lumen per centimeter ramp och ger d\u00e4rf\u00f6r otroligt mycket ljus ur en liten enhet. Generella f\u00f6rdelar:* 5,5 \u00e5rs funktionsgaranti* Stenskotts\u00e4kert glas &#8211; flexibel polykarbonatlins* Extra robust konstruktion \u2013 t\u00e5l b\u00e5de skakningar och vibrationer upp till 15,6 Grms* Helt fukts\u00e4kert lamphus &#8211; slipp problem med fukt.* Inbyggt EMC filter &#8211; st\u00f6r ej bilens elektroniska system* Aktiv temperaturkontroll med Prime Drive och ETM. F\u00f6r att kunna f\u00e5 ut den intensitet och ljusfl\u00f6de som Xmitter Prime innehar. Om Vision XVision X, ett amerikanskt f\u00f6retag som ligger i absolut framkant vad g\u00e4ller LED belysning har nu sl\u00e4ppt lampor med den helt nya och unika Prime Drive tekniken. Det ger m\u00f6jligheter att f\u00e5 ut mer ljusfl\u00f6de ur dioderna \u00e4n vad som tidigare var m\u00f6jligt. Prime Drive tekniken \u00e4r en s\u00e5 kallad Pulse Width Modulation (PWM) som &#8220;pulsar&#8221; lampan snabbare \u00e4n \u00f6gat kan uppfatta och som d\u00e4rmed s\u00e4nker arbetstemperaturen p\u00e5 dioden. D\u00e5 arbetstemperaturen s\u00e4nks kan dioden drivas h\u00e5rdare med bibeh\u00e5llen total livsl\u00e4ngd och utan att ljusfl\u00f6det f\u00f6rsvagas efter en tids anv\u00e4ndning. Prime Drive belysningen m\u00f6jligg\u00f6r att dioden drivs till 90% av full effekt och ger \u00e4nd\u00e5 lysdioden en livsl\u00e4ngd p\u00e5 50.000 timmar. Electronic Thermal Management (ETM) sitter integrerat i lampan och \u00f6vervakar v\u00e4rmeutvecklingen p\u00e5 dioderna f\u00f6r att bibeh\u00e5lla intensiteten i dioden och f\u00f6r att undvika missf\u00e4rgningar m.m. som uppst\u00e5r om v\u00e4rmen blir f\u00f6r h\u00f6g. Om din Prime lampa \u00e4r utrustad med en gul kabel vid kontakten kan man enkelt koppla p\u00e5 en dimmer som justerar lampans ljusfl\u00f6de. Dimmer finns i Vision X sortimentet. F\u00f6rdelar \u00e4r t.ex. att lampan kan anv\u00e4ndas som b\u00e5de positionsljus\/DRL och helljus. Certifieringar och kvalitetstester:* E-m\u00e4rkt och godk\u00e4nd i besiktningen ECE R112 ref. 37.5* CE godk\u00e4nd, RoHS certifierad* Tryckvattentestad till IP68+IP69K* Vibrationstestad upp till 15,6 G rms* Temperaturtestad att den fungerar -40\u00b0C &#8211; +80\u00b0C.* EMC filter CISPR 25,5 (avst\u00f6rningsskyddad) Data:E-m\u00e4rktLamphus: Robust aluminiumSp\u00e4nning: 9-32VStr\u00f6mf\u00f6rbrukning: 6.25 Amp vid 12VIP-klass: IP68 + IP69KVibrationsklass: 15.6GArbetstemperatur: -40\u00b0C &#8211; +80\u00b0CH\u00f6jd: 52.40mmDjup: 62.30mmBredd: 502mmLED: 15 st. x 5WWatt: 75R\u00e5a lumen: 7 920Effektiva lumen: 5 550Lins: PolykarbonatLjusbild: 40\u00b0 Flood (Finns \u00e4ven som 10\u00b0)\" \/>\n<meta property=\"og:url\" content=\"https:\/\/www.visionxeurope.com\/se\/webbutik\/vision-x-xmitter-lpx-prime-extreme-20-75w-40-e-markt-led-ramp\/\" \/>\n<meta property=\"og:site_name\" content=\"Vision X Europe\" \/>\n<meta property=\"article:publisher\" content=\"https:\/\/www.facebook.com\/visionxeurope\" \/>\n<meta property=\"article:modified_time\" content=\"2026-01-08T19:40:46+00:00\" \/>\n<meta property=\"og:image\" content=\"https:\/\/www.rindab.se\/wp-content\/uploads\/sites\/7\/2022\/04\/XIL-LPX1540.jpg\" \/>\n\t<meta property=\"og:image:width\" content=\"450\" \/>\n\t<meta property=\"og:image:height\" content=\"450\" \/>\n\t<meta property=\"og:image:type\" content=\"image\/jpeg\" \/>\n<meta name=\"twitter:card\" content=\"summary_large_image\" \/>\n<meta name=\"twitter:label1\" content=\"Pris\" \/>\n\t<meta name=\"twitter:data1\" content=\"6 889,00&nbsp;&#107;&#114; exkl. moms\" \/>\n\t<meta name=\"twitter:label2\" content=\"Tillg\u00e4nglig\" \/>\n\t<meta name=\"twitter:data2\" content=\"Slut i lager\" \/>\n<script type=\"application\/ld+json\" class=\"yoast-schema-graph\">{\"@context\":\"https:\/\/schema.org\",\"@graph\":[{\"@type\":\"WebPage\",\"@id\":\"https:\/\/www.visionxeurope.com\/se\/webbutik\/vision-x-xmitter-lpx-prime-extreme-20-75w-40-e-markt-led-ramp\/\",\"url\":\"https:\/\/www.visionxeurope.com\/se\/webbutik\/vision-x-xmitter-lpx-prime-extreme-20-75w-40-e-markt-led-ramp\/\",\"name\":\"VISION X XMITTER LPX PRIME EXTREME 20\\\" 75W 40\u00b0 E-M\u00c4RKT LED RAMP - Vision X Europe\",\"isPartOf\":{\"@id\":\"https:\/\/www.visionxeurope.com\/se\/#website\"},\"primaryImageOfPage\":{\"@id\":\"https:\/\/www.visionxeurope.com\/se\/webbutik\/vision-x-xmitter-lpx-prime-extreme-20-75w-40-e-markt-led-ramp\/#primaryimage\"},\"image\":{\"@id\":\"https:\/\/www.visionxeurope.com\/se\/webbutik\/vision-x-xmitter-lpx-prime-extreme-20-75w-40-e-markt-led-ramp\/#primaryimage\"},\"thumbnailUrl\":\"https:\/\/www.visionxeurope.com\/se\/wp-content\/uploads\/sites\/7\/2022\/04\/XIL-LPX1540.jpg\",\"datePublished\":\"2015-04-15T08:52:12+00:00\",\"dateModified\":\"2026-01-08T19:40:46+00:00\",\"breadcrumb\":{\"@id\":\"https:\/\/www.visionxeurope.com\/se\/webbutik\/vision-x-xmitter-lpx-prime-extreme-20-75w-40-e-markt-led-ramp\/#breadcrumb\"},\"inLanguage\":\"sv-SE\",\"potentialAction\":[{\"@type\":\"ReadAction\",\"target\":[\"https:\/\/www.visionxeurope.com\/se\/webbutik\/vision-x-xmitter-lpx-prime-extreme-20-75w-40-e-markt-led-ramp\/\"]}]},{\"@type\":\"ImageObject\",\"inLanguage\":\"sv-SE\",\"@id\":\"https:\/\/www.visionxeurope.com\/se\/webbutik\/vision-x-xmitter-lpx-prime-extreme-20-75w-40-e-markt-led-ramp\/#primaryimage\",\"url\":\"https:\/\/www.visionxeurope.com\/se\/wp-content\/uploads\/sites\/7\/2022\/04\/XIL-LPX1540.jpg\",\"contentUrl\":\"https:\/\/www.visionxeurope.com\/se\/wp-content\/uploads\/sites\/7\/2022\/04\/XIL-LPX1540.jpg\",\"width\":450,\"height\":450},{\"@type\":\"BreadcrumbList\",\"@id\":\"https:\/\/www.visionxeurope.com\/se\/webbutik\/vision-x-xmitter-lpx-prime-extreme-20-75w-40-e-markt-led-ramp\/#breadcrumb\",\"itemListElement\":[{\"@type\":\"ListItem\",\"position\":1,\"name\":\"Hem\",\"item\":\"https:\/\/www.visionxeurope.com\/se\/\"},{\"@type\":\"ListItem\",\"position\":2,\"name\":\"Webbutik\",\"item\":\"https:\/\/www.visionxeurope.com\/se\/webbutik\/\"},{\"@type\":\"ListItem\",\"position\":3,\"name\":\"VISION X XMITTER LPX PRIME EXTREME 20&#8243; 75W 40\u00b0 E-M\u00c4RKT LED RAMP\"}]},{\"@type\":\"WebSite\",\"@id\":\"https:\/\/www.visionxeurope.com\/se\/#website\",\"url\":\"https:\/\/www.visionxeurope.com\/se\/\",\"name\":\"Vision X Europe\",\"description\":\"\",\"publisher\":{\"@id\":\"https:\/\/www.visionxeurope.com\/se\/#organization\"},\"potentialAction\":[{\"@type\":\"SearchAction\",\"target\":{\"@type\":\"EntryPoint\",\"urlTemplate\":\"https:\/\/www.visionxeurope.com\/se\/?s={search_term_string}\"},\"query-input\":{\"@type\":\"PropertyValueSpecification\",\"valueRequired\":true,\"valueName\":\"search_term_string\"}}],\"inLanguage\":\"sv-SE\"},{\"@type\":\"Organization\",\"@id\":\"https:\/\/www.visionxeurope.com\/se\/#organization\",\"name\":\"Vision X Europe\",\"url\":\"https:\/\/www.visionxeurope.com\/se\/\",\"logo\":{\"@type\":\"ImageObject\",\"inLanguage\":\"sv-SE\",\"@id\":\"https:\/\/www.visionxeurope.com\/se\/#\/schema\/logo\/image\/\",\"url\":\"https:\/\/www.visionxeurope.com\/se\/wp-content\/uploads\/sites\/7\/2021\/04\/visionxeurope.png\",\"contentUrl\":\"https:\/\/www.visionxeurope.com\/se\/wp-content\/uploads\/sites\/7\/2021\/04\/visionxeurope.png\",\"width\":300,\"height\":110,\"caption\":\"Vision X Europe\"},\"image\":{\"@id\":\"https:\/\/www.visionxeurope.com\/se\/#\/schema\/logo\/image\/\"},\"sameAs\":[\"https:\/\/www.facebook.com\/visionxeurope\",\"https:\/\/www.instagram.com\/visionxeurope\/\"]}]}<\/script>\n<meta property=\"product:price:amount\" content=\"6889.00\" \/>\n<meta property=\"product:price:currency\" content=\"SEK\" \/>\n<meta property=\"og:availability\" content=\"out of stock\" \/>\n<meta property=\"product:availability\" content=\"out of stock\" \/>\n<meta property=\"product:retailer_item_id\" content=\"XIL-LPX1540\" \/>\n<meta property=\"product:condition\" content=\"new\" \/>\n<!-- \/ Yoast SEO Premium plugin. -->","yoast_head_json":{"title":"VISION X XMITTER LPX PRIME EXTREME 20\" 75W 40\u00b0 E-M\u00c4RKT LED RAMP - Vision X Europe","robots":{"index":"index","follow":"follow","max-snippet":"max-snippet:-1","max-image-preview":"max-image-preview:large","max-video-preview":"max-video-preview:-1"},"canonical":"https:\/\/www.visionxeurope.com\/se\/webbutik\/vision-x-xmitter-lpx-prime-extreme-20-75w-40-e-markt-led-ramp\/","og_locale":"sv_SE","og_type":"article","og_title":"VISION X XMITTER LPX PRIME EXTREME 20\" 75W 40\u00b0 E-M\u00c4RKT LED RAMP","og_description":"Vision X LPX, en slimmad LED ramp f\u00f6r extra diskreta montage p\u00e5 fordon d\u00e4r mycket ljus \u00f6nskas utan att ta f\u00f6r mycket plats. LPX har en enkel rad med samma kraftfulla 5 watts dioder som PX rampen har. Xmitter LPX Prime Xtreme, den absolut mest effektiva och kraftfullaste LED rampen p\u00e5 marknaden. Prime Xtreme levererar flest lumen per centimeter ramp och ger d\u00e4rf\u00f6r otroligt mycket ljus ur en liten enhet. Generella f\u00f6rdelar:* 5,5 \u00e5rs funktionsgaranti* Stenskotts\u00e4kert glas &#8211; flexibel polykarbonatlins* Extra robust konstruktion \u2013 t\u00e5l b\u00e5de skakningar och vibrationer upp till 15,6 Grms* Helt fukts\u00e4kert lamphus &#8211; slipp problem med fukt.* Inbyggt EMC filter &#8211; st\u00f6r ej bilens elektroniska system* Aktiv temperaturkontroll med Prime Drive och ETM. F\u00f6r att kunna f\u00e5 ut den intensitet och ljusfl\u00f6de som Xmitter Prime innehar. Om Vision XVision X, ett amerikanskt f\u00f6retag som ligger i absolut framkant vad g\u00e4ller LED belysning har nu sl\u00e4ppt lampor med den helt nya och unika Prime Drive tekniken. Det ger m\u00f6jligheter att f\u00e5 ut mer ljusfl\u00f6de ur dioderna \u00e4n vad som tidigare var m\u00f6jligt. Prime Drive tekniken \u00e4r en s\u00e5 kallad Pulse Width Modulation (PWM) som &#8220;pulsar&#8221; lampan snabbare \u00e4n \u00f6gat kan uppfatta och som d\u00e4rmed s\u00e4nker arbetstemperaturen p\u00e5 dioden. D\u00e5 arbetstemperaturen s\u00e4nks kan dioden drivas h\u00e5rdare med bibeh\u00e5llen total livsl\u00e4ngd och utan att ljusfl\u00f6det f\u00f6rsvagas efter en tids anv\u00e4ndning. Prime Drive belysningen m\u00f6jligg\u00f6r att dioden drivs till 90% av full effekt och ger \u00e4nd\u00e5 lysdioden en livsl\u00e4ngd p\u00e5 50.000 timmar. Electronic Thermal Management (ETM) sitter integrerat i lampan och \u00f6vervakar v\u00e4rmeutvecklingen p\u00e5 dioderna f\u00f6r att bibeh\u00e5lla intensiteten i dioden och f\u00f6r att undvika missf\u00e4rgningar m.m. som uppst\u00e5r om v\u00e4rmen blir f\u00f6r h\u00f6g. Om din Prime lampa \u00e4r utrustad med en gul kabel vid kontakten kan man enkelt koppla p\u00e5 en dimmer som justerar lampans ljusfl\u00f6de. Dimmer finns i Vision X sortimentet. F\u00f6rdelar \u00e4r t.ex. att lampan kan anv\u00e4ndas som b\u00e5de positionsljus\/DRL och helljus. Certifieringar och kvalitetstester:* E-m\u00e4rkt och godk\u00e4nd i besiktningen ECE R112 ref. 37.5* CE godk\u00e4nd, RoHS certifierad* Tryckvattentestad till IP68+IP69K* Vibrationstestad upp till 15,6 G rms* Temperaturtestad att den fungerar -40\u00b0C &#8211; +80\u00b0C.* EMC filter CISPR 25,5 (avst\u00f6rningsskyddad) Data:E-m\u00e4rktLamphus: Robust aluminiumSp\u00e4nning: 9-32VStr\u00f6mf\u00f6rbrukning: 6.25 Amp vid 12VIP-klass: IP68 + IP69KVibrationsklass: 15.6GArbetstemperatur: -40\u00b0C &#8211; +80\u00b0CH\u00f6jd: 52.40mmDjup: 62.30mmBredd: 502mmLED: 15 st. x 5WWatt: 75R\u00e5a lumen: 7 920Effektiva lumen: 5 550Lins: PolykarbonatLjusbild: 40\u00b0 Flood (Finns \u00e4ven som 10\u00b0)","og_url":"https:\/\/www.visionxeurope.com\/se\/webbutik\/vision-x-xmitter-lpx-prime-extreme-20-75w-40-e-markt-led-ramp\/","og_site_name":"Vision X Europe","article_publisher":"https:\/\/www.facebook.com\/visionxeurope","article_modified_time":"2026-01-08T19:40:46+00:00","og_image":[{"width":450,"height":450,"url":"https:\/\/www.rindab.se\/wp-content\/uploads\/sites\/7\/2022\/04\/XIL-LPX1540.jpg","type":"image\/jpeg"}],"twitter_card":"summary_large_image","twitter_misc":{"Pris":"6 889,00&nbsp;&#107;&#114; exkl. moms","Tillg\u00e4nglig":"Slut i lager"},"schema":{"@context":"https:\/\/schema.org","@graph":[{"@type":"WebPage","@id":"https:\/\/www.visionxeurope.com\/se\/webbutik\/vision-x-xmitter-lpx-prime-extreme-20-75w-40-e-markt-led-ramp\/","url":"https:\/\/www.visionxeurope.com\/se\/webbutik\/vision-x-xmitter-lpx-prime-extreme-20-75w-40-e-markt-led-ramp\/","name":"VISION X XMITTER LPX PRIME EXTREME 20\" 75W 40\u00b0 E-M\u00c4RKT LED RAMP - Vision X Europe","isPartOf":{"@id":"https:\/\/www.visionxeurope.com\/se\/#website"},"primaryImageOfPage":{"@id":"https:\/\/www.visionxeurope.com\/se\/webbutik\/vision-x-xmitter-lpx-prime-extreme-20-75w-40-e-markt-led-ramp\/#primaryimage"},"image":{"@id":"https:\/\/www.visionxeurope.com\/se\/webbutik\/vision-x-xmitter-lpx-prime-extreme-20-75w-40-e-markt-led-ramp\/#primaryimage"},"thumbnailUrl":"https:\/\/www.visionxeurope.com\/se\/wp-content\/uploads\/sites\/7\/2022\/04\/XIL-LPX1540.jpg","datePublished":"2015-04-15T08:52:12+00:00","dateModified":"2026-01-08T19:40:46+00:00","breadcrumb":{"@id":"https:\/\/www.visionxeurope.com\/se\/webbutik\/vision-x-xmitter-lpx-prime-extreme-20-75w-40-e-markt-led-ramp\/#breadcrumb"},"inLanguage":"sv-SE","potentialAction":[{"@type":"ReadAction","target":["https:\/\/www.visionxeurope.com\/se\/webbutik\/vision-x-xmitter-lpx-prime-extreme-20-75w-40-e-markt-led-ramp\/"]}]},{"@type":"ImageObject","inLanguage":"sv-SE","@id":"https:\/\/www.visionxeurope.com\/se\/webbutik\/vision-x-xmitter-lpx-prime-extreme-20-75w-40-e-markt-led-ramp\/#primaryimage","url":"https:\/\/www.visionxeurope.com\/se\/wp-content\/uploads\/sites\/7\/2022\/04\/XIL-LPX1540.jpg","contentUrl":"https:\/\/www.visionxeurope.com\/se\/wp-content\/uploads\/sites\/7\/2022\/04\/XIL-LPX1540.jpg","width":450,"height":450},{"@type":"BreadcrumbList","@id":"https:\/\/www.visionxeurope.com\/se\/webbutik\/vision-x-xmitter-lpx-prime-extreme-20-75w-40-e-markt-led-ramp\/#breadcrumb","itemListElement":[{"@type":"ListItem","position":1,"name":"Hem","item":"https:\/\/www.visionxeurope.com\/se\/"},{"@type":"ListItem","position":2,"name":"Webbutik","item":"https:\/\/www.visionxeurope.com\/se\/webbutik\/"},{"@type":"ListItem","position":3,"name":"VISION X XMITTER LPX PRIME EXTREME 20&#8243; 75W 40\u00b0 E-M\u00c4RKT LED RAMP"}]},{"@type":"WebSite","@id":"https:\/\/www.visionxeurope.com\/se\/#website","url":"https:\/\/www.visionxeurope.com\/se\/","name":"Vision X Europe","description":"","publisher":{"@id":"https:\/\/www.visionxeurope.com\/se\/#organization"},"potentialAction":[{"@type":"SearchAction","target":{"@type":"EntryPoint","urlTemplate":"https:\/\/www.visionxeurope.com\/se\/?s={search_term_string}"},"query-input":{"@type":"PropertyValueSpecification","valueRequired":true,"valueName":"search_term_string"}}],"inLanguage":"sv-SE"},{"@type":"Organization","@id":"https:\/\/www.visionxeurope.com\/se\/#organization","name":"Vision X Europe","url":"https:\/\/www.visionxeurope.com\/se\/","logo":{"@type":"ImageObject","inLanguage":"sv-SE","@id":"https:\/\/www.visionxeurope.com\/se\/#\/schema\/logo\/image\/","url":"https:\/\/www.visionxeurope.com\/se\/wp-content\/uploads\/sites\/7\/2021\/04\/visionxeurope.png","contentUrl":"https:\/\/www.visionxeurope.com\/se\/wp-content\/uploads\/sites\/7\/2021\/04\/visionxeurope.png","width":300,"height":110,"caption":"Vision X Europe"},"image":{"@id":"https:\/\/www.visionxeurope.com\/se\/#\/schema\/logo\/image\/"},"sameAs":["https:\/\/www.facebook.com\/visionxeurope","https:\/\/www.instagram.com\/visionxeurope\/"]}]},"product_price_amount":"6889.00","product_price_currency":"SEK","og_availability":"out of stock","product_availability":"out of stock","product_retailer_item_id":"XIL-LPX1540","product_condition":"new"},"_links":{"self":[{"href":"https:\/\/www.visionxeurope.com\/se\/wp-json\/wp\/v2\/product\/13431","targetHints":{"allow":["GET"]}}],"collection":[{"href":"https:\/\/www.visionxeurope.com\/se\/wp-json\/wp\/v2\/product"}],"about":[{"href":"https:\/\/www.visionxeurope.com\/se\/wp-json\/wp\/v2\/types\/product"}],"replies":[{"embeddable":true,"href":"https:\/\/www.visionxeurope.com\/se\/wp-json\/wp\/v2\/comments?post=13431"}],"wp:featuredmedia":[{"embeddable":true,"href":"https:\/\/www.visionxeurope.com\/se\/wp-json\/wp\/v2\/media\/14957"}],"wp:attachment":[{"href":"https:\/\/www.visionxeurope.com\/se\/wp-json\/wp\/v2\/media?parent=13431"}],"wp:term":[{"taxonomy":"product_brand","embeddable":true,"href":"https:\/\/www.visionxeurope.com\/se\/wp-json\/wp\/v2\/product_brand?post=13431"},{"taxonomy":"product_cat","embeddable":true,"href":"https:\/\/www.visionxeurope.com\/se\/wp-json\/wp\/v2\/product_cat?post=13431"},{"taxonomy":"product_tag","embeddable":true,"href":"https:\/\/www.visionxeurope.com\/se\/wp-json\/wp\/v2\/product_tag?post=13431"}],"curies":[{"name":"wp","href":"https:\/\/api.w.org\/{rel}","templated":true}]}}