{"id":13427,"date":"2015-04-24T10:07:23","date_gmt":"2015-04-24T08:07:23","guid":{"rendered":"https:\/\/www.visionxeurope.com\/se\/produkt\/vision-x-nummerskyltsfaste-for-extraljus-0-20\/"},"modified":"2025-12-08T23:39:48","modified_gmt":"2025-12-08T22:39:48","slug":"vision-x-nummerskyltsfaste-for-extraljus-0-20","status":"publish","type":"product","link":"https:\/\/www.visionxeurope.com\/se\/webbutik\/vision-x-nummerskyltsfaste-for-extraljus-0-20\/","title":{"rendered":"VISION X NUMMERSKYLTSF\u00c4STE F\u00d6R EXTRALJUS 0&#8243;- 20&#8243;"},"content":{"rendered":"<p><\/p>\n<p>Vision X registreringsskylt med montering f\u00f6r ljusramp g\u00f6r det m\u00f6jligt att s\u00e4tta p\u00e5 en Vision X ljusramp p\u00e5 alla fordon med en registreringsskylt s\u00e5 att du enkelt kan \u00f6ka ditt ljusfl\u00f6de.<\/p>\n<p><\/p>\n<p><\/p>\n<p>Monteringen \u00e4r enkel och g\u00f6r det m\u00f6jligt att s\u00e4tta dit vilken Vision X LED bar som \u00f6nskas s\u00e5 l\u00e4nge den \u00e4r under 20&#8243;. Detta inneb\u00e4r att du kan f\u00e5 upp till 17 748 lumen till din bil utan att beh\u00f6va borra n\u00e5gra h\u00e5l.<\/p>\n<p><\/p>\n<p><\/p>\n<p>Registreringsskylten monteras bakom den redan existerade skylten och anv\u00e4nder samma h\u00e5l som registreringsskylten redan anv\u00e4nder, f\u00f6r enkel plug and play montering.<\/p>\n<p><\/p>","protected":false},"excerpt":{"rendered":"<p>Vision X registreringsskylt med montering f\u00f6r ljusramp g\u00f6r det m\u00f6jligt att s\u00e4tta p\u00e5 en Vision X ljusramp p\u00e5 alla fordon med en registreringsskylt s\u00e5 att du enkelt kan \u00f6ka ditt ljusfl\u00f6de.<\/p>\n<p>Monteringen \u00e4r enkel och g\u00f6r det m\u00f6jligt att s\u00e4tta dit vilken Vision X LED bar som \u00f6nskas s\u00e5 l\u00e4nge den \u00e4r under 20&#8243;. Detta inneb\u00e4r att du kan f\u00e5 upp till 17 748 lumen till din bil utan att beh\u00f6va borra n\u00e5gra h\u00e5l.<\/p>\n<p>Registreringsskylten monteras bakom den redan existerade skylten och anv\u00e4nder samma h\u00e5l som registreringsskylten redan anv\u00e4nder, f\u00f6r enkel plug and play montering.<\/p>\n","protected":false},"featured_media":14947,"comment_status":"open","ping_status":"open","template":"","meta":{"editor_notices":[]},"product_brand":[],"product_cat":[39],"product_tag":[],"class_list":{"0":"post-13427","1":"product","2":"type-product","3":"status-publish","4":"has-post-thumbnail","6":"product_cat-montage","7":"resize-featured-image","8":"","9":"woocommerce-text-align-left","10":"woocommerce-image-align-center","12":"first","13":"outofstock","14":"taxable","15":"shipping-taxable","16":"product-type-simple"},"yoast_head":"<!-- This site is optimized with the Yoast SEO Premium plugin v25.0 (Yoast SEO v25.0) - https:\/\/yoast.com\/wordpress\/plugins\/seo\/ -->\n<title>VISION X NUMMERSKYLTSF\u00c4STE F\u00d6R EXTRALJUS 0&quot;- 20&quot; - Vision X Europe<\/title>\n<meta name=\"robots\" content=\"index, follow, max-snippet:-1, max-image-preview:large, max-video-preview:-1\" \/>\n<link rel=\"canonical\" href=\"https:\/\/www.visionxeurope.com\/se\/webbutik\/vision-x-nummerskyltsfaste-for-extraljus-0-20\/\" \/>\n<meta property=\"og:locale\" content=\"sv_SE\" \/>\n<meta property=\"og:type\" content=\"article\" \/>\n<meta property=\"og:title\" content=\"VISION X NUMMERSKYLTSF\u00c4STE F\u00d6R EXTRALJUS 0&quot;- 20&quot;\" \/>\n<meta property=\"og:description\" content=\"Vision X registreringsskylt med montering f\u00f6r ljusramp g\u00f6r det m\u00f6jligt att s\u00e4tta p\u00e5 en Vision X ljusramp p\u00e5 alla fordon med en registreringsskylt s\u00e5 att du enkelt kan \u00f6ka ditt ljusfl\u00f6de. Monteringen \u00e4r enkel och g\u00f6r det m\u00f6jligt att s\u00e4tta dit vilken Vision X LED bar som \u00f6nskas s\u00e5 l\u00e4nge den \u00e4r under 20&#8243;. Detta inneb\u00e4r att du kan f\u00e5 upp till 17 748 lumen till din bil utan att beh\u00f6va borra n\u00e5gra h\u00e5l. Registreringsskylten monteras bakom den redan existerade skylten och anv\u00e4nder samma h\u00e5l som registreringsskylten redan anv\u00e4nder, f\u00f6r enkel plug and play montering.\" \/>\n<meta property=\"og:url\" content=\"https:\/\/www.visionxeurope.com\/se\/webbutik\/vision-x-nummerskyltsfaste-for-extraljus-0-20\/\" \/>\n<meta property=\"og:site_name\" content=\"Vision X Europe\" \/>\n<meta property=\"article:publisher\" content=\"https:\/\/www.facebook.com\/visionxeurope\" \/>\n<meta property=\"article:modified_time\" content=\"2025-12-08T22:39:48+00:00\" \/>\n<meta property=\"og:image\" content=\"https:\/\/www.rindab.se\/wp-content\/uploads\/sites\/7\/2022\/04\/XIL-LICENSEP.jpg\" \/>\n\t<meta property=\"og:image:width\" content=\"450\" \/>\n\t<meta property=\"og:image:height\" content=\"450\" \/>\n\t<meta property=\"og:image:type\" content=\"image\/jpeg\" \/>\n<meta name=\"twitter:card\" content=\"summary_large_image\" \/>\n<meta name=\"twitter:label1\" content=\"Pris\" \/>\n\t<meta name=\"twitter:data1\" content=\"604,00&nbsp;&#107;&#114; exkl. moms\" \/>\n\t<meta name=\"twitter:label2\" content=\"Tillg\u00e4nglig\" \/>\n\t<meta name=\"twitter:data2\" content=\"Slut i lager\" \/>\n<script type=\"application\/ld+json\" class=\"yoast-schema-graph\">{\"@context\":\"https:\/\/schema.org\",\"@graph\":[{\"@type\":\"WebPage\",\"@id\":\"https:\/\/www.visionxeurope.com\/se\/webbutik\/vision-x-nummerskyltsfaste-for-extraljus-0-20\/\",\"url\":\"https:\/\/www.visionxeurope.com\/se\/webbutik\/vision-x-nummerskyltsfaste-for-extraljus-0-20\/\",\"name\":\"VISION X NUMMERSKYLTSF\u00c4STE F\u00d6R EXTRALJUS 0\\\"- 20\\\" - Vision X Europe\",\"isPartOf\":{\"@id\":\"https:\/\/www.visionxeurope.com\/se\/#website\"},\"primaryImageOfPage\":{\"@id\":\"https:\/\/www.visionxeurope.com\/se\/webbutik\/vision-x-nummerskyltsfaste-for-extraljus-0-20\/#primaryimage\"},\"image\":{\"@id\":\"https:\/\/www.visionxeurope.com\/se\/webbutik\/vision-x-nummerskyltsfaste-for-extraljus-0-20\/#primaryimage\"},\"thumbnailUrl\":\"https:\/\/www.visionxeurope.com\/se\/wp-content\/uploads\/sites\/7\/2022\/04\/XIL-LICENSEP.jpg\",\"datePublished\":\"2015-04-24T08:07:23+00:00\",\"dateModified\":\"2025-12-08T22:39:48+00:00\",\"breadcrumb\":{\"@id\":\"https:\/\/www.visionxeurope.com\/se\/webbutik\/vision-x-nummerskyltsfaste-for-extraljus-0-20\/#breadcrumb\"},\"inLanguage\":\"sv-SE\",\"potentialAction\":[{\"@type\":\"ReadAction\",\"target\":[\"https:\/\/www.visionxeurope.com\/se\/webbutik\/vision-x-nummerskyltsfaste-for-extraljus-0-20\/\"]}]},{\"@type\":\"ImageObject\",\"inLanguage\":\"sv-SE\",\"@id\":\"https:\/\/www.visionxeurope.com\/se\/webbutik\/vision-x-nummerskyltsfaste-for-extraljus-0-20\/#primaryimage\",\"url\":\"https:\/\/www.visionxeurope.com\/se\/wp-content\/uploads\/sites\/7\/2022\/04\/XIL-LICENSEP.jpg\",\"contentUrl\":\"https:\/\/www.visionxeurope.com\/se\/wp-content\/uploads\/sites\/7\/2022\/04\/XIL-LICENSEP.jpg\",\"width\":450,\"height\":450},{\"@type\":\"BreadcrumbList\",\"@id\":\"https:\/\/www.visionxeurope.com\/se\/webbutik\/vision-x-nummerskyltsfaste-for-extraljus-0-20\/#breadcrumb\",\"itemListElement\":[{\"@type\":\"ListItem\",\"position\":1,\"name\":\"Hem\",\"item\":\"https:\/\/www.visionxeurope.com\/se\/\"},{\"@type\":\"ListItem\",\"position\":2,\"name\":\"Webbutik\",\"item\":\"https:\/\/www.visionxeurope.com\/se\/webbutik\/\"},{\"@type\":\"ListItem\",\"position\":3,\"name\":\"VISION X NUMMERSKYLTSF\u00c4STE F\u00d6R EXTRALJUS 0&#8243;- 20&#8243;\"}]},{\"@type\":\"WebSite\",\"@id\":\"https:\/\/www.visionxeurope.com\/se\/#website\",\"url\":\"https:\/\/www.visionxeurope.com\/se\/\",\"name\":\"Vision X Europe\",\"description\":\"\",\"publisher\":{\"@id\":\"https:\/\/www.visionxeurope.com\/se\/#organization\"},\"potentialAction\":[{\"@type\":\"SearchAction\",\"target\":{\"@type\":\"EntryPoint\",\"urlTemplate\":\"https:\/\/www.visionxeurope.com\/se\/?s={search_term_string}\"},\"query-input\":{\"@type\":\"PropertyValueSpecification\",\"valueRequired\":true,\"valueName\":\"search_term_string\"}}],\"inLanguage\":\"sv-SE\"},{\"@type\":\"Organization\",\"@id\":\"https:\/\/www.visionxeurope.com\/se\/#organization\",\"name\":\"Vision X Europe\",\"url\":\"https:\/\/www.visionxeurope.com\/se\/\",\"logo\":{\"@type\":\"ImageObject\",\"inLanguage\":\"sv-SE\",\"@id\":\"https:\/\/www.visionxeurope.com\/se\/#\/schema\/logo\/image\/\",\"url\":\"https:\/\/www.visionxeurope.com\/se\/wp-content\/uploads\/sites\/7\/2021\/04\/visionxeurope.png\",\"contentUrl\":\"https:\/\/www.visionxeurope.com\/se\/wp-content\/uploads\/sites\/7\/2021\/04\/visionxeurope.png\",\"width\":300,\"height\":110,\"caption\":\"Vision X Europe\"},\"image\":{\"@id\":\"https:\/\/www.visionxeurope.com\/se\/#\/schema\/logo\/image\/\"},\"sameAs\":[\"https:\/\/www.facebook.com\/visionxeurope\",\"https:\/\/www.instagram.com\/visionxeurope\/\"]}]}<\/script>\n<meta property=\"product:price:amount\" content=\"604.00\" \/>\n<meta property=\"product:price:currency\" content=\"SEK\" \/>\n<meta property=\"og:availability\" content=\"out of stock\" \/>\n<meta property=\"product:availability\" content=\"out of stock\" \/>\n<meta property=\"product:retailer_item_id\" content=\"XIL-LICENSEP\" \/>\n<meta property=\"product:condition\" content=\"new\" \/>\n<!-- \/ Yoast SEO Premium plugin. -->","yoast_head_json":{"title":"VISION X NUMMERSKYLTSF\u00c4STE F\u00d6R EXTRALJUS 0\"- 20\" - Vision X Europe","robots":{"index":"index","follow":"follow","max-snippet":"max-snippet:-1","max-image-preview":"max-image-preview:large","max-video-preview":"max-video-preview:-1"},"canonical":"https:\/\/www.visionxeurope.com\/se\/webbutik\/vision-x-nummerskyltsfaste-for-extraljus-0-20\/","og_locale":"sv_SE","og_type":"article","og_title":"VISION X NUMMERSKYLTSF\u00c4STE F\u00d6R EXTRALJUS 0\"- 20\"","og_description":"Vision X registreringsskylt med montering f\u00f6r ljusramp g\u00f6r det m\u00f6jligt att s\u00e4tta p\u00e5 en Vision X ljusramp p\u00e5 alla fordon med en registreringsskylt s\u00e5 att du enkelt kan \u00f6ka ditt ljusfl\u00f6de. Monteringen \u00e4r enkel och g\u00f6r det m\u00f6jligt att s\u00e4tta dit vilken Vision X LED bar som \u00f6nskas s\u00e5 l\u00e4nge den \u00e4r under 20&#8243;. Detta inneb\u00e4r att du kan f\u00e5 upp till 17 748 lumen till din bil utan att beh\u00f6va borra n\u00e5gra h\u00e5l. Registreringsskylten monteras bakom den redan existerade skylten och anv\u00e4nder samma h\u00e5l som registreringsskylten redan anv\u00e4nder, f\u00f6r enkel plug and play montering.","og_url":"https:\/\/www.visionxeurope.com\/se\/webbutik\/vision-x-nummerskyltsfaste-for-extraljus-0-20\/","og_site_name":"Vision X Europe","article_publisher":"https:\/\/www.facebook.com\/visionxeurope","article_modified_time":"2025-12-08T22:39:48+00:00","og_image":[{"width":450,"height":450,"url":"https:\/\/www.rindab.se\/wp-content\/uploads\/sites\/7\/2022\/04\/XIL-LICENSEP.jpg","type":"image\/jpeg"}],"twitter_card":"summary_large_image","twitter_misc":{"Pris":"604,00&nbsp;&#107;&#114; exkl. moms","Tillg\u00e4nglig":"Slut i lager"},"schema":{"@context":"https:\/\/schema.org","@graph":[{"@type":"WebPage","@id":"https:\/\/www.visionxeurope.com\/se\/webbutik\/vision-x-nummerskyltsfaste-for-extraljus-0-20\/","url":"https:\/\/www.visionxeurope.com\/se\/webbutik\/vision-x-nummerskyltsfaste-for-extraljus-0-20\/","name":"VISION X NUMMERSKYLTSF\u00c4STE F\u00d6R EXTRALJUS 0\"- 20\" - Vision X Europe","isPartOf":{"@id":"https:\/\/www.visionxeurope.com\/se\/#website"},"primaryImageOfPage":{"@id":"https:\/\/www.visionxeurope.com\/se\/webbutik\/vision-x-nummerskyltsfaste-for-extraljus-0-20\/#primaryimage"},"image":{"@id":"https:\/\/www.visionxeurope.com\/se\/webbutik\/vision-x-nummerskyltsfaste-for-extraljus-0-20\/#primaryimage"},"thumbnailUrl":"https:\/\/www.visionxeurope.com\/se\/wp-content\/uploads\/sites\/7\/2022\/04\/XIL-LICENSEP.jpg","datePublished":"2015-04-24T08:07:23+00:00","dateModified":"2025-12-08T22:39:48+00:00","breadcrumb":{"@id":"https:\/\/www.visionxeurope.com\/se\/webbutik\/vision-x-nummerskyltsfaste-for-extraljus-0-20\/#breadcrumb"},"inLanguage":"sv-SE","potentialAction":[{"@type":"ReadAction","target":["https:\/\/www.visionxeurope.com\/se\/webbutik\/vision-x-nummerskyltsfaste-for-extraljus-0-20\/"]}]},{"@type":"ImageObject","inLanguage":"sv-SE","@id":"https:\/\/www.visionxeurope.com\/se\/webbutik\/vision-x-nummerskyltsfaste-for-extraljus-0-20\/#primaryimage","url":"https:\/\/www.visionxeurope.com\/se\/wp-content\/uploads\/sites\/7\/2022\/04\/XIL-LICENSEP.jpg","contentUrl":"https:\/\/www.visionxeurope.com\/se\/wp-content\/uploads\/sites\/7\/2022\/04\/XIL-LICENSEP.jpg","width":450,"height":450},{"@type":"BreadcrumbList","@id":"https:\/\/www.visionxeurope.com\/se\/webbutik\/vision-x-nummerskyltsfaste-for-extraljus-0-20\/#breadcrumb","itemListElement":[{"@type":"ListItem","position":1,"name":"Hem","item":"https:\/\/www.visionxeurope.com\/se\/"},{"@type":"ListItem","position":2,"name":"Webbutik","item":"https:\/\/www.visionxeurope.com\/se\/webbutik\/"},{"@type":"ListItem","position":3,"name":"VISION X NUMMERSKYLTSF\u00c4STE F\u00d6R EXTRALJUS 0&#8243;- 20&#8243;"}]},{"@type":"WebSite","@id":"https:\/\/www.visionxeurope.com\/se\/#website","url":"https:\/\/www.visionxeurope.com\/se\/","name":"Vision X Europe","description":"","publisher":{"@id":"https:\/\/www.visionxeurope.com\/se\/#organization"},"potentialAction":[{"@type":"SearchAction","target":{"@type":"EntryPoint","urlTemplate":"https:\/\/www.visionxeurope.com\/se\/?s={search_term_string}"},"query-input":{"@type":"PropertyValueSpecification","valueRequired":true,"valueName":"search_term_string"}}],"inLanguage":"sv-SE"},{"@type":"Organization","@id":"https:\/\/www.visionxeurope.com\/se\/#organization","name":"Vision X Europe","url":"https:\/\/www.visionxeurope.com\/se\/","logo":{"@type":"ImageObject","inLanguage":"sv-SE","@id":"https:\/\/www.visionxeurope.com\/se\/#\/schema\/logo\/image\/","url":"https:\/\/www.visionxeurope.com\/se\/wp-content\/uploads\/sites\/7\/2021\/04\/visionxeurope.png","contentUrl":"https:\/\/www.visionxeurope.com\/se\/wp-content\/uploads\/sites\/7\/2021\/04\/visionxeurope.png","width":300,"height":110,"caption":"Vision X Europe"},"image":{"@id":"https:\/\/www.visionxeurope.com\/se\/#\/schema\/logo\/image\/"},"sameAs":["https:\/\/www.facebook.com\/visionxeurope","https:\/\/www.instagram.com\/visionxeurope\/"]}]},"product_price_amount":"604.00","product_price_currency":"SEK","og_availability":"out of stock","product_availability":"out of stock","product_retailer_item_id":"XIL-LICENSEP","product_condition":"new"},"_links":{"self":[{"href":"https:\/\/www.visionxeurope.com\/se\/wp-json\/wp\/v2\/product\/13427","targetHints":{"allow":["GET"]}}],"collection":[{"href":"https:\/\/www.visionxeurope.com\/se\/wp-json\/wp\/v2\/product"}],"about":[{"href":"https:\/\/www.visionxeurope.com\/se\/wp-json\/wp\/v2\/types\/product"}],"replies":[{"embeddable":true,"href":"https:\/\/www.visionxeurope.com\/se\/wp-json\/wp\/v2\/comments?post=13427"}],"wp:featuredmedia":[{"embeddable":true,"href":"https:\/\/www.visionxeurope.com\/se\/wp-json\/wp\/v2\/media\/14947"}],"wp:attachment":[{"href":"https:\/\/www.visionxeurope.com\/se\/wp-json\/wp\/v2\/media?parent=13427"}],"wp:term":[{"taxonomy":"product_brand","embeddable":true,"href":"https:\/\/www.visionxeurope.com\/se\/wp-json\/wp\/v2\/product_brand?post=13427"},{"taxonomy":"product_cat","embeddable":true,"href":"https:\/\/www.visionxeurope.com\/se\/wp-json\/wp\/v2\/product_cat?post=13427"},{"taxonomy":"product_tag","embeddable":true,"href":"https:\/\/www.visionxeurope.com\/se\/wp-json\/wp\/v2\/product_tag?post=13427"}],"curies":[{"name":"wp","href":"https:\/\/api.w.org\/{rel}","templated":true}]}}