{"id":13426,"date":"2014-04-23T09:56:27","date_gmt":"2014-04-23T07:56:27","guid":{"rendered":"https:\/\/www.visionxeurope.com\/se\/produkt\/vision-x-led-pannlampa\/"},"modified":"2025-12-08T23:24:47","modified_gmt":"2025-12-08T22:24:47","slug":"vision-x-led-pannlampa","status":"publish","type":"product","link":"https:\/\/www.visionxeurope.com\/se\/webbutik\/vision-x-led-pannlampa\/","title":{"rendered":"VISION X LED PANNLAMPA"},"content":{"rendered":"<p><\/p>\n<p>Vision X har m\u00e5nga unika produkter som ingen annan har men har \u00e4ven &#8221;vanligare&#8221; produkter som t. ex. pannlampor. Vision X pannlampa sl\u00e5r dock de flesta andra pannlampor p\u00e5 marknaden i prestanda, vilket \u00e4r ett s\u00e4ker k\u00e4nnetecken fr\u00e5n Vision X.<\/p>\n<p><\/p>\n<p><\/p>\n<p>Pannlampan levereras komplett i en f\u00f6rpackning med pannband, 3 st. AAA batterier samt f\u00e4ste f\u00f6r montage av lampan p\u00e5 t. ex. cykelstyret. En kraftig 3 watt LED ger 100 Lumen i normall\u00e4ge och kan via en knapptryckning st\u00e4llas i normal, medium, low l\u00e4ge f\u00f6r l\u00e4ngre batteritid eller i flashl\u00e4ge d\u00e5 den blinkar samt \u00e4ven i boost l\u00e4ge d\u00e5 man f\u00e5r ut extra mycket ljus ur lampan under en kortare tid.<\/p>\n<p><\/p>\n<p><\/p>\n<p>Ljusbilden kan enkelt \u00e4ndras mellan spot och flood ljus beroende p\u00e5 om man \u00f6nskar l\u00e4ngd eller bredd p\u00e5 ljuset. En indikator talar om batterilivsl\u00e4ngden.<\/p>\n<p><\/p>\n<p><\/p>\n<p><strong>Data:<br \/><\/strong>LED: 3 Watt<br \/>Lumen: 100 (normall\u00e4ge)<br \/>Lins: st\u00e4llbar mellan spot \/ flood<br \/>Batteri: 3 st AAA (ing\u00e5r)<br \/>F\u00e4ste: justerbart pannband, f\u00e4ste f\u00f6r cykelstyre<br \/>Livl\u00e4ngd LED: 50.000 timmar<br \/>Livsl\u00e4ngd batteri: 105 timmar normall\u00e4ge, 180 timmar &#8221;low&#8221; l\u00e4ge<\/p>\n<p><\/p>","protected":false},"excerpt":{"rendered":"<p>Vision X har m\u00e5nga unika produkter som ingen annan har men har \u00e4ven &#8220;vanligare&#8221; produkter som t. ex. pannlampor. Vision X pannlampa sl\u00e5r dock de flesta andra pannlampor p\u00e5 marknaden i prestanda, vilket \u00e4r ett s\u00e4ker k\u00e4nnetecken fr\u00e5n Vision X.<\/p>\n<p>Pannlampan levereras komplett i en f\u00f6rpackning med pannband, 3 st. AAA batterier samt f\u00e4ste f\u00f6r montage av lampan p\u00e5 t. ex. cykelstyret. En kraftig 3 watt LED ger 100 Lumen i normall\u00e4ge och kan via en knapptryckning st\u00e4llas i normal, medium, low l\u00e4ge f\u00f6r l\u00e4ngre batteritid eller i flashl\u00e4ge d\u00e5 den blinkar samt \u00e4ven i boost l\u00e4ge d\u00e5 man f\u00e5r ut extra mycket ljus ur lampan under en kortare tid.<\/p>\n<p>Ljusbilden kan enkelt \u00e4ndras mellan spot och flood ljus beroende p\u00e5 om man \u00f6nskar l\u00e4ngd eller bredd p\u00e5 ljuset. En indikator talar om batterilivsl\u00e4ngden.<\/p>\n<p><strong>Data:<br \/><\/strong>LED: 3 Watt<br \/>Lumen: 100 (normall\u00e4ge)<br \/>Lins: st\u00e4llbar mellan spot \/ flood<br \/>Batteri: 3 st AAA (ing\u00e5r)<br \/>F\u00e4ste: justerbart pannband, f\u00e4ste f\u00f6r cykelstyre<br \/>Livl\u00e4ngd LED: 50.000 timmar<br \/>Livsl\u00e4ngd batteri: 105 timmar normall\u00e4ge, 180 timmar &#8220;low&#8221; l\u00e4ge<\/p>\n","protected":false},"featured_media":14946,"comment_status":"open","ping_status":"open","template":"","meta":{"editor_notices":[]},"product_brand":[],"product_cat":[318],"product_tag":[],"class_list":{"0":"post-13426","1":"product","2":"type-product","3":"status-publish","4":"has-post-thumbnail","6":"product_cat-pannlampor","7":"resize-featured-image","8":"","9":"woocommerce-text-align-left","10":"woocommerce-image-align-center","12":"first","13":"outofstock","14":"taxable","15":"shipping-taxable","16":"product-type-simple"},"yoast_head":"<!-- This site is optimized with the Yoast SEO Premium plugin v25.0 (Yoast SEO v25.0) - https:\/\/yoast.com\/wordpress\/plugins\/seo\/ -->\n<title>VISION X LED PANNLAMPA - Vision X Europe<\/title>\n<meta name=\"robots\" content=\"index, follow, max-snippet:-1, max-image-preview:large, max-video-preview:-1\" \/>\n<link rel=\"canonical\" href=\"https:\/\/www.visionxeurope.com\/se\/webbutik\/vision-x-led-pannlampa\/\" \/>\n<meta property=\"og:locale\" content=\"sv_SE\" \/>\n<meta property=\"og:type\" content=\"article\" \/>\n<meta property=\"og:title\" content=\"VISION X LED PANNLAMPA\" \/>\n<meta property=\"og:description\" content=\"Vision X har m\u00e5nga unika produkter som ingen annan har men har \u00e4ven &#8220;vanligare&#8221; produkter som t. ex. pannlampor. Vision X pannlampa sl\u00e5r dock de flesta andra pannlampor p\u00e5 marknaden i prestanda, vilket \u00e4r ett s\u00e4ker k\u00e4nnetecken fr\u00e5n Vision X. Pannlampan levereras komplett i en f\u00f6rpackning med pannband, 3 st. AAA batterier samt f\u00e4ste f\u00f6r montage av lampan p\u00e5 t. ex. cykelstyret. En kraftig 3 watt LED ger 100 Lumen i normall\u00e4ge och kan via en knapptryckning st\u00e4llas i normal, medium, low l\u00e4ge f\u00f6r l\u00e4ngre batteritid eller i flashl\u00e4ge d\u00e5 den blinkar samt \u00e4ven i boost l\u00e4ge d\u00e5 man f\u00e5r ut extra mycket ljus ur lampan under en kortare tid. Ljusbilden kan enkelt \u00e4ndras mellan spot och flood ljus beroende p\u00e5 om man \u00f6nskar l\u00e4ngd eller bredd p\u00e5 ljuset. En indikator talar om batterilivsl\u00e4ngden. Data:LED: 3 WattLumen: 100 (normall\u00e4ge)Lins: st\u00e4llbar mellan spot \/ floodBatteri: 3 st AAA (ing\u00e5r)F\u00e4ste: justerbart pannband, f\u00e4ste f\u00f6r cykelstyreLivl\u00e4ngd LED: 50.000 timmarLivsl\u00e4ngd batteri: 105 timmar normall\u00e4ge, 180 timmar &#8220;low&#8221; l\u00e4ge\" \/>\n<meta property=\"og:url\" content=\"https:\/\/www.visionxeurope.com\/se\/webbutik\/vision-x-led-pannlampa\/\" \/>\n<meta property=\"og:site_name\" content=\"Vision X Europe\" \/>\n<meta property=\"article:publisher\" content=\"https:\/\/www.facebook.com\/visionxeurope\" \/>\n<meta property=\"article:modified_time\" content=\"2025-12-08T22:24:47+00:00\" \/>\n<meta property=\"og:image\" content=\"https:\/\/www.rindab.se\/wp-content\/uploads\/sites\/7\/2022\/04\/XIL-HL.jpg\" \/>\n\t<meta property=\"og:image:width\" content=\"450\" \/>\n\t<meta property=\"og:image:height\" content=\"450\" \/>\n\t<meta property=\"og:image:type\" content=\"image\/jpeg\" \/>\n<meta name=\"twitter:card\" content=\"summary_large_image\" \/>\n<meta name=\"twitter:label1\" content=\"Pris\" \/>\n\t<meta name=\"twitter:data1\" content=\"396,00&nbsp;&#107;&#114; exkl. moms\" \/>\n\t<meta name=\"twitter:label2\" content=\"Tillg\u00e4nglig\" \/>\n\t<meta name=\"twitter:data2\" content=\"Slut i lager\" \/>\n<script type=\"application\/ld+json\" class=\"yoast-schema-graph\">{\"@context\":\"https:\/\/schema.org\",\"@graph\":[{\"@type\":\"WebPage\",\"@id\":\"https:\/\/www.visionxeurope.com\/se\/webbutik\/vision-x-led-pannlampa\/\",\"url\":\"https:\/\/www.visionxeurope.com\/se\/webbutik\/vision-x-led-pannlampa\/\",\"name\":\"VISION X LED PANNLAMPA - Vision X Europe\",\"isPartOf\":{\"@id\":\"https:\/\/www.visionxeurope.com\/se\/#website\"},\"primaryImageOfPage\":{\"@id\":\"https:\/\/www.visionxeurope.com\/se\/webbutik\/vision-x-led-pannlampa\/#primaryimage\"},\"image\":{\"@id\":\"https:\/\/www.visionxeurope.com\/se\/webbutik\/vision-x-led-pannlampa\/#primaryimage\"},\"thumbnailUrl\":\"https:\/\/www.visionxeurope.com\/se\/wp-content\/uploads\/sites\/7\/2022\/04\/XIL-HL.jpg\",\"datePublished\":\"2014-04-23T07:56:27+00:00\",\"dateModified\":\"2025-12-08T22:24:47+00:00\",\"breadcrumb\":{\"@id\":\"https:\/\/www.visionxeurope.com\/se\/webbutik\/vision-x-led-pannlampa\/#breadcrumb\"},\"inLanguage\":\"sv-SE\",\"potentialAction\":[{\"@type\":\"ReadAction\",\"target\":[\"https:\/\/www.visionxeurope.com\/se\/webbutik\/vision-x-led-pannlampa\/\"]}]},{\"@type\":\"ImageObject\",\"inLanguage\":\"sv-SE\",\"@id\":\"https:\/\/www.visionxeurope.com\/se\/webbutik\/vision-x-led-pannlampa\/#primaryimage\",\"url\":\"https:\/\/www.visionxeurope.com\/se\/wp-content\/uploads\/sites\/7\/2022\/04\/XIL-HL.jpg\",\"contentUrl\":\"https:\/\/www.visionxeurope.com\/se\/wp-content\/uploads\/sites\/7\/2022\/04\/XIL-HL.jpg\",\"width\":450,\"height\":450},{\"@type\":\"BreadcrumbList\",\"@id\":\"https:\/\/www.visionxeurope.com\/se\/webbutik\/vision-x-led-pannlampa\/#breadcrumb\",\"itemListElement\":[{\"@type\":\"ListItem\",\"position\":1,\"name\":\"Hem\",\"item\":\"https:\/\/www.visionxeurope.com\/se\/\"},{\"@type\":\"ListItem\",\"position\":2,\"name\":\"Webbutik\",\"item\":\"https:\/\/www.visionxeurope.com\/se\/webbutik\/\"},{\"@type\":\"ListItem\",\"position\":3,\"name\":\"VISION X LED PANNLAMPA\"}]},{\"@type\":\"WebSite\",\"@id\":\"https:\/\/www.visionxeurope.com\/se\/#website\",\"url\":\"https:\/\/www.visionxeurope.com\/se\/\",\"name\":\"Vision X Europe\",\"description\":\"\",\"publisher\":{\"@id\":\"https:\/\/www.visionxeurope.com\/se\/#organization\"},\"potentialAction\":[{\"@type\":\"SearchAction\",\"target\":{\"@type\":\"EntryPoint\",\"urlTemplate\":\"https:\/\/www.visionxeurope.com\/se\/?s={search_term_string}\"},\"query-input\":{\"@type\":\"PropertyValueSpecification\",\"valueRequired\":true,\"valueName\":\"search_term_string\"}}],\"inLanguage\":\"sv-SE\"},{\"@type\":\"Organization\",\"@id\":\"https:\/\/www.visionxeurope.com\/se\/#organization\",\"name\":\"Vision X Europe\",\"url\":\"https:\/\/www.visionxeurope.com\/se\/\",\"logo\":{\"@type\":\"ImageObject\",\"inLanguage\":\"sv-SE\",\"@id\":\"https:\/\/www.visionxeurope.com\/se\/#\/schema\/logo\/image\/\",\"url\":\"https:\/\/www.visionxeurope.com\/se\/wp-content\/uploads\/sites\/7\/2021\/04\/visionxeurope.png\",\"contentUrl\":\"https:\/\/www.visionxeurope.com\/se\/wp-content\/uploads\/sites\/7\/2021\/04\/visionxeurope.png\",\"width\":300,\"height\":110,\"caption\":\"Vision X Europe\"},\"image\":{\"@id\":\"https:\/\/www.visionxeurope.com\/se\/#\/schema\/logo\/image\/\"},\"sameAs\":[\"https:\/\/www.facebook.com\/visionxeurope\",\"https:\/\/www.instagram.com\/visionxeurope\/\"]}]}<\/script>\n<meta property=\"product:price:amount\" content=\"396.00\" \/>\n<meta property=\"product:price:currency\" content=\"SEK\" \/>\n<meta property=\"og:availability\" content=\"out of stock\" \/>\n<meta property=\"product:availability\" content=\"out of stock\" \/>\n<meta property=\"product:retailer_item_id\" content=\"XIL-HL\" \/>\n<meta property=\"product:condition\" content=\"new\" \/>\n<!-- \/ Yoast SEO Premium plugin. -->","yoast_head_json":{"title":"VISION X LED PANNLAMPA - Vision X Europe","robots":{"index":"index","follow":"follow","max-snippet":"max-snippet:-1","max-image-preview":"max-image-preview:large","max-video-preview":"max-video-preview:-1"},"canonical":"https:\/\/www.visionxeurope.com\/se\/webbutik\/vision-x-led-pannlampa\/","og_locale":"sv_SE","og_type":"article","og_title":"VISION X LED PANNLAMPA","og_description":"Vision X har m\u00e5nga unika produkter som ingen annan har men har \u00e4ven &#8220;vanligare&#8221; produkter som t. ex. pannlampor. Vision X pannlampa sl\u00e5r dock de flesta andra pannlampor p\u00e5 marknaden i prestanda, vilket \u00e4r ett s\u00e4ker k\u00e4nnetecken fr\u00e5n Vision X. Pannlampan levereras komplett i en f\u00f6rpackning med pannband, 3 st. AAA batterier samt f\u00e4ste f\u00f6r montage av lampan p\u00e5 t. ex. cykelstyret. En kraftig 3 watt LED ger 100 Lumen i normall\u00e4ge och kan via en knapptryckning st\u00e4llas i normal, medium, low l\u00e4ge f\u00f6r l\u00e4ngre batteritid eller i flashl\u00e4ge d\u00e5 den blinkar samt \u00e4ven i boost l\u00e4ge d\u00e5 man f\u00e5r ut extra mycket ljus ur lampan under en kortare tid. Ljusbilden kan enkelt \u00e4ndras mellan spot och flood ljus beroende p\u00e5 om man \u00f6nskar l\u00e4ngd eller bredd p\u00e5 ljuset. En indikator talar om batterilivsl\u00e4ngden. Data:LED: 3 WattLumen: 100 (normall\u00e4ge)Lins: st\u00e4llbar mellan spot \/ floodBatteri: 3 st AAA (ing\u00e5r)F\u00e4ste: justerbart pannband, f\u00e4ste f\u00f6r cykelstyreLivl\u00e4ngd LED: 50.000 timmarLivsl\u00e4ngd batteri: 105 timmar normall\u00e4ge, 180 timmar &#8220;low&#8221; l\u00e4ge","og_url":"https:\/\/www.visionxeurope.com\/se\/webbutik\/vision-x-led-pannlampa\/","og_site_name":"Vision X Europe","article_publisher":"https:\/\/www.facebook.com\/visionxeurope","article_modified_time":"2025-12-08T22:24:47+00:00","og_image":[{"width":450,"height":450,"url":"https:\/\/www.rindab.se\/wp-content\/uploads\/sites\/7\/2022\/04\/XIL-HL.jpg","type":"image\/jpeg"}],"twitter_card":"summary_large_image","twitter_misc":{"Pris":"396,00&nbsp;&#107;&#114; exkl. moms","Tillg\u00e4nglig":"Slut i lager"},"schema":{"@context":"https:\/\/schema.org","@graph":[{"@type":"WebPage","@id":"https:\/\/www.visionxeurope.com\/se\/webbutik\/vision-x-led-pannlampa\/","url":"https:\/\/www.visionxeurope.com\/se\/webbutik\/vision-x-led-pannlampa\/","name":"VISION X LED PANNLAMPA - Vision X Europe","isPartOf":{"@id":"https:\/\/www.visionxeurope.com\/se\/#website"},"primaryImageOfPage":{"@id":"https:\/\/www.visionxeurope.com\/se\/webbutik\/vision-x-led-pannlampa\/#primaryimage"},"image":{"@id":"https:\/\/www.visionxeurope.com\/se\/webbutik\/vision-x-led-pannlampa\/#primaryimage"},"thumbnailUrl":"https:\/\/www.visionxeurope.com\/se\/wp-content\/uploads\/sites\/7\/2022\/04\/XIL-HL.jpg","datePublished":"2014-04-23T07:56:27+00:00","dateModified":"2025-12-08T22:24:47+00:00","breadcrumb":{"@id":"https:\/\/www.visionxeurope.com\/se\/webbutik\/vision-x-led-pannlampa\/#breadcrumb"},"inLanguage":"sv-SE","potentialAction":[{"@type":"ReadAction","target":["https:\/\/www.visionxeurope.com\/se\/webbutik\/vision-x-led-pannlampa\/"]}]},{"@type":"ImageObject","inLanguage":"sv-SE","@id":"https:\/\/www.visionxeurope.com\/se\/webbutik\/vision-x-led-pannlampa\/#primaryimage","url":"https:\/\/www.visionxeurope.com\/se\/wp-content\/uploads\/sites\/7\/2022\/04\/XIL-HL.jpg","contentUrl":"https:\/\/www.visionxeurope.com\/se\/wp-content\/uploads\/sites\/7\/2022\/04\/XIL-HL.jpg","width":450,"height":450},{"@type":"BreadcrumbList","@id":"https:\/\/www.visionxeurope.com\/se\/webbutik\/vision-x-led-pannlampa\/#breadcrumb","itemListElement":[{"@type":"ListItem","position":1,"name":"Hem","item":"https:\/\/www.visionxeurope.com\/se\/"},{"@type":"ListItem","position":2,"name":"Webbutik","item":"https:\/\/www.visionxeurope.com\/se\/webbutik\/"},{"@type":"ListItem","position":3,"name":"VISION X LED PANNLAMPA"}]},{"@type":"WebSite","@id":"https:\/\/www.visionxeurope.com\/se\/#website","url":"https:\/\/www.visionxeurope.com\/se\/","name":"Vision X Europe","description":"","publisher":{"@id":"https:\/\/www.visionxeurope.com\/se\/#organization"},"potentialAction":[{"@type":"SearchAction","target":{"@type":"EntryPoint","urlTemplate":"https:\/\/www.visionxeurope.com\/se\/?s={search_term_string}"},"query-input":{"@type":"PropertyValueSpecification","valueRequired":true,"valueName":"search_term_string"}}],"inLanguage":"sv-SE"},{"@type":"Organization","@id":"https:\/\/www.visionxeurope.com\/se\/#organization","name":"Vision X Europe","url":"https:\/\/www.visionxeurope.com\/se\/","logo":{"@type":"ImageObject","inLanguage":"sv-SE","@id":"https:\/\/www.visionxeurope.com\/se\/#\/schema\/logo\/image\/","url":"https:\/\/www.visionxeurope.com\/se\/wp-content\/uploads\/sites\/7\/2021\/04\/visionxeurope.png","contentUrl":"https:\/\/www.visionxeurope.com\/se\/wp-content\/uploads\/sites\/7\/2021\/04\/visionxeurope.png","width":300,"height":110,"caption":"Vision X Europe"},"image":{"@id":"https:\/\/www.visionxeurope.com\/se\/#\/schema\/logo\/image\/"},"sameAs":["https:\/\/www.facebook.com\/visionxeurope","https:\/\/www.instagram.com\/visionxeurope\/"]}]},"product_price_amount":"396.00","product_price_currency":"SEK","og_availability":"out of stock","product_availability":"out of stock","product_retailer_item_id":"XIL-HL","product_condition":"new"},"_links":{"self":[{"href":"https:\/\/www.visionxeurope.com\/se\/wp-json\/wp\/v2\/product\/13426","targetHints":{"allow":["GET"]}}],"collection":[{"href":"https:\/\/www.visionxeurope.com\/se\/wp-json\/wp\/v2\/product"}],"about":[{"href":"https:\/\/www.visionxeurope.com\/se\/wp-json\/wp\/v2\/types\/product"}],"replies":[{"embeddable":true,"href":"https:\/\/www.visionxeurope.com\/se\/wp-json\/wp\/v2\/comments?post=13426"}],"wp:featuredmedia":[{"embeddable":true,"href":"https:\/\/www.visionxeurope.com\/se\/wp-json\/wp\/v2\/media\/14946"}],"wp:attachment":[{"href":"https:\/\/www.visionxeurope.com\/se\/wp-json\/wp\/v2\/media?parent=13426"}],"wp:term":[{"taxonomy":"product_brand","embeddable":true,"href":"https:\/\/www.visionxeurope.com\/se\/wp-json\/wp\/v2\/product_brand?post=13426"},{"taxonomy":"product_cat","embeddable":true,"href":"https:\/\/www.visionxeurope.com\/se\/wp-json\/wp\/v2\/product_cat?post=13426"},{"taxonomy":"product_tag","embeddable":true,"href":"https:\/\/www.visionxeurope.com\/se\/wp-json\/wp\/v2\/product_tag?post=13426"}],"curies":[{"name":"wp","href":"https:\/\/api.w.org\/{rel}","templated":true}]}}