{"id":13407,"date":"2014-04-23T09:56:27","date_gmt":"2014-04-23T07:56:27","guid":{"rendered":"https:\/\/www.visionxeurope.com\/se\/produkt\/vision-x-evo-prime-double-8-80w-40\/"},"modified":"2026-01-08T20:35:51","modified_gmt":"2026-01-08T19:35:51","slug":"vision-x-evo-prime-double-8-80w-40","status":"publish","type":"product","link":"https:\/\/www.visionxeurope.com\/se\/webbutik\/vision-x-evo-prime-double-8-80w-40\/","title":{"rendered":"VISION X EVO PRIME DOUBLE 8&#8243; 80W 40\u00b0"},"content":{"rendered":"<p><\/p>\n<p>Vision X, ett f\u00f6retag som ligger i absolut framkant vad g\u00e4ller LED belysning har nu sl\u00e4ppt lampor med den helt nya och unika Prime Drive tekniken. Det ger m\u00f6jligheter att f\u00e5 ut mer ljusfl\u00f6de ur dioderna \u00e4n vad som tidigare var m\u00f6jligt. Vision X Evo Prime \u00e4r beviset p\u00e5 att denna nya teknik sl\u00e5r ut allt annat vad g\u00e4ller b\u00e5de ljusfl\u00f6de och r\u00e4ckvidd p\u00e5 en LED lampa.&nbsp;<\/p>\n<p><\/p>\n<p><\/p>\n<p><strong>Data:\u00a0<\/strong><br \/>Evo Prime Double 8\u2033 8x10W 40\u00b0\u00a0<br \/>Lamphus: 6061 aluminium.\u00a0<br \/>F\u00e4ste: 30 graders h\u00f6jdjustering \u00e4r inbyggt i f\u00e4stet.\u00a0<br \/>Enkel installation med endast + &amp; \u2013 kabel.\u00a0<br \/>Kablage: Plug &amp; play kablage (Deutsch kontakter)\u00a0<br \/>Sp\u00e4nning: 9-48 volt.\u00a0<br \/>Litet inbyggnadsm\u00e5tt.\u00a0<br \/>T\u00e5l h\u00e5rda p\u00e5frestningar fr\u00e5n v\u00e4der och vind.\u00a0<br \/>Str\u00f6mf\u00f6rbrukning: 6.67 Amp vid 12 v.\u00a0<br \/>IP klass: IP68\u00a0<br \/>Vibrations klass: 15.6G\u00a0<br \/>L\u00e4ngd: 203 mm.\u00a0<br \/>H\u00f6jd: 126 mm. (exkl. monteringsf\u00e4ste)\u00a0<br \/>Djup: 88 mm.\u00a0<br \/>Antal LED: 8 stycken 10 watt LED\u00a0<br \/>R\u00e5a lumen: 6 880\u00a0<br \/>Effektiva lumen: 4 816<br \/>Livsl\u00e4ngd dioder: 50 000 timmar\u00a0<br \/>Drivning dioder: 90 % av full effekt\u00a0<br \/>Lins: Okrossbar polykarbonat\u00a0<br \/>Optisk renhet: 90 %\u00a0<br \/>Ljusbild: 40\u00b0 (Flood)<\/p>\n<p><\/p>","protected":false},"excerpt":{"rendered":"<p>Vision X, ett f\u00f6retag som ligger i absolut framkant vad g\u00e4ller LED belysning har nu sl\u00e4ppt lampor med den helt nya och unika Prime Drive tekniken. Det ger m\u00f6jligheter att f\u00e5 ut mer ljusfl\u00f6de ur dioderna \u00e4n vad som tidigare var m\u00f6jligt. Vision X Evo Prime \u00e4r beviset p\u00e5 att denna nya teknik sl\u00e5r ut allt annat vad g\u00e4ller b\u00e5de ljusfl\u00f6de och r\u00e4ckvidd p\u00e5 en LED lampa.&nbsp;<\/p>\n<p><strong>Data:\u00a0<\/strong><br \/>Evo Prime Double 8\u2033 8x10W 40\u00b0\u00a0<br \/>Lamphus: 6061 aluminium.\u00a0<br \/>F\u00e4ste: 30 graders h\u00f6jdjustering \u00e4r inbyggt i f\u00e4stet.\u00a0<br \/>Enkel installation med endast + &amp; \u2013 kabel.\u00a0<br \/>Kablage: Plug &amp; play kablage (Deutsch kontakter)\u00a0<br \/>Sp\u00e4nning: 9-48 volt.\u00a0<br \/>Litet inbyggnadsm\u00e5tt.\u00a0<br \/>T\u00e5l h\u00e5rda p\u00e5frestningar fr\u00e5n v\u00e4der och vind.\u00a0<br \/>Str\u00f6mf\u00f6rbrukning: 6.67 Amp vid 12 v.\u00a0<br \/>IP klass: IP68\u00a0<br \/>Vibrations klass: 15.6G\u00a0<br \/>L\u00e4ngd: 203 mm.\u00a0<br \/>H\u00f6jd: 126 mm. (exkl. monteringsf\u00e4ste)\u00a0<br \/>Djup: 88 mm.\u00a0<br \/>Antal LED: 8 stycken 10 watt LED\u00a0<br \/>R\u00e5a lumen: 6 880\u00a0<br \/>Effektiva lumen: 4 816<br \/>Livsl\u00e4ngd dioder: 50 000 timmar\u00a0<br \/>Drivning dioder: 90 % av full effekt\u00a0<br \/>Lins: Okrossbar polykarbonat\u00a0<br \/>Optisk renhet: 90 %\u00a0<br \/>Ljusbild: 40\u00b0 (Flood)<\/p>\n","protected":false},"featured_media":13408,"comment_status":"open","ping_status":"open","template":"","meta":{"editor_notices":[]},"product_brand":[],"product_cat":[66],"product_tag":[],"class_list":{"0":"post-13407","1":"product","2":"type-product","3":"status-publish","4":"has-post-thumbnail","6":"product_cat-evo-prime","7":"resize-featured-image","8":"","9":"woocommerce-text-align-left","10":"woocommerce-image-align-center","12":"first","13":"outofstock","14":"taxable","15":"shipping-taxable","16":"product-type-simple"},"yoast_head":"<!-- This site is optimized with the Yoast SEO Premium plugin v25.0 (Yoast SEO v25.0) - https:\/\/yoast.com\/wordpress\/plugins\/seo\/ -->\n<title>VISION X EVO PRIME DOUBLE 8&quot; 80W 40\u00b0 - Vision X Europe<\/title>\n<meta name=\"robots\" content=\"index, follow, max-snippet:-1, max-image-preview:large, max-video-preview:-1\" \/>\n<link rel=\"canonical\" href=\"https:\/\/www.visionxeurope.com\/se\/webbutik\/vision-x-evo-prime-double-8-80w-40\/\" \/>\n<meta property=\"og:locale\" content=\"sv_SE\" \/>\n<meta property=\"og:type\" content=\"article\" \/>\n<meta property=\"og:title\" content=\"VISION X EVO PRIME DOUBLE 8&quot; 80W 40\u00b0\" \/>\n<meta property=\"og:description\" content=\"Vision X, ett f\u00f6retag som ligger i absolut framkant vad g\u00e4ller LED belysning har nu sl\u00e4ppt lampor med den helt nya och unika Prime Drive tekniken. Det ger m\u00f6jligheter att f\u00e5 ut mer ljusfl\u00f6de ur dioderna \u00e4n vad som tidigare var m\u00f6jligt. Vision X Evo Prime \u00e4r beviset p\u00e5 att denna nya teknik sl\u00e5r ut allt annat vad g\u00e4ller b\u00e5de ljusfl\u00f6de och r\u00e4ckvidd p\u00e5 en LED lampa.&nbsp; Data:\u00a0Evo Prime Double 8\u2033 8x10W 40\u00b0\u00a0Lamphus: 6061 aluminium.\u00a0F\u00e4ste: 30 graders h\u00f6jdjustering \u00e4r inbyggt i f\u00e4stet.\u00a0Enkel installation med endast + &amp; \u2013 kabel.\u00a0Kablage: Plug &amp; play kablage (Deutsch kontakter)\u00a0Sp\u00e4nning: 9-48 volt.\u00a0Litet inbyggnadsm\u00e5tt.\u00a0T\u00e5l h\u00e5rda p\u00e5frestningar fr\u00e5n v\u00e4der och vind.\u00a0Str\u00f6mf\u00f6rbrukning: 6.67 Amp vid 12 v.\u00a0IP klass: IP68\u00a0Vibrations klass: 15.6G\u00a0L\u00e4ngd: 203 mm.\u00a0H\u00f6jd: 126 mm. (exkl. monteringsf\u00e4ste)\u00a0Djup: 88 mm.\u00a0Antal LED: 8 stycken 10 watt LED\u00a0R\u00e5a lumen: 6 880\u00a0Effektiva lumen: 4 816Livsl\u00e4ngd dioder: 50 000 timmar\u00a0Drivning dioder: 90 % av full effekt\u00a0Lins: Okrossbar polykarbonat\u00a0Optisk renhet: 90 %\u00a0Ljusbild: 40\u00b0 (Flood)\" \/>\n<meta property=\"og:url\" content=\"https:\/\/www.visionxeurope.com\/se\/webbutik\/vision-x-evo-prime-double-8-80w-40\/\" \/>\n<meta property=\"og:site_name\" content=\"Vision X Europe\" \/>\n<meta property=\"article:publisher\" content=\"https:\/\/www.facebook.com\/visionxeurope\" \/>\n<meta property=\"article:modified_time\" content=\"2026-01-08T19:35:51+00:00\" \/>\n<meta property=\"og:image\" content=\"https:\/\/www.rindab.se\/wp-content\/uploads\/sites\/7\/2022\/04\/XIL-EP2.440.jpg\" \/>\n\t<meta property=\"og:image:width\" content=\"600\" \/>\n\t<meta property=\"og:image:height\" content=\"600\" \/>\n\t<meta property=\"og:image:type\" content=\"image\/jpeg\" \/>\n<meta name=\"twitter:card\" content=\"summary_large_image\" \/>\n<meta name=\"twitter:label1\" content=\"Pris\" \/>\n\t<meta name=\"twitter:data1\" content=\"5 276,00&nbsp;&#107;&#114; exkl. moms\" \/>\n\t<meta name=\"twitter:label2\" content=\"Tillg\u00e4nglig\" \/>\n\t<meta name=\"twitter:data2\" content=\"Slut i lager\" \/>\n<script type=\"application\/ld+json\" class=\"yoast-schema-graph\">{\"@context\":\"https:\/\/schema.org\",\"@graph\":[{\"@type\":\"WebPage\",\"@id\":\"https:\/\/www.visionxeurope.com\/se\/webbutik\/vision-x-evo-prime-double-8-80w-40\/\",\"url\":\"https:\/\/www.visionxeurope.com\/se\/webbutik\/vision-x-evo-prime-double-8-80w-40\/\",\"name\":\"VISION X EVO PRIME DOUBLE 8\\\" 80W 40\u00b0 - Vision X Europe\",\"isPartOf\":{\"@id\":\"https:\/\/www.visionxeurope.com\/se\/#website\"},\"primaryImageOfPage\":{\"@id\":\"https:\/\/www.visionxeurope.com\/se\/webbutik\/vision-x-evo-prime-double-8-80w-40\/#primaryimage\"},\"image\":{\"@id\":\"https:\/\/www.visionxeurope.com\/se\/webbutik\/vision-x-evo-prime-double-8-80w-40\/#primaryimage\"},\"thumbnailUrl\":\"https:\/\/www.visionxeurope.com\/se\/wp-content\/uploads\/sites\/7\/2022\/04\/XIL-EP2.440.jpg\",\"datePublished\":\"2014-04-23T07:56:27+00:00\",\"dateModified\":\"2026-01-08T19:35:51+00:00\",\"breadcrumb\":{\"@id\":\"https:\/\/www.visionxeurope.com\/se\/webbutik\/vision-x-evo-prime-double-8-80w-40\/#breadcrumb\"},\"inLanguage\":\"sv-SE\",\"potentialAction\":[{\"@type\":\"ReadAction\",\"target\":[\"https:\/\/www.visionxeurope.com\/se\/webbutik\/vision-x-evo-prime-double-8-80w-40\/\"]}]},{\"@type\":\"ImageObject\",\"inLanguage\":\"sv-SE\",\"@id\":\"https:\/\/www.visionxeurope.com\/se\/webbutik\/vision-x-evo-prime-double-8-80w-40\/#primaryimage\",\"url\":\"https:\/\/www.visionxeurope.com\/se\/wp-content\/uploads\/sites\/7\/2022\/04\/XIL-EP2.440.jpg\",\"contentUrl\":\"https:\/\/www.visionxeurope.com\/se\/wp-content\/uploads\/sites\/7\/2022\/04\/XIL-EP2.440.jpg\",\"width\":600,\"height\":600},{\"@type\":\"BreadcrumbList\",\"@id\":\"https:\/\/www.visionxeurope.com\/se\/webbutik\/vision-x-evo-prime-double-8-80w-40\/#breadcrumb\",\"itemListElement\":[{\"@type\":\"ListItem\",\"position\":1,\"name\":\"Hem\",\"item\":\"https:\/\/www.visionxeurope.com\/se\/\"},{\"@type\":\"ListItem\",\"position\":2,\"name\":\"Webbutik\",\"item\":\"https:\/\/www.visionxeurope.com\/se\/webbutik\/\"},{\"@type\":\"ListItem\",\"position\":3,\"name\":\"VISION X EVO PRIME DOUBLE 8&#8243; 80W 40\u00b0\"}]},{\"@type\":\"WebSite\",\"@id\":\"https:\/\/www.visionxeurope.com\/se\/#website\",\"url\":\"https:\/\/www.visionxeurope.com\/se\/\",\"name\":\"Vision X Europe\",\"description\":\"\",\"publisher\":{\"@id\":\"https:\/\/www.visionxeurope.com\/se\/#organization\"},\"potentialAction\":[{\"@type\":\"SearchAction\",\"target\":{\"@type\":\"EntryPoint\",\"urlTemplate\":\"https:\/\/www.visionxeurope.com\/se\/?s={search_term_string}\"},\"query-input\":{\"@type\":\"PropertyValueSpecification\",\"valueRequired\":true,\"valueName\":\"search_term_string\"}}],\"inLanguage\":\"sv-SE\"},{\"@type\":\"Organization\",\"@id\":\"https:\/\/www.visionxeurope.com\/se\/#organization\",\"name\":\"Vision X Europe\",\"url\":\"https:\/\/www.visionxeurope.com\/se\/\",\"logo\":{\"@type\":\"ImageObject\",\"inLanguage\":\"sv-SE\",\"@id\":\"https:\/\/www.visionxeurope.com\/se\/#\/schema\/logo\/image\/\",\"url\":\"https:\/\/www.visionxeurope.com\/se\/wp-content\/uploads\/sites\/7\/2021\/04\/visionxeurope.png\",\"contentUrl\":\"https:\/\/www.visionxeurope.com\/se\/wp-content\/uploads\/sites\/7\/2021\/04\/visionxeurope.png\",\"width\":300,\"height\":110,\"caption\":\"Vision X Europe\"},\"image\":{\"@id\":\"https:\/\/www.visionxeurope.com\/se\/#\/schema\/logo\/image\/\"},\"sameAs\":[\"https:\/\/www.facebook.com\/visionxeurope\",\"https:\/\/www.instagram.com\/visionxeurope\/\"]}]}<\/script>\n<meta property=\"product:price:amount\" content=\"5276.00\" \/>\n<meta property=\"product:price:currency\" content=\"SEK\" \/>\n<meta property=\"og:availability\" content=\"out of stock\" \/>\n<meta property=\"product:availability\" content=\"out of stock\" \/>\n<meta property=\"product:retailer_item_id\" content=\"XIL-EP2.440\" \/>\n<meta property=\"product:condition\" content=\"new\" \/>\n<!-- \/ Yoast SEO Premium plugin. -->","yoast_head_json":{"title":"VISION X EVO PRIME DOUBLE 8\" 80W 40\u00b0 - Vision X Europe","robots":{"index":"index","follow":"follow","max-snippet":"max-snippet:-1","max-image-preview":"max-image-preview:large","max-video-preview":"max-video-preview:-1"},"canonical":"https:\/\/www.visionxeurope.com\/se\/webbutik\/vision-x-evo-prime-double-8-80w-40\/","og_locale":"sv_SE","og_type":"article","og_title":"VISION X EVO PRIME DOUBLE 8\" 80W 40\u00b0","og_description":"Vision X, ett f\u00f6retag som ligger i absolut framkant vad g\u00e4ller LED belysning har nu sl\u00e4ppt lampor med den helt nya och unika Prime Drive tekniken. Det ger m\u00f6jligheter att f\u00e5 ut mer ljusfl\u00f6de ur dioderna \u00e4n vad som tidigare var m\u00f6jligt. Vision X Evo Prime \u00e4r beviset p\u00e5 att denna nya teknik sl\u00e5r ut allt annat vad g\u00e4ller b\u00e5de ljusfl\u00f6de och r\u00e4ckvidd p\u00e5 en LED lampa.&nbsp; Data:\u00a0Evo Prime Double 8\u2033 8x10W 40\u00b0\u00a0Lamphus: 6061 aluminium.\u00a0F\u00e4ste: 30 graders h\u00f6jdjustering \u00e4r inbyggt i f\u00e4stet.\u00a0Enkel installation med endast + &amp; \u2013 kabel.\u00a0Kablage: Plug &amp; play kablage (Deutsch kontakter)\u00a0Sp\u00e4nning: 9-48 volt.\u00a0Litet inbyggnadsm\u00e5tt.\u00a0T\u00e5l h\u00e5rda p\u00e5frestningar fr\u00e5n v\u00e4der och vind.\u00a0Str\u00f6mf\u00f6rbrukning: 6.67 Amp vid 12 v.\u00a0IP klass: IP68\u00a0Vibrations klass: 15.6G\u00a0L\u00e4ngd: 203 mm.\u00a0H\u00f6jd: 126 mm. (exkl. monteringsf\u00e4ste)\u00a0Djup: 88 mm.\u00a0Antal LED: 8 stycken 10 watt LED\u00a0R\u00e5a lumen: 6 880\u00a0Effektiva lumen: 4 816Livsl\u00e4ngd dioder: 50 000 timmar\u00a0Drivning dioder: 90 % av full effekt\u00a0Lins: Okrossbar polykarbonat\u00a0Optisk renhet: 90 %\u00a0Ljusbild: 40\u00b0 (Flood)","og_url":"https:\/\/www.visionxeurope.com\/se\/webbutik\/vision-x-evo-prime-double-8-80w-40\/","og_site_name":"Vision X Europe","article_publisher":"https:\/\/www.facebook.com\/visionxeurope","article_modified_time":"2026-01-08T19:35:51+00:00","og_image":[{"width":600,"height":600,"url":"https:\/\/www.rindab.se\/wp-content\/uploads\/sites\/7\/2022\/04\/XIL-EP2.440.jpg","type":"image\/jpeg"}],"twitter_card":"summary_large_image","twitter_misc":{"Pris":"5 276,00&nbsp;&#107;&#114; exkl. moms","Tillg\u00e4nglig":"Slut i lager"},"schema":{"@context":"https:\/\/schema.org","@graph":[{"@type":"WebPage","@id":"https:\/\/www.visionxeurope.com\/se\/webbutik\/vision-x-evo-prime-double-8-80w-40\/","url":"https:\/\/www.visionxeurope.com\/se\/webbutik\/vision-x-evo-prime-double-8-80w-40\/","name":"VISION X EVO PRIME DOUBLE 8\" 80W 40\u00b0 - Vision X Europe","isPartOf":{"@id":"https:\/\/www.visionxeurope.com\/se\/#website"},"primaryImageOfPage":{"@id":"https:\/\/www.visionxeurope.com\/se\/webbutik\/vision-x-evo-prime-double-8-80w-40\/#primaryimage"},"image":{"@id":"https:\/\/www.visionxeurope.com\/se\/webbutik\/vision-x-evo-prime-double-8-80w-40\/#primaryimage"},"thumbnailUrl":"https:\/\/www.visionxeurope.com\/se\/wp-content\/uploads\/sites\/7\/2022\/04\/XIL-EP2.440.jpg","datePublished":"2014-04-23T07:56:27+00:00","dateModified":"2026-01-08T19:35:51+00:00","breadcrumb":{"@id":"https:\/\/www.visionxeurope.com\/se\/webbutik\/vision-x-evo-prime-double-8-80w-40\/#breadcrumb"},"inLanguage":"sv-SE","potentialAction":[{"@type":"ReadAction","target":["https:\/\/www.visionxeurope.com\/se\/webbutik\/vision-x-evo-prime-double-8-80w-40\/"]}]},{"@type":"ImageObject","inLanguage":"sv-SE","@id":"https:\/\/www.visionxeurope.com\/se\/webbutik\/vision-x-evo-prime-double-8-80w-40\/#primaryimage","url":"https:\/\/www.visionxeurope.com\/se\/wp-content\/uploads\/sites\/7\/2022\/04\/XIL-EP2.440.jpg","contentUrl":"https:\/\/www.visionxeurope.com\/se\/wp-content\/uploads\/sites\/7\/2022\/04\/XIL-EP2.440.jpg","width":600,"height":600},{"@type":"BreadcrumbList","@id":"https:\/\/www.visionxeurope.com\/se\/webbutik\/vision-x-evo-prime-double-8-80w-40\/#breadcrumb","itemListElement":[{"@type":"ListItem","position":1,"name":"Hem","item":"https:\/\/www.visionxeurope.com\/se\/"},{"@type":"ListItem","position":2,"name":"Webbutik","item":"https:\/\/www.visionxeurope.com\/se\/webbutik\/"},{"@type":"ListItem","position":3,"name":"VISION X EVO PRIME DOUBLE 8&#8243; 80W 40\u00b0"}]},{"@type":"WebSite","@id":"https:\/\/www.visionxeurope.com\/se\/#website","url":"https:\/\/www.visionxeurope.com\/se\/","name":"Vision X Europe","description":"","publisher":{"@id":"https:\/\/www.visionxeurope.com\/se\/#organization"},"potentialAction":[{"@type":"SearchAction","target":{"@type":"EntryPoint","urlTemplate":"https:\/\/www.visionxeurope.com\/se\/?s={search_term_string}"},"query-input":{"@type":"PropertyValueSpecification","valueRequired":true,"valueName":"search_term_string"}}],"inLanguage":"sv-SE"},{"@type":"Organization","@id":"https:\/\/www.visionxeurope.com\/se\/#organization","name":"Vision X Europe","url":"https:\/\/www.visionxeurope.com\/se\/","logo":{"@type":"ImageObject","inLanguage":"sv-SE","@id":"https:\/\/www.visionxeurope.com\/se\/#\/schema\/logo\/image\/","url":"https:\/\/www.visionxeurope.com\/se\/wp-content\/uploads\/sites\/7\/2021\/04\/visionxeurope.png","contentUrl":"https:\/\/www.visionxeurope.com\/se\/wp-content\/uploads\/sites\/7\/2021\/04\/visionxeurope.png","width":300,"height":110,"caption":"Vision X Europe"},"image":{"@id":"https:\/\/www.visionxeurope.com\/se\/#\/schema\/logo\/image\/"},"sameAs":["https:\/\/www.facebook.com\/visionxeurope","https:\/\/www.instagram.com\/visionxeurope\/"]}]},"product_price_amount":"5276.00","product_price_currency":"SEK","og_availability":"out of stock","product_availability":"out of stock","product_retailer_item_id":"XIL-EP2.440","product_condition":"new"},"_links":{"self":[{"href":"https:\/\/www.visionxeurope.com\/se\/wp-json\/wp\/v2\/product\/13407","targetHints":{"allow":["GET"]}}],"collection":[{"href":"https:\/\/www.visionxeurope.com\/se\/wp-json\/wp\/v2\/product"}],"about":[{"href":"https:\/\/www.visionxeurope.com\/se\/wp-json\/wp\/v2\/types\/product"}],"replies":[{"embeddable":true,"href":"https:\/\/www.visionxeurope.com\/se\/wp-json\/wp\/v2\/comments?post=13407"}],"wp:featuredmedia":[{"embeddable":true,"href":"https:\/\/www.visionxeurope.com\/se\/wp-json\/wp\/v2\/media\/13408"}],"wp:attachment":[{"href":"https:\/\/www.visionxeurope.com\/se\/wp-json\/wp\/v2\/media?parent=13407"}],"wp:term":[{"taxonomy":"product_brand","embeddable":true,"href":"https:\/\/www.visionxeurope.com\/se\/wp-json\/wp\/v2\/product_brand?post=13407"},{"taxonomy":"product_cat","embeddable":true,"href":"https:\/\/www.visionxeurope.com\/se\/wp-json\/wp\/v2\/product_cat?post=13407"},{"taxonomy":"product_tag","embeddable":true,"href":"https:\/\/www.visionxeurope.com\/se\/wp-json\/wp\/v2\/product_tag?post=13407"}],"curies":[{"name":"wp","href":"https:\/\/api.w.org\/{rel}","templated":true}]}}