{"id":13386,"date":"2020-02-28T08:56:57","date_gmt":"2020-02-28T07:56:57","guid":{"rendered":"https:\/\/www.visionxeurope.com\/se\/produkt\/vision-x-evo-prime-17-100w-20-vit\/"},"modified":"2025-12-08T23:39:46","modified_gmt":"2025-12-08T22:39:46","slug":"vision-x-evo-prime-17-100w-20-vit","status":"publish","type":"product","link":"https:\/\/www.visionxeurope.com\/se\/webbutik\/vision-x-evo-prime-17-100w-20-vit\/","title":{"rendered":"VISION X EVO PRIME 17&#8243; 100W 20\u00b0 VIT"},"content":{"rendered":"<p><\/p>\n<p>Vision X, ett f\u00f6retag som ligger i absolut framkant vad g\u00e4ller LED belysning har nu sl\u00e4ppt lampor med den helt nya och unika Prime Drive tekniken. Det ger m\u00f6jligheter att f\u00e5 ut mer ljusfl\u00f6de ur dioderna \u00e4n vad som tidigare var m\u00f6jligt. Vision X Evo Prime \u00e4r beviset p\u00e5 att denna nya teknik sl\u00e5r ut allt annat vad g\u00e4ller b\u00e5de ljusfl\u00f6de och r\u00e4ckvidd p\u00e5 en LED lampa. <\/p>\n<p><strong>Data:<\/strong><br \/>Evo Prime 17&#8243; 10x10W 20\u00b0<br \/>Lamphus: 6061 aluminium.<br \/>F\u00e4ste: 30 graders h\u00f6jdjustering \u00e4r inbyggt i f\u00e4stet.<br \/>Enkel installation med endast + &amp; &#8211; kabel.<br \/>Kablage: Plug &amp; play kablage (Deutsch kontakter)<br \/>Sp\u00e4nning: 9-48 volt.<br \/>Litet inbyggnadsm\u00e5tt.<br \/>T\u00e5l h\u00e5rda p\u00e5frestningar fr\u00e5n v\u00e4der och vind.<br \/>Str\u00f6mf\u00f6rbrukning: 8.33 Amp vid 12 v.<br \/>IP klass: IP68<br \/>Vibrations klass: 15.6G<br \/>L\u00e4ngd: 431 mm.<br \/>H\u00f6jd: 63 mm. (exkl. monteringsf\u00e4ste)<br \/>Djup: 88 mm.<br \/>Antal LED: 10 stycken 10 watt LED<br \/>R\u00e5a lumen: 8 600<br \/>Effektiva lumen: 6 020<br \/>Livsl\u00e4ngd dioder: 50 000 timmar<br \/>Drivning dioder: 90 % av full effekt<br \/>Lins: Okrossbar polykarbonat<br \/>Optisk renhet: 90 %<br \/>Ljusbild: 20\u00b0 (Spot)<\/p>\n<p><\/p>","protected":false},"excerpt":{"rendered":"<p>Vision X, ett f\u00f6retag som ligger i absolut framkant vad g\u00e4ller LED belysning har nu sl\u00e4ppt lampor med den helt nya och unika Prime Drive tekniken. Det ger m\u00f6jligheter att f\u00e5 ut mer ljusfl\u00f6de ur dioderna \u00e4n vad som tidigare var m\u00f6jligt. Vision X Evo Prime \u00e4r beviset p\u00e5 att denna nya teknik sl\u00e5r ut allt annat vad g\u00e4ller b\u00e5de ljusfl\u00f6de och r\u00e4ckvidd p\u00e5 en LED lampa. <\/p>\n<p>Data:<br \/>\nEvo Prime 17&#8243; 10x10W 20\u00b0<br \/>\nLamphus: 6061 aluminium.<br \/>\nF\u00e4ste: 30 graders h\u00f6jdjustering \u00e4r inbyggt i f\u00e4stet.<br \/>\nEnkel installation med endast + &amp; &#8211; kabel.<br \/>\nKablage: Plug &amp; play kablage (Deutsch kontakter)<br \/>\nSp\u00e4nning: 9-48 volt.<br \/>\nLitet inbyggnadsm\u00e5tt.<br \/>\nT\u00e5l h\u00e5rda p\u00e5frestningar fr\u00e5n v\u00e4der och vind.<br \/>\nStr\u00f6mf\u00f6rbrukning: 8.33 Amp vid 12 v.<br \/>\nIP klass: IP68<br \/>\nVibrations klass: 15.6G<br \/>\nL\u00e4ngd: 431 mm.<br \/>\nH\u00f6jd: 63 mm. (exkl. monteringsf\u00e4ste)<br \/>\nDjup: 88 mm.<br \/>\nAntal LED: 10 stycken 10 watt LED<br \/>\nR\u00e5a lumen: 8 600<br \/>\nEffektiva lumen: 6 020<br \/>\nLivsl\u00e4ngd dioder: 50 000 timmar<br \/>\nDrivning dioder: 90 % av full effekt<br \/>\nLins: Okrossbar polykarbonat<br \/>\nOptisk renhet: 90 %<br \/>\nLjusbild: 20\u00b0 (Spot)<\/p>\n","protected":false},"featured_media":14920,"comment_status":"open","ping_status":"open","template":"","meta":{"editor_notices":[]},"product_brand":[],"product_cat":[66],"product_tag":[],"class_list":{"0":"post-13386","1":"product","2":"type-product","3":"status-publish","4":"has-post-thumbnail","6":"product_cat-evo-prime","7":"resize-featured-image","8":"","9":"woocommerce-text-align-left","10":"woocommerce-image-align-center","12":"first","13":"outofstock","14":"taxable","15":"shipping-taxable","16":"product-type-simple"},"yoast_head":"<!-- This site is optimized with the Yoast SEO Premium plugin v25.0 (Yoast SEO v25.0) - https:\/\/yoast.com\/wordpress\/plugins\/seo\/ -->\n<title>VISION X EVO PRIME 17&quot; 100W 20\u00b0 VIT - Vision X Europe<\/title>\n<meta name=\"robots\" content=\"index, follow, max-snippet:-1, max-image-preview:large, max-video-preview:-1\" \/>\n<link rel=\"canonical\" href=\"https:\/\/www.visionxeurope.com\/se\/webbutik\/vision-x-evo-prime-17-100w-20-vit\/\" \/>\n<meta property=\"og:locale\" content=\"sv_SE\" \/>\n<meta property=\"og:type\" content=\"article\" \/>\n<meta property=\"og:title\" content=\"VISION X EVO PRIME 17&quot; 100W 20\u00b0 VIT\" \/>\n<meta property=\"og:description\" content=\"Vision X, ett f\u00f6retag som ligger i absolut framkant vad g\u00e4ller LED belysning har nu sl\u00e4ppt lampor med den helt nya och unika Prime Drive tekniken. Det ger m\u00f6jligheter att f\u00e5 ut mer ljusfl\u00f6de ur dioderna \u00e4n vad som tidigare var m\u00f6jligt. Vision X Evo Prime \u00e4r beviset p\u00e5 att denna nya teknik sl\u00e5r ut allt annat vad g\u00e4ller b\u00e5de ljusfl\u00f6de och r\u00e4ckvidd p\u00e5 en LED lampa. Data: Evo Prime 17&#8243; 10x10W 20\u00b0 Lamphus: 6061 aluminium. F\u00e4ste: 30 graders h\u00f6jdjustering \u00e4r inbyggt i f\u00e4stet. Enkel installation med endast + &amp; &#8211; kabel. Kablage: Plug &amp; play kablage (Deutsch kontakter) Sp\u00e4nning: 9-48 volt. Litet inbyggnadsm\u00e5tt. T\u00e5l h\u00e5rda p\u00e5frestningar fr\u00e5n v\u00e4der och vind. Str\u00f6mf\u00f6rbrukning: 8.33 Amp vid 12 v. IP klass: IP68 Vibrations klass: 15.6G L\u00e4ngd: 431 mm. H\u00f6jd: 63 mm. (exkl. monteringsf\u00e4ste) Djup: 88 mm. Antal LED: 10 stycken 10 watt LED R\u00e5a lumen: 8 600 Effektiva lumen: 6 020 Livsl\u00e4ngd dioder: 50 000 timmar Drivning dioder: 90 % av full effekt Lins: Okrossbar polykarbonat Optisk renhet: 90 % Ljusbild: 20\u00b0 (Spot)\" \/>\n<meta property=\"og:url\" content=\"https:\/\/www.visionxeurope.com\/se\/webbutik\/vision-x-evo-prime-17-100w-20-vit\/\" \/>\n<meta property=\"og:site_name\" content=\"Vision X Europe\" \/>\n<meta property=\"article:publisher\" content=\"https:\/\/www.facebook.com\/visionxeurope\" \/>\n<meta property=\"article:modified_time\" content=\"2025-12-08T22:39:46+00:00\" \/>\n<meta property=\"og:image\" content=\"https:\/\/www.rindab.se\/wp-content\/uploads\/sites\/7\/2022\/04\/XIL-EP1020W.jpg\" \/>\n\t<meta property=\"og:image:width\" content=\"450\" \/>\n\t<meta property=\"og:image:height\" content=\"450\" \/>\n\t<meta property=\"og:image:type\" content=\"image\/jpeg\" \/>\n<meta name=\"twitter:card\" content=\"summary_large_image\" \/>\n<meta name=\"twitter:label1\" content=\"Pris\" \/>\n\t<meta name=\"twitter:data1\" content=\"7 196,00&nbsp;&#107;&#114; exkl. moms\" \/>\n\t<meta name=\"twitter:label2\" content=\"Tillg\u00e4nglig\" \/>\n\t<meta name=\"twitter:data2\" content=\"Slut i lager\" \/>\n<script type=\"application\/ld+json\" class=\"yoast-schema-graph\">{\"@context\":\"https:\/\/schema.org\",\"@graph\":[{\"@type\":\"WebPage\",\"@id\":\"https:\/\/www.visionxeurope.com\/se\/webbutik\/vision-x-evo-prime-17-100w-20-vit\/\",\"url\":\"https:\/\/www.visionxeurope.com\/se\/webbutik\/vision-x-evo-prime-17-100w-20-vit\/\",\"name\":\"VISION X EVO PRIME 17\\\" 100W 20\u00b0 VIT - Vision X Europe\",\"isPartOf\":{\"@id\":\"https:\/\/www.visionxeurope.com\/se\/#website\"},\"primaryImageOfPage\":{\"@id\":\"https:\/\/www.visionxeurope.com\/se\/webbutik\/vision-x-evo-prime-17-100w-20-vit\/#primaryimage\"},\"image\":{\"@id\":\"https:\/\/www.visionxeurope.com\/se\/webbutik\/vision-x-evo-prime-17-100w-20-vit\/#primaryimage\"},\"thumbnailUrl\":\"https:\/\/www.visionxeurope.com\/se\/wp-content\/uploads\/sites\/7\/2022\/04\/XIL-EP1020W.jpg\",\"datePublished\":\"2020-02-28T07:56:57+00:00\",\"dateModified\":\"2025-12-08T22:39:46+00:00\",\"breadcrumb\":{\"@id\":\"https:\/\/www.visionxeurope.com\/se\/webbutik\/vision-x-evo-prime-17-100w-20-vit\/#breadcrumb\"},\"inLanguage\":\"sv-SE\",\"potentialAction\":[{\"@type\":\"ReadAction\",\"target\":[\"https:\/\/www.visionxeurope.com\/se\/webbutik\/vision-x-evo-prime-17-100w-20-vit\/\"]}]},{\"@type\":\"ImageObject\",\"inLanguage\":\"sv-SE\",\"@id\":\"https:\/\/www.visionxeurope.com\/se\/webbutik\/vision-x-evo-prime-17-100w-20-vit\/#primaryimage\",\"url\":\"https:\/\/www.visionxeurope.com\/se\/wp-content\/uploads\/sites\/7\/2022\/04\/XIL-EP1020W.jpg\",\"contentUrl\":\"https:\/\/www.visionxeurope.com\/se\/wp-content\/uploads\/sites\/7\/2022\/04\/XIL-EP1020W.jpg\",\"width\":450,\"height\":450},{\"@type\":\"BreadcrumbList\",\"@id\":\"https:\/\/www.visionxeurope.com\/se\/webbutik\/vision-x-evo-prime-17-100w-20-vit\/#breadcrumb\",\"itemListElement\":[{\"@type\":\"ListItem\",\"position\":1,\"name\":\"Hem\",\"item\":\"https:\/\/www.visionxeurope.com\/se\/\"},{\"@type\":\"ListItem\",\"position\":2,\"name\":\"Webbutik\",\"item\":\"https:\/\/www.visionxeurope.com\/se\/webbutik\/\"},{\"@type\":\"ListItem\",\"position\":3,\"name\":\"VISION X EVO PRIME 17&#8243; 100W 20\u00b0 VIT\"}]},{\"@type\":\"WebSite\",\"@id\":\"https:\/\/www.visionxeurope.com\/se\/#website\",\"url\":\"https:\/\/www.visionxeurope.com\/se\/\",\"name\":\"Vision X Europe\",\"description\":\"\",\"publisher\":{\"@id\":\"https:\/\/www.visionxeurope.com\/se\/#organization\"},\"potentialAction\":[{\"@type\":\"SearchAction\",\"target\":{\"@type\":\"EntryPoint\",\"urlTemplate\":\"https:\/\/www.visionxeurope.com\/se\/?s={search_term_string}\"},\"query-input\":{\"@type\":\"PropertyValueSpecification\",\"valueRequired\":true,\"valueName\":\"search_term_string\"}}],\"inLanguage\":\"sv-SE\"},{\"@type\":\"Organization\",\"@id\":\"https:\/\/www.visionxeurope.com\/se\/#organization\",\"name\":\"Vision X Europe\",\"url\":\"https:\/\/www.visionxeurope.com\/se\/\",\"logo\":{\"@type\":\"ImageObject\",\"inLanguage\":\"sv-SE\",\"@id\":\"https:\/\/www.visionxeurope.com\/se\/#\/schema\/logo\/image\/\",\"url\":\"https:\/\/www.visionxeurope.com\/se\/wp-content\/uploads\/sites\/7\/2021\/04\/visionxeurope.png\",\"contentUrl\":\"https:\/\/www.visionxeurope.com\/se\/wp-content\/uploads\/sites\/7\/2021\/04\/visionxeurope.png\",\"width\":300,\"height\":110,\"caption\":\"Vision X Europe\"},\"image\":{\"@id\":\"https:\/\/www.visionxeurope.com\/se\/#\/schema\/logo\/image\/\"},\"sameAs\":[\"https:\/\/www.facebook.com\/visionxeurope\",\"https:\/\/www.instagram.com\/visionxeurope\/\"]}]}<\/script>\n<meta property=\"product:price:amount\" content=\"7196.00\" \/>\n<meta property=\"product:price:currency\" content=\"SEK\" \/>\n<meta property=\"og:availability\" content=\"out of stock\" \/>\n<meta property=\"product:availability\" content=\"out of stock\" \/>\n<meta property=\"product:retailer_item_id\" content=\"XIL-EP1020W\" \/>\n<meta property=\"product:condition\" content=\"new\" \/>\n<!-- \/ Yoast SEO Premium plugin. -->","yoast_head_json":{"title":"VISION X EVO PRIME 17\" 100W 20\u00b0 VIT - Vision X Europe","robots":{"index":"index","follow":"follow","max-snippet":"max-snippet:-1","max-image-preview":"max-image-preview:large","max-video-preview":"max-video-preview:-1"},"canonical":"https:\/\/www.visionxeurope.com\/se\/webbutik\/vision-x-evo-prime-17-100w-20-vit\/","og_locale":"sv_SE","og_type":"article","og_title":"VISION X EVO PRIME 17\" 100W 20\u00b0 VIT","og_description":"Vision X, ett f\u00f6retag som ligger i absolut framkant vad g\u00e4ller LED belysning har nu sl\u00e4ppt lampor med den helt nya och unika Prime Drive tekniken. Det ger m\u00f6jligheter att f\u00e5 ut mer ljusfl\u00f6de ur dioderna \u00e4n vad som tidigare var m\u00f6jligt. Vision X Evo Prime \u00e4r beviset p\u00e5 att denna nya teknik sl\u00e5r ut allt annat vad g\u00e4ller b\u00e5de ljusfl\u00f6de och r\u00e4ckvidd p\u00e5 en LED lampa. Data: Evo Prime 17&#8243; 10x10W 20\u00b0 Lamphus: 6061 aluminium. F\u00e4ste: 30 graders h\u00f6jdjustering \u00e4r inbyggt i f\u00e4stet. Enkel installation med endast + &amp; &#8211; kabel. Kablage: Plug &amp; play kablage (Deutsch kontakter) Sp\u00e4nning: 9-48 volt. Litet inbyggnadsm\u00e5tt. T\u00e5l h\u00e5rda p\u00e5frestningar fr\u00e5n v\u00e4der och vind. Str\u00f6mf\u00f6rbrukning: 8.33 Amp vid 12 v. IP klass: IP68 Vibrations klass: 15.6G L\u00e4ngd: 431 mm. H\u00f6jd: 63 mm. (exkl. monteringsf\u00e4ste) Djup: 88 mm. Antal LED: 10 stycken 10 watt LED R\u00e5a lumen: 8 600 Effektiva lumen: 6 020 Livsl\u00e4ngd dioder: 50 000 timmar Drivning dioder: 90 % av full effekt Lins: Okrossbar polykarbonat Optisk renhet: 90 % Ljusbild: 20\u00b0 (Spot)","og_url":"https:\/\/www.visionxeurope.com\/se\/webbutik\/vision-x-evo-prime-17-100w-20-vit\/","og_site_name":"Vision X Europe","article_publisher":"https:\/\/www.facebook.com\/visionxeurope","article_modified_time":"2025-12-08T22:39:46+00:00","og_image":[{"width":450,"height":450,"url":"https:\/\/www.rindab.se\/wp-content\/uploads\/sites\/7\/2022\/04\/XIL-EP1020W.jpg","type":"image\/jpeg"}],"twitter_card":"summary_large_image","twitter_misc":{"Pris":"7 196,00&nbsp;&#107;&#114; exkl. moms","Tillg\u00e4nglig":"Slut i lager"},"schema":{"@context":"https:\/\/schema.org","@graph":[{"@type":"WebPage","@id":"https:\/\/www.visionxeurope.com\/se\/webbutik\/vision-x-evo-prime-17-100w-20-vit\/","url":"https:\/\/www.visionxeurope.com\/se\/webbutik\/vision-x-evo-prime-17-100w-20-vit\/","name":"VISION X EVO PRIME 17\" 100W 20\u00b0 VIT - Vision X Europe","isPartOf":{"@id":"https:\/\/www.visionxeurope.com\/se\/#website"},"primaryImageOfPage":{"@id":"https:\/\/www.visionxeurope.com\/se\/webbutik\/vision-x-evo-prime-17-100w-20-vit\/#primaryimage"},"image":{"@id":"https:\/\/www.visionxeurope.com\/se\/webbutik\/vision-x-evo-prime-17-100w-20-vit\/#primaryimage"},"thumbnailUrl":"https:\/\/www.visionxeurope.com\/se\/wp-content\/uploads\/sites\/7\/2022\/04\/XIL-EP1020W.jpg","datePublished":"2020-02-28T07:56:57+00:00","dateModified":"2025-12-08T22:39:46+00:00","breadcrumb":{"@id":"https:\/\/www.visionxeurope.com\/se\/webbutik\/vision-x-evo-prime-17-100w-20-vit\/#breadcrumb"},"inLanguage":"sv-SE","potentialAction":[{"@type":"ReadAction","target":["https:\/\/www.visionxeurope.com\/se\/webbutik\/vision-x-evo-prime-17-100w-20-vit\/"]}]},{"@type":"ImageObject","inLanguage":"sv-SE","@id":"https:\/\/www.visionxeurope.com\/se\/webbutik\/vision-x-evo-prime-17-100w-20-vit\/#primaryimage","url":"https:\/\/www.visionxeurope.com\/se\/wp-content\/uploads\/sites\/7\/2022\/04\/XIL-EP1020W.jpg","contentUrl":"https:\/\/www.visionxeurope.com\/se\/wp-content\/uploads\/sites\/7\/2022\/04\/XIL-EP1020W.jpg","width":450,"height":450},{"@type":"BreadcrumbList","@id":"https:\/\/www.visionxeurope.com\/se\/webbutik\/vision-x-evo-prime-17-100w-20-vit\/#breadcrumb","itemListElement":[{"@type":"ListItem","position":1,"name":"Hem","item":"https:\/\/www.visionxeurope.com\/se\/"},{"@type":"ListItem","position":2,"name":"Webbutik","item":"https:\/\/www.visionxeurope.com\/se\/webbutik\/"},{"@type":"ListItem","position":3,"name":"VISION X EVO PRIME 17&#8243; 100W 20\u00b0 VIT"}]},{"@type":"WebSite","@id":"https:\/\/www.visionxeurope.com\/se\/#website","url":"https:\/\/www.visionxeurope.com\/se\/","name":"Vision X Europe","description":"","publisher":{"@id":"https:\/\/www.visionxeurope.com\/se\/#organization"},"potentialAction":[{"@type":"SearchAction","target":{"@type":"EntryPoint","urlTemplate":"https:\/\/www.visionxeurope.com\/se\/?s={search_term_string}"},"query-input":{"@type":"PropertyValueSpecification","valueRequired":true,"valueName":"search_term_string"}}],"inLanguage":"sv-SE"},{"@type":"Organization","@id":"https:\/\/www.visionxeurope.com\/se\/#organization","name":"Vision X Europe","url":"https:\/\/www.visionxeurope.com\/se\/","logo":{"@type":"ImageObject","inLanguage":"sv-SE","@id":"https:\/\/www.visionxeurope.com\/se\/#\/schema\/logo\/image\/","url":"https:\/\/www.visionxeurope.com\/se\/wp-content\/uploads\/sites\/7\/2021\/04\/visionxeurope.png","contentUrl":"https:\/\/www.visionxeurope.com\/se\/wp-content\/uploads\/sites\/7\/2021\/04\/visionxeurope.png","width":300,"height":110,"caption":"Vision X Europe"},"image":{"@id":"https:\/\/www.visionxeurope.com\/se\/#\/schema\/logo\/image\/"},"sameAs":["https:\/\/www.facebook.com\/visionxeurope","https:\/\/www.instagram.com\/visionxeurope\/"]}]},"product_price_amount":"7196.00","product_price_currency":"SEK","og_availability":"out of stock","product_availability":"out of stock","product_retailer_item_id":"XIL-EP1020W","product_condition":"new"},"_links":{"self":[{"href":"https:\/\/www.visionxeurope.com\/se\/wp-json\/wp\/v2\/product\/13386","targetHints":{"allow":["GET"]}}],"collection":[{"href":"https:\/\/www.visionxeurope.com\/se\/wp-json\/wp\/v2\/product"}],"about":[{"href":"https:\/\/www.visionxeurope.com\/se\/wp-json\/wp\/v2\/types\/product"}],"replies":[{"embeddable":true,"href":"https:\/\/www.visionxeurope.com\/se\/wp-json\/wp\/v2\/comments?post=13386"}],"wp:featuredmedia":[{"embeddable":true,"href":"https:\/\/www.visionxeurope.com\/se\/wp-json\/wp\/v2\/media\/14920"}],"wp:attachment":[{"href":"https:\/\/www.visionxeurope.com\/se\/wp-json\/wp\/v2\/media?parent=13386"}],"wp:term":[{"taxonomy":"product_brand","embeddable":true,"href":"https:\/\/www.visionxeurope.com\/se\/wp-json\/wp\/v2\/product_brand?post=13386"},{"taxonomy":"product_cat","embeddable":true,"href":"https:\/\/www.visionxeurope.com\/se\/wp-json\/wp\/v2\/product_cat?post=13386"},{"taxonomy":"product_tag","embeddable":true,"href":"https:\/\/www.visionxeurope.com\/se\/wp-json\/wp\/v2\/product_tag?post=13386"}],"curies":[{"name":"wp","href":"https:\/\/api.w.org\/{rel}","templated":true}]}}