{"id":13366,"date":"2014-04-23T09:56:27","date_gmt":"2014-04-23T07:56:27","guid":{"rendered":"https:\/\/www.visionxeurope.com\/se\/produkt\/vision-x-xmitter-32-180w-25\/"},"modified":"2025-12-08T23:24:46","modified_gmt":"2025-12-08T22:24:46","slug":"vision-x-xmitter-32-180w-25","status":"publish","type":"product","link":"https:\/\/www.visionxeurope.com\/se\/webbutik\/vision-x-xmitter-32-180w-25\/","title":{"rendered":"VISION X XMITTER 32&#8243; 180W 25\u00b0"},"content":{"rendered":"<p><\/p>\n<p>Vision X Xmitter LED ljusbar \u00e4r k\u00e4nd f\u00f6r att vara en av de mest p\u00e5litliga ljusbarer p\u00e5 marknaden. Anv\u00e4nds av n\u00e5gra av de st\u00f6rsta namnen som NASA, USA Border Patrol, Polaris och andra branschledare.<\/p>\n<p><\/p>\n<p><\/p>\n<p><strong>Data:<\/strong><br \/>Lamphuset \u00e4r tillverkat i aluminium<br \/>30 graders h\u00f6jdjustering \u00e4r inbyggt i f\u00e4stet<br \/>Enkel installation med endast + &amp; \u2013 kabel<br \/>Sp\u00e4nning: 9-32V<br \/>Litet inbyggnadsm\u00e5tt<br \/>T\u00e5l h\u00e5rda p\u00e5frestningar fr\u00e5n v\u00e4der och vind<br \/>Str\u00f6mf\u00f6rbrukning: 15 Amp vid 12V<br \/>Klassning: IP68<br \/>Vibrations klass: 15.6G<br \/>L\u00e4ngd: 808mm.<br \/>H\u00f6jd: 69mm. (f\u00e4ste ej inr\u00e4knat)<br \/>Djup: 76.25mm.<br \/>Lins: Okrossbar polycarbonat<br \/>Antal LED: 60st. x 3W<br \/>Watt: 180<br \/>R\u00e5a lumen: 10 800<br \/>Effektiva lumen: 5 940<br \/>Ljusbild: 25\u00b0 Euro (Finns \u00e4ven som 55\u00b0)<\/p>\n<p><\/p>","protected":false},"excerpt":{"rendered":"<p>Vision X Xmitter LED ljusbar \u00e4r k\u00e4nd f\u00f6r att vara en av de mest p\u00e5litliga ljusbarer p\u00e5 marknaden. Anv\u00e4nds av n\u00e5gra av de st\u00f6rsta namnen som NASA, USA Border Patrol, Polaris och andra branschledare.<\/p>\n<p><strong>Data:<\/strong><br \/>Lamphuset \u00e4r tillverkat i aluminium<br \/>30 graders h\u00f6jdjustering \u00e4r inbyggt i f\u00e4stet<br \/>Enkel installation med endast + &amp; \u2013 kabel<br \/>Sp\u00e4nning: 9-32V<br \/>Litet inbyggnadsm\u00e5tt<br \/>T\u00e5l h\u00e5rda p\u00e5frestningar fr\u00e5n v\u00e4der och vind<br \/>Str\u00f6mf\u00f6rbrukning: 15 Amp vid 12V<br \/>Klassning: IP68<br \/>Vibrations klass: 15.6G<br \/>L\u00e4ngd: 808mm.<br \/>H\u00f6jd: 69mm. (f\u00e4ste ej inr\u00e4knat)<br \/>Djup: 76.25mm.<br \/>Lins: Okrossbar polycarbonat<br \/>Antal LED: 60st. x 3W<br \/>Watt: 180<br \/>R\u00e5a lumen: 10 800<br \/>Effektiva lumen: 5 940<br \/>Ljusbild: 25\u00b0 Euro (Finns \u00e4ven som 55\u00b0)<\/p>\n","protected":false},"featured_media":14865,"comment_status":"open","ping_status":"open","template":"","meta":{"editor_notices":[]},"product_brand":[],"product_cat":[65],"product_tag":[],"class_list":{"0":"post-13366","1":"product","2":"type-product","3":"status-publish","4":"has-post-thumbnail","6":"product_cat-xmitter","7":"resize-featured-image","8":"","9":"woocommerce-text-align-left","10":"woocommerce-image-align-center","12":"first","13":"onbackorder","14":"taxable","15":"shipping-taxable","16":"product-type-simple"},"yoast_head":"<!-- This site is optimized with the Yoast SEO Premium plugin v25.0 (Yoast SEO v25.0) - https:\/\/yoast.com\/wordpress\/plugins\/seo\/ -->\n<title>VISION X XMITTER 32&quot; 180W 25\u00b0 - Vision X Europe<\/title>\n<meta name=\"robots\" content=\"index, follow, max-snippet:-1, max-image-preview:large, max-video-preview:-1\" \/>\n<link rel=\"canonical\" href=\"https:\/\/www.visionxeurope.com\/se\/webbutik\/vision-x-xmitter-32-180w-25\/\" \/>\n<meta property=\"og:locale\" content=\"sv_SE\" \/>\n<meta property=\"og:type\" content=\"article\" \/>\n<meta property=\"og:title\" content=\"VISION X XMITTER 32&quot; 180W 25\u00b0\" \/>\n<meta property=\"og:description\" content=\"Vision X Xmitter LED ljusbar \u00e4r k\u00e4nd f\u00f6r att vara en av de mest p\u00e5litliga ljusbarer p\u00e5 marknaden. Anv\u00e4nds av n\u00e5gra av de st\u00f6rsta namnen som NASA, USA Border Patrol, Polaris och andra branschledare. Data:Lamphuset \u00e4r tillverkat i aluminium30 graders h\u00f6jdjustering \u00e4r inbyggt i f\u00e4stetEnkel installation med endast + &amp; \u2013 kabelSp\u00e4nning: 9-32VLitet inbyggnadsm\u00e5ttT\u00e5l h\u00e5rda p\u00e5frestningar fr\u00e5n v\u00e4der och vindStr\u00f6mf\u00f6rbrukning: 15 Amp vid 12VKlassning: IP68Vibrations klass: 15.6GL\u00e4ngd: 808mm.H\u00f6jd: 69mm. (f\u00e4ste ej inr\u00e4knat)Djup: 76.25mm.Lins: Okrossbar polycarbonatAntal LED: 60st. x 3WWatt: 180R\u00e5a lumen: 10 800Effektiva lumen: 5 940Ljusbild: 25\u00b0 Euro (Finns \u00e4ven som 55\u00b0)\" \/>\n<meta property=\"og:url\" content=\"https:\/\/www.visionxeurope.com\/se\/webbutik\/vision-x-xmitter-32-180w-25\/\" \/>\n<meta property=\"og:site_name\" content=\"Vision X Europe\" \/>\n<meta property=\"article:publisher\" content=\"https:\/\/www.facebook.com\/visionxeurope\" \/>\n<meta property=\"article:modified_time\" content=\"2025-12-08T22:24:46+00:00\" \/>\n<meta property=\"og:image\" content=\"https:\/\/www.rindab.se\/wp-content\/uploads\/sites\/7\/2022\/04\/XIL-600.jpg\" \/>\n\t<meta property=\"og:image:width\" content=\"600\" \/>\n\t<meta property=\"og:image:height\" content=\"600\" \/>\n\t<meta property=\"og:image:type\" content=\"image\/jpeg\" \/>\n<meta name=\"twitter:card\" content=\"summary_large_image\" \/>\n<meta name=\"twitter:label1\" content=\"Pris\" \/>\n\t<meta name=\"twitter:data1\" content=\"7 996,00&nbsp;&#107;&#114; exkl. moms\" \/>\n\t<meta name=\"twitter:label2\" content=\"Tillg\u00e4nglig\" \/>\n\t<meta name=\"twitter:data2\" content=\"P\u00e5 restorder\" \/>\n<script type=\"application\/ld+json\" class=\"yoast-schema-graph\">{\"@context\":\"https:\/\/schema.org\",\"@graph\":[{\"@type\":\"WebPage\",\"@id\":\"https:\/\/www.visionxeurope.com\/se\/webbutik\/vision-x-xmitter-32-180w-25\/\",\"url\":\"https:\/\/www.visionxeurope.com\/se\/webbutik\/vision-x-xmitter-32-180w-25\/\",\"name\":\"VISION X XMITTER 32\\\" 180W 25\u00b0 - Vision X Europe\",\"isPartOf\":{\"@id\":\"https:\/\/www.visionxeurope.com\/se\/#website\"},\"primaryImageOfPage\":{\"@id\":\"https:\/\/www.visionxeurope.com\/se\/webbutik\/vision-x-xmitter-32-180w-25\/#primaryimage\"},\"image\":{\"@id\":\"https:\/\/www.visionxeurope.com\/se\/webbutik\/vision-x-xmitter-32-180w-25\/#primaryimage\"},\"thumbnailUrl\":\"https:\/\/www.visionxeurope.com\/se\/wp-content\/uploads\/sites\/7\/2022\/04\/XIL-600.jpg\",\"datePublished\":\"2014-04-23T07:56:27+00:00\",\"dateModified\":\"2025-12-08T22:24:46+00:00\",\"breadcrumb\":{\"@id\":\"https:\/\/www.visionxeurope.com\/se\/webbutik\/vision-x-xmitter-32-180w-25\/#breadcrumb\"},\"inLanguage\":\"sv-SE\",\"potentialAction\":[{\"@type\":\"ReadAction\",\"target\":[\"https:\/\/www.visionxeurope.com\/se\/webbutik\/vision-x-xmitter-32-180w-25\/\"]}]},{\"@type\":\"ImageObject\",\"inLanguage\":\"sv-SE\",\"@id\":\"https:\/\/www.visionxeurope.com\/se\/webbutik\/vision-x-xmitter-32-180w-25\/#primaryimage\",\"url\":\"https:\/\/www.visionxeurope.com\/se\/wp-content\/uploads\/sites\/7\/2022\/04\/XIL-600.jpg\",\"contentUrl\":\"https:\/\/www.visionxeurope.com\/se\/wp-content\/uploads\/sites\/7\/2022\/04\/XIL-600.jpg\",\"width\":600,\"height\":600},{\"@type\":\"BreadcrumbList\",\"@id\":\"https:\/\/www.visionxeurope.com\/se\/webbutik\/vision-x-xmitter-32-180w-25\/#breadcrumb\",\"itemListElement\":[{\"@type\":\"ListItem\",\"position\":1,\"name\":\"Hem\",\"item\":\"https:\/\/www.visionxeurope.com\/se\/\"},{\"@type\":\"ListItem\",\"position\":2,\"name\":\"Webbutik\",\"item\":\"https:\/\/www.visionxeurope.com\/se\/webbutik\/\"},{\"@type\":\"ListItem\",\"position\":3,\"name\":\"VISION X XMITTER 32&#8243; 180W 25\u00b0\"}]},{\"@type\":\"WebSite\",\"@id\":\"https:\/\/www.visionxeurope.com\/se\/#website\",\"url\":\"https:\/\/www.visionxeurope.com\/se\/\",\"name\":\"Vision X Europe\",\"description\":\"\",\"publisher\":{\"@id\":\"https:\/\/www.visionxeurope.com\/se\/#organization\"},\"potentialAction\":[{\"@type\":\"SearchAction\",\"target\":{\"@type\":\"EntryPoint\",\"urlTemplate\":\"https:\/\/www.visionxeurope.com\/se\/?s={search_term_string}\"},\"query-input\":{\"@type\":\"PropertyValueSpecification\",\"valueRequired\":true,\"valueName\":\"search_term_string\"}}],\"inLanguage\":\"sv-SE\"},{\"@type\":\"Organization\",\"@id\":\"https:\/\/www.visionxeurope.com\/se\/#organization\",\"name\":\"Vision X Europe\",\"url\":\"https:\/\/www.visionxeurope.com\/se\/\",\"logo\":{\"@type\":\"ImageObject\",\"inLanguage\":\"sv-SE\",\"@id\":\"https:\/\/www.visionxeurope.com\/se\/#\/schema\/logo\/image\/\",\"url\":\"https:\/\/www.visionxeurope.com\/se\/wp-content\/uploads\/sites\/7\/2021\/04\/visionxeurope.png\",\"contentUrl\":\"https:\/\/www.visionxeurope.com\/se\/wp-content\/uploads\/sites\/7\/2021\/04\/visionxeurope.png\",\"width\":300,\"height\":110,\"caption\":\"Vision X Europe\"},\"image\":{\"@id\":\"https:\/\/www.visionxeurope.com\/se\/#\/schema\/logo\/image\/\"},\"sameAs\":[\"https:\/\/www.facebook.com\/visionxeurope\",\"https:\/\/www.instagram.com\/visionxeurope\/\"]}]}<\/script>\n<meta property=\"product:price:amount\" content=\"7996.00\" \/>\n<meta property=\"product:price:currency\" content=\"SEK\" \/>\n<meta property=\"og:availability\" content=\"backorder\" \/>\n<meta property=\"product:availability\" content=\"available for order\" \/>\n<meta property=\"product:retailer_item_id\" content=\"XIL-600\" \/>\n<meta property=\"product:condition\" content=\"new\" \/>\n<!-- \/ Yoast SEO Premium plugin. -->","yoast_head_json":{"title":"VISION X XMITTER 32\" 180W 25\u00b0 - Vision X Europe","robots":{"index":"index","follow":"follow","max-snippet":"max-snippet:-1","max-image-preview":"max-image-preview:large","max-video-preview":"max-video-preview:-1"},"canonical":"https:\/\/www.visionxeurope.com\/se\/webbutik\/vision-x-xmitter-32-180w-25\/","og_locale":"sv_SE","og_type":"article","og_title":"VISION X XMITTER 32\" 180W 25\u00b0","og_description":"Vision X Xmitter LED ljusbar \u00e4r k\u00e4nd f\u00f6r att vara en av de mest p\u00e5litliga ljusbarer p\u00e5 marknaden. Anv\u00e4nds av n\u00e5gra av de st\u00f6rsta namnen som NASA, USA Border Patrol, Polaris och andra branschledare. Data:Lamphuset \u00e4r tillverkat i aluminium30 graders h\u00f6jdjustering \u00e4r inbyggt i f\u00e4stetEnkel installation med endast + &amp; \u2013 kabelSp\u00e4nning: 9-32VLitet inbyggnadsm\u00e5ttT\u00e5l h\u00e5rda p\u00e5frestningar fr\u00e5n v\u00e4der och vindStr\u00f6mf\u00f6rbrukning: 15 Amp vid 12VKlassning: IP68Vibrations klass: 15.6GL\u00e4ngd: 808mm.H\u00f6jd: 69mm. (f\u00e4ste ej inr\u00e4knat)Djup: 76.25mm.Lins: Okrossbar polycarbonatAntal LED: 60st. x 3WWatt: 180R\u00e5a lumen: 10 800Effektiva lumen: 5 940Ljusbild: 25\u00b0 Euro (Finns \u00e4ven som 55\u00b0)","og_url":"https:\/\/www.visionxeurope.com\/se\/webbutik\/vision-x-xmitter-32-180w-25\/","og_site_name":"Vision X Europe","article_publisher":"https:\/\/www.facebook.com\/visionxeurope","article_modified_time":"2025-12-08T22:24:46+00:00","og_image":[{"width":600,"height":600,"url":"https:\/\/www.rindab.se\/wp-content\/uploads\/sites\/7\/2022\/04\/XIL-600.jpg","type":"image\/jpeg"}],"twitter_card":"summary_large_image","twitter_misc":{"Pris":"7 996,00&nbsp;&#107;&#114; exkl. moms","Tillg\u00e4nglig":"P\u00e5 restorder"},"schema":{"@context":"https:\/\/schema.org","@graph":[{"@type":"WebPage","@id":"https:\/\/www.visionxeurope.com\/se\/webbutik\/vision-x-xmitter-32-180w-25\/","url":"https:\/\/www.visionxeurope.com\/se\/webbutik\/vision-x-xmitter-32-180w-25\/","name":"VISION X XMITTER 32\" 180W 25\u00b0 - Vision X Europe","isPartOf":{"@id":"https:\/\/www.visionxeurope.com\/se\/#website"},"primaryImageOfPage":{"@id":"https:\/\/www.visionxeurope.com\/se\/webbutik\/vision-x-xmitter-32-180w-25\/#primaryimage"},"image":{"@id":"https:\/\/www.visionxeurope.com\/se\/webbutik\/vision-x-xmitter-32-180w-25\/#primaryimage"},"thumbnailUrl":"https:\/\/www.visionxeurope.com\/se\/wp-content\/uploads\/sites\/7\/2022\/04\/XIL-600.jpg","datePublished":"2014-04-23T07:56:27+00:00","dateModified":"2025-12-08T22:24:46+00:00","breadcrumb":{"@id":"https:\/\/www.visionxeurope.com\/se\/webbutik\/vision-x-xmitter-32-180w-25\/#breadcrumb"},"inLanguage":"sv-SE","potentialAction":[{"@type":"ReadAction","target":["https:\/\/www.visionxeurope.com\/se\/webbutik\/vision-x-xmitter-32-180w-25\/"]}]},{"@type":"ImageObject","inLanguage":"sv-SE","@id":"https:\/\/www.visionxeurope.com\/se\/webbutik\/vision-x-xmitter-32-180w-25\/#primaryimage","url":"https:\/\/www.visionxeurope.com\/se\/wp-content\/uploads\/sites\/7\/2022\/04\/XIL-600.jpg","contentUrl":"https:\/\/www.visionxeurope.com\/se\/wp-content\/uploads\/sites\/7\/2022\/04\/XIL-600.jpg","width":600,"height":600},{"@type":"BreadcrumbList","@id":"https:\/\/www.visionxeurope.com\/se\/webbutik\/vision-x-xmitter-32-180w-25\/#breadcrumb","itemListElement":[{"@type":"ListItem","position":1,"name":"Hem","item":"https:\/\/www.visionxeurope.com\/se\/"},{"@type":"ListItem","position":2,"name":"Webbutik","item":"https:\/\/www.visionxeurope.com\/se\/webbutik\/"},{"@type":"ListItem","position":3,"name":"VISION X XMITTER 32&#8243; 180W 25\u00b0"}]},{"@type":"WebSite","@id":"https:\/\/www.visionxeurope.com\/se\/#website","url":"https:\/\/www.visionxeurope.com\/se\/","name":"Vision X Europe","description":"","publisher":{"@id":"https:\/\/www.visionxeurope.com\/se\/#organization"},"potentialAction":[{"@type":"SearchAction","target":{"@type":"EntryPoint","urlTemplate":"https:\/\/www.visionxeurope.com\/se\/?s={search_term_string}"},"query-input":{"@type":"PropertyValueSpecification","valueRequired":true,"valueName":"search_term_string"}}],"inLanguage":"sv-SE"},{"@type":"Organization","@id":"https:\/\/www.visionxeurope.com\/se\/#organization","name":"Vision X Europe","url":"https:\/\/www.visionxeurope.com\/se\/","logo":{"@type":"ImageObject","inLanguage":"sv-SE","@id":"https:\/\/www.visionxeurope.com\/se\/#\/schema\/logo\/image\/","url":"https:\/\/www.visionxeurope.com\/se\/wp-content\/uploads\/sites\/7\/2021\/04\/visionxeurope.png","contentUrl":"https:\/\/www.visionxeurope.com\/se\/wp-content\/uploads\/sites\/7\/2021\/04\/visionxeurope.png","width":300,"height":110,"caption":"Vision X Europe"},"image":{"@id":"https:\/\/www.visionxeurope.com\/se\/#\/schema\/logo\/image\/"},"sameAs":["https:\/\/www.facebook.com\/visionxeurope","https:\/\/www.instagram.com\/visionxeurope\/"]}]},"product_price_amount":"7996.00","product_price_currency":"SEK","og_availability":"backorder","product_availability":"available for order","product_retailer_item_id":"XIL-600","product_condition":"new"},"_links":{"self":[{"href":"https:\/\/www.visionxeurope.com\/se\/wp-json\/wp\/v2\/product\/13366","targetHints":{"allow":["GET"]}}],"collection":[{"href":"https:\/\/www.visionxeurope.com\/se\/wp-json\/wp\/v2\/product"}],"about":[{"href":"https:\/\/www.visionxeurope.com\/se\/wp-json\/wp\/v2\/types\/product"}],"replies":[{"embeddable":true,"href":"https:\/\/www.visionxeurope.com\/se\/wp-json\/wp\/v2\/comments?post=13366"}],"wp:featuredmedia":[{"embeddable":true,"href":"https:\/\/www.visionxeurope.com\/se\/wp-json\/wp\/v2\/media\/14865"}],"wp:attachment":[{"href":"https:\/\/www.visionxeurope.com\/se\/wp-json\/wp\/v2\/media?parent=13366"}],"wp:term":[{"taxonomy":"product_brand","embeddable":true,"href":"https:\/\/www.visionxeurope.com\/se\/wp-json\/wp\/v2\/product_brand?post=13366"},{"taxonomy":"product_cat","embeddable":true,"href":"https:\/\/www.visionxeurope.com\/se\/wp-json\/wp\/v2\/product_cat?post=13366"},{"taxonomy":"product_tag","embeddable":true,"href":"https:\/\/www.visionxeurope.com\/se\/wp-json\/wp\/v2\/product_tag?post=13366"}],"curies":[{"name":"wp","href":"https:\/\/api.w.org\/{rel}","templated":true}]}}