{"id":13362,"date":"2014-04-23T09:56:27","date_gmt":"2014-04-23T07:56:27","guid":{"rendered":"https:\/\/www.visionxeurope.com\/se\/produkt\/vision-x-ir-bar-940nm-4-12w-25\/"},"modified":"2026-01-08T16:01:56","modified_gmt":"2026-01-08T15:01:56","slug":"vision-x-ir-bar-940nm-4-12w-25","status":"publish","type":"product","link":"https:\/\/www.visionxeurope.com\/se\/webbutik\/vision-x-ir-bar-940nm-4-12w-25\/","title":{"rendered":"VISION X IR BAR 940NM 4&#8243; 12W 25\u00b0"},"content":{"rendered":"<p><\/p>\n<p>Vision X leder utvecklingen p\u00e5 LED lampor och har ett komplett sortiment f\u00f6r alla typer av \u00e4ndam\u00e5l och finns nu \u00e4ven i IR utf\u00f6rande. Flera leveranser har skett till bland annat det Amerikanska f\u00f6rsvaret. F\u00f6rdelen med LED belysning \u00e4r m\u00e5nga som t. ex. LED lampan f\u00f6rbrukar ytterst lite str\u00f6m vilket \u00e4r viktigt vid applikationer p\u00e5 fordon som inte har stor str\u00f6mkapacitet.<\/p>\n<p><\/p>\n<p><\/p>\n<p>Livsl\u00e4ngden p\u00e5 en LED lampa \u00e4r 24 timmar per dygn i mer \u00e4n 25 \u00e5r. Ljusfl\u00f6det j\u00e4mf\u00f6rt med en konventionell lampa i samma storlek och \u00e4ven en s\u00e5 kallad HID lampa \u00e4r betydligt h\u00f6gre med en LED lampa. H\u00e5llbarheten, konstruktionen och livsl\u00e4ngden g\u00f6r att m\u00e5nga kronor kan sparas p\u00e5 LED lampans livsl\u00e4ngd.<\/p>\n<p><\/p>\n<p><\/p>\n<p><strong>Data:<br \/><\/strong>IR belysning<br \/>NM: 940<br \/>Lamphuset \u00e4r tillverkat i aluminium<br \/>30 graders h\u00f6jdjustering \u00e4r inbyggt i f\u00e4stet<br \/>Enkel installation med endast + &amp;amp &#8211; kabel<br \/>Sp\u00e4nning: 9-32V<br \/>Litet inbyggnadsm\u00e5tt<br \/>T\u00e5l h\u00e5rda p\u00e5frestningar fr\u00e5n v\u00e4der och vind<br \/>Str\u00f6mf\u00f6rbrukning: 1 Amp vid 12V<br \/>Klassning: IP68<br \/>Vibrations klass: 15.6G<br \/>L\u00e4ngd: 101.6mm.<br \/>H\u00f6jd: 69mm. (f\u00e4ste ej inr\u00e4knat)<br \/>Djup: 76.25mm.<br \/>Lins: Okrossbar polycarbonat<br \/>Antal LED: 4 st. x 3W<br \/>Watt: 12<br \/>R\u00e5a lumen: 720<br \/>Effektiva lumen: 396<br \/>Ljusbild: 25\u00b0 Euro (Finns \u00e4ven som 55\u00b0)<\/p>\n<p><\/p>\n<p><\/p>\n<p>(NORMALT BEST\u00c4LLNINGSVARA)<\/p>\n<p><\/p>","protected":false},"excerpt":{"rendered":"<p>Vision X leder utvecklingen p\u00e5 LED lampor och har ett komplett sortiment f\u00f6r alla typer av \u00e4ndam\u00e5l och finns nu \u00e4ven i IR utf\u00f6rande. Flera leveranser har skett till bland annat det Amerikanska f\u00f6rsvaret. F\u00f6rdelen med LED belysning \u00e4r m\u00e5nga som t. ex. LED lampan f\u00f6rbrukar ytterst lite str\u00f6m vilket \u00e4r viktigt vid applikationer p\u00e5 fordon som inte har stor str\u00f6mkapacitet.<\/p>\n<p>Livsl\u00e4ngden p\u00e5 en LED lampa \u00e4r 24 timmar per dygn i mer \u00e4n 25 \u00e5r. Ljusfl\u00f6det j\u00e4mf\u00f6rt med en konventionell lampa i samma storlek och \u00e4ven en s\u00e5 kallad HID lampa \u00e4r betydligt h\u00f6gre med en LED lampa. H\u00e5llbarheten, konstruktionen och livsl\u00e4ngden g\u00f6r att m\u00e5nga kronor kan sparas p\u00e5 LED lampans livsl\u00e4ngd.<\/p>\n<p><strong>Data:<br \/><\/strong>IR belysning<br \/>NM: 940<br \/>Lamphuset \u00e4r tillverkat i aluminium<br \/>30 graders h\u00f6jdjustering \u00e4r inbyggt i f\u00e4stet<br \/>Enkel installation med endast + &amp;amp &#8211; kabel<br \/>Sp\u00e4nning: 9-32V<br \/>Litet inbyggnadsm\u00e5tt<br \/>T\u00e5l h\u00e5rda p\u00e5frestningar fr\u00e5n v\u00e4der och vind<br \/>Str\u00f6mf\u00f6rbrukning: 1 Amp vid 12V<br \/>Klassning: IP68<br \/>Vibrations klass: 15.6G<br \/>L\u00e4ngd: 101.6mm.<br \/>H\u00f6jd: 69mm. (f\u00e4ste ej inr\u00e4knat)<br \/>Djup: 76.25mm.<br \/>Lins: Okrossbar polycarbonat<br \/>Antal LED: 4 st. x 3W<br \/>Watt: 12<br \/>R\u00e5a lumen: 720<br \/>Effektiva lumen: 396<br \/>Ljusbild: 25\u00b0 Euro (Finns \u00e4ven som 55\u00b0)<\/p>\n<p>(NORMALT BEST\u00c4LLNINGSVARA)<\/p>\n","protected":false},"featured_media":14859,"comment_status":"open","ping_status":"open","template":"","meta":{"editor_notices":[]},"product_brand":[],"product_cat":[63],"product_tag":[],"class_list":{"0":"post-13362","1":"product","2":"type-product","3":"status-publish","4":"has-post-thumbnail","6":"product_cat-ir","7":"resize-featured-image","8":"","9":"woocommerce-text-align-left","10":"woocommerce-image-align-center","12":"first","13":"instock","14":"taxable","15":"shipping-taxable","16":"product-type-simple"},"yoast_head":"<!-- This site is optimized with the Yoast SEO Premium plugin v25.0 (Yoast SEO v25.0) - https:\/\/yoast.com\/wordpress\/plugins\/seo\/ -->\n<title>VISION X IR BAR 940NM 4&quot; 12W 25\u00b0 - Vision X Europe<\/title>\n<meta name=\"robots\" content=\"index, follow, max-snippet:-1, max-image-preview:large, max-video-preview:-1\" \/>\n<link rel=\"canonical\" href=\"https:\/\/www.visionxeurope.com\/se\/webbutik\/vision-x-ir-bar-940nm-4-12w-25\/\" \/>\n<meta property=\"og:locale\" content=\"sv_SE\" \/>\n<meta property=\"og:type\" content=\"article\" \/>\n<meta property=\"og:title\" content=\"VISION X IR BAR 940NM 4&quot; 12W 25\u00b0\" \/>\n<meta property=\"og:description\" content=\"Vision X leder utvecklingen p\u00e5 LED lampor och har ett komplett sortiment f\u00f6r alla typer av \u00e4ndam\u00e5l och finns nu \u00e4ven i IR utf\u00f6rande. Flera leveranser har skett till bland annat det Amerikanska f\u00f6rsvaret. F\u00f6rdelen med LED belysning \u00e4r m\u00e5nga som t. ex. LED lampan f\u00f6rbrukar ytterst lite str\u00f6m vilket \u00e4r viktigt vid applikationer p\u00e5 fordon som inte har stor str\u00f6mkapacitet. Livsl\u00e4ngden p\u00e5 en LED lampa \u00e4r 24 timmar per dygn i mer \u00e4n 25 \u00e5r. Ljusfl\u00f6det j\u00e4mf\u00f6rt med en konventionell lampa i samma storlek och \u00e4ven en s\u00e5 kallad HID lampa \u00e4r betydligt h\u00f6gre med en LED lampa. H\u00e5llbarheten, konstruktionen och livsl\u00e4ngden g\u00f6r att m\u00e5nga kronor kan sparas p\u00e5 LED lampans livsl\u00e4ngd. Data:IR belysningNM: 940Lamphuset \u00e4r tillverkat i aluminium30 graders h\u00f6jdjustering \u00e4r inbyggt i f\u00e4stetEnkel installation med endast + &amp;amp &#8211; kabelSp\u00e4nning: 9-32VLitet inbyggnadsm\u00e5ttT\u00e5l h\u00e5rda p\u00e5frestningar fr\u00e5n v\u00e4der och vindStr\u00f6mf\u00f6rbrukning: 1 Amp vid 12VKlassning: IP68Vibrations klass: 15.6GL\u00e4ngd: 101.6mm.H\u00f6jd: 69mm. (f\u00e4ste ej inr\u00e4knat)Djup: 76.25mm.Lins: Okrossbar polycarbonatAntal LED: 4 st. x 3WWatt: 12R\u00e5a lumen: 720Effektiva lumen: 396Ljusbild: 25\u00b0 Euro (Finns \u00e4ven som 55\u00b0) (NORMALT BEST\u00c4LLNINGSVARA)\" \/>\n<meta property=\"og:url\" content=\"https:\/\/www.visionxeurope.com\/se\/webbutik\/vision-x-ir-bar-940nm-4-12w-25\/\" \/>\n<meta property=\"og:site_name\" content=\"Vision X Europe\" \/>\n<meta property=\"article:publisher\" content=\"https:\/\/www.facebook.com\/visionxeurope\" \/>\n<meta property=\"article:modified_time\" content=\"2026-01-08T15:01:56+00:00\" \/>\n<meta property=\"og:image\" content=\"https:\/\/www.rindab.se\/wp-content\/uploads\/sites\/7\/2022\/04\/XIL-40IR940.jpg\" \/>\n\t<meta property=\"og:image:width\" content=\"450\" \/>\n\t<meta property=\"og:image:height\" content=\"450\" \/>\n\t<meta property=\"og:image:type\" content=\"image\/jpeg\" \/>\n<meta name=\"twitter:card\" content=\"summary_large_image\" \/>\n<meta name=\"twitter:label1\" content=\"Pris\" \/>\n\t<meta name=\"twitter:data1\" content=\"1 514,00&nbsp;&#107;&#114; exkl. moms\" \/>\n\t<meta name=\"twitter:label2\" content=\"Tillg\u00e4nglig\" \/>\n\t<meta name=\"twitter:data2\" content=\"I lager\" \/>\n<script type=\"application\/ld+json\" class=\"yoast-schema-graph\">{\"@context\":\"https:\/\/schema.org\",\"@graph\":[{\"@type\":\"WebPage\",\"@id\":\"https:\/\/www.visionxeurope.com\/se\/webbutik\/vision-x-ir-bar-940nm-4-12w-25\/\",\"url\":\"https:\/\/www.visionxeurope.com\/se\/webbutik\/vision-x-ir-bar-940nm-4-12w-25\/\",\"name\":\"VISION X IR BAR 940NM 4\\\" 12W 25\u00b0 - Vision X Europe\",\"isPartOf\":{\"@id\":\"https:\/\/www.visionxeurope.com\/se\/#website\"},\"primaryImageOfPage\":{\"@id\":\"https:\/\/www.visionxeurope.com\/se\/webbutik\/vision-x-ir-bar-940nm-4-12w-25\/#primaryimage\"},\"image\":{\"@id\":\"https:\/\/www.visionxeurope.com\/se\/webbutik\/vision-x-ir-bar-940nm-4-12w-25\/#primaryimage\"},\"thumbnailUrl\":\"https:\/\/www.visionxeurope.com\/se\/wp-content\/uploads\/sites\/7\/2022\/04\/XIL-40IR940.jpg\",\"datePublished\":\"2014-04-23T07:56:27+00:00\",\"dateModified\":\"2026-01-08T15:01:56+00:00\",\"breadcrumb\":{\"@id\":\"https:\/\/www.visionxeurope.com\/se\/webbutik\/vision-x-ir-bar-940nm-4-12w-25\/#breadcrumb\"},\"inLanguage\":\"sv-SE\",\"potentialAction\":[{\"@type\":\"ReadAction\",\"target\":[\"https:\/\/www.visionxeurope.com\/se\/webbutik\/vision-x-ir-bar-940nm-4-12w-25\/\"]}]},{\"@type\":\"ImageObject\",\"inLanguage\":\"sv-SE\",\"@id\":\"https:\/\/www.visionxeurope.com\/se\/webbutik\/vision-x-ir-bar-940nm-4-12w-25\/#primaryimage\",\"url\":\"https:\/\/www.visionxeurope.com\/se\/wp-content\/uploads\/sites\/7\/2022\/04\/XIL-40IR940.jpg\",\"contentUrl\":\"https:\/\/www.visionxeurope.com\/se\/wp-content\/uploads\/sites\/7\/2022\/04\/XIL-40IR940.jpg\",\"width\":450,\"height\":450},{\"@type\":\"BreadcrumbList\",\"@id\":\"https:\/\/www.visionxeurope.com\/se\/webbutik\/vision-x-ir-bar-940nm-4-12w-25\/#breadcrumb\",\"itemListElement\":[{\"@type\":\"ListItem\",\"position\":1,\"name\":\"Hem\",\"item\":\"https:\/\/www.visionxeurope.com\/se\/\"},{\"@type\":\"ListItem\",\"position\":2,\"name\":\"Webbutik\",\"item\":\"https:\/\/www.visionxeurope.com\/se\/webbutik\/\"},{\"@type\":\"ListItem\",\"position\":3,\"name\":\"VISION X IR BAR 940NM 4&#8243; 12W 25\u00b0\"}]},{\"@type\":\"WebSite\",\"@id\":\"https:\/\/www.visionxeurope.com\/se\/#website\",\"url\":\"https:\/\/www.visionxeurope.com\/se\/\",\"name\":\"Vision X Europe\",\"description\":\"\",\"publisher\":{\"@id\":\"https:\/\/www.visionxeurope.com\/se\/#organization\"},\"potentialAction\":[{\"@type\":\"SearchAction\",\"target\":{\"@type\":\"EntryPoint\",\"urlTemplate\":\"https:\/\/www.visionxeurope.com\/se\/?s={search_term_string}\"},\"query-input\":{\"@type\":\"PropertyValueSpecification\",\"valueRequired\":true,\"valueName\":\"search_term_string\"}}],\"inLanguage\":\"sv-SE\"},{\"@type\":\"Organization\",\"@id\":\"https:\/\/www.visionxeurope.com\/se\/#organization\",\"name\":\"Vision X Europe\",\"url\":\"https:\/\/www.visionxeurope.com\/se\/\",\"logo\":{\"@type\":\"ImageObject\",\"inLanguage\":\"sv-SE\",\"@id\":\"https:\/\/www.visionxeurope.com\/se\/#\/schema\/logo\/image\/\",\"url\":\"https:\/\/www.visionxeurope.com\/se\/wp-content\/uploads\/sites\/7\/2021\/04\/visionxeurope.png\",\"contentUrl\":\"https:\/\/www.visionxeurope.com\/se\/wp-content\/uploads\/sites\/7\/2021\/04\/visionxeurope.png\",\"width\":300,\"height\":110,\"caption\":\"Vision X Europe\"},\"image\":{\"@id\":\"https:\/\/www.visionxeurope.com\/se\/#\/schema\/logo\/image\/\"},\"sameAs\":[\"https:\/\/www.facebook.com\/visionxeurope\",\"https:\/\/www.instagram.com\/visionxeurope\/\"]}]}<\/script>\n<meta property=\"product:price:amount\" content=\"1514.00\" \/>\n<meta property=\"product:price:currency\" content=\"SEK\" \/>\n<meta property=\"og:availability\" content=\"instock\" \/>\n<meta property=\"product:availability\" content=\"instock\" \/>\n<meta property=\"product:retailer_item_id\" content=\"XIL-40IR940\" \/>\n<meta property=\"product:condition\" content=\"new\" \/>\n<!-- \/ Yoast SEO Premium plugin. -->","yoast_head_json":{"title":"VISION X IR BAR 940NM 4\" 12W 25\u00b0 - Vision X Europe","robots":{"index":"index","follow":"follow","max-snippet":"max-snippet:-1","max-image-preview":"max-image-preview:large","max-video-preview":"max-video-preview:-1"},"canonical":"https:\/\/www.visionxeurope.com\/se\/webbutik\/vision-x-ir-bar-940nm-4-12w-25\/","og_locale":"sv_SE","og_type":"article","og_title":"VISION X IR BAR 940NM 4\" 12W 25\u00b0","og_description":"Vision X leder utvecklingen p\u00e5 LED lampor och har ett komplett sortiment f\u00f6r alla typer av \u00e4ndam\u00e5l och finns nu \u00e4ven i IR utf\u00f6rande. Flera leveranser har skett till bland annat det Amerikanska f\u00f6rsvaret. F\u00f6rdelen med LED belysning \u00e4r m\u00e5nga som t. ex. LED lampan f\u00f6rbrukar ytterst lite str\u00f6m vilket \u00e4r viktigt vid applikationer p\u00e5 fordon som inte har stor str\u00f6mkapacitet. Livsl\u00e4ngden p\u00e5 en LED lampa \u00e4r 24 timmar per dygn i mer \u00e4n 25 \u00e5r. Ljusfl\u00f6det j\u00e4mf\u00f6rt med en konventionell lampa i samma storlek och \u00e4ven en s\u00e5 kallad HID lampa \u00e4r betydligt h\u00f6gre med en LED lampa. H\u00e5llbarheten, konstruktionen och livsl\u00e4ngden g\u00f6r att m\u00e5nga kronor kan sparas p\u00e5 LED lampans livsl\u00e4ngd. Data:IR belysningNM: 940Lamphuset \u00e4r tillverkat i aluminium30 graders h\u00f6jdjustering \u00e4r inbyggt i f\u00e4stetEnkel installation med endast + &amp;amp &#8211; kabelSp\u00e4nning: 9-32VLitet inbyggnadsm\u00e5ttT\u00e5l h\u00e5rda p\u00e5frestningar fr\u00e5n v\u00e4der och vindStr\u00f6mf\u00f6rbrukning: 1 Amp vid 12VKlassning: IP68Vibrations klass: 15.6GL\u00e4ngd: 101.6mm.H\u00f6jd: 69mm. (f\u00e4ste ej inr\u00e4knat)Djup: 76.25mm.Lins: Okrossbar polycarbonatAntal LED: 4 st. x 3WWatt: 12R\u00e5a lumen: 720Effektiva lumen: 396Ljusbild: 25\u00b0 Euro (Finns \u00e4ven som 55\u00b0) (NORMALT BEST\u00c4LLNINGSVARA)","og_url":"https:\/\/www.visionxeurope.com\/se\/webbutik\/vision-x-ir-bar-940nm-4-12w-25\/","og_site_name":"Vision X Europe","article_publisher":"https:\/\/www.facebook.com\/visionxeurope","article_modified_time":"2026-01-08T15:01:56+00:00","og_image":[{"width":450,"height":450,"url":"https:\/\/www.rindab.se\/wp-content\/uploads\/sites\/7\/2022\/04\/XIL-40IR940.jpg","type":"image\/jpeg"}],"twitter_card":"summary_large_image","twitter_misc":{"Pris":"1 514,00&nbsp;&#107;&#114; exkl. moms","Tillg\u00e4nglig":"I lager"},"schema":{"@context":"https:\/\/schema.org","@graph":[{"@type":"WebPage","@id":"https:\/\/www.visionxeurope.com\/se\/webbutik\/vision-x-ir-bar-940nm-4-12w-25\/","url":"https:\/\/www.visionxeurope.com\/se\/webbutik\/vision-x-ir-bar-940nm-4-12w-25\/","name":"VISION X IR BAR 940NM 4\" 12W 25\u00b0 - Vision X Europe","isPartOf":{"@id":"https:\/\/www.visionxeurope.com\/se\/#website"},"primaryImageOfPage":{"@id":"https:\/\/www.visionxeurope.com\/se\/webbutik\/vision-x-ir-bar-940nm-4-12w-25\/#primaryimage"},"image":{"@id":"https:\/\/www.visionxeurope.com\/se\/webbutik\/vision-x-ir-bar-940nm-4-12w-25\/#primaryimage"},"thumbnailUrl":"https:\/\/www.visionxeurope.com\/se\/wp-content\/uploads\/sites\/7\/2022\/04\/XIL-40IR940.jpg","datePublished":"2014-04-23T07:56:27+00:00","dateModified":"2026-01-08T15:01:56+00:00","breadcrumb":{"@id":"https:\/\/www.visionxeurope.com\/se\/webbutik\/vision-x-ir-bar-940nm-4-12w-25\/#breadcrumb"},"inLanguage":"sv-SE","potentialAction":[{"@type":"ReadAction","target":["https:\/\/www.visionxeurope.com\/se\/webbutik\/vision-x-ir-bar-940nm-4-12w-25\/"]}]},{"@type":"ImageObject","inLanguage":"sv-SE","@id":"https:\/\/www.visionxeurope.com\/se\/webbutik\/vision-x-ir-bar-940nm-4-12w-25\/#primaryimage","url":"https:\/\/www.visionxeurope.com\/se\/wp-content\/uploads\/sites\/7\/2022\/04\/XIL-40IR940.jpg","contentUrl":"https:\/\/www.visionxeurope.com\/se\/wp-content\/uploads\/sites\/7\/2022\/04\/XIL-40IR940.jpg","width":450,"height":450},{"@type":"BreadcrumbList","@id":"https:\/\/www.visionxeurope.com\/se\/webbutik\/vision-x-ir-bar-940nm-4-12w-25\/#breadcrumb","itemListElement":[{"@type":"ListItem","position":1,"name":"Hem","item":"https:\/\/www.visionxeurope.com\/se\/"},{"@type":"ListItem","position":2,"name":"Webbutik","item":"https:\/\/www.visionxeurope.com\/se\/webbutik\/"},{"@type":"ListItem","position":3,"name":"VISION X IR BAR 940NM 4&#8243; 12W 25\u00b0"}]},{"@type":"WebSite","@id":"https:\/\/www.visionxeurope.com\/se\/#website","url":"https:\/\/www.visionxeurope.com\/se\/","name":"Vision X Europe","description":"","publisher":{"@id":"https:\/\/www.visionxeurope.com\/se\/#organization"},"potentialAction":[{"@type":"SearchAction","target":{"@type":"EntryPoint","urlTemplate":"https:\/\/www.visionxeurope.com\/se\/?s={search_term_string}"},"query-input":{"@type":"PropertyValueSpecification","valueRequired":true,"valueName":"search_term_string"}}],"inLanguage":"sv-SE"},{"@type":"Organization","@id":"https:\/\/www.visionxeurope.com\/se\/#organization","name":"Vision X Europe","url":"https:\/\/www.visionxeurope.com\/se\/","logo":{"@type":"ImageObject","inLanguage":"sv-SE","@id":"https:\/\/www.visionxeurope.com\/se\/#\/schema\/logo\/image\/","url":"https:\/\/www.visionxeurope.com\/se\/wp-content\/uploads\/sites\/7\/2021\/04\/visionxeurope.png","contentUrl":"https:\/\/www.visionxeurope.com\/se\/wp-content\/uploads\/sites\/7\/2021\/04\/visionxeurope.png","width":300,"height":110,"caption":"Vision X Europe"},"image":{"@id":"https:\/\/www.visionxeurope.com\/se\/#\/schema\/logo\/image\/"},"sameAs":["https:\/\/www.facebook.com\/visionxeurope","https:\/\/www.instagram.com\/visionxeurope\/"]}]},"product_price_amount":"1514.00","product_price_currency":"SEK","og_availability":"instock","product_availability":"instock","product_retailer_item_id":"XIL-40IR940","product_condition":"new"},"_links":{"self":[{"href":"https:\/\/www.visionxeurope.com\/se\/wp-json\/wp\/v2\/product\/13362","targetHints":{"allow":["GET"]}}],"collection":[{"href":"https:\/\/www.visionxeurope.com\/se\/wp-json\/wp\/v2\/product"}],"about":[{"href":"https:\/\/www.visionxeurope.com\/se\/wp-json\/wp\/v2\/types\/product"}],"replies":[{"embeddable":true,"href":"https:\/\/www.visionxeurope.com\/se\/wp-json\/wp\/v2\/comments?post=13362"}],"wp:featuredmedia":[{"embeddable":true,"href":"https:\/\/www.visionxeurope.com\/se\/wp-json\/wp\/v2\/media\/14859"}],"wp:attachment":[{"href":"https:\/\/www.visionxeurope.com\/se\/wp-json\/wp\/v2\/media?parent=13362"}],"wp:term":[{"taxonomy":"product_brand","embeddable":true,"href":"https:\/\/www.visionxeurope.com\/se\/wp-json\/wp\/v2\/product_brand?post=13362"},{"taxonomy":"product_cat","embeddable":true,"href":"https:\/\/www.visionxeurope.com\/se\/wp-json\/wp\/v2\/product_cat?post=13362"},{"taxonomy":"product_tag","embeddable":true,"href":"https:\/\/www.visionxeurope.com\/se\/wp-json\/wp\/v2\/product_tag?post=13362"}],"curies":[{"name":"wp","href":"https:\/\/api.w.org\/{rel}","templated":true}]}}