{"id":13338,"date":"2020-10-27T06:49:00","date_gmt":"2020-10-27T05:49:00","guid":{"rendered":"https:\/\/www.visionxeurope.com\/se\/produkt\/vision-x-unite-led-modul-orange-ljus-40-svart-bakgrund\/"},"modified":"2026-01-08T18:20:26","modified_gmt":"2026-01-08T17:20:26","slug":"vision-x-unite-led-modul-orange-ljus-40-svart-bakgrund","status":"publish","type":"product","link":"https:\/\/www.visionxeurope.com\/se\/webbutik\/vision-x-unite-led-modul-orange-ljus-40-svart-bakgrund\/","title":{"rendered":"VISION X UNITE LED MODUL &#8211; ORANGE LJUS &#8211; 40\u00b0 &#8211; SVART BAKGRUND"},"content":{"rendered":"<p><\/p>\n<p>Vision X Unite Modul\u00e4r LED ramp ger dig m\u00f6jligheten bygga din ledramp med o\u00e4ndliga konfigurationsm\u00f6jligheter. Vision X helt nya snabbanslutning l\u00e5ter dig enkelt montera ihop och byta runt modulerna du v\u00e4ljer.<\/p>\n<p><\/p>\n<p><\/p>\n<p>Skenan erbjuds i b\u00e5de raka l\u00e4ngder mellan 6&#8243; till 50&#8243; (15-131cm) och b\u00f6jda l\u00e4ngder mellan 20&#8243; till 50&#8243; (50-125cm)<\/p>\n<p><\/p>\n<p><\/p>\n<p>Varje modul har 4 lysdioder med avancerad optisk design som finns i 8 olika varianter f\u00f6r att passa just dina behov och \u00f6nskem\u00e5l.<\/p>\n<p><\/p>\n<p><\/p>\n<p><em>Slide and Lock systemet: <\/em>snabbkopplingssystemet med skenan g\u00f6r det v\u00e4ldigt enkelt att f\u00f6ra in en modul p\u00e5 skenan, flytta till \u00f6nskad position och f\u00f6rankra med de rostfria monteringsdetaljerna.<\/p>\n<p><\/p>\n<p><\/p>\n<p>Vattent\u00e4ta H-kontakter sitter p\u00e5 b\u00e5da sidorna moduler f\u00f6r att kunna \u00f6verf\u00f6ra str\u00f6m fr\u00e5n den ena modulen n\u00e4sta osv.<br \/>Det finns \u00e4ven olika y-kontakter om du vill ha oranga p\u00e5 sidorna med blink medan vita i mitten kopplat till helljus.<br \/>D\u00e5 m\u00e5ste de oranga kopplas ihop med varandra men inte ihop med de vita.<\/p>\n<p><\/p>\n<p><\/p>\n<p>Karakt\u00e4ren p\u00e5 ljuset \u00e4r ganska fylligt s\u00e5 vill du anv\u00e4nda det som extraljus s\u00e5 \u00f6verv\u00e4g majoriten 10 graders moduler och f\u00f6r l\u00e5gt montage men \u00f6kad bredd s\u00e5 v\u00e4lj alla 10 grader och b\u00f6jd skena f\u00f6rslagsvis.<\/p>\n<p><\/p>\n<p><\/p>\n<p>Sv\u00e5rt att v\u00e4lja r\u00e4tt ljusbild?<br \/>F\u00f6r takmontage har man nytta av den \u00f6kade vertikala spridningen i 40 graders modulerna och kan med f\u00f6rdelen har flera s\u00e5dana d\u00e4r. L\u00e4mpligt \u00e4r att montera dem ytterst s\u00e5 de kan lysa snett ned\u00e5t i dikena. Sitter ljusrampen l\u00e5ngt fram likt p\u00e5 hytten av en lastbil eller maskin kan du v\u00e4lja alla poddar i 40 grader och \u00e4nd\u00e5 dra nytta av allt ljus d\u00e5 det sitter tillr\u00e4ckligt l\u00e5ngt fram men k\u00f6r man fr\u00e4mst 70-90 v\u00e4gar s\u00e5 rekommenderas majoriten 10 grader \u00e4nd\u00e5 och 40 grader p\u00e5 \u00e4ndrarna och i en maskin som k\u00f6r 30 grader s\u00e5 blir det bra med alla i 40 grader med kanske n\u00e5gon enstaka 10 graders spot i mitten.<\/p>\n<p><\/p>\n<p><\/p>\n<p id=\"h-data\">Data:<\/p>\n<p><\/p>\n<p><\/p>\n<p>* Modul\u00e4rbart system d\u00e4r du kan konfigurera ljusbild enkelt efter \u00f6nskem\u00e5l<br \/>* 8 Different Unite Modules to Choose From<br \/>* V\u00e4lj mellan 10 grader punktljus f\u00f6r l\u00e5ng r\u00e4ckvidd eller 40 graders floodljus f\u00f6r mycket n\u00e4rljus<br \/>* V\u00e4lj mellan vitt ljus eller orange ljus<br \/>* V\u00e4lj mellan svart bakgrund eller ljus bakgrund<br \/>* V\u00e4lj mellan b\u00f6jd skena eller rak skena att f\u00e4sta modulerna i<br \/>* 2000+ lumen per modul (Vit LED)<br \/>* Advanced Precision Optics<br \/>* IP68 &amp; IP69K tryckvattent\u00e4t<br \/>* 5,5 \u00e5rs funktionsgaranti<\/p>\n<p><\/p>","protected":false},"excerpt":{"rendered":"<p>Vision X Unite Modul\u00e4r LED ramp ger dig m\u00f6jligheten bygga din ledramp med o\u00e4ndliga konfigurationsm\u00f6jligheter. Vision X helt nya snabbanslutning l\u00e5ter dig enkelt montera ihop och byta runt modulerna du v\u00e4ljer.<\/p>\n<p>Skenan erbjuds i b\u00e5de raka l\u00e4ngder mellan 6&#8243; till 50&#8243; (15-131cm) och b\u00f6jda l\u00e4ngder mellan 20&#8243; till 50&#8243; (50-125cm)<\/p>\n<p>Varje modul har 4 lysdioder med avancerad optisk design som finns i 8 olika varianter f\u00f6r att passa just dina behov och \u00f6nskem\u00e5l.<\/p>\n<p><em>Slide and Lock systemet: <\/em>snabbkopplingssystemet med skenan g\u00f6r det v\u00e4ldigt enkelt att f\u00f6ra in en modul p\u00e5 skenan, flytta till \u00f6nskad position och f\u00f6rankra med de rostfria monteringsdetaljerna.<\/p>\n<p>Vattent\u00e4ta H-kontakter sitter p\u00e5 b\u00e5da sidorna moduler f\u00f6r att kunna \u00f6verf\u00f6ra str\u00f6m fr\u00e5n den ena modulen n\u00e4sta osv.<br \/>Det finns \u00e4ven olika y-kontakter om du vill ha oranga p\u00e5 sidorna med blink medan vita i mitten kopplat till helljus.<br \/>D\u00e5 m\u00e5ste de oranga kopplas ihop med varandra men inte ihop med de vita.<\/p>\n<p>Karakt\u00e4ren p\u00e5 ljuset \u00e4r ganska fylligt s\u00e5 vill du anv\u00e4nda det som extraljus s\u00e5 \u00f6verv\u00e4g majoriten 10 graders moduler och f\u00f6r l\u00e5gt montage men \u00f6kad bredd s\u00e5 v\u00e4lj alla 10 grader och b\u00f6jd skena f\u00f6rslagsvis.<\/p>\n<p>Sv\u00e5rt att v\u00e4lja r\u00e4tt ljusbild?<br \/>F\u00f6r takmontage har man nytta av den \u00f6kade vertikala spridningen i 40 graders modulerna och kan med f\u00f6rdelen har flera s\u00e5dana d\u00e4r. L\u00e4mpligt \u00e4r att montera dem ytterst s\u00e5 de kan lysa snett ned\u00e5t i dikena. Sitter ljusrampen l\u00e5ngt fram likt p\u00e5 hytten av en lastbil eller maskin kan du v\u00e4lja alla poddar i 40 grader och \u00e4nd\u00e5 dra nytta av allt ljus d\u00e5 det sitter tillr\u00e4ckligt l\u00e5ngt fram men k\u00f6r man fr\u00e4mst 70-90 v\u00e4gar s\u00e5 rekommenderas majoriten 10 grader \u00e4nd\u00e5 och 40 grader p\u00e5 \u00e4ndrarna och i en maskin som k\u00f6r 30 grader s\u00e5 blir det bra med alla i 40 grader med kanske n\u00e5gon enstaka 10 graders spot i mitten.<\/p>\n<p id=\"h-data\">Data:<\/p>\n<p>* Modul\u00e4rbart system d\u00e4r du kan konfigurera ljusbild enkelt efter \u00f6nskem\u00e5l<br \/>* 8 Different Unite Modules to Choose From<br \/>* V\u00e4lj mellan 10 grader punktljus f\u00f6r l\u00e5ng r\u00e4ckvidd eller 40 graders floodljus f\u00f6r mycket n\u00e4rljus<br \/>* V\u00e4lj mellan vitt ljus eller orange ljus<br \/>* V\u00e4lj mellan svart bakgrund eller ljus bakgrund<br \/>* V\u00e4lj mellan b\u00f6jd skena eller rak skena att f\u00e4sta modulerna i<br \/>* 2000+ lumen per modul (Vit LED)<br \/>* Advanced Precision Optics<br \/>* IP68 &amp; IP69K tryckvattent\u00e4t<br \/>* 5,5 \u00e5rs funktionsgaranti<\/p>\n","protected":false},"featured_media":14805,"comment_status":"open","ping_status":"open","template":"","meta":{"editor_notices":[]},"product_brand":[],"product_cat":[56],"product_tag":[],"class_list":{"0":"post-13338","1":"product","2":"type-product","3":"status-publish","4":"has-post-thumbnail","6":"product_cat-unite-series","7":"resize-featured-image","8":"","9":"woocommerce-text-align-left","10":"woocommerce-image-align-center","12":"first","13":"instock","14":"taxable","15":"shipping-taxable","16":"product-type-simple"},"yoast_head":"<!-- This site is optimized with the Yoast SEO Premium plugin v25.0 (Yoast SEO v25.0) - https:\/\/yoast.com\/wordpress\/plugins\/seo\/ -->\n<title>VISION X UNITE LED MODUL - ORANGE LJUS - 40\u00b0 - SVART BAKGRUND - Vision X Europe<\/title>\n<meta name=\"robots\" content=\"index, follow, max-snippet:-1, max-image-preview:large, max-video-preview:-1\" \/>\n<link rel=\"canonical\" href=\"https:\/\/www.visionxeurope.com\/se\/webbutik\/vision-x-unite-led-modul-orange-ljus-40-svart-bakgrund\/\" \/>\n<meta property=\"og:locale\" content=\"sv_SE\" \/>\n<meta property=\"og:type\" content=\"article\" \/>\n<meta property=\"og:title\" content=\"VISION X UNITE LED MODUL - ORANGE LJUS - 40\u00b0 - SVART BAKGRUND\" \/>\n<meta property=\"og:description\" content=\"Vision X Unite Modul\u00e4r LED ramp ger dig m\u00f6jligheten bygga din ledramp med o\u00e4ndliga konfigurationsm\u00f6jligheter. Vision X helt nya snabbanslutning l\u00e5ter dig enkelt montera ihop och byta runt modulerna du v\u00e4ljer. Skenan erbjuds i b\u00e5de raka l\u00e4ngder mellan 6&#8243; till 50&#8243; (15-131cm) och b\u00f6jda l\u00e4ngder mellan 20&#8243; till 50&#8243; (50-125cm) Varje modul har 4 lysdioder med avancerad optisk design som finns i 8 olika varianter f\u00f6r att passa just dina behov och \u00f6nskem\u00e5l. Slide and Lock systemet: snabbkopplingssystemet med skenan g\u00f6r det v\u00e4ldigt enkelt att f\u00f6ra in en modul p\u00e5 skenan, flytta till \u00f6nskad position och f\u00f6rankra med de rostfria monteringsdetaljerna. Vattent\u00e4ta H-kontakter sitter p\u00e5 b\u00e5da sidorna moduler f\u00f6r att kunna \u00f6verf\u00f6ra str\u00f6m fr\u00e5n den ena modulen n\u00e4sta osv.Det finns \u00e4ven olika y-kontakter om du vill ha oranga p\u00e5 sidorna med blink medan vita i mitten kopplat till helljus.D\u00e5 m\u00e5ste de oranga kopplas ihop med varandra men inte ihop med de vita. Karakt\u00e4ren p\u00e5 ljuset \u00e4r ganska fylligt s\u00e5 vill du anv\u00e4nda det som extraljus s\u00e5 \u00f6verv\u00e4g majoriten 10 graders moduler och f\u00f6r l\u00e5gt montage men \u00f6kad bredd s\u00e5 v\u00e4lj alla 10 grader och b\u00f6jd skena f\u00f6rslagsvis. Sv\u00e5rt att v\u00e4lja r\u00e4tt ljusbild?F\u00f6r takmontage har man nytta av den \u00f6kade vertikala spridningen i 40 graders modulerna och kan med f\u00f6rdelen har flera s\u00e5dana d\u00e4r. L\u00e4mpligt \u00e4r att montera dem ytterst s\u00e5 de kan lysa snett ned\u00e5t i dikena. Sitter ljusrampen l\u00e5ngt fram likt p\u00e5 hytten av en lastbil eller maskin kan du v\u00e4lja alla poddar i 40 grader och \u00e4nd\u00e5 dra nytta av allt ljus d\u00e5 det sitter tillr\u00e4ckligt l\u00e5ngt fram men k\u00f6r man fr\u00e4mst 70-90 v\u00e4gar s\u00e5 rekommenderas majoriten 10 grader \u00e4nd\u00e5 och 40 grader p\u00e5 \u00e4ndrarna och i en maskin som k\u00f6r 30 grader s\u00e5 blir det bra med alla i 40 grader med kanske n\u00e5gon enstaka 10 graders spot i mitten. Data: * Modul\u00e4rbart system d\u00e4r du kan konfigurera ljusbild enkelt efter \u00f6nskem\u00e5l* 8 Different Unite Modules to Choose From* V\u00e4lj mellan 10 grader punktljus f\u00f6r l\u00e5ng r\u00e4ckvidd eller 40 graders floodljus f\u00f6r mycket n\u00e4rljus* V\u00e4lj mellan vitt ljus eller orange ljus* V\u00e4lj mellan svart bakgrund eller ljus bakgrund* V\u00e4lj mellan b\u00f6jd skena eller rak skena att f\u00e4sta modulerna i* 2000+ lumen per modul (Vit LED)* Advanced Precision Optics* IP68 &amp; IP69K tryckvattent\u00e4t* 5,5 \u00e5rs funktionsgaranti\" \/>\n<meta property=\"og:url\" content=\"https:\/\/www.visionxeurope.com\/se\/webbutik\/vision-x-unite-led-modul-orange-ljus-40-svart-bakgrund\/\" \/>\n<meta property=\"og:site_name\" content=\"Vision X Europe\" \/>\n<meta property=\"article:publisher\" content=\"https:\/\/www.facebook.com\/visionxeurope\" \/>\n<meta property=\"article:modified_time\" content=\"2026-01-08T17:20:26+00:00\" \/>\n<meta property=\"og:image\" content=\"https:\/\/www.rindab.se\/wp-content\/uploads\/sites\/7\/2022\/04\/VXU-SB440A-3.jpg\" \/>\n\t<meta property=\"og:image:width\" content=\"1500\" \/>\n\t<meta property=\"og:image:height\" content=\"1500\" \/>\n\t<meta property=\"og:image:type\" content=\"image\/jpeg\" \/>\n<meta name=\"twitter:card\" content=\"summary_large_image\" \/>\n<meta name=\"twitter:label1\" content=\"Pris\" \/>\n\t<meta name=\"twitter:data1\" content=\"682,00&nbsp;&#107;&#114; exkl. moms\" \/>\n\t<meta name=\"twitter:label2\" content=\"Tillg\u00e4nglig\" \/>\n\t<meta name=\"twitter:data2\" content=\"I lager\" \/>\n<script type=\"application\/ld+json\" class=\"yoast-schema-graph\">{\"@context\":\"https:\/\/schema.org\",\"@graph\":[{\"@type\":\"WebPage\",\"@id\":\"https:\/\/www.visionxeurope.com\/se\/webbutik\/vision-x-unite-led-modul-orange-ljus-40-svart-bakgrund\/\",\"url\":\"https:\/\/www.visionxeurope.com\/se\/webbutik\/vision-x-unite-led-modul-orange-ljus-40-svart-bakgrund\/\",\"name\":\"VISION X UNITE LED MODUL - ORANGE LJUS - 40\u00b0 - SVART BAKGRUND - Vision X Europe\",\"isPartOf\":{\"@id\":\"https:\/\/www.visionxeurope.com\/se\/#website\"},\"primaryImageOfPage\":{\"@id\":\"https:\/\/www.visionxeurope.com\/se\/webbutik\/vision-x-unite-led-modul-orange-ljus-40-svart-bakgrund\/#primaryimage\"},\"image\":{\"@id\":\"https:\/\/www.visionxeurope.com\/se\/webbutik\/vision-x-unite-led-modul-orange-ljus-40-svart-bakgrund\/#primaryimage\"},\"thumbnailUrl\":\"https:\/\/www.visionxeurope.com\/se\/wp-content\/uploads\/sites\/7\/2022\/04\/VXU-SB440A-3.jpg\",\"datePublished\":\"2020-10-27T05:49:00+00:00\",\"dateModified\":\"2026-01-08T17:20:26+00:00\",\"breadcrumb\":{\"@id\":\"https:\/\/www.visionxeurope.com\/se\/webbutik\/vision-x-unite-led-modul-orange-ljus-40-svart-bakgrund\/#breadcrumb\"},\"inLanguage\":\"sv-SE\",\"potentialAction\":[{\"@type\":\"ReadAction\",\"target\":[\"https:\/\/www.visionxeurope.com\/se\/webbutik\/vision-x-unite-led-modul-orange-ljus-40-svart-bakgrund\/\"]}]},{\"@type\":\"ImageObject\",\"inLanguage\":\"sv-SE\",\"@id\":\"https:\/\/www.visionxeurope.com\/se\/webbutik\/vision-x-unite-led-modul-orange-ljus-40-svart-bakgrund\/#primaryimage\",\"url\":\"https:\/\/www.visionxeurope.com\/se\/wp-content\/uploads\/sites\/7\/2022\/04\/VXU-SB440A-3.jpg\",\"contentUrl\":\"https:\/\/www.visionxeurope.com\/se\/wp-content\/uploads\/sites\/7\/2022\/04\/VXU-SB440A-3.jpg\",\"width\":1500,\"height\":1500},{\"@type\":\"BreadcrumbList\",\"@id\":\"https:\/\/www.visionxeurope.com\/se\/webbutik\/vision-x-unite-led-modul-orange-ljus-40-svart-bakgrund\/#breadcrumb\",\"itemListElement\":[{\"@type\":\"ListItem\",\"position\":1,\"name\":\"Hem\",\"item\":\"https:\/\/www.visionxeurope.com\/se\/\"},{\"@type\":\"ListItem\",\"position\":2,\"name\":\"Webbutik\",\"item\":\"https:\/\/www.visionxeurope.com\/se\/webbutik\/\"},{\"@type\":\"ListItem\",\"position\":3,\"name\":\"VISION X UNITE LED MODUL &#8211; ORANGE LJUS &#8211; 40\u00b0 &#8211; SVART BAKGRUND\"}]},{\"@type\":\"WebSite\",\"@id\":\"https:\/\/www.visionxeurope.com\/se\/#website\",\"url\":\"https:\/\/www.visionxeurope.com\/se\/\",\"name\":\"Vision X Europe\",\"description\":\"\",\"publisher\":{\"@id\":\"https:\/\/www.visionxeurope.com\/se\/#organization\"},\"potentialAction\":[{\"@type\":\"SearchAction\",\"target\":{\"@type\":\"EntryPoint\",\"urlTemplate\":\"https:\/\/www.visionxeurope.com\/se\/?s={search_term_string}\"},\"query-input\":{\"@type\":\"PropertyValueSpecification\",\"valueRequired\":true,\"valueName\":\"search_term_string\"}}],\"inLanguage\":\"sv-SE\"},{\"@type\":\"Organization\",\"@id\":\"https:\/\/www.visionxeurope.com\/se\/#organization\",\"name\":\"Vision X Europe\",\"url\":\"https:\/\/www.visionxeurope.com\/se\/\",\"logo\":{\"@type\":\"ImageObject\",\"inLanguage\":\"sv-SE\",\"@id\":\"https:\/\/www.visionxeurope.com\/se\/#\/schema\/logo\/image\/\",\"url\":\"https:\/\/www.visionxeurope.com\/se\/wp-content\/uploads\/sites\/7\/2021\/04\/visionxeurope.png\",\"contentUrl\":\"https:\/\/www.visionxeurope.com\/se\/wp-content\/uploads\/sites\/7\/2021\/04\/visionxeurope.png\",\"width\":300,\"height\":110,\"caption\":\"Vision X Europe\"},\"image\":{\"@id\":\"https:\/\/www.visionxeurope.com\/se\/#\/schema\/logo\/image\/\"},\"sameAs\":[\"https:\/\/www.facebook.com\/visionxeurope\",\"https:\/\/www.instagram.com\/visionxeurope\/\"]}]}<\/script>\n<meta property=\"product:price:amount\" content=\"682.00\" \/>\n<meta property=\"product:price:currency\" content=\"SEK\" \/>\n<meta property=\"og:availability\" content=\"instock\" \/>\n<meta property=\"product:availability\" content=\"instock\" \/>\n<meta property=\"product:retailer_item_id\" content=\"VXU-SB440A\" \/>\n<meta property=\"product:condition\" content=\"new\" \/>\n<!-- \/ Yoast SEO Premium plugin. -->","yoast_head_json":{"title":"VISION X UNITE LED MODUL - ORANGE LJUS - 40\u00b0 - SVART BAKGRUND - Vision X Europe","robots":{"index":"index","follow":"follow","max-snippet":"max-snippet:-1","max-image-preview":"max-image-preview:large","max-video-preview":"max-video-preview:-1"},"canonical":"https:\/\/www.visionxeurope.com\/se\/webbutik\/vision-x-unite-led-modul-orange-ljus-40-svart-bakgrund\/","og_locale":"sv_SE","og_type":"article","og_title":"VISION X UNITE LED MODUL - ORANGE LJUS - 40\u00b0 - SVART BAKGRUND","og_description":"Vision X Unite Modul\u00e4r LED ramp ger dig m\u00f6jligheten bygga din ledramp med o\u00e4ndliga konfigurationsm\u00f6jligheter. Vision X helt nya snabbanslutning l\u00e5ter dig enkelt montera ihop och byta runt modulerna du v\u00e4ljer. Skenan erbjuds i b\u00e5de raka l\u00e4ngder mellan 6&#8243; till 50&#8243; (15-131cm) och b\u00f6jda l\u00e4ngder mellan 20&#8243; till 50&#8243; (50-125cm) Varje modul har 4 lysdioder med avancerad optisk design som finns i 8 olika varianter f\u00f6r att passa just dina behov och \u00f6nskem\u00e5l. Slide and Lock systemet: snabbkopplingssystemet med skenan g\u00f6r det v\u00e4ldigt enkelt att f\u00f6ra in en modul p\u00e5 skenan, flytta till \u00f6nskad position och f\u00f6rankra med de rostfria monteringsdetaljerna. Vattent\u00e4ta H-kontakter sitter p\u00e5 b\u00e5da sidorna moduler f\u00f6r att kunna \u00f6verf\u00f6ra str\u00f6m fr\u00e5n den ena modulen n\u00e4sta osv.Det finns \u00e4ven olika y-kontakter om du vill ha oranga p\u00e5 sidorna med blink medan vita i mitten kopplat till helljus.D\u00e5 m\u00e5ste de oranga kopplas ihop med varandra men inte ihop med de vita. Karakt\u00e4ren p\u00e5 ljuset \u00e4r ganska fylligt s\u00e5 vill du anv\u00e4nda det som extraljus s\u00e5 \u00f6verv\u00e4g majoriten 10 graders moduler och f\u00f6r l\u00e5gt montage men \u00f6kad bredd s\u00e5 v\u00e4lj alla 10 grader och b\u00f6jd skena f\u00f6rslagsvis. Sv\u00e5rt att v\u00e4lja r\u00e4tt ljusbild?F\u00f6r takmontage har man nytta av den \u00f6kade vertikala spridningen i 40 graders modulerna och kan med f\u00f6rdelen har flera s\u00e5dana d\u00e4r. L\u00e4mpligt \u00e4r att montera dem ytterst s\u00e5 de kan lysa snett ned\u00e5t i dikena. Sitter ljusrampen l\u00e5ngt fram likt p\u00e5 hytten av en lastbil eller maskin kan du v\u00e4lja alla poddar i 40 grader och \u00e4nd\u00e5 dra nytta av allt ljus d\u00e5 det sitter tillr\u00e4ckligt l\u00e5ngt fram men k\u00f6r man fr\u00e4mst 70-90 v\u00e4gar s\u00e5 rekommenderas majoriten 10 grader \u00e4nd\u00e5 och 40 grader p\u00e5 \u00e4ndrarna och i en maskin som k\u00f6r 30 grader s\u00e5 blir det bra med alla i 40 grader med kanske n\u00e5gon enstaka 10 graders spot i mitten. Data: * Modul\u00e4rbart system d\u00e4r du kan konfigurera ljusbild enkelt efter \u00f6nskem\u00e5l* 8 Different Unite Modules to Choose From* V\u00e4lj mellan 10 grader punktljus f\u00f6r l\u00e5ng r\u00e4ckvidd eller 40 graders floodljus f\u00f6r mycket n\u00e4rljus* V\u00e4lj mellan vitt ljus eller orange ljus* V\u00e4lj mellan svart bakgrund eller ljus bakgrund* V\u00e4lj mellan b\u00f6jd skena eller rak skena att f\u00e4sta modulerna i* 2000+ lumen per modul (Vit LED)* Advanced Precision Optics* IP68 &amp; IP69K tryckvattent\u00e4t* 5,5 \u00e5rs funktionsgaranti","og_url":"https:\/\/www.visionxeurope.com\/se\/webbutik\/vision-x-unite-led-modul-orange-ljus-40-svart-bakgrund\/","og_site_name":"Vision X Europe","article_publisher":"https:\/\/www.facebook.com\/visionxeurope","article_modified_time":"2026-01-08T17:20:26+00:00","og_image":[{"width":1500,"height":1500,"url":"https:\/\/www.rindab.se\/wp-content\/uploads\/sites\/7\/2022\/04\/VXU-SB440A-3.jpg","type":"image\/jpeg"}],"twitter_card":"summary_large_image","twitter_misc":{"Pris":"682,00&nbsp;&#107;&#114; exkl. moms","Tillg\u00e4nglig":"I lager"},"schema":{"@context":"https:\/\/schema.org","@graph":[{"@type":"WebPage","@id":"https:\/\/www.visionxeurope.com\/se\/webbutik\/vision-x-unite-led-modul-orange-ljus-40-svart-bakgrund\/","url":"https:\/\/www.visionxeurope.com\/se\/webbutik\/vision-x-unite-led-modul-orange-ljus-40-svart-bakgrund\/","name":"VISION X UNITE LED MODUL - ORANGE LJUS - 40\u00b0 - SVART BAKGRUND - Vision X Europe","isPartOf":{"@id":"https:\/\/www.visionxeurope.com\/se\/#website"},"primaryImageOfPage":{"@id":"https:\/\/www.visionxeurope.com\/se\/webbutik\/vision-x-unite-led-modul-orange-ljus-40-svart-bakgrund\/#primaryimage"},"image":{"@id":"https:\/\/www.visionxeurope.com\/se\/webbutik\/vision-x-unite-led-modul-orange-ljus-40-svart-bakgrund\/#primaryimage"},"thumbnailUrl":"https:\/\/www.visionxeurope.com\/se\/wp-content\/uploads\/sites\/7\/2022\/04\/VXU-SB440A-3.jpg","datePublished":"2020-10-27T05:49:00+00:00","dateModified":"2026-01-08T17:20:26+00:00","breadcrumb":{"@id":"https:\/\/www.visionxeurope.com\/se\/webbutik\/vision-x-unite-led-modul-orange-ljus-40-svart-bakgrund\/#breadcrumb"},"inLanguage":"sv-SE","potentialAction":[{"@type":"ReadAction","target":["https:\/\/www.visionxeurope.com\/se\/webbutik\/vision-x-unite-led-modul-orange-ljus-40-svart-bakgrund\/"]}]},{"@type":"ImageObject","inLanguage":"sv-SE","@id":"https:\/\/www.visionxeurope.com\/se\/webbutik\/vision-x-unite-led-modul-orange-ljus-40-svart-bakgrund\/#primaryimage","url":"https:\/\/www.visionxeurope.com\/se\/wp-content\/uploads\/sites\/7\/2022\/04\/VXU-SB440A-3.jpg","contentUrl":"https:\/\/www.visionxeurope.com\/se\/wp-content\/uploads\/sites\/7\/2022\/04\/VXU-SB440A-3.jpg","width":1500,"height":1500},{"@type":"BreadcrumbList","@id":"https:\/\/www.visionxeurope.com\/se\/webbutik\/vision-x-unite-led-modul-orange-ljus-40-svart-bakgrund\/#breadcrumb","itemListElement":[{"@type":"ListItem","position":1,"name":"Hem","item":"https:\/\/www.visionxeurope.com\/se\/"},{"@type":"ListItem","position":2,"name":"Webbutik","item":"https:\/\/www.visionxeurope.com\/se\/webbutik\/"},{"@type":"ListItem","position":3,"name":"VISION X UNITE LED MODUL &#8211; ORANGE LJUS &#8211; 40\u00b0 &#8211; SVART BAKGRUND"}]},{"@type":"WebSite","@id":"https:\/\/www.visionxeurope.com\/se\/#website","url":"https:\/\/www.visionxeurope.com\/se\/","name":"Vision X Europe","description":"","publisher":{"@id":"https:\/\/www.visionxeurope.com\/se\/#organization"},"potentialAction":[{"@type":"SearchAction","target":{"@type":"EntryPoint","urlTemplate":"https:\/\/www.visionxeurope.com\/se\/?s={search_term_string}"},"query-input":{"@type":"PropertyValueSpecification","valueRequired":true,"valueName":"search_term_string"}}],"inLanguage":"sv-SE"},{"@type":"Organization","@id":"https:\/\/www.visionxeurope.com\/se\/#organization","name":"Vision X Europe","url":"https:\/\/www.visionxeurope.com\/se\/","logo":{"@type":"ImageObject","inLanguage":"sv-SE","@id":"https:\/\/www.visionxeurope.com\/se\/#\/schema\/logo\/image\/","url":"https:\/\/www.visionxeurope.com\/se\/wp-content\/uploads\/sites\/7\/2021\/04\/visionxeurope.png","contentUrl":"https:\/\/www.visionxeurope.com\/se\/wp-content\/uploads\/sites\/7\/2021\/04\/visionxeurope.png","width":300,"height":110,"caption":"Vision X Europe"},"image":{"@id":"https:\/\/www.visionxeurope.com\/se\/#\/schema\/logo\/image\/"},"sameAs":["https:\/\/www.facebook.com\/visionxeurope","https:\/\/www.instagram.com\/visionxeurope\/"]}]},"product_price_amount":"682.00","product_price_currency":"SEK","og_availability":"instock","product_availability":"instock","product_retailer_item_id":"VXU-SB440A","product_condition":"new"},"_links":{"self":[{"href":"https:\/\/www.visionxeurope.com\/se\/wp-json\/wp\/v2\/product\/13338","targetHints":{"allow":["GET"]}}],"collection":[{"href":"https:\/\/www.visionxeurope.com\/se\/wp-json\/wp\/v2\/product"}],"about":[{"href":"https:\/\/www.visionxeurope.com\/se\/wp-json\/wp\/v2\/types\/product"}],"replies":[{"embeddable":true,"href":"https:\/\/www.visionxeurope.com\/se\/wp-json\/wp\/v2\/comments?post=13338"}],"wp:featuredmedia":[{"embeddable":true,"href":"https:\/\/www.visionxeurope.com\/se\/wp-json\/wp\/v2\/media\/14805"}],"wp:attachment":[{"href":"https:\/\/www.visionxeurope.com\/se\/wp-json\/wp\/v2\/media?parent=13338"}],"wp:term":[{"taxonomy":"product_brand","embeddable":true,"href":"https:\/\/www.visionxeurope.com\/se\/wp-json\/wp\/v2\/product_brand?post=13338"},{"taxonomy":"product_cat","embeddable":true,"href":"https:\/\/www.visionxeurope.com\/se\/wp-json\/wp\/v2\/product_cat?post=13338"},{"taxonomy":"product_tag","embeddable":true,"href":"https:\/\/www.visionxeurope.com\/se\/wp-json\/wp\/v2\/product_tag?post=13338"}],"curies":[{"name":"wp","href":"https:\/\/api.w.org\/{rel}","templated":true}]}}