{"id":13326,"date":"2020-10-20T08:21:41","date_gmt":"2020-10-20T06:21:41","guid":{"rendered":"https:\/\/www.visionxeurope.com\/se\/produkt\/vision-x-unite-bar-20-rak-ramp\/"},"modified":"2026-01-08T18:15:42","modified_gmt":"2026-01-08T17:15:42","slug":"vision-x-unite-bar-20-rak-montageskena","status":"publish","type":"product","link":"https:\/\/www.visionxeurope.com\/se\/webbutik\/vision-x-unite-bar-20-rak-montageskena\/","title":{"rendered":"VISION X UNITE BAR 20&#8243; RAK MONTAGESKENA"},"content":{"rendered":"<p><\/p>\n<p><strong>Nyhet:<\/strong> Bygg din egen LED-ramp med Vision X Unite! En unik modul\u00e4r l\u00f6sning d\u00e4r du sj\u00e4lv v\u00e4ljer skena, med tillh\u00f6rande lampor. \u00c4r enkel att s\u00e4tta ihop med snabbf\u00e4sten och kan snabbt \u00e4ndras vid behov.<\/p>\n<p><\/p>\n<p><\/p>\n<p>Skenan erbjuds i b\u00e5de raka l\u00e4ngder mellan 6\u201c till 50\u201c (141-1269 mm) och b\u00f6jda l\u00e4ngder mellan 20\u201c till 50\u201c (559-1315 mm). F\u00e4sten samt en kabel f\u00f6r anslutning ing\u00e5r med varje skena.<\/p>\n<p><\/p>\n<p><\/p>\n<p>Denna raka montageskena \u00e4r 19.45\u2033 (494 mm) l\u00e5ng och har plats f\u00f6r 7 st LED-moduler.<\/p>\n<p><\/p>","protected":false},"excerpt":{"rendered":"<p><strong>Nyhet:<\/strong> Bygg din egen LED-ramp med Vision X Unite! En unik modul\u00e4r l\u00f6sning d\u00e4r du sj\u00e4lv v\u00e4ljer skena, med tillh\u00f6rande lampor. \u00c4r enkel att s\u00e4tta ihop med snabbf\u00e4sten och kan snabbt \u00e4ndras vid behov.<\/p>\n<p>Skenan erbjuds i b\u00e5de raka l\u00e4ngder mellan 6\u201c till 50\u201c (141-1269 mm) och b\u00f6jda l\u00e4ngder mellan 20\u201c till 50\u201c (559-1315 mm). F\u00e4sten samt en kabel f\u00f6r anslutning ing\u00e5r med varje skena.<\/p>\n<p>Denna raka montageskena \u00e4r 19.45\u2033 (494 mm) l\u00e5ng och har plats f\u00f6r 7 st LED-moduler.<\/p>\n","protected":false},"featured_media":14760,"comment_status":"open","ping_status":"open","template":"","meta":{"editor_notices":[]},"product_brand":[],"product_cat":[39,56],"product_tag":[],"class_list":{"0":"post-13326","1":"product","2":"type-product","3":"status-publish","4":"has-post-thumbnail","6":"product_cat-montage","7":"product_cat-unite-series","8":"resize-featured-image","9":"","10":"woocommerce-text-align-left","11":"woocommerce-image-align-center","13":"first","14":"instock","15":"taxable","16":"shipping-taxable","17":"product-type-simple"},"yoast_head":"<!-- This site is optimized with the Yoast SEO Premium plugin v25.0 (Yoast SEO v25.0) - https:\/\/yoast.com\/wordpress\/plugins\/seo\/ -->\n<title>VISION X UNITE BAR 20&quot; RAK MONTAGESKENA - Vision X Europe<\/title>\n<meta name=\"robots\" content=\"index, follow, max-snippet:-1, max-image-preview:large, max-video-preview:-1\" \/>\n<link rel=\"canonical\" href=\"https:\/\/www.visionxeurope.com\/se\/webbutik\/vision-x-unite-bar-20-rak-montageskena\/\" \/>\n<meta property=\"og:locale\" content=\"sv_SE\" \/>\n<meta property=\"og:type\" content=\"article\" \/>\n<meta property=\"og:title\" content=\"VISION X UNITE BAR 20&quot; RAK MONTAGESKENA\" \/>\n<meta property=\"og:description\" content=\"Nyhet: Bygg din egen LED-ramp med Vision X Unite! En unik modul\u00e4r l\u00f6sning d\u00e4r du sj\u00e4lv v\u00e4ljer skena, med tillh\u00f6rande lampor. \u00c4r enkel att s\u00e4tta ihop med snabbf\u00e4sten och kan snabbt \u00e4ndras vid behov. Skenan erbjuds i b\u00e5de raka l\u00e4ngder mellan 6\u201c till 50\u201c (141-1269 mm) och b\u00f6jda l\u00e4ngder mellan 20\u201c till 50\u201c (559-1315 mm). F\u00e4sten samt en kabel f\u00f6r anslutning ing\u00e5r med varje skena. Denna raka montageskena \u00e4r 19.45\u2033 (494 mm) l\u00e5ng och har plats f\u00f6r 7 st LED-moduler.\" \/>\n<meta property=\"og:url\" content=\"https:\/\/www.visionxeurope.com\/se\/webbutik\/vision-x-unite-bar-20-rak-montageskena\/\" \/>\n<meta property=\"og:site_name\" content=\"Vision X Europe\" \/>\n<meta property=\"article:publisher\" content=\"https:\/\/www.facebook.com\/visionxeurope\" \/>\n<meta property=\"article:modified_time\" content=\"2026-01-08T17:15:42+00:00\" \/>\n<meta property=\"og:image\" content=\"https:\/\/www.rindab.se\/wp-content\/uploads\/sites\/7\/2022\/04\/VXU-MB20EMH.jpg\" \/>\n\t<meta property=\"og:image:width\" content=\"1500\" \/>\n\t<meta property=\"og:image:height\" content=\"1500\" \/>\n\t<meta property=\"og:image:type\" content=\"image\/jpeg\" \/>\n<meta name=\"twitter:card\" content=\"summary_large_image\" \/>\n<meta name=\"twitter:label1\" content=\"Pris\" \/>\n\t<meta name=\"twitter:data1\" content=\"1 271,00&nbsp;&#107;&#114; exkl. moms\" \/>\n\t<meta name=\"twitter:label2\" content=\"Tillg\u00e4nglig\" \/>\n\t<meta name=\"twitter:data2\" content=\"I lager\" \/>\n<script type=\"application\/ld+json\" class=\"yoast-schema-graph\">{\"@context\":\"https:\/\/schema.org\",\"@graph\":[{\"@type\":\"WebPage\",\"@id\":\"https:\/\/www.visionxeurope.com\/se\/webbutik\/vision-x-unite-bar-20-rak-montageskena\/\",\"url\":\"https:\/\/www.visionxeurope.com\/se\/webbutik\/vision-x-unite-bar-20-rak-montageskena\/\",\"name\":\"VISION X UNITE BAR 20\\\" RAK MONTAGESKENA - Vision X Europe\",\"isPartOf\":{\"@id\":\"https:\/\/www.visionxeurope.com\/se\/#website\"},\"primaryImageOfPage\":{\"@id\":\"https:\/\/www.visionxeurope.com\/se\/webbutik\/vision-x-unite-bar-20-rak-montageskena\/#primaryimage\"},\"image\":{\"@id\":\"https:\/\/www.visionxeurope.com\/se\/webbutik\/vision-x-unite-bar-20-rak-montageskena\/#primaryimage\"},\"thumbnailUrl\":\"https:\/\/www.visionxeurope.com\/se\/wp-content\/uploads\/sites\/7\/2022\/04\/VXU-MB20EMH.jpg\",\"datePublished\":\"2020-10-20T06:21:41+00:00\",\"dateModified\":\"2026-01-08T17:15:42+00:00\",\"breadcrumb\":{\"@id\":\"https:\/\/www.visionxeurope.com\/se\/webbutik\/vision-x-unite-bar-20-rak-montageskena\/#breadcrumb\"},\"inLanguage\":\"sv-SE\",\"potentialAction\":[{\"@type\":\"ReadAction\",\"target\":[\"https:\/\/www.visionxeurope.com\/se\/webbutik\/vision-x-unite-bar-20-rak-montageskena\/\"]}]},{\"@type\":\"ImageObject\",\"inLanguage\":\"sv-SE\",\"@id\":\"https:\/\/www.visionxeurope.com\/se\/webbutik\/vision-x-unite-bar-20-rak-montageskena\/#primaryimage\",\"url\":\"https:\/\/www.visionxeurope.com\/se\/wp-content\/uploads\/sites\/7\/2022\/04\/VXU-MB20EMH.jpg\",\"contentUrl\":\"https:\/\/www.visionxeurope.com\/se\/wp-content\/uploads\/sites\/7\/2022\/04\/VXU-MB20EMH.jpg\",\"width\":1500,\"height\":1500},{\"@type\":\"BreadcrumbList\",\"@id\":\"https:\/\/www.visionxeurope.com\/se\/webbutik\/vision-x-unite-bar-20-rak-montageskena\/#breadcrumb\",\"itemListElement\":[{\"@type\":\"ListItem\",\"position\":1,\"name\":\"Hem\",\"item\":\"https:\/\/www.visionxeurope.com\/se\/\"},{\"@type\":\"ListItem\",\"position\":2,\"name\":\"Webbutik\",\"item\":\"https:\/\/www.visionxeurope.com\/se\/webbutik\/\"},{\"@type\":\"ListItem\",\"position\":3,\"name\":\"VISION X UNITE BAR 20&#8243; RAK MONTAGESKENA\"}]},{\"@type\":\"WebSite\",\"@id\":\"https:\/\/www.visionxeurope.com\/se\/#website\",\"url\":\"https:\/\/www.visionxeurope.com\/se\/\",\"name\":\"Vision X Europe\",\"description\":\"\",\"publisher\":{\"@id\":\"https:\/\/www.visionxeurope.com\/se\/#organization\"},\"potentialAction\":[{\"@type\":\"SearchAction\",\"target\":{\"@type\":\"EntryPoint\",\"urlTemplate\":\"https:\/\/www.visionxeurope.com\/se\/?s={search_term_string}\"},\"query-input\":{\"@type\":\"PropertyValueSpecification\",\"valueRequired\":true,\"valueName\":\"search_term_string\"}}],\"inLanguage\":\"sv-SE\"},{\"@type\":\"Organization\",\"@id\":\"https:\/\/www.visionxeurope.com\/se\/#organization\",\"name\":\"Vision X Europe\",\"url\":\"https:\/\/www.visionxeurope.com\/se\/\",\"logo\":{\"@type\":\"ImageObject\",\"inLanguage\":\"sv-SE\",\"@id\":\"https:\/\/www.visionxeurope.com\/se\/#\/schema\/logo\/image\/\",\"url\":\"https:\/\/www.visionxeurope.com\/se\/wp-content\/uploads\/sites\/7\/2021\/04\/visionxeurope.png\",\"contentUrl\":\"https:\/\/www.visionxeurope.com\/se\/wp-content\/uploads\/sites\/7\/2021\/04\/visionxeurope.png\",\"width\":300,\"height\":110,\"caption\":\"Vision X Europe\"},\"image\":{\"@id\":\"https:\/\/www.visionxeurope.com\/se\/#\/schema\/logo\/image\/\"},\"sameAs\":[\"https:\/\/www.facebook.com\/visionxeurope\",\"https:\/\/www.instagram.com\/visionxeurope\/\"]}]}<\/script>\n<meta property=\"product:price:amount\" content=\"1271.00\" \/>\n<meta property=\"product:price:currency\" content=\"SEK\" \/>\n<meta property=\"og:availability\" content=\"instock\" \/>\n<meta property=\"product:availability\" content=\"instock\" \/>\n<meta property=\"product:retailer_item_id\" content=\"VXU-MB20EMH\" \/>\n<meta property=\"product:condition\" content=\"new\" \/>\n<!-- \/ Yoast SEO Premium plugin. -->","yoast_head_json":{"title":"VISION X UNITE BAR 20\" RAK MONTAGESKENA - Vision X Europe","robots":{"index":"index","follow":"follow","max-snippet":"max-snippet:-1","max-image-preview":"max-image-preview:large","max-video-preview":"max-video-preview:-1"},"canonical":"https:\/\/www.visionxeurope.com\/se\/webbutik\/vision-x-unite-bar-20-rak-montageskena\/","og_locale":"sv_SE","og_type":"article","og_title":"VISION X UNITE BAR 20\" RAK MONTAGESKENA","og_description":"Nyhet: Bygg din egen LED-ramp med Vision X Unite! En unik modul\u00e4r l\u00f6sning d\u00e4r du sj\u00e4lv v\u00e4ljer skena, med tillh\u00f6rande lampor. \u00c4r enkel att s\u00e4tta ihop med snabbf\u00e4sten och kan snabbt \u00e4ndras vid behov. Skenan erbjuds i b\u00e5de raka l\u00e4ngder mellan 6\u201c till 50\u201c (141-1269 mm) och b\u00f6jda l\u00e4ngder mellan 20\u201c till 50\u201c (559-1315 mm). F\u00e4sten samt en kabel f\u00f6r anslutning ing\u00e5r med varje skena. Denna raka montageskena \u00e4r 19.45\u2033 (494 mm) l\u00e5ng och har plats f\u00f6r 7 st LED-moduler.","og_url":"https:\/\/www.visionxeurope.com\/se\/webbutik\/vision-x-unite-bar-20-rak-montageskena\/","og_site_name":"Vision X Europe","article_publisher":"https:\/\/www.facebook.com\/visionxeurope","article_modified_time":"2026-01-08T17:15:42+00:00","og_image":[{"width":1500,"height":1500,"url":"https:\/\/www.rindab.se\/wp-content\/uploads\/sites\/7\/2022\/04\/VXU-MB20EMH.jpg","type":"image\/jpeg"}],"twitter_card":"summary_large_image","twitter_misc":{"Pris":"1 271,00&nbsp;&#107;&#114; exkl. moms","Tillg\u00e4nglig":"I lager"},"schema":{"@context":"https:\/\/schema.org","@graph":[{"@type":"WebPage","@id":"https:\/\/www.visionxeurope.com\/se\/webbutik\/vision-x-unite-bar-20-rak-montageskena\/","url":"https:\/\/www.visionxeurope.com\/se\/webbutik\/vision-x-unite-bar-20-rak-montageskena\/","name":"VISION X UNITE BAR 20\" RAK MONTAGESKENA - Vision X Europe","isPartOf":{"@id":"https:\/\/www.visionxeurope.com\/se\/#website"},"primaryImageOfPage":{"@id":"https:\/\/www.visionxeurope.com\/se\/webbutik\/vision-x-unite-bar-20-rak-montageskena\/#primaryimage"},"image":{"@id":"https:\/\/www.visionxeurope.com\/se\/webbutik\/vision-x-unite-bar-20-rak-montageskena\/#primaryimage"},"thumbnailUrl":"https:\/\/www.visionxeurope.com\/se\/wp-content\/uploads\/sites\/7\/2022\/04\/VXU-MB20EMH.jpg","datePublished":"2020-10-20T06:21:41+00:00","dateModified":"2026-01-08T17:15:42+00:00","breadcrumb":{"@id":"https:\/\/www.visionxeurope.com\/se\/webbutik\/vision-x-unite-bar-20-rak-montageskena\/#breadcrumb"},"inLanguage":"sv-SE","potentialAction":[{"@type":"ReadAction","target":["https:\/\/www.visionxeurope.com\/se\/webbutik\/vision-x-unite-bar-20-rak-montageskena\/"]}]},{"@type":"ImageObject","inLanguage":"sv-SE","@id":"https:\/\/www.visionxeurope.com\/se\/webbutik\/vision-x-unite-bar-20-rak-montageskena\/#primaryimage","url":"https:\/\/www.visionxeurope.com\/se\/wp-content\/uploads\/sites\/7\/2022\/04\/VXU-MB20EMH.jpg","contentUrl":"https:\/\/www.visionxeurope.com\/se\/wp-content\/uploads\/sites\/7\/2022\/04\/VXU-MB20EMH.jpg","width":1500,"height":1500},{"@type":"BreadcrumbList","@id":"https:\/\/www.visionxeurope.com\/se\/webbutik\/vision-x-unite-bar-20-rak-montageskena\/#breadcrumb","itemListElement":[{"@type":"ListItem","position":1,"name":"Hem","item":"https:\/\/www.visionxeurope.com\/se\/"},{"@type":"ListItem","position":2,"name":"Webbutik","item":"https:\/\/www.visionxeurope.com\/se\/webbutik\/"},{"@type":"ListItem","position":3,"name":"VISION X UNITE BAR 20&#8243; RAK MONTAGESKENA"}]},{"@type":"WebSite","@id":"https:\/\/www.visionxeurope.com\/se\/#website","url":"https:\/\/www.visionxeurope.com\/se\/","name":"Vision X Europe","description":"","publisher":{"@id":"https:\/\/www.visionxeurope.com\/se\/#organization"},"potentialAction":[{"@type":"SearchAction","target":{"@type":"EntryPoint","urlTemplate":"https:\/\/www.visionxeurope.com\/se\/?s={search_term_string}"},"query-input":{"@type":"PropertyValueSpecification","valueRequired":true,"valueName":"search_term_string"}}],"inLanguage":"sv-SE"},{"@type":"Organization","@id":"https:\/\/www.visionxeurope.com\/se\/#organization","name":"Vision X Europe","url":"https:\/\/www.visionxeurope.com\/se\/","logo":{"@type":"ImageObject","inLanguage":"sv-SE","@id":"https:\/\/www.visionxeurope.com\/se\/#\/schema\/logo\/image\/","url":"https:\/\/www.visionxeurope.com\/se\/wp-content\/uploads\/sites\/7\/2021\/04\/visionxeurope.png","contentUrl":"https:\/\/www.visionxeurope.com\/se\/wp-content\/uploads\/sites\/7\/2021\/04\/visionxeurope.png","width":300,"height":110,"caption":"Vision X Europe"},"image":{"@id":"https:\/\/www.visionxeurope.com\/se\/#\/schema\/logo\/image\/"},"sameAs":["https:\/\/www.facebook.com\/visionxeurope","https:\/\/www.instagram.com\/visionxeurope\/"]}]},"product_price_amount":"1271.00","product_price_currency":"SEK","og_availability":"instock","product_availability":"instock","product_retailer_item_id":"VXU-MB20EMH","product_condition":"new"},"_links":{"self":[{"href":"https:\/\/www.visionxeurope.com\/se\/wp-json\/wp\/v2\/product\/13326","targetHints":{"allow":["GET"]}}],"collection":[{"href":"https:\/\/www.visionxeurope.com\/se\/wp-json\/wp\/v2\/product"}],"about":[{"href":"https:\/\/www.visionxeurope.com\/se\/wp-json\/wp\/v2\/types\/product"}],"replies":[{"embeddable":true,"href":"https:\/\/www.visionxeurope.com\/se\/wp-json\/wp\/v2\/comments?post=13326"}],"wp:featuredmedia":[{"embeddable":true,"href":"https:\/\/www.visionxeurope.com\/se\/wp-json\/wp\/v2\/media\/14760"}],"wp:attachment":[{"href":"https:\/\/www.visionxeurope.com\/se\/wp-json\/wp\/v2\/media?parent=13326"}],"wp:term":[{"taxonomy":"product_brand","embeddable":true,"href":"https:\/\/www.visionxeurope.com\/se\/wp-json\/wp\/v2\/product_brand?post=13326"},{"taxonomy":"product_cat","embeddable":true,"href":"https:\/\/www.visionxeurope.com\/se\/wp-json\/wp\/v2\/product_cat?post=13326"},{"taxonomy":"product_tag","embeddable":true,"href":"https:\/\/www.visionxeurope.com\/se\/wp-json\/wp\/v2\/product_tag?post=13326"}],"curies":[{"name":"wp","href":"https:\/\/api.w.org\/{rel}","templated":true}]}}