{"id":13292,"date":"2015-06-01T09:55:48","date_gmt":"2015-06-01T07:55:48","guid":{"rendered":"https:\/\/www.visionxeurope.com\/se\/produkt\/vision-x-7-ucl-kameralampa-kamera-95-ljus-60-s-video\/"},"modified":"2026-01-08T17:00:52","modified_gmt":"2026-01-08T16:00:52","slug":"vision-x-7-ucl-kameralampa-kamera-95-ljus-60-s-video","status":"publish","type":"product","link":"https:\/\/www.visionxeurope.com\/se\/webbutik\/vision-x-7-ucl-kameralampa-kamera-95-ljus-60-s-video\/","title":{"rendered":"VISION X 7&#8243; UCL KAMERALAMPA KAMERA 95\u00b0 LJUS 60\u00b0 (S-video)"},"content":{"rendered":"<p><\/p>\n<p>Med kameralampan UCL tar Vision X sin belysning ytterligare ett steg fram\u00e5t i utvecklingen och \u00f6kar anv\u00e4ndningsomr\u00e5det f\u00f6r belysning.<\/p>\n<p><\/p>\n<p><\/p>\n<p>Vision X kamera lampa \u00f6ppnar f\u00f6r helt nya m\u00f6jligheter vad g\u00e4ller anv\u00e4ndning av kamera. LED-lampan som har en inbyggd kamera g\u00f6r det m\u00f6jligt att montera b\u00e5de belysning och kamera i en enhet p\u00e5 de mest utsatta applikationerna. Lamphuset som kameran \u00e4r monterad i \u00e4r mycket vibrationst\u00e5lig och i kraftigt utf\u00f6rande vilket m\u00f6jligg\u00f6r montage till exempel l\u00e4ngst ut p\u00e5 stickan p\u00e5 en gr\u00e4vmaskin. Kameran sitter integrerat i lampan och \u00e4r v\u00e4l skyddad fr\u00e5n yttre \u00e5verkan. &nbsp; Lampan respektive kameran kan styras separat fr\u00e5n varandra vilket g\u00f6r att kameran kan anv\u00e4ndas oavsett om lampan \u00e4r t\u00e4nd. Applikationsm\u00f6jligheterna \u00e4r m\u00e5nga och kameran kan kopplas in p\u00e5 antingen befintliga sk\u00e4rmar alternativt eftermonterade separata sk\u00e4rmar. &nbsp; Kameralampan monteras med f\u00f6rdel p\u00e5 entreprenadmaskiner, gruvmaskiner, lastbilar, b\u00e5tar m.m.<\/p>\n<p><\/p>\n<p><\/p>\n<p>Ljusbild: 60\u00b0<br \/>Kamera vinkel: 95\u00b0<br \/>Kamera utg\u00e5ng: S-video (Male pin)<\/p>\n<p><\/p>\n<p><\/p>\n<p><strong>Data:<br \/><\/strong>Diod: 5W (XPG-CREE)<br \/>Totalt Watt: 30W<br \/>Str\u00f6mf\u00f6rbrukning: 2.46A @ 12v<br \/>Insp\u00e4nning: 11-65v<br \/>IP klass: IP68<br \/>Vibration: 15,6 gram<br \/>EMC: CISPR 25<br \/>Vikt: 1,6 kg<br \/>Optisk renhet: 90 %<br \/>Diod drivs med: 90 %<br \/>LED livsl\u00e4ngd: 50 000 timmar<br \/>Arbetstemperatur: -40\u00b0 Celsius &#8211; + 85\u00b0 Celsius<br \/>Objektiv: Akryl<br \/>Hus: pressgjuten aluminium<br \/>Anslutning: Deutsch<br \/>Beam m\u00f6nster ljus: 60\u00b0<br \/>Kameravinkel: 95\u00b0<br \/>Raw lumen: 2 958<br \/>Effektiva lumen: 1 887<\/p>\n<p><\/p>","protected":false},"excerpt":{"rendered":"<p>Med kameralampan UCL tar Vision X sin belysning ytterligare ett steg fram\u00e5t i utvecklingen och \u00f6kar anv\u00e4ndningsomr\u00e5det f\u00f6r belysning.<\/p>\n<p>Vision X kamera lampa \u00f6ppnar f\u00f6r helt nya m\u00f6jligheter vad g\u00e4ller anv\u00e4ndning av kamera. LED-lampan som har en inbyggd kamera g\u00f6r det m\u00f6jligt att montera b\u00e5de belysning och kamera i en enhet p\u00e5 de mest utsatta applikationerna. Lamphuset som kameran \u00e4r monterad i \u00e4r mycket vibrationst\u00e5lig och i kraftigt utf\u00f6rande vilket m\u00f6jligg\u00f6r montage till exempel l\u00e4ngst ut p\u00e5 stickan p\u00e5 en gr\u00e4vmaskin. Kameran sitter integrerat i lampan och \u00e4r v\u00e4l skyddad fr\u00e5n yttre \u00e5verkan. &nbsp; Lampan respektive kameran kan styras separat fr\u00e5n varandra vilket g\u00f6r att kameran kan anv\u00e4ndas oavsett om lampan \u00e4r t\u00e4nd. Applikationsm\u00f6jligheterna \u00e4r m\u00e5nga och kameran kan kopplas in p\u00e5 antingen befintliga sk\u00e4rmar alternativt eftermonterade separata sk\u00e4rmar. &nbsp; Kameralampan monteras med f\u00f6rdel p\u00e5 entreprenadmaskiner, gruvmaskiner, lastbilar, b\u00e5tar m.m.<\/p>\n<p>Ljusbild: 60\u00b0<br \/>Kamera vinkel: 95\u00b0<br \/>Kamera utg\u00e5ng: S-video (Male pin)<\/p>\n<p><strong>Data:<br \/><\/strong>Diod: 5W (XPG-CREE)<br \/>Totalt Watt: 30W<br \/>Str\u00f6mf\u00f6rbrukning: 2.46A @ 12v<br \/>Insp\u00e4nning: 11-65v<br \/>IP klass: IP68<br \/>Vibration: 15,6 gram<br \/>EMC: CISPR 25<br \/>Vikt: 1,6 kg<br \/>Optisk renhet: 90 %<br \/>Diod drivs med: 90 %<br \/>LED livsl\u00e4ngd: 50 000 timmar<br \/>Arbetstemperatur: -40\u00b0 Celsius &#8211; + 85\u00b0 Celsius<br \/>Objektiv: Akryl<br \/>Hus: pressgjuten aluminium<br \/>Anslutning: Deutsch<br \/>Beam m\u00f6nster ljus: 60\u00b0<br \/>Kameravinkel: 95\u00b0<br \/>Raw lumen: 2 958<br \/>Effektiva lumen: 1 887<\/p>\n","protected":false},"featured_media":14683,"comment_status":"open","ping_status":"open","template":"","meta":{"editor_notices":[]},"product_brand":[],"product_cat":[22],"product_tag":[],"class_list":{"0":"post-13292","1":"product","2":"type-product","3":"status-publish","4":"has-post-thumbnail","6":"product_cat-ucl-kamerabelysning","7":"resize-featured-image","8":"","9":"woocommerce-text-align-left","10":"woocommerce-image-align-center","12":"first","13":"instock","14":"taxable","15":"shipping-taxable","16":"product-type-simple"},"yoast_head":"<!-- This site is optimized with the Yoast SEO Premium plugin v25.0 (Yoast SEO v25.0) - https:\/\/yoast.com\/wordpress\/plugins\/seo\/ -->\n<title>VISION X 7&quot; UCL KAMERALAMPA KAMERA 95\u00b0 LJUS 60\u00b0 (S-video) - Vision X Europe<\/title>\n<meta name=\"robots\" content=\"index, follow, max-snippet:-1, max-image-preview:large, max-video-preview:-1\" \/>\n<link rel=\"canonical\" href=\"https:\/\/www.visionxeurope.com\/se\/webbutik\/vision-x-7-ucl-kameralampa-kamera-95-ljus-60-s-video\/\" \/>\n<meta property=\"og:locale\" content=\"sv_SE\" \/>\n<meta property=\"og:type\" content=\"article\" \/>\n<meta property=\"og:title\" content=\"VISION X 7&quot; UCL KAMERALAMPA KAMERA 95\u00b0 LJUS 60\u00b0 (S-video)\" \/>\n<meta property=\"og:description\" content=\"Med kameralampan UCL tar Vision X sin belysning ytterligare ett steg fram\u00e5t i utvecklingen och \u00f6kar anv\u00e4ndningsomr\u00e5det f\u00f6r belysning. Vision X kamera lampa \u00f6ppnar f\u00f6r helt nya m\u00f6jligheter vad g\u00e4ller anv\u00e4ndning av kamera. LED-lampan som har en inbyggd kamera g\u00f6r det m\u00f6jligt att montera b\u00e5de belysning och kamera i en enhet p\u00e5 de mest utsatta applikationerna. Lamphuset som kameran \u00e4r monterad i \u00e4r mycket vibrationst\u00e5lig och i kraftigt utf\u00f6rande vilket m\u00f6jligg\u00f6r montage till exempel l\u00e4ngst ut p\u00e5 stickan p\u00e5 en gr\u00e4vmaskin. Kameran sitter integrerat i lampan och \u00e4r v\u00e4l skyddad fr\u00e5n yttre \u00e5verkan. &nbsp; Lampan respektive kameran kan styras separat fr\u00e5n varandra vilket g\u00f6r att kameran kan anv\u00e4ndas oavsett om lampan \u00e4r t\u00e4nd. Applikationsm\u00f6jligheterna \u00e4r m\u00e5nga och kameran kan kopplas in p\u00e5 antingen befintliga sk\u00e4rmar alternativt eftermonterade separata sk\u00e4rmar. &nbsp; Kameralampan monteras med f\u00f6rdel p\u00e5 entreprenadmaskiner, gruvmaskiner, lastbilar, b\u00e5tar m.m. Ljusbild: 60\u00b0Kamera vinkel: 95\u00b0Kamera utg\u00e5ng: S-video (Male pin) Data:Diod: 5W (XPG-CREE)Totalt Watt: 30WStr\u00f6mf\u00f6rbrukning: 2.46A @ 12vInsp\u00e4nning: 11-65vIP klass: IP68Vibration: 15,6 gramEMC: CISPR 25Vikt: 1,6 kgOptisk renhet: 90 %Diod drivs med: 90 %LED livsl\u00e4ngd: 50 000 timmarArbetstemperatur: -40\u00b0 Celsius &#8211; + 85\u00b0 CelsiusObjektiv: AkrylHus: pressgjuten aluminiumAnslutning: DeutschBeam m\u00f6nster ljus: 60\u00b0Kameravinkel: 95\u00b0Raw lumen: 2 958Effektiva lumen: 1 887\" \/>\n<meta property=\"og:url\" content=\"https:\/\/www.visionxeurope.com\/se\/webbutik\/vision-x-7-ucl-kameralampa-kamera-95-ljus-60-s-video\/\" \/>\n<meta property=\"og:site_name\" content=\"Vision X Europe\" \/>\n<meta property=\"article:publisher\" content=\"https:\/\/www.facebook.com\/visionxeurope\" \/>\n<meta property=\"article:modified_time\" content=\"2026-01-08T16:00:52+00:00\" \/>\n<meta property=\"og:image\" content=\"https:\/\/www.rindab.se\/wp-content\/uploads\/sites\/7\/2022\/04\/VEL-4460CA72SS.jpg\" \/>\n\t<meta property=\"og:image:width\" content=\"450\" \/>\n\t<meta property=\"og:image:height\" content=\"450\" \/>\n\t<meta property=\"og:image:type\" content=\"image\/jpeg\" \/>\n<meta name=\"twitter:card\" content=\"summary_large_image\" \/>\n<meta name=\"twitter:label1\" content=\"Pris\" \/>\n\t<meta name=\"twitter:data1\" content=\"4 693,00&nbsp;&#107;&#114; exkl. moms\" \/>\n\t<meta name=\"twitter:label2\" content=\"Tillg\u00e4nglig\" \/>\n\t<meta name=\"twitter:data2\" content=\"I lager\" \/>\n<script type=\"application\/ld+json\" class=\"yoast-schema-graph\">{\"@context\":\"https:\/\/schema.org\",\"@graph\":[{\"@type\":\"WebPage\",\"@id\":\"https:\/\/www.visionxeurope.com\/se\/webbutik\/vision-x-7-ucl-kameralampa-kamera-95-ljus-60-s-video\/\",\"url\":\"https:\/\/www.visionxeurope.com\/se\/webbutik\/vision-x-7-ucl-kameralampa-kamera-95-ljus-60-s-video\/\",\"name\":\"VISION X 7\\\" UCL KAMERALAMPA KAMERA 95\u00b0 LJUS 60\u00b0 (S-video) - Vision X Europe\",\"isPartOf\":{\"@id\":\"https:\/\/www.visionxeurope.com\/se\/#website\"},\"primaryImageOfPage\":{\"@id\":\"https:\/\/www.visionxeurope.com\/se\/webbutik\/vision-x-7-ucl-kameralampa-kamera-95-ljus-60-s-video\/#primaryimage\"},\"image\":{\"@id\":\"https:\/\/www.visionxeurope.com\/se\/webbutik\/vision-x-7-ucl-kameralampa-kamera-95-ljus-60-s-video\/#primaryimage\"},\"thumbnailUrl\":\"https:\/\/www.visionxeurope.com\/se\/wp-content\/uploads\/sites\/7\/2022\/04\/VEL-4460CA72SS.jpg\",\"datePublished\":\"2015-06-01T07:55:48+00:00\",\"dateModified\":\"2026-01-08T16:00:52+00:00\",\"breadcrumb\":{\"@id\":\"https:\/\/www.visionxeurope.com\/se\/webbutik\/vision-x-7-ucl-kameralampa-kamera-95-ljus-60-s-video\/#breadcrumb\"},\"inLanguage\":\"sv-SE\",\"potentialAction\":[{\"@type\":\"ReadAction\",\"target\":[\"https:\/\/www.visionxeurope.com\/se\/webbutik\/vision-x-7-ucl-kameralampa-kamera-95-ljus-60-s-video\/\"]}]},{\"@type\":\"ImageObject\",\"inLanguage\":\"sv-SE\",\"@id\":\"https:\/\/www.visionxeurope.com\/se\/webbutik\/vision-x-7-ucl-kameralampa-kamera-95-ljus-60-s-video\/#primaryimage\",\"url\":\"https:\/\/www.visionxeurope.com\/se\/wp-content\/uploads\/sites\/7\/2022\/04\/VEL-4460CA72SS.jpg\",\"contentUrl\":\"https:\/\/www.visionxeurope.com\/se\/wp-content\/uploads\/sites\/7\/2022\/04\/VEL-4460CA72SS.jpg\",\"width\":450,\"height\":450},{\"@type\":\"BreadcrumbList\",\"@id\":\"https:\/\/www.visionxeurope.com\/se\/webbutik\/vision-x-7-ucl-kameralampa-kamera-95-ljus-60-s-video\/#breadcrumb\",\"itemListElement\":[{\"@type\":\"ListItem\",\"position\":1,\"name\":\"Hem\",\"item\":\"https:\/\/www.visionxeurope.com\/se\/\"},{\"@type\":\"ListItem\",\"position\":2,\"name\":\"Webbutik\",\"item\":\"https:\/\/www.visionxeurope.com\/se\/webbutik\/\"},{\"@type\":\"ListItem\",\"position\":3,\"name\":\"VISION X 7&#8243; UCL KAMERALAMPA KAMERA 95\u00b0 LJUS 60\u00b0 (S-video)\"}]},{\"@type\":\"WebSite\",\"@id\":\"https:\/\/www.visionxeurope.com\/se\/#website\",\"url\":\"https:\/\/www.visionxeurope.com\/se\/\",\"name\":\"Vision X Europe\",\"description\":\"\",\"publisher\":{\"@id\":\"https:\/\/www.visionxeurope.com\/se\/#organization\"},\"potentialAction\":[{\"@type\":\"SearchAction\",\"target\":{\"@type\":\"EntryPoint\",\"urlTemplate\":\"https:\/\/www.visionxeurope.com\/se\/?s={search_term_string}\"},\"query-input\":{\"@type\":\"PropertyValueSpecification\",\"valueRequired\":true,\"valueName\":\"search_term_string\"}}],\"inLanguage\":\"sv-SE\"},{\"@type\":\"Organization\",\"@id\":\"https:\/\/www.visionxeurope.com\/se\/#organization\",\"name\":\"Vision X Europe\",\"url\":\"https:\/\/www.visionxeurope.com\/se\/\",\"logo\":{\"@type\":\"ImageObject\",\"inLanguage\":\"sv-SE\",\"@id\":\"https:\/\/www.visionxeurope.com\/se\/#\/schema\/logo\/image\/\",\"url\":\"https:\/\/www.visionxeurope.com\/se\/wp-content\/uploads\/sites\/7\/2021\/04\/visionxeurope.png\",\"contentUrl\":\"https:\/\/www.visionxeurope.com\/se\/wp-content\/uploads\/sites\/7\/2021\/04\/visionxeurope.png\",\"width\":300,\"height\":110,\"caption\":\"Vision X Europe\"},\"image\":{\"@id\":\"https:\/\/www.visionxeurope.com\/se\/#\/schema\/logo\/image\/\"},\"sameAs\":[\"https:\/\/www.facebook.com\/visionxeurope\",\"https:\/\/www.instagram.com\/visionxeurope\/\"]}]}<\/script>\n<meta property=\"product:price:amount\" content=\"4693.00\" \/>\n<meta property=\"product:price:currency\" content=\"SEK\" \/>\n<meta property=\"og:availability\" content=\"instock\" \/>\n<meta property=\"product:availability\" content=\"instock\" \/>\n<meta property=\"product:retailer_item_id\" content=\"VEL-4460CA72SS\" \/>\n<meta property=\"product:condition\" content=\"new\" \/>\n<!-- \/ Yoast SEO Premium plugin. -->","yoast_head_json":{"title":"VISION X 7\" UCL KAMERALAMPA KAMERA 95\u00b0 LJUS 60\u00b0 (S-video) - Vision X Europe","robots":{"index":"index","follow":"follow","max-snippet":"max-snippet:-1","max-image-preview":"max-image-preview:large","max-video-preview":"max-video-preview:-1"},"canonical":"https:\/\/www.visionxeurope.com\/se\/webbutik\/vision-x-7-ucl-kameralampa-kamera-95-ljus-60-s-video\/","og_locale":"sv_SE","og_type":"article","og_title":"VISION X 7\" UCL KAMERALAMPA KAMERA 95\u00b0 LJUS 60\u00b0 (S-video)","og_description":"Med kameralampan UCL tar Vision X sin belysning ytterligare ett steg fram\u00e5t i utvecklingen och \u00f6kar anv\u00e4ndningsomr\u00e5det f\u00f6r belysning. Vision X kamera lampa \u00f6ppnar f\u00f6r helt nya m\u00f6jligheter vad g\u00e4ller anv\u00e4ndning av kamera. LED-lampan som har en inbyggd kamera g\u00f6r det m\u00f6jligt att montera b\u00e5de belysning och kamera i en enhet p\u00e5 de mest utsatta applikationerna. Lamphuset som kameran \u00e4r monterad i \u00e4r mycket vibrationst\u00e5lig och i kraftigt utf\u00f6rande vilket m\u00f6jligg\u00f6r montage till exempel l\u00e4ngst ut p\u00e5 stickan p\u00e5 en gr\u00e4vmaskin. Kameran sitter integrerat i lampan och \u00e4r v\u00e4l skyddad fr\u00e5n yttre \u00e5verkan. &nbsp; Lampan respektive kameran kan styras separat fr\u00e5n varandra vilket g\u00f6r att kameran kan anv\u00e4ndas oavsett om lampan \u00e4r t\u00e4nd. Applikationsm\u00f6jligheterna \u00e4r m\u00e5nga och kameran kan kopplas in p\u00e5 antingen befintliga sk\u00e4rmar alternativt eftermonterade separata sk\u00e4rmar. &nbsp; Kameralampan monteras med f\u00f6rdel p\u00e5 entreprenadmaskiner, gruvmaskiner, lastbilar, b\u00e5tar m.m. Ljusbild: 60\u00b0Kamera vinkel: 95\u00b0Kamera utg\u00e5ng: S-video (Male pin) Data:Diod: 5W (XPG-CREE)Totalt Watt: 30WStr\u00f6mf\u00f6rbrukning: 2.46A @ 12vInsp\u00e4nning: 11-65vIP klass: IP68Vibration: 15,6 gramEMC: CISPR 25Vikt: 1,6 kgOptisk renhet: 90 %Diod drivs med: 90 %LED livsl\u00e4ngd: 50 000 timmarArbetstemperatur: -40\u00b0 Celsius &#8211; + 85\u00b0 CelsiusObjektiv: AkrylHus: pressgjuten aluminiumAnslutning: DeutschBeam m\u00f6nster ljus: 60\u00b0Kameravinkel: 95\u00b0Raw lumen: 2 958Effektiva lumen: 1 887","og_url":"https:\/\/www.visionxeurope.com\/se\/webbutik\/vision-x-7-ucl-kameralampa-kamera-95-ljus-60-s-video\/","og_site_name":"Vision X Europe","article_publisher":"https:\/\/www.facebook.com\/visionxeurope","article_modified_time":"2026-01-08T16:00:52+00:00","og_image":[{"width":450,"height":450,"url":"https:\/\/www.rindab.se\/wp-content\/uploads\/sites\/7\/2022\/04\/VEL-4460CA72SS.jpg","type":"image\/jpeg"}],"twitter_card":"summary_large_image","twitter_misc":{"Pris":"4 693,00&nbsp;&#107;&#114; exkl. moms","Tillg\u00e4nglig":"I lager"},"schema":{"@context":"https:\/\/schema.org","@graph":[{"@type":"WebPage","@id":"https:\/\/www.visionxeurope.com\/se\/webbutik\/vision-x-7-ucl-kameralampa-kamera-95-ljus-60-s-video\/","url":"https:\/\/www.visionxeurope.com\/se\/webbutik\/vision-x-7-ucl-kameralampa-kamera-95-ljus-60-s-video\/","name":"VISION X 7\" UCL KAMERALAMPA KAMERA 95\u00b0 LJUS 60\u00b0 (S-video) - Vision X Europe","isPartOf":{"@id":"https:\/\/www.visionxeurope.com\/se\/#website"},"primaryImageOfPage":{"@id":"https:\/\/www.visionxeurope.com\/se\/webbutik\/vision-x-7-ucl-kameralampa-kamera-95-ljus-60-s-video\/#primaryimage"},"image":{"@id":"https:\/\/www.visionxeurope.com\/se\/webbutik\/vision-x-7-ucl-kameralampa-kamera-95-ljus-60-s-video\/#primaryimage"},"thumbnailUrl":"https:\/\/www.visionxeurope.com\/se\/wp-content\/uploads\/sites\/7\/2022\/04\/VEL-4460CA72SS.jpg","datePublished":"2015-06-01T07:55:48+00:00","dateModified":"2026-01-08T16:00:52+00:00","breadcrumb":{"@id":"https:\/\/www.visionxeurope.com\/se\/webbutik\/vision-x-7-ucl-kameralampa-kamera-95-ljus-60-s-video\/#breadcrumb"},"inLanguage":"sv-SE","potentialAction":[{"@type":"ReadAction","target":["https:\/\/www.visionxeurope.com\/se\/webbutik\/vision-x-7-ucl-kameralampa-kamera-95-ljus-60-s-video\/"]}]},{"@type":"ImageObject","inLanguage":"sv-SE","@id":"https:\/\/www.visionxeurope.com\/se\/webbutik\/vision-x-7-ucl-kameralampa-kamera-95-ljus-60-s-video\/#primaryimage","url":"https:\/\/www.visionxeurope.com\/se\/wp-content\/uploads\/sites\/7\/2022\/04\/VEL-4460CA72SS.jpg","contentUrl":"https:\/\/www.visionxeurope.com\/se\/wp-content\/uploads\/sites\/7\/2022\/04\/VEL-4460CA72SS.jpg","width":450,"height":450},{"@type":"BreadcrumbList","@id":"https:\/\/www.visionxeurope.com\/se\/webbutik\/vision-x-7-ucl-kameralampa-kamera-95-ljus-60-s-video\/#breadcrumb","itemListElement":[{"@type":"ListItem","position":1,"name":"Hem","item":"https:\/\/www.visionxeurope.com\/se\/"},{"@type":"ListItem","position":2,"name":"Webbutik","item":"https:\/\/www.visionxeurope.com\/se\/webbutik\/"},{"@type":"ListItem","position":3,"name":"VISION X 7&#8243; UCL KAMERALAMPA KAMERA 95\u00b0 LJUS 60\u00b0 (S-video)"}]},{"@type":"WebSite","@id":"https:\/\/www.visionxeurope.com\/se\/#website","url":"https:\/\/www.visionxeurope.com\/se\/","name":"Vision X Europe","description":"","publisher":{"@id":"https:\/\/www.visionxeurope.com\/se\/#organization"},"potentialAction":[{"@type":"SearchAction","target":{"@type":"EntryPoint","urlTemplate":"https:\/\/www.visionxeurope.com\/se\/?s={search_term_string}"},"query-input":{"@type":"PropertyValueSpecification","valueRequired":true,"valueName":"search_term_string"}}],"inLanguage":"sv-SE"},{"@type":"Organization","@id":"https:\/\/www.visionxeurope.com\/se\/#organization","name":"Vision X Europe","url":"https:\/\/www.visionxeurope.com\/se\/","logo":{"@type":"ImageObject","inLanguage":"sv-SE","@id":"https:\/\/www.visionxeurope.com\/se\/#\/schema\/logo\/image\/","url":"https:\/\/www.visionxeurope.com\/se\/wp-content\/uploads\/sites\/7\/2021\/04\/visionxeurope.png","contentUrl":"https:\/\/www.visionxeurope.com\/se\/wp-content\/uploads\/sites\/7\/2021\/04\/visionxeurope.png","width":300,"height":110,"caption":"Vision X Europe"},"image":{"@id":"https:\/\/www.visionxeurope.com\/se\/#\/schema\/logo\/image\/"},"sameAs":["https:\/\/www.facebook.com\/visionxeurope","https:\/\/www.instagram.com\/visionxeurope\/"]}]},"product_price_amount":"4693.00","product_price_currency":"SEK","og_availability":"instock","product_availability":"instock","product_retailer_item_id":"VEL-4460CA72SS","product_condition":"new"},"_links":{"self":[{"href":"https:\/\/www.visionxeurope.com\/se\/wp-json\/wp\/v2\/product\/13292","targetHints":{"allow":["GET"]}}],"collection":[{"href":"https:\/\/www.visionxeurope.com\/se\/wp-json\/wp\/v2\/product"}],"about":[{"href":"https:\/\/www.visionxeurope.com\/se\/wp-json\/wp\/v2\/types\/product"}],"replies":[{"embeddable":true,"href":"https:\/\/www.visionxeurope.com\/se\/wp-json\/wp\/v2\/comments?post=13292"}],"wp:featuredmedia":[{"embeddable":true,"href":"https:\/\/www.visionxeurope.com\/se\/wp-json\/wp\/v2\/media\/14683"}],"wp:attachment":[{"href":"https:\/\/www.visionxeurope.com\/se\/wp-json\/wp\/v2\/media?parent=13292"}],"wp:term":[{"taxonomy":"product_brand","embeddable":true,"href":"https:\/\/www.visionxeurope.com\/se\/wp-json\/wp\/v2\/product_brand?post=13292"},{"taxonomy":"product_cat","embeddable":true,"href":"https:\/\/www.visionxeurope.com\/se\/wp-json\/wp\/v2\/product_cat?post=13292"},{"taxonomy":"product_tag","embeddable":true,"href":"https:\/\/www.visionxeurope.com\/se\/wp-json\/wp\/v2\/product_tag?post=13292"}],"curies":[{"name":"wp","href":"https:\/\/api.w.org\/{rel}","templated":true}]}}