{"id":13287,"date":"2019-07-11T14:54:47","date_gmt":"2019-07-11T12:54:47","guid":{"rendered":"https:\/\/www.visionxeurope.com\/se\/produkt\/vision-x-shocker-40-dual-action-led-extraljus-250w-300w-vit-gul\/"},"modified":"2026-01-08T21:10:45","modified_gmt":"2026-01-08T20:10:45","slug":"vision-x-shocker-40-dual-action-led-extraljus-250w-300w-vit-gul","status":"publish","type":"product","link":"https:\/\/www.visionxeurope.com\/se\/webbutik\/vision-x-shocker-40-dual-action-led-extraljus-250w-300w-vit-gul\/","title":{"rendered":"VISION X SHOCKER 40&#8243; DUAL ACTION LED EXTRALJUS 250W\/300W VIT\/GUL"},"content":{"rendered":"<p><\/p>\n<p>Vision X Shocker Dual Action LED Light ger dig ett extraljus som kan anpassas efter v\u00e4xlande v\u00e4derf\u00f6rh\u00e5llanden med en enkel knapptryckning.<\/p>\n<p><\/p>\n<p><\/p>\n<p>Utnyttja fj\u00e4rrljusl\u00e4get &#8211; VRT (Vector Reflector Technology) vid h\u00f6gre hastigheter och goda siktf\u00f6rh\u00e5llanden som ett normalt h\u00f6gpresterande LED-extraljus. Shocker 40&#8243; kan leverera upp till 25 680 lumen som r\u00e4cker hela 688 meter bort @1Lux.<\/p>\n<p><\/p>\n<p><\/p>\n<p>Men det \u00e4r n\u00e4r dimma och sn\u00f6 skymmer din v\u00e4g som Shocker blir extra intressant. N\u00e4r du v\u00e4xlar \u00f6ver till flodljusl\u00e4get &#8211; PLC (Photon Light Core Technology) skjuter Shocker ut en 170\u00b0 bred ljusbild som p\u00e5minner om ett dimljus, men med avsev\u00e4rt h\u00f6gre styrka och r\u00e4ckvidd. F\u00f6rest\u00e4ll dig ett dimljus som n\u00e5r lika l\u00e5ngt som helljuset p\u00e5 m\u00e5nga moderna bilar s\u00e5 kanske du f\u00f6rst\u00e5r vad Shocker handlar om!<\/p>\n<p><\/p>\n<p><\/p>\n<p>Fj\u00e4rrljusl\u00e4get p\u00e5 samtliga Shocker \u00e4r vitt f\u00f6r maximalt ljusutbyte och r\u00e4ckvidd. Flodljusl\u00e4get d\u00e4remot finns att f\u00e5 som vitt eller gult. Vilket man f\u00f6redrar \u00e4r lite av en smaksak, men generellt ger ett vitt ljus lite b\u00e4ttre r\u00e4ckvidd och of\u00f6rvr\u00e4ngda f\u00e4rger. Gult ljus ger ett ljus som upplevs mindre p\u00e5frestande f\u00f6r \u00f6gonen under l\u00e4ngre k\u00f6rning, men offrar lite av ljusm\u00e4ngd och f\u00e4rg\u00e5tergivning.<\/p>\n<p><\/p>\n<p><\/p>\n<p><strong>Egenskaper:<\/strong><br \/>Dubbla ljusbilder, fj\u00e4rr\/flod.<br \/>Fj\u00e4rrljusl\u00e4ge VRT (Vector Reflector Technology) med vitt ljus.<br \/>Flodljusl\u00e4ge PLC (Photon Light Core Technology) med gult ljus.<br \/>Lamphus av flygplansaluminium.<br \/>Race-inspirerade sidof\u00e4sten.<br \/>Kapslingsklass IP68\/IP69K.<br \/>3-polig Deutsch-kontakt.<br \/>Komplett kablage med rel\u00e4 och vippstr\u00f6mbrytare ing\u00e5r.<\/p>\n<p><\/p>\n<p><\/p>\n<p><strong>Data:<\/strong><br \/>Bredd: 1060 mm<br \/>H\u00f6jd (m f\u00e4ste): 97 mm<br \/>Djup: 97 mm<br \/>Effekt, fj\u00e4rr: 250 W<br \/>R\u00e5a lumen, fj\u00e4rr: 25680 lm<br \/>R\u00e4kvidd, fj\u00e4rr @1Lux: 688 m<br \/>Effekt, flod: 300 W<br \/>R\u00e5a lumen, flod: 14200 lm<br \/>R\u00e4ckvidd, flod @1Lux: 207 m<\/p>\n<p><\/p>","protected":false},"excerpt":{"rendered":"<p>Vision X Shocker Dual Action LED Light ger dig ett extraljus som kan anpassas efter v\u00e4xlande v\u00e4derf\u00f6rh\u00e5llanden med en enkel knapptryckning.<\/p>\n<p>Utnyttja fj\u00e4rrljusl\u00e4get &#8211; VRT (Vector Reflector Technology) vid h\u00f6gre hastigheter och goda siktf\u00f6rh\u00e5llanden som ett normalt h\u00f6gpresterande LED-extraljus. Shocker 40&#8243; kan leverera upp till 25 680 lumen som r\u00e4cker hela 688 meter bort @1Lux.<\/p>\n<p>Men det \u00e4r n\u00e4r dimma och sn\u00f6 skymmer din v\u00e4g som Shocker blir extra intressant. N\u00e4r du v\u00e4xlar \u00f6ver till flodljusl\u00e4get &#8211; PLC (Photon Light Core Technology) skjuter Shocker ut en 170\u00b0 bred ljusbild som p\u00e5minner om ett dimljus, men med avsev\u00e4rt h\u00f6gre styrka och r\u00e4ckvidd. F\u00f6rest\u00e4ll dig ett dimljus som n\u00e5r lika l\u00e5ngt som helljuset p\u00e5 m\u00e5nga moderna bilar s\u00e5 kanske du f\u00f6rst\u00e5r vad Shocker handlar om!<\/p>\n<p>Fj\u00e4rrljusl\u00e4get p\u00e5 samtliga Shocker \u00e4r vitt f\u00f6r maximalt ljusutbyte och r\u00e4ckvidd. Flodljusl\u00e4get d\u00e4remot finns att f\u00e5 som vitt eller gult. Vilket man f\u00f6redrar \u00e4r lite av en smaksak, men generellt ger ett vitt ljus lite b\u00e4ttre r\u00e4ckvidd och of\u00f6rvr\u00e4ngda f\u00e4rger. Gult ljus ger ett ljus som upplevs mindre p\u00e5frestande f\u00f6r \u00f6gonen under l\u00e4ngre k\u00f6rning, men offrar lite av ljusm\u00e4ngd och f\u00e4rg\u00e5tergivning.<\/p>\n<p><strong>Egenskaper:<\/strong><br \/>Dubbla ljusbilder, fj\u00e4rr\/flod.<br \/>Fj\u00e4rrljusl\u00e4ge VRT (Vector Reflector Technology) med vitt ljus.<br \/>Flodljusl\u00e4ge PLC (Photon Light Core Technology) med gult ljus.<br \/>Lamphus av flygplansaluminium.<br \/>Race-inspirerade sidof\u00e4sten.<br \/>Kapslingsklass IP68\/IP69K.<br \/>3-polig Deutsch-kontakt.<br \/>Komplett kablage med rel\u00e4 och vippstr\u00f6mbrytare ing\u00e5r.<\/p>\n<p><strong>Data:<\/strong><br \/>Bredd: 1060 mm<br \/>H\u00f6jd (m f\u00e4ste): 97 mm<br \/>Djup: 97 mm<br \/>Effekt, fj\u00e4rr: 250 W<br \/>R\u00e5a lumen, fj\u00e4rr: 25680 lm<br \/>R\u00e4kvidd, fj\u00e4rr @1Lux: 688 m<br \/>Effekt, flod: 300 W<br \/>R\u00e5a lumen, flod: 14200 lm<br \/>R\u00e4ckvidd, flod @1Lux: 207 m<\/p>\n","protected":false},"featured_media":14643,"comment_status":"open","ping_status":"open","template":"","meta":{"editor_notices":[]},"product_brand":[],"product_cat":[61],"product_tag":[],"class_list":{"0":"post-13287","1":"product","2":"type-product","3":"status-publish","4":"has-post-thumbnail","6":"product_cat-shocker","7":"resize-featured-image","8":"","9":"woocommerce-text-align-left","10":"woocommerce-image-align-center","12":"first","13":"instock","14":"taxable","15":"shipping-taxable","16":"product-type-simple"},"yoast_head":"<!-- This site is optimized with the Yoast SEO Premium plugin v25.0 (Yoast SEO v25.0) - https:\/\/yoast.com\/wordpress\/plugins\/seo\/ -->\n<title>VISION X SHOCKER 40&quot; DUAL ACTION LED EXTRALJUS 250W\/300W VIT\/GUL - Vision X Europe<\/title>\n<meta name=\"robots\" content=\"index, follow, max-snippet:-1, max-image-preview:large, max-video-preview:-1\" \/>\n<link rel=\"canonical\" href=\"https:\/\/www.visionxeurope.com\/se\/webbutik\/vision-x-shocker-40-dual-action-led-extraljus-250w-300w-vit-gul\/\" \/>\n<meta property=\"og:locale\" content=\"sv_SE\" \/>\n<meta property=\"og:type\" content=\"article\" \/>\n<meta property=\"og:title\" content=\"VISION X SHOCKER 40&quot; DUAL ACTION LED EXTRALJUS 250W\/300W VIT\/GUL\" \/>\n<meta property=\"og:description\" content=\"Vision X Shocker Dual Action LED Light ger dig ett extraljus som kan anpassas efter v\u00e4xlande v\u00e4derf\u00f6rh\u00e5llanden med en enkel knapptryckning. Utnyttja fj\u00e4rrljusl\u00e4get &#8211; VRT (Vector Reflector Technology) vid h\u00f6gre hastigheter och goda siktf\u00f6rh\u00e5llanden som ett normalt h\u00f6gpresterande LED-extraljus. Shocker 40&#8243; kan leverera upp till 25 680 lumen som r\u00e4cker hela 688 meter bort @1Lux. Men det \u00e4r n\u00e4r dimma och sn\u00f6 skymmer din v\u00e4g som Shocker blir extra intressant. N\u00e4r du v\u00e4xlar \u00f6ver till flodljusl\u00e4get &#8211; PLC (Photon Light Core Technology) skjuter Shocker ut en 170\u00b0 bred ljusbild som p\u00e5minner om ett dimljus, men med avsev\u00e4rt h\u00f6gre styrka och r\u00e4ckvidd. F\u00f6rest\u00e4ll dig ett dimljus som n\u00e5r lika l\u00e5ngt som helljuset p\u00e5 m\u00e5nga moderna bilar s\u00e5 kanske du f\u00f6rst\u00e5r vad Shocker handlar om! Fj\u00e4rrljusl\u00e4get p\u00e5 samtliga Shocker \u00e4r vitt f\u00f6r maximalt ljusutbyte och r\u00e4ckvidd. Flodljusl\u00e4get d\u00e4remot finns att f\u00e5 som vitt eller gult. Vilket man f\u00f6redrar \u00e4r lite av en smaksak, men generellt ger ett vitt ljus lite b\u00e4ttre r\u00e4ckvidd och of\u00f6rvr\u00e4ngda f\u00e4rger. Gult ljus ger ett ljus som upplevs mindre p\u00e5frestande f\u00f6r \u00f6gonen under l\u00e4ngre k\u00f6rning, men offrar lite av ljusm\u00e4ngd och f\u00e4rg\u00e5tergivning. Egenskaper:Dubbla ljusbilder, fj\u00e4rr\/flod.Fj\u00e4rrljusl\u00e4ge VRT (Vector Reflector Technology) med vitt ljus.Flodljusl\u00e4ge PLC (Photon Light Core Technology) med gult ljus.Lamphus av flygplansaluminium.Race-inspirerade sidof\u00e4sten.Kapslingsklass IP68\/IP69K.3-polig Deutsch-kontakt.Komplett kablage med rel\u00e4 och vippstr\u00f6mbrytare ing\u00e5r. Data:Bredd: 1060 mmH\u00f6jd (m f\u00e4ste): 97 mmDjup: 97 mmEffekt, fj\u00e4rr: 250 WR\u00e5a lumen, fj\u00e4rr: 25680 lmR\u00e4kvidd, fj\u00e4rr @1Lux: 688 mEffekt, flod: 300 WR\u00e5a lumen, flod: 14200 lmR\u00e4ckvidd, flod @1Lux: 207 m\" \/>\n<meta property=\"og:url\" content=\"https:\/\/www.visionxeurope.com\/se\/webbutik\/vision-x-shocker-40-dual-action-led-extraljus-250w-300w-vit-gul\/\" \/>\n<meta property=\"og:site_name\" content=\"Vision X Europe\" \/>\n<meta property=\"article:publisher\" content=\"https:\/\/www.facebook.com\/visionxeurope\" \/>\n<meta property=\"article:modified_time\" content=\"2026-01-08T20:10:45+00:00\" \/>\n<meta property=\"og:image\" content=\"https:\/\/www.rindab.se\/wp-content\/uploads\/sites\/7\/2022\/04\/SHK-BV24WPA.jpg\" \/>\n\t<meta property=\"og:image:width\" content=\"450\" \/>\n\t<meta property=\"og:image:height\" content=\"450\" \/>\n\t<meta property=\"og:image:type\" content=\"image\/jpeg\" \/>\n<meta name=\"twitter:card\" content=\"summary_large_image\" \/>\n<meta name=\"twitter:label1\" content=\"Pris\" \/>\n\t<meta name=\"twitter:data1\" content=\"25 288,00&nbsp;&#107;&#114; exkl. moms\" \/>\n\t<meta name=\"twitter:label2\" content=\"Tillg\u00e4nglig\" \/>\n\t<meta name=\"twitter:data2\" content=\"I lager\" \/>\n<script type=\"application\/ld+json\" class=\"yoast-schema-graph\">{\"@context\":\"https:\/\/schema.org\",\"@graph\":[{\"@type\":\"WebPage\",\"@id\":\"https:\/\/www.visionxeurope.com\/se\/webbutik\/vision-x-shocker-40-dual-action-led-extraljus-250w-300w-vit-gul\/\",\"url\":\"https:\/\/www.visionxeurope.com\/se\/webbutik\/vision-x-shocker-40-dual-action-led-extraljus-250w-300w-vit-gul\/\",\"name\":\"VISION X SHOCKER 40\\\" DUAL ACTION LED EXTRALJUS 250W\/300W VIT\/GUL - Vision X Europe\",\"isPartOf\":{\"@id\":\"https:\/\/www.visionxeurope.com\/se\/#website\"},\"primaryImageOfPage\":{\"@id\":\"https:\/\/www.visionxeurope.com\/se\/webbutik\/vision-x-shocker-40-dual-action-led-extraljus-250w-300w-vit-gul\/#primaryimage\"},\"image\":{\"@id\":\"https:\/\/www.visionxeurope.com\/se\/webbutik\/vision-x-shocker-40-dual-action-led-extraljus-250w-300w-vit-gul\/#primaryimage\"},\"thumbnailUrl\":\"https:\/\/www.visionxeurope.com\/se\/wp-content\/uploads\/sites\/7\/2022\/04\/SHK-BV24WPA.jpg\",\"datePublished\":\"2019-07-11T12:54:47+00:00\",\"dateModified\":\"2026-01-08T20:10:45+00:00\",\"breadcrumb\":{\"@id\":\"https:\/\/www.visionxeurope.com\/se\/webbutik\/vision-x-shocker-40-dual-action-led-extraljus-250w-300w-vit-gul\/#breadcrumb\"},\"inLanguage\":\"sv-SE\",\"potentialAction\":[{\"@type\":\"ReadAction\",\"target\":[\"https:\/\/www.visionxeurope.com\/se\/webbutik\/vision-x-shocker-40-dual-action-led-extraljus-250w-300w-vit-gul\/\"]}]},{\"@type\":\"ImageObject\",\"inLanguage\":\"sv-SE\",\"@id\":\"https:\/\/www.visionxeurope.com\/se\/webbutik\/vision-x-shocker-40-dual-action-led-extraljus-250w-300w-vit-gul\/#primaryimage\",\"url\":\"https:\/\/www.visionxeurope.com\/se\/wp-content\/uploads\/sites\/7\/2022\/04\/SHK-BV24WPA.jpg\",\"contentUrl\":\"https:\/\/www.visionxeurope.com\/se\/wp-content\/uploads\/sites\/7\/2022\/04\/SHK-BV24WPA.jpg\",\"width\":450,\"height\":450},{\"@type\":\"BreadcrumbList\",\"@id\":\"https:\/\/www.visionxeurope.com\/se\/webbutik\/vision-x-shocker-40-dual-action-led-extraljus-250w-300w-vit-gul\/#breadcrumb\",\"itemListElement\":[{\"@type\":\"ListItem\",\"position\":1,\"name\":\"Hem\",\"item\":\"https:\/\/www.visionxeurope.com\/se\/\"},{\"@type\":\"ListItem\",\"position\":2,\"name\":\"Webbutik\",\"item\":\"https:\/\/www.visionxeurope.com\/se\/webbutik\/\"},{\"@type\":\"ListItem\",\"position\":3,\"name\":\"VISION X SHOCKER 40&#8243; DUAL ACTION LED EXTRALJUS 250W\/300W VIT\/GUL\"}]},{\"@type\":\"WebSite\",\"@id\":\"https:\/\/www.visionxeurope.com\/se\/#website\",\"url\":\"https:\/\/www.visionxeurope.com\/se\/\",\"name\":\"Vision X Europe\",\"description\":\"\",\"publisher\":{\"@id\":\"https:\/\/www.visionxeurope.com\/se\/#organization\"},\"potentialAction\":[{\"@type\":\"SearchAction\",\"target\":{\"@type\":\"EntryPoint\",\"urlTemplate\":\"https:\/\/www.visionxeurope.com\/se\/?s={search_term_string}\"},\"query-input\":{\"@type\":\"PropertyValueSpecification\",\"valueRequired\":true,\"valueName\":\"search_term_string\"}}],\"inLanguage\":\"sv-SE\"},{\"@type\":\"Organization\",\"@id\":\"https:\/\/www.visionxeurope.com\/se\/#organization\",\"name\":\"Vision X Europe\",\"url\":\"https:\/\/www.visionxeurope.com\/se\/\",\"logo\":{\"@type\":\"ImageObject\",\"inLanguage\":\"sv-SE\",\"@id\":\"https:\/\/www.visionxeurope.com\/se\/#\/schema\/logo\/image\/\",\"url\":\"https:\/\/www.visionxeurope.com\/se\/wp-content\/uploads\/sites\/7\/2021\/04\/visionxeurope.png\",\"contentUrl\":\"https:\/\/www.visionxeurope.com\/se\/wp-content\/uploads\/sites\/7\/2021\/04\/visionxeurope.png\",\"width\":300,\"height\":110,\"caption\":\"Vision X Europe\"},\"image\":{\"@id\":\"https:\/\/www.visionxeurope.com\/se\/#\/schema\/logo\/image\/\"},\"sameAs\":[\"https:\/\/www.facebook.com\/visionxeurope\",\"https:\/\/www.instagram.com\/visionxeurope\/\"]}]}<\/script>\n<meta property=\"product:price:amount\" content=\"25288.00\" \/>\n<meta property=\"product:price:currency\" content=\"SEK\" \/>\n<meta property=\"og:availability\" content=\"instock\" \/>\n<meta property=\"product:availability\" content=\"instock\" \/>\n<meta property=\"product:retailer_item_id\" content=\"SHK-BV24WPA\" \/>\n<meta property=\"product:condition\" content=\"new\" \/>\n<!-- \/ Yoast SEO Premium plugin. -->","yoast_head_json":{"title":"VISION X SHOCKER 40\" DUAL ACTION LED EXTRALJUS 250W\/300W VIT\/GUL - Vision X Europe","robots":{"index":"index","follow":"follow","max-snippet":"max-snippet:-1","max-image-preview":"max-image-preview:large","max-video-preview":"max-video-preview:-1"},"canonical":"https:\/\/www.visionxeurope.com\/se\/webbutik\/vision-x-shocker-40-dual-action-led-extraljus-250w-300w-vit-gul\/","og_locale":"sv_SE","og_type":"article","og_title":"VISION X SHOCKER 40\" DUAL ACTION LED EXTRALJUS 250W\/300W VIT\/GUL","og_description":"Vision X Shocker Dual Action LED Light ger dig ett extraljus som kan anpassas efter v\u00e4xlande v\u00e4derf\u00f6rh\u00e5llanden med en enkel knapptryckning. Utnyttja fj\u00e4rrljusl\u00e4get &#8211; VRT (Vector Reflector Technology) vid h\u00f6gre hastigheter och goda siktf\u00f6rh\u00e5llanden som ett normalt h\u00f6gpresterande LED-extraljus. Shocker 40&#8243; kan leverera upp till 25 680 lumen som r\u00e4cker hela 688 meter bort @1Lux. Men det \u00e4r n\u00e4r dimma och sn\u00f6 skymmer din v\u00e4g som Shocker blir extra intressant. N\u00e4r du v\u00e4xlar \u00f6ver till flodljusl\u00e4get &#8211; PLC (Photon Light Core Technology) skjuter Shocker ut en 170\u00b0 bred ljusbild som p\u00e5minner om ett dimljus, men med avsev\u00e4rt h\u00f6gre styrka och r\u00e4ckvidd. F\u00f6rest\u00e4ll dig ett dimljus som n\u00e5r lika l\u00e5ngt som helljuset p\u00e5 m\u00e5nga moderna bilar s\u00e5 kanske du f\u00f6rst\u00e5r vad Shocker handlar om! Fj\u00e4rrljusl\u00e4get p\u00e5 samtliga Shocker \u00e4r vitt f\u00f6r maximalt ljusutbyte och r\u00e4ckvidd. Flodljusl\u00e4get d\u00e4remot finns att f\u00e5 som vitt eller gult. Vilket man f\u00f6redrar \u00e4r lite av en smaksak, men generellt ger ett vitt ljus lite b\u00e4ttre r\u00e4ckvidd och of\u00f6rvr\u00e4ngda f\u00e4rger. Gult ljus ger ett ljus som upplevs mindre p\u00e5frestande f\u00f6r \u00f6gonen under l\u00e4ngre k\u00f6rning, men offrar lite av ljusm\u00e4ngd och f\u00e4rg\u00e5tergivning. Egenskaper:Dubbla ljusbilder, fj\u00e4rr\/flod.Fj\u00e4rrljusl\u00e4ge VRT (Vector Reflector Technology) med vitt ljus.Flodljusl\u00e4ge PLC (Photon Light Core Technology) med gult ljus.Lamphus av flygplansaluminium.Race-inspirerade sidof\u00e4sten.Kapslingsklass IP68\/IP69K.3-polig Deutsch-kontakt.Komplett kablage med rel\u00e4 och vippstr\u00f6mbrytare ing\u00e5r. Data:Bredd: 1060 mmH\u00f6jd (m f\u00e4ste): 97 mmDjup: 97 mmEffekt, fj\u00e4rr: 250 WR\u00e5a lumen, fj\u00e4rr: 25680 lmR\u00e4kvidd, fj\u00e4rr @1Lux: 688 mEffekt, flod: 300 WR\u00e5a lumen, flod: 14200 lmR\u00e4ckvidd, flod @1Lux: 207 m","og_url":"https:\/\/www.visionxeurope.com\/se\/webbutik\/vision-x-shocker-40-dual-action-led-extraljus-250w-300w-vit-gul\/","og_site_name":"Vision X Europe","article_publisher":"https:\/\/www.facebook.com\/visionxeurope","article_modified_time":"2026-01-08T20:10:45+00:00","og_image":[{"width":450,"height":450,"url":"https:\/\/www.rindab.se\/wp-content\/uploads\/sites\/7\/2022\/04\/SHK-BV24WPA.jpg","type":"image\/jpeg"}],"twitter_card":"summary_large_image","twitter_misc":{"Pris":"25 288,00&nbsp;&#107;&#114; exkl. moms","Tillg\u00e4nglig":"I lager"},"schema":{"@context":"https:\/\/schema.org","@graph":[{"@type":"WebPage","@id":"https:\/\/www.visionxeurope.com\/se\/webbutik\/vision-x-shocker-40-dual-action-led-extraljus-250w-300w-vit-gul\/","url":"https:\/\/www.visionxeurope.com\/se\/webbutik\/vision-x-shocker-40-dual-action-led-extraljus-250w-300w-vit-gul\/","name":"VISION X SHOCKER 40\" DUAL ACTION LED EXTRALJUS 250W\/300W VIT\/GUL - Vision X Europe","isPartOf":{"@id":"https:\/\/www.visionxeurope.com\/se\/#website"},"primaryImageOfPage":{"@id":"https:\/\/www.visionxeurope.com\/se\/webbutik\/vision-x-shocker-40-dual-action-led-extraljus-250w-300w-vit-gul\/#primaryimage"},"image":{"@id":"https:\/\/www.visionxeurope.com\/se\/webbutik\/vision-x-shocker-40-dual-action-led-extraljus-250w-300w-vit-gul\/#primaryimage"},"thumbnailUrl":"https:\/\/www.visionxeurope.com\/se\/wp-content\/uploads\/sites\/7\/2022\/04\/SHK-BV24WPA.jpg","datePublished":"2019-07-11T12:54:47+00:00","dateModified":"2026-01-08T20:10:45+00:00","breadcrumb":{"@id":"https:\/\/www.visionxeurope.com\/se\/webbutik\/vision-x-shocker-40-dual-action-led-extraljus-250w-300w-vit-gul\/#breadcrumb"},"inLanguage":"sv-SE","potentialAction":[{"@type":"ReadAction","target":["https:\/\/www.visionxeurope.com\/se\/webbutik\/vision-x-shocker-40-dual-action-led-extraljus-250w-300w-vit-gul\/"]}]},{"@type":"ImageObject","inLanguage":"sv-SE","@id":"https:\/\/www.visionxeurope.com\/se\/webbutik\/vision-x-shocker-40-dual-action-led-extraljus-250w-300w-vit-gul\/#primaryimage","url":"https:\/\/www.visionxeurope.com\/se\/wp-content\/uploads\/sites\/7\/2022\/04\/SHK-BV24WPA.jpg","contentUrl":"https:\/\/www.visionxeurope.com\/se\/wp-content\/uploads\/sites\/7\/2022\/04\/SHK-BV24WPA.jpg","width":450,"height":450},{"@type":"BreadcrumbList","@id":"https:\/\/www.visionxeurope.com\/se\/webbutik\/vision-x-shocker-40-dual-action-led-extraljus-250w-300w-vit-gul\/#breadcrumb","itemListElement":[{"@type":"ListItem","position":1,"name":"Hem","item":"https:\/\/www.visionxeurope.com\/se\/"},{"@type":"ListItem","position":2,"name":"Webbutik","item":"https:\/\/www.visionxeurope.com\/se\/webbutik\/"},{"@type":"ListItem","position":3,"name":"VISION X SHOCKER 40&#8243; DUAL ACTION LED EXTRALJUS 250W\/300W VIT\/GUL"}]},{"@type":"WebSite","@id":"https:\/\/www.visionxeurope.com\/se\/#website","url":"https:\/\/www.visionxeurope.com\/se\/","name":"Vision X Europe","description":"","publisher":{"@id":"https:\/\/www.visionxeurope.com\/se\/#organization"},"potentialAction":[{"@type":"SearchAction","target":{"@type":"EntryPoint","urlTemplate":"https:\/\/www.visionxeurope.com\/se\/?s={search_term_string}"},"query-input":{"@type":"PropertyValueSpecification","valueRequired":true,"valueName":"search_term_string"}}],"inLanguage":"sv-SE"},{"@type":"Organization","@id":"https:\/\/www.visionxeurope.com\/se\/#organization","name":"Vision X Europe","url":"https:\/\/www.visionxeurope.com\/se\/","logo":{"@type":"ImageObject","inLanguage":"sv-SE","@id":"https:\/\/www.visionxeurope.com\/se\/#\/schema\/logo\/image\/","url":"https:\/\/www.visionxeurope.com\/se\/wp-content\/uploads\/sites\/7\/2021\/04\/visionxeurope.png","contentUrl":"https:\/\/www.visionxeurope.com\/se\/wp-content\/uploads\/sites\/7\/2021\/04\/visionxeurope.png","width":300,"height":110,"caption":"Vision X Europe"},"image":{"@id":"https:\/\/www.visionxeurope.com\/se\/#\/schema\/logo\/image\/"},"sameAs":["https:\/\/www.facebook.com\/visionxeurope","https:\/\/www.instagram.com\/visionxeurope\/"]}]},"product_price_amount":"25288.00","product_price_currency":"SEK","og_availability":"instock","product_availability":"instock","product_retailer_item_id":"SHK-BV24WPA","product_condition":"new"},"_links":{"self":[{"href":"https:\/\/www.visionxeurope.com\/se\/wp-json\/wp\/v2\/product\/13287","targetHints":{"allow":["GET"]}}],"collection":[{"href":"https:\/\/www.visionxeurope.com\/se\/wp-json\/wp\/v2\/product"}],"about":[{"href":"https:\/\/www.visionxeurope.com\/se\/wp-json\/wp\/v2\/types\/product"}],"replies":[{"embeddable":true,"href":"https:\/\/www.visionxeurope.com\/se\/wp-json\/wp\/v2\/comments?post=13287"}],"wp:featuredmedia":[{"embeddable":true,"href":"https:\/\/www.visionxeurope.com\/se\/wp-json\/wp\/v2\/media\/14643"}],"wp:attachment":[{"href":"https:\/\/www.visionxeurope.com\/se\/wp-json\/wp\/v2\/media?parent=13287"}],"wp:term":[{"taxonomy":"product_brand","embeddable":true,"href":"https:\/\/www.visionxeurope.com\/se\/wp-json\/wp\/v2\/product_brand?post=13287"},{"taxonomy":"product_cat","embeddable":true,"href":"https:\/\/www.visionxeurope.com\/se\/wp-json\/wp\/v2\/product_cat?post=13287"},{"taxonomy":"product_tag","embeddable":true,"href":"https:\/\/www.visionxeurope.com\/se\/wp-json\/wp\/v2\/product_tag?post=13287"}],"curies":[{"name":"wp","href":"https:\/\/api.w.org\/{rel}","templated":true}]}}