{"id":13282,"date":"2021-01-01T12:01:00","date_gmt":"2021-01-01T11:01:00","guid":{"rendered":"https:\/\/www.visionxeurope.com\/se\/produkt\/vision-x-xmitter-black-edition-24v-21-180w-10-25-e-markt\/"},"modified":"2026-03-30T14:04:24","modified_gmt":"2026-03-30T12:04:24","slug":"vision-x-xmitter-black-edition-24v-21-180w-10-25-e-markt","status":"publish","type":"product","link":"https:\/\/www.visionxeurope.com\/se\/webbutik\/vision-x-xmitter-black-edition-24v-21-180w-10-25-e-markt\/","title":{"rendered":"VISION X XMITTER BLACK EDITION 24V 21&#8243; 180W 10\/25\u00b0 E-M\u00c4RKT"},"content":{"rendered":"<p><\/p>\n<p>Ny version av Vision X stors\u00e4ljare Xmitter 21\u2033 som \u00e4r popul\u00e4r tack vare att den packar enormt mycket ljus p\u00e5 liten yta och \u00e4nd\u00e5 \u00e4r E-m\u00e4rkt, att den \u00e4r exakt lika bred som en nummerpl\u00e5t samt att den har riktigt bra kvalitet och h\u00e5llbarhet.<\/p>\n<p><\/p>\n<p><\/p>\n<p>IP69K tryckvattent\u00e4t, vibrationsklassad och riktigt bra t\u00e4tning med \u00e5ldersbest\u00e4ndig silikon. Aktivt \u00f6verhettningskydd som Vision X kallar ETM som synkar med deras PWM styrning, Prime Drive s\u00e5 kan den sj\u00e4lv justera maximalt ljusfl\u00f6de utan att bli \u00f6verhettad. 5,5 \u00e5rs funktionsgaranti f\u00f6rs\u00e4krar dig om bra ljus i m\u00e5nga \u00e5r!<\/p>\n<p><\/p>\n<p><\/p>\n<p>Gavlarna \u00e4r i komposit ist\u00e4llet f\u00f6r gjuten aluminium p\u00e5 alla nya Vision X vilket betyder att de inte kan tappa f\u00e4rg och skapa galvaniska str\u00f6mmar osv. Stenskotts\u00e4kert och UV resistent polykarbonatglas.<\/p>\n<p><\/p>\n<p><\/p>\n<p>Detta \u00e4r n\u00e4st starkaste ljusramp efter Shocker och den starkaste E-m\u00e4rkta ljusramp Vision X har!<\/p>\n<p><\/p>\n<p><\/p>\n<p>Nytt i denna version:<br \/>* Svart bakgrund vilket ger ett mer diskret utseende (kromad bakgrund finns fortfarande att best\u00e4lla).<br \/>* Elliptiska linser p\u00e5 de yttersta linserna med hela 65\u00b0 graders bredd ut\u00e5t sidorna, 30\u00b0 h\u00f6jdled p\u00e5 flooden s\u00e5 du kan se ner i dikena eller upp p\u00e5 ett kr\u00f6n bredvid v\u00e4gen. Flooden lyser upp i princip allting inom 100m. Samt 10\u00b0 fyllig spot rakt fram\u00e5 f\u00f6r l\u00e4ngd och bredd p\u00e5 h\u00e5ll. (f\u00f6rra versionen hade 25\/25\u00b0 flood ut\u00e5t sidorna s\u00e5 nu f\u00e5r man bredare och plattare sidoljus).<\/p>\n<p><\/p>\n<p><\/p>\n<p><strong>Data:<br \/><\/strong>E-m\u00e4rkt<br \/>Lamphus: Robust aluminium\/komposit<br \/>Sp\u00e4nning: OBS! 24V endast f\u00f6r h\u00f6gsta EMC klassning, CISPR25,5.<br \/>Str\u00f6mf\u00f6rbrukning: 15 Amp vid 24V<br \/>IP-klass: IP68 och IP69K<br \/>Vibrationsklass: 15.6Grms<br \/>Arbetstemperatur: -40\u00b0C \u2013 +80\u00b0C<br \/>H\u00f6jd: 75mm utan f\u00e4ste<br \/>Djup: 85mm<br \/>Bredd: 525mm<br \/>Vikt: 4 700 gram<br \/>Lins: Polykarbonat<br \/>Watt: 180W<br \/>LED: 36 st. x 5W<br \/>R\u00e5a lumen: 19 008 lm<br \/>Effektiva lumen: 13 320 lm<br \/>Ljusbild: Kombination 10\u00b0 Spot och 30\/65\u00b0 sidoljus<\/p>\n<p><\/p>","protected":false},"excerpt":{"rendered":"<p>Ny version av Vision X stors\u00e4ljare Xmitter 21&#8243; som \u00e4r popul\u00e4r tack vare att den packar enormt mycket ljus p\u00e5 liten yta och \u00e4nd\u00e5 \u00e4r E-m\u00e4rkt, att den \u00e4r exakt lika bred som en nummerpl\u00e5t samt att den har riktigt bra kvalitet och h\u00e5llbarhet.<\/p>\n<p>IP69K tryckvattent\u00e4t, vibrationsklassad och riktigt bra t\u00e4tning med \u00e5ldersbest\u00e4ndig silikon. Aktivt \u00f6verhettningskydd som Vision X kallar ETM som synkar med deras PWM styrning, Prime Drive s\u00e5 kan den sj\u00e4lv justera maximalt ljusfl\u00f6de utan att bli \u00f6verhettad. 5,5 \u00e5rs funktionsgaranti f\u00f6rs\u00e4krar dig om bra ljus i m\u00e5nga \u00e5r!<\/p>\n<p>Gavlarna \u00e4r i komposit ist\u00e4llet f\u00f6r gjuten aluminium p\u00e5 alla nya Vision X vilket betyder att de inte kan tappa f\u00e4rg och skapa galvaniska str\u00f6mmar osv. Stenskotts\u00e4kert och UV resistent polykarbonatglas.<\/p>\n<p>Detta \u00e4r n\u00e4st starkaste ljusramp efter Shocker och den starkaste E-m\u00e4rkta ljusramp Vision X har!<\/p>\n<p>Nytt i denna version:<br \/>* Svart bakgrund vilket ger ett mer diskret utseende (kromad bakgrund finns fortfarande att best\u00e4lla).<br \/>* Elliptiska linser p\u00e5 de yttersta linserna med hela 65\u00b0 graders bredd ut\u00e5t sidorna, 30\u00b0 h\u00f6jdled p\u00e5 flooden s\u00e5 du kan se ner i dikena eller upp p\u00e5 ett kr\u00f6n bredvid v\u00e4gen. Flooden lyser upp i princip allting inom 100m. Samt 10\u00b0 fyllig spot rakt fram\u00e5 f\u00f6r l\u00e4ngd och bredd p\u00e5 h\u00e5ll. (f\u00f6rra versionen hade 25\/25\u00b0 flood ut\u00e5t sidorna s\u00e5 nu f\u00e5r man bredare och plattare sidoljus).<\/p>\n<p><strong>Data:<br \/><\/strong>E-m\u00e4rkt<br \/>Lamphus: Robust aluminium<br \/>Sp\u00e4nning: OBS! 24V endast f\u00f6r h\u00f6gsta EMC klassning, CISPR25,5.<br \/>Str\u00f6mf\u00f6rbrukning: 15 Amp vid 24V<br \/>IP-klass: IP68 och IP69K<br \/>Vibrationsklass: 15.6Grms<br \/>Arbetstemperatur: -40\u00b0C &#8211; +80\u00b0C<br \/>H\u00f6jd: 75mm utan f\u00e4ste<br \/>Djup: 85mm<br \/>Bredd: 525mm<br \/>Lins: Polykarbonat<br \/>Watt: 180W<br \/>LED: 36 st. x 5W<br \/>R\u00e5a lumen: 19 008 lm<br \/>Effektiva lumen: 13 320 lm<br \/>Ljusbild: Kombination 10\u00b0 Spot och 30\/65\u00b0 sidoljus<\/p>\n","protected":false},"featured_media":13281,"comment_status":"closed","ping_status":"open","template":"","meta":{"editor_notices":[]},"product_brand":[],"product_cat":[304,822],"product_tag":[],"class_list":{"0":"post-13282","1":"product","2":"type-product","3":"status-publish","4":"has-post-thumbnail","6":"product_cat-xmitter-black-edition","7":"product_cat-extraljusramper-militara-produkter","8":"resize-featured-image","9":"","10":"woocommerce-text-align-left","11":"woocommerce-image-align-center","13":"first","14":"instock","15":"taxable","16":"shipping-taxable","17":"product-type-simple"},"yoast_head":"<!-- This site is optimized with the Yoast SEO Premium plugin v25.0 (Yoast SEO v25.0) - https:\/\/yoast.com\/wordpress\/plugins\/seo\/ -->\n<title>VISION X XMITTER BLACK EDITION 24V 21&quot; 180W 10\/25\u00b0 E-M\u00c4RKT - Vision X Europe<\/title>\n<meta name=\"robots\" content=\"index, follow, max-snippet:-1, max-image-preview:large, max-video-preview:-1\" \/>\n<link rel=\"canonical\" href=\"https:\/\/www.visionxeurope.com\/se\/webbutik\/vision-x-xmitter-black-edition-24v-21-180w-10-25-e-markt\/\" \/>\n<meta property=\"og:locale\" content=\"sv_SE\" \/>\n<meta property=\"og:type\" content=\"article\" \/>\n<meta property=\"og:title\" content=\"VISION X XMITTER BLACK EDITION 24V 21&quot; 180W 10\/25\u00b0 E-M\u00c4RKT\" \/>\n<meta property=\"og:description\" content=\"Ny version av Vision X stors\u00e4ljare Xmitter 21&#8243; som \u00e4r popul\u00e4r tack vare att den packar enormt mycket ljus p\u00e5 liten yta och \u00e4nd\u00e5 \u00e4r E-m\u00e4rkt, att den \u00e4r exakt lika bred som en nummerpl\u00e5t samt att den har riktigt bra kvalitet och h\u00e5llbarhet. IP69K tryckvattent\u00e4t, vibrationsklassad och riktigt bra t\u00e4tning med \u00e5ldersbest\u00e4ndig silikon. Aktivt \u00f6verhettningskydd som Vision X kallar ETM som synkar med deras PWM styrning, Prime Drive s\u00e5 kan den sj\u00e4lv justera maximalt ljusfl\u00f6de utan att bli \u00f6verhettad. 5,5 \u00e5rs funktionsgaranti f\u00f6rs\u00e4krar dig om bra ljus i m\u00e5nga \u00e5r! Gavlarna \u00e4r i komposit ist\u00e4llet f\u00f6r gjuten aluminium p\u00e5 alla nya Vision X vilket betyder att de inte kan tappa f\u00e4rg och skapa galvaniska str\u00f6mmar osv. Stenskotts\u00e4kert och UV resistent polykarbonatglas. Detta \u00e4r n\u00e4st starkaste ljusramp efter Shocker och den starkaste E-m\u00e4rkta ljusramp Vision X har! Nytt i denna version:* Svart bakgrund vilket ger ett mer diskret utseende (kromad bakgrund finns fortfarande att best\u00e4lla).* Elliptiska linser p\u00e5 de yttersta linserna med hela 65\u00b0 graders bredd ut\u00e5t sidorna, 30\u00b0 h\u00f6jdled p\u00e5 flooden s\u00e5 du kan se ner i dikena eller upp p\u00e5 ett kr\u00f6n bredvid v\u00e4gen. Flooden lyser upp i princip allting inom 100m. Samt 10\u00b0 fyllig spot rakt fram\u00e5 f\u00f6r l\u00e4ngd och bredd p\u00e5 h\u00e5ll. (f\u00f6rra versionen hade 25\/25\u00b0 flood ut\u00e5t sidorna s\u00e5 nu f\u00e5r man bredare och plattare sidoljus). Data:E-m\u00e4rktLamphus: Robust aluminiumSp\u00e4nning: OBS! 24V endast f\u00f6r h\u00f6gsta EMC klassning, CISPR25,5.Str\u00f6mf\u00f6rbrukning: 15 Amp vid 24VIP-klass: IP68 och IP69KVibrationsklass: 15.6GrmsArbetstemperatur: -40\u00b0C &#8211; +80\u00b0CH\u00f6jd: 75mm utan f\u00e4steDjup: 85mmBredd: 525mmLins: PolykarbonatWatt: 180WLED: 36 st. x 5WR\u00e5a lumen: 19 008 lmEffektiva lumen: 13 320 lmLjusbild: Kombination 10\u00b0 Spot och 30\/65\u00b0 sidoljus\" \/>\n<meta property=\"og:url\" content=\"https:\/\/www.visionxeurope.com\/se\/webbutik\/vision-x-xmitter-black-edition-24v-21-180w-10-25-e-markt\/\" \/>\n<meta property=\"og:site_name\" content=\"Vision X Europe\" \/>\n<meta property=\"article:publisher\" content=\"https:\/\/www.facebook.com\/visionxeurope\" \/>\n<meta property=\"article:modified_time\" content=\"2026-03-30T12:04:24+00:00\" \/>\n<meta property=\"og:image\" content=\"https:\/\/www.visionxeurope.com\/se\/wp-content\/uploads\/sites\/7\/2022\/04\/XIL-PX36M.12BL-2.jpg\" \/>\n\t<meta property=\"og:image:width\" content=\"1920\" \/>\n\t<meta property=\"og:image:height\" content=\"1920\" \/>\n\t<meta property=\"og:image:type\" content=\"image\/jpeg\" \/>\n<meta name=\"twitter:card\" content=\"summary_large_image\" \/>\n<meta name=\"twitter:label1\" content=\"Pris\" \/>\n\t<meta name=\"twitter:data1\" content=\"10 966,00&nbsp;&#107;&#114; exkl. moms\" \/>\n\t<meta name=\"twitter:label2\" content=\"Tillg\u00e4nglig\" \/>\n\t<meta name=\"twitter:data2\" content=\"I lager\" \/>\n<script type=\"application\/ld+json\" class=\"yoast-schema-graph\">{\"@context\":\"https:\/\/schema.org\",\"@graph\":[{\"@type\":\"WebPage\",\"@id\":\"https:\/\/www.visionxeurope.com\/se\/webbutik\/vision-x-xmitter-black-edition-24v-21-180w-10-25-e-markt\/\",\"url\":\"https:\/\/www.visionxeurope.com\/se\/webbutik\/vision-x-xmitter-black-edition-24v-21-180w-10-25-e-markt\/\",\"name\":\"VISION X XMITTER BLACK EDITION 24V 21\\\" 180W 10\/25\u00b0 E-M\u00c4RKT - Vision X Europe\",\"isPartOf\":{\"@id\":\"https:\/\/www.visionxeurope.com\/se\/#website\"},\"primaryImageOfPage\":{\"@id\":\"https:\/\/www.visionxeurope.com\/se\/webbutik\/vision-x-xmitter-black-edition-24v-21-180w-10-25-e-markt\/#primaryimage\"},\"image\":{\"@id\":\"https:\/\/www.visionxeurope.com\/se\/webbutik\/vision-x-xmitter-black-edition-24v-21-180w-10-25-e-markt\/#primaryimage\"},\"thumbnailUrl\":\"https:\/\/www.visionxeurope.com\/se\/wp-content\/uploads\/sites\/7\/2022\/04\/XIL-PX36M.12BL-2.jpg\",\"datePublished\":\"2021-01-01T11:01:00+00:00\",\"dateModified\":\"2026-03-30T12:04:24+00:00\",\"breadcrumb\":{\"@id\":\"https:\/\/www.visionxeurope.com\/se\/webbutik\/vision-x-xmitter-black-edition-24v-21-180w-10-25-e-markt\/#breadcrumb\"},\"inLanguage\":\"sv-SE\",\"potentialAction\":[{\"@type\":\"ReadAction\",\"target\":[\"https:\/\/www.visionxeurope.com\/se\/webbutik\/vision-x-xmitter-black-edition-24v-21-180w-10-25-e-markt\/\"]}]},{\"@type\":\"ImageObject\",\"inLanguage\":\"sv-SE\",\"@id\":\"https:\/\/www.visionxeurope.com\/se\/webbutik\/vision-x-xmitter-black-edition-24v-21-180w-10-25-e-markt\/#primaryimage\",\"url\":\"https:\/\/www.visionxeurope.com\/se\/wp-content\/uploads\/sites\/7\/2022\/04\/XIL-PX36M.12BL-2.jpg\",\"contentUrl\":\"https:\/\/www.visionxeurope.com\/se\/wp-content\/uploads\/sites\/7\/2022\/04\/XIL-PX36M.12BL-2.jpg\",\"width\":1920,\"height\":1920},{\"@type\":\"BreadcrumbList\",\"@id\":\"https:\/\/www.visionxeurope.com\/se\/webbutik\/vision-x-xmitter-black-edition-24v-21-180w-10-25-e-markt\/#breadcrumb\",\"itemListElement\":[{\"@type\":\"ListItem\",\"position\":1,\"name\":\"Hem\",\"item\":\"https:\/\/www.visionxeurope.com\/se\/\"},{\"@type\":\"ListItem\",\"position\":2,\"name\":\"Webbutik\",\"item\":\"https:\/\/www.visionxeurope.com\/se\/webbutik\/\"},{\"@type\":\"ListItem\",\"position\":3,\"name\":\"VISION X XMITTER BLACK EDITION 24V 21&#8243; 180W 10\/25\u00b0 E-M\u00c4RKT\"}]},{\"@type\":\"WebSite\",\"@id\":\"https:\/\/www.visionxeurope.com\/se\/#website\",\"url\":\"https:\/\/www.visionxeurope.com\/se\/\",\"name\":\"Vision X Europe\",\"description\":\"\",\"publisher\":{\"@id\":\"https:\/\/www.visionxeurope.com\/se\/#organization\"},\"potentialAction\":[{\"@type\":\"SearchAction\",\"target\":{\"@type\":\"EntryPoint\",\"urlTemplate\":\"https:\/\/www.visionxeurope.com\/se\/?s={search_term_string}\"},\"query-input\":{\"@type\":\"PropertyValueSpecification\",\"valueRequired\":true,\"valueName\":\"search_term_string\"}}],\"inLanguage\":\"sv-SE\"},{\"@type\":\"Organization\",\"@id\":\"https:\/\/www.visionxeurope.com\/se\/#organization\",\"name\":\"Vision X Europe\",\"url\":\"https:\/\/www.visionxeurope.com\/se\/\",\"logo\":{\"@type\":\"ImageObject\",\"inLanguage\":\"sv-SE\",\"@id\":\"https:\/\/www.visionxeurope.com\/se\/#\/schema\/logo\/image\/\",\"url\":\"https:\/\/www.visionxeurope.com\/se\/wp-content\/uploads\/sites\/7\/2021\/04\/visionxeurope.png\",\"contentUrl\":\"https:\/\/www.visionxeurope.com\/se\/wp-content\/uploads\/sites\/7\/2021\/04\/visionxeurope.png\",\"width\":300,\"height\":110,\"caption\":\"Vision X Europe\"},\"image\":{\"@id\":\"https:\/\/www.visionxeurope.com\/se\/#\/schema\/logo\/image\/\"},\"sameAs\":[\"https:\/\/www.facebook.com\/visionxeurope\",\"https:\/\/www.instagram.com\/visionxeurope\/\"]}]}<\/script>\n<meta property=\"product:price:amount\" content=\"10966.00\" \/>\n<meta property=\"product:price:currency\" content=\"SEK\" \/>\n<meta property=\"og:availability\" content=\"instock\" \/>\n<meta property=\"product:availability\" content=\"instock\" \/>\n<meta property=\"product:retailer_item_id\" content=\"XIL-PX36M.24BL\" \/>\n<meta property=\"product:condition\" content=\"new\" \/>\n<!-- \/ Yoast SEO Premium plugin. -->","yoast_head_json":{"title":"VISION X XMITTER BLACK EDITION 24V 21\" 180W 10\/25\u00b0 E-M\u00c4RKT - Vision X Europe","robots":{"index":"index","follow":"follow","max-snippet":"max-snippet:-1","max-image-preview":"max-image-preview:large","max-video-preview":"max-video-preview:-1"},"canonical":"https:\/\/www.visionxeurope.com\/se\/webbutik\/vision-x-xmitter-black-edition-24v-21-180w-10-25-e-markt\/","og_locale":"sv_SE","og_type":"article","og_title":"VISION X XMITTER BLACK EDITION 24V 21\" 180W 10\/25\u00b0 E-M\u00c4RKT","og_description":"Ny version av Vision X stors\u00e4ljare Xmitter 21&#8243; som \u00e4r popul\u00e4r tack vare att den packar enormt mycket ljus p\u00e5 liten yta och \u00e4nd\u00e5 \u00e4r E-m\u00e4rkt, att den \u00e4r exakt lika bred som en nummerpl\u00e5t samt att den har riktigt bra kvalitet och h\u00e5llbarhet. IP69K tryckvattent\u00e4t, vibrationsklassad och riktigt bra t\u00e4tning med \u00e5ldersbest\u00e4ndig silikon. Aktivt \u00f6verhettningskydd som Vision X kallar ETM som synkar med deras PWM styrning, Prime Drive s\u00e5 kan den sj\u00e4lv justera maximalt ljusfl\u00f6de utan att bli \u00f6verhettad. 5,5 \u00e5rs funktionsgaranti f\u00f6rs\u00e4krar dig om bra ljus i m\u00e5nga \u00e5r! Gavlarna \u00e4r i komposit ist\u00e4llet f\u00f6r gjuten aluminium p\u00e5 alla nya Vision X vilket betyder att de inte kan tappa f\u00e4rg och skapa galvaniska str\u00f6mmar osv. Stenskotts\u00e4kert och UV resistent polykarbonatglas. Detta \u00e4r n\u00e4st starkaste ljusramp efter Shocker och den starkaste E-m\u00e4rkta ljusramp Vision X har! Nytt i denna version:* Svart bakgrund vilket ger ett mer diskret utseende (kromad bakgrund finns fortfarande att best\u00e4lla).* Elliptiska linser p\u00e5 de yttersta linserna med hela 65\u00b0 graders bredd ut\u00e5t sidorna, 30\u00b0 h\u00f6jdled p\u00e5 flooden s\u00e5 du kan se ner i dikena eller upp p\u00e5 ett kr\u00f6n bredvid v\u00e4gen. Flooden lyser upp i princip allting inom 100m. Samt 10\u00b0 fyllig spot rakt fram\u00e5 f\u00f6r l\u00e4ngd och bredd p\u00e5 h\u00e5ll. (f\u00f6rra versionen hade 25\/25\u00b0 flood ut\u00e5t sidorna s\u00e5 nu f\u00e5r man bredare och plattare sidoljus). Data:E-m\u00e4rktLamphus: Robust aluminiumSp\u00e4nning: OBS! 24V endast f\u00f6r h\u00f6gsta EMC klassning, CISPR25,5.Str\u00f6mf\u00f6rbrukning: 15 Amp vid 24VIP-klass: IP68 och IP69KVibrationsklass: 15.6GrmsArbetstemperatur: -40\u00b0C &#8211; +80\u00b0CH\u00f6jd: 75mm utan f\u00e4steDjup: 85mmBredd: 525mmLins: PolykarbonatWatt: 180WLED: 36 st. x 5WR\u00e5a lumen: 19 008 lmEffektiva lumen: 13 320 lmLjusbild: Kombination 10\u00b0 Spot och 30\/65\u00b0 sidoljus","og_url":"https:\/\/www.visionxeurope.com\/se\/webbutik\/vision-x-xmitter-black-edition-24v-21-180w-10-25-e-markt\/","og_site_name":"Vision X Europe","article_publisher":"https:\/\/www.facebook.com\/visionxeurope","article_modified_time":"2026-03-30T12:04:24+00:00","og_image":[{"width":1920,"height":1920,"url":"https:\/\/www.visionxeurope.com\/se\/wp-content\/uploads\/sites\/7\/2022\/04\/XIL-PX36M.12BL-2.jpg","type":"image\/jpeg"}],"twitter_card":"summary_large_image","twitter_misc":{"Pris":"10 966,00&nbsp;&#107;&#114; exkl. moms","Tillg\u00e4nglig":"I lager"},"schema":{"@context":"https:\/\/schema.org","@graph":[{"@type":"WebPage","@id":"https:\/\/www.visionxeurope.com\/se\/webbutik\/vision-x-xmitter-black-edition-24v-21-180w-10-25-e-markt\/","url":"https:\/\/www.visionxeurope.com\/se\/webbutik\/vision-x-xmitter-black-edition-24v-21-180w-10-25-e-markt\/","name":"VISION X XMITTER BLACK EDITION 24V 21\" 180W 10\/25\u00b0 E-M\u00c4RKT - Vision X Europe","isPartOf":{"@id":"https:\/\/www.visionxeurope.com\/se\/#website"},"primaryImageOfPage":{"@id":"https:\/\/www.visionxeurope.com\/se\/webbutik\/vision-x-xmitter-black-edition-24v-21-180w-10-25-e-markt\/#primaryimage"},"image":{"@id":"https:\/\/www.visionxeurope.com\/se\/webbutik\/vision-x-xmitter-black-edition-24v-21-180w-10-25-e-markt\/#primaryimage"},"thumbnailUrl":"https:\/\/www.visionxeurope.com\/se\/wp-content\/uploads\/sites\/7\/2022\/04\/XIL-PX36M.12BL-2.jpg","datePublished":"2021-01-01T11:01:00+00:00","dateModified":"2026-03-30T12:04:24+00:00","breadcrumb":{"@id":"https:\/\/www.visionxeurope.com\/se\/webbutik\/vision-x-xmitter-black-edition-24v-21-180w-10-25-e-markt\/#breadcrumb"},"inLanguage":"sv-SE","potentialAction":[{"@type":"ReadAction","target":["https:\/\/www.visionxeurope.com\/se\/webbutik\/vision-x-xmitter-black-edition-24v-21-180w-10-25-e-markt\/"]}]},{"@type":"ImageObject","inLanguage":"sv-SE","@id":"https:\/\/www.visionxeurope.com\/se\/webbutik\/vision-x-xmitter-black-edition-24v-21-180w-10-25-e-markt\/#primaryimage","url":"https:\/\/www.visionxeurope.com\/se\/wp-content\/uploads\/sites\/7\/2022\/04\/XIL-PX36M.12BL-2.jpg","contentUrl":"https:\/\/www.visionxeurope.com\/se\/wp-content\/uploads\/sites\/7\/2022\/04\/XIL-PX36M.12BL-2.jpg","width":1920,"height":1920},{"@type":"BreadcrumbList","@id":"https:\/\/www.visionxeurope.com\/se\/webbutik\/vision-x-xmitter-black-edition-24v-21-180w-10-25-e-markt\/#breadcrumb","itemListElement":[{"@type":"ListItem","position":1,"name":"Hem","item":"https:\/\/www.visionxeurope.com\/se\/"},{"@type":"ListItem","position":2,"name":"Webbutik","item":"https:\/\/www.visionxeurope.com\/se\/webbutik\/"},{"@type":"ListItem","position":3,"name":"VISION X XMITTER BLACK EDITION 24V 21&#8243; 180W 10\/25\u00b0 E-M\u00c4RKT"}]},{"@type":"WebSite","@id":"https:\/\/www.visionxeurope.com\/se\/#website","url":"https:\/\/www.visionxeurope.com\/se\/","name":"Vision X Europe","description":"","publisher":{"@id":"https:\/\/www.visionxeurope.com\/se\/#organization"},"potentialAction":[{"@type":"SearchAction","target":{"@type":"EntryPoint","urlTemplate":"https:\/\/www.visionxeurope.com\/se\/?s={search_term_string}"},"query-input":{"@type":"PropertyValueSpecification","valueRequired":true,"valueName":"search_term_string"}}],"inLanguage":"sv-SE"},{"@type":"Organization","@id":"https:\/\/www.visionxeurope.com\/se\/#organization","name":"Vision X Europe","url":"https:\/\/www.visionxeurope.com\/se\/","logo":{"@type":"ImageObject","inLanguage":"sv-SE","@id":"https:\/\/www.visionxeurope.com\/se\/#\/schema\/logo\/image\/","url":"https:\/\/www.visionxeurope.com\/se\/wp-content\/uploads\/sites\/7\/2021\/04\/visionxeurope.png","contentUrl":"https:\/\/www.visionxeurope.com\/se\/wp-content\/uploads\/sites\/7\/2021\/04\/visionxeurope.png","width":300,"height":110,"caption":"Vision X Europe"},"image":{"@id":"https:\/\/www.visionxeurope.com\/se\/#\/schema\/logo\/image\/"},"sameAs":["https:\/\/www.facebook.com\/visionxeurope","https:\/\/www.instagram.com\/visionxeurope\/"]}]},"product_price_amount":"10966.00","product_price_currency":"SEK","og_availability":"instock","product_availability":"instock","product_retailer_item_id":"XIL-PX36M.24BL","product_condition":"new"},"_links":{"self":[{"href":"https:\/\/www.visionxeurope.com\/se\/wp-json\/wp\/v2\/product\/13282","targetHints":{"allow":["GET"]}}],"collection":[{"href":"https:\/\/www.visionxeurope.com\/se\/wp-json\/wp\/v2\/product"}],"about":[{"href":"https:\/\/www.visionxeurope.com\/se\/wp-json\/wp\/v2\/types\/product"}],"replies":[{"embeddable":true,"href":"https:\/\/www.visionxeurope.com\/se\/wp-json\/wp\/v2\/comments?post=13282"}],"wp:featuredmedia":[{"embeddable":true,"href":"https:\/\/www.visionxeurope.com\/se\/wp-json\/wp\/v2\/media\/13281"}],"wp:attachment":[{"href":"https:\/\/www.visionxeurope.com\/se\/wp-json\/wp\/v2\/media?parent=13282"}],"wp:term":[{"taxonomy":"product_brand","embeddable":true,"href":"https:\/\/www.visionxeurope.com\/se\/wp-json\/wp\/v2\/product_brand?post=13282"},{"taxonomy":"product_cat","embeddable":true,"href":"https:\/\/www.visionxeurope.com\/se\/wp-json\/wp\/v2\/product_cat?post=13282"},{"taxonomy":"product_tag","embeddable":true,"href":"https:\/\/www.visionxeurope.com\/se\/wp-json\/wp\/v2\/product_tag?post=13282"}],"curies":[{"name":"wp","href":"https:\/\/api.w.org\/{rel}","templated":true}]}}