{"id":13269,"date":"2015-07-21T08:49:30","date_gmt":"2015-07-21T06:49:30","guid":{"rendered":"https:\/\/www.visionxeurope.com\/se\/produkt\/vision-x-lpx-light-bar-skyddslock-gul\/"},"modified":"2025-12-08T23:44:43","modified_gmt":"2025-12-08T22:44:43","slug":"vision-x-lpx-light-bar-skyddslock-gul","status":"publish","type":"product","link":"https:\/\/www.visionxeurope.com\/se\/webbutik\/vision-x-lpx-light-bar-skyddslock-gul\/","title":{"rendered":"VISION X LPX LIGHT BAR SKYDDSLOCK GUL"},"content":{"rendered":"<p><\/p>\n<p>Ett enkelt s\u00e4tt att addera extra skydd till Vision X LED ramper. Med ett Light Bar Cover av polykarbonat, kan du vara s\u00e4ker p\u00e5 att din light bar kommer att ha ett extra skydd mot v\u00e4der och vind, och forts\u00e4tter att se lika bra ut som det gjorde den dag du tog ut den ur l\u00e5dan.<\/p>\n<p><\/p>\n<p><\/p>\n<p><strong>Perfekt i d\u00e5ligt v\u00e4der<\/strong><br \/>Skyddslocket ger dig ett gult ljus som \u00e4r legalt att k\u00f6ra med. Det \u00e4r ocks\u00e5 perfekt i d\u00e5ligt v\u00e4der s\u00e5 som dimma, sn\u00f6 och regn d\u00e5 det tar bort de bl\u00e5 ljusv\u00e5gorna fr\u00e5n spektrumet. Bl\u00e5tt ljus \u00e4r den sv\u00e5raste f\u00e4rgen f\u00f6r \u00f6gat att arbeta med p\u00e5 grund av sin korta v\u00e5gl\u00e4ngd och bl\u00e4ndning som det skapar.<\/p>\n<p><\/p>\n<p><\/p>\n<p><strong>Detta skyddslock passar p\u00e5:<br \/><\/strong>XIL-LPX310<br \/>XIL-LPX340<br \/>XIL-LPX3e3065<\/p>\n<p><\/p>","protected":false},"excerpt":{"rendered":"<p>Ett enkelt s\u00e4tt att addera extra skydd till Vision X LED ramper. Med ett Light Bar Cover av polykarbonat, kan du vara s\u00e4ker p\u00e5 att din light bar kommer att ha ett extra skydd mot v\u00e4der och vind, och forts\u00e4tter att se lika bra ut som det gjorde den dag du tog ut den ur l\u00e5dan.<\/p>\n<p><strong>Perfekt i d\u00e5ligt v\u00e4der<\/strong><br \/>Skyddslocket ger dig ett gult ljus som \u00e4r legalt att k\u00f6ra med. Det \u00e4r ocks\u00e5 perfekt i d\u00e5ligt v\u00e4der s\u00e5 som dimma, sn\u00f6 och regn d\u00e5 det tar bort de bl\u00e5 ljusv\u00e5gorna fr\u00e5n spektrumet. Bl\u00e5tt ljus \u00e4r den sv\u00e5raste f\u00e4rgen f\u00f6r \u00f6gat att arbeta med p\u00e5 grund av sin korta v\u00e5gl\u00e4ngd och bl\u00e4ndning som det skapar.<\/p>\n<p><strong>Detta skyddslock passar p\u00e5:<br \/><\/strong>XIL-LPX310<br \/>XIL-LPX340<br \/>XIL-LPX3e3065<\/p>\n","protected":false},"featured_media":6165,"comment_status":"open","ping_status":"open","template":"","meta":{"editor_notices":[]},"product_brand":[],"product_cat":[59],"product_tag":[],"class_list":{"0":"post-13269","1":"product","2":"type-product","3":"status-publish","4":"has-post-thumbnail","6":"product_cat-skyddslock","7":"resize-featured-image","8":"","9":"woocommerce-text-align-left","10":"woocommerce-image-align-center","12":"first","13":"instock","14":"taxable","15":"shipping-taxable","16":"product-type-simple"},"yoast_head":"<!-- This site is optimized with the Yoast SEO Premium plugin v25.0 (Yoast SEO v25.0) - https:\/\/yoast.com\/wordpress\/plugins\/seo\/ -->\n<title>VISION X LPX LIGHT BAR SKYDDSLOCK GUL - Vision X Europe<\/title>\n<meta name=\"robots\" content=\"index, follow, max-snippet:-1, max-image-preview:large, max-video-preview:-1\" \/>\n<link rel=\"canonical\" href=\"https:\/\/www.visionxeurope.com\/se\/webbutik\/vision-x-lpx-light-bar-skyddslock-gul\/\" \/>\n<meta property=\"og:locale\" content=\"sv_SE\" \/>\n<meta property=\"og:type\" content=\"article\" \/>\n<meta property=\"og:title\" content=\"VISION X LPX LIGHT BAR SKYDDSLOCK GUL\" \/>\n<meta property=\"og:description\" content=\"Ett enkelt s\u00e4tt att addera extra skydd till Vision X LED ramper. Med ett Light Bar Cover av polykarbonat, kan du vara s\u00e4ker p\u00e5 att din light bar kommer att ha ett extra skydd mot v\u00e4der och vind, och forts\u00e4tter att se lika bra ut som det gjorde den dag du tog ut den ur l\u00e5dan. Perfekt i d\u00e5ligt v\u00e4derSkyddslocket ger dig ett gult ljus som \u00e4r legalt att k\u00f6ra med. Det \u00e4r ocks\u00e5 perfekt i d\u00e5ligt v\u00e4der s\u00e5 som dimma, sn\u00f6 och regn d\u00e5 det tar bort de bl\u00e5 ljusv\u00e5gorna fr\u00e5n spektrumet. Bl\u00e5tt ljus \u00e4r den sv\u00e5raste f\u00e4rgen f\u00f6r \u00f6gat att arbeta med p\u00e5 grund av sin korta v\u00e5gl\u00e4ngd och bl\u00e4ndning som det skapar. Detta skyddslock passar p\u00e5:XIL-LPX310XIL-LPX340XIL-LPX3e3065\" \/>\n<meta property=\"og:url\" content=\"https:\/\/www.visionxeurope.com\/se\/webbutik\/vision-x-lpx-light-bar-skyddslock-gul\/\" \/>\n<meta property=\"og:site_name\" content=\"Vision X Europe\" \/>\n<meta property=\"article:publisher\" content=\"https:\/\/www.facebook.com\/visionxeurope\" \/>\n<meta property=\"article:modified_time\" content=\"2025-12-08T22:44:43+00:00\" \/>\n<meta property=\"og:image\" content=\"https:\/\/www.rindab.se\/wp-content\/uploads\/sites\/7\/2021\/05\/PCV-LP3Y.jpg\" \/>\n\t<meta property=\"og:image:width\" content=\"450\" \/>\n\t<meta property=\"og:image:height\" content=\"450\" \/>\n\t<meta property=\"og:image:type\" content=\"image\/jpeg\" \/>\n<meta name=\"twitter:card\" content=\"summary_large_image\" \/>\n<meta name=\"twitter:label1\" content=\"Pris\" \/>\n\t<meta name=\"twitter:data1\" content=\"442,00&nbsp;&#107;&#114; exkl. moms\" \/>\n\t<meta name=\"twitter:label2\" content=\"Tillg\u00e4nglig\" \/>\n\t<meta name=\"twitter:data2\" content=\"I lager\" \/>\n<script type=\"application\/ld+json\" class=\"yoast-schema-graph\">{\"@context\":\"https:\/\/schema.org\",\"@graph\":[{\"@type\":\"WebPage\",\"@id\":\"https:\/\/www.visionxeurope.com\/se\/webbutik\/vision-x-lpx-light-bar-skyddslock-gul\/\",\"url\":\"https:\/\/www.visionxeurope.com\/se\/webbutik\/vision-x-lpx-light-bar-skyddslock-gul\/\",\"name\":\"VISION X LPX LIGHT BAR SKYDDSLOCK GUL - Vision X Europe\",\"isPartOf\":{\"@id\":\"https:\/\/www.visionxeurope.com\/se\/#website\"},\"primaryImageOfPage\":{\"@id\":\"https:\/\/www.visionxeurope.com\/se\/webbutik\/vision-x-lpx-light-bar-skyddslock-gul\/#primaryimage\"},\"image\":{\"@id\":\"https:\/\/www.visionxeurope.com\/se\/webbutik\/vision-x-lpx-light-bar-skyddslock-gul\/#primaryimage\"},\"thumbnailUrl\":\"https:\/\/www.visionxeurope.com\/se\/wp-content\/uploads\/sites\/7\/2021\/05\/PCV-LP3Y.jpg\",\"datePublished\":\"2015-07-21T06:49:30+00:00\",\"dateModified\":\"2025-12-08T22:44:43+00:00\",\"breadcrumb\":{\"@id\":\"https:\/\/www.visionxeurope.com\/se\/webbutik\/vision-x-lpx-light-bar-skyddslock-gul\/#breadcrumb\"},\"inLanguage\":\"sv-SE\",\"potentialAction\":[{\"@type\":\"ReadAction\",\"target\":[\"https:\/\/www.visionxeurope.com\/se\/webbutik\/vision-x-lpx-light-bar-skyddslock-gul\/\"]}]},{\"@type\":\"ImageObject\",\"inLanguage\":\"sv-SE\",\"@id\":\"https:\/\/www.visionxeurope.com\/se\/webbutik\/vision-x-lpx-light-bar-skyddslock-gul\/#primaryimage\",\"url\":\"https:\/\/www.visionxeurope.com\/se\/wp-content\/uploads\/sites\/7\/2021\/05\/PCV-LP3Y.jpg\",\"contentUrl\":\"https:\/\/www.visionxeurope.com\/se\/wp-content\/uploads\/sites\/7\/2021\/05\/PCV-LP3Y.jpg\",\"width\":450,\"height\":450},{\"@type\":\"BreadcrumbList\",\"@id\":\"https:\/\/www.visionxeurope.com\/se\/webbutik\/vision-x-lpx-light-bar-skyddslock-gul\/#breadcrumb\",\"itemListElement\":[{\"@type\":\"ListItem\",\"position\":1,\"name\":\"Hem\",\"item\":\"https:\/\/www.visionxeurope.com\/se\/\"},{\"@type\":\"ListItem\",\"position\":2,\"name\":\"Webbutik\",\"item\":\"https:\/\/www.visionxeurope.com\/se\/webbutik\/\"},{\"@type\":\"ListItem\",\"position\":3,\"name\":\"VISION X LPX LIGHT BAR SKYDDSLOCK GUL\"}]},{\"@type\":\"WebSite\",\"@id\":\"https:\/\/www.visionxeurope.com\/se\/#website\",\"url\":\"https:\/\/www.visionxeurope.com\/se\/\",\"name\":\"Vision X Europe\",\"description\":\"\",\"publisher\":{\"@id\":\"https:\/\/www.visionxeurope.com\/se\/#organization\"},\"potentialAction\":[{\"@type\":\"SearchAction\",\"target\":{\"@type\":\"EntryPoint\",\"urlTemplate\":\"https:\/\/www.visionxeurope.com\/se\/?s={search_term_string}\"},\"query-input\":{\"@type\":\"PropertyValueSpecification\",\"valueRequired\":true,\"valueName\":\"search_term_string\"}}],\"inLanguage\":\"sv-SE\"},{\"@type\":\"Organization\",\"@id\":\"https:\/\/www.visionxeurope.com\/se\/#organization\",\"name\":\"Vision X Europe\",\"url\":\"https:\/\/www.visionxeurope.com\/se\/\",\"logo\":{\"@type\":\"ImageObject\",\"inLanguage\":\"sv-SE\",\"@id\":\"https:\/\/www.visionxeurope.com\/se\/#\/schema\/logo\/image\/\",\"url\":\"https:\/\/www.visionxeurope.com\/se\/wp-content\/uploads\/sites\/7\/2021\/04\/visionxeurope.png\",\"contentUrl\":\"https:\/\/www.visionxeurope.com\/se\/wp-content\/uploads\/sites\/7\/2021\/04\/visionxeurope.png\",\"width\":300,\"height\":110,\"caption\":\"Vision X Europe\"},\"image\":{\"@id\":\"https:\/\/www.visionxeurope.com\/se\/#\/schema\/logo\/image\/\"},\"sameAs\":[\"https:\/\/www.facebook.com\/visionxeurope\",\"https:\/\/www.instagram.com\/visionxeurope\/\"]}]}<\/script>\n<meta property=\"product:price:amount\" content=\"442.00\" \/>\n<meta property=\"product:price:currency\" content=\"SEK\" \/>\n<meta property=\"og:availability\" content=\"instock\" \/>\n<meta property=\"product:availability\" content=\"instock\" \/>\n<meta property=\"product:retailer_item_id\" content=\"PCV-LP3Y\" \/>\n<meta property=\"product:condition\" content=\"new\" \/>\n<!-- \/ Yoast SEO Premium plugin. -->","yoast_head_json":{"title":"VISION X LPX LIGHT BAR SKYDDSLOCK GUL - Vision X Europe","robots":{"index":"index","follow":"follow","max-snippet":"max-snippet:-1","max-image-preview":"max-image-preview:large","max-video-preview":"max-video-preview:-1"},"canonical":"https:\/\/www.visionxeurope.com\/se\/webbutik\/vision-x-lpx-light-bar-skyddslock-gul\/","og_locale":"sv_SE","og_type":"article","og_title":"VISION X LPX LIGHT BAR SKYDDSLOCK GUL","og_description":"Ett enkelt s\u00e4tt att addera extra skydd till Vision X LED ramper. Med ett Light Bar Cover av polykarbonat, kan du vara s\u00e4ker p\u00e5 att din light bar kommer att ha ett extra skydd mot v\u00e4der och vind, och forts\u00e4tter att se lika bra ut som det gjorde den dag du tog ut den ur l\u00e5dan. Perfekt i d\u00e5ligt v\u00e4derSkyddslocket ger dig ett gult ljus som \u00e4r legalt att k\u00f6ra med. Det \u00e4r ocks\u00e5 perfekt i d\u00e5ligt v\u00e4der s\u00e5 som dimma, sn\u00f6 och regn d\u00e5 det tar bort de bl\u00e5 ljusv\u00e5gorna fr\u00e5n spektrumet. Bl\u00e5tt ljus \u00e4r den sv\u00e5raste f\u00e4rgen f\u00f6r \u00f6gat att arbeta med p\u00e5 grund av sin korta v\u00e5gl\u00e4ngd och bl\u00e4ndning som det skapar. Detta skyddslock passar p\u00e5:XIL-LPX310XIL-LPX340XIL-LPX3e3065","og_url":"https:\/\/www.visionxeurope.com\/se\/webbutik\/vision-x-lpx-light-bar-skyddslock-gul\/","og_site_name":"Vision X Europe","article_publisher":"https:\/\/www.facebook.com\/visionxeurope","article_modified_time":"2025-12-08T22:44:43+00:00","og_image":[{"width":450,"height":450,"url":"https:\/\/www.rindab.se\/wp-content\/uploads\/sites\/7\/2021\/05\/PCV-LP3Y.jpg","type":"image\/jpeg"}],"twitter_card":"summary_large_image","twitter_misc":{"Pris":"442,00&nbsp;&#107;&#114; exkl. moms","Tillg\u00e4nglig":"I lager"},"schema":{"@context":"https:\/\/schema.org","@graph":[{"@type":"WebPage","@id":"https:\/\/www.visionxeurope.com\/se\/webbutik\/vision-x-lpx-light-bar-skyddslock-gul\/","url":"https:\/\/www.visionxeurope.com\/se\/webbutik\/vision-x-lpx-light-bar-skyddslock-gul\/","name":"VISION X LPX LIGHT BAR SKYDDSLOCK GUL - Vision X Europe","isPartOf":{"@id":"https:\/\/www.visionxeurope.com\/se\/#website"},"primaryImageOfPage":{"@id":"https:\/\/www.visionxeurope.com\/se\/webbutik\/vision-x-lpx-light-bar-skyddslock-gul\/#primaryimage"},"image":{"@id":"https:\/\/www.visionxeurope.com\/se\/webbutik\/vision-x-lpx-light-bar-skyddslock-gul\/#primaryimage"},"thumbnailUrl":"https:\/\/www.visionxeurope.com\/se\/wp-content\/uploads\/sites\/7\/2021\/05\/PCV-LP3Y.jpg","datePublished":"2015-07-21T06:49:30+00:00","dateModified":"2025-12-08T22:44:43+00:00","breadcrumb":{"@id":"https:\/\/www.visionxeurope.com\/se\/webbutik\/vision-x-lpx-light-bar-skyddslock-gul\/#breadcrumb"},"inLanguage":"sv-SE","potentialAction":[{"@type":"ReadAction","target":["https:\/\/www.visionxeurope.com\/se\/webbutik\/vision-x-lpx-light-bar-skyddslock-gul\/"]}]},{"@type":"ImageObject","inLanguage":"sv-SE","@id":"https:\/\/www.visionxeurope.com\/se\/webbutik\/vision-x-lpx-light-bar-skyddslock-gul\/#primaryimage","url":"https:\/\/www.visionxeurope.com\/se\/wp-content\/uploads\/sites\/7\/2021\/05\/PCV-LP3Y.jpg","contentUrl":"https:\/\/www.visionxeurope.com\/se\/wp-content\/uploads\/sites\/7\/2021\/05\/PCV-LP3Y.jpg","width":450,"height":450},{"@type":"BreadcrumbList","@id":"https:\/\/www.visionxeurope.com\/se\/webbutik\/vision-x-lpx-light-bar-skyddslock-gul\/#breadcrumb","itemListElement":[{"@type":"ListItem","position":1,"name":"Hem","item":"https:\/\/www.visionxeurope.com\/se\/"},{"@type":"ListItem","position":2,"name":"Webbutik","item":"https:\/\/www.visionxeurope.com\/se\/webbutik\/"},{"@type":"ListItem","position":3,"name":"VISION X LPX LIGHT BAR SKYDDSLOCK GUL"}]},{"@type":"WebSite","@id":"https:\/\/www.visionxeurope.com\/se\/#website","url":"https:\/\/www.visionxeurope.com\/se\/","name":"Vision X Europe","description":"","publisher":{"@id":"https:\/\/www.visionxeurope.com\/se\/#organization"},"potentialAction":[{"@type":"SearchAction","target":{"@type":"EntryPoint","urlTemplate":"https:\/\/www.visionxeurope.com\/se\/?s={search_term_string}"},"query-input":{"@type":"PropertyValueSpecification","valueRequired":true,"valueName":"search_term_string"}}],"inLanguage":"sv-SE"},{"@type":"Organization","@id":"https:\/\/www.visionxeurope.com\/se\/#organization","name":"Vision X Europe","url":"https:\/\/www.visionxeurope.com\/se\/","logo":{"@type":"ImageObject","inLanguage":"sv-SE","@id":"https:\/\/www.visionxeurope.com\/se\/#\/schema\/logo\/image\/","url":"https:\/\/www.visionxeurope.com\/se\/wp-content\/uploads\/sites\/7\/2021\/04\/visionxeurope.png","contentUrl":"https:\/\/www.visionxeurope.com\/se\/wp-content\/uploads\/sites\/7\/2021\/04\/visionxeurope.png","width":300,"height":110,"caption":"Vision X Europe"},"image":{"@id":"https:\/\/www.visionxeurope.com\/se\/#\/schema\/logo\/image\/"},"sameAs":["https:\/\/www.facebook.com\/visionxeurope","https:\/\/www.instagram.com\/visionxeurope\/"]}]},"product_price_amount":"442.00","product_price_currency":"SEK","og_availability":"instock","product_availability":"instock","product_retailer_item_id":"PCV-LP3Y","product_condition":"new"},"_links":{"self":[{"href":"https:\/\/www.visionxeurope.com\/se\/wp-json\/wp\/v2\/product\/13269","targetHints":{"allow":["GET"]}}],"collection":[{"href":"https:\/\/www.visionxeurope.com\/se\/wp-json\/wp\/v2\/product"}],"about":[{"href":"https:\/\/www.visionxeurope.com\/se\/wp-json\/wp\/v2\/types\/product"}],"replies":[{"embeddable":true,"href":"https:\/\/www.visionxeurope.com\/se\/wp-json\/wp\/v2\/comments?post=13269"}],"wp:featuredmedia":[{"embeddable":true,"href":"https:\/\/www.visionxeurope.com\/se\/wp-json\/wp\/v2\/media\/6165"}],"wp:attachment":[{"href":"https:\/\/www.visionxeurope.com\/se\/wp-json\/wp\/v2\/media?parent=13269"}],"wp:term":[{"taxonomy":"product_brand","embeddable":true,"href":"https:\/\/www.visionxeurope.com\/se\/wp-json\/wp\/v2\/product_brand?post=13269"},{"taxonomy":"product_cat","embeddable":true,"href":"https:\/\/www.visionxeurope.com\/se\/wp-json\/wp\/v2\/product_cat?post=13269"},{"taxonomy":"product_tag","embeddable":true,"href":"https:\/\/www.visionxeurope.com\/se\/wp-json\/wp\/v2\/product_tag?post=13269"}],"curies":[{"name":"wp","href":"https:\/\/api.w.org\/{rel}","templated":true}]}}