{"id":13209,"date":"2015-11-10T15:04:10","date_gmt":"2015-11-10T14:04:10","guid":{"rendered":"https:\/\/www.visionxeurope.com\/se\/produkt\/vision-x-deutsch-kontakt-2-polig-hane-hd-2\/"},"modified":"2026-01-19T11:47:14","modified_gmt":"2026-01-19T10:47:14","slug":"vision-x-deutsch-kontakt-2-polig-hane-hd-2","status":"publish","type":"product","link":"https:\/\/www.visionxeurope.com\/se\/webbutik\/vision-x-deutsch-kontakt-2-polig-hane-hd-2\/","title":{"rendered":"VISION X DEUTSCH KONTAKT 2 POLIG HANE HD"},"content":{"rendered":"<p><\/p>\n<p>Vision X anv\u00e4nder sig av Deutsch kontakter p\u00e5 sin belysning. Deutsch kontakter b\u00f6rjar bli en standard vad g\u00e4ller extraljus och utrustning f\u00f6r installation p\u00e5 olika fordon m.m.<\/p>\n<p><\/p>\n<p><\/p>\n<p>Om du beh\u00f6ver extra kontakter g\u00e5r det nu att best\u00e4lla dessa l\u00f6sa.<\/p>\n<p><\/p>\n<p><\/p>\n<p>Denna kontakt \u00e4r en s\u00e5 kallad &#8221;hane&#8221; och sitter normalt monterad p\u00e5 kabeln som g\u00e5r ut fr\u00e5n extraljuset. Den klarar h\u00f6gre ampere \u00e4n en vanlig Deutsch kontakt och \u00e4r gjord f\u00f6r kraftigare kabel.<\/p>\n<p><\/p>","protected":false},"excerpt":{"rendered":"<p>Vision X anv\u00e4nder sig av Deutsch kontakter p\u00e5 sin belysning. Deutsch kontakter b\u00f6rjar bli en standard vad g\u00e4ller extraljus och utrustning f\u00f6r installation p\u00e5 olika fordon m.m.<\/p>\n<p>Om du beh\u00f6ver extra kontakter g\u00e5r det nu att best\u00e4lla dessa l\u00f6sa.<\/p>\n<p>Denna kontakt \u00e4r en s\u00e5 kallad &#8220;hane&#8221; och sitter normalt monterad p\u00e5 kabeln som g\u00e5r ut fr\u00e5n extraljuset. Den klarar h\u00f6gre ampere \u00e4n en vanlig Deutsch kontakt och \u00e4r gjord f\u00f6r kraftigare kabel.<\/p>\n","protected":false},"featured_media":14477,"comment_status":"open","ping_status":"open","template":"","meta":{"editor_notices":[]},"product_brand":[],"product_cat":[26],"product_tag":[],"class_list":{"0":"post-13209","1":"product","2":"type-product","3":"status-publish","4":"has-post-thumbnail","6":"product_cat-kablage","7":"resize-featured-image","8":"","9":"woocommerce-text-align-left","10":"woocommerce-image-align-center","12":"first","13":"instock","14":"taxable","15":"shipping-taxable","16":"product-type-simple"},"yoast_head":"<!-- This site is optimized with the Yoast SEO Premium plugin v25.0 (Yoast SEO v25.0) - https:\/\/yoast.com\/wordpress\/plugins\/seo\/ -->\n<title>VISION X DEUTSCH KONTAKT 2 POLIG HANE HD - Vision X Europe<\/title>\n<meta name=\"robots\" content=\"index, follow, max-snippet:-1, max-image-preview:large, max-video-preview:-1\" \/>\n<link rel=\"canonical\" href=\"https:\/\/www.visionxeurope.com\/se\/webbutik\/vision-x-deutsch-kontakt-2-polig-hane-hd-2\/\" \/>\n<meta property=\"og:locale\" content=\"sv_SE\" \/>\n<meta property=\"og:type\" content=\"article\" \/>\n<meta property=\"og:title\" content=\"VISION X DEUTSCH KONTAKT 2 POLIG HANE HD\" \/>\n<meta property=\"og:description\" content=\"Vision X anv\u00e4nder sig av Deutsch kontakter p\u00e5 sin belysning. Deutsch kontakter b\u00f6rjar bli en standard vad g\u00e4ller extraljus och utrustning f\u00f6r installation p\u00e5 olika fordon m.m. Om du beh\u00f6ver extra kontakter g\u00e5r det nu att best\u00e4lla dessa l\u00f6sa. Denna kontakt \u00e4r en s\u00e5 kallad &#8220;hane&#8221; och sitter normalt monterad p\u00e5 kabeln som g\u00e5r ut fr\u00e5n extraljuset. Den klarar h\u00f6gre ampere \u00e4n en vanlig Deutsch kontakt och \u00e4r gjord f\u00f6r kraftigare kabel.\" \/>\n<meta property=\"og:url\" content=\"https:\/\/www.visionxeurope.com\/se\/webbutik\/vision-x-deutsch-kontakt-2-polig-hane-hd-2\/\" \/>\n<meta property=\"og:site_name\" content=\"Vision X Europe\" \/>\n<meta property=\"article:publisher\" content=\"https:\/\/www.facebook.com\/visionxeurope\" \/>\n<meta property=\"article:modified_time\" content=\"2026-01-19T10:47:14+00:00\" \/>\n<meta property=\"og:image\" content=\"https:\/\/www.rindab.se\/wp-content\/uploads\/sites\/7\/2022\/04\/P-DEUTSCHHDM.jpg\" \/>\n\t<meta property=\"og:image:width\" content=\"450\" \/>\n\t<meta property=\"og:image:height\" content=\"450\" \/>\n\t<meta property=\"og:image:type\" content=\"image\/jpeg\" \/>\n<meta name=\"twitter:card\" content=\"summary_large_image\" \/>\n<meta name=\"twitter:label1\" content=\"Pris\" \/>\n\t<meta name=\"twitter:data1\" content=\"106,00&nbsp;&#107;&#114; exkl. moms\" \/>\n\t<meta name=\"twitter:label2\" content=\"Tillg\u00e4nglig\" \/>\n\t<meta name=\"twitter:data2\" content=\"I lager\" \/>\n<script type=\"application\/ld+json\" class=\"yoast-schema-graph\">{\"@context\":\"https:\/\/schema.org\",\"@graph\":[{\"@type\":\"WebPage\",\"@id\":\"https:\/\/www.visionxeurope.com\/se\/webbutik\/vision-x-deutsch-kontakt-2-polig-hane-hd-2\/\",\"url\":\"https:\/\/www.visionxeurope.com\/se\/webbutik\/vision-x-deutsch-kontakt-2-polig-hane-hd-2\/\",\"name\":\"VISION X DEUTSCH KONTAKT 2 POLIG HANE HD - Vision X Europe\",\"isPartOf\":{\"@id\":\"https:\/\/www.visionxeurope.com\/se\/#website\"},\"primaryImageOfPage\":{\"@id\":\"https:\/\/www.visionxeurope.com\/se\/webbutik\/vision-x-deutsch-kontakt-2-polig-hane-hd-2\/#primaryimage\"},\"image\":{\"@id\":\"https:\/\/www.visionxeurope.com\/se\/webbutik\/vision-x-deutsch-kontakt-2-polig-hane-hd-2\/#primaryimage\"},\"thumbnailUrl\":\"https:\/\/www.visionxeurope.com\/se\/wp-content\/uploads\/sites\/7\/2022\/04\/P-DEUTSCHHDM.jpg\",\"datePublished\":\"2015-11-10T14:04:10+00:00\",\"dateModified\":\"2026-01-19T10:47:14+00:00\",\"breadcrumb\":{\"@id\":\"https:\/\/www.visionxeurope.com\/se\/webbutik\/vision-x-deutsch-kontakt-2-polig-hane-hd-2\/#breadcrumb\"},\"inLanguage\":\"sv-SE\",\"potentialAction\":[{\"@type\":\"ReadAction\",\"target\":[\"https:\/\/www.visionxeurope.com\/se\/webbutik\/vision-x-deutsch-kontakt-2-polig-hane-hd-2\/\"]}]},{\"@type\":\"ImageObject\",\"inLanguage\":\"sv-SE\",\"@id\":\"https:\/\/www.visionxeurope.com\/se\/webbutik\/vision-x-deutsch-kontakt-2-polig-hane-hd-2\/#primaryimage\",\"url\":\"https:\/\/www.visionxeurope.com\/se\/wp-content\/uploads\/sites\/7\/2022\/04\/P-DEUTSCHHDM.jpg\",\"contentUrl\":\"https:\/\/www.visionxeurope.com\/se\/wp-content\/uploads\/sites\/7\/2022\/04\/P-DEUTSCHHDM.jpg\",\"width\":450,\"height\":450},{\"@type\":\"BreadcrumbList\",\"@id\":\"https:\/\/www.visionxeurope.com\/se\/webbutik\/vision-x-deutsch-kontakt-2-polig-hane-hd-2\/#breadcrumb\",\"itemListElement\":[{\"@type\":\"ListItem\",\"position\":1,\"name\":\"Hem\",\"item\":\"https:\/\/www.visionxeurope.com\/se\/\"},{\"@type\":\"ListItem\",\"position\":2,\"name\":\"Webbutik\",\"item\":\"https:\/\/www.visionxeurope.com\/se\/webbutik\/\"},{\"@type\":\"ListItem\",\"position\":3,\"name\":\"VISION X DEUTSCH KONTAKT 2 POLIG HANE HD\"}]},{\"@type\":\"WebSite\",\"@id\":\"https:\/\/www.visionxeurope.com\/se\/#website\",\"url\":\"https:\/\/www.visionxeurope.com\/se\/\",\"name\":\"Vision X Europe\",\"description\":\"\",\"publisher\":{\"@id\":\"https:\/\/www.visionxeurope.com\/se\/#organization\"},\"potentialAction\":[{\"@type\":\"SearchAction\",\"target\":{\"@type\":\"EntryPoint\",\"urlTemplate\":\"https:\/\/www.visionxeurope.com\/se\/?s={search_term_string}\"},\"query-input\":{\"@type\":\"PropertyValueSpecification\",\"valueRequired\":true,\"valueName\":\"search_term_string\"}}],\"inLanguage\":\"sv-SE\"},{\"@type\":\"Organization\",\"@id\":\"https:\/\/www.visionxeurope.com\/se\/#organization\",\"name\":\"Vision X Europe\",\"url\":\"https:\/\/www.visionxeurope.com\/se\/\",\"logo\":{\"@type\":\"ImageObject\",\"inLanguage\":\"sv-SE\",\"@id\":\"https:\/\/www.visionxeurope.com\/se\/#\/schema\/logo\/image\/\",\"url\":\"https:\/\/www.visionxeurope.com\/se\/wp-content\/uploads\/sites\/7\/2021\/04\/visionxeurope.png\",\"contentUrl\":\"https:\/\/www.visionxeurope.com\/se\/wp-content\/uploads\/sites\/7\/2021\/04\/visionxeurope.png\",\"width\":300,\"height\":110,\"caption\":\"Vision X Europe\"},\"image\":{\"@id\":\"https:\/\/www.visionxeurope.com\/se\/#\/schema\/logo\/image\/\"},\"sameAs\":[\"https:\/\/www.facebook.com\/visionxeurope\",\"https:\/\/www.instagram.com\/visionxeurope\/\"]}]}<\/script>\n<meta property=\"product:price:amount\" content=\"106.00\" \/>\n<meta property=\"product:price:currency\" content=\"SEK\" \/>\n<meta property=\"og:availability\" content=\"instock\" \/>\n<meta property=\"product:availability\" content=\"instock\" \/>\n<meta property=\"product:retailer_item_id\" content=\"P-DEUTSCHHDM\" \/>\n<meta property=\"product:condition\" content=\"new\" \/>\n<!-- \/ Yoast SEO Premium plugin. -->","yoast_head_json":{"title":"VISION X DEUTSCH KONTAKT 2 POLIG HANE HD - Vision X Europe","robots":{"index":"index","follow":"follow","max-snippet":"max-snippet:-1","max-image-preview":"max-image-preview:large","max-video-preview":"max-video-preview:-1"},"canonical":"https:\/\/www.visionxeurope.com\/se\/webbutik\/vision-x-deutsch-kontakt-2-polig-hane-hd-2\/","og_locale":"sv_SE","og_type":"article","og_title":"VISION X DEUTSCH KONTAKT 2 POLIG HANE HD","og_description":"Vision X anv\u00e4nder sig av Deutsch kontakter p\u00e5 sin belysning. Deutsch kontakter b\u00f6rjar bli en standard vad g\u00e4ller extraljus och utrustning f\u00f6r installation p\u00e5 olika fordon m.m. Om du beh\u00f6ver extra kontakter g\u00e5r det nu att best\u00e4lla dessa l\u00f6sa. Denna kontakt \u00e4r en s\u00e5 kallad &#8220;hane&#8221; och sitter normalt monterad p\u00e5 kabeln som g\u00e5r ut fr\u00e5n extraljuset. Den klarar h\u00f6gre ampere \u00e4n en vanlig Deutsch kontakt och \u00e4r gjord f\u00f6r kraftigare kabel.","og_url":"https:\/\/www.visionxeurope.com\/se\/webbutik\/vision-x-deutsch-kontakt-2-polig-hane-hd-2\/","og_site_name":"Vision X Europe","article_publisher":"https:\/\/www.facebook.com\/visionxeurope","article_modified_time":"2026-01-19T10:47:14+00:00","og_image":[{"width":450,"height":450,"url":"https:\/\/www.rindab.se\/wp-content\/uploads\/sites\/7\/2022\/04\/P-DEUTSCHHDM.jpg","type":"image\/jpeg"}],"twitter_card":"summary_large_image","twitter_misc":{"Pris":"106,00&nbsp;&#107;&#114; exkl. moms","Tillg\u00e4nglig":"I lager"},"schema":{"@context":"https:\/\/schema.org","@graph":[{"@type":"WebPage","@id":"https:\/\/www.visionxeurope.com\/se\/webbutik\/vision-x-deutsch-kontakt-2-polig-hane-hd-2\/","url":"https:\/\/www.visionxeurope.com\/se\/webbutik\/vision-x-deutsch-kontakt-2-polig-hane-hd-2\/","name":"VISION X DEUTSCH KONTAKT 2 POLIG HANE HD - Vision X Europe","isPartOf":{"@id":"https:\/\/www.visionxeurope.com\/se\/#website"},"primaryImageOfPage":{"@id":"https:\/\/www.visionxeurope.com\/se\/webbutik\/vision-x-deutsch-kontakt-2-polig-hane-hd-2\/#primaryimage"},"image":{"@id":"https:\/\/www.visionxeurope.com\/se\/webbutik\/vision-x-deutsch-kontakt-2-polig-hane-hd-2\/#primaryimage"},"thumbnailUrl":"https:\/\/www.visionxeurope.com\/se\/wp-content\/uploads\/sites\/7\/2022\/04\/P-DEUTSCHHDM.jpg","datePublished":"2015-11-10T14:04:10+00:00","dateModified":"2026-01-19T10:47:14+00:00","breadcrumb":{"@id":"https:\/\/www.visionxeurope.com\/se\/webbutik\/vision-x-deutsch-kontakt-2-polig-hane-hd-2\/#breadcrumb"},"inLanguage":"sv-SE","potentialAction":[{"@type":"ReadAction","target":["https:\/\/www.visionxeurope.com\/se\/webbutik\/vision-x-deutsch-kontakt-2-polig-hane-hd-2\/"]}]},{"@type":"ImageObject","inLanguage":"sv-SE","@id":"https:\/\/www.visionxeurope.com\/se\/webbutik\/vision-x-deutsch-kontakt-2-polig-hane-hd-2\/#primaryimage","url":"https:\/\/www.visionxeurope.com\/se\/wp-content\/uploads\/sites\/7\/2022\/04\/P-DEUTSCHHDM.jpg","contentUrl":"https:\/\/www.visionxeurope.com\/se\/wp-content\/uploads\/sites\/7\/2022\/04\/P-DEUTSCHHDM.jpg","width":450,"height":450},{"@type":"BreadcrumbList","@id":"https:\/\/www.visionxeurope.com\/se\/webbutik\/vision-x-deutsch-kontakt-2-polig-hane-hd-2\/#breadcrumb","itemListElement":[{"@type":"ListItem","position":1,"name":"Hem","item":"https:\/\/www.visionxeurope.com\/se\/"},{"@type":"ListItem","position":2,"name":"Webbutik","item":"https:\/\/www.visionxeurope.com\/se\/webbutik\/"},{"@type":"ListItem","position":3,"name":"VISION X DEUTSCH KONTAKT 2 POLIG HANE HD"}]},{"@type":"WebSite","@id":"https:\/\/www.visionxeurope.com\/se\/#website","url":"https:\/\/www.visionxeurope.com\/se\/","name":"Vision X Europe","description":"","publisher":{"@id":"https:\/\/www.visionxeurope.com\/se\/#organization"},"potentialAction":[{"@type":"SearchAction","target":{"@type":"EntryPoint","urlTemplate":"https:\/\/www.visionxeurope.com\/se\/?s={search_term_string}"},"query-input":{"@type":"PropertyValueSpecification","valueRequired":true,"valueName":"search_term_string"}}],"inLanguage":"sv-SE"},{"@type":"Organization","@id":"https:\/\/www.visionxeurope.com\/se\/#organization","name":"Vision X Europe","url":"https:\/\/www.visionxeurope.com\/se\/","logo":{"@type":"ImageObject","inLanguage":"sv-SE","@id":"https:\/\/www.visionxeurope.com\/se\/#\/schema\/logo\/image\/","url":"https:\/\/www.visionxeurope.com\/se\/wp-content\/uploads\/sites\/7\/2021\/04\/visionxeurope.png","contentUrl":"https:\/\/www.visionxeurope.com\/se\/wp-content\/uploads\/sites\/7\/2021\/04\/visionxeurope.png","width":300,"height":110,"caption":"Vision X Europe"},"image":{"@id":"https:\/\/www.visionxeurope.com\/se\/#\/schema\/logo\/image\/"},"sameAs":["https:\/\/www.facebook.com\/visionxeurope","https:\/\/www.instagram.com\/visionxeurope\/"]}]},"product_price_amount":"106.00","product_price_currency":"SEK","og_availability":"instock","product_availability":"instock","product_retailer_item_id":"P-DEUTSCHHDM","product_condition":"new"},"_links":{"self":[{"href":"https:\/\/www.visionxeurope.com\/se\/wp-json\/wp\/v2\/product\/13209","targetHints":{"allow":["GET"]}}],"collection":[{"href":"https:\/\/www.visionxeurope.com\/se\/wp-json\/wp\/v2\/product"}],"about":[{"href":"https:\/\/www.visionxeurope.com\/se\/wp-json\/wp\/v2\/types\/product"}],"replies":[{"embeddable":true,"href":"https:\/\/www.visionxeurope.com\/se\/wp-json\/wp\/v2\/comments?post=13209"}],"wp:featuredmedia":[{"embeddable":true,"href":"https:\/\/www.visionxeurope.com\/se\/wp-json\/wp\/v2\/media\/14477"}],"wp:attachment":[{"href":"https:\/\/www.visionxeurope.com\/se\/wp-json\/wp\/v2\/media?parent=13209"}],"wp:term":[{"taxonomy":"product_brand","embeddable":true,"href":"https:\/\/www.visionxeurope.com\/se\/wp-json\/wp\/v2\/product_brand?post=13209"},{"taxonomy":"product_cat","embeddable":true,"href":"https:\/\/www.visionxeurope.com\/se\/wp-json\/wp\/v2\/product_cat?post=13209"},{"taxonomy":"product_tag","embeddable":true,"href":"https:\/\/www.visionxeurope.com\/se\/wp-json\/wp\/v2\/product_tag?post=13209"}],"curies":[{"name":"wp","href":"https:\/\/api.w.org\/{rel}","templated":true}]}}