{"id":13207,"date":"2015-11-10T15:26:58","date_gmt":"2015-11-10T14:26:58","guid":{"rendered":"https:\/\/www.visionxeurope.com\/se\/produkt\/vision-x-deutsch-kontakt-2-polig-hane-hd\/"},"modified":"2026-01-08T17:05:44","modified_gmt":"2026-01-08T16:05:44","slug":"vision-x-deutsch-kontakt-2-polig-hane-hd","status":"publish","type":"product","link":"https:\/\/www.visionxeurope.com\/se\/webbutik\/vision-x-deutsch-kontakt-2-polig-hane-hd\/","title":{"rendered":"VISION X DEUTSCH KONTAKT 2 POLIG HANE HD"},"content":{"rendered":"<p><\/p>\n<p>Vision X anv\u00e4nder sig av Deutsch kontakter p\u00e5 sin belysning. Deutsch kontakter b\u00f6rjar bli en standard vad g\u00e4ller extraljus och utrustning f\u00f6r installation p\u00e5 olika fordon m.m.<\/p>\n<p><\/p>\n<p><\/p>\n<p>Om du beh\u00f6ver extra kontakter g\u00e5r det nu att best\u00e4lla dessa l\u00f6sa.<\/p>\n<p><\/p>\n<p><\/p>\n<p>Denna kontakt \u00e4r en s\u00e5 kallad \u201chona\u201d med ca 15 cm plus och minuskabel, vilket normalt monteras i utg\u00e5ende kontakt fr\u00e5n lampan.<\/p>\n<p><\/p>","protected":false},"excerpt":{"rendered":"<p>Vision X anv\u00e4nder sig av Deutsch kontakter p\u00e5 sin belysning. Deutsch kontakter b\u00f6rjar bli en standard vad g\u00e4ller extraljus och utrustning f\u00f6r installation p\u00e5 olika fordon m.m.<\/p>\n<p>Om du beh\u00f6ver extra kontakter g\u00e5r det nu att best\u00e4lla dessa l\u00f6sa.<\/p>\n<p>Denna kontakt \u00e4r en s\u00e5 kallad \u201chona\u201d med ca 15 cm plus och minuskabel, vilket normalt monteras i utg\u00e5ende kontakt fr\u00e5n lampan.<\/p>\n","protected":false},"featured_media":5852,"comment_status":"open","ping_status":"open","template":"","meta":{"editor_notices":[]},"product_brand":[],"product_cat":[26],"product_tag":[],"class_list":{"0":"post-13207","1":"product","2":"type-product","3":"status-publish","4":"has-post-thumbnail","6":"product_cat-kablage","7":"resize-featured-image","8":"","9":"woocommerce-text-align-left","10":"woocommerce-image-align-center","12":"first","13":"instock","14":"taxable","15":"shipping-taxable","16":"product-type-simple"},"yoast_head":"<!-- This site is optimized with the Yoast SEO Premium plugin v25.0 (Yoast SEO v25.0) - https:\/\/yoast.com\/wordpress\/plugins\/seo\/ -->\n<title>VISION X DEUTSCH KONTAKT 2 POLIG HANE HD - Vision X Europe<\/title>\n<meta name=\"robots\" content=\"index, follow, max-snippet:-1, max-image-preview:large, max-video-preview:-1\" \/>\n<link rel=\"canonical\" href=\"https:\/\/www.visionxeurope.com\/se\/webbutik\/vision-x-deutsch-kontakt-2-polig-hane-hd\/\" \/>\n<meta property=\"og:locale\" content=\"sv_SE\" \/>\n<meta property=\"og:type\" content=\"article\" \/>\n<meta property=\"og:title\" content=\"VISION X DEUTSCH KONTAKT 2 POLIG HANE HD\" \/>\n<meta property=\"og:description\" content=\"Vision X anv\u00e4nder sig av Deutsch kontakter p\u00e5 sin belysning. Deutsch kontakter b\u00f6rjar bli en standard vad g\u00e4ller extraljus och utrustning f\u00f6r installation p\u00e5 olika fordon m.m. Om du beh\u00f6ver extra kontakter g\u00e5r det nu att best\u00e4lla dessa l\u00f6sa. Denna kontakt \u00e4r en s\u00e5 kallad \u201chona\u201d med ca 15 cm plus och minuskabel, vilket normalt monteras i utg\u00e5ende kontakt fr\u00e5n lampan.\" \/>\n<meta property=\"og:url\" content=\"https:\/\/www.visionxeurope.com\/se\/webbutik\/vision-x-deutsch-kontakt-2-polig-hane-hd\/\" \/>\n<meta property=\"og:site_name\" content=\"Vision X Europe\" \/>\n<meta property=\"article:publisher\" content=\"https:\/\/www.facebook.com\/visionxeurope\" \/>\n<meta property=\"article:modified_time\" content=\"2026-01-08T16:05:44+00:00\" \/>\n<meta property=\"og:image\" content=\"https:\/\/www.rindab.se\/wp-content\/uploads\/sites\/7\/2021\/05\/P-DEUTSCHCONPT.jpg\" \/>\n\t<meta property=\"og:image:width\" content=\"450\" \/>\n\t<meta property=\"og:image:height\" content=\"450\" \/>\n\t<meta property=\"og:image:type\" content=\"image\/jpeg\" \/>\n<meta name=\"twitter:card\" content=\"summary_large_image\" \/>\n<meta name=\"twitter:label1\" content=\"Pris\" \/>\n\t<meta name=\"twitter:data1\" content=\"52,00&nbsp;&#107;&#114; exkl. moms\" \/>\n\t<meta name=\"twitter:label2\" content=\"Tillg\u00e4nglig\" \/>\n\t<meta name=\"twitter:data2\" content=\"I lager\" \/>\n<script type=\"application\/ld+json\" class=\"yoast-schema-graph\">{\"@context\":\"https:\/\/schema.org\",\"@graph\":[{\"@type\":\"WebPage\",\"@id\":\"https:\/\/www.visionxeurope.com\/se\/webbutik\/vision-x-deutsch-kontakt-2-polig-hane-hd\/\",\"url\":\"https:\/\/www.visionxeurope.com\/se\/webbutik\/vision-x-deutsch-kontakt-2-polig-hane-hd\/\",\"name\":\"VISION X DEUTSCH KONTAKT 2 POLIG HANE HD - Vision X Europe\",\"isPartOf\":{\"@id\":\"https:\/\/www.visionxeurope.com\/se\/#website\"},\"primaryImageOfPage\":{\"@id\":\"https:\/\/www.visionxeurope.com\/se\/webbutik\/vision-x-deutsch-kontakt-2-polig-hane-hd\/#primaryimage\"},\"image\":{\"@id\":\"https:\/\/www.visionxeurope.com\/se\/webbutik\/vision-x-deutsch-kontakt-2-polig-hane-hd\/#primaryimage\"},\"thumbnailUrl\":\"https:\/\/www.visionxeurope.com\/se\/wp-content\/uploads\/sites\/7\/2021\/05\/P-DEUTSCHCONPT.jpg\",\"datePublished\":\"2015-11-10T14:26:58+00:00\",\"dateModified\":\"2026-01-08T16:05:44+00:00\",\"breadcrumb\":{\"@id\":\"https:\/\/www.visionxeurope.com\/se\/webbutik\/vision-x-deutsch-kontakt-2-polig-hane-hd\/#breadcrumb\"},\"inLanguage\":\"sv-SE\",\"potentialAction\":[{\"@type\":\"ReadAction\",\"target\":[\"https:\/\/www.visionxeurope.com\/se\/webbutik\/vision-x-deutsch-kontakt-2-polig-hane-hd\/\"]}]},{\"@type\":\"ImageObject\",\"inLanguage\":\"sv-SE\",\"@id\":\"https:\/\/www.visionxeurope.com\/se\/webbutik\/vision-x-deutsch-kontakt-2-polig-hane-hd\/#primaryimage\",\"url\":\"https:\/\/www.visionxeurope.com\/se\/wp-content\/uploads\/sites\/7\/2021\/05\/P-DEUTSCHCONPT.jpg\",\"contentUrl\":\"https:\/\/www.visionxeurope.com\/se\/wp-content\/uploads\/sites\/7\/2021\/05\/P-DEUTSCHCONPT.jpg\",\"width\":450,\"height\":450},{\"@type\":\"BreadcrumbList\",\"@id\":\"https:\/\/www.visionxeurope.com\/se\/webbutik\/vision-x-deutsch-kontakt-2-polig-hane-hd\/#breadcrumb\",\"itemListElement\":[{\"@type\":\"ListItem\",\"position\":1,\"name\":\"Hem\",\"item\":\"https:\/\/www.visionxeurope.com\/se\/\"},{\"@type\":\"ListItem\",\"position\":2,\"name\":\"Webbutik\",\"item\":\"https:\/\/www.visionxeurope.com\/se\/webbutik\/\"},{\"@type\":\"ListItem\",\"position\":3,\"name\":\"VISION X DEUTSCH KONTAKT 2 POLIG HANE HD\"}]},{\"@type\":\"WebSite\",\"@id\":\"https:\/\/www.visionxeurope.com\/se\/#website\",\"url\":\"https:\/\/www.visionxeurope.com\/se\/\",\"name\":\"Vision X Europe\",\"description\":\"\",\"publisher\":{\"@id\":\"https:\/\/www.visionxeurope.com\/se\/#organization\"},\"potentialAction\":[{\"@type\":\"SearchAction\",\"target\":{\"@type\":\"EntryPoint\",\"urlTemplate\":\"https:\/\/www.visionxeurope.com\/se\/?s={search_term_string}\"},\"query-input\":{\"@type\":\"PropertyValueSpecification\",\"valueRequired\":true,\"valueName\":\"search_term_string\"}}],\"inLanguage\":\"sv-SE\"},{\"@type\":\"Organization\",\"@id\":\"https:\/\/www.visionxeurope.com\/se\/#organization\",\"name\":\"Vision X Europe\",\"url\":\"https:\/\/www.visionxeurope.com\/se\/\",\"logo\":{\"@type\":\"ImageObject\",\"inLanguage\":\"sv-SE\",\"@id\":\"https:\/\/www.visionxeurope.com\/se\/#\/schema\/logo\/image\/\",\"url\":\"https:\/\/www.visionxeurope.com\/se\/wp-content\/uploads\/sites\/7\/2021\/04\/visionxeurope.png\",\"contentUrl\":\"https:\/\/www.visionxeurope.com\/se\/wp-content\/uploads\/sites\/7\/2021\/04\/visionxeurope.png\",\"width\":300,\"height\":110,\"caption\":\"Vision X Europe\"},\"image\":{\"@id\":\"https:\/\/www.visionxeurope.com\/se\/#\/schema\/logo\/image\/\"},\"sameAs\":[\"https:\/\/www.facebook.com\/visionxeurope\",\"https:\/\/www.instagram.com\/visionxeurope\/\"]}]}<\/script>\n<meta property=\"product:price:amount\" content=\"52.00\" \/>\n<meta property=\"product:price:currency\" content=\"SEK\" \/>\n<meta property=\"og:availability\" content=\"instock\" \/>\n<meta property=\"product:availability\" content=\"instock\" \/>\n<meta property=\"product:retailer_item_id\" content=\"P-DEUTSCHCONPT\" \/>\n<meta property=\"product:condition\" content=\"new\" \/>\n<!-- \/ Yoast SEO Premium plugin. -->","yoast_head_json":{"title":"VISION X DEUTSCH KONTAKT 2 POLIG HANE HD - Vision X Europe","robots":{"index":"index","follow":"follow","max-snippet":"max-snippet:-1","max-image-preview":"max-image-preview:large","max-video-preview":"max-video-preview:-1"},"canonical":"https:\/\/www.visionxeurope.com\/se\/webbutik\/vision-x-deutsch-kontakt-2-polig-hane-hd\/","og_locale":"sv_SE","og_type":"article","og_title":"VISION X DEUTSCH KONTAKT 2 POLIG HANE HD","og_description":"Vision X anv\u00e4nder sig av Deutsch kontakter p\u00e5 sin belysning. Deutsch kontakter b\u00f6rjar bli en standard vad g\u00e4ller extraljus och utrustning f\u00f6r installation p\u00e5 olika fordon m.m. Om du beh\u00f6ver extra kontakter g\u00e5r det nu att best\u00e4lla dessa l\u00f6sa. Denna kontakt \u00e4r en s\u00e5 kallad \u201chona\u201d med ca 15 cm plus och minuskabel, vilket normalt monteras i utg\u00e5ende kontakt fr\u00e5n lampan.","og_url":"https:\/\/www.visionxeurope.com\/se\/webbutik\/vision-x-deutsch-kontakt-2-polig-hane-hd\/","og_site_name":"Vision X Europe","article_publisher":"https:\/\/www.facebook.com\/visionxeurope","article_modified_time":"2026-01-08T16:05:44+00:00","og_image":[{"width":450,"height":450,"url":"https:\/\/www.rindab.se\/wp-content\/uploads\/sites\/7\/2021\/05\/P-DEUTSCHCONPT.jpg","type":"image\/jpeg"}],"twitter_card":"summary_large_image","twitter_misc":{"Pris":"52,00&nbsp;&#107;&#114; exkl. moms","Tillg\u00e4nglig":"I lager"},"schema":{"@context":"https:\/\/schema.org","@graph":[{"@type":"WebPage","@id":"https:\/\/www.visionxeurope.com\/se\/webbutik\/vision-x-deutsch-kontakt-2-polig-hane-hd\/","url":"https:\/\/www.visionxeurope.com\/se\/webbutik\/vision-x-deutsch-kontakt-2-polig-hane-hd\/","name":"VISION X DEUTSCH KONTAKT 2 POLIG HANE HD - Vision X Europe","isPartOf":{"@id":"https:\/\/www.visionxeurope.com\/se\/#website"},"primaryImageOfPage":{"@id":"https:\/\/www.visionxeurope.com\/se\/webbutik\/vision-x-deutsch-kontakt-2-polig-hane-hd\/#primaryimage"},"image":{"@id":"https:\/\/www.visionxeurope.com\/se\/webbutik\/vision-x-deutsch-kontakt-2-polig-hane-hd\/#primaryimage"},"thumbnailUrl":"https:\/\/www.visionxeurope.com\/se\/wp-content\/uploads\/sites\/7\/2021\/05\/P-DEUTSCHCONPT.jpg","datePublished":"2015-11-10T14:26:58+00:00","dateModified":"2026-01-08T16:05:44+00:00","breadcrumb":{"@id":"https:\/\/www.visionxeurope.com\/se\/webbutik\/vision-x-deutsch-kontakt-2-polig-hane-hd\/#breadcrumb"},"inLanguage":"sv-SE","potentialAction":[{"@type":"ReadAction","target":["https:\/\/www.visionxeurope.com\/se\/webbutik\/vision-x-deutsch-kontakt-2-polig-hane-hd\/"]}]},{"@type":"ImageObject","inLanguage":"sv-SE","@id":"https:\/\/www.visionxeurope.com\/se\/webbutik\/vision-x-deutsch-kontakt-2-polig-hane-hd\/#primaryimage","url":"https:\/\/www.visionxeurope.com\/se\/wp-content\/uploads\/sites\/7\/2021\/05\/P-DEUTSCHCONPT.jpg","contentUrl":"https:\/\/www.visionxeurope.com\/se\/wp-content\/uploads\/sites\/7\/2021\/05\/P-DEUTSCHCONPT.jpg","width":450,"height":450},{"@type":"BreadcrumbList","@id":"https:\/\/www.visionxeurope.com\/se\/webbutik\/vision-x-deutsch-kontakt-2-polig-hane-hd\/#breadcrumb","itemListElement":[{"@type":"ListItem","position":1,"name":"Hem","item":"https:\/\/www.visionxeurope.com\/se\/"},{"@type":"ListItem","position":2,"name":"Webbutik","item":"https:\/\/www.visionxeurope.com\/se\/webbutik\/"},{"@type":"ListItem","position":3,"name":"VISION X DEUTSCH KONTAKT 2 POLIG HANE HD"}]},{"@type":"WebSite","@id":"https:\/\/www.visionxeurope.com\/se\/#website","url":"https:\/\/www.visionxeurope.com\/se\/","name":"Vision X Europe","description":"","publisher":{"@id":"https:\/\/www.visionxeurope.com\/se\/#organization"},"potentialAction":[{"@type":"SearchAction","target":{"@type":"EntryPoint","urlTemplate":"https:\/\/www.visionxeurope.com\/se\/?s={search_term_string}"},"query-input":{"@type":"PropertyValueSpecification","valueRequired":true,"valueName":"search_term_string"}}],"inLanguage":"sv-SE"},{"@type":"Organization","@id":"https:\/\/www.visionxeurope.com\/se\/#organization","name":"Vision X Europe","url":"https:\/\/www.visionxeurope.com\/se\/","logo":{"@type":"ImageObject","inLanguage":"sv-SE","@id":"https:\/\/www.visionxeurope.com\/se\/#\/schema\/logo\/image\/","url":"https:\/\/www.visionxeurope.com\/se\/wp-content\/uploads\/sites\/7\/2021\/04\/visionxeurope.png","contentUrl":"https:\/\/www.visionxeurope.com\/se\/wp-content\/uploads\/sites\/7\/2021\/04\/visionxeurope.png","width":300,"height":110,"caption":"Vision X Europe"},"image":{"@id":"https:\/\/www.visionxeurope.com\/se\/#\/schema\/logo\/image\/"},"sameAs":["https:\/\/www.facebook.com\/visionxeurope","https:\/\/www.instagram.com\/visionxeurope\/"]}]},"product_price_amount":"52.00","product_price_currency":"SEK","og_availability":"instock","product_availability":"instock","product_retailer_item_id":"P-DEUTSCHCONPT","product_condition":"new"},"_links":{"self":[{"href":"https:\/\/www.visionxeurope.com\/se\/wp-json\/wp\/v2\/product\/13207","targetHints":{"allow":["GET"]}}],"collection":[{"href":"https:\/\/www.visionxeurope.com\/se\/wp-json\/wp\/v2\/product"}],"about":[{"href":"https:\/\/www.visionxeurope.com\/se\/wp-json\/wp\/v2\/types\/product"}],"replies":[{"embeddable":true,"href":"https:\/\/www.visionxeurope.com\/se\/wp-json\/wp\/v2\/comments?post=13207"}],"wp:featuredmedia":[{"embeddable":true,"href":"https:\/\/www.visionxeurope.com\/se\/wp-json\/wp\/v2\/media\/5852"}],"wp:attachment":[{"href":"https:\/\/www.visionxeurope.com\/se\/wp-json\/wp\/v2\/media?parent=13207"}],"wp:term":[{"taxonomy":"product_brand","embeddable":true,"href":"https:\/\/www.visionxeurope.com\/se\/wp-json\/wp\/v2\/product_brand?post=13207"},{"taxonomy":"product_cat","embeddable":true,"href":"https:\/\/www.visionxeurope.com\/se\/wp-json\/wp\/v2\/product_cat?post=13207"},{"taxonomy":"product_tag","embeddable":true,"href":"https:\/\/www.visionxeurope.com\/se\/wp-json\/wp\/v2\/product_tag?post=13207"}],"curies":[{"name":"wp","href":"https:\/\/api.w.org\/{rel}","templated":true}]}}