{"id":13189,"date":"2014-04-23T09:56:27","date_gmt":"2014-04-23T07:56:27","guid":{"rendered":"https:\/\/www.visionxeurope.com\/se\/produkt\/vision-x-shockwave-single-12-10w-120\/"},"modified":"2026-01-08T19:15:33","modified_gmt":"2026-01-08T18:15:33","slug":"vision-x-shockwave-single-12-10w-120","status":"publish","type":"product","link":"https:\/\/www.visionxeurope.com\/se\/webbutik\/vision-x-shockwave-single-12-10w-120\/","title":{"rendered":"VISION X SHOCKWAVE SINGLE 12&#8243; 10W 120\u00b0"},"content":{"rendered":"<p><\/p>\n<p>Shockwave \u00e4r en direkt-ers\u00e4ttning f\u00f6r lysr\u00f6r p\u00e5 tung kommersiella och industriella maskiner. Med sin otroligt l\u00e5ga str\u00f6mf\u00f6rbrukning finns det m\u00e5nga f\u00f6rdelaktiga applikationer f\u00f6r Shockwave.<\/p>\n<p><\/p>\n<p><\/p>\n<p>Shockwave ger en bred och j\u00e4mn ljusbild med 120\u00b0 graders spridning och kan monteras t.ex. i tak med en h\u00f6jd upp till ca, 6 meter. Med transformator och ett transformatorf\u00e4ste (tillbeh\u00f6r) kan lampan k\u00f6ras p\u00e5 230 volt och pluggas enkelt in i v\u00e4gguttaget.<\/p>\n<p><\/p>\n<p><\/p>\n<p><strong>Data:<br \/><\/strong>Lamphus: 6061 aluminium<br \/>F\u00e4ste: Integrerat<br \/>Enkel installation med endast + &amp;amp \u2013 kabel<br \/>Anslutning: 3-pin Deutsch kontakt<br \/>Sp\u00e4nning: 9-32V<br \/>T\u00e5l h\u00e5rda p\u00e5frestningar fr\u00e5n v\u00e4der och vind<br \/>Lins: Okrossbar polykarbonat<br \/>Str\u00f6mf\u00f6rbrukning: 0.42 Amp vid 12V<br \/>H\u00f6jd: 48mm<br \/>Bredd: 145mm<br \/>L\u00e4ngd: 300mm<br \/>IP klass: IP68K<br \/>Vibrationsklass: 15.6G<br \/>Watt: 10<br \/>R\u00e5a lumen: 875<br \/>Effektiva lumen: 613<br \/>Ljusbild: 120\u00b0<\/p>\n<p><\/p>\n<p><\/p>\n<p><strong>TILLBEH\u00d6R<\/strong><br \/>Art.nr: XPC-PS150-24 (230V transformator, 150W)<br \/>Art.nr: P-SWDACMOUNT (F\u00e4ste f\u00f6r transformator p\u00e5 Shockwave)<\/p>\n<p><\/p>","protected":false},"excerpt":{"rendered":"<p>Shockwave \u00e4r en direkt-ers\u00e4ttning f\u00f6r lysr\u00f6r p\u00e5 tung kommersiella och industriella maskiner. Med sin otroligt l\u00e5ga str\u00f6mf\u00f6rbrukning finns det m\u00e5nga f\u00f6rdelaktiga applikationer f\u00f6r Shockwave.<\/p>\n<p>Shockwave ger en bred och j\u00e4mn ljusbild med 120\u00b0 graders spridning och kan monteras t.ex. i tak med en h\u00f6jd upp till ca, 6 meter. Med transformator och ett transformatorf\u00e4ste (tillbeh\u00f6r) kan lampan k\u00f6ras p\u00e5 230 volt och pluggas enkelt in i v\u00e4gguttaget.<\/p>\n<p><strong>Data:<br \/><\/strong>Lamphus: 6061 aluminium<br \/>F\u00e4ste: Integrerat<br \/>Enkel installation med endast + &amp;amp \u2013 kabel<br \/>Anslutning: 3-pin Deutsch kontakt<br \/>Sp\u00e4nning: 9-32V<br \/>T\u00e5l h\u00e5rda p\u00e5frestningar fr\u00e5n v\u00e4der och vind<br \/>Lins: Okrossbar polykarbonat<br \/>Str\u00f6mf\u00f6rbrukning: 0.42 Amp vid 12V<br \/>H\u00f6jd: 48mm<br \/>Bredd: 145mm<br \/>L\u00e4ngd: 300mm<br \/>IP klass: IP68K<br \/>Vibrationsklass: 15.6G<br \/>Watt: 10<br \/>R\u00e5a lumen: 875<br \/>Effektiva lumen: 613<br \/>Ljusbild: 120\u00b0<\/p>\n<p><strong>TILLBEH\u00d6R<\/strong><br \/>Art.nr: XPC-PS150-24 (230V transformator, 150W)<br \/>Art.nr: P-SWDACMOUNT (F\u00e4ste f\u00f6r transformator p\u00e5 Shockwave)<\/p>\n","protected":false},"featured_media":14464,"comment_status":"open","ping_status":"open","template":"","meta":{"editor_notices":[]},"product_brand":[],"product_cat":[55],"product_tag":[],"class_list":{"0":"post-13189","1":"product","2":"type-product","3":"status-publish","4":"has-post-thumbnail","6":"product_cat-shockwave","7":"resize-featured-image","8":"","9":"woocommerce-text-align-left","10":"woocommerce-image-align-center","12":"first","13":"outofstock","14":"taxable","15":"shipping-taxable","16":"product-type-simple"},"yoast_head":"<!-- This site is optimized with the Yoast SEO Premium plugin v25.0 (Yoast SEO v25.0) - https:\/\/yoast.com\/wordpress\/plugins\/seo\/ -->\n<title>VISION X SHOCKWAVE SINGLE 12&quot; 10W 120\u00b0 - Vision X Europe<\/title>\n<meta name=\"robots\" content=\"index, follow, max-snippet:-1, max-image-preview:large, max-video-preview:-1\" \/>\n<link rel=\"canonical\" href=\"https:\/\/www.visionxeurope.com\/se\/webbutik\/vision-x-shockwave-single-12-10w-120\/\" \/>\n<meta property=\"og:locale\" content=\"sv_SE\" \/>\n<meta property=\"og:type\" content=\"article\" \/>\n<meta property=\"og:title\" content=\"VISION X SHOCKWAVE SINGLE 12&quot; 10W 120\u00b0\" \/>\n<meta property=\"og:description\" content=\"Shockwave \u00e4r en direkt-ers\u00e4ttning f\u00f6r lysr\u00f6r p\u00e5 tung kommersiella och industriella maskiner. Med sin otroligt l\u00e5ga str\u00f6mf\u00f6rbrukning finns det m\u00e5nga f\u00f6rdelaktiga applikationer f\u00f6r Shockwave. Shockwave ger en bred och j\u00e4mn ljusbild med 120\u00b0 graders spridning och kan monteras t.ex. i tak med en h\u00f6jd upp till ca, 6 meter. Med transformator och ett transformatorf\u00e4ste (tillbeh\u00f6r) kan lampan k\u00f6ras p\u00e5 230 volt och pluggas enkelt in i v\u00e4gguttaget. Data:Lamphus: 6061 aluminiumF\u00e4ste: IntegreratEnkel installation med endast + &amp;amp \u2013 kabelAnslutning: 3-pin Deutsch kontaktSp\u00e4nning: 9-32VT\u00e5l h\u00e5rda p\u00e5frestningar fr\u00e5n v\u00e4der och vindLins: Okrossbar polykarbonatStr\u00f6mf\u00f6rbrukning: 0.42 Amp vid 12VH\u00f6jd: 48mmBredd: 145mmL\u00e4ngd: 300mmIP klass: IP68KVibrationsklass: 15.6GWatt: 10R\u00e5a lumen: 875Effektiva lumen: 613Ljusbild: 120\u00b0 TILLBEH\u00d6RArt.nr: XPC-PS150-24 (230V transformator, 150W)Art.nr: P-SWDACMOUNT (F\u00e4ste f\u00f6r transformator p\u00e5 Shockwave)\" \/>\n<meta property=\"og:url\" content=\"https:\/\/www.visionxeurope.com\/se\/webbutik\/vision-x-shockwave-single-12-10w-120\/\" \/>\n<meta property=\"og:site_name\" content=\"Vision X Europe\" \/>\n<meta property=\"article:publisher\" content=\"https:\/\/www.facebook.com\/visionxeurope\" \/>\n<meta property=\"article:modified_time\" content=\"2026-01-08T18:15:33+00:00\" \/>\n<meta property=\"og:image\" content=\"https:\/\/www.rindab.se\/wp-content\/uploads\/sites\/7\/2022\/04\/MIL-SWS1210.jpg\" \/>\n\t<meta property=\"og:image:width\" content=\"450\" \/>\n\t<meta property=\"og:image:height\" content=\"450\" \/>\n\t<meta property=\"og:image:type\" content=\"image\/jpeg\" \/>\n<meta name=\"twitter:card\" content=\"summary_large_image\" \/>\n<meta name=\"twitter:label1\" content=\"Pris\" \/>\n\t<meta name=\"twitter:data1\" content=\"3 224,00&nbsp;&#107;&#114; exkl. moms\" \/>\n\t<meta name=\"twitter:label2\" content=\"Tillg\u00e4nglig\" \/>\n\t<meta name=\"twitter:data2\" content=\"Slut i lager\" \/>\n<script type=\"application\/ld+json\" class=\"yoast-schema-graph\">{\"@context\":\"https:\/\/schema.org\",\"@graph\":[{\"@type\":\"WebPage\",\"@id\":\"https:\/\/www.visionxeurope.com\/se\/webbutik\/vision-x-shockwave-single-12-10w-120\/\",\"url\":\"https:\/\/www.visionxeurope.com\/se\/webbutik\/vision-x-shockwave-single-12-10w-120\/\",\"name\":\"VISION X SHOCKWAVE SINGLE 12\\\" 10W 120\u00b0 - Vision X Europe\",\"isPartOf\":{\"@id\":\"https:\/\/www.visionxeurope.com\/se\/#website\"},\"primaryImageOfPage\":{\"@id\":\"https:\/\/www.visionxeurope.com\/se\/webbutik\/vision-x-shockwave-single-12-10w-120\/#primaryimage\"},\"image\":{\"@id\":\"https:\/\/www.visionxeurope.com\/se\/webbutik\/vision-x-shockwave-single-12-10w-120\/#primaryimage\"},\"thumbnailUrl\":\"https:\/\/www.visionxeurope.com\/se\/wp-content\/uploads\/sites\/7\/2022\/04\/MIL-SWS1210.jpg\",\"datePublished\":\"2014-04-23T07:56:27+00:00\",\"dateModified\":\"2026-01-08T18:15:33+00:00\",\"breadcrumb\":{\"@id\":\"https:\/\/www.visionxeurope.com\/se\/webbutik\/vision-x-shockwave-single-12-10w-120\/#breadcrumb\"},\"inLanguage\":\"sv-SE\",\"potentialAction\":[{\"@type\":\"ReadAction\",\"target\":[\"https:\/\/www.visionxeurope.com\/se\/webbutik\/vision-x-shockwave-single-12-10w-120\/\"]}]},{\"@type\":\"ImageObject\",\"inLanguage\":\"sv-SE\",\"@id\":\"https:\/\/www.visionxeurope.com\/se\/webbutik\/vision-x-shockwave-single-12-10w-120\/#primaryimage\",\"url\":\"https:\/\/www.visionxeurope.com\/se\/wp-content\/uploads\/sites\/7\/2022\/04\/MIL-SWS1210.jpg\",\"contentUrl\":\"https:\/\/www.visionxeurope.com\/se\/wp-content\/uploads\/sites\/7\/2022\/04\/MIL-SWS1210.jpg\",\"width\":450,\"height\":450},{\"@type\":\"BreadcrumbList\",\"@id\":\"https:\/\/www.visionxeurope.com\/se\/webbutik\/vision-x-shockwave-single-12-10w-120\/#breadcrumb\",\"itemListElement\":[{\"@type\":\"ListItem\",\"position\":1,\"name\":\"Hem\",\"item\":\"https:\/\/www.visionxeurope.com\/se\/\"},{\"@type\":\"ListItem\",\"position\":2,\"name\":\"Webbutik\",\"item\":\"https:\/\/www.visionxeurope.com\/se\/webbutik\/\"},{\"@type\":\"ListItem\",\"position\":3,\"name\":\"VISION X SHOCKWAVE SINGLE 12&#8243; 10W 120\u00b0\"}]},{\"@type\":\"WebSite\",\"@id\":\"https:\/\/www.visionxeurope.com\/se\/#website\",\"url\":\"https:\/\/www.visionxeurope.com\/se\/\",\"name\":\"Vision X Europe\",\"description\":\"\",\"publisher\":{\"@id\":\"https:\/\/www.visionxeurope.com\/se\/#organization\"},\"potentialAction\":[{\"@type\":\"SearchAction\",\"target\":{\"@type\":\"EntryPoint\",\"urlTemplate\":\"https:\/\/www.visionxeurope.com\/se\/?s={search_term_string}\"},\"query-input\":{\"@type\":\"PropertyValueSpecification\",\"valueRequired\":true,\"valueName\":\"search_term_string\"}}],\"inLanguage\":\"sv-SE\"},{\"@type\":\"Organization\",\"@id\":\"https:\/\/www.visionxeurope.com\/se\/#organization\",\"name\":\"Vision X Europe\",\"url\":\"https:\/\/www.visionxeurope.com\/se\/\",\"logo\":{\"@type\":\"ImageObject\",\"inLanguage\":\"sv-SE\",\"@id\":\"https:\/\/www.visionxeurope.com\/se\/#\/schema\/logo\/image\/\",\"url\":\"https:\/\/www.visionxeurope.com\/se\/wp-content\/uploads\/sites\/7\/2021\/04\/visionxeurope.png\",\"contentUrl\":\"https:\/\/www.visionxeurope.com\/se\/wp-content\/uploads\/sites\/7\/2021\/04\/visionxeurope.png\",\"width\":300,\"height\":110,\"caption\":\"Vision X Europe\"},\"image\":{\"@id\":\"https:\/\/www.visionxeurope.com\/se\/#\/schema\/logo\/image\/\"},\"sameAs\":[\"https:\/\/www.facebook.com\/visionxeurope\",\"https:\/\/www.instagram.com\/visionxeurope\/\"]}]}<\/script>\n<meta property=\"product:price:amount\" content=\"3224.00\" \/>\n<meta property=\"product:price:currency\" content=\"SEK\" \/>\n<meta property=\"og:availability\" content=\"out of stock\" \/>\n<meta property=\"product:availability\" content=\"out of stock\" \/>\n<meta property=\"product:retailer_item_id\" content=\"MIL-SWS1210\" \/>\n<meta property=\"product:condition\" content=\"new\" \/>\n<!-- \/ Yoast SEO Premium plugin. -->","yoast_head_json":{"title":"VISION X SHOCKWAVE SINGLE 12\" 10W 120\u00b0 - Vision X Europe","robots":{"index":"index","follow":"follow","max-snippet":"max-snippet:-1","max-image-preview":"max-image-preview:large","max-video-preview":"max-video-preview:-1"},"canonical":"https:\/\/www.visionxeurope.com\/se\/webbutik\/vision-x-shockwave-single-12-10w-120\/","og_locale":"sv_SE","og_type":"article","og_title":"VISION X SHOCKWAVE SINGLE 12\" 10W 120\u00b0","og_description":"Shockwave \u00e4r en direkt-ers\u00e4ttning f\u00f6r lysr\u00f6r p\u00e5 tung kommersiella och industriella maskiner. Med sin otroligt l\u00e5ga str\u00f6mf\u00f6rbrukning finns det m\u00e5nga f\u00f6rdelaktiga applikationer f\u00f6r Shockwave. Shockwave ger en bred och j\u00e4mn ljusbild med 120\u00b0 graders spridning och kan monteras t.ex. i tak med en h\u00f6jd upp till ca, 6 meter. Med transformator och ett transformatorf\u00e4ste (tillbeh\u00f6r) kan lampan k\u00f6ras p\u00e5 230 volt och pluggas enkelt in i v\u00e4gguttaget. Data:Lamphus: 6061 aluminiumF\u00e4ste: IntegreratEnkel installation med endast + &amp;amp \u2013 kabelAnslutning: 3-pin Deutsch kontaktSp\u00e4nning: 9-32VT\u00e5l h\u00e5rda p\u00e5frestningar fr\u00e5n v\u00e4der och vindLins: Okrossbar polykarbonatStr\u00f6mf\u00f6rbrukning: 0.42 Amp vid 12VH\u00f6jd: 48mmBredd: 145mmL\u00e4ngd: 300mmIP klass: IP68KVibrationsklass: 15.6GWatt: 10R\u00e5a lumen: 875Effektiva lumen: 613Ljusbild: 120\u00b0 TILLBEH\u00d6RArt.nr: XPC-PS150-24 (230V transformator, 150W)Art.nr: P-SWDACMOUNT (F\u00e4ste f\u00f6r transformator p\u00e5 Shockwave)","og_url":"https:\/\/www.visionxeurope.com\/se\/webbutik\/vision-x-shockwave-single-12-10w-120\/","og_site_name":"Vision X Europe","article_publisher":"https:\/\/www.facebook.com\/visionxeurope","article_modified_time":"2026-01-08T18:15:33+00:00","og_image":[{"width":450,"height":450,"url":"https:\/\/www.rindab.se\/wp-content\/uploads\/sites\/7\/2022\/04\/MIL-SWS1210.jpg","type":"image\/jpeg"}],"twitter_card":"summary_large_image","twitter_misc":{"Pris":"3 224,00&nbsp;&#107;&#114; exkl. moms","Tillg\u00e4nglig":"Slut i lager"},"schema":{"@context":"https:\/\/schema.org","@graph":[{"@type":"WebPage","@id":"https:\/\/www.visionxeurope.com\/se\/webbutik\/vision-x-shockwave-single-12-10w-120\/","url":"https:\/\/www.visionxeurope.com\/se\/webbutik\/vision-x-shockwave-single-12-10w-120\/","name":"VISION X SHOCKWAVE SINGLE 12\" 10W 120\u00b0 - Vision X Europe","isPartOf":{"@id":"https:\/\/www.visionxeurope.com\/se\/#website"},"primaryImageOfPage":{"@id":"https:\/\/www.visionxeurope.com\/se\/webbutik\/vision-x-shockwave-single-12-10w-120\/#primaryimage"},"image":{"@id":"https:\/\/www.visionxeurope.com\/se\/webbutik\/vision-x-shockwave-single-12-10w-120\/#primaryimage"},"thumbnailUrl":"https:\/\/www.visionxeurope.com\/se\/wp-content\/uploads\/sites\/7\/2022\/04\/MIL-SWS1210.jpg","datePublished":"2014-04-23T07:56:27+00:00","dateModified":"2026-01-08T18:15:33+00:00","breadcrumb":{"@id":"https:\/\/www.visionxeurope.com\/se\/webbutik\/vision-x-shockwave-single-12-10w-120\/#breadcrumb"},"inLanguage":"sv-SE","potentialAction":[{"@type":"ReadAction","target":["https:\/\/www.visionxeurope.com\/se\/webbutik\/vision-x-shockwave-single-12-10w-120\/"]}]},{"@type":"ImageObject","inLanguage":"sv-SE","@id":"https:\/\/www.visionxeurope.com\/se\/webbutik\/vision-x-shockwave-single-12-10w-120\/#primaryimage","url":"https:\/\/www.visionxeurope.com\/se\/wp-content\/uploads\/sites\/7\/2022\/04\/MIL-SWS1210.jpg","contentUrl":"https:\/\/www.visionxeurope.com\/se\/wp-content\/uploads\/sites\/7\/2022\/04\/MIL-SWS1210.jpg","width":450,"height":450},{"@type":"BreadcrumbList","@id":"https:\/\/www.visionxeurope.com\/se\/webbutik\/vision-x-shockwave-single-12-10w-120\/#breadcrumb","itemListElement":[{"@type":"ListItem","position":1,"name":"Hem","item":"https:\/\/www.visionxeurope.com\/se\/"},{"@type":"ListItem","position":2,"name":"Webbutik","item":"https:\/\/www.visionxeurope.com\/se\/webbutik\/"},{"@type":"ListItem","position":3,"name":"VISION X SHOCKWAVE SINGLE 12&#8243; 10W 120\u00b0"}]},{"@type":"WebSite","@id":"https:\/\/www.visionxeurope.com\/se\/#website","url":"https:\/\/www.visionxeurope.com\/se\/","name":"Vision X Europe","description":"","publisher":{"@id":"https:\/\/www.visionxeurope.com\/se\/#organization"},"potentialAction":[{"@type":"SearchAction","target":{"@type":"EntryPoint","urlTemplate":"https:\/\/www.visionxeurope.com\/se\/?s={search_term_string}"},"query-input":{"@type":"PropertyValueSpecification","valueRequired":true,"valueName":"search_term_string"}}],"inLanguage":"sv-SE"},{"@type":"Organization","@id":"https:\/\/www.visionxeurope.com\/se\/#organization","name":"Vision X Europe","url":"https:\/\/www.visionxeurope.com\/se\/","logo":{"@type":"ImageObject","inLanguage":"sv-SE","@id":"https:\/\/www.visionxeurope.com\/se\/#\/schema\/logo\/image\/","url":"https:\/\/www.visionxeurope.com\/se\/wp-content\/uploads\/sites\/7\/2021\/04\/visionxeurope.png","contentUrl":"https:\/\/www.visionxeurope.com\/se\/wp-content\/uploads\/sites\/7\/2021\/04\/visionxeurope.png","width":300,"height":110,"caption":"Vision X Europe"},"image":{"@id":"https:\/\/www.visionxeurope.com\/se\/#\/schema\/logo\/image\/"},"sameAs":["https:\/\/www.facebook.com\/visionxeurope","https:\/\/www.instagram.com\/visionxeurope\/"]}]},"product_price_amount":"3224.00","product_price_currency":"SEK","og_availability":"out of stock","product_availability":"out of stock","product_retailer_item_id":"MIL-SWS1210","product_condition":"new"},"_links":{"self":[{"href":"https:\/\/www.visionxeurope.com\/se\/wp-json\/wp\/v2\/product\/13189","targetHints":{"allow":["GET"]}}],"collection":[{"href":"https:\/\/www.visionxeurope.com\/se\/wp-json\/wp\/v2\/product"}],"about":[{"href":"https:\/\/www.visionxeurope.com\/se\/wp-json\/wp\/v2\/types\/product"}],"replies":[{"embeddable":true,"href":"https:\/\/www.visionxeurope.com\/se\/wp-json\/wp\/v2\/comments?post=13189"}],"wp:featuredmedia":[{"embeddable":true,"href":"https:\/\/www.visionxeurope.com\/se\/wp-json\/wp\/v2\/media\/14464"}],"wp:attachment":[{"href":"https:\/\/www.visionxeurope.com\/se\/wp-json\/wp\/v2\/media?parent=13189"}],"wp:term":[{"taxonomy":"product_brand","embeddable":true,"href":"https:\/\/www.visionxeurope.com\/se\/wp-json\/wp\/v2\/product_brand?post=13189"},{"taxonomy":"product_cat","embeddable":true,"href":"https:\/\/www.visionxeurope.com\/se\/wp-json\/wp\/v2\/product_cat?post=13189"},{"taxonomy":"product_tag","embeddable":true,"href":"https:\/\/www.visionxeurope.com\/se\/wp-json\/wp\/v2\/product_tag?post=13189"}],"curies":[{"name":"wp","href":"https:\/\/api.w.org\/{rel}","templated":true}]}}