{"id":13180,"date":"2020-02-28T11:55:45","date_gmt":"2020-02-28T10:55:45","guid":{"rendered":"https:\/\/www.visionxeurope.com\/se\/produkt\/vision-x-ripper-prime-20-100w-30-65\/"},"modified":"2025-12-08T23:59:42","modified_gmt":"2025-12-08T22:59:42","slug":"vision-x-ripper-prime-20-100w-30-65","status":"publish","type":"product","link":"https:\/\/www.visionxeurope.com\/se\/webbutik\/vision-x-ripper-prime-20-100w-30-65\/","title":{"rendered":"VISION X RIPPER PRIME 20 100W 30\u00b0\/65\u00b0"},"content":{"rendered":"<p><\/p>\n<p>Vision X Ripper Prime \u00e4r framtagen i samarbete med Australiens st\u00f6rsta gruva. Testad upp till 60G utan n\u00e5gra skador hanterar Ripper Prime de mest extrema milj\u00f6er man kan t\u00e4nka sig.<\/p>\n<p><\/p>\n<p><\/p>\n<p>B\u00e5de Ripper 12 och Ripper 20 konstruerades f\u00f6r att arbeta h\u00e5rdare och l\u00e4ngre \u00e4n n\u00e5gon annan LED arbetsbelysning i sin klass. Ripper Prime hanterar upp till 60G rms av intensiva vibrationer i de tuffaste f\u00f6rh\u00e5llandena. Dessa dubbelmonterade lamporna \u00e4r den perfekta l\u00f6sningen f\u00f6r att ers\u00e4tta otillf\u00f6rlitliga lampor p\u00e5 din arbetsplats. Det \u00e4r en h\u00e4rlig k\u00e4nsla att installera en lampa och aldrig beh\u00f6va oroa sig f\u00f6r den.<\/p>\n<p><\/p>\n<p><\/p>\n<p>IP-68 klassning och vattent\u00e4t till 3 meters vattendjup. Det kraftiga 6061 aluminiumhuset t\u00e5l mycket yttre \u00e5verkan. Gummiupph\u00e4ngd Heavy Duty inf\u00e4stning f\u00f6r minimalt med vibrationer och maximal flexibilitet vid monteringen. Utformad och designad i gruvan med endast tv\u00e5 m\u00e5l i fokus, maximalt ljusfl\u00f6de med maximal livsl\u00e4ngd!<\/p>\n<p><\/p>\n<p><\/p>\n<p>Ripper Prime har d\u00e4rf\u00f6r b\u00e5de Electronic Thermal Management (ETM) och Prime Drive integrerat. Optiken till 90 % optiskt ren f\u00f6r maximalt ljusfl\u00f6de fr\u00e5n dioden. 5W dioden som anv\u00e4nds ger ett otroligt intensivt och dagsljusliknande sken som \u00e4r optimalt i gruvor.<\/p>\n<p><\/p>\n<p><\/p>\n<p>Med en f\u00e4rgtemperatur n\u00e4ra dagsljus uppfattar \u00f6gat saker l\u00e4ttare och blir inte lika snabbt tr\u00f6tt. Med 20 stycken 5W Dioder har Ripper en ljusstyrka p\u00e5 10 560 lumen och finns i fyra olika ljusbilder: 10\u00b0, 25\u00b0, 40\u00b0, 60\u00b0.<\/p>\n<p><\/p>\n<p><\/p>\n<p>Alla lampor med Prime Drive kan enkelt kopplas p\u00e5 en dimmer som justerar lampans ljusfl\u00f6de. Dimmer finns att k\u00f6pa till som tillbeh\u00f6r.<\/p>\n<p><\/p>\n<p><\/p>\n<p><strong>Data:<\/strong><br \/>Lamphus: 6061 aluminium<br \/>F\u00e4ste: Tv\u00e5 olika f\u00e4sten<br \/>Enkel installation med endast + &amp; &#8211; kabel<br \/>Anslutning: 3-pin Deutsch kontakt<br \/>Sp\u00e4nning: 11-65V<br \/>T\u00e5l h\u00e5rda p\u00e5frestningar fr\u00e5n v\u00e4der och vind<br \/>Str\u00f6mf\u00f6rbrukning: 8.34 Amp vid 12V<br \/>IP-klass: IP68<br \/>Lins: Okrossbar polykarbonat<br \/>H\u00f6jd: 163 mm (inklusive f\u00e4ste)<br \/>Bredd: 169 mm<br \/>Djup: 103 mm<br \/>Vikt: 3.4kg<br \/>Antal LED: 20st. x 5W<br \/>R\u00e5a lumen: 9 860<br \/>Effektiva lumen: 6 220<br \/>Ljusbild: 30\u00b0\/65\u00b0 Elliptisk<\/p>\n<p><\/p>","protected":false},"excerpt":{"rendered":"<p>Vision X Ripper Prime \u00e4r framtagen i samarbete med Australiens st\u00f6rsta gruva. Testad upp till 60G utan n\u00e5gra skador hanterar Ripper Prime de mest extrema milj\u00f6er man kan t\u00e4nka sig.<\/p>\n<p>B\u00e5de Ripper 12 och Ripper 20 konstruerades f\u00f6r att arbeta h\u00e5rdare och l\u00e4ngre \u00e4n n\u00e5gon annan LED arbetsbelysning i sin klass. Ripper Prime hanterar upp till 60G rms av intensiva vibrationer i de tuffaste f\u00f6rh\u00e5llandena. Dessa dubbelmonterade lamporna \u00e4r den perfekta l\u00f6sningen f\u00f6r att ers\u00e4tta otillf\u00f6rlitliga lampor p\u00e5 din arbetsplats. Det \u00e4r en h\u00e4rlig k\u00e4nsla att installera en lampa och aldrig beh\u00f6va oroa sig f\u00f6r den.<\/p>\n<p>IP-68 klassning och vattent\u00e4t till 3 meters vattendjup. Det kraftiga 6061 aluminiumhuset t\u00e5l mycket yttre \u00e5verkan. Gummiupph\u00e4ngd Heavy Duty inf\u00e4stning f\u00f6r minimalt med vibrationer och maximal flexibilitet vid monteringen. Utformad och designad i gruvan med endast tv\u00e5 m\u00e5l i fokus, maximalt ljusfl\u00f6de med maximal livsl\u00e4ngd!<\/p>\n<p>Ripper Prime har d\u00e4rf\u00f6r b\u00e5de Electronic Thermal Management (ETM) och Prime Drive integrerat. Optiken till 90 % optiskt ren f\u00f6r maximalt ljusfl\u00f6de fr\u00e5n dioden. 5W dioden som anv\u00e4nds ger ett otroligt intensivt och dagsljusliknande sken som \u00e4r optimalt i gruvor.<\/p>\n<p>Med en f\u00e4rgtemperatur n\u00e4ra dagsljus uppfattar \u00f6gat saker l\u00e4ttare och blir inte lika snabbt tr\u00f6tt. Med 20 stycken 5W Dioder har Ripper en ljusstyrka p\u00e5 10 560 lumen och finns i fyra olika ljusbilder: 10\u00b0, 25\u00b0, 40\u00b0, 60\u00b0.<\/p>\n<p>Alla lampor med Prime Drive kan enkelt kopplas p\u00e5 en dimmer som justerar lampans ljusfl\u00f6de. Dimmer finns att k\u00f6pa till som tillbeh\u00f6r.<\/p>\n<p><strong>Data:<\/strong><br \/>Lamphus: 6061 aluminium<br \/>F\u00e4ste: Tv\u00e5 olika f\u00e4sten<br \/>Enkel installation med endast + &amp; &#8211; kabel<br \/>Anslutning: 3-pin Deutsch kontakt<br \/>Sp\u00e4nning: 11-65V<br \/>T\u00e5l h\u00e5rda p\u00e5frestningar fr\u00e5n v\u00e4der och vind<br \/>Str\u00f6mf\u00f6rbrukning: 8.34 Amp vid 12V<br \/>IP-klass: IP68<br \/>Lins: Okrossbar polykarbonat<br \/>H\u00f6jd: 163 mm (inklusive f\u00e4ste)<br \/>Bredd: 169 mm<br \/>Djup: 103 mm<br \/>Vikt: 3.4kg<br \/>Antal LED: 20st. x 5W<br \/>R\u00e5a lumen: 9 860<br \/>Effektiva lumen: 6 220<br \/>Ljusbild: 30\u00b0\/65\u00b0 Elliptisk<\/p>\n","protected":false},"featured_media":14460,"comment_status":"open","ping_status":"open","template":"","meta":{"editor_notices":[]},"product_brand":[],"product_cat":[54],"product_tag":[],"class_list":{"0":"post-13180","1":"product","2":"type-product","3":"status-publish","4":"has-post-thumbnail","6":"product_cat-ripper","7":"resize-featured-image","8":"","9":"woocommerce-text-align-left","10":"woocommerce-image-align-center","12":"first","13":"instock","14":"taxable","15":"shipping-taxable","16":"product-type-simple"},"yoast_head":"<!-- This site is optimized with the Yoast SEO Premium plugin v25.0 (Yoast SEO v25.0) - https:\/\/yoast.com\/wordpress\/plugins\/seo\/ -->\n<title>VISION X RIPPER PRIME 20 100W 30\u00b0\/65\u00b0 - Vision X Europe<\/title>\n<meta name=\"robots\" content=\"index, follow, max-snippet:-1, max-image-preview:large, max-video-preview:-1\" \/>\n<link rel=\"canonical\" href=\"https:\/\/www.visionxeurope.com\/se\/webbutik\/vision-x-ripper-prime-20-100w-30-65\/\" \/>\n<meta property=\"og:locale\" content=\"sv_SE\" \/>\n<meta property=\"og:type\" content=\"article\" \/>\n<meta property=\"og:title\" content=\"VISION X RIPPER PRIME 20 100W 30\u00b0\/65\u00b0\" \/>\n<meta property=\"og:description\" content=\"Vision X Ripper Prime \u00e4r framtagen i samarbete med Australiens st\u00f6rsta gruva. Testad upp till 60G utan n\u00e5gra skador hanterar Ripper Prime de mest extrema milj\u00f6er man kan t\u00e4nka sig. B\u00e5de Ripper 12 och Ripper 20 konstruerades f\u00f6r att arbeta h\u00e5rdare och l\u00e4ngre \u00e4n n\u00e5gon annan LED arbetsbelysning i sin klass. Ripper Prime hanterar upp till 60G rms av intensiva vibrationer i de tuffaste f\u00f6rh\u00e5llandena. Dessa dubbelmonterade lamporna \u00e4r den perfekta l\u00f6sningen f\u00f6r att ers\u00e4tta otillf\u00f6rlitliga lampor p\u00e5 din arbetsplats. Det \u00e4r en h\u00e4rlig k\u00e4nsla att installera en lampa och aldrig beh\u00f6va oroa sig f\u00f6r den. IP-68 klassning och vattent\u00e4t till 3 meters vattendjup. Det kraftiga 6061 aluminiumhuset t\u00e5l mycket yttre \u00e5verkan. Gummiupph\u00e4ngd Heavy Duty inf\u00e4stning f\u00f6r minimalt med vibrationer och maximal flexibilitet vid monteringen. Utformad och designad i gruvan med endast tv\u00e5 m\u00e5l i fokus, maximalt ljusfl\u00f6de med maximal livsl\u00e4ngd! Ripper Prime har d\u00e4rf\u00f6r b\u00e5de Electronic Thermal Management (ETM) och Prime Drive integrerat. Optiken till 90 % optiskt ren f\u00f6r maximalt ljusfl\u00f6de fr\u00e5n dioden. 5W dioden som anv\u00e4nds ger ett otroligt intensivt och dagsljusliknande sken som \u00e4r optimalt i gruvor. Med en f\u00e4rgtemperatur n\u00e4ra dagsljus uppfattar \u00f6gat saker l\u00e4ttare och blir inte lika snabbt tr\u00f6tt. Med 20 stycken 5W Dioder har Ripper en ljusstyrka p\u00e5 10 560 lumen och finns i fyra olika ljusbilder: 10\u00b0, 25\u00b0, 40\u00b0, 60\u00b0. Alla lampor med Prime Drive kan enkelt kopplas p\u00e5 en dimmer som justerar lampans ljusfl\u00f6de. Dimmer finns att k\u00f6pa till som tillbeh\u00f6r. Data:Lamphus: 6061 aluminiumF\u00e4ste: Tv\u00e5 olika f\u00e4stenEnkel installation med endast + &amp; &#8211; kabelAnslutning: 3-pin Deutsch kontaktSp\u00e4nning: 11-65VT\u00e5l h\u00e5rda p\u00e5frestningar fr\u00e5n v\u00e4der och vindStr\u00f6mf\u00f6rbrukning: 8.34 Amp vid 12VIP-klass: IP68Lins: Okrossbar polykarbonatH\u00f6jd: 163 mm (inklusive f\u00e4ste)Bredd: 169 mmDjup: 103 mmVikt: 3.4kgAntal LED: 20st. x 5WR\u00e5a lumen: 9 860Effektiva lumen: 6 220Ljusbild: 30\u00b0\/65\u00b0 Elliptisk\" \/>\n<meta property=\"og:url\" content=\"https:\/\/www.visionxeurope.com\/se\/webbutik\/vision-x-ripper-prime-20-100w-30-65\/\" \/>\n<meta property=\"og:site_name\" content=\"Vision X Europe\" \/>\n<meta property=\"article:publisher\" content=\"https:\/\/www.facebook.com\/visionxeurope\" \/>\n<meta property=\"article:modified_time\" content=\"2025-12-08T22:59:42+00:00\" \/>\n<meta property=\"og:image\" content=\"https:\/\/www.rindab.se\/wp-content\/uploads\/sites\/7\/2022\/04\/MIL-RXP20E3065T.jpg\" \/>\n\t<meta property=\"og:image:width\" content=\"450\" \/>\n\t<meta property=\"og:image:height\" content=\"450\" \/>\n\t<meta property=\"og:image:type\" content=\"image\/jpeg\" \/>\n<meta name=\"twitter:card\" content=\"summary_large_image\" \/>\n<meta name=\"twitter:label1\" content=\"Pris\" \/>\n\t<meta name=\"twitter:data1\" content=\"6 396,00&nbsp;&#107;&#114; exkl. moms\" \/>\n\t<meta name=\"twitter:label2\" content=\"Tillg\u00e4nglig\" \/>\n\t<meta name=\"twitter:data2\" content=\"I lager\" \/>\n<script type=\"application\/ld+json\" class=\"yoast-schema-graph\">{\"@context\":\"https:\/\/schema.org\",\"@graph\":[{\"@type\":\"WebPage\",\"@id\":\"https:\/\/www.visionxeurope.com\/se\/webbutik\/vision-x-ripper-prime-20-100w-30-65\/\",\"url\":\"https:\/\/www.visionxeurope.com\/se\/webbutik\/vision-x-ripper-prime-20-100w-30-65\/\",\"name\":\"VISION X RIPPER PRIME 20 100W 30\u00b0\/65\u00b0 - Vision X Europe\",\"isPartOf\":{\"@id\":\"https:\/\/www.visionxeurope.com\/se\/#website\"},\"primaryImageOfPage\":{\"@id\":\"https:\/\/www.visionxeurope.com\/se\/webbutik\/vision-x-ripper-prime-20-100w-30-65\/#primaryimage\"},\"image\":{\"@id\":\"https:\/\/www.visionxeurope.com\/se\/webbutik\/vision-x-ripper-prime-20-100w-30-65\/#primaryimage\"},\"thumbnailUrl\":\"https:\/\/www.visionxeurope.com\/se\/wp-content\/uploads\/sites\/7\/2022\/04\/MIL-RXP20E3065T.jpg\",\"datePublished\":\"2020-02-28T10:55:45+00:00\",\"dateModified\":\"2025-12-08T22:59:42+00:00\",\"breadcrumb\":{\"@id\":\"https:\/\/www.visionxeurope.com\/se\/webbutik\/vision-x-ripper-prime-20-100w-30-65\/#breadcrumb\"},\"inLanguage\":\"sv-SE\",\"potentialAction\":[{\"@type\":\"ReadAction\",\"target\":[\"https:\/\/www.visionxeurope.com\/se\/webbutik\/vision-x-ripper-prime-20-100w-30-65\/\"]}]},{\"@type\":\"ImageObject\",\"inLanguage\":\"sv-SE\",\"@id\":\"https:\/\/www.visionxeurope.com\/se\/webbutik\/vision-x-ripper-prime-20-100w-30-65\/#primaryimage\",\"url\":\"https:\/\/www.visionxeurope.com\/se\/wp-content\/uploads\/sites\/7\/2022\/04\/MIL-RXP20E3065T.jpg\",\"contentUrl\":\"https:\/\/www.visionxeurope.com\/se\/wp-content\/uploads\/sites\/7\/2022\/04\/MIL-RXP20E3065T.jpg\",\"width\":450,\"height\":450},{\"@type\":\"BreadcrumbList\",\"@id\":\"https:\/\/www.visionxeurope.com\/se\/webbutik\/vision-x-ripper-prime-20-100w-30-65\/#breadcrumb\",\"itemListElement\":[{\"@type\":\"ListItem\",\"position\":1,\"name\":\"Hem\",\"item\":\"https:\/\/www.visionxeurope.com\/se\/\"},{\"@type\":\"ListItem\",\"position\":2,\"name\":\"Webbutik\",\"item\":\"https:\/\/www.visionxeurope.com\/se\/webbutik\/\"},{\"@type\":\"ListItem\",\"position\":3,\"name\":\"VISION X RIPPER PRIME 20 100W 30\u00b0\/65\u00b0\"}]},{\"@type\":\"WebSite\",\"@id\":\"https:\/\/www.visionxeurope.com\/se\/#website\",\"url\":\"https:\/\/www.visionxeurope.com\/se\/\",\"name\":\"Vision X Europe\",\"description\":\"\",\"publisher\":{\"@id\":\"https:\/\/www.visionxeurope.com\/se\/#organization\"},\"potentialAction\":[{\"@type\":\"SearchAction\",\"target\":{\"@type\":\"EntryPoint\",\"urlTemplate\":\"https:\/\/www.visionxeurope.com\/se\/?s={search_term_string}\"},\"query-input\":{\"@type\":\"PropertyValueSpecification\",\"valueRequired\":true,\"valueName\":\"search_term_string\"}}],\"inLanguage\":\"sv-SE\"},{\"@type\":\"Organization\",\"@id\":\"https:\/\/www.visionxeurope.com\/se\/#organization\",\"name\":\"Vision X Europe\",\"url\":\"https:\/\/www.visionxeurope.com\/se\/\",\"logo\":{\"@type\":\"ImageObject\",\"inLanguage\":\"sv-SE\",\"@id\":\"https:\/\/www.visionxeurope.com\/se\/#\/schema\/logo\/image\/\",\"url\":\"https:\/\/www.visionxeurope.com\/se\/wp-content\/uploads\/sites\/7\/2021\/04\/visionxeurope.png\",\"contentUrl\":\"https:\/\/www.visionxeurope.com\/se\/wp-content\/uploads\/sites\/7\/2021\/04\/visionxeurope.png\",\"width\":300,\"height\":110,\"caption\":\"Vision X Europe\"},\"image\":{\"@id\":\"https:\/\/www.visionxeurope.com\/se\/#\/schema\/logo\/image\/\"},\"sameAs\":[\"https:\/\/www.facebook.com\/visionxeurope\",\"https:\/\/www.instagram.com\/visionxeurope\/\"]}]}<\/script>\n<meta property=\"product:price:amount\" content=\"6396.00\" \/>\n<meta property=\"product:price:currency\" content=\"SEK\" \/>\n<meta property=\"og:availability\" content=\"instock\" \/>\n<meta property=\"product:availability\" content=\"instock\" \/>\n<meta property=\"product:retailer_item_id\" content=\"MIL-RXP20E3065T\" \/>\n<meta property=\"product:condition\" content=\"new\" \/>\n<!-- \/ Yoast SEO Premium plugin. -->","yoast_head_json":{"title":"VISION X RIPPER PRIME 20 100W 30\u00b0\/65\u00b0 - Vision X Europe","robots":{"index":"index","follow":"follow","max-snippet":"max-snippet:-1","max-image-preview":"max-image-preview:large","max-video-preview":"max-video-preview:-1"},"canonical":"https:\/\/www.visionxeurope.com\/se\/webbutik\/vision-x-ripper-prime-20-100w-30-65\/","og_locale":"sv_SE","og_type":"article","og_title":"VISION X RIPPER PRIME 20 100W 30\u00b0\/65\u00b0","og_description":"Vision X Ripper Prime \u00e4r framtagen i samarbete med Australiens st\u00f6rsta gruva. Testad upp till 60G utan n\u00e5gra skador hanterar Ripper Prime de mest extrema milj\u00f6er man kan t\u00e4nka sig. B\u00e5de Ripper 12 och Ripper 20 konstruerades f\u00f6r att arbeta h\u00e5rdare och l\u00e4ngre \u00e4n n\u00e5gon annan LED arbetsbelysning i sin klass. Ripper Prime hanterar upp till 60G rms av intensiva vibrationer i de tuffaste f\u00f6rh\u00e5llandena. Dessa dubbelmonterade lamporna \u00e4r den perfekta l\u00f6sningen f\u00f6r att ers\u00e4tta otillf\u00f6rlitliga lampor p\u00e5 din arbetsplats. Det \u00e4r en h\u00e4rlig k\u00e4nsla att installera en lampa och aldrig beh\u00f6va oroa sig f\u00f6r den. IP-68 klassning och vattent\u00e4t till 3 meters vattendjup. Det kraftiga 6061 aluminiumhuset t\u00e5l mycket yttre \u00e5verkan. Gummiupph\u00e4ngd Heavy Duty inf\u00e4stning f\u00f6r minimalt med vibrationer och maximal flexibilitet vid monteringen. Utformad och designad i gruvan med endast tv\u00e5 m\u00e5l i fokus, maximalt ljusfl\u00f6de med maximal livsl\u00e4ngd! Ripper Prime har d\u00e4rf\u00f6r b\u00e5de Electronic Thermal Management (ETM) och Prime Drive integrerat. Optiken till 90 % optiskt ren f\u00f6r maximalt ljusfl\u00f6de fr\u00e5n dioden. 5W dioden som anv\u00e4nds ger ett otroligt intensivt och dagsljusliknande sken som \u00e4r optimalt i gruvor. Med en f\u00e4rgtemperatur n\u00e4ra dagsljus uppfattar \u00f6gat saker l\u00e4ttare och blir inte lika snabbt tr\u00f6tt. Med 20 stycken 5W Dioder har Ripper en ljusstyrka p\u00e5 10 560 lumen och finns i fyra olika ljusbilder: 10\u00b0, 25\u00b0, 40\u00b0, 60\u00b0. Alla lampor med Prime Drive kan enkelt kopplas p\u00e5 en dimmer som justerar lampans ljusfl\u00f6de. Dimmer finns att k\u00f6pa till som tillbeh\u00f6r. Data:Lamphus: 6061 aluminiumF\u00e4ste: Tv\u00e5 olika f\u00e4stenEnkel installation med endast + &amp; &#8211; kabelAnslutning: 3-pin Deutsch kontaktSp\u00e4nning: 11-65VT\u00e5l h\u00e5rda p\u00e5frestningar fr\u00e5n v\u00e4der och vindStr\u00f6mf\u00f6rbrukning: 8.34 Amp vid 12VIP-klass: IP68Lins: Okrossbar polykarbonatH\u00f6jd: 163 mm (inklusive f\u00e4ste)Bredd: 169 mmDjup: 103 mmVikt: 3.4kgAntal LED: 20st. x 5WR\u00e5a lumen: 9 860Effektiva lumen: 6 220Ljusbild: 30\u00b0\/65\u00b0 Elliptisk","og_url":"https:\/\/www.visionxeurope.com\/se\/webbutik\/vision-x-ripper-prime-20-100w-30-65\/","og_site_name":"Vision X Europe","article_publisher":"https:\/\/www.facebook.com\/visionxeurope","article_modified_time":"2025-12-08T22:59:42+00:00","og_image":[{"width":450,"height":450,"url":"https:\/\/www.rindab.se\/wp-content\/uploads\/sites\/7\/2022\/04\/MIL-RXP20E3065T.jpg","type":"image\/jpeg"}],"twitter_card":"summary_large_image","twitter_misc":{"Pris":"6 396,00&nbsp;&#107;&#114; exkl. moms","Tillg\u00e4nglig":"I lager"},"schema":{"@context":"https:\/\/schema.org","@graph":[{"@type":"WebPage","@id":"https:\/\/www.visionxeurope.com\/se\/webbutik\/vision-x-ripper-prime-20-100w-30-65\/","url":"https:\/\/www.visionxeurope.com\/se\/webbutik\/vision-x-ripper-prime-20-100w-30-65\/","name":"VISION X RIPPER PRIME 20 100W 30\u00b0\/65\u00b0 - Vision X Europe","isPartOf":{"@id":"https:\/\/www.visionxeurope.com\/se\/#website"},"primaryImageOfPage":{"@id":"https:\/\/www.visionxeurope.com\/se\/webbutik\/vision-x-ripper-prime-20-100w-30-65\/#primaryimage"},"image":{"@id":"https:\/\/www.visionxeurope.com\/se\/webbutik\/vision-x-ripper-prime-20-100w-30-65\/#primaryimage"},"thumbnailUrl":"https:\/\/www.visionxeurope.com\/se\/wp-content\/uploads\/sites\/7\/2022\/04\/MIL-RXP20E3065T.jpg","datePublished":"2020-02-28T10:55:45+00:00","dateModified":"2025-12-08T22:59:42+00:00","breadcrumb":{"@id":"https:\/\/www.visionxeurope.com\/se\/webbutik\/vision-x-ripper-prime-20-100w-30-65\/#breadcrumb"},"inLanguage":"sv-SE","potentialAction":[{"@type":"ReadAction","target":["https:\/\/www.visionxeurope.com\/se\/webbutik\/vision-x-ripper-prime-20-100w-30-65\/"]}]},{"@type":"ImageObject","inLanguage":"sv-SE","@id":"https:\/\/www.visionxeurope.com\/se\/webbutik\/vision-x-ripper-prime-20-100w-30-65\/#primaryimage","url":"https:\/\/www.visionxeurope.com\/se\/wp-content\/uploads\/sites\/7\/2022\/04\/MIL-RXP20E3065T.jpg","contentUrl":"https:\/\/www.visionxeurope.com\/se\/wp-content\/uploads\/sites\/7\/2022\/04\/MIL-RXP20E3065T.jpg","width":450,"height":450},{"@type":"BreadcrumbList","@id":"https:\/\/www.visionxeurope.com\/se\/webbutik\/vision-x-ripper-prime-20-100w-30-65\/#breadcrumb","itemListElement":[{"@type":"ListItem","position":1,"name":"Hem","item":"https:\/\/www.visionxeurope.com\/se\/"},{"@type":"ListItem","position":2,"name":"Webbutik","item":"https:\/\/www.visionxeurope.com\/se\/webbutik\/"},{"@type":"ListItem","position":3,"name":"VISION X RIPPER PRIME 20 100W 30\u00b0\/65\u00b0"}]},{"@type":"WebSite","@id":"https:\/\/www.visionxeurope.com\/se\/#website","url":"https:\/\/www.visionxeurope.com\/se\/","name":"Vision X Europe","description":"","publisher":{"@id":"https:\/\/www.visionxeurope.com\/se\/#organization"},"potentialAction":[{"@type":"SearchAction","target":{"@type":"EntryPoint","urlTemplate":"https:\/\/www.visionxeurope.com\/se\/?s={search_term_string}"},"query-input":{"@type":"PropertyValueSpecification","valueRequired":true,"valueName":"search_term_string"}}],"inLanguage":"sv-SE"},{"@type":"Organization","@id":"https:\/\/www.visionxeurope.com\/se\/#organization","name":"Vision X Europe","url":"https:\/\/www.visionxeurope.com\/se\/","logo":{"@type":"ImageObject","inLanguage":"sv-SE","@id":"https:\/\/www.visionxeurope.com\/se\/#\/schema\/logo\/image\/","url":"https:\/\/www.visionxeurope.com\/se\/wp-content\/uploads\/sites\/7\/2021\/04\/visionxeurope.png","contentUrl":"https:\/\/www.visionxeurope.com\/se\/wp-content\/uploads\/sites\/7\/2021\/04\/visionxeurope.png","width":300,"height":110,"caption":"Vision X Europe"},"image":{"@id":"https:\/\/www.visionxeurope.com\/se\/#\/schema\/logo\/image\/"},"sameAs":["https:\/\/www.facebook.com\/visionxeurope","https:\/\/www.instagram.com\/visionxeurope\/"]}]},"product_price_amount":"6396.00","product_price_currency":"SEK","og_availability":"instock","product_availability":"instock","product_retailer_item_id":"MIL-RXP20E3065T","product_condition":"new"},"_links":{"self":[{"href":"https:\/\/www.visionxeurope.com\/se\/wp-json\/wp\/v2\/product\/13180","targetHints":{"allow":["GET"]}}],"collection":[{"href":"https:\/\/www.visionxeurope.com\/se\/wp-json\/wp\/v2\/product"}],"about":[{"href":"https:\/\/www.visionxeurope.com\/se\/wp-json\/wp\/v2\/types\/product"}],"replies":[{"embeddable":true,"href":"https:\/\/www.visionxeurope.com\/se\/wp-json\/wp\/v2\/comments?post=13180"}],"wp:featuredmedia":[{"embeddable":true,"href":"https:\/\/www.visionxeurope.com\/se\/wp-json\/wp\/v2\/media\/14460"}],"wp:attachment":[{"href":"https:\/\/www.visionxeurope.com\/se\/wp-json\/wp\/v2\/media?parent=13180"}],"wp:term":[{"taxonomy":"product_brand","embeddable":true,"href":"https:\/\/www.visionxeurope.com\/se\/wp-json\/wp\/v2\/product_brand?post=13180"},{"taxonomy":"product_cat","embeddable":true,"href":"https:\/\/www.visionxeurope.com\/se\/wp-json\/wp\/v2\/product_cat?post=13180"},{"taxonomy":"product_tag","embeddable":true,"href":"https:\/\/www.visionxeurope.com\/se\/wp-json\/wp\/v2\/product_tag?post=13180"}],"curies":[{"name":"wp","href":"https:\/\/api.w.org\/{rel}","templated":true}]}}