{"id":13172,"date":"2015-07-06T08:39:57","date_gmt":"2015-07-06T06:39:57","guid":{"rendered":"https:\/\/www.visionxeurope.com\/se\/produkt\/vision-x-pit-master-prime-90-450w-25\/"},"modified":"2026-01-08T15:21:56","modified_gmt":"2026-01-08T14:21:56","slug":"vision-x-pit-master-prime-90-450w-25","status":"publish","type":"product","link":"https:\/\/www.visionxeurope.com\/se\/webbutik\/vision-x-pit-master-prime-90-450w-25\/","title":{"rendered":"VISION X PIT MASTER PRIME 90 450W 25\u00b0"},"content":{"rendered":"<p><\/p>\n<p>Vision X Pit Master, framtagen f\u00f6r att ers\u00e4tta 1500W metall halogen lampor. Pit Master 90 finns i fem olika ljusbilder f\u00f6r att passa varje unik applikation: 10\u00b0, 25\u00b0, 40\u00b0, 60\u00b0 och 90 graders spridning.<\/p>\n<p><\/p>\n<p><\/p>\n<p>Pit Master ger otroliga 47 520 lumen och har den h\u00f6geffektiva och intensiva 5W dioden. Ljuset ligger i samma f\u00e4rgtemperatur som dagsljus vilket \u00f6gat \u00e4r optimerat f\u00f6r och minskar risken f\u00f6r &#8221;dunkelt&#8221; ljus.<\/p>\n<p><\/p>\n<p><\/p>\n<p>Med IP-68 klassning och vibrationsklass 15.6G RMS g\u00f6r Pit Master det m\u00f6jligt att monteras p\u00e5 b\u00e5de stora och r\u00f6rliga maskiner som fasta installationer b\u00e5de inomhus och utomhus.<\/p>\n<p><\/p>\n<p><\/p>\n<p><strong>Data:<br \/><\/strong>Lamphus: 6061 aluminium<br \/>F\u00e4ste: levereras utan f\u00e4ste<br \/>Enkel installation med endast + &amp; &#8211; kabel<br \/>Kablage: Plug &amp; play kablage (Deutsch kontakter)<br \/>Sp\u00e4nning: 11-65V<br \/>T\u00e5l h\u00e5rda p\u00e5frestningar fr\u00e5n v\u00e4der och vind<br \/>Str\u00f6mf\u00f6rbrukning: 37.5 Amp vid 12V<br \/>IP klass: IP68<br \/>Vibrations klass: 15.6G rms<br \/>Livsl\u00e4ngd dioder: 50 000 timmar<br \/>Drivning dioder: 90 % av full effekt<br \/>Lins: Okrossbar polykarbonat<br \/>Optisk renhet: 90 %<br \/>L\u00e4ngd: 870mm<br \/>H\u00f6jd: 180mm<br \/>Djup: 75mm<br \/>Vikt: 13.5kg<br \/>Watt: 450W<br \/>LED: 90st. x 5W<br \/>R\u00e5a lumen: 47 520<br \/>Effektiva lumen: 33 300<br \/>Ljusbild: 25\u00b0 Euro (Finns \u00e4ven som 10\u00b0, 40\u00b0, 60\u00b0, 90\u00b0)<\/p>\n<p><\/p>","protected":false},"excerpt":{"rendered":"<p>Vision X Pit Master, framtagen f\u00f6r att ers\u00e4tta 1500W metall halogen lampor. Pit Master 90 finns i fem olika ljusbilder f\u00f6r att passa varje unik applikation: 10\u00b0, 25\u00b0, 40\u00b0, 60\u00b0 och 90 graders spridning.<\/p>\n<p>Pit Master ger otroliga 47 520 lumen och har den h\u00f6geffektiva och intensiva 5W dioden. Ljuset ligger i samma f\u00e4rgtemperatur som dagsljus vilket \u00f6gat \u00e4r optimerat f\u00f6r och minskar risken f\u00f6r &#8220;dunkelt&#8221; ljus.<\/p>\n<p>Med IP-68 klassning och vibrationsklass 15.6G RMS g\u00f6r Pit Master det m\u00f6jligt att monteras p\u00e5 b\u00e5de stora och r\u00f6rliga maskiner som fasta installationer b\u00e5de inomhus och utomhus.<\/p>\n<p><strong>Data:<br \/><\/strong>Lamphus: 6061 aluminium<br \/>F\u00e4ste: levereras utan f\u00e4ste<br \/>Enkel installation med endast + &amp; &#8211; kabel<br \/>Kablage: Plug &amp; play kablage (Deutsch kontakter)<br \/>Sp\u00e4nning: 11-65V<br \/>T\u00e5l h\u00e5rda p\u00e5frestningar fr\u00e5n v\u00e4der och vind<br \/>Str\u00f6mf\u00f6rbrukning: 37.5 Amp vid 12V<br \/>IP klass: IP68<br \/>Vibrations klass: 15.6G rms<br \/>Livsl\u00e4ngd dioder: 50 000 timmar<br \/>Drivning dioder: 90 % av full effekt<br \/>Lins: Okrossbar polykarbonat<br \/>Optisk renhet: 90 %<br \/>L\u00e4ngd: 870mm<br \/>H\u00f6jd: 180mm<br \/>Djup: 75mm<br \/>Vikt: 13.5kg<br \/>Watt: 450W<br \/>LED: 90st. x 5W<br \/>R\u00e5a lumen: 47 520<br \/>Effektiva lumen: 33 300<br \/>Ljusbild: 25\u00b0 Euro (Finns \u00e4ven som 10\u00b0, 40\u00b0, 60\u00b0, 90\u00b0)<\/p>\n","protected":false},"featured_media":14416,"comment_status":"open","ping_status":"open","template":"","meta":{"editor_notices":[]},"product_brand":[],"product_cat":[53],"product_tag":[],"class_list":{"0":"post-13172","1":"product","2":"type-product","3":"status-publish","4":"has-post-thumbnail","6":"product_cat-pit-master","7":"resize-featured-image","8":"","9":"woocommerce-text-align-left","10":"woocommerce-image-align-center","12":"first","13":"outofstock","14":"taxable","15":"shipping-taxable","16":"product-type-simple"},"yoast_head":"<!-- This site is optimized with the Yoast SEO Premium plugin v25.0 (Yoast SEO v25.0) - https:\/\/yoast.com\/wordpress\/plugins\/seo\/ -->\n<title>VISION X PIT MASTER PRIME 90 450W 25\u00b0 - Vision X Europe<\/title>\n<meta name=\"robots\" content=\"index, follow, max-snippet:-1, max-image-preview:large, max-video-preview:-1\" \/>\n<link rel=\"canonical\" href=\"https:\/\/www.visionxeurope.com\/se\/webbutik\/vision-x-pit-master-prime-90-450w-25\/\" \/>\n<meta property=\"og:locale\" content=\"sv_SE\" \/>\n<meta property=\"og:type\" content=\"article\" \/>\n<meta property=\"og:title\" content=\"VISION X PIT MASTER PRIME 90 450W 25\u00b0\" \/>\n<meta property=\"og:description\" content=\"Vision X Pit Master, framtagen f\u00f6r att ers\u00e4tta 1500W metall halogen lampor. Pit Master 90 finns i fem olika ljusbilder f\u00f6r att passa varje unik applikation: 10\u00b0, 25\u00b0, 40\u00b0, 60\u00b0 och 90 graders spridning. Pit Master ger otroliga 47 520 lumen och har den h\u00f6geffektiva och intensiva 5W dioden. Ljuset ligger i samma f\u00e4rgtemperatur som dagsljus vilket \u00f6gat \u00e4r optimerat f\u00f6r och minskar risken f\u00f6r &#8220;dunkelt&#8221; ljus. Med IP-68 klassning och vibrationsklass 15.6G RMS g\u00f6r Pit Master det m\u00f6jligt att monteras p\u00e5 b\u00e5de stora och r\u00f6rliga maskiner som fasta installationer b\u00e5de inomhus och utomhus. Data:Lamphus: 6061 aluminiumF\u00e4ste: levereras utan f\u00e4steEnkel installation med endast + &amp; &#8211; kabelKablage: Plug &amp; play kablage (Deutsch kontakter)Sp\u00e4nning: 11-65VT\u00e5l h\u00e5rda p\u00e5frestningar fr\u00e5n v\u00e4der och vindStr\u00f6mf\u00f6rbrukning: 37.5 Amp vid 12VIP klass: IP68Vibrations klass: 15.6G rmsLivsl\u00e4ngd dioder: 50 000 timmarDrivning dioder: 90 % av full effektLins: Okrossbar polykarbonatOptisk renhet: 90 %L\u00e4ngd: 870mmH\u00f6jd: 180mmDjup: 75mmVikt: 13.5kgWatt: 450WLED: 90st. x 5WR\u00e5a lumen: 47 520Effektiva lumen: 33 300Ljusbild: 25\u00b0 Euro (Finns \u00e4ven som 10\u00b0, 40\u00b0, 60\u00b0, 90\u00b0)\" \/>\n<meta property=\"og:url\" content=\"https:\/\/www.visionxeurope.com\/se\/webbutik\/vision-x-pit-master-prime-90-450w-25\/\" \/>\n<meta property=\"og:site_name\" content=\"Vision X Europe\" \/>\n<meta property=\"article:publisher\" content=\"https:\/\/www.facebook.com\/visionxeurope\" \/>\n<meta property=\"article:modified_time\" content=\"2026-01-08T14:21:56+00:00\" \/>\n<meta property=\"og:image\" content=\"https:\/\/www.rindab.se\/wp-content\/uploads\/sites\/7\/2022\/04\/MIL-PMX9025.NB_.jpg\" \/>\n\t<meta property=\"og:image:width\" content=\"600\" \/>\n\t<meta property=\"og:image:height\" content=\"600\" \/>\n\t<meta property=\"og:image:type\" content=\"image\/jpeg\" \/>\n<meta name=\"twitter:card\" content=\"summary_large_image\" \/>\n<meta name=\"twitter:label1\" content=\"Pris\" \/>\n\t<meta name=\"twitter:data1\" content=\"25 863,00&nbsp;&#107;&#114; exkl. moms\" \/>\n\t<meta name=\"twitter:label2\" content=\"Tillg\u00e4nglig\" \/>\n\t<meta name=\"twitter:data2\" content=\"Slut i lager\" \/>\n<script type=\"application\/ld+json\" class=\"yoast-schema-graph\">{\"@context\":\"https:\/\/schema.org\",\"@graph\":[{\"@type\":\"WebPage\",\"@id\":\"https:\/\/www.visionxeurope.com\/se\/webbutik\/vision-x-pit-master-prime-90-450w-25\/\",\"url\":\"https:\/\/www.visionxeurope.com\/se\/webbutik\/vision-x-pit-master-prime-90-450w-25\/\",\"name\":\"VISION X PIT MASTER PRIME 90 450W 25\u00b0 - Vision X Europe\",\"isPartOf\":{\"@id\":\"https:\/\/www.visionxeurope.com\/se\/#website\"},\"primaryImageOfPage\":{\"@id\":\"https:\/\/www.visionxeurope.com\/se\/webbutik\/vision-x-pit-master-prime-90-450w-25\/#primaryimage\"},\"image\":{\"@id\":\"https:\/\/www.visionxeurope.com\/se\/webbutik\/vision-x-pit-master-prime-90-450w-25\/#primaryimage\"},\"thumbnailUrl\":\"https:\/\/www.visionxeurope.com\/se\/wp-content\/uploads\/sites\/7\/2022\/04\/MIL-PMX9025.NB_.jpg\",\"datePublished\":\"2015-07-06T06:39:57+00:00\",\"dateModified\":\"2026-01-08T14:21:56+00:00\",\"breadcrumb\":{\"@id\":\"https:\/\/www.visionxeurope.com\/se\/webbutik\/vision-x-pit-master-prime-90-450w-25\/#breadcrumb\"},\"inLanguage\":\"sv-SE\",\"potentialAction\":[{\"@type\":\"ReadAction\",\"target\":[\"https:\/\/www.visionxeurope.com\/se\/webbutik\/vision-x-pit-master-prime-90-450w-25\/\"]}]},{\"@type\":\"ImageObject\",\"inLanguage\":\"sv-SE\",\"@id\":\"https:\/\/www.visionxeurope.com\/se\/webbutik\/vision-x-pit-master-prime-90-450w-25\/#primaryimage\",\"url\":\"https:\/\/www.visionxeurope.com\/se\/wp-content\/uploads\/sites\/7\/2022\/04\/MIL-PMX9025.NB_.jpg\",\"contentUrl\":\"https:\/\/www.visionxeurope.com\/se\/wp-content\/uploads\/sites\/7\/2022\/04\/MIL-PMX9025.NB_.jpg\",\"width\":600,\"height\":600},{\"@type\":\"BreadcrumbList\",\"@id\":\"https:\/\/www.visionxeurope.com\/se\/webbutik\/vision-x-pit-master-prime-90-450w-25\/#breadcrumb\",\"itemListElement\":[{\"@type\":\"ListItem\",\"position\":1,\"name\":\"Hem\",\"item\":\"https:\/\/www.visionxeurope.com\/se\/\"},{\"@type\":\"ListItem\",\"position\":2,\"name\":\"Webbutik\",\"item\":\"https:\/\/www.visionxeurope.com\/se\/webbutik\/\"},{\"@type\":\"ListItem\",\"position\":3,\"name\":\"VISION X PIT MASTER PRIME 90 450W 25\u00b0\"}]},{\"@type\":\"WebSite\",\"@id\":\"https:\/\/www.visionxeurope.com\/se\/#website\",\"url\":\"https:\/\/www.visionxeurope.com\/se\/\",\"name\":\"Vision X Europe\",\"description\":\"\",\"publisher\":{\"@id\":\"https:\/\/www.visionxeurope.com\/se\/#organization\"},\"potentialAction\":[{\"@type\":\"SearchAction\",\"target\":{\"@type\":\"EntryPoint\",\"urlTemplate\":\"https:\/\/www.visionxeurope.com\/se\/?s={search_term_string}\"},\"query-input\":{\"@type\":\"PropertyValueSpecification\",\"valueRequired\":true,\"valueName\":\"search_term_string\"}}],\"inLanguage\":\"sv-SE\"},{\"@type\":\"Organization\",\"@id\":\"https:\/\/www.visionxeurope.com\/se\/#organization\",\"name\":\"Vision X Europe\",\"url\":\"https:\/\/www.visionxeurope.com\/se\/\",\"logo\":{\"@type\":\"ImageObject\",\"inLanguage\":\"sv-SE\",\"@id\":\"https:\/\/www.visionxeurope.com\/se\/#\/schema\/logo\/image\/\",\"url\":\"https:\/\/www.visionxeurope.com\/se\/wp-content\/uploads\/sites\/7\/2021\/04\/visionxeurope.png\",\"contentUrl\":\"https:\/\/www.visionxeurope.com\/se\/wp-content\/uploads\/sites\/7\/2021\/04\/visionxeurope.png\",\"width\":300,\"height\":110,\"caption\":\"Vision X Europe\"},\"image\":{\"@id\":\"https:\/\/www.visionxeurope.com\/se\/#\/schema\/logo\/image\/\"},\"sameAs\":[\"https:\/\/www.facebook.com\/visionxeurope\",\"https:\/\/www.instagram.com\/visionxeurope\/\"]}]}<\/script>\n<meta property=\"product:price:amount\" content=\"25863.00\" \/>\n<meta property=\"product:price:currency\" content=\"SEK\" \/>\n<meta property=\"og:availability\" content=\"out of stock\" \/>\n<meta property=\"product:availability\" content=\"out of stock\" \/>\n<meta property=\"product:retailer_item_id\" content=\"MIL-PMX9025.NB\" \/>\n<meta property=\"product:condition\" content=\"new\" \/>\n<!-- \/ Yoast SEO Premium plugin. -->","yoast_head_json":{"title":"VISION X PIT MASTER PRIME 90 450W 25\u00b0 - Vision X Europe","robots":{"index":"index","follow":"follow","max-snippet":"max-snippet:-1","max-image-preview":"max-image-preview:large","max-video-preview":"max-video-preview:-1"},"canonical":"https:\/\/www.visionxeurope.com\/se\/webbutik\/vision-x-pit-master-prime-90-450w-25\/","og_locale":"sv_SE","og_type":"article","og_title":"VISION X PIT MASTER PRIME 90 450W 25\u00b0","og_description":"Vision X Pit Master, framtagen f\u00f6r att ers\u00e4tta 1500W metall halogen lampor. Pit Master 90 finns i fem olika ljusbilder f\u00f6r att passa varje unik applikation: 10\u00b0, 25\u00b0, 40\u00b0, 60\u00b0 och 90 graders spridning. Pit Master ger otroliga 47 520 lumen och har den h\u00f6geffektiva och intensiva 5W dioden. Ljuset ligger i samma f\u00e4rgtemperatur som dagsljus vilket \u00f6gat \u00e4r optimerat f\u00f6r och minskar risken f\u00f6r &#8220;dunkelt&#8221; ljus. Med IP-68 klassning och vibrationsklass 15.6G RMS g\u00f6r Pit Master det m\u00f6jligt att monteras p\u00e5 b\u00e5de stora och r\u00f6rliga maskiner som fasta installationer b\u00e5de inomhus och utomhus. Data:Lamphus: 6061 aluminiumF\u00e4ste: levereras utan f\u00e4steEnkel installation med endast + &amp; &#8211; kabelKablage: Plug &amp; play kablage (Deutsch kontakter)Sp\u00e4nning: 11-65VT\u00e5l h\u00e5rda p\u00e5frestningar fr\u00e5n v\u00e4der och vindStr\u00f6mf\u00f6rbrukning: 37.5 Amp vid 12VIP klass: IP68Vibrations klass: 15.6G rmsLivsl\u00e4ngd dioder: 50 000 timmarDrivning dioder: 90 % av full effektLins: Okrossbar polykarbonatOptisk renhet: 90 %L\u00e4ngd: 870mmH\u00f6jd: 180mmDjup: 75mmVikt: 13.5kgWatt: 450WLED: 90st. x 5WR\u00e5a lumen: 47 520Effektiva lumen: 33 300Ljusbild: 25\u00b0 Euro (Finns \u00e4ven som 10\u00b0, 40\u00b0, 60\u00b0, 90\u00b0)","og_url":"https:\/\/www.visionxeurope.com\/se\/webbutik\/vision-x-pit-master-prime-90-450w-25\/","og_site_name":"Vision X Europe","article_publisher":"https:\/\/www.facebook.com\/visionxeurope","article_modified_time":"2026-01-08T14:21:56+00:00","og_image":[{"width":600,"height":600,"url":"https:\/\/www.rindab.se\/wp-content\/uploads\/sites\/7\/2022\/04\/MIL-PMX9025.NB_.jpg","type":"image\/jpeg"}],"twitter_card":"summary_large_image","twitter_misc":{"Pris":"25 863,00&nbsp;&#107;&#114; exkl. moms","Tillg\u00e4nglig":"Slut i lager"},"schema":{"@context":"https:\/\/schema.org","@graph":[{"@type":"WebPage","@id":"https:\/\/www.visionxeurope.com\/se\/webbutik\/vision-x-pit-master-prime-90-450w-25\/","url":"https:\/\/www.visionxeurope.com\/se\/webbutik\/vision-x-pit-master-prime-90-450w-25\/","name":"VISION X PIT MASTER PRIME 90 450W 25\u00b0 - Vision X Europe","isPartOf":{"@id":"https:\/\/www.visionxeurope.com\/se\/#website"},"primaryImageOfPage":{"@id":"https:\/\/www.visionxeurope.com\/se\/webbutik\/vision-x-pit-master-prime-90-450w-25\/#primaryimage"},"image":{"@id":"https:\/\/www.visionxeurope.com\/se\/webbutik\/vision-x-pit-master-prime-90-450w-25\/#primaryimage"},"thumbnailUrl":"https:\/\/www.visionxeurope.com\/se\/wp-content\/uploads\/sites\/7\/2022\/04\/MIL-PMX9025.NB_.jpg","datePublished":"2015-07-06T06:39:57+00:00","dateModified":"2026-01-08T14:21:56+00:00","breadcrumb":{"@id":"https:\/\/www.visionxeurope.com\/se\/webbutik\/vision-x-pit-master-prime-90-450w-25\/#breadcrumb"},"inLanguage":"sv-SE","potentialAction":[{"@type":"ReadAction","target":["https:\/\/www.visionxeurope.com\/se\/webbutik\/vision-x-pit-master-prime-90-450w-25\/"]}]},{"@type":"ImageObject","inLanguage":"sv-SE","@id":"https:\/\/www.visionxeurope.com\/se\/webbutik\/vision-x-pit-master-prime-90-450w-25\/#primaryimage","url":"https:\/\/www.visionxeurope.com\/se\/wp-content\/uploads\/sites\/7\/2022\/04\/MIL-PMX9025.NB_.jpg","contentUrl":"https:\/\/www.visionxeurope.com\/se\/wp-content\/uploads\/sites\/7\/2022\/04\/MIL-PMX9025.NB_.jpg","width":600,"height":600},{"@type":"BreadcrumbList","@id":"https:\/\/www.visionxeurope.com\/se\/webbutik\/vision-x-pit-master-prime-90-450w-25\/#breadcrumb","itemListElement":[{"@type":"ListItem","position":1,"name":"Hem","item":"https:\/\/www.visionxeurope.com\/se\/"},{"@type":"ListItem","position":2,"name":"Webbutik","item":"https:\/\/www.visionxeurope.com\/se\/webbutik\/"},{"@type":"ListItem","position":3,"name":"VISION X PIT MASTER PRIME 90 450W 25\u00b0"}]},{"@type":"WebSite","@id":"https:\/\/www.visionxeurope.com\/se\/#website","url":"https:\/\/www.visionxeurope.com\/se\/","name":"Vision X Europe","description":"","publisher":{"@id":"https:\/\/www.visionxeurope.com\/se\/#organization"},"potentialAction":[{"@type":"SearchAction","target":{"@type":"EntryPoint","urlTemplate":"https:\/\/www.visionxeurope.com\/se\/?s={search_term_string}"},"query-input":{"@type":"PropertyValueSpecification","valueRequired":true,"valueName":"search_term_string"}}],"inLanguage":"sv-SE"},{"@type":"Organization","@id":"https:\/\/www.visionxeurope.com\/se\/#organization","name":"Vision X Europe","url":"https:\/\/www.visionxeurope.com\/se\/","logo":{"@type":"ImageObject","inLanguage":"sv-SE","@id":"https:\/\/www.visionxeurope.com\/se\/#\/schema\/logo\/image\/","url":"https:\/\/www.visionxeurope.com\/se\/wp-content\/uploads\/sites\/7\/2021\/04\/visionxeurope.png","contentUrl":"https:\/\/www.visionxeurope.com\/se\/wp-content\/uploads\/sites\/7\/2021\/04\/visionxeurope.png","width":300,"height":110,"caption":"Vision X Europe"},"image":{"@id":"https:\/\/www.visionxeurope.com\/se\/#\/schema\/logo\/image\/"},"sameAs":["https:\/\/www.facebook.com\/visionxeurope","https:\/\/www.instagram.com\/visionxeurope\/"]}]},"product_price_amount":"25863.00","product_price_currency":"SEK","og_availability":"out of stock","product_availability":"out of stock","product_retailer_item_id":"MIL-PMX9025.NB","product_condition":"new"},"_links":{"self":[{"href":"https:\/\/www.visionxeurope.com\/se\/wp-json\/wp\/v2\/product\/13172","targetHints":{"allow":["GET"]}}],"collection":[{"href":"https:\/\/www.visionxeurope.com\/se\/wp-json\/wp\/v2\/product"}],"about":[{"href":"https:\/\/www.visionxeurope.com\/se\/wp-json\/wp\/v2\/types\/product"}],"replies":[{"embeddable":true,"href":"https:\/\/www.visionxeurope.com\/se\/wp-json\/wp\/v2\/comments?post=13172"}],"wp:featuredmedia":[{"embeddable":true,"href":"https:\/\/www.visionxeurope.com\/se\/wp-json\/wp\/v2\/media\/14416"}],"wp:attachment":[{"href":"https:\/\/www.visionxeurope.com\/se\/wp-json\/wp\/v2\/media?parent=13172"}],"wp:term":[{"taxonomy":"product_brand","embeddable":true,"href":"https:\/\/www.visionxeurope.com\/se\/wp-json\/wp\/v2\/product_brand?post=13172"},{"taxonomy":"product_cat","embeddable":true,"href":"https:\/\/www.visionxeurope.com\/se\/wp-json\/wp\/v2\/product_cat?post=13172"},{"taxonomy":"product_tag","embeddable":true,"href":"https:\/\/www.visionxeurope.com\/se\/wp-json\/wp\/v2\/product_tag?post=13172"}],"curies":[{"name":"wp","href":"https:\/\/api.w.org\/{rel}","templated":true}]}}