{"id":13161,"date":"2020-02-28T09:55:05","date_gmt":"2020-02-28T08:55:05","guid":{"rendered":"https:\/\/www.visionxeurope.com\/se\/produkt\/vision-x-pit-master-prime-30-150w-10-24v\/"},"modified":"2026-01-08T15:21:47","modified_gmt":"2026-01-08T14:21:47","slug":"vision-x-pit-master-prime-30-150w-10-24v","status":"publish","type":"product","link":"https:\/\/www.visionxeurope.com\/se\/webbutik\/vision-x-pit-master-prime-30-150w-10-24v\/","title":{"rendered":"VISION X PIT MASTER PRIME 30 150W 10\u00b0 24V"},"content":{"rendered":"<p><\/p>\n<p>Vision X Pit Master, den ultimata lampan att anv\u00e4nda p\u00e5 arbetsplatsen, olycksplatsen eller omr\u00e5det som beh\u00f6ver lysas upp. Pit Master finns i fem olika ljusbilder f\u00f6r att passa varje unik applikation: 10\u00b0, 25\u00b0, 40\u00b0, 60\u00b0, 30\u00b0\/65\u00b0.<\/p>\n<p><\/p>\n<p><\/p>\n<p>Pit Master ger otroliga 15 840 lumen och har den h\u00f6geffektiva och intensiva 5W dioden. Ljuset ligger i samma f\u00e4rgtemperatur som dagsljus vilket \u00f6gat \u00e4r optimerat f\u00f6r.<\/p>\n<p><\/p>\n<p><\/p>\n<p>Med IP-68 klassning och vibrationsklass 15.6G rms g\u00f6r Pit Master det m\u00f6jligt att monteras p\u00e5 fordon, b\u00e5tar eller som fast installation p\u00e5 utsatta st\u00e4llen.<\/p>\n<p><\/p>\n<p><\/p>\n<p>Pit Master har naturligtsvis de nya teknikerna Electronic Thermal Management och Prime Drive inbbygt. Prime Drive m\u00f6jligg\u00f6r att dioden drivs till 90 % av full effekt med en livsl\u00e4ngd p\u00e5 50 000 timmar.<\/p>\n<p><\/p>\n<p><\/p>\n<p>Electronic Thermal Management (ETM) sitter integrerat i lampan och \u00f6vervakar v\u00e4rmeutvecklingen p\u00e5 dioderna f\u00f6r att bibeh\u00e5lla intensiteten i dioden och f\u00f6r att undvika missf\u00e4rgningar mm. som uppst\u00e5r om v\u00e4rmen blir f\u00f6r h\u00f6g.<\/p>\n<p><\/p>\n<p><\/p>\n<p>All belysning med Prime Drive enkelt kopplas p\u00e5 en dimmer som justerar lampans ljusfl\u00f6de. Dimmer finns som tillbeh\u00f6r i Vision X sortimentet.<\/p>\n<p><\/p>\n<p><\/p>\n<p><strong>Data:<\/strong><br \/>Lamphus: 6061 aluminium<br \/>F\u00e4ste: 360\u00b0 graders justering \u00e4r inbyggt i f\u00e4stet<br \/>Enkel installation med endast + &amp; &#8211; kabel<br \/>Kablage: Plug &amp; play kablage (Deutsch kontakter)<br \/>Sp\u00e4nning: 11-65V<br \/>T\u00e5l h\u00e5rda p\u00e5frestningar fr\u00e5n v\u00e4der och vind<br \/>Str\u00f6mf\u00f6rbrukning: 6.25 Amp vid 24V<br \/>IP klass: IP68<br \/>Vibrations klass: 15.6G rms<br \/>Livsl\u00e4ngd dioder: 50 000 timmar<br \/>Drivning dioder: 90 % av full effekt<br \/>Lins: Okrossbar polykarbonat<br \/>Optisk renhet: 90 %<br \/>L\u00e4ngd: 297mm<br \/>H\u00f6jd: 190mm (inkl. monteringsf\u00e4ste)<br \/>Djup: 125.5mm (inkl. f\u00e4ste)<br \/>Vikt: 5.6kg<br \/>Watt: 150<br \/>LED: 30st. x 5W<br \/>R\u00e5a lumen: 15 840<br \/>Effektiva lumen: 11 100<br \/>Ljusbild: 10\u00b0 Spot (Finns \u00e4ven som 25\u00b0, 40\u00b0, 60\u00b0, 30\u00b0\/65\u00b0)<\/p>\n<p><\/p>","protected":false},"excerpt":{"rendered":"<p>Vision X Pit Master, den ultimata lampan att anv\u00e4nda p\u00e5 arbetsplatsen, olycksplatsen eller omr\u00e5det som beh\u00f6ver lysas upp. Pit Master finns i fem olika ljusbilder f\u00f6r att passa varje unik applikation: 10\u00b0, 25\u00b0, 40\u00b0, 60\u00b0, 30\u00b0\/65\u00b0.<\/p>\n<p>Pit Master ger otroliga 15 840 lumen och har den h\u00f6geffektiva och intensiva 5W dioden. Ljuset ligger i samma f\u00e4rgtemperatur som dagsljus vilket \u00f6gat \u00e4r optimerat f\u00f6r.<\/p>\n<p>Med IP-68 klassning och vibrationsklass 15.6G rms g\u00f6r Pit Master det m\u00f6jligt att monteras p\u00e5 fordon, b\u00e5tar eller som fast installation p\u00e5 utsatta st\u00e4llen.<\/p>\n<p>Pit Master har naturligtsvis de nya teknikerna Electronic Thermal Management och Prime Drive inbbygt. Prime Drive m\u00f6jligg\u00f6r att dioden drivs till 90 % av full effekt med en livsl\u00e4ngd p\u00e5 50 000 timmar.<\/p>\n<p>Electronic Thermal Management (ETM) sitter integrerat i lampan och \u00f6vervakar v\u00e4rmeutvecklingen p\u00e5 dioderna f\u00f6r att bibeh\u00e5lla intensiteten i dioden och f\u00f6r att undvika missf\u00e4rgningar mm. som uppst\u00e5r om v\u00e4rmen blir f\u00f6r h\u00f6g.<\/p>\n<p>All belysning med Prime Drive enkelt kopplas p\u00e5 en dimmer som justerar lampans ljusfl\u00f6de. Dimmer finns som tillbeh\u00f6r i Vision X sortimentet.<\/p>\n<p><strong>Data:<\/strong><br \/>Lamphus: 6061 aluminium<br \/>F\u00e4ste: 360\u00b0 graders justering \u00e4r inbyggt i f\u00e4stet<br \/>Enkel installation med endast + &amp; &#8211; kabel<br \/>Kablage: Plug &amp; play kablage (Deutsch kontakter)<br \/>Sp\u00e4nning: 11-65V<br \/>T\u00e5l h\u00e5rda p\u00e5frestningar fr\u00e5n v\u00e4der och vind<br \/>Str\u00f6mf\u00f6rbrukning: 6.25 Amp vid 24V<br \/>IP klass: IP68<br \/>Vibrations klass: 15.6G rms<br \/>Livsl\u00e4ngd dioder: 50 000 timmar<br \/>Drivning dioder: 90 % av full effekt<br \/>Lins: Okrossbar polykarbonat<br \/>Optisk renhet: 90 %<br \/>L\u00e4ngd: 297mm<br \/>H\u00f6jd: 190mm (inkl. monteringsf\u00e4ste)<br \/>Djup: 125.5mm (inkl. f\u00e4ste)<br \/>Vikt: 5.6kg<br \/>Watt: 150<br \/>LED: 30st. x 5W<br \/>R\u00e5a lumen: 15 840<br \/>Effektiva lumen: 11 100<br \/>Ljusbild: 10\u00b0 Spot (Finns \u00e4ven som 25\u00b0, 40\u00b0, 60\u00b0, 30\u00b0\/65\u00b0)<\/p>\n","protected":false},"featured_media":14334,"comment_status":"open","ping_status":"open","template":"","meta":{"editor_notices":[]},"product_brand":[],"product_cat":[53],"product_tag":[],"class_list":{"0":"post-13161","1":"product","2":"type-product","3":"status-publish","4":"has-post-thumbnail","6":"product_cat-pit-master","7":"resize-featured-image","8":"","9":"woocommerce-text-align-left","10":"woocommerce-image-align-center","12":"first","13":"instock","14":"taxable","15":"shipping-taxable","16":"product-type-simple"},"yoast_head":"<!-- This site is optimized with the Yoast SEO Premium plugin v25.0 (Yoast SEO v25.0) - https:\/\/yoast.com\/wordpress\/plugins\/seo\/ -->\n<title>VISION X PIT MASTER PRIME 30 150W 10\u00b0 24V - Vision X Europe<\/title>\n<meta name=\"robots\" content=\"index, follow, max-snippet:-1, max-image-preview:large, max-video-preview:-1\" \/>\n<link rel=\"canonical\" href=\"https:\/\/www.visionxeurope.com\/se\/webbutik\/vision-x-pit-master-prime-30-150w-10-24v\/\" \/>\n<meta property=\"og:locale\" content=\"sv_SE\" \/>\n<meta property=\"og:type\" content=\"article\" \/>\n<meta property=\"og:title\" content=\"VISION X PIT MASTER PRIME 30 150W 10\u00b0 24V\" \/>\n<meta property=\"og:description\" content=\"Vision X Pit Master, den ultimata lampan att anv\u00e4nda p\u00e5 arbetsplatsen, olycksplatsen eller omr\u00e5det som beh\u00f6ver lysas upp. Pit Master finns i fem olika ljusbilder f\u00f6r att passa varje unik applikation: 10\u00b0, 25\u00b0, 40\u00b0, 60\u00b0, 30\u00b0\/65\u00b0. Pit Master ger otroliga 15 840 lumen och har den h\u00f6geffektiva och intensiva 5W dioden. Ljuset ligger i samma f\u00e4rgtemperatur som dagsljus vilket \u00f6gat \u00e4r optimerat f\u00f6r. Med IP-68 klassning och vibrationsklass 15.6G rms g\u00f6r Pit Master det m\u00f6jligt att monteras p\u00e5 fordon, b\u00e5tar eller som fast installation p\u00e5 utsatta st\u00e4llen. Pit Master har naturligtsvis de nya teknikerna Electronic Thermal Management och Prime Drive inbbygt. Prime Drive m\u00f6jligg\u00f6r att dioden drivs till 90 % av full effekt med en livsl\u00e4ngd p\u00e5 50 000 timmar. Electronic Thermal Management (ETM) sitter integrerat i lampan och \u00f6vervakar v\u00e4rmeutvecklingen p\u00e5 dioderna f\u00f6r att bibeh\u00e5lla intensiteten i dioden och f\u00f6r att undvika missf\u00e4rgningar mm. som uppst\u00e5r om v\u00e4rmen blir f\u00f6r h\u00f6g. All belysning med Prime Drive enkelt kopplas p\u00e5 en dimmer som justerar lampans ljusfl\u00f6de. Dimmer finns som tillbeh\u00f6r i Vision X sortimentet. Data:Lamphus: 6061 aluminiumF\u00e4ste: 360\u00b0 graders justering \u00e4r inbyggt i f\u00e4stetEnkel installation med endast + &amp; &#8211; kabelKablage: Plug &amp; play kablage (Deutsch kontakter)Sp\u00e4nning: 11-65VT\u00e5l h\u00e5rda p\u00e5frestningar fr\u00e5n v\u00e4der och vindStr\u00f6mf\u00f6rbrukning: 6.25 Amp vid 24VIP klass: IP68Vibrations klass: 15.6G rmsLivsl\u00e4ngd dioder: 50 000 timmarDrivning dioder: 90 % av full effektLins: Okrossbar polykarbonatOptisk renhet: 90 %L\u00e4ngd: 297mmH\u00f6jd: 190mm (inkl. monteringsf\u00e4ste)Djup: 125.5mm (inkl. f\u00e4ste)Vikt: 5.6kgWatt: 150LED: 30st. x 5WR\u00e5a lumen: 15 840Effektiva lumen: 11 100Ljusbild: 10\u00b0 Spot (Finns \u00e4ven som 25\u00b0, 40\u00b0, 60\u00b0, 30\u00b0\/65\u00b0)\" \/>\n<meta property=\"og:url\" content=\"https:\/\/www.visionxeurope.com\/se\/webbutik\/vision-x-pit-master-prime-30-150w-10-24v\/\" \/>\n<meta property=\"og:site_name\" content=\"Vision X Europe\" \/>\n<meta property=\"article:publisher\" content=\"https:\/\/www.facebook.com\/visionxeurope\" \/>\n<meta property=\"article:modified_time\" content=\"2026-01-08T14:21:47+00:00\" \/>\n<meta property=\"og:image\" content=\"https:\/\/www.rindab.se\/wp-content\/uploads\/sites\/7\/2022\/04\/MIL-PMX3060.jpg\" \/>\n\t<meta property=\"og:image:width\" content=\"600\" \/>\n\t<meta property=\"og:image:height\" content=\"600\" \/>\n\t<meta property=\"og:image:type\" content=\"image\/jpeg\" \/>\n<meta name=\"twitter:card\" content=\"summary_large_image\" \/>\n<meta name=\"twitter:label1\" content=\"Pris\" \/>\n\t<meta name=\"twitter:data1\" content=\"9 692,00&nbsp;&#107;&#114; exkl. moms\" \/>\n\t<meta name=\"twitter:label2\" content=\"Tillg\u00e4nglig\" \/>\n\t<meta name=\"twitter:data2\" content=\"I lager\" \/>\n<script type=\"application\/ld+json\" class=\"yoast-schema-graph\">{\"@context\":\"https:\/\/schema.org\",\"@graph\":[{\"@type\":\"WebPage\",\"@id\":\"https:\/\/www.visionxeurope.com\/se\/webbutik\/vision-x-pit-master-prime-30-150w-10-24v\/\",\"url\":\"https:\/\/www.visionxeurope.com\/se\/webbutik\/vision-x-pit-master-prime-30-150w-10-24v\/\",\"name\":\"VISION X PIT MASTER PRIME 30 150W 10\u00b0 24V - Vision X Europe\",\"isPartOf\":{\"@id\":\"https:\/\/www.visionxeurope.com\/se\/#website\"},\"primaryImageOfPage\":{\"@id\":\"https:\/\/www.visionxeurope.com\/se\/webbutik\/vision-x-pit-master-prime-30-150w-10-24v\/#primaryimage\"},\"image\":{\"@id\":\"https:\/\/www.visionxeurope.com\/se\/webbutik\/vision-x-pit-master-prime-30-150w-10-24v\/#primaryimage\"},\"thumbnailUrl\":\"https:\/\/www.visionxeurope.com\/se\/wp-content\/uploads\/sites\/7\/2022\/04\/MIL-PMX3060.jpg\",\"datePublished\":\"2020-02-28T08:55:05+00:00\",\"dateModified\":\"2026-01-08T14:21:47+00:00\",\"breadcrumb\":{\"@id\":\"https:\/\/www.visionxeurope.com\/se\/webbutik\/vision-x-pit-master-prime-30-150w-10-24v\/#breadcrumb\"},\"inLanguage\":\"sv-SE\",\"potentialAction\":[{\"@type\":\"ReadAction\",\"target\":[\"https:\/\/www.visionxeurope.com\/se\/webbutik\/vision-x-pit-master-prime-30-150w-10-24v\/\"]}]},{\"@type\":\"ImageObject\",\"inLanguage\":\"sv-SE\",\"@id\":\"https:\/\/www.visionxeurope.com\/se\/webbutik\/vision-x-pit-master-prime-30-150w-10-24v\/#primaryimage\",\"url\":\"https:\/\/www.visionxeurope.com\/se\/wp-content\/uploads\/sites\/7\/2022\/04\/MIL-PMX3060.jpg\",\"contentUrl\":\"https:\/\/www.visionxeurope.com\/se\/wp-content\/uploads\/sites\/7\/2022\/04\/MIL-PMX3060.jpg\",\"width\":600,\"height\":600},{\"@type\":\"BreadcrumbList\",\"@id\":\"https:\/\/www.visionxeurope.com\/se\/webbutik\/vision-x-pit-master-prime-30-150w-10-24v\/#breadcrumb\",\"itemListElement\":[{\"@type\":\"ListItem\",\"position\":1,\"name\":\"Hem\",\"item\":\"https:\/\/www.visionxeurope.com\/se\/\"},{\"@type\":\"ListItem\",\"position\":2,\"name\":\"Webbutik\",\"item\":\"https:\/\/www.visionxeurope.com\/se\/webbutik\/\"},{\"@type\":\"ListItem\",\"position\":3,\"name\":\"VISION X PIT MASTER PRIME 30 150W 10\u00b0 24V\"}]},{\"@type\":\"WebSite\",\"@id\":\"https:\/\/www.visionxeurope.com\/se\/#website\",\"url\":\"https:\/\/www.visionxeurope.com\/se\/\",\"name\":\"Vision X Europe\",\"description\":\"\",\"publisher\":{\"@id\":\"https:\/\/www.visionxeurope.com\/se\/#organization\"},\"potentialAction\":[{\"@type\":\"SearchAction\",\"target\":{\"@type\":\"EntryPoint\",\"urlTemplate\":\"https:\/\/www.visionxeurope.com\/se\/?s={search_term_string}\"},\"query-input\":{\"@type\":\"PropertyValueSpecification\",\"valueRequired\":true,\"valueName\":\"search_term_string\"}}],\"inLanguage\":\"sv-SE\"},{\"@type\":\"Organization\",\"@id\":\"https:\/\/www.visionxeurope.com\/se\/#organization\",\"name\":\"Vision X Europe\",\"url\":\"https:\/\/www.visionxeurope.com\/se\/\",\"logo\":{\"@type\":\"ImageObject\",\"inLanguage\":\"sv-SE\",\"@id\":\"https:\/\/www.visionxeurope.com\/se\/#\/schema\/logo\/image\/\",\"url\":\"https:\/\/www.visionxeurope.com\/se\/wp-content\/uploads\/sites\/7\/2021\/04\/visionxeurope.png\",\"contentUrl\":\"https:\/\/www.visionxeurope.com\/se\/wp-content\/uploads\/sites\/7\/2021\/04\/visionxeurope.png\",\"width\":300,\"height\":110,\"caption\":\"Vision X Europe\"},\"image\":{\"@id\":\"https:\/\/www.visionxeurope.com\/se\/#\/schema\/logo\/image\/\"},\"sameAs\":[\"https:\/\/www.facebook.com\/visionxeurope\",\"https:\/\/www.instagram.com\/visionxeurope\/\"]}]}<\/script>\n<meta property=\"product:price:amount\" content=\"9692.00\" \/>\n<meta property=\"product:price:currency\" content=\"SEK\" \/>\n<meta property=\"og:availability\" content=\"instock\" \/>\n<meta property=\"product:availability\" content=\"instock\" \/>\n<meta property=\"product:retailer_item_id\" content=\"MIL-PMX3010.24\" \/>\n<meta property=\"product:condition\" content=\"new\" \/>\n<!-- \/ Yoast SEO Premium plugin. -->","yoast_head_json":{"title":"VISION X PIT MASTER PRIME 30 150W 10\u00b0 24V - Vision X Europe","robots":{"index":"index","follow":"follow","max-snippet":"max-snippet:-1","max-image-preview":"max-image-preview:large","max-video-preview":"max-video-preview:-1"},"canonical":"https:\/\/www.visionxeurope.com\/se\/webbutik\/vision-x-pit-master-prime-30-150w-10-24v\/","og_locale":"sv_SE","og_type":"article","og_title":"VISION X PIT MASTER PRIME 30 150W 10\u00b0 24V","og_description":"Vision X Pit Master, den ultimata lampan att anv\u00e4nda p\u00e5 arbetsplatsen, olycksplatsen eller omr\u00e5det som beh\u00f6ver lysas upp. Pit Master finns i fem olika ljusbilder f\u00f6r att passa varje unik applikation: 10\u00b0, 25\u00b0, 40\u00b0, 60\u00b0, 30\u00b0\/65\u00b0. Pit Master ger otroliga 15 840 lumen och har den h\u00f6geffektiva och intensiva 5W dioden. Ljuset ligger i samma f\u00e4rgtemperatur som dagsljus vilket \u00f6gat \u00e4r optimerat f\u00f6r. Med IP-68 klassning och vibrationsklass 15.6G rms g\u00f6r Pit Master det m\u00f6jligt att monteras p\u00e5 fordon, b\u00e5tar eller som fast installation p\u00e5 utsatta st\u00e4llen. Pit Master har naturligtsvis de nya teknikerna Electronic Thermal Management och Prime Drive inbbygt. Prime Drive m\u00f6jligg\u00f6r att dioden drivs till 90 % av full effekt med en livsl\u00e4ngd p\u00e5 50 000 timmar. Electronic Thermal Management (ETM) sitter integrerat i lampan och \u00f6vervakar v\u00e4rmeutvecklingen p\u00e5 dioderna f\u00f6r att bibeh\u00e5lla intensiteten i dioden och f\u00f6r att undvika missf\u00e4rgningar mm. som uppst\u00e5r om v\u00e4rmen blir f\u00f6r h\u00f6g. All belysning med Prime Drive enkelt kopplas p\u00e5 en dimmer som justerar lampans ljusfl\u00f6de. Dimmer finns som tillbeh\u00f6r i Vision X sortimentet. Data:Lamphus: 6061 aluminiumF\u00e4ste: 360\u00b0 graders justering \u00e4r inbyggt i f\u00e4stetEnkel installation med endast + &amp; &#8211; kabelKablage: Plug &amp; play kablage (Deutsch kontakter)Sp\u00e4nning: 11-65VT\u00e5l h\u00e5rda p\u00e5frestningar fr\u00e5n v\u00e4der och vindStr\u00f6mf\u00f6rbrukning: 6.25 Amp vid 24VIP klass: IP68Vibrations klass: 15.6G rmsLivsl\u00e4ngd dioder: 50 000 timmarDrivning dioder: 90 % av full effektLins: Okrossbar polykarbonatOptisk renhet: 90 %L\u00e4ngd: 297mmH\u00f6jd: 190mm (inkl. monteringsf\u00e4ste)Djup: 125.5mm (inkl. f\u00e4ste)Vikt: 5.6kgWatt: 150LED: 30st. x 5WR\u00e5a lumen: 15 840Effektiva lumen: 11 100Ljusbild: 10\u00b0 Spot (Finns \u00e4ven som 25\u00b0, 40\u00b0, 60\u00b0, 30\u00b0\/65\u00b0)","og_url":"https:\/\/www.visionxeurope.com\/se\/webbutik\/vision-x-pit-master-prime-30-150w-10-24v\/","og_site_name":"Vision X Europe","article_publisher":"https:\/\/www.facebook.com\/visionxeurope","article_modified_time":"2026-01-08T14:21:47+00:00","og_image":[{"width":600,"height":600,"url":"https:\/\/www.rindab.se\/wp-content\/uploads\/sites\/7\/2022\/04\/MIL-PMX3060.jpg","type":"image\/jpeg"}],"twitter_card":"summary_large_image","twitter_misc":{"Pris":"9 692,00&nbsp;&#107;&#114; exkl. moms","Tillg\u00e4nglig":"I lager"},"schema":{"@context":"https:\/\/schema.org","@graph":[{"@type":"WebPage","@id":"https:\/\/www.visionxeurope.com\/se\/webbutik\/vision-x-pit-master-prime-30-150w-10-24v\/","url":"https:\/\/www.visionxeurope.com\/se\/webbutik\/vision-x-pit-master-prime-30-150w-10-24v\/","name":"VISION X PIT MASTER PRIME 30 150W 10\u00b0 24V - Vision X Europe","isPartOf":{"@id":"https:\/\/www.visionxeurope.com\/se\/#website"},"primaryImageOfPage":{"@id":"https:\/\/www.visionxeurope.com\/se\/webbutik\/vision-x-pit-master-prime-30-150w-10-24v\/#primaryimage"},"image":{"@id":"https:\/\/www.visionxeurope.com\/se\/webbutik\/vision-x-pit-master-prime-30-150w-10-24v\/#primaryimage"},"thumbnailUrl":"https:\/\/www.visionxeurope.com\/se\/wp-content\/uploads\/sites\/7\/2022\/04\/MIL-PMX3060.jpg","datePublished":"2020-02-28T08:55:05+00:00","dateModified":"2026-01-08T14:21:47+00:00","breadcrumb":{"@id":"https:\/\/www.visionxeurope.com\/se\/webbutik\/vision-x-pit-master-prime-30-150w-10-24v\/#breadcrumb"},"inLanguage":"sv-SE","potentialAction":[{"@type":"ReadAction","target":["https:\/\/www.visionxeurope.com\/se\/webbutik\/vision-x-pit-master-prime-30-150w-10-24v\/"]}]},{"@type":"ImageObject","inLanguage":"sv-SE","@id":"https:\/\/www.visionxeurope.com\/se\/webbutik\/vision-x-pit-master-prime-30-150w-10-24v\/#primaryimage","url":"https:\/\/www.visionxeurope.com\/se\/wp-content\/uploads\/sites\/7\/2022\/04\/MIL-PMX3060.jpg","contentUrl":"https:\/\/www.visionxeurope.com\/se\/wp-content\/uploads\/sites\/7\/2022\/04\/MIL-PMX3060.jpg","width":600,"height":600},{"@type":"BreadcrumbList","@id":"https:\/\/www.visionxeurope.com\/se\/webbutik\/vision-x-pit-master-prime-30-150w-10-24v\/#breadcrumb","itemListElement":[{"@type":"ListItem","position":1,"name":"Hem","item":"https:\/\/www.visionxeurope.com\/se\/"},{"@type":"ListItem","position":2,"name":"Webbutik","item":"https:\/\/www.visionxeurope.com\/se\/webbutik\/"},{"@type":"ListItem","position":3,"name":"VISION X PIT MASTER PRIME 30 150W 10\u00b0 24V"}]},{"@type":"WebSite","@id":"https:\/\/www.visionxeurope.com\/se\/#website","url":"https:\/\/www.visionxeurope.com\/se\/","name":"Vision X Europe","description":"","publisher":{"@id":"https:\/\/www.visionxeurope.com\/se\/#organization"},"potentialAction":[{"@type":"SearchAction","target":{"@type":"EntryPoint","urlTemplate":"https:\/\/www.visionxeurope.com\/se\/?s={search_term_string}"},"query-input":{"@type":"PropertyValueSpecification","valueRequired":true,"valueName":"search_term_string"}}],"inLanguage":"sv-SE"},{"@type":"Organization","@id":"https:\/\/www.visionxeurope.com\/se\/#organization","name":"Vision X Europe","url":"https:\/\/www.visionxeurope.com\/se\/","logo":{"@type":"ImageObject","inLanguage":"sv-SE","@id":"https:\/\/www.visionxeurope.com\/se\/#\/schema\/logo\/image\/","url":"https:\/\/www.visionxeurope.com\/se\/wp-content\/uploads\/sites\/7\/2021\/04\/visionxeurope.png","contentUrl":"https:\/\/www.visionxeurope.com\/se\/wp-content\/uploads\/sites\/7\/2021\/04\/visionxeurope.png","width":300,"height":110,"caption":"Vision X Europe"},"image":{"@id":"https:\/\/www.visionxeurope.com\/se\/#\/schema\/logo\/image\/"},"sameAs":["https:\/\/www.facebook.com\/visionxeurope","https:\/\/www.instagram.com\/visionxeurope\/"]}]},"product_price_amount":"9692.00","product_price_currency":"SEK","og_availability":"instock","product_availability":"instock","product_retailer_item_id":"MIL-PMX3010.24","product_condition":"new"},"_links":{"self":[{"href":"https:\/\/www.visionxeurope.com\/se\/wp-json\/wp\/v2\/product\/13161","targetHints":{"allow":["GET"]}}],"collection":[{"href":"https:\/\/www.visionxeurope.com\/se\/wp-json\/wp\/v2\/product"}],"about":[{"href":"https:\/\/www.visionxeurope.com\/se\/wp-json\/wp\/v2\/types\/product"}],"replies":[{"embeddable":true,"href":"https:\/\/www.visionxeurope.com\/se\/wp-json\/wp\/v2\/comments?post=13161"}],"wp:featuredmedia":[{"embeddable":true,"href":"https:\/\/www.visionxeurope.com\/se\/wp-json\/wp\/v2\/media\/14334"}],"wp:attachment":[{"href":"https:\/\/www.visionxeurope.com\/se\/wp-json\/wp\/v2\/media?parent=13161"}],"wp:term":[{"taxonomy":"product_brand","embeddable":true,"href":"https:\/\/www.visionxeurope.com\/se\/wp-json\/wp\/v2\/product_brand?post=13161"},{"taxonomy":"product_cat","embeddable":true,"href":"https:\/\/www.visionxeurope.com\/se\/wp-json\/wp\/v2\/product_cat?post=13161"},{"taxonomy":"product_tag","embeddable":true,"href":"https:\/\/www.visionxeurope.com\/se\/wp-json\/wp\/v2\/product_tag?post=13161"}],"curies":[{"name":"wp","href":"https:\/\/api.w.org\/{rel}","templated":true}]}}