{"id":13156,"date":"2015-05-06T14:09:22","date_gmt":"2015-05-06T12:09:22","guid":{"rendered":"https:\/\/www.visionxeurope.com\/se\/produkt\/vision-x-id-skylt-led-2-siffrig-orange\/"},"modified":"2026-01-08T15:16:53","modified_gmt":"2026-01-08T14:16:53","slug":"vision-x-id-skylt-led-2-siffrig-orange","status":"publish","type":"product","link":"https:\/\/www.visionxeurope.com\/se\/webbutik\/vision-x-id-skylt-led-2-siffrig-orange\/","title":{"rendered":"VISION X ID SKYLT LED 2 SIFFRIG ORANGE"},"content":{"rendered":"<p><\/p>\n<p>Har man behov av att p\u00e5 l\u00e5ngt h\u00e5ll kunna identifiera fordon s\u00e5 \u00e4r Vision X vehicle ID board l\u00f6sningen som syns!<\/p>\n<p><\/p>\n<p><\/p>\n<p>ID board finns i fyra olika versioner, antingen med tv\u00e5 eller tre siffror samt ocks\u00e5 i r\u00f6tt eller orange.<\/p>\n<p><\/p>\n<p><\/p>\n<p>Det unika med ID board \u00e4r att det \u00e4r LED som drar ytterst lite str\u00f6m men ocks\u00e5 enkelheten f\u00f6r att \u00e4ndra siffrorna.<\/p>\n<p><\/p>\n<p><\/p>\n<p>Man drar en magnet \u00f6ver siffran man vill \u00e4ndra. F\u00f6r varje g\u00e5ng man drar magneten \u00f6ver siffran s\u00e5 r\u00e4knar ID board upp siffran fr\u00e5n noll till nio.<\/p>\n<p><\/p>\n<p><\/p>\n<p>Vision X ID board har 195 dioder per siffra och h\u00e5ller en s\u00e5 pass h\u00f6g styrka i ljuset att skylten enkelt kan ses p\u00e5 l\u00e5nga avst\u00e5nd \u00e4ven i d\u00e5ligt v\u00e4der och dimma. Med IP-67 klassning t\u00e5l den att sitta monterad utomhus och p\u00e5 fordon i tuffa milj\u00f6er. ID board \u00e4r designad f\u00f6r att anv\u00e4ndas 24 timmar om dygnet.<\/p>\n<p><\/p>\n<p><\/p>\n<p>ID Board monteras med f\u00f6rdel p\u00e5 gruvmaskiner, lastbilar, hus, b\u00e5tar, gr\u00e4vmaskiner, lyftkranar m.m.<\/p>\n<p><\/p>\n<p><\/p>\n<p><strong>Data:<\/strong><br \/>F\u00e4rg: Orange<br \/>Watt: 78<br \/>Sp\u00e4nning: 9-32V<br \/>Str\u00f6mf\u00f6rbrukning: 6.55A vid 12V<br \/>L\u00e4ngd: 47 cm<br \/>H\u00f6jd: 44 cm<br \/>Djup: 3.6 cm<\/p>\n<p><\/p>","protected":false},"excerpt":{"rendered":"<p><span>Har man behov av att p\u00e5 l\u00e5ngt h\u00e5ll kunna identifiera fordon s\u00e5 \u00e4r Vision X vehicle ID board l\u00f6sningen som syns!<\/span><\/p>\n<p><span>ID board finns i fyra olika versioner, antingen med tv\u00e5 eller tre siffror samt ocks\u00e5 i r\u00f6tt eller orange.<\/span><\/p>\n<p><strong>Data:<\/strong><br \/><span>F\u00e4rg: Orange<br \/>Watt: 78<br \/>Sp\u00e4nning: 9-32V<br \/>Str\u00f6mf\u00f6rbrukning: 6.5A vid 12V<br \/>L\u00e4ngd: 47 cm<br \/>H\u00f6jd: 44 cm<br \/>Djup: 3.6 cm<br \/><\/span><\/p>\n","protected":false},"featured_media":14317,"comment_status":"open","ping_status":"open","template":"","meta":{"editor_notices":[]},"product_brand":[],"product_cat":[52],"product_tag":[],"class_list":{"0":"post-13156","1":"product","2":"type-product","3":"status-publish","4":"has-post-thumbnail","6":"product_cat-id-skyltar","7":"resize-featured-image","8":"","9":"woocommerce-text-align-left","10":"woocommerce-image-align-center","12":"first","13":"instock","14":"taxable","15":"shipping-taxable","16":"product-type-simple"},"yoast_head":"<!-- This site is optimized with the Yoast SEO Premium plugin v25.0 (Yoast SEO v25.0) - https:\/\/yoast.com\/wordpress\/plugins\/seo\/ -->\n<title>VISION X ID SKYLT LED 2 SIFFRIG ORANGE - Vision X Europe<\/title>\n<meta name=\"robots\" content=\"index, follow, max-snippet:-1, max-image-preview:large, max-video-preview:-1\" \/>\n<link rel=\"canonical\" href=\"https:\/\/www.visionxeurope.com\/se\/webbutik\/vision-x-id-skylt-led-2-siffrig-orange\/\" \/>\n<meta property=\"og:locale\" content=\"sv_SE\" \/>\n<meta property=\"og:type\" content=\"article\" \/>\n<meta property=\"og:title\" content=\"VISION X ID SKYLT LED 2 SIFFRIG ORANGE\" \/>\n<meta property=\"og:description\" content=\"Har man behov av att p\u00e5 l\u00e5ngt h\u00e5ll kunna identifiera fordon s\u00e5 \u00e4r Vision X vehicle ID board l\u00f6sningen som syns! ID board finns i fyra olika versioner, antingen med tv\u00e5 eller tre siffror samt ocks\u00e5 i r\u00f6tt eller orange. Data:F\u00e4rg: OrangeWatt: 78Sp\u00e4nning: 9-32VStr\u00f6mf\u00f6rbrukning: 6.5A vid 12VL\u00e4ngd: 47 cmH\u00f6jd: 44 cmDjup: 3.6 cm\" \/>\n<meta property=\"og:url\" content=\"https:\/\/www.visionxeurope.com\/se\/webbutik\/vision-x-id-skylt-led-2-siffrig-orange\/\" \/>\n<meta property=\"og:site_name\" content=\"Vision X Europe\" \/>\n<meta property=\"article:publisher\" content=\"https:\/\/www.facebook.com\/visionxeurope\" \/>\n<meta property=\"article:modified_time\" content=\"2026-01-08T14:16:53+00:00\" \/>\n<meta property=\"og:image\" content=\"https:\/\/www.rindab.se\/wp-content\/uploads\/sites\/7\/2022\/04\/MIL-ID02A.jpg\" \/>\n\t<meta property=\"og:image:width\" content=\"450\" \/>\n\t<meta property=\"og:image:height\" content=\"450\" \/>\n\t<meta property=\"og:image:type\" content=\"image\/jpeg\" \/>\n<meta name=\"twitter:card\" content=\"summary_large_image\" \/>\n<meta name=\"twitter:label1\" content=\"Pris\" \/>\n\t<meta name=\"twitter:data1\" content=\"12 413,00&nbsp;&#107;&#114; exkl. moms\" \/>\n\t<meta name=\"twitter:label2\" content=\"Tillg\u00e4nglig\" \/>\n\t<meta name=\"twitter:data2\" content=\"I lager\" \/>\n<script type=\"application\/ld+json\" class=\"yoast-schema-graph\">{\"@context\":\"https:\/\/schema.org\",\"@graph\":[{\"@type\":\"WebPage\",\"@id\":\"https:\/\/www.visionxeurope.com\/se\/webbutik\/vision-x-id-skylt-led-2-siffrig-orange\/\",\"url\":\"https:\/\/www.visionxeurope.com\/se\/webbutik\/vision-x-id-skylt-led-2-siffrig-orange\/\",\"name\":\"VISION X ID SKYLT LED 2 SIFFRIG ORANGE - Vision X Europe\",\"isPartOf\":{\"@id\":\"https:\/\/www.visionxeurope.com\/se\/#website\"},\"primaryImageOfPage\":{\"@id\":\"https:\/\/www.visionxeurope.com\/se\/webbutik\/vision-x-id-skylt-led-2-siffrig-orange\/#primaryimage\"},\"image\":{\"@id\":\"https:\/\/www.visionxeurope.com\/se\/webbutik\/vision-x-id-skylt-led-2-siffrig-orange\/#primaryimage\"},\"thumbnailUrl\":\"https:\/\/www.visionxeurope.com\/se\/wp-content\/uploads\/sites\/7\/2022\/04\/MIL-ID02A.jpg\",\"datePublished\":\"2015-05-06T12:09:22+00:00\",\"dateModified\":\"2026-01-08T14:16:53+00:00\",\"breadcrumb\":{\"@id\":\"https:\/\/www.visionxeurope.com\/se\/webbutik\/vision-x-id-skylt-led-2-siffrig-orange\/#breadcrumb\"},\"inLanguage\":\"sv-SE\",\"potentialAction\":[{\"@type\":\"ReadAction\",\"target\":[\"https:\/\/www.visionxeurope.com\/se\/webbutik\/vision-x-id-skylt-led-2-siffrig-orange\/\"]}]},{\"@type\":\"ImageObject\",\"inLanguage\":\"sv-SE\",\"@id\":\"https:\/\/www.visionxeurope.com\/se\/webbutik\/vision-x-id-skylt-led-2-siffrig-orange\/#primaryimage\",\"url\":\"https:\/\/www.visionxeurope.com\/se\/wp-content\/uploads\/sites\/7\/2022\/04\/MIL-ID02A.jpg\",\"contentUrl\":\"https:\/\/www.visionxeurope.com\/se\/wp-content\/uploads\/sites\/7\/2022\/04\/MIL-ID02A.jpg\",\"width\":450,\"height\":450},{\"@type\":\"BreadcrumbList\",\"@id\":\"https:\/\/www.visionxeurope.com\/se\/webbutik\/vision-x-id-skylt-led-2-siffrig-orange\/#breadcrumb\",\"itemListElement\":[{\"@type\":\"ListItem\",\"position\":1,\"name\":\"Hem\",\"item\":\"https:\/\/www.visionxeurope.com\/se\/\"},{\"@type\":\"ListItem\",\"position\":2,\"name\":\"Webbutik\",\"item\":\"https:\/\/www.visionxeurope.com\/se\/webbutik\/\"},{\"@type\":\"ListItem\",\"position\":3,\"name\":\"VISION X ID SKYLT LED 2 SIFFRIG ORANGE\"}]},{\"@type\":\"WebSite\",\"@id\":\"https:\/\/www.visionxeurope.com\/se\/#website\",\"url\":\"https:\/\/www.visionxeurope.com\/se\/\",\"name\":\"Vision X Europe\",\"description\":\"\",\"publisher\":{\"@id\":\"https:\/\/www.visionxeurope.com\/se\/#organization\"},\"potentialAction\":[{\"@type\":\"SearchAction\",\"target\":{\"@type\":\"EntryPoint\",\"urlTemplate\":\"https:\/\/www.visionxeurope.com\/se\/?s={search_term_string}\"},\"query-input\":{\"@type\":\"PropertyValueSpecification\",\"valueRequired\":true,\"valueName\":\"search_term_string\"}}],\"inLanguage\":\"sv-SE\"},{\"@type\":\"Organization\",\"@id\":\"https:\/\/www.visionxeurope.com\/se\/#organization\",\"name\":\"Vision X Europe\",\"url\":\"https:\/\/www.visionxeurope.com\/se\/\",\"logo\":{\"@type\":\"ImageObject\",\"inLanguage\":\"sv-SE\",\"@id\":\"https:\/\/www.visionxeurope.com\/se\/#\/schema\/logo\/image\/\",\"url\":\"https:\/\/www.visionxeurope.com\/se\/wp-content\/uploads\/sites\/7\/2021\/04\/visionxeurope.png\",\"contentUrl\":\"https:\/\/www.visionxeurope.com\/se\/wp-content\/uploads\/sites\/7\/2021\/04\/visionxeurope.png\",\"width\":300,\"height\":110,\"caption\":\"Vision X Europe\"},\"image\":{\"@id\":\"https:\/\/www.visionxeurope.com\/se\/#\/schema\/logo\/image\/\"},\"sameAs\":[\"https:\/\/www.facebook.com\/visionxeurope\",\"https:\/\/www.instagram.com\/visionxeurope\/\"]}]}<\/script>\n<meta property=\"product:price:amount\" content=\"12413.00\" \/>\n<meta property=\"product:price:currency\" content=\"SEK\" \/>\n<meta property=\"og:availability\" content=\"instock\" \/>\n<meta property=\"product:availability\" content=\"instock\" \/>\n<meta property=\"product:retailer_item_id\" content=\"MIL-ID02A\" \/>\n<meta property=\"product:condition\" content=\"new\" \/>\n<!-- \/ Yoast SEO Premium plugin. -->","yoast_head_json":{"title":"VISION X ID SKYLT LED 2 SIFFRIG ORANGE - Vision X Europe","robots":{"index":"index","follow":"follow","max-snippet":"max-snippet:-1","max-image-preview":"max-image-preview:large","max-video-preview":"max-video-preview:-1"},"canonical":"https:\/\/www.visionxeurope.com\/se\/webbutik\/vision-x-id-skylt-led-2-siffrig-orange\/","og_locale":"sv_SE","og_type":"article","og_title":"VISION X ID SKYLT LED 2 SIFFRIG ORANGE","og_description":"Har man behov av att p\u00e5 l\u00e5ngt h\u00e5ll kunna identifiera fordon s\u00e5 \u00e4r Vision X vehicle ID board l\u00f6sningen som syns! ID board finns i fyra olika versioner, antingen med tv\u00e5 eller tre siffror samt ocks\u00e5 i r\u00f6tt eller orange. Data:F\u00e4rg: OrangeWatt: 78Sp\u00e4nning: 9-32VStr\u00f6mf\u00f6rbrukning: 6.5A vid 12VL\u00e4ngd: 47 cmH\u00f6jd: 44 cmDjup: 3.6 cm","og_url":"https:\/\/www.visionxeurope.com\/se\/webbutik\/vision-x-id-skylt-led-2-siffrig-orange\/","og_site_name":"Vision X Europe","article_publisher":"https:\/\/www.facebook.com\/visionxeurope","article_modified_time":"2026-01-08T14:16:53+00:00","og_image":[{"width":450,"height":450,"url":"https:\/\/www.rindab.se\/wp-content\/uploads\/sites\/7\/2022\/04\/MIL-ID02A.jpg","type":"image\/jpeg"}],"twitter_card":"summary_large_image","twitter_misc":{"Pris":"12 413,00&nbsp;&#107;&#114; exkl. moms","Tillg\u00e4nglig":"I lager"},"schema":{"@context":"https:\/\/schema.org","@graph":[{"@type":"WebPage","@id":"https:\/\/www.visionxeurope.com\/se\/webbutik\/vision-x-id-skylt-led-2-siffrig-orange\/","url":"https:\/\/www.visionxeurope.com\/se\/webbutik\/vision-x-id-skylt-led-2-siffrig-orange\/","name":"VISION X ID SKYLT LED 2 SIFFRIG ORANGE - Vision X Europe","isPartOf":{"@id":"https:\/\/www.visionxeurope.com\/se\/#website"},"primaryImageOfPage":{"@id":"https:\/\/www.visionxeurope.com\/se\/webbutik\/vision-x-id-skylt-led-2-siffrig-orange\/#primaryimage"},"image":{"@id":"https:\/\/www.visionxeurope.com\/se\/webbutik\/vision-x-id-skylt-led-2-siffrig-orange\/#primaryimage"},"thumbnailUrl":"https:\/\/www.visionxeurope.com\/se\/wp-content\/uploads\/sites\/7\/2022\/04\/MIL-ID02A.jpg","datePublished":"2015-05-06T12:09:22+00:00","dateModified":"2026-01-08T14:16:53+00:00","breadcrumb":{"@id":"https:\/\/www.visionxeurope.com\/se\/webbutik\/vision-x-id-skylt-led-2-siffrig-orange\/#breadcrumb"},"inLanguage":"sv-SE","potentialAction":[{"@type":"ReadAction","target":["https:\/\/www.visionxeurope.com\/se\/webbutik\/vision-x-id-skylt-led-2-siffrig-orange\/"]}]},{"@type":"ImageObject","inLanguage":"sv-SE","@id":"https:\/\/www.visionxeurope.com\/se\/webbutik\/vision-x-id-skylt-led-2-siffrig-orange\/#primaryimage","url":"https:\/\/www.visionxeurope.com\/se\/wp-content\/uploads\/sites\/7\/2022\/04\/MIL-ID02A.jpg","contentUrl":"https:\/\/www.visionxeurope.com\/se\/wp-content\/uploads\/sites\/7\/2022\/04\/MIL-ID02A.jpg","width":450,"height":450},{"@type":"BreadcrumbList","@id":"https:\/\/www.visionxeurope.com\/se\/webbutik\/vision-x-id-skylt-led-2-siffrig-orange\/#breadcrumb","itemListElement":[{"@type":"ListItem","position":1,"name":"Hem","item":"https:\/\/www.visionxeurope.com\/se\/"},{"@type":"ListItem","position":2,"name":"Webbutik","item":"https:\/\/www.visionxeurope.com\/se\/webbutik\/"},{"@type":"ListItem","position":3,"name":"VISION X ID SKYLT LED 2 SIFFRIG ORANGE"}]},{"@type":"WebSite","@id":"https:\/\/www.visionxeurope.com\/se\/#website","url":"https:\/\/www.visionxeurope.com\/se\/","name":"Vision X Europe","description":"","publisher":{"@id":"https:\/\/www.visionxeurope.com\/se\/#organization"},"potentialAction":[{"@type":"SearchAction","target":{"@type":"EntryPoint","urlTemplate":"https:\/\/www.visionxeurope.com\/se\/?s={search_term_string}"},"query-input":{"@type":"PropertyValueSpecification","valueRequired":true,"valueName":"search_term_string"}}],"inLanguage":"sv-SE"},{"@type":"Organization","@id":"https:\/\/www.visionxeurope.com\/se\/#organization","name":"Vision X Europe","url":"https:\/\/www.visionxeurope.com\/se\/","logo":{"@type":"ImageObject","inLanguage":"sv-SE","@id":"https:\/\/www.visionxeurope.com\/se\/#\/schema\/logo\/image\/","url":"https:\/\/www.visionxeurope.com\/se\/wp-content\/uploads\/sites\/7\/2021\/04\/visionxeurope.png","contentUrl":"https:\/\/www.visionxeurope.com\/se\/wp-content\/uploads\/sites\/7\/2021\/04\/visionxeurope.png","width":300,"height":110,"caption":"Vision X Europe"},"image":{"@id":"https:\/\/www.visionxeurope.com\/se\/#\/schema\/logo\/image\/"},"sameAs":["https:\/\/www.facebook.com\/visionxeurope","https:\/\/www.instagram.com\/visionxeurope\/"]}]},"product_price_amount":"12413.00","product_price_currency":"SEK","og_availability":"instock","product_availability":"instock","product_retailer_item_id":"MIL-ID02A","product_condition":"new"},"_links":{"self":[{"href":"https:\/\/www.visionxeurope.com\/se\/wp-json\/wp\/v2\/product\/13156","targetHints":{"allow":["GET"]}}],"collection":[{"href":"https:\/\/www.visionxeurope.com\/se\/wp-json\/wp\/v2\/product"}],"about":[{"href":"https:\/\/www.visionxeurope.com\/se\/wp-json\/wp\/v2\/types\/product"}],"replies":[{"embeddable":true,"href":"https:\/\/www.visionxeurope.com\/se\/wp-json\/wp\/v2\/comments?post=13156"}],"wp:featuredmedia":[{"embeddable":true,"href":"https:\/\/www.visionxeurope.com\/se\/wp-json\/wp\/v2\/media\/14317"}],"wp:attachment":[{"href":"https:\/\/www.visionxeurope.com\/se\/wp-json\/wp\/v2\/media?parent=13156"}],"wp:term":[{"taxonomy":"product_brand","embeddable":true,"href":"https:\/\/www.visionxeurope.com\/se\/wp-json\/wp\/v2\/product_brand?post=13156"},{"taxonomy":"product_cat","embeddable":true,"href":"https:\/\/www.visionxeurope.com\/se\/wp-json\/wp\/v2\/product_cat?post=13156"},{"taxonomy":"product_tag","embeddable":true,"href":"https:\/\/www.visionxeurope.com\/se\/wp-json\/wp\/v2\/product_tag?post=13156"}],"curies":[{"name":"wp","href":"https:\/\/api.w.org\/{rel}","templated":true}]}}