{"id":13155,"date":"2015-04-21T09:05:38","date_gmt":"2015-04-21T07:05:38","guid":{"rendered":"https:\/\/www.visionxeurope.com\/se\/produkt\/vision-x-heavy-duty-beacon-mining-gul\/"},"modified":"2026-01-08T21:30:44","modified_gmt":"2026-01-08T20:30:44","slug":"vision-x-heavy-duty-beacon-mining-gul","status":"publish","type":"product","link":"https:\/\/www.visionxeurope.com\/se\/webbutik\/vision-x-heavy-duty-beacon-mining-gul\/","title":{"rendered":"VISION X HEAVY DUTY BEACON MINING GUL"},"content":{"rendered":"<p><\/p>\n<p>Vision X Heavy Duty Beacon, ett LED blixtljus f\u00f6r montage i de mest p\u00e5frestande applikationerna som till exempel inom gruvindustrin. <\/p>\n<p><\/p>\n<p><\/p>\n<p>Blixtljuset \u00e4r p\u00e5 hela 35 Watt och har 180 stycken dioder f\u00f6r maximalt ljus runt om. HD Beacon fungerar lika bra p\u00e5 bygget som inom tung industri. <\/p>\n<p><\/p>\n<p><\/p>\n<p><strong>Data:<\/strong> <br \/>Lamphus: Robust aluminium<br \/>Sp\u00e4nning: 12-24V<br \/>IP-klass: IP67<br \/>Arbetstemperatur: -40\u00b0C \u2013 +80\u00b0C<br \/>H\u00f6jd: 130mm<br \/>Diameter: 130mm<br \/>Diameter fot: 160mm<br \/>Watt: 35<br \/>LED: 180st. x 0,2W<br \/>Lins: Polykarbonat<br \/>Ljusbild: 360\u00b0<\/p>\n<p><\/p>","protected":false},"excerpt":{"rendered":"<p>Vision X Heavy Duty Beacon, ett LED blixtljus f\u00f6r montage i de mest p\u00e5frestande applikationerna som till exempel inom gruvindustrin. <\/p>\n<p>Blixtljuset \u00e4r p\u00e5 hela 35 Watt och har 180 stycken dioder f\u00f6r maximalt ljus runt om. HD Beacon fungerar lika bra p\u00e5 bygget som inom tung industri. <\/p>\n<p><strong>Data:<\/strong> <br \/>Lamphus: Robust aluminium<br \/>Sp\u00e4nning: 12-24V<br \/>IP-klass: IP67<br \/>Arbetstemperatur: -40\u00b0C \u2013 +80\u00b0C<br \/>H\u00f6jd: 130mm<br \/>Diameter: 130mm<br \/>Diameter fot: 160mm<br \/>Watt: 35<br \/>LED: 180st. x 0,2W<br \/>Lins: Polykarbonat<br \/>Ljusbild: 360\u00b0<\/p>\n","protected":false},"featured_media":14315,"comment_status":"open","ping_status":"open","template":"","meta":{"editor_notices":[]},"product_brand":[],"product_cat":[801],"product_tag":[],"class_list":{"0":"post-13155","1":"product","2":"type-product","3":"status-publish","4":"has-post-thumbnail","6":"product_cat-led-blixtljus-beacons","7":"resize-featured-image","8":"","9":"woocommerce-text-align-left","10":"woocommerce-image-align-center","12":"first","13":"outofstock","14":"taxable","15":"shipping-taxable","16":"product-type-simple"},"yoast_head":"<!-- This site is optimized with the Yoast SEO Premium plugin v25.0 (Yoast SEO v25.0) - https:\/\/yoast.com\/wordpress\/plugins\/seo\/ -->\n<title>VISION X HEAVY DUTY BEACON MINING GUL - Vision X Europe<\/title>\n<meta name=\"robots\" content=\"index, follow, max-snippet:-1, max-image-preview:large, max-video-preview:-1\" \/>\n<link rel=\"canonical\" href=\"https:\/\/www.visionxeurope.com\/se\/webbutik\/vision-x-heavy-duty-beacon-mining-gul\/\" \/>\n<meta property=\"og:locale\" content=\"sv_SE\" \/>\n<meta property=\"og:type\" content=\"article\" \/>\n<meta property=\"og:title\" content=\"VISION X HEAVY DUTY BEACON MINING GUL\" \/>\n<meta property=\"og:description\" content=\"Vision X Heavy Duty Beacon, ett LED blixtljus f\u00f6r montage i de mest p\u00e5frestande applikationerna som till exempel inom gruvindustrin. Blixtljuset \u00e4r p\u00e5 hela 35 Watt och har 180 stycken dioder f\u00f6r maximalt ljus runt om. HD Beacon fungerar lika bra p\u00e5 bygget som inom tung industri. Data: Lamphus: Robust aluminiumSp\u00e4nning: 12-24VIP-klass: IP67Arbetstemperatur: -40\u00b0C \u2013 +80\u00b0CH\u00f6jd: 130mmDiameter: 130mmDiameter fot: 160mmWatt: 35LED: 180st. x 0,2WLins: PolykarbonatLjusbild: 360\u00b0\" \/>\n<meta property=\"og:url\" content=\"https:\/\/www.visionxeurope.com\/se\/webbutik\/vision-x-heavy-duty-beacon-mining-gul\/\" \/>\n<meta property=\"og:site_name\" content=\"Vision X Europe\" \/>\n<meta property=\"article:publisher\" content=\"https:\/\/www.facebook.com\/visionxeurope\" \/>\n<meta property=\"article:modified_time\" content=\"2026-01-08T20:30:44+00:00\" \/>\n<meta property=\"og:image\" content=\"https:\/\/www.rindab.se\/wp-content\/uploads\/sites\/7\/2022\/04\/MIL-HDBA.jpg\" \/>\n\t<meta property=\"og:image:width\" content=\"450\" \/>\n\t<meta property=\"og:image:height\" content=\"450\" \/>\n\t<meta property=\"og:image:type\" content=\"image\/jpeg\" \/>\n<meta name=\"twitter:card\" content=\"summary_large_image\" \/>\n<meta name=\"twitter:label1\" content=\"Pris\" \/>\n\t<meta name=\"twitter:data1\" content=\"4 302,00&nbsp;&#107;&#114; exkl. moms\" \/>\n\t<meta name=\"twitter:label2\" content=\"Tillg\u00e4nglig\" \/>\n\t<meta name=\"twitter:data2\" content=\"Slut i lager\" \/>\n<script type=\"application\/ld+json\" class=\"yoast-schema-graph\">{\"@context\":\"https:\/\/schema.org\",\"@graph\":[{\"@type\":\"WebPage\",\"@id\":\"https:\/\/www.visionxeurope.com\/se\/webbutik\/vision-x-heavy-duty-beacon-mining-gul\/\",\"url\":\"https:\/\/www.visionxeurope.com\/se\/webbutik\/vision-x-heavy-duty-beacon-mining-gul\/\",\"name\":\"VISION X HEAVY DUTY BEACON MINING GUL - Vision X Europe\",\"isPartOf\":{\"@id\":\"https:\/\/www.visionxeurope.com\/se\/#website\"},\"primaryImageOfPage\":{\"@id\":\"https:\/\/www.visionxeurope.com\/se\/webbutik\/vision-x-heavy-duty-beacon-mining-gul\/#primaryimage\"},\"image\":{\"@id\":\"https:\/\/www.visionxeurope.com\/se\/webbutik\/vision-x-heavy-duty-beacon-mining-gul\/#primaryimage\"},\"thumbnailUrl\":\"https:\/\/www.visionxeurope.com\/se\/wp-content\/uploads\/sites\/7\/2022\/04\/MIL-HDBA.jpg\",\"datePublished\":\"2015-04-21T07:05:38+00:00\",\"dateModified\":\"2026-01-08T20:30:44+00:00\",\"breadcrumb\":{\"@id\":\"https:\/\/www.visionxeurope.com\/se\/webbutik\/vision-x-heavy-duty-beacon-mining-gul\/#breadcrumb\"},\"inLanguage\":\"sv-SE\",\"potentialAction\":[{\"@type\":\"ReadAction\",\"target\":[\"https:\/\/www.visionxeurope.com\/se\/webbutik\/vision-x-heavy-duty-beacon-mining-gul\/\"]}]},{\"@type\":\"ImageObject\",\"inLanguage\":\"sv-SE\",\"@id\":\"https:\/\/www.visionxeurope.com\/se\/webbutik\/vision-x-heavy-duty-beacon-mining-gul\/#primaryimage\",\"url\":\"https:\/\/www.visionxeurope.com\/se\/wp-content\/uploads\/sites\/7\/2022\/04\/MIL-HDBA.jpg\",\"contentUrl\":\"https:\/\/www.visionxeurope.com\/se\/wp-content\/uploads\/sites\/7\/2022\/04\/MIL-HDBA.jpg\",\"width\":450,\"height\":450},{\"@type\":\"BreadcrumbList\",\"@id\":\"https:\/\/www.visionxeurope.com\/se\/webbutik\/vision-x-heavy-duty-beacon-mining-gul\/#breadcrumb\",\"itemListElement\":[{\"@type\":\"ListItem\",\"position\":1,\"name\":\"Hem\",\"item\":\"https:\/\/www.visionxeurope.com\/se\/\"},{\"@type\":\"ListItem\",\"position\":2,\"name\":\"Webbutik\",\"item\":\"https:\/\/www.visionxeurope.com\/se\/webbutik\/\"},{\"@type\":\"ListItem\",\"position\":3,\"name\":\"VISION X HEAVY DUTY BEACON MINING GUL\"}]},{\"@type\":\"WebSite\",\"@id\":\"https:\/\/www.visionxeurope.com\/se\/#website\",\"url\":\"https:\/\/www.visionxeurope.com\/se\/\",\"name\":\"Vision X Europe\",\"description\":\"\",\"publisher\":{\"@id\":\"https:\/\/www.visionxeurope.com\/se\/#organization\"},\"potentialAction\":[{\"@type\":\"SearchAction\",\"target\":{\"@type\":\"EntryPoint\",\"urlTemplate\":\"https:\/\/www.visionxeurope.com\/se\/?s={search_term_string}\"},\"query-input\":{\"@type\":\"PropertyValueSpecification\",\"valueRequired\":true,\"valueName\":\"search_term_string\"}}],\"inLanguage\":\"sv-SE\"},{\"@type\":\"Organization\",\"@id\":\"https:\/\/www.visionxeurope.com\/se\/#organization\",\"name\":\"Vision X Europe\",\"url\":\"https:\/\/www.visionxeurope.com\/se\/\",\"logo\":{\"@type\":\"ImageObject\",\"inLanguage\":\"sv-SE\",\"@id\":\"https:\/\/www.visionxeurope.com\/se\/#\/schema\/logo\/image\/\",\"url\":\"https:\/\/www.visionxeurope.com\/se\/wp-content\/uploads\/sites\/7\/2021\/04\/visionxeurope.png\",\"contentUrl\":\"https:\/\/www.visionxeurope.com\/se\/wp-content\/uploads\/sites\/7\/2021\/04\/visionxeurope.png\",\"width\":300,\"height\":110,\"caption\":\"Vision X Europe\"},\"image\":{\"@id\":\"https:\/\/www.visionxeurope.com\/se\/#\/schema\/logo\/image\/\"},\"sameAs\":[\"https:\/\/www.facebook.com\/visionxeurope\",\"https:\/\/www.instagram.com\/visionxeurope\/\"]}]}<\/script>\n<meta property=\"product:price:amount\" content=\"4302.00\" \/>\n<meta property=\"product:price:currency\" content=\"SEK\" \/>\n<meta property=\"og:availability\" content=\"out of stock\" \/>\n<meta property=\"product:availability\" content=\"out of stock\" \/>\n<meta property=\"product:retailer_item_id\" content=\"MIL-HDBA\" \/>\n<meta property=\"product:condition\" content=\"new\" \/>\n<!-- \/ Yoast SEO Premium plugin. -->","yoast_head_json":{"title":"VISION X HEAVY DUTY BEACON MINING GUL - Vision X Europe","robots":{"index":"index","follow":"follow","max-snippet":"max-snippet:-1","max-image-preview":"max-image-preview:large","max-video-preview":"max-video-preview:-1"},"canonical":"https:\/\/www.visionxeurope.com\/se\/webbutik\/vision-x-heavy-duty-beacon-mining-gul\/","og_locale":"sv_SE","og_type":"article","og_title":"VISION X HEAVY DUTY BEACON MINING GUL","og_description":"Vision X Heavy Duty Beacon, ett LED blixtljus f\u00f6r montage i de mest p\u00e5frestande applikationerna som till exempel inom gruvindustrin. Blixtljuset \u00e4r p\u00e5 hela 35 Watt och har 180 stycken dioder f\u00f6r maximalt ljus runt om. HD Beacon fungerar lika bra p\u00e5 bygget som inom tung industri. Data: Lamphus: Robust aluminiumSp\u00e4nning: 12-24VIP-klass: IP67Arbetstemperatur: -40\u00b0C \u2013 +80\u00b0CH\u00f6jd: 130mmDiameter: 130mmDiameter fot: 160mmWatt: 35LED: 180st. x 0,2WLins: PolykarbonatLjusbild: 360\u00b0","og_url":"https:\/\/www.visionxeurope.com\/se\/webbutik\/vision-x-heavy-duty-beacon-mining-gul\/","og_site_name":"Vision X Europe","article_publisher":"https:\/\/www.facebook.com\/visionxeurope","article_modified_time":"2026-01-08T20:30:44+00:00","og_image":[{"width":450,"height":450,"url":"https:\/\/www.rindab.se\/wp-content\/uploads\/sites\/7\/2022\/04\/MIL-HDBA.jpg","type":"image\/jpeg"}],"twitter_card":"summary_large_image","twitter_misc":{"Pris":"4 302,00&nbsp;&#107;&#114; exkl. moms","Tillg\u00e4nglig":"Slut i lager"},"schema":{"@context":"https:\/\/schema.org","@graph":[{"@type":"WebPage","@id":"https:\/\/www.visionxeurope.com\/se\/webbutik\/vision-x-heavy-duty-beacon-mining-gul\/","url":"https:\/\/www.visionxeurope.com\/se\/webbutik\/vision-x-heavy-duty-beacon-mining-gul\/","name":"VISION X HEAVY DUTY BEACON MINING GUL - Vision X Europe","isPartOf":{"@id":"https:\/\/www.visionxeurope.com\/se\/#website"},"primaryImageOfPage":{"@id":"https:\/\/www.visionxeurope.com\/se\/webbutik\/vision-x-heavy-duty-beacon-mining-gul\/#primaryimage"},"image":{"@id":"https:\/\/www.visionxeurope.com\/se\/webbutik\/vision-x-heavy-duty-beacon-mining-gul\/#primaryimage"},"thumbnailUrl":"https:\/\/www.visionxeurope.com\/se\/wp-content\/uploads\/sites\/7\/2022\/04\/MIL-HDBA.jpg","datePublished":"2015-04-21T07:05:38+00:00","dateModified":"2026-01-08T20:30:44+00:00","breadcrumb":{"@id":"https:\/\/www.visionxeurope.com\/se\/webbutik\/vision-x-heavy-duty-beacon-mining-gul\/#breadcrumb"},"inLanguage":"sv-SE","potentialAction":[{"@type":"ReadAction","target":["https:\/\/www.visionxeurope.com\/se\/webbutik\/vision-x-heavy-duty-beacon-mining-gul\/"]}]},{"@type":"ImageObject","inLanguage":"sv-SE","@id":"https:\/\/www.visionxeurope.com\/se\/webbutik\/vision-x-heavy-duty-beacon-mining-gul\/#primaryimage","url":"https:\/\/www.visionxeurope.com\/se\/wp-content\/uploads\/sites\/7\/2022\/04\/MIL-HDBA.jpg","contentUrl":"https:\/\/www.visionxeurope.com\/se\/wp-content\/uploads\/sites\/7\/2022\/04\/MIL-HDBA.jpg","width":450,"height":450},{"@type":"BreadcrumbList","@id":"https:\/\/www.visionxeurope.com\/se\/webbutik\/vision-x-heavy-duty-beacon-mining-gul\/#breadcrumb","itemListElement":[{"@type":"ListItem","position":1,"name":"Hem","item":"https:\/\/www.visionxeurope.com\/se\/"},{"@type":"ListItem","position":2,"name":"Webbutik","item":"https:\/\/www.visionxeurope.com\/se\/webbutik\/"},{"@type":"ListItem","position":3,"name":"VISION X HEAVY DUTY BEACON MINING GUL"}]},{"@type":"WebSite","@id":"https:\/\/www.visionxeurope.com\/se\/#website","url":"https:\/\/www.visionxeurope.com\/se\/","name":"Vision X Europe","description":"","publisher":{"@id":"https:\/\/www.visionxeurope.com\/se\/#organization"},"potentialAction":[{"@type":"SearchAction","target":{"@type":"EntryPoint","urlTemplate":"https:\/\/www.visionxeurope.com\/se\/?s={search_term_string}"},"query-input":{"@type":"PropertyValueSpecification","valueRequired":true,"valueName":"search_term_string"}}],"inLanguage":"sv-SE"},{"@type":"Organization","@id":"https:\/\/www.visionxeurope.com\/se\/#organization","name":"Vision X Europe","url":"https:\/\/www.visionxeurope.com\/se\/","logo":{"@type":"ImageObject","inLanguage":"sv-SE","@id":"https:\/\/www.visionxeurope.com\/se\/#\/schema\/logo\/image\/","url":"https:\/\/www.visionxeurope.com\/se\/wp-content\/uploads\/sites\/7\/2021\/04\/visionxeurope.png","contentUrl":"https:\/\/www.visionxeurope.com\/se\/wp-content\/uploads\/sites\/7\/2021\/04\/visionxeurope.png","width":300,"height":110,"caption":"Vision X Europe"},"image":{"@id":"https:\/\/www.visionxeurope.com\/se\/#\/schema\/logo\/image\/"},"sameAs":["https:\/\/www.facebook.com\/visionxeurope","https:\/\/www.instagram.com\/visionxeurope\/"]}]},"product_price_amount":"4302.00","product_price_currency":"SEK","og_availability":"out of stock","product_availability":"out of stock","product_retailer_item_id":"MIL-HDBA","product_condition":"new"},"_links":{"self":[{"href":"https:\/\/www.visionxeurope.com\/se\/wp-json\/wp\/v2\/product\/13155","targetHints":{"allow":["GET"]}}],"collection":[{"href":"https:\/\/www.visionxeurope.com\/se\/wp-json\/wp\/v2\/product"}],"about":[{"href":"https:\/\/www.visionxeurope.com\/se\/wp-json\/wp\/v2\/types\/product"}],"replies":[{"embeddable":true,"href":"https:\/\/www.visionxeurope.com\/se\/wp-json\/wp\/v2\/comments?post=13155"}],"wp:featuredmedia":[{"embeddable":true,"href":"https:\/\/www.visionxeurope.com\/se\/wp-json\/wp\/v2\/media\/14315"}],"wp:attachment":[{"href":"https:\/\/www.visionxeurope.com\/se\/wp-json\/wp\/v2\/media?parent=13155"}],"wp:term":[{"taxonomy":"product_brand","embeddable":true,"href":"https:\/\/www.visionxeurope.com\/se\/wp-json\/wp\/v2\/product_brand?post=13155"},{"taxonomy":"product_cat","embeddable":true,"href":"https:\/\/www.visionxeurope.com\/se\/wp-json\/wp\/v2\/product_cat?post=13155"},{"taxonomy":"product_tag","embeddable":true,"href":"https:\/\/www.visionxeurope.com\/se\/wp-json\/wp\/v2\/product_tag?post=13155"}],"curies":[{"name":"wp","href":"https:\/\/api.w.org\/{rel}","templated":true}]}}