{"id":13137,"date":"2014-04-23T09:56:27","date_gmt":"2014-04-23T07:56:27","guid":{"rendered":"https:\/\/www.visionxeurope.com\/se\/produkt\/vision-x-tantrum-led-strobe-rock-light-bla\/"},"modified":"2022-05-06T10:50:29","modified_gmt":"2022-05-06T08:50:29","slug":"vision-x-tantrum-led-strobe-rock-light-bla","status":"publish","type":"product","link":"https:\/\/www.visionxeurope.com\/se\/webbutik\/vision-x-tantrum-led-strobe-rock-light-bla\/","title":{"rendered":"VISION X TANTRUM LED STROBE &#038; ROCK LIGHT BL\u00c5"},"content":{"rendered":"<p>Tantrum LED Strob Rock Kit levereras med \u00e5tta stycken LED pods som ger ett enormt ljus trots sin n\u00e4tta storlek. Den medf\u00f6ljande universalmonteringen g\u00f6r att kitet \u00e4r mycket enkelt att montera. Kan monteras permanent eller via cigguttaget.<\/p><p>Med fj\u00e4rrkontrollen styr du enkelt hur du vill att lamporna ska lysa. Inbyggd ljudl\u00e4gesfunktion som g\u00f6r att lamporna lyser mer ju mer ljud det \u00e4r runt styrenheten, musik och motorljud etc.<\/p><p>Passar mycket bra under bilar, i b\u00e5tar, motorutrymmen, p\u00e5 lastbilar mm.<\/p><p><strong>Data:<br><\/strong>Vattent\u00e4tt lamphus<br>Insp\u00e4nning: 12V DC<br>Storlek p\u00e5 LED Pod: 31x19mm <br>Monteringsdjup: 86mm<br>Str\u00f6mf\u00f6rbrukning: 0.8 Amp vid 12V<br>Installation: 2 kablar<br>Antal LED per Pod: 15st.<br>LED diameter: 5mm<br>Varje kit inneh\u00e5ller: 8 LED podar, kablage, <br>Master kontrollenhet, Ljud interface, Tr\u00e5dl\u00f6s fj\u00e4rrkontroll<br>F\u00e4rg p\u00e5 ljuset: Bl\u00e5<\/p>","protected":false},"excerpt":{"rendered":"<p><!-- wp:paragraph --><\/p>\n<p>Tantrum LED Strob Rock Kit levereras med \u00e5tta stycken LED pods som ger ett enormt ljus trots sin n\u00e4tta storlek. Den medf\u00f6ljande universalmonteringen g\u00f6r att kitet \u00e4r mycket enkelt att montera. Kan monteras permanent eller via cigguttaget.<\/p>\n<p><!-- \/wp:paragraph --><\/p>\n<p><!-- wp:paragraph --><\/p>\n<p>Med fj\u00e4rrkontrollen styr du enkelt hur du vill att lamporna ska lysa. Inbyggd ljudl\u00e4gesfunktion som g\u00f6r att lamporna lyser mer ju mer ljud det \u00e4r runt styrenheten, musik och motorljud etc.<\/p>\n<p><!-- \/wp:paragraph --><\/p>\n<p><!-- wp:paragraph --><\/p>\n<p>Passar mycket bra under bilar, i b\u00e5tar, motorutrymmen, p\u00e5 lastbilar mm.<\/p>\n<p><!-- \/wp:paragraph --><\/p>\n<p><!-- wp:paragraph --><\/p>\n<p><strong>Data:<br \/><\/strong>Vattent\u00e4tt lamphus<br \/>Insp\u00e4nning: 12V DC<br \/>Storlek p\u00e5 LED Pod: 31x19mm <br \/>Monteringsdjup: 86mm<br \/>Str\u00f6mf\u00f6rbrukning: 0.8 Amp vid 12V<br \/>Installation: 2 kablar<br \/>Antal LED per Pod: 15st.<br \/>LED diameter: 5mm<br \/>Varje kit inneh\u00e5ller: 8 LED podar, kablage, <br \/>Master kontrollenhet, Ljud interface, Tr\u00e5dl\u00f6s fj\u00e4rrkontroll<br \/>F\u00e4rg p\u00e5 ljuset: Bl\u00e5<\/p>\n<p><!-- \/wp:paragraph --><\/p>\n","protected":false},"featured_media":14312,"comment_status":"closed","ping_status":"open","template":"","meta":{"editor_notices":[]},"product_brand":[],"product_cat":[49],"product_tag":[],"class_list":{"0":"post-13137","1":"product","2":"type-product","3":"status-publish","4":"has-post-thumbnail","6":"product_cat-accentbelysning","7":"resize-featured-image","8":"","9":"woocommerce-text-align-left","10":"woocommerce-image-align-center","12":"first","13":"outofstock","14":"taxable","15":"shipping-taxable","16":"product-type-simple"},"yoast_head":"<!-- This site is optimized with the Yoast SEO Premium plugin v25.0 (Yoast SEO v25.0) - https:\/\/yoast.com\/wordpress\/plugins\/seo\/ -->\n<title>VISION X TANTRUM LED STROBE &amp; ROCK LIGHT BL\u00c5 - Vision X Europe<\/title>\n<meta name=\"robots\" content=\"index, follow, max-snippet:-1, max-image-preview:large, max-video-preview:-1\" \/>\n<link rel=\"canonical\" href=\"https:\/\/www.visionxeurope.com\/se\/webbutik\/vision-x-tantrum-led-strobe-rock-light-bla\/\" \/>\n<meta property=\"og:locale\" content=\"sv_SE\" \/>\n<meta property=\"og:type\" content=\"article\" \/>\n<meta property=\"og:title\" content=\"VISION X TANTRUM LED STROBE &amp; ROCK LIGHT BL\u00c5\" \/>\n<meta property=\"og:description\" content=\"Tantrum LED Strob Rock Kit levereras med \u00e5tta stycken LED pods som ger ett enormt ljus trots sin n\u00e4tta storlek. Den medf\u00f6ljande universalmonteringen g\u00f6r att kitet \u00e4r mycket enkelt att montera. Kan monteras permanent eller via cigguttaget.    Med fj\u00e4rrkontrollen styr du enkelt hur du vill att lamporna ska lysa. Inbyggd ljudl\u00e4gesfunktion som g\u00f6r att lamporna lyser mer ju mer ljud det \u00e4r runt styrenheten, musik och motorljud etc.    Passar mycket bra under bilar, i b\u00e5tar, motorutrymmen, p\u00e5 lastbilar mm.    Data:Vattent\u00e4tt lamphusInsp\u00e4nning: 12V DCStorlek p\u00e5 LED Pod: 31x19mm Monteringsdjup: 86mmStr\u00f6mf\u00f6rbrukning: 0.8 Amp vid 12VInstallation: 2 kablarAntal LED per Pod: 15st.LED diameter: 5mmVarje kit inneh\u00e5ller: 8 LED podar, kablage, Master kontrollenhet, Ljud interface, Tr\u00e5dl\u00f6s fj\u00e4rrkontrollF\u00e4rg p\u00e5 ljuset: Bl\u00e5\" \/>\n<meta property=\"og:url\" content=\"https:\/\/www.visionxeurope.com\/se\/webbutik\/vision-x-tantrum-led-strobe-rock-light-bla\/\" \/>\n<meta property=\"og:site_name\" content=\"Vision X Europe\" \/>\n<meta property=\"article:publisher\" content=\"https:\/\/www.facebook.com\/visionxeurope\" \/>\n<meta property=\"article:modified_time\" content=\"2022-05-06T08:50:29+00:00\" \/>\n<meta property=\"og:image\" content=\"https:\/\/www.rindab.se\/wp-content\/uploads\/sites\/7\/2022\/04\/HIL-STB.jpg\" \/>\n\t<meta property=\"og:image:width\" content=\"450\" \/>\n\t<meta property=\"og:image:height\" content=\"450\" \/>\n\t<meta property=\"og:image:type\" content=\"image\/jpeg\" \/>\n<meta name=\"twitter:card\" content=\"summary_large_image\" \/>\n<meta name=\"twitter:label1\" content=\"Pris\" \/>\n\t<meta name=\"twitter:data1\" content=\"1 196,00&nbsp;&#107;&#114; exkl. moms\" \/>\n\t<meta name=\"twitter:label2\" content=\"Tillg\u00e4nglig\" \/>\n\t<meta name=\"twitter:data2\" content=\"Slut i lager\" \/>\n<script type=\"application\/ld+json\" class=\"yoast-schema-graph\">{\"@context\":\"https:\/\/schema.org\",\"@graph\":[{\"@type\":\"WebPage\",\"@id\":\"https:\/\/www.visionxeurope.com\/se\/webbutik\/vision-x-tantrum-led-strobe-rock-light-bla\/\",\"url\":\"https:\/\/www.visionxeurope.com\/se\/webbutik\/vision-x-tantrum-led-strobe-rock-light-bla\/\",\"name\":\"VISION X TANTRUM LED STROBE & ROCK LIGHT BL\u00c5 - Vision X Europe\",\"isPartOf\":{\"@id\":\"https:\/\/www.visionxeurope.com\/se\/#website\"},\"primaryImageOfPage\":{\"@id\":\"https:\/\/www.visionxeurope.com\/se\/webbutik\/vision-x-tantrum-led-strobe-rock-light-bla\/#primaryimage\"},\"image\":{\"@id\":\"https:\/\/www.visionxeurope.com\/se\/webbutik\/vision-x-tantrum-led-strobe-rock-light-bla\/#primaryimage\"},\"thumbnailUrl\":\"https:\/\/www.visionxeurope.com\/se\/wp-content\/uploads\/sites\/7\/2022\/04\/HIL-STB.jpg\",\"datePublished\":\"2014-04-23T07:56:27+00:00\",\"dateModified\":\"2022-05-06T08:50:29+00:00\",\"breadcrumb\":{\"@id\":\"https:\/\/www.visionxeurope.com\/se\/webbutik\/vision-x-tantrum-led-strobe-rock-light-bla\/#breadcrumb\"},\"inLanguage\":\"sv-SE\",\"potentialAction\":[{\"@type\":\"ReadAction\",\"target\":[\"https:\/\/www.visionxeurope.com\/se\/webbutik\/vision-x-tantrum-led-strobe-rock-light-bla\/\"]}]},{\"@type\":\"ImageObject\",\"inLanguage\":\"sv-SE\",\"@id\":\"https:\/\/www.visionxeurope.com\/se\/webbutik\/vision-x-tantrum-led-strobe-rock-light-bla\/#primaryimage\",\"url\":\"https:\/\/www.visionxeurope.com\/se\/wp-content\/uploads\/sites\/7\/2022\/04\/HIL-STB.jpg\",\"contentUrl\":\"https:\/\/www.visionxeurope.com\/se\/wp-content\/uploads\/sites\/7\/2022\/04\/HIL-STB.jpg\",\"width\":450,\"height\":450},{\"@type\":\"BreadcrumbList\",\"@id\":\"https:\/\/www.visionxeurope.com\/se\/webbutik\/vision-x-tantrum-led-strobe-rock-light-bla\/#breadcrumb\",\"itemListElement\":[{\"@type\":\"ListItem\",\"position\":1,\"name\":\"Hem\",\"item\":\"https:\/\/www.visionxeurope.com\/se\/\"},{\"@type\":\"ListItem\",\"position\":2,\"name\":\"Webbutik\",\"item\":\"https:\/\/www.visionxeurope.com\/se\/webbutik\/\"},{\"@type\":\"ListItem\",\"position\":3,\"name\":\"VISION X TANTRUM LED STROBE &#038; ROCK LIGHT BL\u00c5\"}]},{\"@type\":\"WebSite\",\"@id\":\"https:\/\/www.visionxeurope.com\/se\/#website\",\"url\":\"https:\/\/www.visionxeurope.com\/se\/\",\"name\":\"Vision X Europe\",\"description\":\"\",\"publisher\":{\"@id\":\"https:\/\/www.visionxeurope.com\/se\/#organization\"},\"potentialAction\":[{\"@type\":\"SearchAction\",\"target\":{\"@type\":\"EntryPoint\",\"urlTemplate\":\"https:\/\/www.visionxeurope.com\/se\/?s={search_term_string}\"},\"query-input\":{\"@type\":\"PropertyValueSpecification\",\"valueRequired\":true,\"valueName\":\"search_term_string\"}}],\"inLanguage\":\"sv-SE\"},{\"@type\":\"Organization\",\"@id\":\"https:\/\/www.visionxeurope.com\/se\/#organization\",\"name\":\"Vision X Europe\",\"url\":\"https:\/\/www.visionxeurope.com\/se\/\",\"logo\":{\"@type\":\"ImageObject\",\"inLanguage\":\"sv-SE\",\"@id\":\"https:\/\/www.visionxeurope.com\/se\/#\/schema\/logo\/image\/\",\"url\":\"https:\/\/www.visionxeurope.com\/se\/wp-content\/uploads\/sites\/7\/2021\/04\/visionxeurope.png\",\"contentUrl\":\"https:\/\/www.visionxeurope.com\/se\/wp-content\/uploads\/sites\/7\/2021\/04\/visionxeurope.png\",\"width\":300,\"height\":110,\"caption\":\"Vision X Europe\"},\"image\":{\"@id\":\"https:\/\/www.visionxeurope.com\/se\/#\/schema\/logo\/image\/\"},\"sameAs\":[\"https:\/\/www.facebook.com\/visionxeurope\",\"https:\/\/www.instagram.com\/visionxeurope\/\"]}]}<\/script>\n<meta property=\"product:price:amount\" content=\"1196.00\" \/>\n<meta property=\"product:price:currency\" content=\"SEK\" \/>\n<meta property=\"og:availability\" content=\"out of stock\" \/>\n<meta property=\"product:availability\" content=\"out of stock\" \/>\n<meta property=\"product:retailer_item_id\" content=\"HIL-STB\" \/>\n<meta property=\"product:condition\" content=\"new\" \/>\n<!-- \/ Yoast SEO Premium plugin. -->","yoast_head_json":{"title":"VISION X TANTRUM LED STROBE & ROCK LIGHT BL\u00c5 - Vision X Europe","robots":{"index":"index","follow":"follow","max-snippet":"max-snippet:-1","max-image-preview":"max-image-preview:large","max-video-preview":"max-video-preview:-1"},"canonical":"https:\/\/www.visionxeurope.com\/se\/webbutik\/vision-x-tantrum-led-strobe-rock-light-bla\/","og_locale":"sv_SE","og_type":"article","og_title":"VISION X TANTRUM LED STROBE & ROCK LIGHT BL\u00c5","og_description":"Tantrum LED Strob Rock Kit levereras med \u00e5tta stycken LED pods som ger ett enormt ljus trots sin n\u00e4tta storlek. Den medf\u00f6ljande universalmonteringen g\u00f6r att kitet \u00e4r mycket enkelt att montera. Kan monteras permanent eller via cigguttaget.    Med fj\u00e4rrkontrollen styr du enkelt hur du vill att lamporna ska lysa. Inbyggd ljudl\u00e4gesfunktion som g\u00f6r att lamporna lyser mer ju mer ljud det \u00e4r runt styrenheten, musik och motorljud etc.    Passar mycket bra under bilar, i b\u00e5tar, motorutrymmen, p\u00e5 lastbilar mm.    Data:Vattent\u00e4tt lamphusInsp\u00e4nning: 12V DCStorlek p\u00e5 LED Pod: 31x19mm Monteringsdjup: 86mmStr\u00f6mf\u00f6rbrukning: 0.8 Amp vid 12VInstallation: 2 kablarAntal LED per Pod: 15st.LED diameter: 5mmVarje kit inneh\u00e5ller: 8 LED podar, kablage, Master kontrollenhet, Ljud interface, Tr\u00e5dl\u00f6s fj\u00e4rrkontrollF\u00e4rg p\u00e5 ljuset: Bl\u00e5","og_url":"https:\/\/www.visionxeurope.com\/se\/webbutik\/vision-x-tantrum-led-strobe-rock-light-bla\/","og_site_name":"Vision X Europe","article_publisher":"https:\/\/www.facebook.com\/visionxeurope","article_modified_time":"2022-05-06T08:50:29+00:00","og_image":[{"width":450,"height":450,"url":"https:\/\/www.rindab.se\/wp-content\/uploads\/sites\/7\/2022\/04\/HIL-STB.jpg","type":"image\/jpeg"}],"twitter_card":"summary_large_image","twitter_misc":{"Pris":"1 196,00&nbsp;&#107;&#114; exkl. moms","Tillg\u00e4nglig":"Slut i lager"},"schema":{"@context":"https:\/\/schema.org","@graph":[{"@type":"WebPage","@id":"https:\/\/www.visionxeurope.com\/se\/webbutik\/vision-x-tantrum-led-strobe-rock-light-bla\/","url":"https:\/\/www.visionxeurope.com\/se\/webbutik\/vision-x-tantrum-led-strobe-rock-light-bla\/","name":"VISION X TANTRUM LED STROBE & ROCK LIGHT BL\u00c5 - Vision X Europe","isPartOf":{"@id":"https:\/\/www.visionxeurope.com\/se\/#website"},"primaryImageOfPage":{"@id":"https:\/\/www.visionxeurope.com\/se\/webbutik\/vision-x-tantrum-led-strobe-rock-light-bla\/#primaryimage"},"image":{"@id":"https:\/\/www.visionxeurope.com\/se\/webbutik\/vision-x-tantrum-led-strobe-rock-light-bla\/#primaryimage"},"thumbnailUrl":"https:\/\/www.visionxeurope.com\/se\/wp-content\/uploads\/sites\/7\/2022\/04\/HIL-STB.jpg","datePublished":"2014-04-23T07:56:27+00:00","dateModified":"2022-05-06T08:50:29+00:00","breadcrumb":{"@id":"https:\/\/www.visionxeurope.com\/se\/webbutik\/vision-x-tantrum-led-strobe-rock-light-bla\/#breadcrumb"},"inLanguage":"sv-SE","potentialAction":[{"@type":"ReadAction","target":["https:\/\/www.visionxeurope.com\/se\/webbutik\/vision-x-tantrum-led-strobe-rock-light-bla\/"]}]},{"@type":"ImageObject","inLanguage":"sv-SE","@id":"https:\/\/www.visionxeurope.com\/se\/webbutik\/vision-x-tantrum-led-strobe-rock-light-bla\/#primaryimage","url":"https:\/\/www.visionxeurope.com\/se\/wp-content\/uploads\/sites\/7\/2022\/04\/HIL-STB.jpg","contentUrl":"https:\/\/www.visionxeurope.com\/se\/wp-content\/uploads\/sites\/7\/2022\/04\/HIL-STB.jpg","width":450,"height":450},{"@type":"BreadcrumbList","@id":"https:\/\/www.visionxeurope.com\/se\/webbutik\/vision-x-tantrum-led-strobe-rock-light-bla\/#breadcrumb","itemListElement":[{"@type":"ListItem","position":1,"name":"Hem","item":"https:\/\/www.visionxeurope.com\/se\/"},{"@type":"ListItem","position":2,"name":"Webbutik","item":"https:\/\/www.visionxeurope.com\/se\/webbutik\/"},{"@type":"ListItem","position":3,"name":"VISION X TANTRUM LED STROBE &#038; ROCK LIGHT BL\u00c5"}]},{"@type":"WebSite","@id":"https:\/\/www.visionxeurope.com\/se\/#website","url":"https:\/\/www.visionxeurope.com\/se\/","name":"Vision X Europe","description":"","publisher":{"@id":"https:\/\/www.visionxeurope.com\/se\/#organization"},"potentialAction":[{"@type":"SearchAction","target":{"@type":"EntryPoint","urlTemplate":"https:\/\/www.visionxeurope.com\/se\/?s={search_term_string}"},"query-input":{"@type":"PropertyValueSpecification","valueRequired":true,"valueName":"search_term_string"}}],"inLanguage":"sv-SE"},{"@type":"Organization","@id":"https:\/\/www.visionxeurope.com\/se\/#organization","name":"Vision X Europe","url":"https:\/\/www.visionxeurope.com\/se\/","logo":{"@type":"ImageObject","inLanguage":"sv-SE","@id":"https:\/\/www.visionxeurope.com\/se\/#\/schema\/logo\/image\/","url":"https:\/\/www.visionxeurope.com\/se\/wp-content\/uploads\/sites\/7\/2021\/04\/visionxeurope.png","contentUrl":"https:\/\/www.visionxeurope.com\/se\/wp-content\/uploads\/sites\/7\/2021\/04\/visionxeurope.png","width":300,"height":110,"caption":"Vision X Europe"},"image":{"@id":"https:\/\/www.visionxeurope.com\/se\/#\/schema\/logo\/image\/"},"sameAs":["https:\/\/www.facebook.com\/visionxeurope","https:\/\/www.instagram.com\/visionxeurope\/"]}]},"product_price_amount":"1196.00","product_price_currency":"SEK","og_availability":"out of stock","product_availability":"out of stock","product_retailer_item_id":"HIL-STB","product_condition":"new"},"_links":{"self":[{"href":"https:\/\/www.visionxeurope.com\/se\/wp-json\/wp\/v2\/product\/13137","targetHints":{"allow":["GET"]}}],"collection":[{"href":"https:\/\/www.visionxeurope.com\/se\/wp-json\/wp\/v2\/product"}],"about":[{"href":"https:\/\/www.visionxeurope.com\/se\/wp-json\/wp\/v2\/types\/product"}],"replies":[{"embeddable":true,"href":"https:\/\/www.visionxeurope.com\/se\/wp-json\/wp\/v2\/comments?post=13137"}],"wp:featuredmedia":[{"embeddable":true,"href":"https:\/\/www.visionxeurope.com\/se\/wp-json\/wp\/v2\/media\/14312"}],"wp:attachment":[{"href":"https:\/\/www.visionxeurope.com\/se\/wp-json\/wp\/v2\/media?parent=13137"}],"wp:term":[{"taxonomy":"product_brand","embeddable":true,"href":"https:\/\/www.visionxeurope.com\/se\/wp-json\/wp\/v2\/product_brand?post=13137"},{"taxonomy":"product_cat","embeddable":true,"href":"https:\/\/www.visionxeurope.com\/se\/wp-json\/wp\/v2\/product_cat?post=13137"},{"taxonomy":"product_tag","embeddable":true,"href":"https:\/\/www.visionxeurope.com\/se\/wp-json\/wp\/v2\/product_tag?post=13137"}],"curies":[{"name":"wp","href":"https:\/\/api.w.org\/{rel}","templated":true}]}}