{"id":13135,"date":"2014-04-23T09:56:27","date_gmt":"2014-04-23T07:56:27","guid":{"rendered":"https:\/\/www.visionxeurope.com\/se\/produkt\/vision-x-rivets-led-4-pack-vit\/"},"modified":"2026-03-05T11:55:35","modified_gmt":"2026-03-05T10:55:35","slug":"vision-x-rivets-led-4-pack-vit","status":"publish","type":"product","link":"https:\/\/www.visionxeurope.com\/se\/webbutik\/vision-x-rivets-led-4-pack-vit\/","title":{"rendered":"VISION X RIVETS LED 4-PACK VIT"},"content":{"rendered":"<p><\/p>\n<p>Smidig och stilren accentbelysning f\u00f6r hytter, i motorutrymmen p\u00e5 lastbilar, i b\u00e5tar och bilar, p\u00e5 MC med mera. Anv\u00e4ndningsomr\u00e5det \u00e4r stort och kan kombineras p\u00e5 olika s\u00e4tt.<\/p>\n<p><\/p>\n<p><\/p>\n<p>Rivets best\u00e5r av fyra stycken 5mm LED med separata kablar. Extremt l\u00e5g str\u00f6mf\u00f6rbrukning, mindre \u00e4n 0.1 Ampere. Lyser mycket starkt och ansluts enkelt direkt till 12 Volt.<\/p>\n<p><\/p>\n<p><\/p>\n<p><strong>Data:<\/strong><br \/>Sp\u00e4nning: 12 V<br \/>LED diameter: 5 mm<br \/>Kabell\u00e4ngd: 50 cm (separat f\u00f6r varje LED)<br \/>Str\u00f6mf\u00f6rbrukning: Mindre \u00e4n 0.1 Amp<br \/>Antal LED per kit: 4 st<br \/>F\u00e4rg avst\u00e4ngd: Transparent<br \/>F\u00e4rg p\u00e5slagen: Vit<\/p>\n<p><\/p>","protected":false},"excerpt":{"rendered":"<p>Smidig och stilren accentbelysning f\u00f6r hytter, i motorutrymmen p\u00e5 lastbilar, i b\u00e5tar och bilar, p\u00e5 MC med mera. Anv\u00e4ndningsomr\u00e5det \u00e4r stort och kan kombineras p\u00e5 olika s\u00e4tt.<\/p>\n<p>Rivets best\u00e5r av fyra stycken 5mm LED med separata kablar. Extremt l\u00e5g str\u00f6mf\u00f6rbrukning, mindre \u00e4n 0.1 Ampere. Lyser mycket starkt och ansluts enkelt direkt till 12 Volt.<\/p>\n<p><strong>Data:<\/strong><br \/>Sp\u00e4nning: 12 V<br \/>LED diameter: 5 mm<br \/>Kabell\u00e4ngd: 50 cm (separat f\u00f6r varje LED)<br \/>Str\u00f6mf\u00f6rbrukning: Mindre \u00e4n 0.1 Amp<br \/>Antal LED per kit: 4 st<br \/>F\u00e4rg avst\u00e4ngd: Transparent<br \/>F\u00e4rg p\u00e5slagen: Vit<\/p>\n","protected":false},"featured_media":14309,"comment_status":"closed","ping_status":"open","template":"","meta":{"editor_notices":[]},"product_brand":[],"product_cat":[49],"product_tag":[],"class_list":{"0":"post-13135","1":"product","2":"type-product","3":"status-publish","4":"has-post-thumbnail","6":"product_cat-accentbelysning","7":"resize-featured-image","8":"","9":"woocommerce-text-align-left","10":"woocommerce-image-align-center","12":"first","13":"instock","14":"taxable","15":"shipping-taxable","16":"product-type-simple"},"yoast_head":"<!-- This site is optimized with the Yoast SEO Premium plugin v25.0 (Yoast SEO v25.0) - https:\/\/yoast.com\/wordpress\/plugins\/seo\/ -->\n<title>VISION X RIVETS LED 4-PACK VIT - Vision X Europe<\/title>\n<meta name=\"robots\" content=\"index, follow, max-snippet:-1, max-image-preview:large, max-video-preview:-1\" \/>\n<link rel=\"canonical\" href=\"https:\/\/www.visionxeurope.com\/se\/webbutik\/vision-x-rivets-led-4-pack-vit\/\" \/>\n<meta property=\"og:locale\" content=\"sv_SE\" \/>\n<meta property=\"og:type\" content=\"article\" \/>\n<meta property=\"og:title\" content=\"VISION X RIVETS LED 4-PACK VIT\" \/>\n<meta property=\"og:description\" content=\"Smidig och stilren accentbelysning f\u00f6r hytter, i motorutrymmen p\u00e5 lastbilar, i b\u00e5tar och bilar, p\u00e5 MC med mera. Anv\u00e4ndningsomr\u00e5det \u00e4r stort och kan kombineras p\u00e5 olika s\u00e4tt. Rivets best\u00e5r av fyra stycken 5mm LED med separata kablar. Extremt l\u00e5g str\u00f6mf\u00f6rbrukning, mindre \u00e4n 0.1 Ampere. Lyser mycket starkt och ansluts enkelt direkt till 12 Volt. Data:Sp\u00e4nning: 12 VLED diameter: 5 mmKabell\u00e4ngd: 50 cm (separat f\u00f6r varje LED)Str\u00f6mf\u00f6rbrukning: Mindre \u00e4n 0.1 AmpAntal LED per kit: 4 stF\u00e4rg avst\u00e4ngd: TransparentF\u00e4rg p\u00e5slagen: Vit\" \/>\n<meta property=\"og:url\" content=\"https:\/\/www.visionxeurope.com\/se\/webbutik\/vision-x-rivets-led-4-pack-vit\/\" \/>\n<meta property=\"og:site_name\" content=\"Vision X Europe\" \/>\n<meta property=\"article:publisher\" content=\"https:\/\/www.facebook.com\/visionxeurope\" \/>\n<meta property=\"article:modified_time\" content=\"2026-03-05T10:55:35+00:00\" \/>\n<meta property=\"og:image\" content=\"https:\/\/www.visionxeurope.com\/se\/wp-content\/uploads\/sites\/7\/2022\/04\/HIL-SLW.jpg\" \/>\n\t<meta property=\"og:image:width\" content=\"450\" \/>\n\t<meta property=\"og:image:height\" content=\"450\" \/>\n\t<meta property=\"og:image:type\" content=\"image\/jpeg\" \/>\n<meta name=\"twitter:card\" content=\"summary_large_image\" \/>\n<meta name=\"twitter:label1\" content=\"Pris\" \/>\n\t<meta name=\"twitter:data1\" content=\"70,00&nbsp;&#107;&#114; exkl. moms\" \/>\n\t<meta name=\"twitter:label2\" content=\"Tillg\u00e4nglig\" \/>\n\t<meta name=\"twitter:data2\" content=\"I lager\" \/>\n<script type=\"application\/ld+json\" class=\"yoast-schema-graph\">{\"@context\":\"https:\/\/schema.org\",\"@graph\":[{\"@type\":\"WebPage\",\"@id\":\"https:\/\/www.visionxeurope.com\/se\/webbutik\/vision-x-rivets-led-4-pack-vit\/\",\"url\":\"https:\/\/www.visionxeurope.com\/se\/webbutik\/vision-x-rivets-led-4-pack-vit\/\",\"name\":\"VISION X RIVETS LED 4-PACK VIT - Vision X Europe\",\"isPartOf\":{\"@id\":\"https:\/\/www.visionxeurope.com\/se\/#website\"},\"primaryImageOfPage\":{\"@id\":\"https:\/\/www.visionxeurope.com\/se\/webbutik\/vision-x-rivets-led-4-pack-vit\/#primaryimage\"},\"image\":{\"@id\":\"https:\/\/www.visionxeurope.com\/se\/webbutik\/vision-x-rivets-led-4-pack-vit\/#primaryimage\"},\"thumbnailUrl\":\"https:\/\/www.visionxeurope.com\/se\/wp-content\/uploads\/sites\/7\/2022\/04\/HIL-SLW.jpg\",\"datePublished\":\"2014-04-23T07:56:27+00:00\",\"dateModified\":\"2026-03-05T10:55:35+00:00\",\"breadcrumb\":{\"@id\":\"https:\/\/www.visionxeurope.com\/se\/webbutik\/vision-x-rivets-led-4-pack-vit\/#breadcrumb\"},\"inLanguage\":\"sv-SE\",\"potentialAction\":[{\"@type\":\"ReadAction\",\"target\":[\"https:\/\/www.visionxeurope.com\/se\/webbutik\/vision-x-rivets-led-4-pack-vit\/\"]}]},{\"@type\":\"ImageObject\",\"inLanguage\":\"sv-SE\",\"@id\":\"https:\/\/www.visionxeurope.com\/se\/webbutik\/vision-x-rivets-led-4-pack-vit\/#primaryimage\",\"url\":\"https:\/\/www.visionxeurope.com\/se\/wp-content\/uploads\/sites\/7\/2022\/04\/HIL-SLW.jpg\",\"contentUrl\":\"https:\/\/www.visionxeurope.com\/se\/wp-content\/uploads\/sites\/7\/2022\/04\/HIL-SLW.jpg\",\"width\":450,\"height\":450},{\"@type\":\"BreadcrumbList\",\"@id\":\"https:\/\/www.visionxeurope.com\/se\/webbutik\/vision-x-rivets-led-4-pack-vit\/#breadcrumb\",\"itemListElement\":[{\"@type\":\"ListItem\",\"position\":1,\"name\":\"Hem\",\"item\":\"https:\/\/www.visionxeurope.com\/se\/\"},{\"@type\":\"ListItem\",\"position\":2,\"name\":\"Webbutik\",\"item\":\"https:\/\/www.visionxeurope.com\/se\/webbutik\/\"},{\"@type\":\"ListItem\",\"position\":3,\"name\":\"VISION X RIVETS LED 4-PACK VIT\"}]},{\"@type\":\"WebSite\",\"@id\":\"https:\/\/www.visionxeurope.com\/se\/#website\",\"url\":\"https:\/\/www.visionxeurope.com\/se\/\",\"name\":\"Vision X Europe\",\"description\":\"\",\"publisher\":{\"@id\":\"https:\/\/www.visionxeurope.com\/se\/#organization\"},\"potentialAction\":[{\"@type\":\"SearchAction\",\"target\":{\"@type\":\"EntryPoint\",\"urlTemplate\":\"https:\/\/www.visionxeurope.com\/se\/?s={search_term_string}\"},\"query-input\":{\"@type\":\"PropertyValueSpecification\",\"valueRequired\":true,\"valueName\":\"search_term_string\"}}],\"inLanguage\":\"sv-SE\"},{\"@type\":\"Organization\",\"@id\":\"https:\/\/www.visionxeurope.com\/se\/#organization\",\"name\":\"Vision X Europe\",\"url\":\"https:\/\/www.visionxeurope.com\/se\/\",\"logo\":{\"@type\":\"ImageObject\",\"inLanguage\":\"sv-SE\",\"@id\":\"https:\/\/www.visionxeurope.com\/se\/#\/schema\/logo\/image\/\",\"url\":\"https:\/\/www.visionxeurope.com\/se\/wp-content\/uploads\/sites\/7\/2021\/04\/visionxeurope.png\",\"contentUrl\":\"https:\/\/www.visionxeurope.com\/se\/wp-content\/uploads\/sites\/7\/2021\/04\/visionxeurope.png\",\"width\":300,\"height\":110,\"caption\":\"Vision X Europe\"},\"image\":{\"@id\":\"https:\/\/www.visionxeurope.com\/se\/#\/schema\/logo\/image\/\"},\"sameAs\":[\"https:\/\/www.facebook.com\/visionxeurope\",\"https:\/\/www.instagram.com\/visionxeurope\/\"]}]}<\/script>\n<meta property=\"product:price:amount\" content=\"70.00\" \/>\n<meta property=\"product:price:currency\" content=\"SEK\" \/>\n<meta property=\"og:availability\" content=\"instock\" \/>\n<meta property=\"product:availability\" content=\"instock\" \/>\n<meta property=\"product:retailer_item_id\" content=\"HIL-SLW\" \/>\n<meta property=\"product:condition\" content=\"new\" \/>\n<!-- \/ Yoast SEO Premium plugin. -->","yoast_head_json":{"title":"VISION X RIVETS LED 4-PACK VIT - Vision X Europe","robots":{"index":"index","follow":"follow","max-snippet":"max-snippet:-1","max-image-preview":"max-image-preview:large","max-video-preview":"max-video-preview:-1"},"canonical":"https:\/\/www.visionxeurope.com\/se\/webbutik\/vision-x-rivets-led-4-pack-vit\/","og_locale":"sv_SE","og_type":"article","og_title":"VISION X RIVETS LED 4-PACK VIT","og_description":"Smidig och stilren accentbelysning f\u00f6r hytter, i motorutrymmen p\u00e5 lastbilar, i b\u00e5tar och bilar, p\u00e5 MC med mera. Anv\u00e4ndningsomr\u00e5det \u00e4r stort och kan kombineras p\u00e5 olika s\u00e4tt. Rivets best\u00e5r av fyra stycken 5mm LED med separata kablar. Extremt l\u00e5g str\u00f6mf\u00f6rbrukning, mindre \u00e4n 0.1 Ampere. Lyser mycket starkt och ansluts enkelt direkt till 12 Volt. Data:Sp\u00e4nning: 12 VLED diameter: 5 mmKabell\u00e4ngd: 50 cm (separat f\u00f6r varje LED)Str\u00f6mf\u00f6rbrukning: Mindre \u00e4n 0.1 AmpAntal LED per kit: 4 stF\u00e4rg avst\u00e4ngd: TransparentF\u00e4rg p\u00e5slagen: Vit","og_url":"https:\/\/www.visionxeurope.com\/se\/webbutik\/vision-x-rivets-led-4-pack-vit\/","og_site_name":"Vision X Europe","article_publisher":"https:\/\/www.facebook.com\/visionxeurope","article_modified_time":"2026-03-05T10:55:35+00:00","og_image":[{"width":450,"height":450,"url":"https:\/\/www.visionxeurope.com\/se\/wp-content\/uploads\/sites\/7\/2022\/04\/HIL-SLW.jpg","type":"image\/jpeg"}],"twitter_card":"summary_large_image","twitter_misc":{"Pris":"70,00&nbsp;&#107;&#114; exkl. moms","Tillg\u00e4nglig":"I lager"},"schema":{"@context":"https:\/\/schema.org","@graph":[{"@type":"WebPage","@id":"https:\/\/www.visionxeurope.com\/se\/webbutik\/vision-x-rivets-led-4-pack-vit\/","url":"https:\/\/www.visionxeurope.com\/se\/webbutik\/vision-x-rivets-led-4-pack-vit\/","name":"VISION X RIVETS LED 4-PACK VIT - Vision X Europe","isPartOf":{"@id":"https:\/\/www.visionxeurope.com\/se\/#website"},"primaryImageOfPage":{"@id":"https:\/\/www.visionxeurope.com\/se\/webbutik\/vision-x-rivets-led-4-pack-vit\/#primaryimage"},"image":{"@id":"https:\/\/www.visionxeurope.com\/se\/webbutik\/vision-x-rivets-led-4-pack-vit\/#primaryimage"},"thumbnailUrl":"https:\/\/www.visionxeurope.com\/se\/wp-content\/uploads\/sites\/7\/2022\/04\/HIL-SLW.jpg","datePublished":"2014-04-23T07:56:27+00:00","dateModified":"2026-03-05T10:55:35+00:00","breadcrumb":{"@id":"https:\/\/www.visionxeurope.com\/se\/webbutik\/vision-x-rivets-led-4-pack-vit\/#breadcrumb"},"inLanguage":"sv-SE","potentialAction":[{"@type":"ReadAction","target":["https:\/\/www.visionxeurope.com\/se\/webbutik\/vision-x-rivets-led-4-pack-vit\/"]}]},{"@type":"ImageObject","inLanguage":"sv-SE","@id":"https:\/\/www.visionxeurope.com\/se\/webbutik\/vision-x-rivets-led-4-pack-vit\/#primaryimage","url":"https:\/\/www.visionxeurope.com\/se\/wp-content\/uploads\/sites\/7\/2022\/04\/HIL-SLW.jpg","contentUrl":"https:\/\/www.visionxeurope.com\/se\/wp-content\/uploads\/sites\/7\/2022\/04\/HIL-SLW.jpg","width":450,"height":450},{"@type":"BreadcrumbList","@id":"https:\/\/www.visionxeurope.com\/se\/webbutik\/vision-x-rivets-led-4-pack-vit\/#breadcrumb","itemListElement":[{"@type":"ListItem","position":1,"name":"Hem","item":"https:\/\/www.visionxeurope.com\/se\/"},{"@type":"ListItem","position":2,"name":"Webbutik","item":"https:\/\/www.visionxeurope.com\/se\/webbutik\/"},{"@type":"ListItem","position":3,"name":"VISION X RIVETS LED 4-PACK VIT"}]},{"@type":"WebSite","@id":"https:\/\/www.visionxeurope.com\/se\/#website","url":"https:\/\/www.visionxeurope.com\/se\/","name":"Vision X Europe","description":"","publisher":{"@id":"https:\/\/www.visionxeurope.com\/se\/#organization"},"potentialAction":[{"@type":"SearchAction","target":{"@type":"EntryPoint","urlTemplate":"https:\/\/www.visionxeurope.com\/se\/?s={search_term_string}"},"query-input":{"@type":"PropertyValueSpecification","valueRequired":true,"valueName":"search_term_string"}}],"inLanguage":"sv-SE"},{"@type":"Organization","@id":"https:\/\/www.visionxeurope.com\/se\/#organization","name":"Vision X Europe","url":"https:\/\/www.visionxeurope.com\/se\/","logo":{"@type":"ImageObject","inLanguage":"sv-SE","@id":"https:\/\/www.visionxeurope.com\/se\/#\/schema\/logo\/image\/","url":"https:\/\/www.visionxeurope.com\/se\/wp-content\/uploads\/sites\/7\/2021\/04\/visionxeurope.png","contentUrl":"https:\/\/www.visionxeurope.com\/se\/wp-content\/uploads\/sites\/7\/2021\/04\/visionxeurope.png","width":300,"height":110,"caption":"Vision X Europe"},"image":{"@id":"https:\/\/www.visionxeurope.com\/se\/#\/schema\/logo\/image\/"},"sameAs":["https:\/\/www.facebook.com\/visionxeurope","https:\/\/www.instagram.com\/visionxeurope\/"]}]},"product_price_amount":"70.00","product_price_currency":"SEK","og_availability":"instock","product_availability":"instock","product_retailer_item_id":"HIL-SLW","product_condition":"new"},"_links":{"self":[{"href":"https:\/\/www.visionxeurope.com\/se\/wp-json\/wp\/v2\/product\/13135","targetHints":{"allow":["GET"]}}],"collection":[{"href":"https:\/\/www.visionxeurope.com\/se\/wp-json\/wp\/v2\/product"}],"about":[{"href":"https:\/\/www.visionxeurope.com\/se\/wp-json\/wp\/v2\/types\/product"}],"replies":[{"embeddable":true,"href":"https:\/\/www.visionxeurope.com\/se\/wp-json\/wp\/v2\/comments?post=13135"}],"wp:featuredmedia":[{"embeddable":true,"href":"https:\/\/www.visionxeurope.com\/se\/wp-json\/wp\/v2\/media\/14309"}],"wp:attachment":[{"href":"https:\/\/www.visionxeurope.com\/se\/wp-json\/wp\/v2\/media?parent=13135"}],"wp:term":[{"taxonomy":"product_brand","embeddable":true,"href":"https:\/\/www.visionxeurope.com\/se\/wp-json\/wp\/v2\/product_brand?post=13135"},{"taxonomy":"product_cat","embeddable":true,"href":"https:\/\/www.visionxeurope.com\/se\/wp-json\/wp\/v2\/product_cat?post=13135"},{"taxonomy":"product_tag","embeddable":true,"href":"https:\/\/www.visionxeurope.com\/se\/wp-json\/wp\/v2\/product_tag?post=13135"}],"curies":[{"name":"wp","href":"https:\/\/api.w.org\/{rel}","templated":true}]}}