{"id":13132,"date":"2014-04-23T09:56:27","date_gmt":"2014-04-23T07:56:27","guid":{"rendered":"https:\/\/www.visionxeurope.com\/se\/produkt\/vision-x-rivets-led-4-pack-bla\/"},"modified":"2026-01-08T22:15:34","modified_gmt":"2026-01-08T21:15:34","slug":"vision-x-rivets-led-4-pack-bla","status":"publish","type":"product","link":"https:\/\/www.visionxeurope.com\/se\/webbutik\/vision-x-rivets-led-4-pack-bla\/","title":{"rendered":"VISION X RIVETS LED 4-PACK BL\u00c5"},"content":{"rendered":"<p><\/p>\n<p>Smidig och stilren accentbelysning f\u00f6r hytter, i motorutrymmen p\u00e5 lastbilar, i b\u00e5tar och bilar, p\u00e5 MC med mera. Anv\u00e4ndningsomr\u00e5det \u00e4r stort och kan kombineras p\u00e5 olika s\u00e4tt.<\/p>\n<p><\/p>\n<p><\/p>\n<p>Rivets best\u00e5r av fyra stycken 5mm LED med separata kablar. Extremt l\u00e5g str\u00f6mf\u00f6rbrukning, mindre \u00e4n 0.1 Ampere. Lyser mycket starkt och ansluts enkelt direkt till 12 Volt.<br \/><strong><br \/>Data:<br \/><\/strong>Sp\u00e4nning: 12 V<br \/>LED diameter: 5 mm<br \/>Kabell\u00e4ngd: 50 cm (separat f\u00f6r varje LED)<br \/>Str\u00f6mf\u00f6rbrukning: Mindre \u00e4n 0.1 Amp<br \/>Antal LED per kit: 4 st<br \/>F\u00e4rg avst\u00e4ngd: Transparent<br \/>F\u00e4rg p\u00e5slagen: Bl\u00e5<\/p>\n<p><\/p>","protected":false},"excerpt":{"rendered":"<p>Smidig och stilren accentbelysning f\u00f6r hytter, i motorutrymmen p\u00e5 lastbilar, i b\u00e5tar och bilar, p\u00e5 MC med mera. Anv\u00e4ndningsomr\u00e5det \u00e4r stort och kan kombineras p\u00e5 olika s\u00e4tt.<\/p>\n<p>Rivets best\u00e5r av fyra stycken 5mm LED med separata kablar. Extremt l\u00e5g str\u00f6mf\u00f6rbrukning, mindre \u00e4n 0.1 Ampere. Lyser mycket starkt och ansluts enkelt direkt till 12 Volt.<br \/><strong><br \/>Data:<br \/><\/strong>Sp\u00e4nning: 12 V<br \/>LED diameter: 5 mm<br \/>Kabell\u00e4ngd: 50 cm (separat f\u00f6r varje LED)<br \/>Str\u00f6mf\u00f6rbrukning: Mindre \u00e4n 0.1 Amp<br \/>Antal LED per kit: 4 st<br \/>F\u00e4rg avst\u00e4ngd: Transparent<br \/>F\u00e4rg p\u00e5slagen: Bl\u00e5<\/p>\n","protected":false},"featured_media":14305,"comment_status":"open","ping_status":"open","template":"","meta":{"editor_notices":[]},"product_brand":[],"product_cat":[49],"product_tag":[],"class_list":{"0":"post-13132","1":"product","2":"type-product","3":"status-publish","4":"has-post-thumbnail","6":"product_cat-accentbelysning","7":"resize-featured-image","8":"","9":"woocommerce-text-align-left","10":"woocommerce-image-align-center","12":"first","13":"outofstock","14":"taxable","15":"shipping-taxable","16":"product-type-simple"},"yoast_head":"<!-- This site is optimized with the Yoast SEO Premium plugin v25.0 (Yoast SEO v25.0) - https:\/\/yoast.com\/wordpress\/plugins\/seo\/ -->\n<title>VISION X RIVETS LED 4-PACK BL\u00c5 - Vision X Europe<\/title>\n<meta name=\"robots\" content=\"index, follow, max-snippet:-1, max-image-preview:large, max-video-preview:-1\" \/>\n<link rel=\"canonical\" href=\"https:\/\/www.visionxeurope.com\/se\/webbutik\/vision-x-rivets-led-4-pack-bla\/\" \/>\n<meta property=\"og:locale\" content=\"sv_SE\" \/>\n<meta property=\"og:type\" content=\"article\" \/>\n<meta property=\"og:title\" content=\"VISION X RIVETS LED 4-PACK BL\u00c5\" \/>\n<meta property=\"og:description\" content=\"Smidig och stilren accentbelysning f\u00f6r hytter, i motorutrymmen p\u00e5 lastbilar, i b\u00e5tar och bilar, p\u00e5 MC med mera. Anv\u00e4ndningsomr\u00e5det \u00e4r stort och kan kombineras p\u00e5 olika s\u00e4tt. Rivets best\u00e5r av fyra stycken 5mm LED med separata kablar. Extremt l\u00e5g str\u00f6mf\u00f6rbrukning, mindre \u00e4n 0.1 Ampere. Lyser mycket starkt och ansluts enkelt direkt till 12 Volt.Data:Sp\u00e4nning: 12 VLED diameter: 5 mmKabell\u00e4ngd: 50 cm (separat f\u00f6r varje LED)Str\u00f6mf\u00f6rbrukning: Mindre \u00e4n 0.1 AmpAntal LED per kit: 4 stF\u00e4rg avst\u00e4ngd: TransparentF\u00e4rg p\u00e5slagen: Bl\u00e5\" \/>\n<meta property=\"og:url\" content=\"https:\/\/www.visionxeurope.com\/se\/webbutik\/vision-x-rivets-led-4-pack-bla\/\" \/>\n<meta property=\"og:site_name\" content=\"Vision X Europe\" \/>\n<meta property=\"article:publisher\" content=\"https:\/\/www.facebook.com\/visionxeurope\" \/>\n<meta property=\"article:modified_time\" content=\"2026-01-08T21:15:34+00:00\" \/>\n<meta property=\"og:image\" content=\"https:\/\/www.rindab.se\/wp-content\/uploads\/sites\/7\/2022\/04\/HIL-SLB.jpg\" \/>\n\t<meta property=\"og:image:width\" content=\"450\" \/>\n\t<meta property=\"og:image:height\" content=\"450\" \/>\n\t<meta property=\"og:image:type\" content=\"image\/jpeg\" \/>\n<meta name=\"twitter:card\" content=\"summary_large_image\" \/>\n<meta name=\"twitter:label1\" content=\"Pris\" \/>\n\t<meta name=\"twitter:data1\" content=\"65,00&nbsp;&#107;&#114; exkl. moms\" \/>\n\t<meta name=\"twitter:label2\" content=\"Tillg\u00e4nglig\" \/>\n\t<meta name=\"twitter:data2\" content=\"Slut i lager\" \/>\n<script type=\"application\/ld+json\" class=\"yoast-schema-graph\">{\"@context\":\"https:\/\/schema.org\",\"@graph\":[{\"@type\":\"WebPage\",\"@id\":\"https:\/\/www.visionxeurope.com\/se\/webbutik\/vision-x-rivets-led-4-pack-bla\/\",\"url\":\"https:\/\/www.visionxeurope.com\/se\/webbutik\/vision-x-rivets-led-4-pack-bla\/\",\"name\":\"VISION X RIVETS LED 4-PACK BL\u00c5 - Vision X Europe\",\"isPartOf\":{\"@id\":\"https:\/\/www.visionxeurope.com\/se\/#website\"},\"primaryImageOfPage\":{\"@id\":\"https:\/\/www.visionxeurope.com\/se\/webbutik\/vision-x-rivets-led-4-pack-bla\/#primaryimage\"},\"image\":{\"@id\":\"https:\/\/www.visionxeurope.com\/se\/webbutik\/vision-x-rivets-led-4-pack-bla\/#primaryimage\"},\"thumbnailUrl\":\"https:\/\/www.visionxeurope.com\/se\/wp-content\/uploads\/sites\/7\/2022\/04\/HIL-SLB.jpg\",\"datePublished\":\"2014-04-23T07:56:27+00:00\",\"dateModified\":\"2026-01-08T21:15:34+00:00\",\"breadcrumb\":{\"@id\":\"https:\/\/www.visionxeurope.com\/se\/webbutik\/vision-x-rivets-led-4-pack-bla\/#breadcrumb\"},\"inLanguage\":\"sv-SE\",\"potentialAction\":[{\"@type\":\"ReadAction\",\"target\":[\"https:\/\/www.visionxeurope.com\/se\/webbutik\/vision-x-rivets-led-4-pack-bla\/\"]}]},{\"@type\":\"ImageObject\",\"inLanguage\":\"sv-SE\",\"@id\":\"https:\/\/www.visionxeurope.com\/se\/webbutik\/vision-x-rivets-led-4-pack-bla\/#primaryimage\",\"url\":\"https:\/\/www.visionxeurope.com\/se\/wp-content\/uploads\/sites\/7\/2022\/04\/HIL-SLB.jpg\",\"contentUrl\":\"https:\/\/www.visionxeurope.com\/se\/wp-content\/uploads\/sites\/7\/2022\/04\/HIL-SLB.jpg\",\"width\":450,\"height\":450},{\"@type\":\"BreadcrumbList\",\"@id\":\"https:\/\/www.visionxeurope.com\/se\/webbutik\/vision-x-rivets-led-4-pack-bla\/#breadcrumb\",\"itemListElement\":[{\"@type\":\"ListItem\",\"position\":1,\"name\":\"Hem\",\"item\":\"https:\/\/www.visionxeurope.com\/se\/\"},{\"@type\":\"ListItem\",\"position\":2,\"name\":\"Webbutik\",\"item\":\"https:\/\/www.visionxeurope.com\/se\/webbutik\/\"},{\"@type\":\"ListItem\",\"position\":3,\"name\":\"VISION X RIVETS LED 4-PACK BL\u00c5\"}]},{\"@type\":\"WebSite\",\"@id\":\"https:\/\/www.visionxeurope.com\/se\/#website\",\"url\":\"https:\/\/www.visionxeurope.com\/se\/\",\"name\":\"Vision X Europe\",\"description\":\"\",\"publisher\":{\"@id\":\"https:\/\/www.visionxeurope.com\/se\/#organization\"},\"potentialAction\":[{\"@type\":\"SearchAction\",\"target\":{\"@type\":\"EntryPoint\",\"urlTemplate\":\"https:\/\/www.visionxeurope.com\/se\/?s={search_term_string}\"},\"query-input\":{\"@type\":\"PropertyValueSpecification\",\"valueRequired\":true,\"valueName\":\"search_term_string\"}}],\"inLanguage\":\"sv-SE\"},{\"@type\":\"Organization\",\"@id\":\"https:\/\/www.visionxeurope.com\/se\/#organization\",\"name\":\"Vision X Europe\",\"url\":\"https:\/\/www.visionxeurope.com\/se\/\",\"logo\":{\"@type\":\"ImageObject\",\"inLanguage\":\"sv-SE\",\"@id\":\"https:\/\/www.visionxeurope.com\/se\/#\/schema\/logo\/image\/\",\"url\":\"https:\/\/www.visionxeurope.com\/se\/wp-content\/uploads\/sites\/7\/2021\/04\/visionxeurope.png\",\"contentUrl\":\"https:\/\/www.visionxeurope.com\/se\/wp-content\/uploads\/sites\/7\/2021\/04\/visionxeurope.png\",\"width\":300,\"height\":110,\"caption\":\"Vision X Europe\"},\"image\":{\"@id\":\"https:\/\/www.visionxeurope.com\/se\/#\/schema\/logo\/image\/\"},\"sameAs\":[\"https:\/\/www.facebook.com\/visionxeurope\",\"https:\/\/www.instagram.com\/visionxeurope\/\"]}]}<\/script>\n<meta property=\"product:price:amount\" content=\"65.00\" \/>\n<meta property=\"product:price:currency\" content=\"SEK\" \/>\n<meta property=\"og:availability\" content=\"out of stock\" \/>\n<meta property=\"product:availability\" content=\"out of stock\" \/>\n<meta property=\"product:retailer_item_id\" content=\"HIL-SLB\" \/>\n<meta property=\"product:condition\" content=\"new\" \/>\n<!-- \/ Yoast SEO Premium plugin. -->","yoast_head_json":{"title":"VISION X RIVETS LED 4-PACK BL\u00c5 - Vision X Europe","robots":{"index":"index","follow":"follow","max-snippet":"max-snippet:-1","max-image-preview":"max-image-preview:large","max-video-preview":"max-video-preview:-1"},"canonical":"https:\/\/www.visionxeurope.com\/se\/webbutik\/vision-x-rivets-led-4-pack-bla\/","og_locale":"sv_SE","og_type":"article","og_title":"VISION X RIVETS LED 4-PACK BL\u00c5","og_description":"Smidig och stilren accentbelysning f\u00f6r hytter, i motorutrymmen p\u00e5 lastbilar, i b\u00e5tar och bilar, p\u00e5 MC med mera. Anv\u00e4ndningsomr\u00e5det \u00e4r stort och kan kombineras p\u00e5 olika s\u00e4tt. Rivets best\u00e5r av fyra stycken 5mm LED med separata kablar. Extremt l\u00e5g str\u00f6mf\u00f6rbrukning, mindre \u00e4n 0.1 Ampere. Lyser mycket starkt och ansluts enkelt direkt till 12 Volt.Data:Sp\u00e4nning: 12 VLED diameter: 5 mmKabell\u00e4ngd: 50 cm (separat f\u00f6r varje LED)Str\u00f6mf\u00f6rbrukning: Mindre \u00e4n 0.1 AmpAntal LED per kit: 4 stF\u00e4rg avst\u00e4ngd: TransparentF\u00e4rg p\u00e5slagen: Bl\u00e5","og_url":"https:\/\/www.visionxeurope.com\/se\/webbutik\/vision-x-rivets-led-4-pack-bla\/","og_site_name":"Vision X Europe","article_publisher":"https:\/\/www.facebook.com\/visionxeurope","article_modified_time":"2026-01-08T21:15:34+00:00","og_image":[{"width":450,"height":450,"url":"https:\/\/www.rindab.se\/wp-content\/uploads\/sites\/7\/2022\/04\/HIL-SLB.jpg","type":"image\/jpeg"}],"twitter_card":"summary_large_image","twitter_misc":{"Pris":"65,00&nbsp;&#107;&#114; exkl. moms","Tillg\u00e4nglig":"Slut i lager"},"schema":{"@context":"https:\/\/schema.org","@graph":[{"@type":"WebPage","@id":"https:\/\/www.visionxeurope.com\/se\/webbutik\/vision-x-rivets-led-4-pack-bla\/","url":"https:\/\/www.visionxeurope.com\/se\/webbutik\/vision-x-rivets-led-4-pack-bla\/","name":"VISION X RIVETS LED 4-PACK BL\u00c5 - Vision X Europe","isPartOf":{"@id":"https:\/\/www.visionxeurope.com\/se\/#website"},"primaryImageOfPage":{"@id":"https:\/\/www.visionxeurope.com\/se\/webbutik\/vision-x-rivets-led-4-pack-bla\/#primaryimage"},"image":{"@id":"https:\/\/www.visionxeurope.com\/se\/webbutik\/vision-x-rivets-led-4-pack-bla\/#primaryimage"},"thumbnailUrl":"https:\/\/www.visionxeurope.com\/se\/wp-content\/uploads\/sites\/7\/2022\/04\/HIL-SLB.jpg","datePublished":"2014-04-23T07:56:27+00:00","dateModified":"2026-01-08T21:15:34+00:00","breadcrumb":{"@id":"https:\/\/www.visionxeurope.com\/se\/webbutik\/vision-x-rivets-led-4-pack-bla\/#breadcrumb"},"inLanguage":"sv-SE","potentialAction":[{"@type":"ReadAction","target":["https:\/\/www.visionxeurope.com\/se\/webbutik\/vision-x-rivets-led-4-pack-bla\/"]}]},{"@type":"ImageObject","inLanguage":"sv-SE","@id":"https:\/\/www.visionxeurope.com\/se\/webbutik\/vision-x-rivets-led-4-pack-bla\/#primaryimage","url":"https:\/\/www.visionxeurope.com\/se\/wp-content\/uploads\/sites\/7\/2022\/04\/HIL-SLB.jpg","contentUrl":"https:\/\/www.visionxeurope.com\/se\/wp-content\/uploads\/sites\/7\/2022\/04\/HIL-SLB.jpg","width":450,"height":450},{"@type":"BreadcrumbList","@id":"https:\/\/www.visionxeurope.com\/se\/webbutik\/vision-x-rivets-led-4-pack-bla\/#breadcrumb","itemListElement":[{"@type":"ListItem","position":1,"name":"Hem","item":"https:\/\/www.visionxeurope.com\/se\/"},{"@type":"ListItem","position":2,"name":"Webbutik","item":"https:\/\/www.visionxeurope.com\/se\/webbutik\/"},{"@type":"ListItem","position":3,"name":"VISION X RIVETS LED 4-PACK BL\u00c5"}]},{"@type":"WebSite","@id":"https:\/\/www.visionxeurope.com\/se\/#website","url":"https:\/\/www.visionxeurope.com\/se\/","name":"Vision X Europe","description":"","publisher":{"@id":"https:\/\/www.visionxeurope.com\/se\/#organization"},"potentialAction":[{"@type":"SearchAction","target":{"@type":"EntryPoint","urlTemplate":"https:\/\/www.visionxeurope.com\/se\/?s={search_term_string}"},"query-input":{"@type":"PropertyValueSpecification","valueRequired":true,"valueName":"search_term_string"}}],"inLanguage":"sv-SE"},{"@type":"Organization","@id":"https:\/\/www.visionxeurope.com\/se\/#organization","name":"Vision X Europe","url":"https:\/\/www.visionxeurope.com\/se\/","logo":{"@type":"ImageObject","inLanguage":"sv-SE","@id":"https:\/\/www.visionxeurope.com\/se\/#\/schema\/logo\/image\/","url":"https:\/\/www.visionxeurope.com\/se\/wp-content\/uploads\/sites\/7\/2021\/04\/visionxeurope.png","contentUrl":"https:\/\/www.visionxeurope.com\/se\/wp-content\/uploads\/sites\/7\/2021\/04\/visionxeurope.png","width":300,"height":110,"caption":"Vision X Europe"},"image":{"@id":"https:\/\/www.visionxeurope.com\/se\/#\/schema\/logo\/image\/"},"sameAs":["https:\/\/www.facebook.com\/visionxeurope","https:\/\/www.instagram.com\/visionxeurope\/"]}]},"product_price_amount":"65.00","product_price_currency":"SEK","og_availability":"out of stock","product_availability":"out of stock","product_retailer_item_id":"HIL-SLB","product_condition":"new"},"_links":{"self":[{"href":"https:\/\/www.visionxeurope.com\/se\/wp-json\/wp\/v2\/product\/13132","targetHints":{"allow":["GET"]}}],"collection":[{"href":"https:\/\/www.visionxeurope.com\/se\/wp-json\/wp\/v2\/product"}],"about":[{"href":"https:\/\/www.visionxeurope.com\/se\/wp-json\/wp\/v2\/types\/product"}],"replies":[{"embeddable":true,"href":"https:\/\/www.visionxeurope.com\/se\/wp-json\/wp\/v2\/comments?post=13132"}],"wp:featuredmedia":[{"embeddable":true,"href":"https:\/\/www.visionxeurope.com\/se\/wp-json\/wp\/v2\/media\/14305"}],"wp:attachment":[{"href":"https:\/\/www.visionxeurope.com\/se\/wp-json\/wp\/v2\/media?parent=13132"}],"wp:term":[{"taxonomy":"product_brand","embeddable":true,"href":"https:\/\/www.visionxeurope.com\/se\/wp-json\/wp\/v2\/product_brand?post=13132"},{"taxonomy":"product_cat","embeddable":true,"href":"https:\/\/www.visionxeurope.com\/se\/wp-json\/wp\/v2\/product_cat?post=13132"},{"taxonomy":"product_tag","embeddable":true,"href":"https:\/\/www.visionxeurope.com\/se\/wp-json\/wp\/v2\/product_tag?post=13132"}],"curies":[{"name":"wp","href":"https:\/\/api.w.org\/{rel}","templated":true}]}}