{"id":13108,"date":"2015-03-17T12:44:33","date_gmt":"2015-03-17T11:44:33","guid":{"rendered":"https:\/\/www.visionxeurope.com\/se\/produkt\/vision-x-dura-utility-extreme-6-30w-60\/"},"modified":"2026-03-26T13:58:48","modified_gmt":"2026-03-26T12:58:48","slug":"vision-x-dura-utility-extreme-6-30w-60","status":"publish","type":"product","link":"https:\/\/www.visionxeurope.com\/se\/webbutik\/vision-x-dura-utility-extreme-6-30w-60\/","title":{"rendered":"VISION X DURA UTILITY EXTREME 6 30W 60\u00b0"},"content":{"rendered":"<p><\/p>\n<p>Vision X Dura Utility Extreme lampan \u00e4r en smidig och kraftfull LED arbetslampa med<span class=\"apple-converted-space\"> 3 696<\/span> lumen. Framtagen f\u00f6r montage i tr\u00e5nga utrymmen, p\u00e5 lastbilar, gr\u00e4vmaskiner, traktorer m.m. d\u00e4r stort ljus beh\u00f6vs.<\/p>\n<p><\/p>\n<p><\/p>\n<p>Vibrationst\u00e5lig, vattent\u00e5lig, radioavst\u00f6rd med CISPR25 och med ett robust f\u00e4ste f\u00f6r enkelt och snabbt montage ger m\u00e5nga applikations m\u00f6jligheter.<\/p>\n<p><\/p>\n<p><\/p>\n<p>Dura lampan har fyra stycken effektiva XTE-CREE dioder med h\u00f6gsta BIN-tal vilket ger mycket ljus i f\u00f6rh\u00e5llandevis till lampans storlek.<\/p>\n<p><\/p>\n<p><\/p>\n<p><strong>Data:<\/strong><br \/>Lamphus: Robust aluminium.<br \/>Enkel installation med endast + &amp; &#8211; kabel.<br \/>Sp\u00e4nning: 11-65V DC.<br \/>Str\u00f6mf\u00f6rbrukning: 1.6 Amp vid 12 v.<br \/>IP Klassning: IP69K<br \/>EMC Klassning: CISPR25<br \/>Vibrationsklassning: 8.6 G<br \/>Arbetstemperaturomr\u00e5de: -40\u00b0C &#8211; +85\u00b0C<br \/>H\u00f6jd: 106.5 mm (utan f\u00e4ste)<br \/>Bredd: 136.7 mm (utan f\u00e4ste)<br \/>Djup: 69 mm.<br \/>Vikt: 1kg<br \/>LED livsl\u00e4ngs: 50 000 tim.<br \/>Antal LED: 6<br \/>LED: 5W, totalt 30W<br \/>R\u00e5a lumen: 3 696<br \/>Effektiva lumen: 2 590<br \/>Lins: Polykarbonat (n\u00e4st intill okrossbart)<br \/>Kontakt: Deutsch kontakt<br \/>Ljusbild: 60\u00b0 (Wide Flood)<\/p>\n<p><\/p>","protected":false},"excerpt":{"rendered":"<p>Vision X Dura Utility Extreme lampan \u00e4r en smidig och kraftfull LED arbetslampa med<span class=\"apple-converted-space\"> 3 696<\/span> lumen. Framtagen f\u00f6r montage i tr\u00e5nga utrymmen, p\u00e5 lastbilar, gr\u00e4vmaskiner, traktorer m.m. d\u00e4r stort ljus beh\u00f6vs.<\/p>\n<p>Vibrationst\u00e5lig, vattent\u00e5lig, radioavst\u00f6rd med CISPR25 och med ett robust f\u00e4ste f\u00f6r enkelt och snabbt montage ger m\u00e5nga applikations m\u00f6jligheter.<\/p>\n<p>Dura lampan har fyra stycken effektiva XTE-CREE dioder med h\u00f6gsta BIN-tal vilket ger mycket ljus i f\u00f6rh\u00e5llandevis till lampans storlek.<\/p>\n<p><strong>Data:<\/strong><br \/>Lamphus: Robust aluminium.<br \/>Enkel installation med endast + &amp; &#8211; kabel.<br \/>Sp\u00e4nning: 11-65V DC.<br \/>Str\u00f6mf\u00f6rbrukning: 1.6 Amp vid 12 v.<br \/>IP Klassning: IP69K<br \/>EMC Klassning: CISPR25<br \/>Vibrationsklassning: 8.6 G<br \/>Arbetstemperaturomr\u00e5de: -40\u00b0C &#8211; +85\u00b0C<br \/>H\u00f6jd: 106.5 mm (utan f\u00e4ste)<br \/>Bredd: 136.7 mm (utan f\u00e4ste)<br \/>Djup: 69 mm.<br \/>Vikt: 1kg<br \/>LED livsl\u00e4ngs: 50 000 tim.<br \/>Antal LED: 6<br \/>LED: 5W, totalt 30W<br \/>R\u00e5a lumen: 3 696<br \/>Effektiva lumen: 2 590<br \/>Lins: Polykarbonat (n\u00e4st intill okrossbart)<br \/>Kontakt: Deutsch kontakt<br \/>Ljusbild: 60\u00b0 (Wide Flood)<\/p>\n","protected":false},"featured_media":14236,"comment_status":"closed","ping_status":"open","template":"","meta":{"editor_notices":[]},"product_brand":[],"product_cat":[45],"product_tag":[],"class_list":{"0":"post-13108","1":"product","2":"type-product","3":"status-publish","4":"has-post-thumbnail","6":"product_cat-dura","7":"resize-featured-image","8":"","9":"woocommerce-text-align-left","10":"woocommerce-image-align-center","12":"first","13":"outofstock","14":"taxable","15":"shipping-taxable","16":"product-type-simple"},"yoast_head":"<!-- This site is optimized with the Yoast SEO Premium plugin v25.0 (Yoast SEO v25.0) - https:\/\/yoast.com\/wordpress\/plugins\/seo\/ -->\n<title>VISION X DURA UTILITY EXTREME 6 30W 60\u00b0 - Vision X Europe<\/title>\n<meta name=\"robots\" content=\"index, follow, max-snippet:-1, max-image-preview:large, max-video-preview:-1\" \/>\n<link rel=\"canonical\" href=\"https:\/\/www.visionxeurope.com\/se\/webbutik\/vision-x-dura-utility-extreme-6-30w-60\/\" \/>\n<meta property=\"og:locale\" content=\"sv_SE\" \/>\n<meta property=\"og:type\" content=\"article\" \/>\n<meta property=\"og:title\" content=\"VISION X DURA UTILITY EXTREME 6 30W 60\u00b0\" \/>\n<meta property=\"og:description\" content=\"Vision X Dura Utility Extreme lampan \u00e4r en smidig och kraftfull LED arbetslampa med 3 696 lumen. Framtagen f\u00f6r montage i tr\u00e5nga utrymmen, p\u00e5 lastbilar, gr\u00e4vmaskiner, traktorer m.m. d\u00e4r stort ljus beh\u00f6vs. Vibrationst\u00e5lig, vattent\u00e5lig, radioavst\u00f6rd med CISPR25 och med ett robust f\u00e4ste f\u00f6r enkelt och snabbt montage ger m\u00e5nga applikations m\u00f6jligheter. Dura lampan har fyra stycken effektiva XTE-CREE dioder med h\u00f6gsta BIN-tal vilket ger mycket ljus i f\u00f6rh\u00e5llandevis till lampans storlek. Data:Lamphus: Robust aluminium.Enkel installation med endast + &amp; &#8211; kabel.Sp\u00e4nning: 11-65V DC.Str\u00f6mf\u00f6rbrukning: 1.6 Amp vid 12 v.IP Klassning: IP69KEMC Klassning: CISPR25Vibrationsklassning: 8.6 GArbetstemperaturomr\u00e5de: -40\u00b0C &#8211; +85\u00b0CH\u00f6jd: 106.5 mm (utan f\u00e4ste)Bredd: 136.7 mm (utan f\u00e4ste)Djup: 69 mm.Vikt: 1kgLED livsl\u00e4ngs: 50 000 tim.Antal LED: 6LED: 5W, totalt 30WR\u00e5a lumen: 3 696Effektiva lumen: 2 590Lins: Polykarbonat (n\u00e4st intill okrossbart)Kontakt: Deutsch kontaktLjusbild: 60\u00b0 (Wide Flood)\" \/>\n<meta property=\"og:url\" content=\"https:\/\/www.visionxeurope.com\/se\/webbutik\/vision-x-dura-utility-extreme-6-30w-60\/\" \/>\n<meta property=\"og:site_name\" content=\"Vision X Europe\" \/>\n<meta property=\"article:publisher\" content=\"https:\/\/www.facebook.com\/visionxeurope\" \/>\n<meta property=\"article:modified_time\" content=\"2026-03-26T12:58:48+00:00\" \/>\n<meta property=\"og:image\" content=\"https:\/\/www.visionxeurope.com\/se\/wp-content\/uploads\/sites\/7\/2022\/04\/DURA-X660.jpg\" \/>\n\t<meta property=\"og:image:width\" content=\"450\" \/>\n\t<meta property=\"og:image:height\" content=\"450\" \/>\n\t<meta property=\"og:image:type\" content=\"image\/jpeg\" \/>\n<meta name=\"twitter:card\" content=\"summary_large_image\" \/>\n<meta name=\"twitter:label1\" content=\"Pris\" \/>\n\t<meta name=\"twitter:data1\" content=\"1 900,00&nbsp;&#107;&#114; exkl. moms\" \/>\n\t<meta name=\"twitter:label2\" content=\"Tillg\u00e4nglig\" \/>\n\t<meta name=\"twitter:data2\" content=\"Slut i lager\" \/>\n<script type=\"application\/ld+json\" class=\"yoast-schema-graph\">{\"@context\":\"https:\/\/schema.org\",\"@graph\":[{\"@type\":\"WebPage\",\"@id\":\"https:\/\/www.visionxeurope.com\/se\/webbutik\/vision-x-dura-utility-extreme-6-30w-60\/\",\"url\":\"https:\/\/www.visionxeurope.com\/se\/webbutik\/vision-x-dura-utility-extreme-6-30w-60\/\",\"name\":\"VISION X DURA UTILITY EXTREME 6 30W 60\u00b0 - Vision X Europe\",\"isPartOf\":{\"@id\":\"https:\/\/www.visionxeurope.com\/se\/#website\"},\"primaryImageOfPage\":{\"@id\":\"https:\/\/www.visionxeurope.com\/se\/webbutik\/vision-x-dura-utility-extreme-6-30w-60\/#primaryimage\"},\"image\":{\"@id\":\"https:\/\/www.visionxeurope.com\/se\/webbutik\/vision-x-dura-utility-extreme-6-30w-60\/#primaryimage\"},\"thumbnailUrl\":\"https:\/\/www.visionxeurope.com\/se\/wp-content\/uploads\/sites\/7\/2022\/04\/DURA-X660.jpg\",\"datePublished\":\"2015-03-17T11:44:33+00:00\",\"dateModified\":\"2026-03-26T12:58:48+00:00\",\"breadcrumb\":{\"@id\":\"https:\/\/www.visionxeurope.com\/se\/webbutik\/vision-x-dura-utility-extreme-6-30w-60\/#breadcrumb\"},\"inLanguage\":\"sv-SE\",\"potentialAction\":[{\"@type\":\"ReadAction\",\"target\":[\"https:\/\/www.visionxeurope.com\/se\/webbutik\/vision-x-dura-utility-extreme-6-30w-60\/\"]}]},{\"@type\":\"ImageObject\",\"inLanguage\":\"sv-SE\",\"@id\":\"https:\/\/www.visionxeurope.com\/se\/webbutik\/vision-x-dura-utility-extreme-6-30w-60\/#primaryimage\",\"url\":\"https:\/\/www.visionxeurope.com\/se\/wp-content\/uploads\/sites\/7\/2022\/04\/DURA-X660.jpg\",\"contentUrl\":\"https:\/\/www.visionxeurope.com\/se\/wp-content\/uploads\/sites\/7\/2022\/04\/DURA-X660.jpg\",\"width\":450,\"height\":450},{\"@type\":\"BreadcrumbList\",\"@id\":\"https:\/\/www.visionxeurope.com\/se\/webbutik\/vision-x-dura-utility-extreme-6-30w-60\/#breadcrumb\",\"itemListElement\":[{\"@type\":\"ListItem\",\"position\":1,\"name\":\"Hem\",\"item\":\"https:\/\/www.visionxeurope.com\/se\/\"},{\"@type\":\"ListItem\",\"position\":2,\"name\":\"Webbutik\",\"item\":\"https:\/\/www.visionxeurope.com\/se\/webbutik\/\"},{\"@type\":\"ListItem\",\"position\":3,\"name\":\"VISION X DURA UTILITY EXTREME 6 30W 60\u00b0\"}]},{\"@type\":\"WebSite\",\"@id\":\"https:\/\/www.visionxeurope.com\/se\/#website\",\"url\":\"https:\/\/www.visionxeurope.com\/se\/\",\"name\":\"Vision X Europe\",\"description\":\"\",\"publisher\":{\"@id\":\"https:\/\/www.visionxeurope.com\/se\/#organization\"},\"potentialAction\":[{\"@type\":\"SearchAction\",\"target\":{\"@type\":\"EntryPoint\",\"urlTemplate\":\"https:\/\/www.visionxeurope.com\/se\/?s={search_term_string}\"},\"query-input\":{\"@type\":\"PropertyValueSpecification\",\"valueRequired\":true,\"valueName\":\"search_term_string\"}}],\"inLanguage\":\"sv-SE\"},{\"@type\":\"Organization\",\"@id\":\"https:\/\/www.visionxeurope.com\/se\/#organization\",\"name\":\"Vision X Europe\",\"url\":\"https:\/\/www.visionxeurope.com\/se\/\",\"logo\":{\"@type\":\"ImageObject\",\"inLanguage\":\"sv-SE\",\"@id\":\"https:\/\/www.visionxeurope.com\/se\/#\/schema\/logo\/image\/\",\"url\":\"https:\/\/www.visionxeurope.com\/se\/wp-content\/uploads\/sites\/7\/2021\/04\/visionxeurope.png\",\"contentUrl\":\"https:\/\/www.visionxeurope.com\/se\/wp-content\/uploads\/sites\/7\/2021\/04\/visionxeurope.png\",\"width\":300,\"height\":110,\"caption\":\"Vision X Europe\"},\"image\":{\"@id\":\"https:\/\/www.visionxeurope.com\/se\/#\/schema\/logo\/image\/\"},\"sameAs\":[\"https:\/\/www.facebook.com\/visionxeurope\",\"https:\/\/www.instagram.com\/visionxeurope\/\"]}]}<\/script>\n<meta property=\"product:price:amount\" content=\"1900.00\" \/>\n<meta property=\"product:price:currency\" content=\"SEK\" \/>\n<meta property=\"og:availability\" content=\"out of stock\" \/>\n<meta property=\"product:availability\" content=\"out of stock\" \/>\n<meta property=\"product:retailer_item_id\" content=\"DURA-660\" \/>\n<meta property=\"product:condition\" content=\"new\" \/>\n<!-- \/ Yoast SEO Premium plugin. -->","yoast_head_json":{"title":"VISION X DURA UTILITY EXTREME 6 30W 60\u00b0 - Vision X Europe","robots":{"index":"index","follow":"follow","max-snippet":"max-snippet:-1","max-image-preview":"max-image-preview:large","max-video-preview":"max-video-preview:-1"},"canonical":"https:\/\/www.visionxeurope.com\/se\/webbutik\/vision-x-dura-utility-extreme-6-30w-60\/","og_locale":"sv_SE","og_type":"article","og_title":"VISION X DURA UTILITY EXTREME 6 30W 60\u00b0","og_description":"Vision X Dura Utility Extreme lampan \u00e4r en smidig och kraftfull LED arbetslampa med 3 696 lumen. Framtagen f\u00f6r montage i tr\u00e5nga utrymmen, p\u00e5 lastbilar, gr\u00e4vmaskiner, traktorer m.m. d\u00e4r stort ljus beh\u00f6vs. Vibrationst\u00e5lig, vattent\u00e5lig, radioavst\u00f6rd med CISPR25 och med ett robust f\u00e4ste f\u00f6r enkelt och snabbt montage ger m\u00e5nga applikations m\u00f6jligheter. Dura lampan har fyra stycken effektiva XTE-CREE dioder med h\u00f6gsta BIN-tal vilket ger mycket ljus i f\u00f6rh\u00e5llandevis till lampans storlek. Data:Lamphus: Robust aluminium.Enkel installation med endast + &amp; &#8211; kabel.Sp\u00e4nning: 11-65V DC.Str\u00f6mf\u00f6rbrukning: 1.6 Amp vid 12 v.IP Klassning: IP69KEMC Klassning: CISPR25Vibrationsklassning: 8.6 GArbetstemperaturomr\u00e5de: -40\u00b0C &#8211; +85\u00b0CH\u00f6jd: 106.5 mm (utan f\u00e4ste)Bredd: 136.7 mm (utan f\u00e4ste)Djup: 69 mm.Vikt: 1kgLED livsl\u00e4ngs: 50 000 tim.Antal LED: 6LED: 5W, totalt 30WR\u00e5a lumen: 3 696Effektiva lumen: 2 590Lins: Polykarbonat (n\u00e4st intill okrossbart)Kontakt: Deutsch kontaktLjusbild: 60\u00b0 (Wide Flood)","og_url":"https:\/\/www.visionxeurope.com\/se\/webbutik\/vision-x-dura-utility-extreme-6-30w-60\/","og_site_name":"Vision X Europe","article_publisher":"https:\/\/www.facebook.com\/visionxeurope","article_modified_time":"2026-03-26T12:58:48+00:00","og_image":[{"width":450,"height":450,"url":"https:\/\/www.visionxeurope.com\/se\/wp-content\/uploads\/sites\/7\/2022\/04\/DURA-X660.jpg","type":"image\/jpeg"}],"twitter_card":"summary_large_image","twitter_misc":{"Pris":"1 900,00&nbsp;&#107;&#114; exkl. moms","Tillg\u00e4nglig":"Slut i lager"},"schema":{"@context":"https:\/\/schema.org","@graph":[{"@type":"WebPage","@id":"https:\/\/www.visionxeurope.com\/se\/webbutik\/vision-x-dura-utility-extreme-6-30w-60\/","url":"https:\/\/www.visionxeurope.com\/se\/webbutik\/vision-x-dura-utility-extreme-6-30w-60\/","name":"VISION X DURA UTILITY EXTREME 6 30W 60\u00b0 - Vision X Europe","isPartOf":{"@id":"https:\/\/www.visionxeurope.com\/se\/#website"},"primaryImageOfPage":{"@id":"https:\/\/www.visionxeurope.com\/se\/webbutik\/vision-x-dura-utility-extreme-6-30w-60\/#primaryimage"},"image":{"@id":"https:\/\/www.visionxeurope.com\/se\/webbutik\/vision-x-dura-utility-extreme-6-30w-60\/#primaryimage"},"thumbnailUrl":"https:\/\/www.visionxeurope.com\/se\/wp-content\/uploads\/sites\/7\/2022\/04\/DURA-X660.jpg","datePublished":"2015-03-17T11:44:33+00:00","dateModified":"2026-03-26T12:58:48+00:00","breadcrumb":{"@id":"https:\/\/www.visionxeurope.com\/se\/webbutik\/vision-x-dura-utility-extreme-6-30w-60\/#breadcrumb"},"inLanguage":"sv-SE","potentialAction":[{"@type":"ReadAction","target":["https:\/\/www.visionxeurope.com\/se\/webbutik\/vision-x-dura-utility-extreme-6-30w-60\/"]}]},{"@type":"ImageObject","inLanguage":"sv-SE","@id":"https:\/\/www.visionxeurope.com\/se\/webbutik\/vision-x-dura-utility-extreme-6-30w-60\/#primaryimage","url":"https:\/\/www.visionxeurope.com\/se\/wp-content\/uploads\/sites\/7\/2022\/04\/DURA-X660.jpg","contentUrl":"https:\/\/www.visionxeurope.com\/se\/wp-content\/uploads\/sites\/7\/2022\/04\/DURA-X660.jpg","width":450,"height":450},{"@type":"BreadcrumbList","@id":"https:\/\/www.visionxeurope.com\/se\/webbutik\/vision-x-dura-utility-extreme-6-30w-60\/#breadcrumb","itemListElement":[{"@type":"ListItem","position":1,"name":"Hem","item":"https:\/\/www.visionxeurope.com\/se\/"},{"@type":"ListItem","position":2,"name":"Webbutik","item":"https:\/\/www.visionxeurope.com\/se\/webbutik\/"},{"@type":"ListItem","position":3,"name":"VISION X DURA UTILITY EXTREME 6 30W 60\u00b0"}]},{"@type":"WebSite","@id":"https:\/\/www.visionxeurope.com\/se\/#website","url":"https:\/\/www.visionxeurope.com\/se\/","name":"Vision X Europe","description":"","publisher":{"@id":"https:\/\/www.visionxeurope.com\/se\/#organization"},"potentialAction":[{"@type":"SearchAction","target":{"@type":"EntryPoint","urlTemplate":"https:\/\/www.visionxeurope.com\/se\/?s={search_term_string}"},"query-input":{"@type":"PropertyValueSpecification","valueRequired":true,"valueName":"search_term_string"}}],"inLanguage":"sv-SE"},{"@type":"Organization","@id":"https:\/\/www.visionxeurope.com\/se\/#organization","name":"Vision X Europe","url":"https:\/\/www.visionxeurope.com\/se\/","logo":{"@type":"ImageObject","inLanguage":"sv-SE","@id":"https:\/\/www.visionxeurope.com\/se\/#\/schema\/logo\/image\/","url":"https:\/\/www.visionxeurope.com\/se\/wp-content\/uploads\/sites\/7\/2021\/04\/visionxeurope.png","contentUrl":"https:\/\/www.visionxeurope.com\/se\/wp-content\/uploads\/sites\/7\/2021\/04\/visionxeurope.png","width":300,"height":110,"caption":"Vision X Europe"},"image":{"@id":"https:\/\/www.visionxeurope.com\/se\/#\/schema\/logo\/image\/"},"sameAs":["https:\/\/www.facebook.com\/visionxeurope","https:\/\/www.instagram.com\/visionxeurope\/"]}]},"product_price_amount":"1900.00","product_price_currency":"SEK","og_availability":"out of stock","product_availability":"out of stock","product_retailer_item_id":"DURA-660","product_condition":"new"},"_links":{"self":[{"href":"https:\/\/www.visionxeurope.com\/se\/wp-json\/wp\/v2\/product\/13108","targetHints":{"allow":["GET"]}}],"collection":[{"href":"https:\/\/www.visionxeurope.com\/se\/wp-json\/wp\/v2\/product"}],"about":[{"href":"https:\/\/www.visionxeurope.com\/se\/wp-json\/wp\/v2\/types\/product"}],"replies":[{"embeddable":true,"href":"https:\/\/www.visionxeurope.com\/se\/wp-json\/wp\/v2\/comments?post=13108"}],"wp:featuredmedia":[{"embeddable":true,"href":"https:\/\/www.visionxeurope.com\/se\/wp-json\/wp\/v2\/media\/14236"}],"wp:attachment":[{"href":"https:\/\/www.visionxeurope.com\/se\/wp-json\/wp\/v2\/media?parent=13108"}],"wp:term":[{"taxonomy":"product_brand","embeddable":true,"href":"https:\/\/www.visionxeurope.com\/se\/wp-json\/wp\/v2\/product_brand?post=13108"},{"taxonomy":"product_cat","embeddable":true,"href":"https:\/\/www.visionxeurope.com\/se\/wp-json\/wp\/v2\/product_cat?post=13108"},{"taxonomy":"product_tag","embeddable":true,"href":"https:\/\/www.visionxeurope.com\/se\/wp-json\/wp\/v2\/product_tag?post=13108"}],"curies":[{"name":"wp","href":"https:\/\/api.w.org\/{rel}","templated":true}]}}