{"id":13107,"date":"2015-03-17T12:42:13","date_gmt":"2015-03-17T11:42:13","guid":{"rendered":"https:\/\/www.visionxeurope.com\/se\/produkt\/vision-x-dura-utility-extreme-6-30w-40\/"},"modified":"2026-03-13T10:29:39","modified_gmt":"2026-03-13T09:29:39","slug":"vision-x-dura-utility-extreme-6-30w-40","status":"publish","type":"product","link":"https:\/\/www.visionxeurope.com\/se\/webbutik\/vision-x-dura-utility-extreme-6-30w-40\/","title":{"rendered":"VISION X DURA UTILITY EXTREME 6 30W 40\u00b0"},"content":{"rendered":"<p><\/p>\n<p>Vision X Dura Utility Extreme lampan \u00e4r en smidig och kraftfull LED arbetslampa med 3 696&nbsp;lumen. Framtagen f\u00f6r montage i tr\u00e5nga utrymmen, p\u00e5 lastbilar,&nbsp;gr\u00e4vmaskiner, traktorer m.m.&nbsp;d\u00e4r stort ljus beh\u00f6vs.<\/p>\n<p><\/p>\n<p><\/p>\n<p><strong>Data:<\/strong><br \/>Lamphus: Robust aluminium.<br \/>Enkel installation med endast + &amp; \u2013 kabel.<br \/>Sp\u00e4nning: 11-65V DC.<br \/>Str\u00f6mf\u00f6rbrukning: 1.6 Amp vid 12 v.<br \/>IP Klassning: IP69K<br \/>EMC Klassning: CISPR25<br \/>Vibrationsklassning: 8.6 G<br \/>Arbetstemperaturomr\u00e5de: -40\u00b0C \u2013 +85\u00b0C<br \/>H\u00f6jd: 107.5 mm (utan f\u00e4ste)<br \/>Bredd:&nbsp;136.7 mm (utan f\u00e4ste)<br \/>Djup:&nbsp;69 mm.<br \/>Vikt:&nbsp;0.95kg<br \/>LED livsl\u00e4ngs: 50 000 tim.<br \/>Antal LED: 6<br \/>LED: 5W, totalt 30W<br \/>R\u00e5a lumen: 3 696<br \/>Effektiva lumen: 2 590<br \/>Lins: Polykarbonat (n\u00e4st intill okrossbart)<br \/>Kontakt: Deutsch kontakt<br \/>Ljusbild: 40\u00b0 (Flood)<\/p>\n<p><\/p>","protected":false},"excerpt":{"rendered":"<p>Vision X Dura Utility Extreme lampan \u00e4r en smidig och kraftfull LED arbetslampa med 3 696&nbsp;lumen. Framtagen f\u00f6r montage i tr\u00e5nga utrymmen, p\u00e5 lastbilar,&nbsp;gr\u00e4vmaskiner, traktorer m.m.&nbsp;d\u00e4r stort ljus beh\u00f6vs.<\/p>\n<p><strong>Data:<\/strong><br \/>Lamphus: Robust aluminium.<br \/>Enkel installation med endast + &amp; \u2013 kabel.<br \/>Sp\u00e4nning: 11-65V DC.<br \/>Str\u00f6mf\u00f6rbrukning: 1.6 Amp vid 12 v.<br \/>IP Klassning: IP69K<br \/>EMC Klassning: CISPR25<br \/>Vibrationsklassning: 8.6 G<br \/>Arbetstemperaturomr\u00e5de: -40\u00b0C \u2013 +85\u00b0C<br \/>H\u00f6jd: 107.5 mm (utan f\u00e4ste)<br \/>Bredd:&nbsp;136.7 mm (utan f\u00e4ste)<br \/>Djup:&nbsp;69 mm.<br \/>Vikt:&nbsp;0.95kg<br \/>LED livsl\u00e4ngs: 50 000 tim.<br \/>Antal LED: 6<br \/>LED: 5W, totalt 30W<br \/>R\u00e5a lumen: 3 696<br \/>Effektiva lumen: 2 590<br \/>Lins: Polykarbonat (n\u00e4st intill okrossbart)<br \/>Kontakt: Deutsch kontakt<br \/>Ljusbild: 40\u00b0 (Flood)<\/p>\n","protected":false},"featured_media":4943,"comment_status":"closed","ping_status":"open","template":"","meta":{"editor_notices":[]},"product_brand":[],"product_cat":[45],"product_tag":[],"class_list":{"0":"post-13107","1":"product","2":"type-product","3":"status-publish","4":"has-post-thumbnail","6":"product_cat-dura","7":"resize-featured-image","8":"","9":"woocommerce-text-align-left","10":"woocommerce-image-align-center","12":"first","13":"instock","14":"taxable","15":"shipping-taxable","16":"product-type-simple"},"yoast_head":"<!-- This site is optimized with the Yoast SEO Premium plugin v25.0 (Yoast SEO v25.0) - https:\/\/yoast.com\/wordpress\/plugins\/seo\/ -->\n<title>VISION X DURA UTILITY EXTREME 6 30W 40\u00b0 - Vision X Europe<\/title>\n<meta name=\"robots\" content=\"index, follow, max-snippet:-1, max-image-preview:large, max-video-preview:-1\" \/>\n<link rel=\"canonical\" href=\"https:\/\/www.visionxeurope.com\/se\/webbutik\/vision-x-dura-utility-extreme-6-30w-40\/\" \/>\n<meta property=\"og:locale\" content=\"sv_SE\" \/>\n<meta property=\"og:type\" content=\"article\" \/>\n<meta property=\"og:title\" content=\"VISION X DURA UTILITY EXTREME 6 30W 40\u00b0\" \/>\n<meta property=\"og:description\" content=\"Vision X Dura Utility Extreme lampan \u00e4r en smidig och kraftfull LED arbetslampa med 3 696&nbsp;lumen. Framtagen f\u00f6r montage i tr\u00e5nga utrymmen, p\u00e5 lastbilar,&nbsp;gr\u00e4vmaskiner, traktorer m.m.&nbsp;d\u00e4r stort ljus beh\u00f6vs. Data:Lamphus: Robust aluminium.Enkel installation med endast + &amp; \u2013 kabel.Sp\u00e4nning: 11-65V DC.Str\u00f6mf\u00f6rbrukning: 1.6 Amp vid 12 v.IP Klassning: IP69KEMC Klassning: CISPR25Vibrationsklassning: 8.6 GArbetstemperaturomr\u00e5de: -40\u00b0C \u2013 +85\u00b0CH\u00f6jd: 107.5 mm (utan f\u00e4ste)Bredd:&nbsp;136.7 mm (utan f\u00e4ste)Djup:&nbsp;69 mm.Vikt:&nbsp;0.95kgLED livsl\u00e4ngs: 50 000 tim.Antal LED: 6LED: 5W, totalt 30WR\u00e5a lumen: 3 696Effektiva lumen: 2 590Lins: Polykarbonat (n\u00e4st intill okrossbart)Kontakt: Deutsch kontaktLjusbild: 40\u00b0 (Flood)\" \/>\n<meta property=\"og:url\" content=\"https:\/\/www.visionxeurope.com\/se\/webbutik\/vision-x-dura-utility-extreme-6-30w-40\/\" \/>\n<meta property=\"og:site_name\" content=\"Vision X Europe\" \/>\n<meta property=\"article:publisher\" content=\"https:\/\/www.facebook.com\/visionxeurope\" \/>\n<meta property=\"article:modified_time\" content=\"2026-03-13T09:29:39+00:00\" \/>\n<meta property=\"og:image\" content=\"https:\/\/www.visionxeurope.com\/se\/wp-content\/uploads\/sites\/7\/2021\/05\/DURA-X640.jpg\" \/>\n\t<meta property=\"og:image:width\" content=\"450\" \/>\n\t<meta property=\"og:image:height\" content=\"450\" \/>\n\t<meta property=\"og:image:type\" content=\"image\/jpeg\" \/>\n<meta name=\"twitter:card\" content=\"summary_large_image\" \/>\n<meta name=\"twitter:label1\" content=\"Pris\" \/>\n\t<meta name=\"twitter:data1\" content=\"1 900,00&nbsp;&#107;&#114; exkl. moms\" \/>\n\t<meta name=\"twitter:label2\" content=\"Tillg\u00e4nglig\" \/>\n\t<meta name=\"twitter:data2\" content=\"I lager\" \/>\n<script type=\"application\/ld+json\" class=\"yoast-schema-graph\">{\"@context\":\"https:\/\/schema.org\",\"@graph\":[{\"@type\":\"WebPage\",\"@id\":\"https:\/\/www.visionxeurope.com\/se\/webbutik\/vision-x-dura-utility-extreme-6-30w-40\/\",\"url\":\"https:\/\/www.visionxeurope.com\/se\/webbutik\/vision-x-dura-utility-extreme-6-30w-40\/\",\"name\":\"VISION X DURA UTILITY EXTREME 6 30W 40\u00b0 - Vision X Europe\",\"isPartOf\":{\"@id\":\"https:\/\/www.visionxeurope.com\/se\/#website\"},\"primaryImageOfPage\":{\"@id\":\"https:\/\/www.visionxeurope.com\/se\/webbutik\/vision-x-dura-utility-extreme-6-30w-40\/#primaryimage\"},\"image\":{\"@id\":\"https:\/\/www.visionxeurope.com\/se\/webbutik\/vision-x-dura-utility-extreme-6-30w-40\/#primaryimage\"},\"thumbnailUrl\":\"https:\/\/www.visionxeurope.com\/se\/wp-content\/uploads\/sites\/7\/2021\/05\/DURA-X640.jpg\",\"datePublished\":\"2015-03-17T11:42:13+00:00\",\"dateModified\":\"2026-03-13T09:29:39+00:00\",\"breadcrumb\":{\"@id\":\"https:\/\/www.visionxeurope.com\/se\/webbutik\/vision-x-dura-utility-extreme-6-30w-40\/#breadcrumb\"},\"inLanguage\":\"sv-SE\",\"potentialAction\":[{\"@type\":\"ReadAction\",\"target\":[\"https:\/\/www.visionxeurope.com\/se\/webbutik\/vision-x-dura-utility-extreme-6-30w-40\/\"]}]},{\"@type\":\"ImageObject\",\"inLanguage\":\"sv-SE\",\"@id\":\"https:\/\/www.visionxeurope.com\/se\/webbutik\/vision-x-dura-utility-extreme-6-30w-40\/#primaryimage\",\"url\":\"https:\/\/www.visionxeurope.com\/se\/wp-content\/uploads\/sites\/7\/2021\/05\/DURA-X640.jpg\",\"contentUrl\":\"https:\/\/www.visionxeurope.com\/se\/wp-content\/uploads\/sites\/7\/2021\/05\/DURA-X640.jpg\",\"width\":450,\"height\":450},{\"@type\":\"BreadcrumbList\",\"@id\":\"https:\/\/www.visionxeurope.com\/se\/webbutik\/vision-x-dura-utility-extreme-6-30w-40\/#breadcrumb\",\"itemListElement\":[{\"@type\":\"ListItem\",\"position\":1,\"name\":\"Hem\",\"item\":\"https:\/\/www.visionxeurope.com\/se\/\"},{\"@type\":\"ListItem\",\"position\":2,\"name\":\"Webbutik\",\"item\":\"https:\/\/www.visionxeurope.com\/se\/webbutik\/\"},{\"@type\":\"ListItem\",\"position\":3,\"name\":\"VISION X DURA UTILITY EXTREME 6 30W 40\u00b0\"}]},{\"@type\":\"WebSite\",\"@id\":\"https:\/\/www.visionxeurope.com\/se\/#website\",\"url\":\"https:\/\/www.visionxeurope.com\/se\/\",\"name\":\"Vision X Europe\",\"description\":\"\",\"publisher\":{\"@id\":\"https:\/\/www.visionxeurope.com\/se\/#organization\"},\"potentialAction\":[{\"@type\":\"SearchAction\",\"target\":{\"@type\":\"EntryPoint\",\"urlTemplate\":\"https:\/\/www.visionxeurope.com\/se\/?s={search_term_string}\"},\"query-input\":{\"@type\":\"PropertyValueSpecification\",\"valueRequired\":true,\"valueName\":\"search_term_string\"}}],\"inLanguage\":\"sv-SE\"},{\"@type\":\"Organization\",\"@id\":\"https:\/\/www.visionxeurope.com\/se\/#organization\",\"name\":\"Vision X Europe\",\"url\":\"https:\/\/www.visionxeurope.com\/se\/\",\"logo\":{\"@type\":\"ImageObject\",\"inLanguage\":\"sv-SE\",\"@id\":\"https:\/\/www.visionxeurope.com\/se\/#\/schema\/logo\/image\/\",\"url\":\"https:\/\/www.visionxeurope.com\/se\/wp-content\/uploads\/sites\/7\/2021\/04\/visionxeurope.png\",\"contentUrl\":\"https:\/\/www.visionxeurope.com\/se\/wp-content\/uploads\/sites\/7\/2021\/04\/visionxeurope.png\",\"width\":300,\"height\":110,\"caption\":\"Vision X Europe\"},\"image\":{\"@id\":\"https:\/\/www.visionxeurope.com\/se\/#\/schema\/logo\/image\/\"},\"sameAs\":[\"https:\/\/www.facebook.com\/visionxeurope\",\"https:\/\/www.instagram.com\/visionxeurope\/\"]}]}<\/script>\n<meta property=\"product:price:amount\" content=\"1900.00\" \/>\n<meta property=\"product:price:currency\" content=\"SEK\" \/>\n<meta property=\"og:availability\" content=\"instock\" \/>\n<meta property=\"product:availability\" content=\"instock\" \/>\n<meta property=\"product:retailer_item_id\" content=\"DURA-X640\" \/>\n<meta property=\"product:condition\" content=\"new\" \/>\n<!-- \/ Yoast SEO Premium plugin. -->","yoast_head_json":{"title":"VISION X DURA UTILITY EXTREME 6 30W 40\u00b0 - Vision X Europe","robots":{"index":"index","follow":"follow","max-snippet":"max-snippet:-1","max-image-preview":"max-image-preview:large","max-video-preview":"max-video-preview:-1"},"canonical":"https:\/\/www.visionxeurope.com\/se\/webbutik\/vision-x-dura-utility-extreme-6-30w-40\/","og_locale":"sv_SE","og_type":"article","og_title":"VISION X DURA UTILITY EXTREME 6 30W 40\u00b0","og_description":"Vision X Dura Utility Extreme lampan \u00e4r en smidig och kraftfull LED arbetslampa med 3 696&nbsp;lumen. Framtagen f\u00f6r montage i tr\u00e5nga utrymmen, p\u00e5 lastbilar,&nbsp;gr\u00e4vmaskiner, traktorer m.m.&nbsp;d\u00e4r stort ljus beh\u00f6vs. Data:Lamphus: Robust aluminium.Enkel installation med endast + &amp; \u2013 kabel.Sp\u00e4nning: 11-65V DC.Str\u00f6mf\u00f6rbrukning: 1.6 Amp vid 12 v.IP Klassning: IP69KEMC Klassning: CISPR25Vibrationsklassning: 8.6 GArbetstemperaturomr\u00e5de: -40\u00b0C \u2013 +85\u00b0CH\u00f6jd: 107.5 mm (utan f\u00e4ste)Bredd:&nbsp;136.7 mm (utan f\u00e4ste)Djup:&nbsp;69 mm.Vikt:&nbsp;0.95kgLED livsl\u00e4ngs: 50 000 tim.Antal LED: 6LED: 5W, totalt 30WR\u00e5a lumen: 3 696Effektiva lumen: 2 590Lins: Polykarbonat (n\u00e4st intill okrossbart)Kontakt: Deutsch kontaktLjusbild: 40\u00b0 (Flood)","og_url":"https:\/\/www.visionxeurope.com\/se\/webbutik\/vision-x-dura-utility-extreme-6-30w-40\/","og_site_name":"Vision X Europe","article_publisher":"https:\/\/www.facebook.com\/visionxeurope","article_modified_time":"2026-03-13T09:29:39+00:00","og_image":[{"width":450,"height":450,"url":"https:\/\/www.visionxeurope.com\/se\/wp-content\/uploads\/sites\/7\/2021\/05\/DURA-X640.jpg","type":"image\/jpeg"}],"twitter_card":"summary_large_image","twitter_misc":{"Pris":"1 900,00&nbsp;&#107;&#114; exkl. moms","Tillg\u00e4nglig":"I lager"},"schema":{"@context":"https:\/\/schema.org","@graph":[{"@type":"WebPage","@id":"https:\/\/www.visionxeurope.com\/se\/webbutik\/vision-x-dura-utility-extreme-6-30w-40\/","url":"https:\/\/www.visionxeurope.com\/se\/webbutik\/vision-x-dura-utility-extreme-6-30w-40\/","name":"VISION X DURA UTILITY EXTREME 6 30W 40\u00b0 - Vision X Europe","isPartOf":{"@id":"https:\/\/www.visionxeurope.com\/se\/#website"},"primaryImageOfPage":{"@id":"https:\/\/www.visionxeurope.com\/se\/webbutik\/vision-x-dura-utility-extreme-6-30w-40\/#primaryimage"},"image":{"@id":"https:\/\/www.visionxeurope.com\/se\/webbutik\/vision-x-dura-utility-extreme-6-30w-40\/#primaryimage"},"thumbnailUrl":"https:\/\/www.visionxeurope.com\/se\/wp-content\/uploads\/sites\/7\/2021\/05\/DURA-X640.jpg","datePublished":"2015-03-17T11:42:13+00:00","dateModified":"2026-03-13T09:29:39+00:00","breadcrumb":{"@id":"https:\/\/www.visionxeurope.com\/se\/webbutik\/vision-x-dura-utility-extreme-6-30w-40\/#breadcrumb"},"inLanguage":"sv-SE","potentialAction":[{"@type":"ReadAction","target":["https:\/\/www.visionxeurope.com\/se\/webbutik\/vision-x-dura-utility-extreme-6-30w-40\/"]}]},{"@type":"ImageObject","inLanguage":"sv-SE","@id":"https:\/\/www.visionxeurope.com\/se\/webbutik\/vision-x-dura-utility-extreme-6-30w-40\/#primaryimage","url":"https:\/\/www.visionxeurope.com\/se\/wp-content\/uploads\/sites\/7\/2021\/05\/DURA-X640.jpg","contentUrl":"https:\/\/www.visionxeurope.com\/se\/wp-content\/uploads\/sites\/7\/2021\/05\/DURA-X640.jpg","width":450,"height":450},{"@type":"BreadcrumbList","@id":"https:\/\/www.visionxeurope.com\/se\/webbutik\/vision-x-dura-utility-extreme-6-30w-40\/#breadcrumb","itemListElement":[{"@type":"ListItem","position":1,"name":"Hem","item":"https:\/\/www.visionxeurope.com\/se\/"},{"@type":"ListItem","position":2,"name":"Webbutik","item":"https:\/\/www.visionxeurope.com\/se\/webbutik\/"},{"@type":"ListItem","position":3,"name":"VISION X DURA UTILITY EXTREME 6 30W 40\u00b0"}]},{"@type":"WebSite","@id":"https:\/\/www.visionxeurope.com\/se\/#website","url":"https:\/\/www.visionxeurope.com\/se\/","name":"Vision X Europe","description":"","publisher":{"@id":"https:\/\/www.visionxeurope.com\/se\/#organization"},"potentialAction":[{"@type":"SearchAction","target":{"@type":"EntryPoint","urlTemplate":"https:\/\/www.visionxeurope.com\/se\/?s={search_term_string}"},"query-input":{"@type":"PropertyValueSpecification","valueRequired":true,"valueName":"search_term_string"}}],"inLanguage":"sv-SE"},{"@type":"Organization","@id":"https:\/\/www.visionxeurope.com\/se\/#organization","name":"Vision X Europe","url":"https:\/\/www.visionxeurope.com\/se\/","logo":{"@type":"ImageObject","inLanguage":"sv-SE","@id":"https:\/\/www.visionxeurope.com\/se\/#\/schema\/logo\/image\/","url":"https:\/\/www.visionxeurope.com\/se\/wp-content\/uploads\/sites\/7\/2021\/04\/visionxeurope.png","contentUrl":"https:\/\/www.visionxeurope.com\/se\/wp-content\/uploads\/sites\/7\/2021\/04\/visionxeurope.png","width":300,"height":110,"caption":"Vision X Europe"},"image":{"@id":"https:\/\/www.visionxeurope.com\/se\/#\/schema\/logo\/image\/"},"sameAs":["https:\/\/www.facebook.com\/visionxeurope","https:\/\/www.instagram.com\/visionxeurope\/"]}]},"product_price_amount":"1900.00","product_price_currency":"SEK","og_availability":"instock","product_availability":"instock","product_retailer_item_id":"DURA-X640","product_condition":"new"},"_links":{"self":[{"href":"https:\/\/www.visionxeurope.com\/se\/wp-json\/wp\/v2\/product\/13107","targetHints":{"allow":["GET"]}}],"collection":[{"href":"https:\/\/www.visionxeurope.com\/se\/wp-json\/wp\/v2\/product"}],"about":[{"href":"https:\/\/www.visionxeurope.com\/se\/wp-json\/wp\/v2\/types\/product"}],"replies":[{"embeddable":true,"href":"https:\/\/www.visionxeurope.com\/se\/wp-json\/wp\/v2\/comments?post=13107"}],"wp:featuredmedia":[{"embeddable":true,"href":"https:\/\/www.visionxeurope.com\/se\/wp-json\/wp\/v2\/media\/4943"}],"wp:attachment":[{"href":"https:\/\/www.visionxeurope.com\/se\/wp-json\/wp\/v2\/media?parent=13107"}],"wp:term":[{"taxonomy":"product_brand","embeddable":true,"href":"https:\/\/www.visionxeurope.com\/se\/wp-json\/wp\/v2\/product_brand?post=13107"},{"taxonomy":"product_cat","embeddable":true,"href":"https:\/\/www.visionxeurope.com\/se\/wp-json\/wp\/v2\/product_cat?post=13107"},{"taxonomy":"product_tag","embeddable":true,"href":"https:\/\/www.visionxeurope.com\/se\/wp-json\/wp\/v2\/product_tag?post=13107"}],"curies":[{"name":"wp","href":"https:\/\/api.w.org\/{rel}","templated":true}]}}