{"id":13102,"date":"2016-04-12T07:10:10","date_gmt":"2016-04-12T05:10:10","guid":{"rendered":"https:\/\/www.visionxeurope.com\/se\/produkt\/vision-x-dura-mini-12w-60-ecer23-godkand\/"},"modified":"2026-04-13T09:54:19","modified_gmt":"2026-04-13T07:54:19","slug":"vision-x-dura-mini-12w-60-ecer23-godkand","status":"publish","type":"product","link":"https:\/\/www.visionxeurope.com\/se\/webbutik\/vision-x-dura-mini-12w-60-ecer23-godkand\/","title":{"rendered":"VISION X DURA MINI 12W 60\u00b0 ECER23 GODK\u00c4ND"},"content":{"rendered":"<p><\/p>\n<p>Vision X Utility Dura Mini \u00e4r en av de minsta och effektivaste lamporna p\u00e5 marknaden. Dura Mini-lampan \u00e4r en smidig och kraftfull LED-backlampa och arbetslampa perfekt f\u00f6r montage i sm\u00e5 utrymmen p\u00e5 lastbilar, personbilar, traktorer och maskiner som k\u00f6r p\u00e5 allm\u00e4n v\u00e4g. Med 2 000 lumen ger den ordentligt med ljus som lyser upp omr\u00e5det bakom fordonet.<\/p>\n<p><\/p>\n<p><\/p>\n<p>Vibrationst\u00e5lig, vattent\u00e5lig, radioavst\u00f6rd med CISPR25 och med ett robust f\u00e4ste f\u00f6r enkelt och snabbt montage ger m\u00e5nga applikationsm\u00f6jligheter.<\/p>\n<p><\/p>\n<p><\/p>\n<p>Dura Mini-lampan har fyra stycken effektiva XTE-CREE dioder med h\u00f6gsta BIN-tal vilket ger mycket ljus i f\u00f6rh\u00e5llandevis till lampans storlek.<\/p>\n<p><\/p>\n<p><\/p>\n<p><strong>Data:<\/strong><\/p>\n<p><\/p>\n<p><\/p>\n<ul class=\"wp-block-list\">\n<li>Lamphus: Robust aluminium.<\/li>\n<li>Enkel installation med endast + &amp; &#8211; kabel.<\/li>\n<li>Sp\u00e4nning: 9-32 volt.<\/li>\n<li>Str\u00f6mf\u00f6rbrukning: 1 Amp vid 12 v.<\/li>\n<li>IP Klassning: IP69K<\/li>\n<li>EMC Klassning: CISPR25<\/li>\n<li>Vibrationsklassning: 8.6G<\/li>\n<li>Arbetstemperaturomr\u00e5de: -40\u00b0C &#8211; +85\u00b0C<\/li>\n<li>H\u00f6jd: 78 mm (utan f\u00e4ste)<\/li>\n<li>Bredd: 70 mm (utan f\u00e4ste)<\/li>\n<li>Djup: 49,4 mm.<\/li>\n<li>Antal LED: 4<\/li>\n<li>LED: 3W, totalt 12W<\/li>\n<li>R\u00e5a lumen: 2 000<\/li>\n<li>Effektiva lumen: 950<\/li>\n<li>Lins: Polykarbonat (n\u00e4st intill okrossbart)<\/li>\n<li>Kontakt: Deutsch kontakt<\/li>\n<li>Ljusbild: 60\u00b0 (Wide flood) Enligt ECER23 reglementet som g\u00e4ller f\u00f6r godk\u00e4nda backlampor.<\/li>\n<\/ul>\n<p><\/p>","protected":false},"excerpt":{"rendered":"<p>Vision X Utility Dura Mini \u00e4r en av de minsta och effektivaste lamporna p\u00e5 marknaden. Dura Mini-lampan \u00e4r en smidig och kraftfull LED-backlampa och arbetslampa perfekt f\u00f6r montage i sm\u00e5 utrymmen p\u00e5 lastbilar, personbilar, traktorer och maskiner som k\u00f6r p\u00e5 allm\u00e4n v\u00e4g. Med 2 000 lumen ger den ordentligt med ljus som lyser upp omr\u00e5det bakom fordonet.<\/p>\n<p>Vibrationst\u00e5lig, vattent\u00e5lig, radioavst\u00f6rd med CISPR25 och med ett robust f\u00e4ste f\u00f6r enkelt och snabbt montage ger m\u00e5nga applikationsm\u00f6jligheter.<\/p>\n<p>Dura Mini-lampan har fyra stycken effektiva XTE-CREE dioder med h\u00f6gsta BIN-tal vilket ger mycket ljus i f\u00f6rh\u00e5llandevis till lampans storlek.<\/p>\n","protected":false},"featured_media":14226,"comment_status":"closed","ping_status":"open","template":"","meta":{"editor_notices":[]},"product_brand":[],"product_cat":[45],"product_tag":[],"class_list":{"0":"post-13102","1":"product","2":"type-product","3":"status-publish","4":"has-post-thumbnail","6":"product_cat-dura","7":"resize-featured-image","8":"","9":"woocommerce-text-align-left","10":"woocommerce-image-align-center","12":"first","13":"outofstock","14":"taxable","15":"shipping-taxable","16":"product-type-simple"},"yoast_head":"<!-- This site is optimized with the Yoast SEO Premium plugin v25.0 (Yoast SEO v25.0) - https:\/\/yoast.com\/wordpress\/plugins\/seo\/ -->\n<title>VISION X DURA MINI 12W 60\u00b0 ECER23 GODK\u00c4ND - Vision X Europe<\/title>\n<meta name=\"robots\" content=\"index, follow, max-snippet:-1, max-image-preview:large, max-video-preview:-1\" \/>\n<link rel=\"canonical\" href=\"https:\/\/www.visionxeurope.com\/se\/webbutik\/vision-x-dura-mini-12w-60-ecer23-godkand\/\" \/>\n<meta property=\"og:locale\" content=\"sv_SE\" \/>\n<meta property=\"og:type\" content=\"article\" \/>\n<meta property=\"og:title\" content=\"VISION X DURA MINI 12W 60\u00b0 ECER23 GODK\u00c4ND\" \/>\n<meta property=\"og:description\" content=\"Vision X Utility Dura Mini \u00e4r en av de minsta och effektivaste lamporna p\u00e5 marknaden. Dura Mini-lampan \u00e4r en smidig och kraftfull LED-backlampa och arbetslampa perfekt f\u00f6r montage i sm\u00e5 utrymmen p\u00e5 lastbilar, personbilar, traktorer och maskiner som k\u00f6r p\u00e5 allm\u00e4n v\u00e4g. Med 2 000 lumen ger den ordentligt med ljus som lyser upp omr\u00e5det bakom fordonet. Vibrationst\u00e5lig, vattent\u00e5lig, radioavst\u00f6rd med CISPR25 och med ett robust f\u00e4ste f\u00f6r enkelt och snabbt montage ger m\u00e5nga applikationsm\u00f6jligheter. Dura Mini-lampan har fyra stycken effektiva XTE-CREE dioder med h\u00f6gsta BIN-tal vilket ger mycket ljus i f\u00f6rh\u00e5llandevis till lampans storlek.\" \/>\n<meta property=\"og:url\" content=\"https:\/\/www.visionxeurope.com\/se\/webbutik\/vision-x-dura-mini-12w-60-ecer23-godkand\/\" \/>\n<meta property=\"og:site_name\" content=\"Vision X Europe\" \/>\n<meta property=\"article:publisher\" content=\"https:\/\/www.facebook.com\/visionxeurope\" \/>\n<meta property=\"article:modified_time\" content=\"2026-04-13T07:54:19+00:00\" \/>\n<meta property=\"og:image\" content=\"https:\/\/www.visionxeurope.com\/se\/wp-content\/uploads\/sites\/7\/2022\/04\/DURA-M460.jpg\" \/>\n\t<meta property=\"og:image:width\" content=\"1920\" \/>\n\t<meta property=\"og:image:height\" content=\"1920\" \/>\n\t<meta property=\"og:image:type\" content=\"image\/jpeg\" \/>\n<meta name=\"twitter:card\" content=\"summary_large_image\" \/>\n<meta name=\"twitter:label1\" content=\"Pris\" \/>\n\t<meta name=\"twitter:data1\" content=\"776,00&nbsp;&#107;&#114; exkl. moms\" \/>\n\t<meta name=\"twitter:label2\" content=\"Tillg\u00e4nglig\" \/>\n\t<meta name=\"twitter:data2\" content=\"Slut i lager\" \/>\n<script type=\"application\/ld+json\" class=\"yoast-schema-graph\">{\"@context\":\"https:\/\/schema.org\",\"@graph\":[{\"@type\":\"WebPage\",\"@id\":\"https:\/\/www.visionxeurope.com\/se\/webbutik\/vision-x-dura-mini-12w-60-ecer23-godkand\/\",\"url\":\"https:\/\/www.visionxeurope.com\/se\/webbutik\/vision-x-dura-mini-12w-60-ecer23-godkand\/\",\"name\":\"VISION X DURA MINI 12W 60\u00b0 ECER23 GODK\u00c4ND - Vision X Europe\",\"isPartOf\":{\"@id\":\"https:\/\/www.visionxeurope.com\/se\/#website\"},\"primaryImageOfPage\":{\"@id\":\"https:\/\/www.visionxeurope.com\/se\/webbutik\/vision-x-dura-mini-12w-60-ecer23-godkand\/#primaryimage\"},\"image\":{\"@id\":\"https:\/\/www.visionxeurope.com\/se\/webbutik\/vision-x-dura-mini-12w-60-ecer23-godkand\/#primaryimage\"},\"thumbnailUrl\":\"https:\/\/www.visionxeurope.com\/se\/wp-content\/uploads\/sites\/7\/2022\/04\/DURA-M460.jpg\",\"datePublished\":\"2016-04-12T05:10:10+00:00\",\"dateModified\":\"2026-04-13T07:54:19+00:00\",\"breadcrumb\":{\"@id\":\"https:\/\/www.visionxeurope.com\/se\/webbutik\/vision-x-dura-mini-12w-60-ecer23-godkand\/#breadcrumb\"},\"inLanguage\":\"sv-SE\",\"potentialAction\":[{\"@type\":\"ReadAction\",\"target\":[\"https:\/\/www.visionxeurope.com\/se\/webbutik\/vision-x-dura-mini-12w-60-ecer23-godkand\/\"]}]},{\"@type\":\"ImageObject\",\"inLanguage\":\"sv-SE\",\"@id\":\"https:\/\/www.visionxeurope.com\/se\/webbutik\/vision-x-dura-mini-12w-60-ecer23-godkand\/#primaryimage\",\"url\":\"https:\/\/www.visionxeurope.com\/se\/wp-content\/uploads\/sites\/7\/2022\/04\/DURA-M460.jpg\",\"contentUrl\":\"https:\/\/www.visionxeurope.com\/se\/wp-content\/uploads\/sites\/7\/2022\/04\/DURA-M460.jpg\",\"width\":1920,\"height\":1920},{\"@type\":\"BreadcrumbList\",\"@id\":\"https:\/\/www.visionxeurope.com\/se\/webbutik\/vision-x-dura-mini-12w-60-ecer23-godkand\/#breadcrumb\",\"itemListElement\":[{\"@type\":\"ListItem\",\"position\":1,\"name\":\"Hem\",\"item\":\"https:\/\/www.visionxeurope.com\/se\/\"},{\"@type\":\"ListItem\",\"position\":2,\"name\":\"Webbutik\",\"item\":\"https:\/\/www.visionxeurope.com\/se\/webbutik\/\"},{\"@type\":\"ListItem\",\"position\":3,\"name\":\"VISION X DURA MINI 12W 60\u00b0 ECER23 GODK\u00c4ND\"}]},{\"@type\":\"WebSite\",\"@id\":\"https:\/\/www.visionxeurope.com\/se\/#website\",\"url\":\"https:\/\/www.visionxeurope.com\/se\/\",\"name\":\"Vision X Europe\",\"description\":\"\",\"publisher\":{\"@id\":\"https:\/\/www.visionxeurope.com\/se\/#organization\"},\"potentialAction\":[{\"@type\":\"SearchAction\",\"target\":{\"@type\":\"EntryPoint\",\"urlTemplate\":\"https:\/\/www.visionxeurope.com\/se\/?s={search_term_string}\"},\"query-input\":{\"@type\":\"PropertyValueSpecification\",\"valueRequired\":true,\"valueName\":\"search_term_string\"}}],\"inLanguage\":\"sv-SE\"},{\"@type\":\"Organization\",\"@id\":\"https:\/\/www.visionxeurope.com\/se\/#organization\",\"name\":\"Vision X Europe\",\"url\":\"https:\/\/www.visionxeurope.com\/se\/\",\"logo\":{\"@type\":\"ImageObject\",\"inLanguage\":\"sv-SE\",\"@id\":\"https:\/\/www.visionxeurope.com\/se\/#\/schema\/logo\/image\/\",\"url\":\"https:\/\/www.visionxeurope.com\/se\/wp-content\/uploads\/sites\/7\/2021\/04\/visionxeurope.png\",\"contentUrl\":\"https:\/\/www.visionxeurope.com\/se\/wp-content\/uploads\/sites\/7\/2021\/04\/visionxeurope.png\",\"width\":300,\"height\":110,\"caption\":\"Vision X Europe\"},\"image\":{\"@id\":\"https:\/\/www.visionxeurope.com\/se\/#\/schema\/logo\/image\/\"},\"sameAs\":[\"https:\/\/www.facebook.com\/visionxeurope\",\"https:\/\/www.instagram.com\/visionxeurope\/\"]}]}<\/script>\n<meta property=\"product:price:amount\" content=\"776.00\" \/>\n<meta property=\"product:price:currency\" content=\"SEK\" \/>\n<meta property=\"og:availability\" content=\"out of stock\" \/>\n<meta property=\"product:availability\" content=\"out of stock\" \/>\n<meta property=\"product:retailer_item_id\" content=\"DURA-M460\" \/>\n<meta property=\"product:condition\" content=\"new\" \/>\n<!-- \/ Yoast SEO Premium plugin. -->","yoast_head_json":{"title":"VISION X DURA MINI 12W 60\u00b0 ECER23 GODK\u00c4ND - Vision X Europe","robots":{"index":"index","follow":"follow","max-snippet":"max-snippet:-1","max-image-preview":"max-image-preview:large","max-video-preview":"max-video-preview:-1"},"canonical":"https:\/\/www.visionxeurope.com\/se\/webbutik\/vision-x-dura-mini-12w-60-ecer23-godkand\/","og_locale":"sv_SE","og_type":"article","og_title":"VISION X DURA MINI 12W 60\u00b0 ECER23 GODK\u00c4ND","og_description":"Vision X Utility Dura Mini \u00e4r en av de minsta och effektivaste lamporna p\u00e5 marknaden. Dura Mini-lampan \u00e4r en smidig och kraftfull LED-backlampa och arbetslampa perfekt f\u00f6r montage i sm\u00e5 utrymmen p\u00e5 lastbilar, personbilar, traktorer och maskiner som k\u00f6r p\u00e5 allm\u00e4n v\u00e4g. Med 2 000 lumen ger den ordentligt med ljus som lyser upp omr\u00e5det bakom fordonet. Vibrationst\u00e5lig, vattent\u00e5lig, radioavst\u00f6rd med CISPR25 och med ett robust f\u00e4ste f\u00f6r enkelt och snabbt montage ger m\u00e5nga applikationsm\u00f6jligheter. Dura Mini-lampan har fyra stycken effektiva XTE-CREE dioder med h\u00f6gsta BIN-tal vilket ger mycket ljus i f\u00f6rh\u00e5llandevis till lampans storlek.","og_url":"https:\/\/www.visionxeurope.com\/se\/webbutik\/vision-x-dura-mini-12w-60-ecer23-godkand\/","og_site_name":"Vision X Europe","article_publisher":"https:\/\/www.facebook.com\/visionxeurope","article_modified_time":"2026-04-13T07:54:19+00:00","og_image":[{"width":1920,"height":1920,"url":"https:\/\/www.visionxeurope.com\/se\/wp-content\/uploads\/sites\/7\/2022\/04\/DURA-M460.jpg","type":"image\/jpeg"}],"twitter_card":"summary_large_image","twitter_misc":{"Pris":"776,00&nbsp;&#107;&#114; exkl. moms","Tillg\u00e4nglig":"Slut i lager"},"schema":{"@context":"https:\/\/schema.org","@graph":[{"@type":"WebPage","@id":"https:\/\/www.visionxeurope.com\/se\/webbutik\/vision-x-dura-mini-12w-60-ecer23-godkand\/","url":"https:\/\/www.visionxeurope.com\/se\/webbutik\/vision-x-dura-mini-12w-60-ecer23-godkand\/","name":"VISION X DURA MINI 12W 60\u00b0 ECER23 GODK\u00c4ND - Vision X Europe","isPartOf":{"@id":"https:\/\/www.visionxeurope.com\/se\/#website"},"primaryImageOfPage":{"@id":"https:\/\/www.visionxeurope.com\/se\/webbutik\/vision-x-dura-mini-12w-60-ecer23-godkand\/#primaryimage"},"image":{"@id":"https:\/\/www.visionxeurope.com\/se\/webbutik\/vision-x-dura-mini-12w-60-ecer23-godkand\/#primaryimage"},"thumbnailUrl":"https:\/\/www.visionxeurope.com\/se\/wp-content\/uploads\/sites\/7\/2022\/04\/DURA-M460.jpg","datePublished":"2016-04-12T05:10:10+00:00","dateModified":"2026-04-13T07:54:19+00:00","breadcrumb":{"@id":"https:\/\/www.visionxeurope.com\/se\/webbutik\/vision-x-dura-mini-12w-60-ecer23-godkand\/#breadcrumb"},"inLanguage":"sv-SE","potentialAction":[{"@type":"ReadAction","target":["https:\/\/www.visionxeurope.com\/se\/webbutik\/vision-x-dura-mini-12w-60-ecer23-godkand\/"]}]},{"@type":"ImageObject","inLanguage":"sv-SE","@id":"https:\/\/www.visionxeurope.com\/se\/webbutik\/vision-x-dura-mini-12w-60-ecer23-godkand\/#primaryimage","url":"https:\/\/www.visionxeurope.com\/se\/wp-content\/uploads\/sites\/7\/2022\/04\/DURA-M460.jpg","contentUrl":"https:\/\/www.visionxeurope.com\/se\/wp-content\/uploads\/sites\/7\/2022\/04\/DURA-M460.jpg","width":1920,"height":1920},{"@type":"BreadcrumbList","@id":"https:\/\/www.visionxeurope.com\/se\/webbutik\/vision-x-dura-mini-12w-60-ecer23-godkand\/#breadcrumb","itemListElement":[{"@type":"ListItem","position":1,"name":"Hem","item":"https:\/\/www.visionxeurope.com\/se\/"},{"@type":"ListItem","position":2,"name":"Webbutik","item":"https:\/\/www.visionxeurope.com\/se\/webbutik\/"},{"@type":"ListItem","position":3,"name":"VISION X DURA MINI 12W 60\u00b0 ECER23 GODK\u00c4ND"}]},{"@type":"WebSite","@id":"https:\/\/www.visionxeurope.com\/se\/#website","url":"https:\/\/www.visionxeurope.com\/se\/","name":"Vision X Europe","description":"","publisher":{"@id":"https:\/\/www.visionxeurope.com\/se\/#organization"},"potentialAction":[{"@type":"SearchAction","target":{"@type":"EntryPoint","urlTemplate":"https:\/\/www.visionxeurope.com\/se\/?s={search_term_string}"},"query-input":{"@type":"PropertyValueSpecification","valueRequired":true,"valueName":"search_term_string"}}],"inLanguage":"sv-SE"},{"@type":"Organization","@id":"https:\/\/www.visionxeurope.com\/se\/#organization","name":"Vision X Europe","url":"https:\/\/www.visionxeurope.com\/se\/","logo":{"@type":"ImageObject","inLanguage":"sv-SE","@id":"https:\/\/www.visionxeurope.com\/se\/#\/schema\/logo\/image\/","url":"https:\/\/www.visionxeurope.com\/se\/wp-content\/uploads\/sites\/7\/2021\/04\/visionxeurope.png","contentUrl":"https:\/\/www.visionxeurope.com\/se\/wp-content\/uploads\/sites\/7\/2021\/04\/visionxeurope.png","width":300,"height":110,"caption":"Vision X Europe"},"image":{"@id":"https:\/\/www.visionxeurope.com\/se\/#\/schema\/logo\/image\/"},"sameAs":["https:\/\/www.facebook.com\/visionxeurope","https:\/\/www.instagram.com\/visionxeurope\/"]}]},"product_price_amount":"776.00","product_price_currency":"SEK","og_availability":"out of stock","product_availability":"out of stock","product_retailer_item_id":"DURA-M460","product_condition":"new"},"_links":{"self":[{"href":"https:\/\/www.visionxeurope.com\/se\/wp-json\/wp\/v2\/product\/13102","targetHints":{"allow":["GET"]}}],"collection":[{"href":"https:\/\/www.visionxeurope.com\/se\/wp-json\/wp\/v2\/product"}],"about":[{"href":"https:\/\/www.visionxeurope.com\/se\/wp-json\/wp\/v2\/types\/product"}],"replies":[{"embeddable":true,"href":"https:\/\/www.visionxeurope.com\/se\/wp-json\/wp\/v2\/comments?post=13102"}],"wp:featuredmedia":[{"embeddable":true,"href":"https:\/\/www.visionxeurope.com\/se\/wp-json\/wp\/v2\/media\/14226"}],"wp:attachment":[{"href":"https:\/\/www.visionxeurope.com\/se\/wp-json\/wp\/v2\/media?parent=13102"}],"wp:term":[{"taxonomy":"product_brand","embeddable":true,"href":"https:\/\/www.visionxeurope.com\/se\/wp-json\/wp\/v2\/product_brand?post=13102"},{"taxonomy":"product_cat","embeddable":true,"href":"https:\/\/www.visionxeurope.com\/se\/wp-json\/wp\/v2\/product_cat?post=13102"},{"taxonomy":"product_tag","embeddable":true,"href":"https:\/\/www.visionxeurope.com\/se\/wp-json\/wp\/v2\/product_tag?post=13102"}],"curies":[{"name":"wp","href":"https:\/\/api.w.org\/{rel}","templated":true}]}}