{"id":13096,"date":"2021-01-28T14:12:59","date_gmt":"2021-01-28T13:12:59","guid":{"rendered":"https:\/\/www.visionxeurope.com\/se\/produkt\/vision-x-dura-460-led-flush-mtg-20w-60\/"},"modified":"2026-01-08T19:50:34","modified_gmt":"2026-01-08T18:50:34","slug":"vision-x-dura-460-led-flush-mtg-20w-60","status":"publish","type":"product","link":"https:\/\/www.visionxeurope.com\/se\/webbutik\/vision-x-dura-460-led-flush-mtg-20w-60\/","title":{"rendered":"VISION X DURA-460 LED FLUSH MTG 20W 60\u00b0"},"content":{"rendered":"<p><\/p>\n<p>Dura Flush finns i tv\u00e5 utf\u00f6randen, Dura-660 och DURA-460. Den popul\u00e4ra 60\u00b0 wide flood ljusbilden kommer att ge den perfekta m\u00e4ngden ljusfl\u00f6de f\u00f6r n\u00e4stan alla jobb. Den nya Flush Mount Bracket \u00f6ppnar d\u00f6rren f\u00f6r \u00e4nnu fler applikationer s\u00e5som backbelysning, strukturell belysning och mycket mer.<\/p>\n<p><\/p>\n<p><\/p>\n<p>Dura Flush Mount Brackets till\u00e5ter popul\u00e4ra DURA 4 LED och DURA 6 LED armaturer att bli inf\u00e4llt monterade p\u00e5 plana ytor som t.ex. sk\u00e5p, tak, st\u00f6tf\u00e5ngare och \u00e4r idealisk som backlampsbelysning, arbetsljus eller som sidoljus p\u00e5 kommersiella fordon och maskiner.<\/p>\n<p><\/p>\n<p><\/p>\n<p>Dura \u00e4r utrustad med 60\u00b0 optik, vilket ger en bred spridning av ljusbilden och \u00e4r optimalt f\u00f6r olika typer av arbetsomr\u00e5den.<\/p>\n<p><\/p>\n<p><\/p>\n<p><strong>Data:<\/strong><br \/>Lamphus: Robust aluminium.<br \/>Enkel installation med endast + &amp;amp &#8211; kabel.<br \/>Sp\u00e4nning: 11-65V<br \/>Str\u00f6mf\u00f6rbrukning: 1.67 Amp vid 12V<br \/>IP Klassning: IP69K<br \/>EMC Klassning: CISPR25<br \/>Vibrationsklassning: 8.6G rms<br \/>Arbetstemperaturomr\u00e5de: -40\u00b0C &#8211; +85\u00b0C<br \/>H\u00f6jd: 133.6 mm<br \/>Bredd: 133.6 mm<br \/>Djup: 61 mm<br \/>Antal LED: 4<br \/>LED: 5W, totalt 20W<br \/>R\u00e5a lumen: 2 112<br \/>Effektiva lumen: 1 480<br \/>Lins: Polykarbonat (n\u00e4st intill okrossbart)<br \/>Kontakt: Deutsch kontakt<br \/>Ljusbild: 60\u00b0 (Wide flood)<br \/>Finns ocks\u00e5 i DURA-660<\/p>\n<p><\/p>","protected":false},"excerpt":{"rendered":"<p>Dura Flush finns i tv\u00e5 utf\u00f6randen, Dura-660 och DURA-460. Den popul\u00e4ra 60\u00b0 wide flood ljusbilden kommer att ge den perfekta m\u00e4ngden ljusfl\u00f6de f\u00f6r n\u00e4stan alla jobb. Den nya Flush Mount Bracket \u00f6ppnar d\u00f6rren f\u00f6r \u00e4nnu fler applikationer s\u00e5som backbelysning, strukturell belysning och mycket mer.<\/p>\n<p>Dura Flush Mount Brackets till\u00e5ter popul\u00e4ra DURA 4 LED och DURA 6 LED armaturer att bli inf\u00e4llt monterade p\u00e5 plana ytor som t.ex. sk\u00e5p, tak, st\u00f6tf\u00e5ngare och \u00e4r idealisk som backlampsbelysning, arbetsljus eller som sidoljus p\u00e5 kommersiella fordon och maskiner.<\/p>\n<p>Dura \u00e4r utrustad med 60\u00b0 optik, vilket ger en bred spridning av ljusbilden och \u00e4r optimalt f\u00f6r olika typer av arbetsomr\u00e5den.<\/p>\n<p><strong>Data:<\/strong><br \/>Lamphus: Robust aluminium.<br \/>Enkel installation med endast + &amp;amp &#8211; kabel.<br \/>Sp\u00e4nning: 11-65V<br \/>Str\u00f6mf\u00f6rbrukning: 1.67 Amp vid 12V<br \/>IP Klassning: IP69K<br \/>EMC Klassning: CISPR25<br \/>Vibrationsklassning: 8.6G rms<br \/>Arbetstemperaturomr\u00e5de: -40\u00b0C &#8211; +85\u00b0C<br \/>H\u00f6jd: 133.6 mm<br \/>Bredd: 133.6 mm<br \/>Djup: 61 mm<br \/>Antal LED: 4<br \/>LED: 5W, totalt 20W<br \/>R\u00e5a lumen: 2 112<br \/>Effektiva lumen: 1 480<br \/>Lins: Polykarbonat (n\u00e4st intill okrossbart)<br \/>Kontakt: Deutsch kontakt<br \/>Ljusbild: 60\u00b0 (Wide flood)<br \/>Finns ocks\u00e5 i DURA-660<\/p>\n","protected":false},"featured_media":13097,"comment_status":"open","ping_status":"open","template":"","meta":{"editor_notices":[]},"product_brand":[],"product_cat":[45],"product_tag":[],"class_list":{"0":"post-13096","1":"product","2":"type-product","3":"status-publish","4":"has-post-thumbnail","6":"product_cat-dura","7":"resize-featured-image","8":"","9":"woocommerce-text-align-left","10":"woocommerce-image-align-center","12":"first","13":"outofstock","14":"taxable","15":"shipping-taxable","16":"product-type-simple"},"yoast_head":"<!-- This site is optimized with the Yoast SEO Premium plugin v25.0 (Yoast SEO v25.0) - https:\/\/yoast.com\/wordpress\/plugins\/seo\/ -->\n<title>VISION X DURA-460 LED FLUSH MTG 20W 60\u00b0 - Vision X Europe<\/title>\n<meta name=\"robots\" content=\"index, follow, max-snippet:-1, max-image-preview:large, max-video-preview:-1\" \/>\n<link rel=\"canonical\" href=\"https:\/\/www.visionxeurope.com\/se\/webbutik\/vision-x-dura-460-led-flush-mtg-20w-60\/\" \/>\n<meta property=\"og:locale\" content=\"sv_SE\" \/>\n<meta property=\"og:type\" content=\"article\" \/>\n<meta property=\"og:title\" content=\"VISION X DURA-460 LED FLUSH MTG 20W 60\u00b0\" \/>\n<meta property=\"og:description\" content=\"Dura Flush finns i tv\u00e5 utf\u00f6randen, Dura-660 och DURA-460. Den popul\u00e4ra 60\u00b0 wide flood ljusbilden kommer att ge den perfekta m\u00e4ngden ljusfl\u00f6de f\u00f6r n\u00e4stan alla jobb. Den nya Flush Mount Bracket \u00f6ppnar d\u00f6rren f\u00f6r \u00e4nnu fler applikationer s\u00e5som backbelysning, strukturell belysning och mycket mer. Dura Flush Mount Brackets till\u00e5ter popul\u00e4ra DURA 4 LED och DURA 6 LED armaturer att bli inf\u00e4llt monterade p\u00e5 plana ytor som t.ex. sk\u00e5p, tak, st\u00f6tf\u00e5ngare och \u00e4r idealisk som backlampsbelysning, arbetsljus eller som sidoljus p\u00e5 kommersiella fordon och maskiner. Dura \u00e4r utrustad med 60\u00b0 optik, vilket ger en bred spridning av ljusbilden och \u00e4r optimalt f\u00f6r olika typer av arbetsomr\u00e5den. Data:Lamphus: Robust aluminium.Enkel installation med endast + &amp;amp &#8211; kabel.Sp\u00e4nning: 11-65VStr\u00f6mf\u00f6rbrukning: 1.67 Amp vid 12VIP Klassning: IP69KEMC Klassning: CISPR25Vibrationsklassning: 8.6G rmsArbetstemperaturomr\u00e5de: -40\u00b0C &#8211; +85\u00b0CH\u00f6jd: 133.6 mmBredd: 133.6 mmDjup: 61 mmAntal LED: 4LED: 5W, totalt 20WR\u00e5a lumen: 2 112Effektiva lumen: 1 480Lins: Polykarbonat (n\u00e4st intill okrossbart)Kontakt: Deutsch kontaktLjusbild: 60\u00b0 (Wide flood)Finns ocks\u00e5 i DURA-660\" \/>\n<meta property=\"og:url\" content=\"https:\/\/www.visionxeurope.com\/se\/webbutik\/vision-x-dura-460-led-flush-mtg-20w-60\/\" \/>\n<meta property=\"og:site_name\" content=\"Vision X Europe\" \/>\n<meta property=\"article:publisher\" content=\"https:\/\/www.facebook.com\/visionxeurope\" \/>\n<meta property=\"article:modified_time\" content=\"2026-01-08T18:50:34+00:00\" \/>\n<meta property=\"og:image\" content=\"https:\/\/www.rindab.se\/wp-content\/uploads\/sites\/7\/2022\/04\/DURA-460FLUSH.jpg\" \/>\n\t<meta property=\"og:image:width\" content=\"450\" \/>\n\t<meta property=\"og:image:height\" content=\"450\" \/>\n\t<meta property=\"og:image:type\" content=\"image\/jpeg\" \/>\n<meta name=\"twitter:card\" content=\"summary_large_image\" \/>\n<meta name=\"twitter:label1\" content=\"Pris\" \/>\n\t<meta name=\"twitter:data1\" content=\"1 836,00&nbsp;&#107;&#114; exkl. moms\" \/>\n\t<meta name=\"twitter:label2\" content=\"Tillg\u00e4nglig\" \/>\n\t<meta name=\"twitter:data2\" content=\"Slut i lager\" \/>\n<script type=\"application\/ld+json\" class=\"yoast-schema-graph\">{\"@context\":\"https:\/\/schema.org\",\"@graph\":[{\"@type\":\"WebPage\",\"@id\":\"https:\/\/www.visionxeurope.com\/se\/webbutik\/vision-x-dura-460-led-flush-mtg-20w-60\/\",\"url\":\"https:\/\/www.visionxeurope.com\/se\/webbutik\/vision-x-dura-460-led-flush-mtg-20w-60\/\",\"name\":\"VISION X DURA-460 LED FLUSH MTG 20W 60\u00b0 - Vision X Europe\",\"isPartOf\":{\"@id\":\"https:\/\/www.visionxeurope.com\/se\/#website\"},\"primaryImageOfPage\":{\"@id\":\"https:\/\/www.visionxeurope.com\/se\/webbutik\/vision-x-dura-460-led-flush-mtg-20w-60\/#primaryimage\"},\"image\":{\"@id\":\"https:\/\/www.visionxeurope.com\/se\/webbutik\/vision-x-dura-460-led-flush-mtg-20w-60\/#primaryimage\"},\"thumbnailUrl\":\"https:\/\/www.visionxeurope.com\/se\/wp-content\/uploads\/sites\/7\/2022\/04\/DURA-460FLUSH.jpg\",\"datePublished\":\"2021-01-28T13:12:59+00:00\",\"dateModified\":\"2026-01-08T18:50:34+00:00\",\"breadcrumb\":{\"@id\":\"https:\/\/www.visionxeurope.com\/se\/webbutik\/vision-x-dura-460-led-flush-mtg-20w-60\/#breadcrumb\"},\"inLanguage\":\"sv-SE\",\"potentialAction\":[{\"@type\":\"ReadAction\",\"target\":[\"https:\/\/www.visionxeurope.com\/se\/webbutik\/vision-x-dura-460-led-flush-mtg-20w-60\/\"]}]},{\"@type\":\"ImageObject\",\"inLanguage\":\"sv-SE\",\"@id\":\"https:\/\/www.visionxeurope.com\/se\/webbutik\/vision-x-dura-460-led-flush-mtg-20w-60\/#primaryimage\",\"url\":\"https:\/\/www.visionxeurope.com\/se\/wp-content\/uploads\/sites\/7\/2022\/04\/DURA-460FLUSH.jpg\",\"contentUrl\":\"https:\/\/www.visionxeurope.com\/se\/wp-content\/uploads\/sites\/7\/2022\/04\/DURA-460FLUSH.jpg\",\"width\":450,\"height\":450},{\"@type\":\"BreadcrumbList\",\"@id\":\"https:\/\/www.visionxeurope.com\/se\/webbutik\/vision-x-dura-460-led-flush-mtg-20w-60\/#breadcrumb\",\"itemListElement\":[{\"@type\":\"ListItem\",\"position\":1,\"name\":\"Hem\",\"item\":\"https:\/\/www.visionxeurope.com\/se\/\"},{\"@type\":\"ListItem\",\"position\":2,\"name\":\"Webbutik\",\"item\":\"https:\/\/www.visionxeurope.com\/se\/webbutik\/\"},{\"@type\":\"ListItem\",\"position\":3,\"name\":\"VISION X DURA-460 LED FLUSH MTG 20W 60\u00b0\"}]},{\"@type\":\"WebSite\",\"@id\":\"https:\/\/www.visionxeurope.com\/se\/#website\",\"url\":\"https:\/\/www.visionxeurope.com\/se\/\",\"name\":\"Vision X Europe\",\"description\":\"\",\"publisher\":{\"@id\":\"https:\/\/www.visionxeurope.com\/se\/#organization\"},\"potentialAction\":[{\"@type\":\"SearchAction\",\"target\":{\"@type\":\"EntryPoint\",\"urlTemplate\":\"https:\/\/www.visionxeurope.com\/se\/?s={search_term_string}\"},\"query-input\":{\"@type\":\"PropertyValueSpecification\",\"valueRequired\":true,\"valueName\":\"search_term_string\"}}],\"inLanguage\":\"sv-SE\"},{\"@type\":\"Organization\",\"@id\":\"https:\/\/www.visionxeurope.com\/se\/#organization\",\"name\":\"Vision X Europe\",\"url\":\"https:\/\/www.visionxeurope.com\/se\/\",\"logo\":{\"@type\":\"ImageObject\",\"inLanguage\":\"sv-SE\",\"@id\":\"https:\/\/www.visionxeurope.com\/se\/#\/schema\/logo\/image\/\",\"url\":\"https:\/\/www.visionxeurope.com\/se\/wp-content\/uploads\/sites\/7\/2021\/04\/visionxeurope.png\",\"contentUrl\":\"https:\/\/www.visionxeurope.com\/se\/wp-content\/uploads\/sites\/7\/2021\/04\/visionxeurope.png\",\"width\":300,\"height\":110,\"caption\":\"Vision X Europe\"},\"image\":{\"@id\":\"https:\/\/www.visionxeurope.com\/se\/#\/schema\/logo\/image\/\"},\"sameAs\":[\"https:\/\/www.facebook.com\/visionxeurope\",\"https:\/\/www.instagram.com\/visionxeurope\/\"]}]}<\/script>\n<meta property=\"product:price:amount\" content=\"1836.00\" \/>\n<meta property=\"product:price:currency\" content=\"SEK\" \/>\n<meta property=\"og:availability\" content=\"out of stock\" \/>\n<meta property=\"product:availability\" content=\"out of stock\" \/>\n<meta property=\"product:retailer_item_id\" content=\"DURA-460FLUSH\" \/>\n<meta property=\"product:condition\" content=\"new\" \/>\n<!-- \/ Yoast SEO Premium plugin. -->","yoast_head_json":{"title":"VISION X DURA-460 LED FLUSH MTG 20W 60\u00b0 - Vision X Europe","robots":{"index":"index","follow":"follow","max-snippet":"max-snippet:-1","max-image-preview":"max-image-preview:large","max-video-preview":"max-video-preview:-1"},"canonical":"https:\/\/www.visionxeurope.com\/se\/webbutik\/vision-x-dura-460-led-flush-mtg-20w-60\/","og_locale":"sv_SE","og_type":"article","og_title":"VISION X DURA-460 LED FLUSH MTG 20W 60\u00b0","og_description":"Dura Flush finns i tv\u00e5 utf\u00f6randen, Dura-660 och DURA-460. Den popul\u00e4ra 60\u00b0 wide flood ljusbilden kommer att ge den perfekta m\u00e4ngden ljusfl\u00f6de f\u00f6r n\u00e4stan alla jobb. Den nya Flush Mount Bracket \u00f6ppnar d\u00f6rren f\u00f6r \u00e4nnu fler applikationer s\u00e5som backbelysning, strukturell belysning och mycket mer. Dura Flush Mount Brackets till\u00e5ter popul\u00e4ra DURA 4 LED och DURA 6 LED armaturer att bli inf\u00e4llt monterade p\u00e5 plana ytor som t.ex. sk\u00e5p, tak, st\u00f6tf\u00e5ngare och \u00e4r idealisk som backlampsbelysning, arbetsljus eller som sidoljus p\u00e5 kommersiella fordon och maskiner. Dura \u00e4r utrustad med 60\u00b0 optik, vilket ger en bred spridning av ljusbilden och \u00e4r optimalt f\u00f6r olika typer av arbetsomr\u00e5den. Data:Lamphus: Robust aluminium.Enkel installation med endast + &amp;amp &#8211; kabel.Sp\u00e4nning: 11-65VStr\u00f6mf\u00f6rbrukning: 1.67 Amp vid 12VIP Klassning: IP69KEMC Klassning: CISPR25Vibrationsklassning: 8.6G rmsArbetstemperaturomr\u00e5de: -40\u00b0C &#8211; +85\u00b0CH\u00f6jd: 133.6 mmBredd: 133.6 mmDjup: 61 mmAntal LED: 4LED: 5W, totalt 20WR\u00e5a lumen: 2 112Effektiva lumen: 1 480Lins: Polykarbonat (n\u00e4st intill okrossbart)Kontakt: Deutsch kontaktLjusbild: 60\u00b0 (Wide flood)Finns ocks\u00e5 i DURA-660","og_url":"https:\/\/www.visionxeurope.com\/se\/webbutik\/vision-x-dura-460-led-flush-mtg-20w-60\/","og_site_name":"Vision X Europe","article_publisher":"https:\/\/www.facebook.com\/visionxeurope","article_modified_time":"2026-01-08T18:50:34+00:00","og_image":[{"width":450,"height":450,"url":"https:\/\/www.rindab.se\/wp-content\/uploads\/sites\/7\/2022\/04\/DURA-460FLUSH.jpg","type":"image\/jpeg"}],"twitter_card":"summary_large_image","twitter_misc":{"Pris":"1 836,00&nbsp;&#107;&#114; exkl. moms","Tillg\u00e4nglig":"Slut i lager"},"schema":{"@context":"https:\/\/schema.org","@graph":[{"@type":"WebPage","@id":"https:\/\/www.visionxeurope.com\/se\/webbutik\/vision-x-dura-460-led-flush-mtg-20w-60\/","url":"https:\/\/www.visionxeurope.com\/se\/webbutik\/vision-x-dura-460-led-flush-mtg-20w-60\/","name":"VISION X DURA-460 LED FLUSH MTG 20W 60\u00b0 - Vision X Europe","isPartOf":{"@id":"https:\/\/www.visionxeurope.com\/se\/#website"},"primaryImageOfPage":{"@id":"https:\/\/www.visionxeurope.com\/se\/webbutik\/vision-x-dura-460-led-flush-mtg-20w-60\/#primaryimage"},"image":{"@id":"https:\/\/www.visionxeurope.com\/se\/webbutik\/vision-x-dura-460-led-flush-mtg-20w-60\/#primaryimage"},"thumbnailUrl":"https:\/\/www.visionxeurope.com\/se\/wp-content\/uploads\/sites\/7\/2022\/04\/DURA-460FLUSH.jpg","datePublished":"2021-01-28T13:12:59+00:00","dateModified":"2026-01-08T18:50:34+00:00","breadcrumb":{"@id":"https:\/\/www.visionxeurope.com\/se\/webbutik\/vision-x-dura-460-led-flush-mtg-20w-60\/#breadcrumb"},"inLanguage":"sv-SE","potentialAction":[{"@type":"ReadAction","target":["https:\/\/www.visionxeurope.com\/se\/webbutik\/vision-x-dura-460-led-flush-mtg-20w-60\/"]}]},{"@type":"ImageObject","inLanguage":"sv-SE","@id":"https:\/\/www.visionxeurope.com\/se\/webbutik\/vision-x-dura-460-led-flush-mtg-20w-60\/#primaryimage","url":"https:\/\/www.visionxeurope.com\/se\/wp-content\/uploads\/sites\/7\/2022\/04\/DURA-460FLUSH.jpg","contentUrl":"https:\/\/www.visionxeurope.com\/se\/wp-content\/uploads\/sites\/7\/2022\/04\/DURA-460FLUSH.jpg","width":450,"height":450},{"@type":"BreadcrumbList","@id":"https:\/\/www.visionxeurope.com\/se\/webbutik\/vision-x-dura-460-led-flush-mtg-20w-60\/#breadcrumb","itemListElement":[{"@type":"ListItem","position":1,"name":"Hem","item":"https:\/\/www.visionxeurope.com\/se\/"},{"@type":"ListItem","position":2,"name":"Webbutik","item":"https:\/\/www.visionxeurope.com\/se\/webbutik\/"},{"@type":"ListItem","position":3,"name":"VISION X DURA-460 LED FLUSH MTG 20W 60\u00b0"}]},{"@type":"WebSite","@id":"https:\/\/www.visionxeurope.com\/se\/#website","url":"https:\/\/www.visionxeurope.com\/se\/","name":"Vision X Europe","description":"","publisher":{"@id":"https:\/\/www.visionxeurope.com\/se\/#organization"},"potentialAction":[{"@type":"SearchAction","target":{"@type":"EntryPoint","urlTemplate":"https:\/\/www.visionxeurope.com\/se\/?s={search_term_string}"},"query-input":{"@type":"PropertyValueSpecification","valueRequired":true,"valueName":"search_term_string"}}],"inLanguage":"sv-SE"},{"@type":"Organization","@id":"https:\/\/www.visionxeurope.com\/se\/#organization","name":"Vision X Europe","url":"https:\/\/www.visionxeurope.com\/se\/","logo":{"@type":"ImageObject","inLanguage":"sv-SE","@id":"https:\/\/www.visionxeurope.com\/se\/#\/schema\/logo\/image\/","url":"https:\/\/www.visionxeurope.com\/se\/wp-content\/uploads\/sites\/7\/2021\/04\/visionxeurope.png","contentUrl":"https:\/\/www.visionxeurope.com\/se\/wp-content\/uploads\/sites\/7\/2021\/04\/visionxeurope.png","width":300,"height":110,"caption":"Vision X Europe"},"image":{"@id":"https:\/\/www.visionxeurope.com\/se\/#\/schema\/logo\/image\/"},"sameAs":["https:\/\/www.facebook.com\/visionxeurope","https:\/\/www.instagram.com\/visionxeurope\/"]}]},"product_price_amount":"1836.00","product_price_currency":"SEK","og_availability":"out of stock","product_availability":"out of stock","product_retailer_item_id":"DURA-460FLUSH","product_condition":"new"},"_links":{"self":[{"href":"https:\/\/www.visionxeurope.com\/se\/wp-json\/wp\/v2\/product\/13096","targetHints":{"allow":["GET"]}}],"collection":[{"href":"https:\/\/www.visionxeurope.com\/se\/wp-json\/wp\/v2\/product"}],"about":[{"href":"https:\/\/www.visionxeurope.com\/se\/wp-json\/wp\/v2\/types\/product"}],"replies":[{"embeddable":true,"href":"https:\/\/www.visionxeurope.com\/se\/wp-json\/wp\/v2\/comments?post=13096"}],"wp:featuredmedia":[{"embeddable":true,"href":"https:\/\/www.visionxeurope.com\/se\/wp-json\/wp\/v2\/media\/13097"}],"wp:attachment":[{"href":"https:\/\/www.visionxeurope.com\/se\/wp-json\/wp\/v2\/media?parent=13096"}],"wp:term":[{"taxonomy":"product_brand","embeddable":true,"href":"https:\/\/www.visionxeurope.com\/se\/wp-json\/wp\/v2\/product_brand?post=13096"},{"taxonomy":"product_cat","embeddable":true,"href":"https:\/\/www.visionxeurope.com\/se\/wp-json\/wp\/v2\/product_cat?post=13096"},{"taxonomy":"product_tag","embeddable":true,"href":"https:\/\/www.visionxeurope.com\/se\/wp-json\/wp\/v2\/product_tag?post=13096"}],"curies":[{"name":"wp","href":"https:\/\/api.w.org\/{rel}","templated":true}]}}