{"id":13094,"date":"2015-04-24T09:47:36","date_gmt":"2015-04-24T07:47:36","guid":{"rendered":"https:\/\/www.visionxeurope.com\/se\/produkt\/vision-x-buggy-whip-light-1-5w-rod\/"},"modified":"2025-12-08T22:44:49","modified_gmt":"2025-12-08T21:44:49","slug":"vision-x-buggy-whip-light-1-5w-rod","status":"publish","type":"product","link":"https:\/\/www.visionxeurope.com\/se\/webbutik\/vision-x-buggy-whip-light-1-5w-rod\/","title":{"rendered":"VISION X BUGGY WHIP LIGHT 1.5W R\u00d6D"},"content":{"rendered":"<p><\/p>\n<p>Vision X Buggy Whip Light \u00e4r en s\u00e4kerhetslampa som \u00f6kar din synlighet rej\u00e4lt vid k\u00f6rning i sandtag, gruvor, arbetsplatser, flygplatser m.m. Buggy Whip light monteras i \u00e4nden p\u00e5 en vimpel mast. D\u00e5 det \u00e4r en LED lampa \u00e4r den t\u00e5lig mot vibrationer och slag samt drar ytterst lite str\u00f6m. Med Buggy Whip Light monterad \u00f6kas s\u00e4kerheten rej\u00e4lt.<\/p>\n<p><\/p>\n<p><\/p>\n<p>Finns i flera olika f\u00e4rger som gul, bl\u00e5, gr\u00f6n, r\u00f6d och vit.<\/p>\n<p><\/p>\n<p><\/p>\n<p>L\u00e5t dem runt omkring dig veta var du \u00e4r med en Vision X LED Buggy Whip Light.<\/p>\n<p><\/p>\n<p><\/p>\n<p><strong>Data:<\/strong><br \/>Byggd f\u00f6r att motst\u00e5 de fuffaste v\u00e4der och vind<br \/>Integrerad BA15S Montering och Power Base<br \/>Lampbas: Pressgjutet aluminium<br \/>Montering: BA 15S<br \/>LED livsl\u00e4ngd: 30 000 timmar<br \/>Lins: Polykarbonat<br \/>M\u00e5tt: 89mm x 25mm x 25mm<br \/>Watt: 1,5<br \/>R\u00e5a lumen: 150<br \/>F\u00e4rg: R\u00f6d<\/p>\n<p><\/p>","protected":false},"excerpt":{"rendered":"<p>Vision X Buggy Whip Light \u00e4r en s\u00e4kerhetslampa som \u00f6kar din synlighet rej\u00e4lt vid k\u00f6rning i sandtag, gruvor, arbetsplatser, flygplatser m.m. Buggy Whip light monteras i \u00e4nden p\u00e5 en vimpel mast. D\u00e5 det \u00e4r en LED lampa \u00e4r den t\u00e5lig mot vibrationer och slag samt drar ytterst lite str\u00f6m. Med Buggy Whip Light monterad \u00f6kas s\u00e4kerheten rej\u00e4lt.<\/p>\n<p>Finns i flera olika f\u00e4rger som gul, bl\u00e5, gr\u00f6n, r\u00f6d och vit.<\/p>\n<p>L\u00e5t dem runt omkring dig veta var du \u00e4r med en Vision X LED Buggy Whip Light.<\/p>\n<p><strong>Data:<\/strong><br \/>Byggd f\u00f6r att motst\u00e5 de fuffaste v\u00e4der och vind<br \/>Integrerad BA15S Montering och Power Base<br \/>Lampbas: Pressgjutet aluminium<br \/>Montering: BA 15S<br \/>LED livsl\u00e4ngd: 30 000 timmar<br \/>Lins: Polykarbonat<br \/>M\u00e5tt: 89mm x 25mm x 25mm<br \/>Watt: 1,5<br \/>R\u00e5a lumen: 150<br \/>F\u00e4rg: R\u00f6d<\/p>\n","protected":false},"featured_media":14215,"comment_status":"open","ping_status":"open","template":"","meta":{"editor_notices":[]},"product_brand":[],"product_cat":[44],"product_tag":[],"class_list":{"0":"post-13094","1":"product","2":"type-product","3":"status-publish","4":"has-post-thumbnail","6":"product_cat-mast-vimpelbelysning","7":"resize-featured-image","8":"","9":"woocommerce-text-align-left","10":"woocommerce-image-align-center","12":"first","13":"instock","14":"taxable","15":"shipping-taxable","16":"product-type-simple"},"yoast_head":"<!-- This site is optimized with the Yoast SEO Premium plugin v25.0 (Yoast SEO v25.0) - https:\/\/yoast.com\/wordpress\/plugins\/seo\/ -->\n<title>VISION X BUGGY WHIP LIGHT 1.5W R\u00d6D - Vision X Europe<\/title>\n<meta name=\"robots\" content=\"index, follow, max-snippet:-1, max-image-preview:large, max-video-preview:-1\" \/>\n<link rel=\"canonical\" href=\"https:\/\/www.visionxeurope.com\/se\/webbutik\/vision-x-buggy-whip-light-1-5w-rod\/\" \/>\n<meta property=\"og:locale\" content=\"sv_SE\" \/>\n<meta property=\"og:type\" content=\"article\" \/>\n<meta property=\"og:title\" content=\"VISION X BUGGY WHIP LIGHT 1.5W R\u00d6D\" \/>\n<meta property=\"og:description\" content=\"Vision X Buggy Whip Light \u00e4r en s\u00e4kerhetslampa som \u00f6kar din synlighet rej\u00e4lt vid k\u00f6rning i sandtag, gruvor, arbetsplatser, flygplatser m.m. Buggy Whip light monteras i \u00e4nden p\u00e5 en vimpel mast. D\u00e5 det \u00e4r en LED lampa \u00e4r den t\u00e5lig mot vibrationer och slag samt drar ytterst lite str\u00f6m. Med Buggy Whip Light monterad \u00f6kas s\u00e4kerheten rej\u00e4lt. Finns i flera olika f\u00e4rger som gul, bl\u00e5, gr\u00f6n, r\u00f6d och vit. L\u00e5t dem runt omkring dig veta var du \u00e4r med en Vision X LED Buggy Whip Light. Data:Byggd f\u00f6r att motst\u00e5 de fuffaste v\u00e4der och vindIntegrerad BA15S Montering och Power BaseLampbas: Pressgjutet aluminiumMontering: BA 15SLED livsl\u00e4ngd: 30 000 timmarLins: PolykarbonatM\u00e5tt: 89mm x 25mm x 25mmWatt: 1,5R\u00e5a lumen: 150F\u00e4rg: R\u00f6d\" \/>\n<meta property=\"og:url\" content=\"https:\/\/www.visionxeurope.com\/se\/webbutik\/vision-x-buggy-whip-light-1-5w-rod\/\" \/>\n<meta property=\"og:site_name\" content=\"Vision X Europe\" \/>\n<meta property=\"article:publisher\" content=\"https:\/\/www.facebook.com\/visionxeurope\" \/>\n<meta property=\"article:modified_time\" content=\"2025-12-08T21:44:49+00:00\" \/>\n<meta property=\"og:image\" content=\"https:\/\/www.rindab.se\/wp-content\/uploads\/sites\/7\/2022\/04\/CXA-BA15SR.jpg\" \/>\n\t<meta property=\"og:image:width\" content=\"450\" \/>\n\t<meta property=\"og:image:height\" content=\"450\" \/>\n\t<meta property=\"og:image:type\" content=\"image\/jpeg\" \/>\n<meta name=\"twitter:card\" content=\"summary_large_image\" \/>\n<meta name=\"twitter:label1\" content=\"Pris\" \/>\n\t<meta name=\"twitter:data1\" content=\"270,00&nbsp;&#107;&#114; exkl. moms\" \/>\n\t<meta name=\"twitter:label2\" content=\"Tillg\u00e4nglig\" \/>\n\t<meta name=\"twitter:data2\" content=\"I lager\" \/>\n<script type=\"application\/ld+json\" class=\"yoast-schema-graph\">{\"@context\":\"https:\/\/schema.org\",\"@graph\":[{\"@type\":\"WebPage\",\"@id\":\"https:\/\/www.visionxeurope.com\/se\/webbutik\/vision-x-buggy-whip-light-1-5w-rod\/\",\"url\":\"https:\/\/www.visionxeurope.com\/se\/webbutik\/vision-x-buggy-whip-light-1-5w-rod\/\",\"name\":\"VISION X BUGGY WHIP LIGHT 1.5W R\u00d6D - Vision X Europe\",\"isPartOf\":{\"@id\":\"https:\/\/www.visionxeurope.com\/se\/#website\"},\"primaryImageOfPage\":{\"@id\":\"https:\/\/www.visionxeurope.com\/se\/webbutik\/vision-x-buggy-whip-light-1-5w-rod\/#primaryimage\"},\"image\":{\"@id\":\"https:\/\/www.visionxeurope.com\/se\/webbutik\/vision-x-buggy-whip-light-1-5w-rod\/#primaryimage\"},\"thumbnailUrl\":\"https:\/\/www.visionxeurope.com\/se\/wp-content\/uploads\/sites\/7\/2022\/04\/CXA-BA15SR.jpg\",\"datePublished\":\"2015-04-24T07:47:36+00:00\",\"dateModified\":\"2025-12-08T21:44:49+00:00\",\"breadcrumb\":{\"@id\":\"https:\/\/www.visionxeurope.com\/se\/webbutik\/vision-x-buggy-whip-light-1-5w-rod\/#breadcrumb\"},\"inLanguage\":\"sv-SE\",\"potentialAction\":[{\"@type\":\"ReadAction\",\"target\":[\"https:\/\/www.visionxeurope.com\/se\/webbutik\/vision-x-buggy-whip-light-1-5w-rod\/\"]}]},{\"@type\":\"ImageObject\",\"inLanguage\":\"sv-SE\",\"@id\":\"https:\/\/www.visionxeurope.com\/se\/webbutik\/vision-x-buggy-whip-light-1-5w-rod\/#primaryimage\",\"url\":\"https:\/\/www.visionxeurope.com\/se\/wp-content\/uploads\/sites\/7\/2022\/04\/CXA-BA15SR.jpg\",\"contentUrl\":\"https:\/\/www.visionxeurope.com\/se\/wp-content\/uploads\/sites\/7\/2022\/04\/CXA-BA15SR.jpg\",\"width\":450,\"height\":450},{\"@type\":\"BreadcrumbList\",\"@id\":\"https:\/\/www.visionxeurope.com\/se\/webbutik\/vision-x-buggy-whip-light-1-5w-rod\/#breadcrumb\",\"itemListElement\":[{\"@type\":\"ListItem\",\"position\":1,\"name\":\"Hem\",\"item\":\"https:\/\/www.visionxeurope.com\/se\/\"},{\"@type\":\"ListItem\",\"position\":2,\"name\":\"Webbutik\",\"item\":\"https:\/\/www.visionxeurope.com\/se\/webbutik\/\"},{\"@type\":\"ListItem\",\"position\":3,\"name\":\"VISION X BUGGY WHIP LIGHT 1.5W R\u00d6D\"}]},{\"@type\":\"WebSite\",\"@id\":\"https:\/\/www.visionxeurope.com\/se\/#website\",\"url\":\"https:\/\/www.visionxeurope.com\/se\/\",\"name\":\"Vision X Europe\",\"description\":\"\",\"publisher\":{\"@id\":\"https:\/\/www.visionxeurope.com\/se\/#organization\"},\"potentialAction\":[{\"@type\":\"SearchAction\",\"target\":{\"@type\":\"EntryPoint\",\"urlTemplate\":\"https:\/\/www.visionxeurope.com\/se\/?s={search_term_string}\"},\"query-input\":{\"@type\":\"PropertyValueSpecification\",\"valueRequired\":true,\"valueName\":\"search_term_string\"}}],\"inLanguage\":\"sv-SE\"},{\"@type\":\"Organization\",\"@id\":\"https:\/\/www.visionxeurope.com\/se\/#organization\",\"name\":\"Vision X Europe\",\"url\":\"https:\/\/www.visionxeurope.com\/se\/\",\"logo\":{\"@type\":\"ImageObject\",\"inLanguage\":\"sv-SE\",\"@id\":\"https:\/\/www.visionxeurope.com\/se\/#\/schema\/logo\/image\/\",\"url\":\"https:\/\/www.visionxeurope.com\/se\/wp-content\/uploads\/sites\/7\/2021\/04\/visionxeurope.png\",\"contentUrl\":\"https:\/\/www.visionxeurope.com\/se\/wp-content\/uploads\/sites\/7\/2021\/04\/visionxeurope.png\",\"width\":300,\"height\":110,\"caption\":\"Vision X Europe\"},\"image\":{\"@id\":\"https:\/\/www.visionxeurope.com\/se\/#\/schema\/logo\/image\/\"},\"sameAs\":[\"https:\/\/www.facebook.com\/visionxeurope\",\"https:\/\/www.instagram.com\/visionxeurope\/\"]}]}<\/script>\n<meta property=\"product:price:amount\" content=\"270.00\" \/>\n<meta property=\"product:price:currency\" content=\"SEK\" \/>\n<meta property=\"og:availability\" content=\"instock\" \/>\n<meta property=\"product:availability\" content=\"instock\" \/>\n<meta property=\"product:retailer_item_id\" content=\"CXA-BA15SR\" \/>\n<meta property=\"product:condition\" content=\"new\" \/>\n<!-- \/ Yoast SEO Premium plugin. -->","yoast_head_json":{"title":"VISION X BUGGY WHIP LIGHT 1.5W R\u00d6D - Vision X Europe","robots":{"index":"index","follow":"follow","max-snippet":"max-snippet:-1","max-image-preview":"max-image-preview:large","max-video-preview":"max-video-preview:-1"},"canonical":"https:\/\/www.visionxeurope.com\/se\/webbutik\/vision-x-buggy-whip-light-1-5w-rod\/","og_locale":"sv_SE","og_type":"article","og_title":"VISION X BUGGY WHIP LIGHT 1.5W R\u00d6D","og_description":"Vision X Buggy Whip Light \u00e4r en s\u00e4kerhetslampa som \u00f6kar din synlighet rej\u00e4lt vid k\u00f6rning i sandtag, gruvor, arbetsplatser, flygplatser m.m. Buggy Whip light monteras i \u00e4nden p\u00e5 en vimpel mast. D\u00e5 det \u00e4r en LED lampa \u00e4r den t\u00e5lig mot vibrationer och slag samt drar ytterst lite str\u00f6m. Med Buggy Whip Light monterad \u00f6kas s\u00e4kerheten rej\u00e4lt. Finns i flera olika f\u00e4rger som gul, bl\u00e5, gr\u00f6n, r\u00f6d och vit. L\u00e5t dem runt omkring dig veta var du \u00e4r med en Vision X LED Buggy Whip Light. Data:Byggd f\u00f6r att motst\u00e5 de fuffaste v\u00e4der och vindIntegrerad BA15S Montering och Power BaseLampbas: Pressgjutet aluminiumMontering: BA 15SLED livsl\u00e4ngd: 30 000 timmarLins: PolykarbonatM\u00e5tt: 89mm x 25mm x 25mmWatt: 1,5R\u00e5a lumen: 150F\u00e4rg: R\u00f6d","og_url":"https:\/\/www.visionxeurope.com\/se\/webbutik\/vision-x-buggy-whip-light-1-5w-rod\/","og_site_name":"Vision X Europe","article_publisher":"https:\/\/www.facebook.com\/visionxeurope","article_modified_time":"2025-12-08T21:44:49+00:00","og_image":[{"width":450,"height":450,"url":"https:\/\/www.rindab.se\/wp-content\/uploads\/sites\/7\/2022\/04\/CXA-BA15SR.jpg","type":"image\/jpeg"}],"twitter_card":"summary_large_image","twitter_misc":{"Pris":"270,00&nbsp;&#107;&#114; exkl. moms","Tillg\u00e4nglig":"I lager"},"schema":{"@context":"https:\/\/schema.org","@graph":[{"@type":"WebPage","@id":"https:\/\/www.visionxeurope.com\/se\/webbutik\/vision-x-buggy-whip-light-1-5w-rod\/","url":"https:\/\/www.visionxeurope.com\/se\/webbutik\/vision-x-buggy-whip-light-1-5w-rod\/","name":"VISION X BUGGY WHIP LIGHT 1.5W R\u00d6D - Vision X Europe","isPartOf":{"@id":"https:\/\/www.visionxeurope.com\/se\/#website"},"primaryImageOfPage":{"@id":"https:\/\/www.visionxeurope.com\/se\/webbutik\/vision-x-buggy-whip-light-1-5w-rod\/#primaryimage"},"image":{"@id":"https:\/\/www.visionxeurope.com\/se\/webbutik\/vision-x-buggy-whip-light-1-5w-rod\/#primaryimage"},"thumbnailUrl":"https:\/\/www.visionxeurope.com\/se\/wp-content\/uploads\/sites\/7\/2022\/04\/CXA-BA15SR.jpg","datePublished":"2015-04-24T07:47:36+00:00","dateModified":"2025-12-08T21:44:49+00:00","breadcrumb":{"@id":"https:\/\/www.visionxeurope.com\/se\/webbutik\/vision-x-buggy-whip-light-1-5w-rod\/#breadcrumb"},"inLanguage":"sv-SE","potentialAction":[{"@type":"ReadAction","target":["https:\/\/www.visionxeurope.com\/se\/webbutik\/vision-x-buggy-whip-light-1-5w-rod\/"]}]},{"@type":"ImageObject","inLanguage":"sv-SE","@id":"https:\/\/www.visionxeurope.com\/se\/webbutik\/vision-x-buggy-whip-light-1-5w-rod\/#primaryimage","url":"https:\/\/www.visionxeurope.com\/se\/wp-content\/uploads\/sites\/7\/2022\/04\/CXA-BA15SR.jpg","contentUrl":"https:\/\/www.visionxeurope.com\/se\/wp-content\/uploads\/sites\/7\/2022\/04\/CXA-BA15SR.jpg","width":450,"height":450},{"@type":"BreadcrumbList","@id":"https:\/\/www.visionxeurope.com\/se\/webbutik\/vision-x-buggy-whip-light-1-5w-rod\/#breadcrumb","itemListElement":[{"@type":"ListItem","position":1,"name":"Hem","item":"https:\/\/www.visionxeurope.com\/se\/"},{"@type":"ListItem","position":2,"name":"Webbutik","item":"https:\/\/www.visionxeurope.com\/se\/webbutik\/"},{"@type":"ListItem","position":3,"name":"VISION X BUGGY WHIP LIGHT 1.5W R\u00d6D"}]},{"@type":"WebSite","@id":"https:\/\/www.visionxeurope.com\/se\/#website","url":"https:\/\/www.visionxeurope.com\/se\/","name":"Vision X Europe","description":"","publisher":{"@id":"https:\/\/www.visionxeurope.com\/se\/#organization"},"potentialAction":[{"@type":"SearchAction","target":{"@type":"EntryPoint","urlTemplate":"https:\/\/www.visionxeurope.com\/se\/?s={search_term_string}"},"query-input":{"@type":"PropertyValueSpecification","valueRequired":true,"valueName":"search_term_string"}}],"inLanguage":"sv-SE"},{"@type":"Organization","@id":"https:\/\/www.visionxeurope.com\/se\/#organization","name":"Vision X Europe","url":"https:\/\/www.visionxeurope.com\/se\/","logo":{"@type":"ImageObject","inLanguage":"sv-SE","@id":"https:\/\/www.visionxeurope.com\/se\/#\/schema\/logo\/image\/","url":"https:\/\/www.visionxeurope.com\/se\/wp-content\/uploads\/sites\/7\/2021\/04\/visionxeurope.png","contentUrl":"https:\/\/www.visionxeurope.com\/se\/wp-content\/uploads\/sites\/7\/2021\/04\/visionxeurope.png","width":300,"height":110,"caption":"Vision X Europe"},"image":{"@id":"https:\/\/www.visionxeurope.com\/se\/#\/schema\/logo\/image\/"},"sameAs":["https:\/\/www.facebook.com\/visionxeurope","https:\/\/www.instagram.com\/visionxeurope\/"]}]},"product_price_amount":"270.00","product_price_currency":"SEK","og_availability":"instock","product_availability":"instock","product_retailer_item_id":"CXA-BA15SR","product_condition":"new"},"_links":{"self":[{"href":"https:\/\/www.visionxeurope.com\/se\/wp-json\/wp\/v2\/product\/13094","targetHints":{"allow":["GET"]}}],"collection":[{"href":"https:\/\/www.visionxeurope.com\/se\/wp-json\/wp\/v2\/product"}],"about":[{"href":"https:\/\/www.visionxeurope.com\/se\/wp-json\/wp\/v2\/types\/product"}],"replies":[{"embeddable":true,"href":"https:\/\/www.visionxeurope.com\/se\/wp-json\/wp\/v2\/comments?post=13094"}],"wp:featuredmedia":[{"embeddable":true,"href":"https:\/\/www.visionxeurope.com\/se\/wp-json\/wp\/v2\/media\/14215"}],"wp:attachment":[{"href":"https:\/\/www.visionxeurope.com\/se\/wp-json\/wp\/v2\/media?parent=13094"}],"wp:term":[{"taxonomy":"product_brand","embeddable":true,"href":"https:\/\/www.visionxeurope.com\/se\/wp-json\/wp\/v2\/product_brand?post=13094"},{"taxonomy":"product_cat","embeddable":true,"href":"https:\/\/www.visionxeurope.com\/se\/wp-json\/wp\/v2\/product_cat?post=13094"},{"taxonomy":"product_tag","embeddable":true,"href":"https:\/\/www.visionxeurope.com\/se\/wp-json\/wp\/v2\/product_tag?post=13094"}],"curies":[{"name":"wp","href":"https:\/\/api.w.org\/{rel}","templated":true}]}}