{"id":13088,"date":"2015-06-04T13:02:57","date_gmt":"2015-06-04T11:02:57","guid":{"rendered":"https:\/\/www.visionxeurope.com\/se\/produkt\/vision-x-transporter-prime-6-5-18-led-90w-40-2\/"},"modified":"2025-12-08T22:44:52","modified_gmt":"2025-12-08T21:44:52","slug":"vision-x-transporter-prime-6-5-18-led-90w-40-2","status":"publish","type":"product","link":"https:\/\/www.visionxeurope.com\/se\/webbutik\/vision-x-transporter-prime-6-5-18-led-90w-40-2\/","title":{"rendered":"VISION X TRANSPORTER PRIME 6.5&#8243; 18 LED 90W 40\u00b0"},"content":{"rendered":"<p><\/p>\n<p>Vision X Transporter med 18 st. dioder \u00e4r ett extraljus som ers\u00e4tter f\u00f6rra generationens belysning som halogen och xenon p\u00e5 fordon. Nu \u00e4r det slut p\u00e5 att byta trasiga gl\u00f6dlampor och urladdningsr\u00f6r.<\/p>\n<p><\/p>\n<p><\/p>\n<p><strong>Data:<\/strong><br \/>Transporter Prime 18 LED<br \/>Lamphus: 6061 aluminium.&nbsp;<br \/>F\u00e4ste: \u201cTrunnion\u201d f\u00e4ste 105 graders justeringsm\u00f6jlighet.&nbsp;<br \/>Enkel installation med endast + &amp; \u2013 kabel.&nbsp;<br \/>Kablage: Plug &amp; play kablage (Deutsch kontakter)&nbsp;<br \/>Sp\u00e4nning: 9-32 volt.&nbsp;<br \/>Litet inbyggnadsm\u00e5tt.&nbsp;<br \/>T\u00e5l h\u00e5rda p\u00e5frestningar fr\u00e5n v\u00e4der och vind.&nbsp;<br \/>Str\u00f6mf\u00f6rbrukning: 7.5 Amp vid 12 v.&nbsp;<br \/>IP klass: IP68&nbsp;<br \/>Vibrations klass: 15.6G&nbsp;<br \/>Diameter: 171 mm. (exkl. monteringsf\u00e4ste)&nbsp;<br \/>Djup: 116&nbsp;mm.&nbsp;<br \/>Watt: 90<br \/>Antal LED: 18 st. x 5W<br \/>R\u00e5a lumen:&nbsp;9 504<br \/>Effektiva lumen: 6 660<br \/>Livsl\u00e4ngd dioder: 50 000 timmar&nbsp;<br \/>Drivning dioder: 90 % av full effekt&nbsp;<br \/>Lins: Polykarbonat, n\u00e4st intill okrossbart&nbsp;<br \/>Optisk renhet: 90 %&nbsp;<br \/>Ljusbild: 40\u00b0&nbsp;(Flood)<\/p>\n<p><\/p>","protected":false},"excerpt":{"rendered":"<p>Vision X Transporter med 18 st. dioder \u00e4r ett extraljus som ers\u00e4tter f\u00f6rra generationens belysning som halogen och xenon p\u00e5 fordon. Nu \u00e4r det slut p\u00e5 att byta trasiga gl\u00f6dlampor och urladdningsr\u00f6r.<\/p>\n<p><strong>Data:<\/strong><br \/>Transporter Prime 18 LED<br \/>Lamphus: 6061 aluminium.&nbsp;<br \/>F\u00e4ste: \u201cTrunnion\u201d f\u00e4ste 105 graders justeringsm\u00f6jlighet.&nbsp;<br \/>Enkel installation med endast + &amp; \u2013 kabel.&nbsp;<br \/>Kablage: Plug &amp; play kablage (Deutsch kontakter)&nbsp;<br \/>Sp\u00e4nning: 9-32 volt.&nbsp;<br \/>Litet inbyggnadsm\u00e5tt.&nbsp;<br \/>T\u00e5l h\u00e5rda p\u00e5frestningar fr\u00e5n v\u00e4der och vind.&nbsp;<br \/>Str\u00f6mf\u00f6rbrukning: 7.5 Amp vid 12 v.&nbsp;<br \/>IP klass: IP68&nbsp;<br \/>Vibrations klass: 15.6G&nbsp;<br \/>Diameter: 171 mm. (exkl. monteringsf\u00e4ste)&nbsp;<br \/>Djup: 116&nbsp;mm.&nbsp;<br \/>Watt: 90<br \/>Antal LED: 18 st. x 5W<br \/>R\u00e5a lumen:&nbsp;9 504<br \/>Effektiva lumen: 6 660<br \/>Livsl\u00e4ngd dioder: 50 000 timmar&nbsp;<br \/>Drivning dioder: 90 % av full effekt&nbsp;<br \/>Lins: Polykarbonat, n\u00e4st intill okrossbart&nbsp;<br \/>Optisk renhet: 90 %&nbsp;<br \/>Ljusbild: 40\u00b0&nbsp;(Flood)<\/p>\n","protected":false},"featured_media":14201,"comment_status":"open","ping_status":"open","template":"","meta":{"editor_notices":[]},"product_brand":[],"product_cat":[248],"product_tag":[],"class_list":{"0":"post-13088","1":"product","2":"type-product","3":"status-publish","4":"has-post-thumbnail","6":"product_cat-transporter-extraljus","7":"resize-featured-image","8":"","9":"woocommerce-text-align-left","10":"woocommerce-image-align-center","12":"first","13":"outofstock","14":"taxable","15":"shipping-taxable","16":"product-type-simple"},"yoast_head":"<!-- This site is optimized with the Yoast SEO Premium plugin v25.0 (Yoast SEO v25.0) - https:\/\/yoast.com\/wordpress\/plugins\/seo\/ -->\n<title>VISION X TRANSPORTER PRIME 6.5&quot; 18 LED 90W 40\u00b0 - Vision X Europe<\/title>\n<meta name=\"robots\" content=\"index, follow, max-snippet:-1, max-image-preview:large, max-video-preview:-1\" \/>\n<link rel=\"canonical\" href=\"https:\/\/www.visionxeurope.com\/se\/webbutik\/vision-x-transporter-prime-6-5-18-led-90w-40-2\/\" \/>\n<meta property=\"og:locale\" content=\"sv_SE\" \/>\n<meta property=\"og:type\" content=\"article\" \/>\n<meta property=\"og:title\" content=\"VISION X TRANSPORTER PRIME 6.5&quot; 18 LED 90W 40\u00b0\" \/>\n<meta property=\"og:description\" content=\"Vision X Transporter med 18 st. dioder \u00e4r ett extraljus som ers\u00e4tter f\u00f6rra generationens belysning som halogen och xenon p\u00e5 fordon. Nu \u00e4r det slut p\u00e5 att byta trasiga gl\u00f6dlampor och urladdningsr\u00f6r. Data:Transporter Prime 18 LEDLamphus: 6061 aluminium.&nbsp;F\u00e4ste: \u201cTrunnion\u201d f\u00e4ste 105 graders justeringsm\u00f6jlighet.&nbsp;Enkel installation med endast + &amp; \u2013 kabel.&nbsp;Kablage: Plug &amp; play kablage (Deutsch kontakter)&nbsp;Sp\u00e4nning: 9-32 volt.&nbsp;Litet inbyggnadsm\u00e5tt.&nbsp;T\u00e5l h\u00e5rda p\u00e5frestningar fr\u00e5n v\u00e4der och vind.&nbsp;Str\u00f6mf\u00f6rbrukning: 7.5 Amp vid 12 v.&nbsp;IP klass: IP68&nbsp;Vibrations klass: 15.6G&nbsp;Diameter: 171 mm. (exkl. monteringsf\u00e4ste)&nbsp;Djup: 116&nbsp;mm.&nbsp;Watt: 90Antal LED: 18 st. x 5WR\u00e5a lumen:&nbsp;9 504Effektiva lumen: 6 660Livsl\u00e4ngd dioder: 50 000 timmar&nbsp;Drivning dioder: 90 % av full effekt&nbsp;Lins: Polykarbonat, n\u00e4st intill okrossbart&nbsp;Optisk renhet: 90 %&nbsp;Ljusbild: 40\u00b0&nbsp;(Flood)\" \/>\n<meta property=\"og:url\" content=\"https:\/\/www.visionxeurope.com\/se\/webbutik\/vision-x-transporter-prime-6-5-18-led-90w-40-2\/\" \/>\n<meta property=\"og:site_name\" content=\"Vision X Europe\" \/>\n<meta property=\"article:publisher\" content=\"https:\/\/www.facebook.com\/visionxeurope\" \/>\n<meta property=\"article:modified_time\" content=\"2025-12-08T21:44:52+00:00\" \/>\n<meta property=\"og:image\" content=\"https:\/\/www.rindab.se\/wp-content\/uploads\/sites\/7\/2022\/04\/CTL-TPX1840C.jpg\" \/>\n\t<meta property=\"og:image:width\" content=\"600\" \/>\n\t<meta property=\"og:image:height\" content=\"600\" \/>\n\t<meta property=\"og:image:type\" content=\"image\/jpeg\" \/>\n<meta name=\"twitter:card\" content=\"summary_large_image\" \/>\n<meta name=\"twitter:label1\" content=\"Pris\" \/>\n\t<meta name=\"twitter:data1\" content=\"7 331,00&nbsp;&#107;&#114; exkl. moms\" \/>\n\t<meta name=\"twitter:label2\" content=\"Tillg\u00e4nglig\" \/>\n\t<meta name=\"twitter:data2\" content=\"Slut i lager\" \/>\n<script type=\"application\/ld+json\" class=\"yoast-schema-graph\">{\"@context\":\"https:\/\/schema.org\",\"@graph\":[{\"@type\":\"WebPage\",\"@id\":\"https:\/\/www.visionxeurope.com\/se\/webbutik\/vision-x-transporter-prime-6-5-18-led-90w-40-2\/\",\"url\":\"https:\/\/www.visionxeurope.com\/se\/webbutik\/vision-x-transporter-prime-6-5-18-led-90w-40-2\/\",\"name\":\"VISION X TRANSPORTER PRIME 6.5\\\" 18 LED 90W 40\u00b0 - Vision X Europe\",\"isPartOf\":{\"@id\":\"https:\/\/www.visionxeurope.com\/se\/#website\"},\"primaryImageOfPage\":{\"@id\":\"https:\/\/www.visionxeurope.com\/se\/webbutik\/vision-x-transporter-prime-6-5-18-led-90w-40-2\/#primaryimage\"},\"image\":{\"@id\":\"https:\/\/www.visionxeurope.com\/se\/webbutik\/vision-x-transporter-prime-6-5-18-led-90w-40-2\/#primaryimage\"},\"thumbnailUrl\":\"https:\/\/www.visionxeurope.com\/se\/wp-content\/uploads\/sites\/7\/2022\/04\/CTL-TPX1840C.jpg\",\"datePublished\":\"2015-06-04T11:02:57+00:00\",\"dateModified\":\"2025-12-08T21:44:52+00:00\",\"breadcrumb\":{\"@id\":\"https:\/\/www.visionxeurope.com\/se\/webbutik\/vision-x-transporter-prime-6-5-18-led-90w-40-2\/#breadcrumb\"},\"inLanguage\":\"sv-SE\",\"potentialAction\":[{\"@type\":\"ReadAction\",\"target\":[\"https:\/\/www.visionxeurope.com\/se\/webbutik\/vision-x-transporter-prime-6-5-18-led-90w-40-2\/\"]}]},{\"@type\":\"ImageObject\",\"inLanguage\":\"sv-SE\",\"@id\":\"https:\/\/www.visionxeurope.com\/se\/webbutik\/vision-x-transporter-prime-6-5-18-led-90w-40-2\/#primaryimage\",\"url\":\"https:\/\/www.visionxeurope.com\/se\/wp-content\/uploads\/sites\/7\/2022\/04\/CTL-TPX1840C.jpg\",\"contentUrl\":\"https:\/\/www.visionxeurope.com\/se\/wp-content\/uploads\/sites\/7\/2022\/04\/CTL-TPX1840C.jpg\",\"width\":600,\"height\":600},{\"@type\":\"BreadcrumbList\",\"@id\":\"https:\/\/www.visionxeurope.com\/se\/webbutik\/vision-x-transporter-prime-6-5-18-led-90w-40-2\/#breadcrumb\",\"itemListElement\":[{\"@type\":\"ListItem\",\"position\":1,\"name\":\"Hem\",\"item\":\"https:\/\/www.visionxeurope.com\/se\/\"},{\"@type\":\"ListItem\",\"position\":2,\"name\":\"Webbutik\",\"item\":\"https:\/\/www.visionxeurope.com\/se\/webbutik\/\"},{\"@type\":\"ListItem\",\"position\":3,\"name\":\"VISION X TRANSPORTER PRIME 6.5&#8243; 18 LED 90W 40\u00b0\"}]},{\"@type\":\"WebSite\",\"@id\":\"https:\/\/www.visionxeurope.com\/se\/#website\",\"url\":\"https:\/\/www.visionxeurope.com\/se\/\",\"name\":\"Vision X Europe\",\"description\":\"\",\"publisher\":{\"@id\":\"https:\/\/www.visionxeurope.com\/se\/#organization\"},\"potentialAction\":[{\"@type\":\"SearchAction\",\"target\":{\"@type\":\"EntryPoint\",\"urlTemplate\":\"https:\/\/www.visionxeurope.com\/se\/?s={search_term_string}\"},\"query-input\":{\"@type\":\"PropertyValueSpecification\",\"valueRequired\":true,\"valueName\":\"search_term_string\"}}],\"inLanguage\":\"sv-SE\"},{\"@type\":\"Organization\",\"@id\":\"https:\/\/www.visionxeurope.com\/se\/#organization\",\"name\":\"Vision X Europe\",\"url\":\"https:\/\/www.visionxeurope.com\/se\/\",\"logo\":{\"@type\":\"ImageObject\",\"inLanguage\":\"sv-SE\",\"@id\":\"https:\/\/www.visionxeurope.com\/se\/#\/schema\/logo\/image\/\",\"url\":\"https:\/\/www.visionxeurope.com\/se\/wp-content\/uploads\/sites\/7\/2021\/04\/visionxeurope.png\",\"contentUrl\":\"https:\/\/www.visionxeurope.com\/se\/wp-content\/uploads\/sites\/7\/2021\/04\/visionxeurope.png\",\"width\":300,\"height\":110,\"caption\":\"Vision X Europe\"},\"image\":{\"@id\":\"https:\/\/www.visionxeurope.com\/se\/#\/schema\/logo\/image\/\"},\"sameAs\":[\"https:\/\/www.facebook.com\/visionxeurope\",\"https:\/\/www.instagram.com\/visionxeurope\/\"]}]}<\/script>\n<meta property=\"product:price:amount\" content=\"7331.00\" \/>\n<meta property=\"product:price:currency\" content=\"SEK\" \/>\n<meta property=\"og:availability\" content=\"out of stock\" \/>\n<meta property=\"product:availability\" content=\"out of stock\" \/>\n<meta property=\"product:retailer_item_id\" content=\"CTL-TPX1840C\" \/>\n<meta property=\"product:condition\" content=\"new\" \/>\n<!-- \/ Yoast SEO Premium plugin. -->","yoast_head_json":{"title":"VISION X TRANSPORTER PRIME 6.5\" 18 LED 90W 40\u00b0 - Vision X Europe","robots":{"index":"index","follow":"follow","max-snippet":"max-snippet:-1","max-image-preview":"max-image-preview:large","max-video-preview":"max-video-preview:-1"},"canonical":"https:\/\/www.visionxeurope.com\/se\/webbutik\/vision-x-transporter-prime-6-5-18-led-90w-40-2\/","og_locale":"sv_SE","og_type":"article","og_title":"VISION X TRANSPORTER PRIME 6.5\" 18 LED 90W 40\u00b0","og_description":"Vision X Transporter med 18 st. dioder \u00e4r ett extraljus som ers\u00e4tter f\u00f6rra generationens belysning som halogen och xenon p\u00e5 fordon. Nu \u00e4r det slut p\u00e5 att byta trasiga gl\u00f6dlampor och urladdningsr\u00f6r. Data:Transporter Prime 18 LEDLamphus: 6061 aluminium.&nbsp;F\u00e4ste: \u201cTrunnion\u201d f\u00e4ste 105 graders justeringsm\u00f6jlighet.&nbsp;Enkel installation med endast + &amp; \u2013 kabel.&nbsp;Kablage: Plug &amp; play kablage (Deutsch kontakter)&nbsp;Sp\u00e4nning: 9-32 volt.&nbsp;Litet inbyggnadsm\u00e5tt.&nbsp;T\u00e5l h\u00e5rda p\u00e5frestningar fr\u00e5n v\u00e4der och vind.&nbsp;Str\u00f6mf\u00f6rbrukning: 7.5 Amp vid 12 v.&nbsp;IP klass: IP68&nbsp;Vibrations klass: 15.6G&nbsp;Diameter: 171 mm. (exkl. monteringsf\u00e4ste)&nbsp;Djup: 116&nbsp;mm.&nbsp;Watt: 90Antal LED: 18 st. x 5WR\u00e5a lumen:&nbsp;9 504Effektiva lumen: 6 660Livsl\u00e4ngd dioder: 50 000 timmar&nbsp;Drivning dioder: 90 % av full effekt&nbsp;Lins: Polykarbonat, n\u00e4st intill okrossbart&nbsp;Optisk renhet: 90 %&nbsp;Ljusbild: 40\u00b0&nbsp;(Flood)","og_url":"https:\/\/www.visionxeurope.com\/se\/webbutik\/vision-x-transporter-prime-6-5-18-led-90w-40-2\/","og_site_name":"Vision X Europe","article_publisher":"https:\/\/www.facebook.com\/visionxeurope","article_modified_time":"2025-12-08T21:44:52+00:00","og_image":[{"width":600,"height":600,"url":"https:\/\/www.rindab.se\/wp-content\/uploads\/sites\/7\/2022\/04\/CTL-TPX1840C.jpg","type":"image\/jpeg"}],"twitter_card":"summary_large_image","twitter_misc":{"Pris":"7 331,00&nbsp;&#107;&#114; exkl. moms","Tillg\u00e4nglig":"Slut i lager"},"schema":{"@context":"https:\/\/schema.org","@graph":[{"@type":"WebPage","@id":"https:\/\/www.visionxeurope.com\/se\/webbutik\/vision-x-transporter-prime-6-5-18-led-90w-40-2\/","url":"https:\/\/www.visionxeurope.com\/se\/webbutik\/vision-x-transporter-prime-6-5-18-led-90w-40-2\/","name":"VISION X TRANSPORTER PRIME 6.5\" 18 LED 90W 40\u00b0 - Vision X Europe","isPartOf":{"@id":"https:\/\/www.visionxeurope.com\/se\/#website"},"primaryImageOfPage":{"@id":"https:\/\/www.visionxeurope.com\/se\/webbutik\/vision-x-transporter-prime-6-5-18-led-90w-40-2\/#primaryimage"},"image":{"@id":"https:\/\/www.visionxeurope.com\/se\/webbutik\/vision-x-transporter-prime-6-5-18-led-90w-40-2\/#primaryimage"},"thumbnailUrl":"https:\/\/www.visionxeurope.com\/se\/wp-content\/uploads\/sites\/7\/2022\/04\/CTL-TPX1840C.jpg","datePublished":"2015-06-04T11:02:57+00:00","dateModified":"2025-12-08T21:44:52+00:00","breadcrumb":{"@id":"https:\/\/www.visionxeurope.com\/se\/webbutik\/vision-x-transporter-prime-6-5-18-led-90w-40-2\/#breadcrumb"},"inLanguage":"sv-SE","potentialAction":[{"@type":"ReadAction","target":["https:\/\/www.visionxeurope.com\/se\/webbutik\/vision-x-transporter-prime-6-5-18-led-90w-40-2\/"]}]},{"@type":"ImageObject","inLanguage":"sv-SE","@id":"https:\/\/www.visionxeurope.com\/se\/webbutik\/vision-x-transporter-prime-6-5-18-led-90w-40-2\/#primaryimage","url":"https:\/\/www.visionxeurope.com\/se\/wp-content\/uploads\/sites\/7\/2022\/04\/CTL-TPX1840C.jpg","contentUrl":"https:\/\/www.visionxeurope.com\/se\/wp-content\/uploads\/sites\/7\/2022\/04\/CTL-TPX1840C.jpg","width":600,"height":600},{"@type":"BreadcrumbList","@id":"https:\/\/www.visionxeurope.com\/se\/webbutik\/vision-x-transporter-prime-6-5-18-led-90w-40-2\/#breadcrumb","itemListElement":[{"@type":"ListItem","position":1,"name":"Hem","item":"https:\/\/www.visionxeurope.com\/se\/"},{"@type":"ListItem","position":2,"name":"Webbutik","item":"https:\/\/www.visionxeurope.com\/se\/webbutik\/"},{"@type":"ListItem","position":3,"name":"VISION X TRANSPORTER PRIME 6.5&#8243; 18 LED 90W 40\u00b0"}]},{"@type":"WebSite","@id":"https:\/\/www.visionxeurope.com\/se\/#website","url":"https:\/\/www.visionxeurope.com\/se\/","name":"Vision X Europe","description":"","publisher":{"@id":"https:\/\/www.visionxeurope.com\/se\/#organization"},"potentialAction":[{"@type":"SearchAction","target":{"@type":"EntryPoint","urlTemplate":"https:\/\/www.visionxeurope.com\/se\/?s={search_term_string}"},"query-input":{"@type":"PropertyValueSpecification","valueRequired":true,"valueName":"search_term_string"}}],"inLanguage":"sv-SE"},{"@type":"Organization","@id":"https:\/\/www.visionxeurope.com\/se\/#organization","name":"Vision X Europe","url":"https:\/\/www.visionxeurope.com\/se\/","logo":{"@type":"ImageObject","inLanguage":"sv-SE","@id":"https:\/\/www.visionxeurope.com\/se\/#\/schema\/logo\/image\/","url":"https:\/\/www.visionxeurope.com\/se\/wp-content\/uploads\/sites\/7\/2021\/04\/visionxeurope.png","contentUrl":"https:\/\/www.visionxeurope.com\/se\/wp-content\/uploads\/sites\/7\/2021\/04\/visionxeurope.png","width":300,"height":110,"caption":"Vision X Europe"},"image":{"@id":"https:\/\/www.visionxeurope.com\/se\/#\/schema\/logo\/image\/"},"sameAs":["https:\/\/www.facebook.com\/visionxeurope","https:\/\/www.instagram.com\/visionxeurope\/"]}]},"product_price_amount":"7331.00","product_price_currency":"SEK","og_availability":"out of stock","product_availability":"out of stock","product_retailer_item_id":"CTL-TPX1840C","product_condition":"new"},"_links":{"self":[{"href":"https:\/\/www.visionxeurope.com\/se\/wp-json\/wp\/v2\/product\/13088","targetHints":{"allow":["GET"]}}],"collection":[{"href":"https:\/\/www.visionxeurope.com\/se\/wp-json\/wp\/v2\/product"}],"about":[{"href":"https:\/\/www.visionxeurope.com\/se\/wp-json\/wp\/v2\/types\/product"}],"replies":[{"embeddable":true,"href":"https:\/\/www.visionxeurope.com\/se\/wp-json\/wp\/v2\/comments?post=13088"}],"wp:featuredmedia":[{"embeddable":true,"href":"https:\/\/www.visionxeurope.com\/se\/wp-json\/wp\/v2\/media\/14201"}],"wp:attachment":[{"href":"https:\/\/www.visionxeurope.com\/se\/wp-json\/wp\/v2\/media?parent=13088"}],"wp:term":[{"taxonomy":"product_brand","embeddable":true,"href":"https:\/\/www.visionxeurope.com\/se\/wp-json\/wp\/v2\/product_brand?post=13088"},{"taxonomy":"product_cat","embeddable":true,"href":"https:\/\/www.visionxeurope.com\/se\/wp-json\/wp\/v2\/product_cat?post=13088"},{"taxonomy":"product_tag","embeddable":true,"href":"https:\/\/www.visionxeurope.com\/se\/wp-json\/wp\/v2\/product_tag?post=13088"}],"curies":[{"name":"wp","href":"https:\/\/api.w.org\/{rel}","templated":true}]}}