{"id":13078,"date":"2014-04-23T09:56:27","date_gmt":"2014-04-23T07:56:27","guid":{"rendered":"https:\/\/www.visionxeurope.com\/se\/produkt\/vision-x-horizon-prime-24-90w-40\/"},"modified":"2026-03-04T16:50:45","modified_gmt":"2026-03-04T15:50:45","slug":"vision-x-horizon-prime-24-90w-40","status":"publish","type":"product","link":"https:\/\/www.visionxeurope.com\/se\/webbutik\/vision-x-horizon-prime-24-90w-40\/","title":{"rendered":"VISION X HORIZON PRIME 24&#8243; 90W 40\u00b0"},"content":{"rendered":"<p><\/p>\n<p>Horizon, en E-m\u00e4rkt LED ramp med Prime Drive tekniken. Nu slipper man stora lampor som f\u00f6rst\u00f6r bilens design i fronten och som g\u00e5r s\u00f6nder p\u00e5 grund av stenskott m.m. Montera en slimmad LED ramp i grillen eller spoilern med n\u00e4st intill okrossbar polykarbonat lins. Ett kraftigt pressgjutet aluminiumhus som har IP-68 klassning och \u00e4r testad upp till 15.6G hanterar p\u00e5frestningarna med l\u00e4tthet.&nbsp;<\/p>\n<p><\/p>\n<p><\/p>\n<p><strong>Data:<br \/><\/strong>Lamphus: 6061 aluminium<br \/>F\u00e4ste: \u201cTrunnion\u201d f\u00e4ste 105 graders justeringsm\u00f6jlighet<br \/>Enkel installation med endast + &amp; \u2013 kabel<br \/>Kablage: Plug &amp; play kablage (Deutsch kontakter)&nbsp;<br \/>Sp\u00e4nning: 9-32V<br \/>Litet inbyggnadsm\u00e5tt<br \/>T\u00e5l h\u00e5rda p\u00e5frestningar fr\u00e5n v\u00e4der och vind<br \/>Str\u00f6mf\u00f6rbrukning: 7.5 Amp vid 12V&nbsp;<br \/>IP klass: IP68&nbsp;<br \/>Vibrations klass: 15.6G&nbsp;<br \/>L\u00e4ngd: 610mm. (exkl. monteringsf\u00e4ste)&nbsp;<br \/>H\u00f6jd: 59mm. (exkl. monteringsf\u00e4ste)&nbsp;<br \/>Djup: 78mm. (inkl. monteringsf\u00e4ste)&nbsp;<br \/>Antal LED: 18 st. x 5W<br \/>Watt: 90<br \/>R\u00e5a lumen: 9 504<br \/>Effektiva lumen: 6 660<br \/>Livsl\u00e4ngd dioder: 50 000 timmar&nbsp;<br \/>Drivning dioder: 90 % av full effekt&nbsp;<br \/>Lins: Polycarbonat, n\u00e4st intill okrossbart&nbsp;<br \/>Optisk renhet: 90 %&nbsp;<br \/>Ljusbild: 40\u00b0 Flood (Finns \u00e4ven som 10\u00b0)<\/p>\n<p><\/p>","protected":false},"excerpt":{"rendered":"<p>Horizon, en E-m\u00e4rkt LED ramp med Prime Drive tekniken. Nu slipper man stora lampor som f\u00f6rst\u00f6r bilens design i fronten och som g\u00e5r s\u00f6nder p\u00e5 grund av stenskott m.m. Montera en slimmad LED ramp i grillen eller spoilern med n\u00e4st intill okrossbar polykarbonat lins. Ett kraftigt pressgjutet aluminiumhus som har IP-68 klassning och \u00e4r testad upp till 15.6G hanterar p\u00e5frestningarna med l\u00e4tthet.&nbsp;<\/p>\n<p><strong>Data:<br \/><\/strong>Lamphus: 6061 aluminium<br \/>F\u00e4ste: \u201cTrunnion\u201d f\u00e4ste 105 graders justeringsm\u00f6jlighet<br \/>Enkel installation med endast + &amp; \u2013 kabel<br \/>Kablage: Plug &amp; play kablage (Deutsch kontakter)&nbsp;<br \/>Sp\u00e4nning: 9-32V<br \/>Litet inbyggnadsm\u00e5tt<br \/>T\u00e5l h\u00e5rda p\u00e5frestningar fr\u00e5n v\u00e4der och vind<br \/>Str\u00f6mf\u00f6rbrukning: 7.5 Amp vid 12V&nbsp;<br \/>IP klass: IP68&nbsp;<br \/>Vibrations klass: 15.6G&nbsp;<br \/>L\u00e4ngd: 610mm. (exkl. monteringsf\u00e4ste)&nbsp;<br \/>H\u00f6jd: 59mm. (exkl. monteringsf\u00e4ste)&nbsp;<br \/>Djup: 78mm. (inkl. monteringsf\u00e4ste)&nbsp;<br \/>Antal LED: 18 st. x 5W<br \/>Watt: 90<br \/>R\u00e5a lumen: 9 504<br \/>Effektiva lumen: 6 660<br \/>Livsl\u00e4ngd dioder: 50 000 timmar&nbsp;<br \/>Drivning dioder: 90 % av full effekt&nbsp;<br \/>Lins: Polycarbonat, n\u00e4st intill okrossbart&nbsp;<br \/>Optisk renhet: 90 %&nbsp;<br \/>Ljusbild: 40\u00b0 Flood (Finns \u00e4ven som 10\u00b0)<\/p>\n","protected":false},"featured_media":13079,"comment_status":"closed","ping_status":"open","template":"","meta":{"editor_notices":[]},"product_brand":[],"product_cat":[42],"product_tag":[],"class_list":{"0":"post-13078","1":"product","2":"type-product","3":"status-publish","4":"has-post-thumbnail","6":"product_cat-horizon","7":"resize-featured-image","8":"","9":"woocommerce-text-align-left","10":"woocommerce-image-align-center","12":"first","13":"instock","14":"taxable","15":"shipping-taxable","16":"product-type-simple"},"yoast_head":"<!-- This site is optimized with the Yoast SEO Premium plugin v25.0 (Yoast SEO v25.0) - https:\/\/yoast.com\/wordpress\/plugins\/seo\/ -->\n<title>VISION X HORIZON PRIME 24&quot; 90W 40\u00b0 - Vision X Europe<\/title>\n<meta name=\"robots\" content=\"index, follow, max-snippet:-1, max-image-preview:large, max-video-preview:-1\" \/>\n<link rel=\"canonical\" href=\"https:\/\/www.visionxeurope.com\/se\/webbutik\/vision-x-horizon-prime-24-90w-40\/\" \/>\n<meta property=\"og:locale\" content=\"sv_SE\" \/>\n<meta property=\"og:type\" content=\"article\" \/>\n<meta property=\"og:title\" content=\"VISION X HORIZON PRIME 24&quot; 90W 40\u00b0\" \/>\n<meta property=\"og:description\" content=\"Horizon, en E-m\u00e4rkt LED ramp med Prime Drive tekniken. Nu slipper man stora lampor som f\u00f6rst\u00f6r bilens design i fronten och som g\u00e5r s\u00f6nder p\u00e5 grund av stenskott m.m. Montera en slimmad LED ramp i grillen eller spoilern med n\u00e4st intill okrossbar polykarbonat lins. Ett kraftigt pressgjutet aluminiumhus som har IP-68 klassning och \u00e4r testad upp till 15.6G hanterar p\u00e5frestningarna med l\u00e4tthet.&nbsp; Data:Lamphus: 6061 aluminiumF\u00e4ste: \u201cTrunnion\u201d f\u00e4ste 105 graders justeringsm\u00f6jlighetEnkel installation med endast + &amp; \u2013 kabelKablage: Plug &amp; play kablage (Deutsch kontakter)&nbsp;Sp\u00e4nning: 9-32VLitet inbyggnadsm\u00e5ttT\u00e5l h\u00e5rda p\u00e5frestningar fr\u00e5n v\u00e4der och vindStr\u00f6mf\u00f6rbrukning: 7.5 Amp vid 12V&nbsp;IP klass: IP68&nbsp;Vibrations klass: 15.6G&nbsp;L\u00e4ngd: 610mm. (exkl. monteringsf\u00e4ste)&nbsp;H\u00f6jd: 59mm. (exkl. monteringsf\u00e4ste)&nbsp;Djup: 78mm. (inkl. monteringsf\u00e4ste)&nbsp;Antal LED: 18 st. x 5WWatt: 90R\u00e5a lumen: 9 504Effektiva lumen: 6 660Livsl\u00e4ngd dioder: 50 000 timmar&nbsp;Drivning dioder: 90 % av full effekt&nbsp;Lins: Polycarbonat, n\u00e4st intill okrossbart&nbsp;Optisk renhet: 90 %&nbsp;Ljusbild: 40\u00b0 Flood (Finns \u00e4ven som 10\u00b0)\" \/>\n<meta property=\"og:url\" content=\"https:\/\/www.visionxeurope.com\/se\/webbutik\/vision-x-horizon-prime-24-90w-40\/\" \/>\n<meta property=\"og:site_name\" content=\"Vision X Europe\" \/>\n<meta property=\"article:publisher\" content=\"https:\/\/www.facebook.com\/visionxeurope\" \/>\n<meta property=\"article:modified_time\" content=\"2026-03-04T15:50:45+00:00\" \/>\n<meta property=\"og:image\" content=\"https:\/\/www.visionxeurope.com\/se\/wp-content\/uploads\/sites\/7\/2022\/04\/CTL-HPX1840.jpg\" \/>\n\t<meta property=\"og:image:width\" content=\"600\" \/>\n\t<meta property=\"og:image:height\" content=\"600\" \/>\n\t<meta property=\"og:image:type\" content=\"image\/jpeg\" \/>\n<meta name=\"twitter:card\" content=\"summary_large_image\" \/>\n<meta name=\"twitter:label1\" content=\"Pris\" \/>\n\t<meta name=\"twitter:data1\" content=\"7 352,00&nbsp;&#107;&#114; exkl. moms\" \/>\n\t<meta name=\"twitter:label2\" content=\"Tillg\u00e4nglig\" \/>\n\t<meta name=\"twitter:data2\" content=\"I lager\" \/>\n<script type=\"application\/ld+json\" class=\"yoast-schema-graph\">{\"@context\":\"https:\/\/schema.org\",\"@graph\":[{\"@type\":\"WebPage\",\"@id\":\"https:\/\/www.visionxeurope.com\/se\/webbutik\/vision-x-horizon-prime-24-90w-40\/\",\"url\":\"https:\/\/www.visionxeurope.com\/se\/webbutik\/vision-x-horizon-prime-24-90w-40\/\",\"name\":\"VISION X HORIZON PRIME 24\\\" 90W 40\u00b0 - Vision X Europe\",\"isPartOf\":{\"@id\":\"https:\/\/www.visionxeurope.com\/se\/#website\"},\"primaryImageOfPage\":{\"@id\":\"https:\/\/www.visionxeurope.com\/se\/webbutik\/vision-x-horizon-prime-24-90w-40\/#primaryimage\"},\"image\":{\"@id\":\"https:\/\/www.visionxeurope.com\/se\/webbutik\/vision-x-horizon-prime-24-90w-40\/#primaryimage\"},\"thumbnailUrl\":\"https:\/\/www.visionxeurope.com\/se\/wp-content\/uploads\/sites\/7\/2022\/04\/CTL-HPX1840.jpg\",\"datePublished\":\"2014-04-23T07:56:27+00:00\",\"dateModified\":\"2026-03-04T15:50:45+00:00\",\"breadcrumb\":{\"@id\":\"https:\/\/www.visionxeurope.com\/se\/webbutik\/vision-x-horizon-prime-24-90w-40\/#breadcrumb\"},\"inLanguage\":\"sv-SE\",\"potentialAction\":[{\"@type\":\"ReadAction\",\"target\":[\"https:\/\/www.visionxeurope.com\/se\/webbutik\/vision-x-horizon-prime-24-90w-40\/\"]}]},{\"@type\":\"ImageObject\",\"inLanguage\":\"sv-SE\",\"@id\":\"https:\/\/www.visionxeurope.com\/se\/webbutik\/vision-x-horizon-prime-24-90w-40\/#primaryimage\",\"url\":\"https:\/\/www.visionxeurope.com\/se\/wp-content\/uploads\/sites\/7\/2022\/04\/CTL-HPX1840.jpg\",\"contentUrl\":\"https:\/\/www.visionxeurope.com\/se\/wp-content\/uploads\/sites\/7\/2022\/04\/CTL-HPX1840.jpg\",\"width\":600,\"height\":600},{\"@type\":\"BreadcrumbList\",\"@id\":\"https:\/\/www.visionxeurope.com\/se\/webbutik\/vision-x-horizon-prime-24-90w-40\/#breadcrumb\",\"itemListElement\":[{\"@type\":\"ListItem\",\"position\":1,\"name\":\"Hem\",\"item\":\"https:\/\/www.visionxeurope.com\/se\/\"},{\"@type\":\"ListItem\",\"position\":2,\"name\":\"Webbutik\",\"item\":\"https:\/\/www.visionxeurope.com\/se\/webbutik\/\"},{\"@type\":\"ListItem\",\"position\":3,\"name\":\"VISION X HORIZON PRIME 24&#8243; 90W 40\u00b0\"}]},{\"@type\":\"WebSite\",\"@id\":\"https:\/\/www.visionxeurope.com\/se\/#website\",\"url\":\"https:\/\/www.visionxeurope.com\/se\/\",\"name\":\"Vision X Europe\",\"description\":\"\",\"publisher\":{\"@id\":\"https:\/\/www.visionxeurope.com\/se\/#organization\"},\"potentialAction\":[{\"@type\":\"SearchAction\",\"target\":{\"@type\":\"EntryPoint\",\"urlTemplate\":\"https:\/\/www.visionxeurope.com\/se\/?s={search_term_string}\"},\"query-input\":{\"@type\":\"PropertyValueSpecification\",\"valueRequired\":true,\"valueName\":\"search_term_string\"}}],\"inLanguage\":\"sv-SE\"},{\"@type\":\"Organization\",\"@id\":\"https:\/\/www.visionxeurope.com\/se\/#organization\",\"name\":\"Vision X Europe\",\"url\":\"https:\/\/www.visionxeurope.com\/se\/\",\"logo\":{\"@type\":\"ImageObject\",\"inLanguage\":\"sv-SE\",\"@id\":\"https:\/\/www.visionxeurope.com\/se\/#\/schema\/logo\/image\/\",\"url\":\"https:\/\/www.visionxeurope.com\/se\/wp-content\/uploads\/sites\/7\/2021\/04\/visionxeurope.png\",\"contentUrl\":\"https:\/\/www.visionxeurope.com\/se\/wp-content\/uploads\/sites\/7\/2021\/04\/visionxeurope.png\",\"width\":300,\"height\":110,\"caption\":\"Vision X Europe\"},\"image\":{\"@id\":\"https:\/\/www.visionxeurope.com\/se\/#\/schema\/logo\/image\/\"},\"sameAs\":[\"https:\/\/www.facebook.com\/visionxeurope\",\"https:\/\/www.instagram.com\/visionxeurope\/\"]}]}<\/script>\n<meta property=\"product:price:amount\" content=\"7352.00\" \/>\n<meta property=\"product:price:currency\" content=\"SEK\" \/>\n<meta property=\"og:availability\" content=\"instock\" \/>\n<meta property=\"product:availability\" content=\"instock\" \/>\n<meta property=\"product:retailer_item_id\" content=\"CTL-HPX1840\" \/>\n<meta property=\"product:condition\" content=\"new\" \/>\n<!-- \/ Yoast SEO Premium plugin. -->","yoast_head_json":{"title":"VISION X HORIZON PRIME 24\" 90W 40\u00b0 - Vision X Europe","robots":{"index":"index","follow":"follow","max-snippet":"max-snippet:-1","max-image-preview":"max-image-preview:large","max-video-preview":"max-video-preview:-1"},"canonical":"https:\/\/www.visionxeurope.com\/se\/webbutik\/vision-x-horizon-prime-24-90w-40\/","og_locale":"sv_SE","og_type":"article","og_title":"VISION X HORIZON PRIME 24\" 90W 40\u00b0","og_description":"Horizon, en E-m\u00e4rkt LED ramp med Prime Drive tekniken. Nu slipper man stora lampor som f\u00f6rst\u00f6r bilens design i fronten och som g\u00e5r s\u00f6nder p\u00e5 grund av stenskott m.m. Montera en slimmad LED ramp i grillen eller spoilern med n\u00e4st intill okrossbar polykarbonat lins. Ett kraftigt pressgjutet aluminiumhus som har IP-68 klassning och \u00e4r testad upp till 15.6G hanterar p\u00e5frestningarna med l\u00e4tthet.&nbsp; Data:Lamphus: 6061 aluminiumF\u00e4ste: \u201cTrunnion\u201d f\u00e4ste 105 graders justeringsm\u00f6jlighetEnkel installation med endast + &amp; \u2013 kabelKablage: Plug &amp; play kablage (Deutsch kontakter)&nbsp;Sp\u00e4nning: 9-32VLitet inbyggnadsm\u00e5ttT\u00e5l h\u00e5rda p\u00e5frestningar fr\u00e5n v\u00e4der och vindStr\u00f6mf\u00f6rbrukning: 7.5 Amp vid 12V&nbsp;IP klass: IP68&nbsp;Vibrations klass: 15.6G&nbsp;L\u00e4ngd: 610mm. (exkl. monteringsf\u00e4ste)&nbsp;H\u00f6jd: 59mm. (exkl. monteringsf\u00e4ste)&nbsp;Djup: 78mm. (inkl. monteringsf\u00e4ste)&nbsp;Antal LED: 18 st. x 5WWatt: 90R\u00e5a lumen: 9 504Effektiva lumen: 6 660Livsl\u00e4ngd dioder: 50 000 timmar&nbsp;Drivning dioder: 90 % av full effekt&nbsp;Lins: Polycarbonat, n\u00e4st intill okrossbart&nbsp;Optisk renhet: 90 %&nbsp;Ljusbild: 40\u00b0 Flood (Finns \u00e4ven som 10\u00b0)","og_url":"https:\/\/www.visionxeurope.com\/se\/webbutik\/vision-x-horizon-prime-24-90w-40\/","og_site_name":"Vision X Europe","article_publisher":"https:\/\/www.facebook.com\/visionxeurope","article_modified_time":"2026-03-04T15:50:45+00:00","og_image":[{"width":600,"height":600,"url":"https:\/\/www.visionxeurope.com\/se\/wp-content\/uploads\/sites\/7\/2022\/04\/CTL-HPX1840.jpg","type":"image\/jpeg"}],"twitter_card":"summary_large_image","twitter_misc":{"Pris":"7 352,00&nbsp;&#107;&#114; exkl. moms","Tillg\u00e4nglig":"I lager"},"schema":{"@context":"https:\/\/schema.org","@graph":[{"@type":"WebPage","@id":"https:\/\/www.visionxeurope.com\/se\/webbutik\/vision-x-horizon-prime-24-90w-40\/","url":"https:\/\/www.visionxeurope.com\/se\/webbutik\/vision-x-horizon-prime-24-90w-40\/","name":"VISION X HORIZON PRIME 24\" 90W 40\u00b0 - Vision X Europe","isPartOf":{"@id":"https:\/\/www.visionxeurope.com\/se\/#website"},"primaryImageOfPage":{"@id":"https:\/\/www.visionxeurope.com\/se\/webbutik\/vision-x-horizon-prime-24-90w-40\/#primaryimage"},"image":{"@id":"https:\/\/www.visionxeurope.com\/se\/webbutik\/vision-x-horizon-prime-24-90w-40\/#primaryimage"},"thumbnailUrl":"https:\/\/www.visionxeurope.com\/se\/wp-content\/uploads\/sites\/7\/2022\/04\/CTL-HPX1840.jpg","datePublished":"2014-04-23T07:56:27+00:00","dateModified":"2026-03-04T15:50:45+00:00","breadcrumb":{"@id":"https:\/\/www.visionxeurope.com\/se\/webbutik\/vision-x-horizon-prime-24-90w-40\/#breadcrumb"},"inLanguage":"sv-SE","potentialAction":[{"@type":"ReadAction","target":["https:\/\/www.visionxeurope.com\/se\/webbutik\/vision-x-horizon-prime-24-90w-40\/"]}]},{"@type":"ImageObject","inLanguage":"sv-SE","@id":"https:\/\/www.visionxeurope.com\/se\/webbutik\/vision-x-horizon-prime-24-90w-40\/#primaryimage","url":"https:\/\/www.visionxeurope.com\/se\/wp-content\/uploads\/sites\/7\/2022\/04\/CTL-HPX1840.jpg","contentUrl":"https:\/\/www.visionxeurope.com\/se\/wp-content\/uploads\/sites\/7\/2022\/04\/CTL-HPX1840.jpg","width":600,"height":600},{"@type":"BreadcrumbList","@id":"https:\/\/www.visionxeurope.com\/se\/webbutik\/vision-x-horizon-prime-24-90w-40\/#breadcrumb","itemListElement":[{"@type":"ListItem","position":1,"name":"Hem","item":"https:\/\/www.visionxeurope.com\/se\/"},{"@type":"ListItem","position":2,"name":"Webbutik","item":"https:\/\/www.visionxeurope.com\/se\/webbutik\/"},{"@type":"ListItem","position":3,"name":"VISION X HORIZON PRIME 24&#8243; 90W 40\u00b0"}]},{"@type":"WebSite","@id":"https:\/\/www.visionxeurope.com\/se\/#website","url":"https:\/\/www.visionxeurope.com\/se\/","name":"Vision X Europe","description":"","publisher":{"@id":"https:\/\/www.visionxeurope.com\/se\/#organization"},"potentialAction":[{"@type":"SearchAction","target":{"@type":"EntryPoint","urlTemplate":"https:\/\/www.visionxeurope.com\/se\/?s={search_term_string}"},"query-input":{"@type":"PropertyValueSpecification","valueRequired":true,"valueName":"search_term_string"}}],"inLanguage":"sv-SE"},{"@type":"Organization","@id":"https:\/\/www.visionxeurope.com\/se\/#organization","name":"Vision X Europe","url":"https:\/\/www.visionxeurope.com\/se\/","logo":{"@type":"ImageObject","inLanguage":"sv-SE","@id":"https:\/\/www.visionxeurope.com\/se\/#\/schema\/logo\/image\/","url":"https:\/\/www.visionxeurope.com\/se\/wp-content\/uploads\/sites\/7\/2021\/04\/visionxeurope.png","contentUrl":"https:\/\/www.visionxeurope.com\/se\/wp-content\/uploads\/sites\/7\/2021\/04\/visionxeurope.png","width":300,"height":110,"caption":"Vision X Europe"},"image":{"@id":"https:\/\/www.visionxeurope.com\/se\/#\/schema\/logo\/image\/"},"sameAs":["https:\/\/www.facebook.com\/visionxeurope","https:\/\/www.instagram.com\/visionxeurope\/"]}]},"product_price_amount":"7352.00","product_price_currency":"SEK","og_availability":"instock","product_availability":"instock","product_retailer_item_id":"CTL-HPX1840","product_condition":"new"},"_links":{"self":[{"href":"https:\/\/www.visionxeurope.com\/se\/wp-json\/wp\/v2\/product\/13078","targetHints":{"allow":["GET"]}}],"collection":[{"href":"https:\/\/www.visionxeurope.com\/se\/wp-json\/wp\/v2\/product"}],"about":[{"href":"https:\/\/www.visionxeurope.com\/se\/wp-json\/wp\/v2\/types\/product"}],"replies":[{"embeddable":true,"href":"https:\/\/www.visionxeurope.com\/se\/wp-json\/wp\/v2\/comments?post=13078"}],"wp:featuredmedia":[{"embeddable":true,"href":"https:\/\/www.visionxeurope.com\/se\/wp-json\/wp\/v2\/media\/13079"}],"wp:attachment":[{"href":"https:\/\/www.visionxeurope.com\/se\/wp-json\/wp\/v2\/media?parent=13078"}],"wp:term":[{"taxonomy":"product_brand","embeddable":true,"href":"https:\/\/www.visionxeurope.com\/se\/wp-json\/wp\/v2\/product_brand?post=13078"},{"taxonomy":"product_cat","embeddable":true,"href":"https:\/\/www.visionxeurope.com\/se\/wp-json\/wp\/v2\/product_cat?post=13078"},{"taxonomy":"product_tag","embeddable":true,"href":"https:\/\/www.visionxeurope.com\/se\/wp-json\/wp\/v2\/product_tag?post=13078"}],"curies":[{"name":"wp","href":"https:\/\/api.w.org\/{rel}","templated":true}]}}