{"id":13055,"date":"2018-10-26T09:15:05","date_gmt":"2018-10-26T07:15:05","guid":{"rendered":"https:\/\/www.visionxeurope.com\/se\/produkt\/vision-x-light-cannon-adventure-8-7-140w-halo-led-extraljus-e-markt\/"},"modified":"2026-03-30T15:59:55","modified_gmt":"2026-03-30T13:59:55","slug":"vision-x-light-cannon-adventure-8-7-140w-halo-led-extraljus-e-markt","status":"publish","type":"product","link":"https:\/\/www.visionxeurope.com\/se\/webbutik\/vision-x-light-cannon-adventure-8-7-140w-halo-led-extraljus-e-markt\/","title":{"rendered":"VISION X LIGHT CANNON ADVENTURE 8.7&#8243; 140W HALO LED EXTRALJUS E-M\u00c4RKT"},"content":{"rendered":"<p><\/p>\n<p>2019 \u00e5rs uppdatering inneb\u00e4r att Adventure-serien numer g\u00e5r att k\u00f6pa som E-m\u00e4rkt vilket \u00e4r goda nyheter f\u00f6r den Europeiska marknaden! En extra signalkabel p\u00e5 lampan m\u00f6jligg\u00f6r snabb omkoppling mellan E-m\u00e4rkt l\u00e4ge och fullt ostrypt l\u00e4ge.<\/p>\n<p><\/p>\n<p><\/p>\n<p>Light Cannon Adventure, lampan som kombinerar r\u00e4ckvidden fr\u00e5n tidigare legendariska Light Cannon-serien med avancerad ny teknik. Resultatet \u00e4r en lampa med bredare anv\u00e4ndningsomr\u00e5de och extrem prestanda. Light Cannon levererar en perfekt kombination av l\u00e4ngd och bredd tack vare h\u00f6geffektiva spotreflektorer och enast\u00e5ende flodljuslinser som passar alla milj\u00f6er. Fr\u00e5n krokig skogsv\u00e4g till motorv\u00e4g.<\/p>\n<p><\/p>\n<p><\/p>\n<p>Med hj\u00e4lp av 14 CREE 10 W\/LED-dioder levererar varje Light Cannon Adventure det kraftigaste ljuset p\u00e5 marknaden i f\u00f6rh\u00e5llande till sin storlek. De h\u00f6geffektiva dioderna har h\u00f6gsta BIN-tal och en f\u00e4rgtemperatur p\u00e5 6000 Kelvin (dagsljus) och b\u00e4sta t\u00e4nkbara verkningsgrad.<\/p>\n<p><\/p>\n<p><\/p>\n<p>Lamporna har ett monteringsdjup p\u00e5 103 mm, vilket g\u00f6r dem l\u00e4ttplacerade p\u00e5 de flesta fordon. Den robusta lamph\u00e5llarbygeln av st\u00e5l har 45\u00b0 horisontell finjustering med ett stabilt l\u00e5ssystem. Kapslingsklass IP68 \/ IP69K inneb\u00e4r att lampan \u00f6verlever \u00e4ven de mest extrema f\u00f6rh\u00e5llanden.<\/p>\n<p><\/p>\n<p><\/p>\n<p>Halo-funktionen ger en behaglig och snygg ljuseffekt och kan anv\u00e4ndas som automatisk DRL eller kopplas in p\u00e5 en separat str\u00f6mbrytare vid \u00f6nskem\u00e5l.<\/p>\n<p><\/p>\n<p><\/p>\n<p><strong>Data:<br \/><\/strong>Referenstal: 30<br \/>R\u00e4ckvidd: 1 lux @ 700m<br \/>R\u00e5a lumen: 14 980<br \/>Effektiva lumen: 10 486<br \/>Lamphus: Alumium<br \/>Watt: 140W<br \/>Str\u00f6mf\u00f6rbrukning: 11.67A @ 12V, 5.8A @ 24V<br \/>Lysdiod: 14x 10W (140W)<br \/>Vikt: 3.7 kg<br \/>Reflektor: Patenterad IRIS Reflektor-teknologi<br \/>Drivteknik: Prime Drive f\u00f6r \u00f6kad tillf\u00f6rlitlighet och livsl\u00e4ngd<br \/>Integrerat elektroniskt \u00f6verhettningsskydd<br \/>Lins: N\u00e4stintill okrossbar polykarbonatlins<br \/>Kapslingsklass: IP68 + IP69K<br \/>Vibrationstestad: upp till 21,2 Grms<br \/>Slagtestad: upp till 60 G<br \/>Kontakt: Vattent\u00e4t plug-n-play (Deutsch DT kontakt)<br \/>Bredd: 223mm<br \/>Djup: 103.5mm<br \/>Total h\u00f6jd med fot: 240mm<br \/>Ljusbild: 10x Spot + 4x Wide (k\u00f6p till lins f\u00f6r \u00e4ndrad ljusbild)<\/p>\n<p><\/p>\n<p><\/p>\n<p>Detta artikelnummer \u00e4r f\u00f6r 1 st. Light Cannon Adventure lampa.<br \/>Lampans s\u00e4ljs \u00e4ven parvis med installationskablage inkluderat.<br \/><strong>Art nr: CGA-CPMH14MEKIT<br \/><\/strong><\/p>\n<p><\/p>","protected":false},"excerpt":{"rendered":"<p>2019 \u00e5rs uppdatering inneb\u00e4r att Adventure-serien numer g\u00e5r att k\u00f6pa som E-m\u00e4rkt vilket \u00e4r goda nyheter f\u00f6r den Europeiska marknaden! En extra signalkabel p\u00e5 lampan m\u00f6jligg\u00f6r snabb omkoppling mellan E-m\u00e4rkt l\u00e4ge och fullt ostrypt l\u00e4ge.<\/p>\n<p>Light Cannon Adventure, lampan som kombinerar r\u00e4ckvidden fr\u00e5n tidigare legendariska Light Cannon-serien med avancerad ny teknik. Resultatet \u00e4r en lampa med bredare anv\u00e4ndningsomr\u00e5de och extrem prestanda. Light Cannon levererar en perfekt kombination av l\u00e4ngd och bredd tack vare h\u00f6geffektiva spotreflektorer och enast\u00e5ende flodljuslinser som passar alla milj\u00f6er. Fr\u00e5n krokig skogsv\u00e4g till motorv\u00e4g.<\/p>\n<p>Med hj\u00e4lp av 14 CREE 10 W\/LED-dioder levererar varje Light Cannon Adventure det kraftigaste ljuset p\u00e5 marknaden i f\u00f6rh\u00e5llande till sin storlek. De h\u00f6geffektiva dioderna har h\u00f6gsta BIN-tal och en f\u00e4rgtemperatur p\u00e5 6000 Kelvin (dagsljus) och b\u00e4sta t\u00e4nkbara verkningsgrad.<\/p>\n<p>Lamporna har ett monteringsdjup p\u00e5 103 mm, vilket g\u00f6r dem l\u00e4ttplacerade p\u00e5 de flesta fordon. Den robusta lamph\u00e5llarbygeln av st\u00e5l har 45\u00b0 horisontell finjustering med ett stabilt l\u00e5ssystem. Kapslingsklass IP68 \/ IP69K inneb\u00e4r att lampan \u00f6verlever \u00e4ven de mest extrema f\u00f6rh\u00e5llanden.<\/p>\n<p>Halo-funktionen ger en behaglig och snygg ljuseffekt och kan anv\u00e4ndas som automatisk DRL eller kopplas in p\u00e5 en separat str\u00f6mbrytare vid \u00f6nskem\u00e5l.<\/p>\n<p><strong>Data:<br \/><\/strong>Referenstal: 30<br \/>R\u00e4ckvidd: 1 lux @ 700m<br \/>R\u00e5a lumen: 14 980<br \/>Effektiva lumen: 10 486<br \/>Lamphus: Alumium<br \/>Watt: 140W<br \/>Str\u00f6mf\u00f6rbrukning: 11.67A @ 12V, 5.8A @ 24V<br \/>Lysdiod: 14x 10W (140W)<br \/>Vikt: 3.7 kg<br \/>Reflektor: Patenterad IRIS Reflektor-teknologi<br \/>Drivteknik: Prime Drive f\u00f6r \u00f6kad tillf\u00f6rlitlighet och livsl\u00e4ngd<br \/>Integrerat elektroniskt \u00f6verhettningsskydd<br \/>Lins: N\u00e4stintill okrossbar polykarbonatlins<br \/>Kapslingsklass: IP68 + IP69K<br \/>Vibrationstestad: upp till 21,2 Grms<br \/>Slagtestad: upp till 60 G<br \/>Kontakt: Vattent\u00e4t plug-n-play (Deutsch DT kontakt)<br \/>Bredd: 223mm<br \/>Djup: 103.5mm<br \/>Total h\u00f6jd med fot: 240mm<br \/>Ljusbild: 10x Spot + 4x Wide (k\u00f6p till lins f\u00f6r \u00e4ndrad ljusbild)<\/p>\n<p>Detta artikelnummer \u00e4r f\u00f6r 1 st. Light Cannon Adventure lampa.<br \/>Lampans s\u00e4ljs \u00e4ven parvis med installationskablage inkluderat.<br \/><strong>Art nr: CGA-CPMH14MEKIT<br \/><\/strong><\/p>\n","protected":false},"featured_media":14131,"comment_status":"closed","ping_status":"open","template":"","meta":{"editor_notices":[]},"product_brand":[],"product_cat":[37],"product_tag":[],"class_list":{"0":"post-13055","1":"product","2":"type-product","3":"status-publish","4":"has-post-thumbnail","6":"product_cat-cga-cannon","7":"resize-featured-image","8":"","9":"woocommerce-text-align-left","10":"woocommerce-image-align-center","12":"first","13":"instock","14":"taxable","15":"shipping-taxable","16":"product-type-simple"},"yoast_head":"<!-- This site is optimized with the Yoast SEO Premium plugin v25.0 (Yoast SEO v25.0) - https:\/\/yoast.com\/wordpress\/plugins\/seo\/ -->\n<title>VISION X LIGHT CANNON ADVENTURE 8.7&quot; 140W HALO LED EXTRALJUS E-M\u00c4RKT - Vision X Europe<\/title>\n<meta name=\"robots\" content=\"index, follow, max-snippet:-1, max-image-preview:large, max-video-preview:-1\" \/>\n<link rel=\"canonical\" href=\"https:\/\/www.visionxeurope.com\/se\/webbutik\/vision-x-light-cannon-adventure-8-7-140w-halo-led-extraljus-e-markt\/\" \/>\n<meta property=\"og:locale\" content=\"sv_SE\" \/>\n<meta property=\"og:type\" content=\"article\" \/>\n<meta property=\"og:title\" content=\"VISION X LIGHT CANNON ADVENTURE 8.7&quot; 140W HALO LED EXTRALJUS E-M\u00c4RKT\" \/>\n<meta property=\"og:description\" content=\"2019 \u00e5rs uppdatering inneb\u00e4r att Adventure-serien numer g\u00e5r att k\u00f6pa som E-m\u00e4rkt vilket \u00e4r goda nyheter f\u00f6r den Europeiska marknaden! En extra signalkabel p\u00e5 lampan m\u00f6jligg\u00f6r snabb omkoppling mellan E-m\u00e4rkt l\u00e4ge och fullt ostrypt l\u00e4ge. Light Cannon Adventure, lampan som kombinerar r\u00e4ckvidden fr\u00e5n tidigare legendariska Light Cannon-serien med avancerad ny teknik. Resultatet \u00e4r en lampa med bredare anv\u00e4ndningsomr\u00e5de och extrem prestanda. Light Cannon levererar en perfekt kombination av l\u00e4ngd och bredd tack vare h\u00f6geffektiva spotreflektorer och enast\u00e5ende flodljuslinser som passar alla milj\u00f6er. Fr\u00e5n krokig skogsv\u00e4g till motorv\u00e4g. Med hj\u00e4lp av 14 CREE 10 W\/LED-dioder levererar varje Light Cannon Adventure det kraftigaste ljuset p\u00e5 marknaden i f\u00f6rh\u00e5llande till sin storlek. De h\u00f6geffektiva dioderna har h\u00f6gsta BIN-tal och en f\u00e4rgtemperatur p\u00e5 6000 Kelvin (dagsljus) och b\u00e4sta t\u00e4nkbara verkningsgrad. Lamporna har ett monteringsdjup p\u00e5 103 mm, vilket g\u00f6r dem l\u00e4ttplacerade p\u00e5 de flesta fordon. Den robusta lamph\u00e5llarbygeln av st\u00e5l har 45\u00b0 horisontell finjustering med ett stabilt l\u00e5ssystem. Kapslingsklass IP68 \/ IP69K inneb\u00e4r att lampan \u00f6verlever \u00e4ven de mest extrema f\u00f6rh\u00e5llanden. Halo-funktionen ger en behaglig och snygg ljuseffekt och kan anv\u00e4ndas som automatisk DRL eller kopplas in p\u00e5 en separat str\u00f6mbrytare vid \u00f6nskem\u00e5l. Data:Referenstal: 30R\u00e4ckvidd: 1 lux @ 700mR\u00e5a lumen: 14 980Effektiva lumen: 10 486Lamphus: AlumiumWatt: 140WStr\u00f6mf\u00f6rbrukning: 11.67A @ 12V, 5.8A @ 24VLysdiod: 14x 10W (140W)Vikt: 3.7 kgReflektor: Patenterad IRIS Reflektor-teknologiDrivteknik: Prime Drive f\u00f6r \u00f6kad tillf\u00f6rlitlighet och livsl\u00e4ngdIntegrerat elektroniskt \u00f6verhettningsskyddLins: N\u00e4stintill okrossbar polykarbonatlinsKapslingsklass: IP68 + IP69KVibrationstestad: upp till 21,2 GrmsSlagtestad: upp till 60 GKontakt: Vattent\u00e4t plug-n-play (Deutsch DT kontakt)Bredd: 223mmDjup: 103.5mmTotal h\u00f6jd med fot: 240mmLjusbild: 10x Spot + 4x Wide (k\u00f6p till lins f\u00f6r \u00e4ndrad ljusbild) Detta artikelnummer \u00e4r f\u00f6r 1 st. Light Cannon Adventure lampa.Lampans s\u00e4ljs \u00e4ven parvis med installationskablage inkluderat.Art nr: CGA-CPMH14MEKIT\" \/>\n<meta property=\"og:url\" content=\"https:\/\/www.visionxeurope.com\/se\/webbutik\/vision-x-light-cannon-adventure-8-7-140w-halo-led-extraljus-e-markt\/\" \/>\n<meta property=\"og:site_name\" content=\"Vision X Europe\" \/>\n<meta property=\"article:publisher\" content=\"https:\/\/www.facebook.com\/visionxeurope\" \/>\n<meta property=\"article:modified_time\" content=\"2026-03-30T13:59:55+00:00\" \/>\n<meta property=\"og:image\" content=\"https:\/\/www.visionxeurope.com\/se\/wp-content\/uploads\/sites\/7\/2022\/04\/CGA-CPMH14ME.jpg\" \/>\n\t<meta property=\"og:image:width\" content=\"450\" \/>\n\t<meta property=\"og:image:height\" content=\"450\" \/>\n\t<meta property=\"og:image:type\" content=\"image\/jpeg\" \/>\n<meta name=\"twitter:card\" content=\"summary_large_image\" \/>\n<meta name=\"twitter:label1\" content=\"Pris\" \/>\n\t<meta name=\"twitter:data1\" content=\"5 964,00&nbsp;&#107;&#114; exkl. moms\" \/>\n\t<meta name=\"twitter:label2\" content=\"Tillg\u00e4nglig\" \/>\n\t<meta name=\"twitter:data2\" content=\"I lager\" \/>\n<script type=\"application\/ld+json\" class=\"yoast-schema-graph\">{\"@context\":\"https:\/\/schema.org\",\"@graph\":[{\"@type\":\"WebPage\",\"@id\":\"https:\/\/www.visionxeurope.com\/se\/webbutik\/vision-x-light-cannon-adventure-8-7-140w-halo-led-extraljus-e-markt\/\",\"url\":\"https:\/\/www.visionxeurope.com\/se\/webbutik\/vision-x-light-cannon-adventure-8-7-140w-halo-led-extraljus-e-markt\/\",\"name\":\"VISION X LIGHT CANNON ADVENTURE 8.7\\\" 140W HALO LED EXTRALJUS E-M\u00c4RKT - Vision X Europe\",\"isPartOf\":{\"@id\":\"https:\/\/www.visionxeurope.com\/se\/#website\"},\"primaryImageOfPage\":{\"@id\":\"https:\/\/www.visionxeurope.com\/se\/webbutik\/vision-x-light-cannon-adventure-8-7-140w-halo-led-extraljus-e-markt\/#primaryimage\"},\"image\":{\"@id\":\"https:\/\/www.visionxeurope.com\/se\/webbutik\/vision-x-light-cannon-adventure-8-7-140w-halo-led-extraljus-e-markt\/#primaryimage\"},\"thumbnailUrl\":\"https:\/\/www.visionxeurope.com\/se\/wp-content\/uploads\/sites\/7\/2022\/04\/CGA-CPMH14ME.jpg\",\"datePublished\":\"2018-10-26T07:15:05+00:00\",\"dateModified\":\"2026-03-30T13:59:55+00:00\",\"breadcrumb\":{\"@id\":\"https:\/\/www.visionxeurope.com\/se\/webbutik\/vision-x-light-cannon-adventure-8-7-140w-halo-led-extraljus-e-markt\/#breadcrumb\"},\"inLanguage\":\"sv-SE\",\"potentialAction\":[{\"@type\":\"ReadAction\",\"target\":[\"https:\/\/www.visionxeurope.com\/se\/webbutik\/vision-x-light-cannon-adventure-8-7-140w-halo-led-extraljus-e-markt\/\"]}]},{\"@type\":\"ImageObject\",\"inLanguage\":\"sv-SE\",\"@id\":\"https:\/\/www.visionxeurope.com\/se\/webbutik\/vision-x-light-cannon-adventure-8-7-140w-halo-led-extraljus-e-markt\/#primaryimage\",\"url\":\"https:\/\/www.visionxeurope.com\/se\/wp-content\/uploads\/sites\/7\/2022\/04\/CGA-CPMH14ME.jpg\",\"contentUrl\":\"https:\/\/www.visionxeurope.com\/se\/wp-content\/uploads\/sites\/7\/2022\/04\/CGA-CPMH14ME.jpg\",\"width\":450,\"height\":450},{\"@type\":\"BreadcrumbList\",\"@id\":\"https:\/\/www.visionxeurope.com\/se\/webbutik\/vision-x-light-cannon-adventure-8-7-140w-halo-led-extraljus-e-markt\/#breadcrumb\",\"itemListElement\":[{\"@type\":\"ListItem\",\"position\":1,\"name\":\"Hem\",\"item\":\"https:\/\/www.visionxeurope.com\/se\/\"},{\"@type\":\"ListItem\",\"position\":2,\"name\":\"Webbutik\",\"item\":\"https:\/\/www.visionxeurope.com\/se\/webbutik\/\"},{\"@type\":\"ListItem\",\"position\":3,\"name\":\"VISION X LIGHT CANNON ADVENTURE 8.7&#8243; 140W HALO LED EXTRALJUS E-M\u00c4RKT\"}]},{\"@type\":\"WebSite\",\"@id\":\"https:\/\/www.visionxeurope.com\/se\/#website\",\"url\":\"https:\/\/www.visionxeurope.com\/se\/\",\"name\":\"Vision X Europe\",\"description\":\"\",\"publisher\":{\"@id\":\"https:\/\/www.visionxeurope.com\/se\/#organization\"},\"potentialAction\":[{\"@type\":\"SearchAction\",\"target\":{\"@type\":\"EntryPoint\",\"urlTemplate\":\"https:\/\/www.visionxeurope.com\/se\/?s={search_term_string}\"},\"query-input\":{\"@type\":\"PropertyValueSpecification\",\"valueRequired\":true,\"valueName\":\"search_term_string\"}}],\"inLanguage\":\"sv-SE\"},{\"@type\":\"Organization\",\"@id\":\"https:\/\/www.visionxeurope.com\/se\/#organization\",\"name\":\"Vision X Europe\",\"url\":\"https:\/\/www.visionxeurope.com\/se\/\",\"logo\":{\"@type\":\"ImageObject\",\"inLanguage\":\"sv-SE\",\"@id\":\"https:\/\/www.visionxeurope.com\/se\/#\/schema\/logo\/image\/\",\"url\":\"https:\/\/www.visionxeurope.com\/se\/wp-content\/uploads\/sites\/7\/2021\/04\/visionxeurope.png\",\"contentUrl\":\"https:\/\/www.visionxeurope.com\/se\/wp-content\/uploads\/sites\/7\/2021\/04\/visionxeurope.png\",\"width\":300,\"height\":110,\"caption\":\"Vision X Europe\"},\"image\":{\"@id\":\"https:\/\/www.visionxeurope.com\/se\/#\/schema\/logo\/image\/\"},\"sameAs\":[\"https:\/\/www.facebook.com\/visionxeurope\",\"https:\/\/www.instagram.com\/visionxeurope\/\"]}]}<\/script>\n<meta property=\"product:price:amount\" content=\"5964.00\" \/>\n<meta property=\"product:price:currency\" content=\"SEK\" \/>\n<meta property=\"og:availability\" content=\"instock\" \/>\n<meta property=\"product:availability\" content=\"instock\" \/>\n<meta property=\"product:retailer_item_id\" content=\"CGA-CPMH14ME\" \/>\n<meta property=\"product:condition\" content=\"new\" \/>\n<!-- \/ Yoast SEO Premium plugin. -->","yoast_head_json":{"title":"VISION X LIGHT CANNON ADVENTURE 8.7\" 140W HALO LED EXTRALJUS E-M\u00c4RKT - Vision X Europe","robots":{"index":"index","follow":"follow","max-snippet":"max-snippet:-1","max-image-preview":"max-image-preview:large","max-video-preview":"max-video-preview:-1"},"canonical":"https:\/\/www.visionxeurope.com\/se\/webbutik\/vision-x-light-cannon-adventure-8-7-140w-halo-led-extraljus-e-markt\/","og_locale":"sv_SE","og_type":"article","og_title":"VISION X LIGHT CANNON ADVENTURE 8.7\" 140W HALO LED EXTRALJUS E-M\u00c4RKT","og_description":"2019 \u00e5rs uppdatering inneb\u00e4r att Adventure-serien numer g\u00e5r att k\u00f6pa som E-m\u00e4rkt vilket \u00e4r goda nyheter f\u00f6r den Europeiska marknaden! En extra signalkabel p\u00e5 lampan m\u00f6jligg\u00f6r snabb omkoppling mellan E-m\u00e4rkt l\u00e4ge och fullt ostrypt l\u00e4ge. Light Cannon Adventure, lampan som kombinerar r\u00e4ckvidden fr\u00e5n tidigare legendariska Light Cannon-serien med avancerad ny teknik. Resultatet \u00e4r en lampa med bredare anv\u00e4ndningsomr\u00e5de och extrem prestanda. Light Cannon levererar en perfekt kombination av l\u00e4ngd och bredd tack vare h\u00f6geffektiva spotreflektorer och enast\u00e5ende flodljuslinser som passar alla milj\u00f6er. Fr\u00e5n krokig skogsv\u00e4g till motorv\u00e4g. Med hj\u00e4lp av 14 CREE 10 W\/LED-dioder levererar varje Light Cannon Adventure det kraftigaste ljuset p\u00e5 marknaden i f\u00f6rh\u00e5llande till sin storlek. De h\u00f6geffektiva dioderna har h\u00f6gsta BIN-tal och en f\u00e4rgtemperatur p\u00e5 6000 Kelvin (dagsljus) och b\u00e4sta t\u00e4nkbara verkningsgrad. Lamporna har ett monteringsdjup p\u00e5 103 mm, vilket g\u00f6r dem l\u00e4ttplacerade p\u00e5 de flesta fordon. Den robusta lamph\u00e5llarbygeln av st\u00e5l har 45\u00b0 horisontell finjustering med ett stabilt l\u00e5ssystem. Kapslingsklass IP68 \/ IP69K inneb\u00e4r att lampan \u00f6verlever \u00e4ven de mest extrema f\u00f6rh\u00e5llanden. Halo-funktionen ger en behaglig och snygg ljuseffekt och kan anv\u00e4ndas som automatisk DRL eller kopplas in p\u00e5 en separat str\u00f6mbrytare vid \u00f6nskem\u00e5l. Data:Referenstal: 30R\u00e4ckvidd: 1 lux @ 700mR\u00e5a lumen: 14 980Effektiva lumen: 10 486Lamphus: AlumiumWatt: 140WStr\u00f6mf\u00f6rbrukning: 11.67A @ 12V, 5.8A @ 24VLysdiod: 14x 10W (140W)Vikt: 3.7 kgReflektor: Patenterad IRIS Reflektor-teknologiDrivteknik: Prime Drive f\u00f6r \u00f6kad tillf\u00f6rlitlighet och livsl\u00e4ngdIntegrerat elektroniskt \u00f6verhettningsskyddLins: N\u00e4stintill okrossbar polykarbonatlinsKapslingsklass: IP68 + IP69KVibrationstestad: upp till 21,2 GrmsSlagtestad: upp till 60 GKontakt: Vattent\u00e4t plug-n-play (Deutsch DT kontakt)Bredd: 223mmDjup: 103.5mmTotal h\u00f6jd med fot: 240mmLjusbild: 10x Spot + 4x Wide (k\u00f6p till lins f\u00f6r \u00e4ndrad ljusbild) Detta artikelnummer \u00e4r f\u00f6r 1 st. Light Cannon Adventure lampa.Lampans s\u00e4ljs \u00e4ven parvis med installationskablage inkluderat.Art nr: CGA-CPMH14MEKIT","og_url":"https:\/\/www.visionxeurope.com\/se\/webbutik\/vision-x-light-cannon-adventure-8-7-140w-halo-led-extraljus-e-markt\/","og_site_name":"Vision X Europe","article_publisher":"https:\/\/www.facebook.com\/visionxeurope","article_modified_time":"2026-03-30T13:59:55+00:00","og_image":[{"width":450,"height":450,"url":"https:\/\/www.visionxeurope.com\/se\/wp-content\/uploads\/sites\/7\/2022\/04\/CGA-CPMH14ME.jpg","type":"image\/jpeg"}],"twitter_card":"summary_large_image","twitter_misc":{"Pris":"5 964,00&nbsp;&#107;&#114; exkl. moms","Tillg\u00e4nglig":"I lager"},"schema":{"@context":"https:\/\/schema.org","@graph":[{"@type":"WebPage","@id":"https:\/\/www.visionxeurope.com\/se\/webbutik\/vision-x-light-cannon-adventure-8-7-140w-halo-led-extraljus-e-markt\/","url":"https:\/\/www.visionxeurope.com\/se\/webbutik\/vision-x-light-cannon-adventure-8-7-140w-halo-led-extraljus-e-markt\/","name":"VISION X LIGHT CANNON ADVENTURE 8.7\" 140W HALO LED EXTRALJUS E-M\u00c4RKT - Vision X Europe","isPartOf":{"@id":"https:\/\/www.visionxeurope.com\/se\/#website"},"primaryImageOfPage":{"@id":"https:\/\/www.visionxeurope.com\/se\/webbutik\/vision-x-light-cannon-adventure-8-7-140w-halo-led-extraljus-e-markt\/#primaryimage"},"image":{"@id":"https:\/\/www.visionxeurope.com\/se\/webbutik\/vision-x-light-cannon-adventure-8-7-140w-halo-led-extraljus-e-markt\/#primaryimage"},"thumbnailUrl":"https:\/\/www.visionxeurope.com\/se\/wp-content\/uploads\/sites\/7\/2022\/04\/CGA-CPMH14ME.jpg","datePublished":"2018-10-26T07:15:05+00:00","dateModified":"2026-03-30T13:59:55+00:00","breadcrumb":{"@id":"https:\/\/www.visionxeurope.com\/se\/webbutik\/vision-x-light-cannon-adventure-8-7-140w-halo-led-extraljus-e-markt\/#breadcrumb"},"inLanguage":"sv-SE","potentialAction":[{"@type":"ReadAction","target":["https:\/\/www.visionxeurope.com\/se\/webbutik\/vision-x-light-cannon-adventure-8-7-140w-halo-led-extraljus-e-markt\/"]}]},{"@type":"ImageObject","inLanguage":"sv-SE","@id":"https:\/\/www.visionxeurope.com\/se\/webbutik\/vision-x-light-cannon-adventure-8-7-140w-halo-led-extraljus-e-markt\/#primaryimage","url":"https:\/\/www.visionxeurope.com\/se\/wp-content\/uploads\/sites\/7\/2022\/04\/CGA-CPMH14ME.jpg","contentUrl":"https:\/\/www.visionxeurope.com\/se\/wp-content\/uploads\/sites\/7\/2022\/04\/CGA-CPMH14ME.jpg","width":450,"height":450},{"@type":"BreadcrumbList","@id":"https:\/\/www.visionxeurope.com\/se\/webbutik\/vision-x-light-cannon-adventure-8-7-140w-halo-led-extraljus-e-markt\/#breadcrumb","itemListElement":[{"@type":"ListItem","position":1,"name":"Hem","item":"https:\/\/www.visionxeurope.com\/se\/"},{"@type":"ListItem","position":2,"name":"Webbutik","item":"https:\/\/www.visionxeurope.com\/se\/webbutik\/"},{"@type":"ListItem","position":3,"name":"VISION X LIGHT CANNON ADVENTURE 8.7&#8243; 140W HALO LED EXTRALJUS E-M\u00c4RKT"}]},{"@type":"WebSite","@id":"https:\/\/www.visionxeurope.com\/se\/#website","url":"https:\/\/www.visionxeurope.com\/se\/","name":"Vision X Europe","description":"","publisher":{"@id":"https:\/\/www.visionxeurope.com\/se\/#organization"},"potentialAction":[{"@type":"SearchAction","target":{"@type":"EntryPoint","urlTemplate":"https:\/\/www.visionxeurope.com\/se\/?s={search_term_string}"},"query-input":{"@type":"PropertyValueSpecification","valueRequired":true,"valueName":"search_term_string"}}],"inLanguage":"sv-SE"},{"@type":"Organization","@id":"https:\/\/www.visionxeurope.com\/se\/#organization","name":"Vision X Europe","url":"https:\/\/www.visionxeurope.com\/se\/","logo":{"@type":"ImageObject","inLanguage":"sv-SE","@id":"https:\/\/www.visionxeurope.com\/se\/#\/schema\/logo\/image\/","url":"https:\/\/www.visionxeurope.com\/se\/wp-content\/uploads\/sites\/7\/2021\/04\/visionxeurope.png","contentUrl":"https:\/\/www.visionxeurope.com\/se\/wp-content\/uploads\/sites\/7\/2021\/04\/visionxeurope.png","width":300,"height":110,"caption":"Vision X Europe"},"image":{"@id":"https:\/\/www.visionxeurope.com\/se\/#\/schema\/logo\/image\/"},"sameAs":["https:\/\/www.facebook.com\/visionxeurope","https:\/\/www.instagram.com\/visionxeurope\/"]}]},"product_price_amount":"5964.00","product_price_currency":"SEK","og_availability":"instock","product_availability":"instock","product_retailer_item_id":"CGA-CPMH14ME","product_condition":"new"},"_links":{"self":[{"href":"https:\/\/www.visionxeurope.com\/se\/wp-json\/wp\/v2\/product\/13055","targetHints":{"allow":["GET"]}}],"collection":[{"href":"https:\/\/www.visionxeurope.com\/se\/wp-json\/wp\/v2\/product"}],"about":[{"href":"https:\/\/www.visionxeurope.com\/se\/wp-json\/wp\/v2\/types\/product"}],"replies":[{"embeddable":true,"href":"https:\/\/www.visionxeurope.com\/se\/wp-json\/wp\/v2\/comments?post=13055"}],"wp:featuredmedia":[{"embeddable":true,"href":"https:\/\/www.visionxeurope.com\/se\/wp-json\/wp\/v2\/media\/14131"}],"wp:attachment":[{"href":"https:\/\/www.visionxeurope.com\/se\/wp-json\/wp\/v2\/media?parent=13055"}],"wp:term":[{"taxonomy":"product_brand","embeddable":true,"href":"https:\/\/www.visionxeurope.com\/se\/wp-json\/wp\/v2\/product_brand?post=13055"},{"taxonomy":"product_cat","embeddable":true,"href":"https:\/\/www.visionxeurope.com\/se\/wp-json\/wp\/v2\/product_cat?post=13055"},{"taxonomy":"product_tag","embeddable":true,"href":"https:\/\/www.visionxeurope.com\/se\/wp-json\/wp\/v2\/product_tag?post=13055"}],"curies":[{"name":"wp","href":"https:\/\/api.w.org\/{rel}","templated":true}]}}