{"id":13048,"date":"2017-12-27T15:02:18","date_gmt":"2017-12-27T14:02:18","guid":{"rendered":"https:\/\/www.visionxeurope.com\/se\/produkt\/vision-x-light-cannon-6-7-cg2-70w-10-led-extraljus\/"},"modified":"2026-03-04T11:46:24","modified_gmt":"2026-03-04T10:46:24","slug":"vision-x-light-cannon-6-7-cg2-70w-10-led-extraljus","status":"publish","type":"product","link":"https:\/\/www.visionxeurope.com\/se\/webbutik\/vision-x-light-cannon-6-7-cg2-70w-10-led-extraljus\/","title":{"rendered":"VISION X LIGHT CANNON 6.7&#8243; CG2 70W 10\u00b0 LED EXTRALJUS"},"content":{"rendered":"<p><\/p>\n<figure class=\"wp-block-image\"><img decoding=\"async\" src=\"https:\/\/www.visionxeurope.com\/se\/wp-content\/uploads\/sites\/7\/2021\/05\/Vision-X-CG2-Cannon-Main-Landing-Page-SM-2.jpg\" alt=\"\" \/><\/figure>\n<p><\/p>\n<p><\/p>\n<p>Vision X Light Cannon 6,7&#8243; GenII med en enda 70W lysdiod har en extremt h\u00f6g intensitet med sv\u00e5rslagen r\u00e4ckvidd bland LED extraljusen och i f\u00f6rh\u00e5llande till sin l\u00e5ga diameter!<\/p>\n<p><\/p>\n<p><\/p>\n<p>N\u00e4r de flesta LED extraljus har sv\u00e5rt att n\u00e5 l\u00e4ngre \u00e4n traditionella halogenljus n\u00e5r dessa hela 915 meters r\u00e4ckvidd vid 1 lux eller 1830 meters r\u00e4ckvidd vid 0,25 lux. Otrolig r\u00e4ckvidd i f\u00f6rh\u00e5llande till sin effekt tack vare top-BIN Luminus diod v\u00e4ldigt h\u00f6g lumen p\u00e5 liten samt en djup, stor reflektor runtomkring den.<\/p>\n<p><\/p>\n<p><\/p>\n<p>Ny ytbehandling samt kompositfront som t\u00e5l v\u00e5rt tuffa klimat med salt och bl\u00e4string s\u00e5 de h\u00e5ller sig snygga i m\u00e5nga \u00e5r. Nytt f\u00e4ste som \u00e4r l\u00e4ttare att justera \u00e4n det gamla.<\/p>\n<p><\/p>\n<p><\/p>\n<p>Som vanligt n\u00e4r det g\u00e4ller Vision X \u00e4r de riktigt heavy duty konstruerade i rej\u00e4l aluminium samt skyddad elektronik skaktestat upp till 15,6 G-krafter rms!<br \/>Stenskott-t\u00e5ligt polykarbonat-glas som inte g\u00e5r s\u00f6nder i f\u00f6rsta taget och en \u00e5ldersbest\u00e4ndig silikont\u00e4tning som vatten utanf\u00f6r lampan \u00e4ven n\u00e4r du tv\u00e4ttar med h\u00f6gtryckstv\u00e4tten-<\/p>\n<p><\/p>\n<p><\/p>\n<p><strong>Data:<br \/><\/strong>R\u00e4ckvidd: 1 lux @ 915m, 0,25 lux @ 1830m<br \/>R\u00e5a lumen: 4000<br \/>Effektiva lumen: 2800<br \/>Watt: 70W<br \/>Str\u00f6mf\u00f6rbrukning: 5.83A @ 12V, 2.915A @ 24V<br \/>Lysdiod: 1st 70W Luminus LED<br \/>Vikt: 2.6 kg<br \/>Reflektor: Patenterad IRIS Reflektor-teknologi<br \/>Drivteknik: Prime Drive f\u00f6r \u00f6kad tillf\u00f6rlitlighet och livsl\u00e4ngd<br \/>Integrerat elektroniskt \u00f6verhettningsskydd<br \/>Lins: N\u00e4stintill okrossbar polykarbonatlins<br \/>Kapslingsklass: IP68 + IP69K<br \/>Kontakt: Vattent\u00e4t plug-n-play (Deutsch DT kontakt)<br \/>Diameter: 185,3mm (inkl f\u00e4stet)<br \/>Djup: 136,4mm<br \/>Total h\u00f6jd med fot: 180mm<br \/>Ljusbild: 10\u00b0 Spot (k\u00f6p till lins f\u00f6r \u00e4ndrad ljusbild)<\/p>\n<p><\/p>\n<p><\/p>\n<p>Detta artikelnummer \u00e4r f\u00f6r 1 st. Light Cannon lampa. <br \/>Light Cannon s\u00e4ljs \u00e4ven parvis med installations kablage inkluderat.<br \/><strong>Art nr:CG2-CPZ610KIT<br \/><img loading=\"lazy\" decoding=\"async\" class=\"\" src=\"https:\/\/www.visionxeurope.com\/se\/wp-content\/uploads\/sites\/7\/2021\/05\/CG2-CPZ810KIT_6.jpg\" alt=\"\" width=\"402\" height=\"232\"><br \/><\/strong><\/p>\n<p><\/p>","protected":false},"excerpt":{"rendered":"<figure class=\"wp-block-image\"><img decoding=\"async\" src=\"https:\/\/www.rindab.se\/wp-content\/uploads\/2021\/01\/Vision-X-CG2-Cannon-Main-Landing-Page-SM-2.jpg\" alt=\"\" \/><\/figure>\n<p>Vision X Light Cannon 6,7&#8243; GenII med en enda 70W lysdiod har en extremt h\u00f6g intensitet med sv\u00e5rslagen r\u00e4ckvidd bland LED extraljusen och i f\u00f6rh\u00e5llande till sin l\u00e5ga diameter!<\/p>\n<p>N\u00e4r de flesta LED extraljus har sv\u00e5rt att n\u00e5 l\u00e4ngre \u00e4n traditionella halogenljus n\u00e5r dessa hela 915 meters r\u00e4ckvidd vid 1 lux eller 1830 meters r\u00e4ckvidd vid 0,25 lux. Otrolig r\u00e4ckvidd i f\u00f6rh\u00e5llande till sin effekt tack vare top-BIN Luminus diod v\u00e4ldigt h\u00f6g lumen p\u00e5 liten samt en djup, stor reflektor runtomkring den.<\/p>\n<p>Ny ytbehandling samt kompositfront som t\u00e5l v\u00e5rt tuffa klimat med salt och bl\u00e4string s\u00e5 de h\u00e5ller sig snygga i m\u00e5nga \u00e5r. Nytt f\u00e4ste som \u00e4r l\u00e4ttare att justera \u00e4n det gamla.<\/p>\n<p>Som vanligt n\u00e4r det g\u00e4ller Vision X \u00e4r de riktigt heavy duty konstruerade i rej\u00e4l aluminium samt skyddad elektronik skaktestat upp till 15,6 G-krafter rms!<br \/>Stenskott-t\u00e5ligt polykarbonat-glas som inte g\u00e5r s\u00f6nder i f\u00f6rsta taget och en \u00e5ldersbest\u00e4ndig silikont\u00e4tning som vatten utanf\u00f6r lampan \u00e4ven n\u00e4r du tv\u00e4ttar med h\u00f6gtryckstv\u00e4tten-<\/p>\n<p><strong>Data:<br \/><\/strong>R\u00e4ckvidd: 1 lux @ 915m, 0,25 lux @ 1830m<br \/>R\u00e5a lumen: 4000<br \/>Effektiva lumen: 2800<br \/>Watt: 70W<br \/>Str\u00f6mf\u00f6rbrukning: 5.83A @ 12V, 2.915A @ 24V<br \/>Lysdiod: 1st 70W Luminus LED<br \/>Vikt: 2.6 kg<br \/>Reflektor: Patenterad IRIS Reflektor-teknologi<br \/>Drivteknik: Prime Drive f\u00f6r \u00f6kad tillf\u00f6rlitlighet och livsl\u00e4ngd<br \/>Integrerat elektroniskt \u00f6verhettningsskydd<br \/>Lins: N\u00e4stintill okrossbar polykarbonatlins<br \/>Kapslingsklass: IP68 + IP69K<br \/>Kontakt: Vattent\u00e4t plug-n-play (Deutsch DT kontakt)<br \/>Diameter: 185,3mm (inkl f\u00e4stet)<br \/>Djup: 136,4mm<br \/>Total h\u00f6jd med fot: 180mm<br \/>Ljusbild: 10\u00b0 Spot (k\u00f6p till lins f\u00f6r \u00e4ndrad ljusbild)<\/p>\n<p>Detta artikelnummer \u00e4r f\u00f6r 1 st. Light Cannon lampa. <br \/>Light Cannon s\u00e4ljs \u00e4ven parvis med installations kablage inkluderat.<br \/><strong>Art nr:CG2-CPZ610KIT<br \/><img loading=\"lazy\" decoding=\"async\" class=\"\" src=\"https:\/\/www.rindab.se\/wp-content\/uploads\/2021\/01\/CG2-CPZ810KIT_6.jpg\" alt=\"\" width=\"402\" height=\"232\"><br \/><\/strong><\/p>\n","protected":false},"featured_media":14080,"comment_status":"closed","ping_status":"open","template":"","meta":{"editor_notices":[]},"product_brand":[],"product_cat":[35],"product_tag":[],"class_list":{"0":"post-13048","1":"product","2":"type-product","3":"status-publish","4":"has-post-thumbnail","6":"product_cat-cg2-cannon","7":"resize-featured-image","8":"","9":"woocommerce-text-align-left","10":"woocommerce-image-align-center","12":"first","13":"instock","14":"taxable","15":"shipping-taxable","16":"product-type-simple"},"yoast_head":"<!-- This site is optimized with the Yoast SEO Premium plugin v25.0 (Yoast SEO v25.0) - https:\/\/yoast.com\/wordpress\/plugins\/seo\/ -->\n<title>VISION X LIGHT CANNON 6.7&quot; CG2 70W 10\u00b0 LED EXTRALJUS - Vision X Europe<\/title>\n<meta name=\"robots\" content=\"index, follow, max-snippet:-1, max-image-preview:large, max-video-preview:-1\" \/>\n<link rel=\"canonical\" href=\"https:\/\/www.visionxeurope.com\/se\/webbutik\/vision-x-light-cannon-6-7-cg2-70w-10-led-extraljus\/\" \/>\n<meta property=\"og:locale\" content=\"sv_SE\" \/>\n<meta property=\"og:type\" content=\"article\" \/>\n<meta property=\"og:title\" content=\"VISION X LIGHT CANNON 6.7&quot; CG2 70W 10\u00b0 LED EXTRALJUS\" \/>\n<meta property=\"og:description\" content=\"Vision X Light Cannon 6,7&#8243; GenII med en enda 70W lysdiod har en extremt h\u00f6g intensitet med sv\u00e5rslagen r\u00e4ckvidd bland LED extraljusen och i f\u00f6rh\u00e5llande till sin l\u00e5ga diameter! N\u00e4r de flesta LED extraljus har sv\u00e5rt att n\u00e5 l\u00e4ngre \u00e4n traditionella halogenljus n\u00e5r dessa hela 915 meters r\u00e4ckvidd vid 1 lux eller 1830 meters r\u00e4ckvidd vid 0,25 lux. Otrolig r\u00e4ckvidd i f\u00f6rh\u00e5llande till sin effekt tack vare top-BIN Luminus diod v\u00e4ldigt h\u00f6g lumen p\u00e5 liten samt en djup, stor reflektor runtomkring den. Ny ytbehandling samt kompositfront som t\u00e5l v\u00e5rt tuffa klimat med salt och bl\u00e4string s\u00e5 de h\u00e5ller sig snygga i m\u00e5nga \u00e5r. Nytt f\u00e4ste som \u00e4r l\u00e4ttare att justera \u00e4n det gamla. Som vanligt n\u00e4r det g\u00e4ller Vision X \u00e4r de riktigt heavy duty konstruerade i rej\u00e4l aluminium samt skyddad elektronik skaktestat upp till 15,6 G-krafter rms!Stenskott-t\u00e5ligt polykarbonat-glas som inte g\u00e5r s\u00f6nder i f\u00f6rsta taget och en \u00e5ldersbest\u00e4ndig silikont\u00e4tning som vatten utanf\u00f6r lampan \u00e4ven n\u00e4r du tv\u00e4ttar med h\u00f6gtryckstv\u00e4tten- Data:R\u00e4ckvidd: 1 lux @ 915m, 0,25 lux @ 1830mR\u00e5a lumen: 4000Effektiva lumen: 2800Watt: 70WStr\u00f6mf\u00f6rbrukning: 5.83A @ 12V, 2.915A @ 24VLysdiod: 1st 70W Luminus LEDVikt: 2.6 kgReflektor: Patenterad IRIS Reflektor-teknologiDrivteknik: Prime Drive f\u00f6r \u00f6kad tillf\u00f6rlitlighet och livsl\u00e4ngdIntegrerat elektroniskt \u00f6verhettningsskyddLins: N\u00e4stintill okrossbar polykarbonatlinsKapslingsklass: IP68 + IP69KKontakt: Vattent\u00e4t plug-n-play (Deutsch DT kontakt)Diameter: 185,3mm (inkl f\u00e4stet)Djup: 136,4mmTotal h\u00f6jd med fot: 180mmLjusbild: 10\u00b0 Spot (k\u00f6p till lins f\u00f6r \u00e4ndrad ljusbild) Detta artikelnummer \u00e4r f\u00f6r 1 st. Light Cannon lampa. Light Cannon s\u00e4ljs \u00e4ven parvis med installations kablage inkluderat.Art nr:CG2-CPZ610KIT\" \/>\n<meta property=\"og:url\" content=\"https:\/\/www.visionxeurope.com\/se\/webbutik\/vision-x-light-cannon-6-7-cg2-70w-10-led-extraljus\/\" \/>\n<meta property=\"og:site_name\" content=\"Vision X Europe\" \/>\n<meta property=\"article:publisher\" content=\"https:\/\/www.facebook.com\/visionxeurope\" \/>\n<meta property=\"article:modified_time\" content=\"2026-03-04T10:46:24+00:00\" \/>\n<meta property=\"og:image\" content=\"https:\/\/www.visionxeurope.com\/se\/wp-content\/uploads\/sites\/7\/2022\/04\/CG2-CPZ610.jpg\" \/>\n\t<meta property=\"og:image:width\" content=\"450\" \/>\n\t<meta property=\"og:image:height\" content=\"450\" \/>\n\t<meta property=\"og:image:type\" content=\"image\/jpeg\" \/>\n<meta name=\"twitter:card\" content=\"summary_large_image\" \/>\n<meta name=\"twitter:label1\" content=\"Pris\" \/>\n\t<meta name=\"twitter:data1\" content=\"5 564,00&nbsp;&#107;&#114; exkl. moms\" \/>\n\t<meta name=\"twitter:label2\" content=\"Tillg\u00e4nglig\" \/>\n\t<meta name=\"twitter:data2\" content=\"I lager\" \/>\n<script type=\"application\/ld+json\" class=\"yoast-schema-graph\">{\"@context\":\"https:\/\/schema.org\",\"@graph\":[{\"@type\":\"WebPage\",\"@id\":\"https:\/\/www.visionxeurope.com\/se\/webbutik\/vision-x-light-cannon-6-7-cg2-70w-10-led-extraljus\/\",\"url\":\"https:\/\/www.visionxeurope.com\/se\/webbutik\/vision-x-light-cannon-6-7-cg2-70w-10-led-extraljus\/\",\"name\":\"VISION X LIGHT CANNON 6.7\\\" CG2 70W 10\u00b0 LED EXTRALJUS - Vision X Europe\",\"isPartOf\":{\"@id\":\"https:\/\/www.visionxeurope.com\/se\/#website\"},\"primaryImageOfPage\":{\"@id\":\"https:\/\/www.visionxeurope.com\/se\/webbutik\/vision-x-light-cannon-6-7-cg2-70w-10-led-extraljus\/#primaryimage\"},\"image\":{\"@id\":\"https:\/\/www.visionxeurope.com\/se\/webbutik\/vision-x-light-cannon-6-7-cg2-70w-10-led-extraljus\/#primaryimage\"},\"thumbnailUrl\":\"https:\/\/www.visionxeurope.com\/se\/wp-content\/uploads\/sites\/7\/2022\/04\/CG2-CPZ610.jpg\",\"datePublished\":\"2017-12-27T14:02:18+00:00\",\"dateModified\":\"2026-03-04T10:46:24+00:00\",\"breadcrumb\":{\"@id\":\"https:\/\/www.visionxeurope.com\/se\/webbutik\/vision-x-light-cannon-6-7-cg2-70w-10-led-extraljus\/#breadcrumb\"},\"inLanguage\":\"sv-SE\",\"potentialAction\":[{\"@type\":\"ReadAction\",\"target\":[\"https:\/\/www.visionxeurope.com\/se\/webbutik\/vision-x-light-cannon-6-7-cg2-70w-10-led-extraljus\/\"]}]},{\"@type\":\"ImageObject\",\"inLanguage\":\"sv-SE\",\"@id\":\"https:\/\/www.visionxeurope.com\/se\/webbutik\/vision-x-light-cannon-6-7-cg2-70w-10-led-extraljus\/#primaryimage\",\"url\":\"https:\/\/www.visionxeurope.com\/se\/wp-content\/uploads\/sites\/7\/2022\/04\/CG2-CPZ610.jpg\",\"contentUrl\":\"https:\/\/www.visionxeurope.com\/se\/wp-content\/uploads\/sites\/7\/2022\/04\/CG2-CPZ610.jpg\",\"width\":450,\"height\":450},{\"@type\":\"BreadcrumbList\",\"@id\":\"https:\/\/www.visionxeurope.com\/se\/webbutik\/vision-x-light-cannon-6-7-cg2-70w-10-led-extraljus\/#breadcrumb\",\"itemListElement\":[{\"@type\":\"ListItem\",\"position\":1,\"name\":\"Hem\",\"item\":\"https:\/\/www.visionxeurope.com\/se\/\"},{\"@type\":\"ListItem\",\"position\":2,\"name\":\"Webbutik\",\"item\":\"https:\/\/www.visionxeurope.com\/se\/webbutik\/\"},{\"@type\":\"ListItem\",\"position\":3,\"name\":\"VISION X LIGHT CANNON 6.7&#8243; CG2 70W 10\u00b0 LED EXTRALJUS\"}]},{\"@type\":\"WebSite\",\"@id\":\"https:\/\/www.visionxeurope.com\/se\/#website\",\"url\":\"https:\/\/www.visionxeurope.com\/se\/\",\"name\":\"Vision X Europe\",\"description\":\"\",\"publisher\":{\"@id\":\"https:\/\/www.visionxeurope.com\/se\/#organization\"},\"potentialAction\":[{\"@type\":\"SearchAction\",\"target\":{\"@type\":\"EntryPoint\",\"urlTemplate\":\"https:\/\/www.visionxeurope.com\/se\/?s={search_term_string}\"},\"query-input\":{\"@type\":\"PropertyValueSpecification\",\"valueRequired\":true,\"valueName\":\"search_term_string\"}}],\"inLanguage\":\"sv-SE\"},{\"@type\":\"Organization\",\"@id\":\"https:\/\/www.visionxeurope.com\/se\/#organization\",\"name\":\"Vision X Europe\",\"url\":\"https:\/\/www.visionxeurope.com\/se\/\",\"logo\":{\"@type\":\"ImageObject\",\"inLanguage\":\"sv-SE\",\"@id\":\"https:\/\/www.visionxeurope.com\/se\/#\/schema\/logo\/image\/\",\"url\":\"https:\/\/www.visionxeurope.com\/se\/wp-content\/uploads\/sites\/7\/2021\/04\/visionxeurope.png\",\"contentUrl\":\"https:\/\/www.visionxeurope.com\/se\/wp-content\/uploads\/sites\/7\/2021\/04\/visionxeurope.png\",\"width\":300,\"height\":110,\"caption\":\"Vision X Europe\"},\"image\":{\"@id\":\"https:\/\/www.visionxeurope.com\/se\/#\/schema\/logo\/image\/\"},\"sameAs\":[\"https:\/\/www.facebook.com\/visionxeurope\",\"https:\/\/www.instagram.com\/visionxeurope\/\"]}]}<\/script>\n<meta property=\"product:price:amount\" content=\"5564.00\" \/>\n<meta property=\"product:price:currency\" content=\"SEK\" \/>\n<meta property=\"og:availability\" content=\"instock\" \/>\n<meta property=\"product:availability\" content=\"instock\" \/>\n<meta property=\"product:retailer_item_id\" content=\"CG2-CPZ610\" \/>\n<meta property=\"product:condition\" content=\"new\" \/>\n<!-- \/ Yoast SEO Premium plugin. -->","yoast_head_json":{"title":"VISION X LIGHT CANNON 6.7\" CG2 70W 10\u00b0 LED EXTRALJUS - Vision X Europe","robots":{"index":"index","follow":"follow","max-snippet":"max-snippet:-1","max-image-preview":"max-image-preview:large","max-video-preview":"max-video-preview:-1"},"canonical":"https:\/\/www.visionxeurope.com\/se\/webbutik\/vision-x-light-cannon-6-7-cg2-70w-10-led-extraljus\/","og_locale":"sv_SE","og_type":"article","og_title":"VISION X LIGHT CANNON 6.7\" CG2 70W 10\u00b0 LED EXTRALJUS","og_description":"Vision X Light Cannon 6,7&#8243; GenII med en enda 70W lysdiod har en extremt h\u00f6g intensitet med sv\u00e5rslagen r\u00e4ckvidd bland LED extraljusen och i f\u00f6rh\u00e5llande till sin l\u00e5ga diameter! N\u00e4r de flesta LED extraljus har sv\u00e5rt att n\u00e5 l\u00e4ngre \u00e4n traditionella halogenljus n\u00e5r dessa hela 915 meters r\u00e4ckvidd vid 1 lux eller 1830 meters r\u00e4ckvidd vid 0,25 lux. Otrolig r\u00e4ckvidd i f\u00f6rh\u00e5llande till sin effekt tack vare top-BIN Luminus diod v\u00e4ldigt h\u00f6g lumen p\u00e5 liten samt en djup, stor reflektor runtomkring den. Ny ytbehandling samt kompositfront som t\u00e5l v\u00e5rt tuffa klimat med salt och bl\u00e4string s\u00e5 de h\u00e5ller sig snygga i m\u00e5nga \u00e5r. Nytt f\u00e4ste som \u00e4r l\u00e4ttare att justera \u00e4n det gamla. Som vanligt n\u00e4r det g\u00e4ller Vision X \u00e4r de riktigt heavy duty konstruerade i rej\u00e4l aluminium samt skyddad elektronik skaktestat upp till 15,6 G-krafter rms!Stenskott-t\u00e5ligt polykarbonat-glas som inte g\u00e5r s\u00f6nder i f\u00f6rsta taget och en \u00e5ldersbest\u00e4ndig silikont\u00e4tning som vatten utanf\u00f6r lampan \u00e4ven n\u00e4r du tv\u00e4ttar med h\u00f6gtryckstv\u00e4tten- Data:R\u00e4ckvidd: 1 lux @ 915m, 0,25 lux @ 1830mR\u00e5a lumen: 4000Effektiva lumen: 2800Watt: 70WStr\u00f6mf\u00f6rbrukning: 5.83A @ 12V, 2.915A @ 24VLysdiod: 1st 70W Luminus LEDVikt: 2.6 kgReflektor: Patenterad IRIS Reflektor-teknologiDrivteknik: Prime Drive f\u00f6r \u00f6kad tillf\u00f6rlitlighet och livsl\u00e4ngdIntegrerat elektroniskt \u00f6verhettningsskyddLins: N\u00e4stintill okrossbar polykarbonatlinsKapslingsklass: IP68 + IP69KKontakt: Vattent\u00e4t plug-n-play (Deutsch DT kontakt)Diameter: 185,3mm (inkl f\u00e4stet)Djup: 136,4mmTotal h\u00f6jd med fot: 180mmLjusbild: 10\u00b0 Spot (k\u00f6p till lins f\u00f6r \u00e4ndrad ljusbild) Detta artikelnummer \u00e4r f\u00f6r 1 st. Light Cannon lampa. Light Cannon s\u00e4ljs \u00e4ven parvis med installations kablage inkluderat.Art nr:CG2-CPZ610KIT","og_url":"https:\/\/www.visionxeurope.com\/se\/webbutik\/vision-x-light-cannon-6-7-cg2-70w-10-led-extraljus\/","og_site_name":"Vision X Europe","article_publisher":"https:\/\/www.facebook.com\/visionxeurope","article_modified_time":"2026-03-04T10:46:24+00:00","og_image":[{"width":450,"height":450,"url":"https:\/\/www.visionxeurope.com\/se\/wp-content\/uploads\/sites\/7\/2022\/04\/CG2-CPZ610.jpg","type":"image\/jpeg"}],"twitter_card":"summary_large_image","twitter_misc":{"Pris":"5 564,00&nbsp;&#107;&#114; exkl. moms","Tillg\u00e4nglig":"I lager"},"schema":{"@context":"https:\/\/schema.org","@graph":[{"@type":"WebPage","@id":"https:\/\/www.visionxeurope.com\/se\/webbutik\/vision-x-light-cannon-6-7-cg2-70w-10-led-extraljus\/","url":"https:\/\/www.visionxeurope.com\/se\/webbutik\/vision-x-light-cannon-6-7-cg2-70w-10-led-extraljus\/","name":"VISION X LIGHT CANNON 6.7\" CG2 70W 10\u00b0 LED EXTRALJUS - Vision X Europe","isPartOf":{"@id":"https:\/\/www.visionxeurope.com\/se\/#website"},"primaryImageOfPage":{"@id":"https:\/\/www.visionxeurope.com\/se\/webbutik\/vision-x-light-cannon-6-7-cg2-70w-10-led-extraljus\/#primaryimage"},"image":{"@id":"https:\/\/www.visionxeurope.com\/se\/webbutik\/vision-x-light-cannon-6-7-cg2-70w-10-led-extraljus\/#primaryimage"},"thumbnailUrl":"https:\/\/www.visionxeurope.com\/se\/wp-content\/uploads\/sites\/7\/2022\/04\/CG2-CPZ610.jpg","datePublished":"2017-12-27T14:02:18+00:00","dateModified":"2026-03-04T10:46:24+00:00","breadcrumb":{"@id":"https:\/\/www.visionxeurope.com\/se\/webbutik\/vision-x-light-cannon-6-7-cg2-70w-10-led-extraljus\/#breadcrumb"},"inLanguage":"sv-SE","potentialAction":[{"@type":"ReadAction","target":["https:\/\/www.visionxeurope.com\/se\/webbutik\/vision-x-light-cannon-6-7-cg2-70w-10-led-extraljus\/"]}]},{"@type":"ImageObject","inLanguage":"sv-SE","@id":"https:\/\/www.visionxeurope.com\/se\/webbutik\/vision-x-light-cannon-6-7-cg2-70w-10-led-extraljus\/#primaryimage","url":"https:\/\/www.visionxeurope.com\/se\/wp-content\/uploads\/sites\/7\/2022\/04\/CG2-CPZ610.jpg","contentUrl":"https:\/\/www.visionxeurope.com\/se\/wp-content\/uploads\/sites\/7\/2022\/04\/CG2-CPZ610.jpg","width":450,"height":450},{"@type":"BreadcrumbList","@id":"https:\/\/www.visionxeurope.com\/se\/webbutik\/vision-x-light-cannon-6-7-cg2-70w-10-led-extraljus\/#breadcrumb","itemListElement":[{"@type":"ListItem","position":1,"name":"Hem","item":"https:\/\/www.visionxeurope.com\/se\/"},{"@type":"ListItem","position":2,"name":"Webbutik","item":"https:\/\/www.visionxeurope.com\/se\/webbutik\/"},{"@type":"ListItem","position":3,"name":"VISION X LIGHT CANNON 6.7&#8243; CG2 70W 10\u00b0 LED EXTRALJUS"}]},{"@type":"WebSite","@id":"https:\/\/www.visionxeurope.com\/se\/#website","url":"https:\/\/www.visionxeurope.com\/se\/","name":"Vision X Europe","description":"","publisher":{"@id":"https:\/\/www.visionxeurope.com\/se\/#organization"},"potentialAction":[{"@type":"SearchAction","target":{"@type":"EntryPoint","urlTemplate":"https:\/\/www.visionxeurope.com\/se\/?s={search_term_string}"},"query-input":{"@type":"PropertyValueSpecification","valueRequired":true,"valueName":"search_term_string"}}],"inLanguage":"sv-SE"},{"@type":"Organization","@id":"https:\/\/www.visionxeurope.com\/se\/#organization","name":"Vision X Europe","url":"https:\/\/www.visionxeurope.com\/se\/","logo":{"@type":"ImageObject","inLanguage":"sv-SE","@id":"https:\/\/www.visionxeurope.com\/se\/#\/schema\/logo\/image\/","url":"https:\/\/www.visionxeurope.com\/se\/wp-content\/uploads\/sites\/7\/2021\/04\/visionxeurope.png","contentUrl":"https:\/\/www.visionxeurope.com\/se\/wp-content\/uploads\/sites\/7\/2021\/04\/visionxeurope.png","width":300,"height":110,"caption":"Vision X Europe"},"image":{"@id":"https:\/\/www.visionxeurope.com\/se\/#\/schema\/logo\/image\/"},"sameAs":["https:\/\/www.facebook.com\/visionxeurope","https:\/\/www.instagram.com\/visionxeurope\/"]}]},"product_price_amount":"5564.00","product_price_currency":"SEK","og_availability":"instock","product_availability":"instock","product_retailer_item_id":"CG2-CPZ610","product_condition":"new"},"_links":{"self":[{"href":"https:\/\/www.visionxeurope.com\/se\/wp-json\/wp\/v2\/product\/13048","targetHints":{"allow":["GET"]}}],"collection":[{"href":"https:\/\/www.visionxeurope.com\/se\/wp-json\/wp\/v2\/product"}],"about":[{"href":"https:\/\/www.visionxeurope.com\/se\/wp-json\/wp\/v2\/types\/product"}],"replies":[{"embeddable":true,"href":"https:\/\/www.visionxeurope.com\/se\/wp-json\/wp\/v2\/comments?post=13048"}],"wp:featuredmedia":[{"embeddable":true,"href":"https:\/\/www.visionxeurope.com\/se\/wp-json\/wp\/v2\/media\/14080"}],"wp:attachment":[{"href":"https:\/\/www.visionxeurope.com\/se\/wp-json\/wp\/v2\/media?parent=13048"}],"wp:term":[{"taxonomy":"product_brand","embeddable":true,"href":"https:\/\/www.visionxeurope.com\/se\/wp-json\/wp\/v2\/product_brand?post=13048"},{"taxonomy":"product_cat","embeddable":true,"href":"https:\/\/www.visionxeurope.com\/se\/wp-json\/wp\/v2\/product_cat?post=13048"},{"taxonomy":"product_tag","embeddable":true,"href":"https:\/\/www.visionxeurope.com\/se\/wp-json\/wp\/v2\/product_tag?post=13048"}],"curies":[{"name":"wp","href":"https:\/\/api.w.org\/{rel}","templated":true}]}}