{"id":13038,"date":"2018-10-11T12:56:29","date_gmt":"2018-10-11T10:56:29","guid":{"rendered":"https:\/\/www.visionxeurope.com\/se\/produkt\/vision-x-light-cannon-37-cg2-21w-3-led-extraljus\/"},"modified":"2026-01-08T18:30:26","modified_gmt":"2026-01-08T17:30:26","slug":"vision-x-light-cannon-37-cg2-21w-3-led-extraljus","status":"publish","type":"product","link":"https:\/\/www.visionxeurope.com\/se\/webbutik\/vision-x-light-cannon-37-cg2-21w-3-led-extraljus\/","title":{"rendered":"VISION X LIGHT CANNON 3,7&#8243; CG2 21W 3 LED EXTRALJUS"},"content":{"rendered":"<p><\/p>\n<p>Light Cannon CG2 \u00e4r vidareutvecklingen av den ursprungliga Light Cannon fr\u00e5n Vision X. Lamporna har f\u00f6rb\u00e4ttrats p\u00e5 en rad punkter, men framf\u00f6r allt har de blivit mindre och l\u00e4ttare samtidigt som effekten har \u00f6kat.<\/p>\n<p><\/p>\n<p><\/p>\n<p>Light Cannon CG2 Multi LED anv\u00e4nder sig av avancerad reflektorteknik och sn\u00e4va toleranser f\u00f6r att uppn\u00e5 \u00f6nskade egenskaper. F\u00f6r ett bredare och j\u00e4mnare f\u00f6rdelat ljus med lite kortare r\u00e4ckvidd, v\u00e4lj multi-LED.<\/p>\n<p><\/p>\n<p><\/p>\n<div class=\"wp-block-image\">\n<figure class=\"aligncenter size-full\"><a href=\"https:\/\/www.visionxeurope.com\/se\/wp-content\/uploads\/sites\/7\/2022\/04\/Cannon-Gen-2-Single-Graph-png.png\"><img decoding=\"async\" src=\"https:\/\/www.visionxeurope.com\/se\/wp-content\/uploads\/sites\/7\/2022\/04\/Cannon-Gen-2-Single-Graph-png.png\" alt=\"\" class=\"wp-image-24631\" \/><\/a><\/figure>\n<\/div>\n<p><\/p>\n<p><\/p>\n<p>Ett genomt\u00e4nkt och bepr\u00f6vat kylsystem s\u00e4kerst\u00e4ller sval och p\u00e5litlig funktion under l\u00e5nga arbetspass. Den robusta lamph\u00e5llarbygeln av st\u00e5l har 45\u00b0 horisontell finjustering med ett stabilt l\u00e5ssystem. Kapslingsklass IP68 \/ IP69K inneb\u00e4r att lampan \u00f6verlever \u00e4ven de mest extrema f\u00f6rh\u00e5llanden.<\/p>\n<p><\/p>\n<p><\/p>\n<p><strong><br \/>Data:<\/strong><br \/>R\u00e5a lumen: 2250<br \/>E-godk\u00e4nd: Nej<br \/>Effektiva lumen: 1575<br \/>Watt: 21W<br \/>Str\u00f6mf\u00f6rbrukning: 1.75A @ 12V, 0.9A @ 24V<br \/>Lysdiod: 3st 7W LED<br \/>Reflektor: Patenterad IRIS Reflektor-teknologi<br \/>Drivteknik: Prime Drive f\u00f6r \u00f6kad tillf\u00f6rlitlighet och livsl\u00e4ngd<br \/>Integrerat elektroniskt \u00f6verhettningsskydd<br \/>Lins: N\u00e4stintill okrossbar polykarbonatlins<br \/>Kapslingsklass: IP68 + IP69K<br \/>Kontakt: Vattent\u00e4t plug-n-play (Deutsch DT kontakt)<br \/>Diameter: 137.6mm (inkl f\u00e4stet)<br \/>Djup: 9.6 cm<br \/>H\u00f6jd: 9.5 cm<br \/>Ljusbild: blandning mellan spot och flood.<\/p>\n<p><\/p>\n<p><\/p>\n<p>Detta artikelnummer \u00e4r f\u00f6r 1 st. Light Cannon lampa.<br \/>Light Cannon s\u00e4ljs \u00e4ven parvis med installations kablage inkluderat.<br \/><strong>Art nr:CG2-CPM310KIT<\/strong><\/p>\n<p><\/p>","protected":false},"excerpt":{"rendered":"<p>Light Cannon CG2 \u00e4r vidareutvecklingen av den ursprungliga Light Cannon fr\u00e5n Vision X. Lamporna har f\u00f6rb\u00e4ttrats p\u00e5 en rad punkter, men framf\u00f6r allt har de blivit mindre och l\u00e4ttare samtidigt som effekten har \u00f6kat.<\/p>\n<p>Light Cannon CG2 Multi LED anv\u00e4nder sig av avancerad reflektorteknik och sn\u00e4va toleranser f\u00f6r att uppn\u00e5 \u00f6nskade egenskaper. F\u00f6r ett bredare och j\u00e4mnare f\u00f6rdelat ljus med lite kortare r\u00e4ckvidd, v\u00e4lj multi-LED.<\/p>\n<div class=\"wp-block-image\">\n<figure class=\"aligncenter size-full\"><a href=\"https:\/\/www.rindab.se\/wp-content\/uploads\/2018\/10\/Cannon-Gen-2-Single-Graph-png.png\"><img decoding=\"async\" src=\"https:\/\/www.rindab.se\/wp-content\/uploads\/2018\/10\/Cannon-Gen-2-Single-Graph-png.png\" alt=\"\" class=\"wp-image-24631\" \/><\/a><\/figure>\n<\/div>\n<p>Ett genomt\u00e4nkt och bepr\u00f6vat kylsystem s\u00e4kerst\u00e4ller sval och p\u00e5litlig funktion under l\u00e5nga arbetspass. Den robusta lamph\u00e5llarbygeln av st\u00e5l har 45\u00b0 horisontell finjustering med ett stabilt l\u00e5ssystem. Kapslingsklass IP68 \/ IP69K inneb\u00e4r att lampan \u00f6verlever \u00e4ven de mest extrema f\u00f6rh\u00e5llanden.<\/p>\n<p><strong><br \/>Data:<\/strong><br \/>R\u00e5a lumen: 2250<br \/>E-godk\u00e4nd: Nej<br \/>Effektiva lumen: 1575<br \/>Watt: 21W<br \/>Str\u00f6mf\u00f6rbrukning: 1.75A @ 12V, 0.9A @ 24V<br \/>Lysdiod: 3st 7W LED<br \/>Reflektor: Patenterad IRIS Reflektor-teknologi<br \/>Drivteknik: Prime Drive f\u00f6r \u00f6kad tillf\u00f6rlitlighet och livsl\u00e4ngd<br \/>Integrerat elektroniskt \u00f6verhettningsskydd<br \/>Lins: N\u00e4stintill okrossbar polykarbonatlins<br \/>Kapslingsklass: IP68 + IP69K<br \/>Kontakt: Vattent\u00e4t plug-n-play (Deutsch DT kontakt)<br \/>Diameter: 137.6mm (inkl f\u00e4stet)<br \/>Djup: 9.6 cm<br \/>H\u00f6jd: 9.5 cm<br \/>Ljusbild: blandning mellan spot och flood.<\/p>\n<p>Detta artikelnummer \u00e4r f\u00f6r 1 st. Light Cannon lampa.<br \/>Light Cannon s\u00e4ljs \u00e4ven parvis med installations kablage inkluderat.<br \/><strong>Art nr:CG2-CPM310KIT<\/strong><\/p>\n","protected":false},"featured_media":4486,"comment_status":"open","ping_status":"open","template":"","meta":{"editor_notices":[]},"product_brand":[],"product_cat":[35],"product_tag":[],"class_list":{"0":"post-13038","1":"product","2":"type-product","3":"status-publish","4":"has-post-thumbnail","6":"product_cat-cg2-cannon","7":"resize-featured-image","8":"","9":"woocommerce-text-align-left","10":"woocommerce-image-align-center","12":"first","13":"instock","14":"taxable","15":"shipping-taxable","16":"product-type-simple"},"yoast_head":"<!-- This site is optimized with the Yoast SEO Premium plugin v25.0 (Yoast SEO v25.0) - https:\/\/yoast.com\/wordpress\/plugins\/seo\/ -->\n<title>VISION X LIGHT CANNON 3,7&quot; CG2 21W 3 LED EXTRALJUS - Vision X Europe<\/title>\n<meta name=\"robots\" content=\"index, follow, max-snippet:-1, max-image-preview:large, max-video-preview:-1\" \/>\n<link rel=\"canonical\" href=\"https:\/\/www.visionxeurope.com\/se\/webbutik\/vision-x-light-cannon-37-cg2-21w-3-led-extraljus\/\" \/>\n<meta property=\"og:locale\" content=\"sv_SE\" \/>\n<meta property=\"og:type\" content=\"article\" \/>\n<meta property=\"og:title\" content=\"VISION X LIGHT CANNON 3,7&quot; CG2 21W 3 LED EXTRALJUS\" \/>\n<meta property=\"og:description\" content=\"Light Cannon CG2 \u00e4r vidareutvecklingen av den ursprungliga Light Cannon fr\u00e5n Vision X. Lamporna har f\u00f6rb\u00e4ttrats p\u00e5 en rad punkter, men framf\u00f6r allt har de blivit mindre och l\u00e4ttare samtidigt som effekten har \u00f6kat. Light Cannon CG2 Multi LED anv\u00e4nder sig av avancerad reflektorteknik och sn\u00e4va toleranser f\u00f6r att uppn\u00e5 \u00f6nskade egenskaper. F\u00f6r ett bredare och j\u00e4mnare f\u00f6rdelat ljus med lite kortare r\u00e4ckvidd, v\u00e4lj multi-LED.  Ett genomt\u00e4nkt och bepr\u00f6vat kylsystem s\u00e4kerst\u00e4ller sval och p\u00e5litlig funktion under l\u00e5nga arbetspass. Den robusta lamph\u00e5llarbygeln av st\u00e5l har 45\u00b0 horisontell finjustering med ett stabilt l\u00e5ssystem. Kapslingsklass IP68 \/ IP69K inneb\u00e4r att lampan \u00f6verlever \u00e4ven de mest extrema f\u00f6rh\u00e5llanden. Data:R\u00e5a lumen: 2250E-godk\u00e4nd: NejEffektiva lumen: 1575Watt: 21WStr\u00f6mf\u00f6rbrukning: 1.75A @ 12V, 0.9A @ 24VLysdiod: 3st 7W LEDReflektor: Patenterad IRIS Reflektor-teknologiDrivteknik: Prime Drive f\u00f6r \u00f6kad tillf\u00f6rlitlighet och livsl\u00e4ngdIntegrerat elektroniskt \u00f6verhettningsskyddLins: N\u00e4stintill okrossbar polykarbonatlinsKapslingsklass: IP68 + IP69KKontakt: Vattent\u00e4t plug-n-play (Deutsch DT kontakt)Diameter: 137.6mm (inkl f\u00e4stet)Djup: 9.6 cmH\u00f6jd: 9.5 cmLjusbild: blandning mellan spot och flood. Detta artikelnummer \u00e4r f\u00f6r 1 st. Light Cannon lampa.Light Cannon s\u00e4ljs \u00e4ven parvis med installations kablage inkluderat.Art nr:CG2-CPM310KIT\" \/>\n<meta property=\"og:url\" content=\"https:\/\/www.visionxeurope.com\/se\/webbutik\/vision-x-light-cannon-37-cg2-21w-3-led-extraljus\/\" \/>\n<meta property=\"og:site_name\" content=\"Vision X Europe\" \/>\n<meta property=\"article:publisher\" content=\"https:\/\/www.facebook.com\/visionxeurope\" \/>\n<meta property=\"article:modified_time\" content=\"2026-01-08T17:30:26+00:00\" \/>\n<meta property=\"og:image\" content=\"https:\/\/www.rindab.se\/wp-content\/uploads\/sites\/7\/2021\/05\/CG2-CPM310.jpg\" \/>\n\t<meta property=\"og:image:width\" content=\"450\" \/>\n\t<meta property=\"og:image:height\" content=\"450\" \/>\n\t<meta property=\"og:image:type\" content=\"image\/jpeg\" \/>\n<meta name=\"twitter:card\" content=\"summary_large_image\" \/>\n<meta name=\"twitter:label1\" content=\"Pris\" \/>\n\t<meta name=\"twitter:data1\" content=\"1 607,00&nbsp;&#107;&#114; exkl. moms\" \/>\n\t<meta name=\"twitter:label2\" content=\"Tillg\u00e4nglig\" \/>\n\t<meta name=\"twitter:data2\" content=\"I lager\" \/>\n<script type=\"application\/ld+json\" class=\"yoast-schema-graph\">{\"@context\":\"https:\/\/schema.org\",\"@graph\":[{\"@type\":\"WebPage\",\"@id\":\"https:\/\/www.visionxeurope.com\/se\/webbutik\/vision-x-light-cannon-37-cg2-21w-3-led-extraljus\/\",\"url\":\"https:\/\/www.visionxeurope.com\/se\/webbutik\/vision-x-light-cannon-37-cg2-21w-3-led-extraljus\/\",\"name\":\"VISION X LIGHT CANNON 3,7\\\" CG2 21W 3 LED EXTRALJUS - Vision X Europe\",\"isPartOf\":{\"@id\":\"https:\/\/www.visionxeurope.com\/se\/#website\"},\"primaryImageOfPage\":{\"@id\":\"https:\/\/www.visionxeurope.com\/se\/webbutik\/vision-x-light-cannon-37-cg2-21w-3-led-extraljus\/#primaryimage\"},\"image\":{\"@id\":\"https:\/\/www.visionxeurope.com\/se\/webbutik\/vision-x-light-cannon-37-cg2-21w-3-led-extraljus\/#primaryimage\"},\"thumbnailUrl\":\"https:\/\/www.visionxeurope.com\/se\/wp-content\/uploads\/sites\/7\/2021\/05\/CG2-CPM310.jpg\",\"datePublished\":\"2018-10-11T10:56:29+00:00\",\"dateModified\":\"2026-01-08T17:30:26+00:00\",\"breadcrumb\":{\"@id\":\"https:\/\/www.visionxeurope.com\/se\/webbutik\/vision-x-light-cannon-37-cg2-21w-3-led-extraljus\/#breadcrumb\"},\"inLanguage\":\"sv-SE\",\"potentialAction\":[{\"@type\":\"ReadAction\",\"target\":[\"https:\/\/www.visionxeurope.com\/se\/webbutik\/vision-x-light-cannon-37-cg2-21w-3-led-extraljus\/\"]}]},{\"@type\":\"ImageObject\",\"inLanguage\":\"sv-SE\",\"@id\":\"https:\/\/www.visionxeurope.com\/se\/webbutik\/vision-x-light-cannon-37-cg2-21w-3-led-extraljus\/#primaryimage\",\"url\":\"https:\/\/www.visionxeurope.com\/se\/wp-content\/uploads\/sites\/7\/2021\/05\/CG2-CPM310.jpg\",\"contentUrl\":\"https:\/\/www.visionxeurope.com\/se\/wp-content\/uploads\/sites\/7\/2021\/05\/CG2-CPM310.jpg\",\"width\":450,\"height\":450},{\"@type\":\"BreadcrumbList\",\"@id\":\"https:\/\/www.visionxeurope.com\/se\/webbutik\/vision-x-light-cannon-37-cg2-21w-3-led-extraljus\/#breadcrumb\",\"itemListElement\":[{\"@type\":\"ListItem\",\"position\":1,\"name\":\"Hem\",\"item\":\"https:\/\/www.visionxeurope.com\/se\/\"},{\"@type\":\"ListItem\",\"position\":2,\"name\":\"Webbutik\",\"item\":\"https:\/\/www.visionxeurope.com\/se\/webbutik\/\"},{\"@type\":\"ListItem\",\"position\":3,\"name\":\"VISION X LIGHT CANNON 3,7&#8243; CG2 21W 3 LED EXTRALJUS\"}]},{\"@type\":\"WebSite\",\"@id\":\"https:\/\/www.visionxeurope.com\/se\/#website\",\"url\":\"https:\/\/www.visionxeurope.com\/se\/\",\"name\":\"Vision X Europe\",\"description\":\"\",\"publisher\":{\"@id\":\"https:\/\/www.visionxeurope.com\/se\/#organization\"},\"potentialAction\":[{\"@type\":\"SearchAction\",\"target\":{\"@type\":\"EntryPoint\",\"urlTemplate\":\"https:\/\/www.visionxeurope.com\/se\/?s={search_term_string}\"},\"query-input\":{\"@type\":\"PropertyValueSpecification\",\"valueRequired\":true,\"valueName\":\"search_term_string\"}}],\"inLanguage\":\"sv-SE\"},{\"@type\":\"Organization\",\"@id\":\"https:\/\/www.visionxeurope.com\/se\/#organization\",\"name\":\"Vision X Europe\",\"url\":\"https:\/\/www.visionxeurope.com\/se\/\",\"logo\":{\"@type\":\"ImageObject\",\"inLanguage\":\"sv-SE\",\"@id\":\"https:\/\/www.visionxeurope.com\/se\/#\/schema\/logo\/image\/\",\"url\":\"https:\/\/www.visionxeurope.com\/se\/wp-content\/uploads\/sites\/7\/2021\/04\/visionxeurope.png\",\"contentUrl\":\"https:\/\/www.visionxeurope.com\/se\/wp-content\/uploads\/sites\/7\/2021\/04\/visionxeurope.png\",\"width\":300,\"height\":110,\"caption\":\"Vision X Europe\"},\"image\":{\"@id\":\"https:\/\/www.visionxeurope.com\/se\/#\/schema\/logo\/image\/\"},\"sameAs\":[\"https:\/\/www.facebook.com\/visionxeurope\",\"https:\/\/www.instagram.com\/visionxeurope\/\"]}]}<\/script>\n<meta property=\"product:price:amount\" content=\"1607.00\" \/>\n<meta property=\"product:price:currency\" content=\"SEK\" \/>\n<meta property=\"og:availability\" content=\"instock\" \/>\n<meta property=\"product:availability\" content=\"instock\" \/>\n<meta property=\"product:retailer_item_id\" content=\"CG2-CPM310\" \/>\n<meta property=\"product:condition\" content=\"new\" \/>\n<!-- \/ Yoast SEO Premium plugin. -->","yoast_head_json":{"title":"VISION X LIGHT CANNON 3,7\" CG2 21W 3 LED EXTRALJUS - Vision X Europe","robots":{"index":"index","follow":"follow","max-snippet":"max-snippet:-1","max-image-preview":"max-image-preview:large","max-video-preview":"max-video-preview:-1"},"canonical":"https:\/\/www.visionxeurope.com\/se\/webbutik\/vision-x-light-cannon-37-cg2-21w-3-led-extraljus\/","og_locale":"sv_SE","og_type":"article","og_title":"VISION X LIGHT CANNON 3,7\" CG2 21W 3 LED EXTRALJUS","og_description":"Light Cannon CG2 \u00e4r vidareutvecklingen av den ursprungliga Light Cannon fr\u00e5n Vision X. Lamporna har f\u00f6rb\u00e4ttrats p\u00e5 en rad punkter, men framf\u00f6r allt har de blivit mindre och l\u00e4ttare samtidigt som effekten har \u00f6kat. Light Cannon CG2 Multi LED anv\u00e4nder sig av avancerad reflektorteknik och sn\u00e4va toleranser f\u00f6r att uppn\u00e5 \u00f6nskade egenskaper. F\u00f6r ett bredare och j\u00e4mnare f\u00f6rdelat ljus med lite kortare r\u00e4ckvidd, v\u00e4lj multi-LED.  Ett genomt\u00e4nkt och bepr\u00f6vat kylsystem s\u00e4kerst\u00e4ller sval och p\u00e5litlig funktion under l\u00e5nga arbetspass. Den robusta lamph\u00e5llarbygeln av st\u00e5l har 45\u00b0 horisontell finjustering med ett stabilt l\u00e5ssystem. Kapslingsklass IP68 \/ IP69K inneb\u00e4r att lampan \u00f6verlever \u00e4ven de mest extrema f\u00f6rh\u00e5llanden. Data:R\u00e5a lumen: 2250E-godk\u00e4nd: NejEffektiva lumen: 1575Watt: 21WStr\u00f6mf\u00f6rbrukning: 1.75A @ 12V, 0.9A @ 24VLysdiod: 3st 7W LEDReflektor: Patenterad IRIS Reflektor-teknologiDrivteknik: Prime Drive f\u00f6r \u00f6kad tillf\u00f6rlitlighet och livsl\u00e4ngdIntegrerat elektroniskt \u00f6verhettningsskyddLins: N\u00e4stintill okrossbar polykarbonatlinsKapslingsklass: IP68 + IP69KKontakt: Vattent\u00e4t plug-n-play (Deutsch DT kontakt)Diameter: 137.6mm (inkl f\u00e4stet)Djup: 9.6 cmH\u00f6jd: 9.5 cmLjusbild: blandning mellan spot och flood. Detta artikelnummer \u00e4r f\u00f6r 1 st. Light Cannon lampa.Light Cannon s\u00e4ljs \u00e4ven parvis med installations kablage inkluderat.Art nr:CG2-CPM310KIT","og_url":"https:\/\/www.visionxeurope.com\/se\/webbutik\/vision-x-light-cannon-37-cg2-21w-3-led-extraljus\/","og_site_name":"Vision X Europe","article_publisher":"https:\/\/www.facebook.com\/visionxeurope","article_modified_time":"2026-01-08T17:30:26+00:00","og_image":[{"width":450,"height":450,"url":"https:\/\/www.rindab.se\/wp-content\/uploads\/sites\/7\/2021\/05\/CG2-CPM310.jpg","type":"image\/jpeg"}],"twitter_card":"summary_large_image","twitter_misc":{"Pris":"1 607,00&nbsp;&#107;&#114; exkl. moms","Tillg\u00e4nglig":"I lager"},"schema":{"@context":"https:\/\/schema.org","@graph":[{"@type":"WebPage","@id":"https:\/\/www.visionxeurope.com\/se\/webbutik\/vision-x-light-cannon-37-cg2-21w-3-led-extraljus\/","url":"https:\/\/www.visionxeurope.com\/se\/webbutik\/vision-x-light-cannon-37-cg2-21w-3-led-extraljus\/","name":"VISION X LIGHT CANNON 3,7\" CG2 21W 3 LED EXTRALJUS - Vision X Europe","isPartOf":{"@id":"https:\/\/www.visionxeurope.com\/se\/#website"},"primaryImageOfPage":{"@id":"https:\/\/www.visionxeurope.com\/se\/webbutik\/vision-x-light-cannon-37-cg2-21w-3-led-extraljus\/#primaryimage"},"image":{"@id":"https:\/\/www.visionxeurope.com\/se\/webbutik\/vision-x-light-cannon-37-cg2-21w-3-led-extraljus\/#primaryimage"},"thumbnailUrl":"https:\/\/www.visionxeurope.com\/se\/wp-content\/uploads\/sites\/7\/2021\/05\/CG2-CPM310.jpg","datePublished":"2018-10-11T10:56:29+00:00","dateModified":"2026-01-08T17:30:26+00:00","breadcrumb":{"@id":"https:\/\/www.visionxeurope.com\/se\/webbutik\/vision-x-light-cannon-37-cg2-21w-3-led-extraljus\/#breadcrumb"},"inLanguage":"sv-SE","potentialAction":[{"@type":"ReadAction","target":["https:\/\/www.visionxeurope.com\/se\/webbutik\/vision-x-light-cannon-37-cg2-21w-3-led-extraljus\/"]}]},{"@type":"ImageObject","inLanguage":"sv-SE","@id":"https:\/\/www.visionxeurope.com\/se\/webbutik\/vision-x-light-cannon-37-cg2-21w-3-led-extraljus\/#primaryimage","url":"https:\/\/www.visionxeurope.com\/se\/wp-content\/uploads\/sites\/7\/2021\/05\/CG2-CPM310.jpg","contentUrl":"https:\/\/www.visionxeurope.com\/se\/wp-content\/uploads\/sites\/7\/2021\/05\/CG2-CPM310.jpg","width":450,"height":450},{"@type":"BreadcrumbList","@id":"https:\/\/www.visionxeurope.com\/se\/webbutik\/vision-x-light-cannon-37-cg2-21w-3-led-extraljus\/#breadcrumb","itemListElement":[{"@type":"ListItem","position":1,"name":"Hem","item":"https:\/\/www.visionxeurope.com\/se\/"},{"@type":"ListItem","position":2,"name":"Webbutik","item":"https:\/\/www.visionxeurope.com\/se\/webbutik\/"},{"@type":"ListItem","position":3,"name":"VISION X LIGHT CANNON 3,7&#8243; CG2 21W 3 LED EXTRALJUS"}]},{"@type":"WebSite","@id":"https:\/\/www.visionxeurope.com\/se\/#website","url":"https:\/\/www.visionxeurope.com\/se\/","name":"Vision X Europe","description":"","publisher":{"@id":"https:\/\/www.visionxeurope.com\/se\/#organization"},"potentialAction":[{"@type":"SearchAction","target":{"@type":"EntryPoint","urlTemplate":"https:\/\/www.visionxeurope.com\/se\/?s={search_term_string}"},"query-input":{"@type":"PropertyValueSpecification","valueRequired":true,"valueName":"search_term_string"}}],"inLanguage":"sv-SE"},{"@type":"Organization","@id":"https:\/\/www.visionxeurope.com\/se\/#organization","name":"Vision X Europe","url":"https:\/\/www.visionxeurope.com\/se\/","logo":{"@type":"ImageObject","inLanguage":"sv-SE","@id":"https:\/\/www.visionxeurope.com\/se\/#\/schema\/logo\/image\/","url":"https:\/\/www.visionxeurope.com\/se\/wp-content\/uploads\/sites\/7\/2021\/04\/visionxeurope.png","contentUrl":"https:\/\/www.visionxeurope.com\/se\/wp-content\/uploads\/sites\/7\/2021\/04\/visionxeurope.png","width":300,"height":110,"caption":"Vision X Europe"},"image":{"@id":"https:\/\/www.visionxeurope.com\/se\/#\/schema\/logo\/image\/"},"sameAs":["https:\/\/www.facebook.com\/visionxeurope","https:\/\/www.instagram.com\/visionxeurope\/"]}]},"product_price_amount":"1607.00","product_price_currency":"SEK","og_availability":"instock","product_availability":"instock","product_retailer_item_id":"CG2-CPM310","product_condition":"new"},"_links":{"self":[{"href":"https:\/\/www.visionxeurope.com\/se\/wp-json\/wp\/v2\/product\/13038","targetHints":{"allow":["GET"]}}],"collection":[{"href":"https:\/\/www.visionxeurope.com\/se\/wp-json\/wp\/v2\/product"}],"about":[{"href":"https:\/\/www.visionxeurope.com\/se\/wp-json\/wp\/v2\/types\/product"}],"replies":[{"embeddable":true,"href":"https:\/\/www.visionxeurope.com\/se\/wp-json\/wp\/v2\/comments?post=13038"}],"wp:featuredmedia":[{"embeddable":true,"href":"https:\/\/www.visionxeurope.com\/se\/wp-json\/wp\/v2\/media\/4486"}],"wp:attachment":[{"href":"https:\/\/www.visionxeurope.com\/se\/wp-json\/wp\/v2\/media?parent=13038"}],"wp:term":[{"taxonomy":"product_brand","embeddable":true,"href":"https:\/\/www.visionxeurope.com\/se\/wp-json\/wp\/v2\/product_brand?post=13038"},{"taxonomy":"product_cat","embeddable":true,"href":"https:\/\/www.visionxeurope.com\/se\/wp-json\/wp\/v2\/product_cat?post=13038"},{"taxonomy":"product_tag","embeddable":true,"href":"https:\/\/www.visionxeurope.com\/se\/wp-json\/wp\/v2\/product_tag?post=13038"}],"curies":[{"name":"wp","href":"https:\/\/api.w.org\/{rel}","templated":true}]}}