{"id":13033,"date":"2018-10-16T10:48:03","date_gmt":"2018-10-16T08:48:03","guid":{"rendered":"https:\/\/www.visionxeurope.com\/se\/produkt\/vision-x-light-cannon-6-7-cg2-90w-multi-led-extraljus-e-markt\/"},"modified":"2026-03-23T13:33:20","modified_gmt":"2026-03-23T12:33:20","slug":"vision-x-light-cannon-6-7-cg2-90w-multi-led-extraljus-e-markt","status":"publish","type":"product","link":"https:\/\/www.visionxeurope.com\/se\/webbutik\/vision-x-light-cannon-6-7-cg2-90w-multi-led-extraljus-e-markt\/","title":{"rendered":"VISION X LIGHT CANNON 6.7&#8243; CG2 90W MULTI LED EXTRALJUS E-M\u00c4RKT"},"content":{"rendered":"<p><\/p>\n<p>Till skillnad fr\u00e5n Cannon Single LED som jobbar med maximal r\u00e4ckvidd s\u00e5 jobbar Cannon Multi LED med maximal r\u00e5styrka och har omatchade 18000 r\u00e5a lumen ljusm\u00e4ngd med en ljusbild mittemellan flood och spot. \u00d6nskas bredare ljusbild g\u00e5r det att anv\u00e4nda combo eller eurofilter p\u00e5 dessa. Ett tips \u00e4r att blanda med Single LED i mitten f\u00f6r l\u00e4ngd och Multi LED p\u00e5 sidorna f\u00f6r fyllnad.<\/p>\n<p><\/p>\n<p><\/p>\n<figure class=\"wp-block-image\"><img decoding=\"async\" src=\"https:\/\/www.visionxeurope.com\/se\/wp-content\/uploads\/sites\/7\/2021\/05\/CG2-CPZ810KIT_6.jpg\" alt=\"\" \/><\/figure>\n<p><\/p>\n<p><\/p>\n<p>Denna ers\u00e4tter \u00e4ven gamla Vision X Transporter med nytt lamphus f\u00f6r att kunna matchas ihop med nya Light Cannon Single LED.<\/p>\n<p><\/p>\n<p><\/p>\n<p>Ny ytbehandling samt kompositfront som t\u00e5l v\u00e5rt tuffa klimat med salt och bl\u00e4string s\u00e5 de h\u00e5ller sig snygga i m\u00e5nga \u00e5r. Nytt f\u00e4ste som \u00e4r l\u00e4ttare att justera \u00e4n det gamla.<\/p>\n<p><\/p>\n<p><\/p>\n<p>Som alltid n\u00e4r det g\u00e4ller Vision X \u00e4r de riktigt heavy duty konstruerade i rej\u00e4l aluminium samt skyddad elektronik skaktestat upp till 21,2 G-krafter rms!<br \/>Stenskott-t\u00e5ligt polykarbonat-glas som inte g\u00e5r s\u00f6nder i f\u00f6rsta taget och en \u00e5ldersbest\u00e4ndig silikont\u00e4tning som vatten utanf\u00f6r lampan \u00e4ven n\u00e4r du tv\u00e4ttar med h\u00f6gtryckstv\u00e4tten-<\/p>\n<p><\/p>\n<p><\/p>\n<p><strong>Data:<br \/><\/strong>ECE REF: 27.5<br \/>R\u00e4ckvidd: 1 lux @ 350m<br \/>R\u00e5a lumen: 9 504<br \/>Lamphus: hybrid (alumium + komposit)<br \/>Effektiva lumen: 6 653<br \/>Watt: 90W<br \/>Str\u00f6mf\u00f6rbrukning: 7.5A @ 12V, 3.75A @ 24V<br \/>Lysdiod: 18st 5W high-end LED<br \/>Vikt: 3.2kg<br \/>Drivteknik: Prime Drive f\u00f6r \u00f6kad tillf\u00f6rlitlighet och livsl\u00e4ngd<br \/>Integrerat elektroniskt \u00f6verhettningsskydd<br \/>Lins: N\u00e4stintill okrossbar polykarbonatlins<br \/>Kapslingsklass: IP68 + IP69K<br \/>Vibrationstestad: 21,2 Grms<br \/>Slagtestad: 60 G<br \/>Kontakt: Vattent\u00e4t plug-n-play (Deutsch DT kontakt)<br \/>Bredd: 185.3mm (inkl f\u00e4stet)<br \/>Djup: 136.4mm<br \/>Total h\u00f6jd med fot: 180mm<br \/>Ljusbild: blandning mellan spot och flood<\/p>\n<p><\/p>\n<p><\/p>\n<p>Detta artikelnummer \u00e4r f\u00f6r 1 st. Light Cannon lampa. <br \/>Light Cannon s\u00e4ljs \u00e4ven parvis med installations kablage inkluderat.<br \/><strong>Art nr:CG2-CPM1810EKIT<br \/><\/strong><\/p>\n<p><\/p>","protected":false},"excerpt":{"rendered":"<p>Till skillnad fr\u00e5n Cannon Single LED som jobbar med maximal r\u00e4ckvidd s\u00e5 jobbar Cannon Multi LED med maximal r\u00e5styrka och har omatchade 18000 r\u00e5a lumen ljusm\u00e4ngd med en ljusbild mittemellan flood och spot. \u00d6nskas bredare ljusbild g\u00e5r det att anv\u00e4nda combo eller eurofilter p\u00e5 dessa. Ett tips \u00e4r att blanda med Single LED i mitten f\u00f6r l\u00e4ngd och Multi LED p\u00e5 sidorna f\u00f6r fyllnad.<\/p>\n<figure class=\"wp-block-image\"><img decoding=\"async\" src=\"https:\/\/www.rindab.se\/wp-content\/uploads\/2021\/01\/CG2-CPZ810KIT_6.jpg\" alt=\"\" \/><\/figure>\n<p>Denna ers\u00e4tter \u00e4ven gamla Vision X Transporter med nytt lamphus f\u00f6r att kunna matchas ihop med nya Light Cannon Single LED.<\/p>\n<p>Ny ytbehandling samt kompositfront som t\u00e5l v\u00e5rt tuffa klimat med salt och bl\u00e4string s\u00e5 de h\u00e5ller sig snygga i m\u00e5nga \u00e5r. Nytt f\u00e4ste som \u00e4r l\u00e4ttare att justera \u00e4n det gamla.<\/p>\n<p>Som alltid n\u00e4r det g\u00e4ller Vision X \u00e4r de riktigt heavy duty konstruerade i rej\u00e4l aluminium samt skyddad elektronik skaktestat upp till 21,2 G-krafter rms!<br \/>Stenskott-t\u00e5ligt polykarbonat-glas som inte g\u00e5r s\u00f6nder i f\u00f6rsta taget och en \u00e5ldersbest\u00e4ndig silikont\u00e4tning som vatten utanf\u00f6r lampan \u00e4ven n\u00e4r du tv\u00e4ttar med h\u00f6gtryckstv\u00e4tten-<\/p>\n<p><strong>Data:<br \/><\/strong>ECE REF: 27.5<br \/>R\u00e4ckvidd: 1 lux @ 350m<br \/>R\u00e5a lumen: 9 504<br \/>Lamphus: hybrid (alumium + komposit)<br \/>Effektiva lumen: 6 653<br \/>Watt: 90W<br \/>Str\u00f6mf\u00f6rbrukning: 7.5A @ 12V, 3.75A @ 24V<br \/>Lysdiod: 18st 5W high-end LED<br \/>Vikt: 3.2kg<br \/>Drivteknik: Prime Drive f\u00f6r \u00f6kad tillf\u00f6rlitlighet och livsl\u00e4ngd<br \/>Integrerat elektroniskt \u00f6verhettningsskydd<br \/>Lins: N\u00e4stintill okrossbar polykarbonatlins<br \/>Kapslingsklass: IP68 + IP69K<br \/>Vibrationstestad: 21,2 Grms<br \/>Slagtestad: 60 G<br \/>Kontakt: Vattent\u00e4t plug-n-play (Deutsch DT kontakt)<br \/>Bredd: 185.3mm (inkl f\u00e4stet)<br \/>Djup: 136.4mm<br \/>Total h\u00f6jd med fot: 180mm<br \/>Ljusbild: blandning mellan spot och flood<\/p>\n<p>Detta artikelnummer \u00e4r f\u00f6r 1 st. Light Cannon lampa. <br \/>Light Cannon s\u00e4ljs \u00e4ven parvis med installations kablage inkluderat.<br \/><strong>Art nr:CG2-CPM1810EKIT<br \/><\/strong><\/p>\n","protected":false},"featured_media":14007,"comment_status":"closed","ping_status":"open","template":"","meta":{"editor_notices":[]},"product_brand":[],"product_cat":[35],"product_tag":[],"class_list":{"0":"post-13033","1":"product","2":"type-product","3":"status-publish","4":"has-post-thumbnail","6":"product_cat-cg2-cannon","7":"resize-featured-image","8":"","9":"woocommerce-text-align-left","10":"woocommerce-image-align-center","12":"first","13":"outofstock","14":"taxable","15":"shipping-taxable","16":"product-type-simple"},"yoast_head":"<!-- This site is optimized with the Yoast SEO Premium plugin v25.0 (Yoast SEO v25.0) - https:\/\/yoast.com\/wordpress\/plugins\/seo\/ -->\n<title>VISION X LIGHT CANNON 6.7&quot; CG2 90W MULTI LED EXTRALJUS E-M\u00c4RKT - Vision X Europe<\/title>\n<meta name=\"robots\" content=\"index, follow, max-snippet:-1, max-image-preview:large, max-video-preview:-1\" \/>\n<link rel=\"canonical\" href=\"https:\/\/www.visionxeurope.com\/se\/webbutik\/vision-x-light-cannon-6-7-cg2-90w-multi-led-extraljus-e-markt\/\" \/>\n<meta property=\"og:locale\" content=\"sv_SE\" \/>\n<meta property=\"og:type\" content=\"article\" \/>\n<meta property=\"og:title\" content=\"VISION X LIGHT CANNON 6.7&quot; CG2 90W MULTI LED EXTRALJUS E-M\u00c4RKT\" \/>\n<meta property=\"og:description\" content=\"Till skillnad fr\u00e5n Cannon Single LED som jobbar med maximal r\u00e4ckvidd s\u00e5 jobbar Cannon Multi LED med maximal r\u00e5styrka och har omatchade 18000 r\u00e5a lumen ljusm\u00e4ngd med en ljusbild mittemellan flood och spot. \u00d6nskas bredare ljusbild g\u00e5r det att anv\u00e4nda combo eller eurofilter p\u00e5 dessa. Ett tips \u00e4r att blanda med Single LED i mitten f\u00f6r l\u00e4ngd och Multi LED p\u00e5 sidorna f\u00f6r fyllnad. Denna ers\u00e4tter \u00e4ven gamla Vision X Transporter med nytt lamphus f\u00f6r att kunna matchas ihop med nya Light Cannon Single LED. Ny ytbehandling samt kompositfront som t\u00e5l v\u00e5rt tuffa klimat med salt och bl\u00e4string s\u00e5 de h\u00e5ller sig snygga i m\u00e5nga \u00e5r. Nytt f\u00e4ste som \u00e4r l\u00e4ttare att justera \u00e4n det gamla. Som alltid n\u00e4r det g\u00e4ller Vision X \u00e4r de riktigt heavy duty konstruerade i rej\u00e4l aluminium samt skyddad elektronik skaktestat upp till 21,2 G-krafter rms!Stenskott-t\u00e5ligt polykarbonat-glas som inte g\u00e5r s\u00f6nder i f\u00f6rsta taget och en \u00e5ldersbest\u00e4ndig silikont\u00e4tning som vatten utanf\u00f6r lampan \u00e4ven n\u00e4r du tv\u00e4ttar med h\u00f6gtryckstv\u00e4tten- Data:ECE REF: 27.5R\u00e4ckvidd: 1 lux @ 350mR\u00e5a lumen: 9 504Lamphus: hybrid (alumium + komposit)Effektiva lumen: 6 653Watt: 90WStr\u00f6mf\u00f6rbrukning: 7.5A @ 12V, 3.75A @ 24VLysdiod: 18st 5W high-end LEDVikt: 3.2kgDrivteknik: Prime Drive f\u00f6r \u00f6kad tillf\u00f6rlitlighet och livsl\u00e4ngdIntegrerat elektroniskt \u00f6verhettningsskyddLins: N\u00e4stintill okrossbar polykarbonatlinsKapslingsklass: IP68 + IP69KVibrationstestad: 21,2 GrmsSlagtestad: 60 GKontakt: Vattent\u00e4t plug-n-play (Deutsch DT kontakt)Bredd: 185.3mm (inkl f\u00e4stet)Djup: 136.4mmTotal h\u00f6jd med fot: 180mmLjusbild: blandning mellan spot och flood Detta artikelnummer \u00e4r f\u00f6r 1 st. Light Cannon lampa. Light Cannon s\u00e4ljs \u00e4ven parvis med installations kablage inkluderat.Art nr:CG2-CPM1810EKIT\" \/>\n<meta property=\"og:url\" content=\"https:\/\/www.visionxeurope.com\/se\/webbutik\/vision-x-light-cannon-6-7-cg2-90w-multi-led-extraljus-e-markt\/\" \/>\n<meta property=\"og:site_name\" content=\"Vision X Europe\" \/>\n<meta property=\"article:publisher\" content=\"https:\/\/www.facebook.com\/visionxeurope\" \/>\n<meta property=\"article:modified_time\" content=\"2026-03-23T12:33:20+00:00\" \/>\n<meta property=\"og:image\" content=\"https:\/\/www.visionxeurope.com\/se\/wp-content\/uploads\/sites\/7\/2022\/04\/CG2-CPM1810E.jpg\" \/>\n\t<meta property=\"og:image:width\" content=\"450\" \/>\n\t<meta property=\"og:image:height\" content=\"450\" \/>\n\t<meta property=\"og:image:type\" content=\"image\/jpeg\" \/>\n<meta name=\"twitter:card\" content=\"summary_large_image\" \/>\n<meta name=\"twitter:label1\" content=\"Pris\" \/>\n\t<meta name=\"twitter:data1\" content=\"5 564,00&nbsp;&#107;&#114; exkl. moms\" \/>\n\t<meta name=\"twitter:label2\" content=\"Tillg\u00e4nglig\" \/>\n\t<meta name=\"twitter:data2\" content=\"Slut i lager\" \/>\n<script type=\"application\/ld+json\" class=\"yoast-schema-graph\">{\"@context\":\"https:\/\/schema.org\",\"@graph\":[{\"@type\":\"WebPage\",\"@id\":\"https:\/\/www.visionxeurope.com\/se\/webbutik\/vision-x-light-cannon-6-7-cg2-90w-multi-led-extraljus-e-markt\/\",\"url\":\"https:\/\/www.visionxeurope.com\/se\/webbutik\/vision-x-light-cannon-6-7-cg2-90w-multi-led-extraljus-e-markt\/\",\"name\":\"VISION X LIGHT CANNON 6.7\\\" CG2 90W MULTI LED EXTRALJUS E-M\u00c4RKT - Vision X Europe\",\"isPartOf\":{\"@id\":\"https:\/\/www.visionxeurope.com\/se\/#website\"},\"primaryImageOfPage\":{\"@id\":\"https:\/\/www.visionxeurope.com\/se\/webbutik\/vision-x-light-cannon-6-7-cg2-90w-multi-led-extraljus-e-markt\/#primaryimage\"},\"image\":{\"@id\":\"https:\/\/www.visionxeurope.com\/se\/webbutik\/vision-x-light-cannon-6-7-cg2-90w-multi-led-extraljus-e-markt\/#primaryimage\"},\"thumbnailUrl\":\"https:\/\/www.visionxeurope.com\/se\/wp-content\/uploads\/sites\/7\/2022\/04\/CG2-CPM1810E.jpg\",\"datePublished\":\"2018-10-16T08:48:03+00:00\",\"dateModified\":\"2026-03-23T12:33:20+00:00\",\"breadcrumb\":{\"@id\":\"https:\/\/www.visionxeurope.com\/se\/webbutik\/vision-x-light-cannon-6-7-cg2-90w-multi-led-extraljus-e-markt\/#breadcrumb\"},\"inLanguage\":\"sv-SE\",\"potentialAction\":[{\"@type\":\"ReadAction\",\"target\":[\"https:\/\/www.visionxeurope.com\/se\/webbutik\/vision-x-light-cannon-6-7-cg2-90w-multi-led-extraljus-e-markt\/\"]}]},{\"@type\":\"ImageObject\",\"inLanguage\":\"sv-SE\",\"@id\":\"https:\/\/www.visionxeurope.com\/se\/webbutik\/vision-x-light-cannon-6-7-cg2-90w-multi-led-extraljus-e-markt\/#primaryimage\",\"url\":\"https:\/\/www.visionxeurope.com\/se\/wp-content\/uploads\/sites\/7\/2022\/04\/CG2-CPM1810E.jpg\",\"contentUrl\":\"https:\/\/www.visionxeurope.com\/se\/wp-content\/uploads\/sites\/7\/2022\/04\/CG2-CPM1810E.jpg\",\"width\":450,\"height\":450},{\"@type\":\"BreadcrumbList\",\"@id\":\"https:\/\/www.visionxeurope.com\/se\/webbutik\/vision-x-light-cannon-6-7-cg2-90w-multi-led-extraljus-e-markt\/#breadcrumb\",\"itemListElement\":[{\"@type\":\"ListItem\",\"position\":1,\"name\":\"Hem\",\"item\":\"https:\/\/www.visionxeurope.com\/se\/\"},{\"@type\":\"ListItem\",\"position\":2,\"name\":\"Webbutik\",\"item\":\"https:\/\/www.visionxeurope.com\/se\/webbutik\/\"},{\"@type\":\"ListItem\",\"position\":3,\"name\":\"VISION X LIGHT CANNON 6.7&#8243; CG2 90W MULTI LED EXTRALJUS E-M\u00c4RKT\"}]},{\"@type\":\"WebSite\",\"@id\":\"https:\/\/www.visionxeurope.com\/se\/#website\",\"url\":\"https:\/\/www.visionxeurope.com\/se\/\",\"name\":\"Vision X Europe\",\"description\":\"\",\"publisher\":{\"@id\":\"https:\/\/www.visionxeurope.com\/se\/#organization\"},\"potentialAction\":[{\"@type\":\"SearchAction\",\"target\":{\"@type\":\"EntryPoint\",\"urlTemplate\":\"https:\/\/www.visionxeurope.com\/se\/?s={search_term_string}\"},\"query-input\":{\"@type\":\"PropertyValueSpecification\",\"valueRequired\":true,\"valueName\":\"search_term_string\"}}],\"inLanguage\":\"sv-SE\"},{\"@type\":\"Organization\",\"@id\":\"https:\/\/www.visionxeurope.com\/se\/#organization\",\"name\":\"Vision X Europe\",\"url\":\"https:\/\/www.visionxeurope.com\/se\/\",\"logo\":{\"@type\":\"ImageObject\",\"inLanguage\":\"sv-SE\",\"@id\":\"https:\/\/www.visionxeurope.com\/se\/#\/schema\/logo\/image\/\",\"url\":\"https:\/\/www.visionxeurope.com\/se\/wp-content\/uploads\/sites\/7\/2021\/04\/visionxeurope.png\",\"contentUrl\":\"https:\/\/www.visionxeurope.com\/se\/wp-content\/uploads\/sites\/7\/2021\/04\/visionxeurope.png\",\"width\":300,\"height\":110,\"caption\":\"Vision X Europe\"},\"image\":{\"@id\":\"https:\/\/www.visionxeurope.com\/se\/#\/schema\/logo\/image\/\"},\"sameAs\":[\"https:\/\/www.facebook.com\/visionxeurope\",\"https:\/\/www.instagram.com\/visionxeurope\/\"]}]}<\/script>\n<meta property=\"product:price:amount\" content=\"5564.00\" \/>\n<meta property=\"product:price:currency\" content=\"SEK\" \/>\n<meta property=\"og:availability\" content=\"out of stock\" \/>\n<meta property=\"product:availability\" content=\"out of stock\" \/>\n<meta property=\"product:retailer_item_id\" content=\"CG2-CPM1810E\" \/>\n<meta property=\"product:condition\" content=\"new\" \/>\n<!-- \/ Yoast SEO Premium plugin. -->","yoast_head_json":{"title":"VISION X LIGHT CANNON 6.7\" CG2 90W MULTI LED EXTRALJUS E-M\u00c4RKT - Vision X Europe","robots":{"index":"index","follow":"follow","max-snippet":"max-snippet:-1","max-image-preview":"max-image-preview:large","max-video-preview":"max-video-preview:-1"},"canonical":"https:\/\/www.visionxeurope.com\/se\/webbutik\/vision-x-light-cannon-6-7-cg2-90w-multi-led-extraljus-e-markt\/","og_locale":"sv_SE","og_type":"article","og_title":"VISION X LIGHT CANNON 6.7\" CG2 90W MULTI LED EXTRALJUS E-M\u00c4RKT","og_description":"Till skillnad fr\u00e5n Cannon Single LED som jobbar med maximal r\u00e4ckvidd s\u00e5 jobbar Cannon Multi LED med maximal r\u00e5styrka och har omatchade 18000 r\u00e5a lumen ljusm\u00e4ngd med en ljusbild mittemellan flood och spot. \u00d6nskas bredare ljusbild g\u00e5r det att anv\u00e4nda combo eller eurofilter p\u00e5 dessa. Ett tips \u00e4r att blanda med Single LED i mitten f\u00f6r l\u00e4ngd och Multi LED p\u00e5 sidorna f\u00f6r fyllnad. Denna ers\u00e4tter \u00e4ven gamla Vision X Transporter med nytt lamphus f\u00f6r att kunna matchas ihop med nya Light Cannon Single LED. Ny ytbehandling samt kompositfront som t\u00e5l v\u00e5rt tuffa klimat med salt och bl\u00e4string s\u00e5 de h\u00e5ller sig snygga i m\u00e5nga \u00e5r. Nytt f\u00e4ste som \u00e4r l\u00e4ttare att justera \u00e4n det gamla. Som alltid n\u00e4r det g\u00e4ller Vision X \u00e4r de riktigt heavy duty konstruerade i rej\u00e4l aluminium samt skyddad elektronik skaktestat upp till 21,2 G-krafter rms!Stenskott-t\u00e5ligt polykarbonat-glas som inte g\u00e5r s\u00f6nder i f\u00f6rsta taget och en \u00e5ldersbest\u00e4ndig silikont\u00e4tning som vatten utanf\u00f6r lampan \u00e4ven n\u00e4r du tv\u00e4ttar med h\u00f6gtryckstv\u00e4tten- Data:ECE REF: 27.5R\u00e4ckvidd: 1 lux @ 350mR\u00e5a lumen: 9 504Lamphus: hybrid (alumium + komposit)Effektiva lumen: 6 653Watt: 90WStr\u00f6mf\u00f6rbrukning: 7.5A @ 12V, 3.75A @ 24VLysdiod: 18st 5W high-end LEDVikt: 3.2kgDrivteknik: Prime Drive f\u00f6r \u00f6kad tillf\u00f6rlitlighet och livsl\u00e4ngdIntegrerat elektroniskt \u00f6verhettningsskyddLins: N\u00e4stintill okrossbar polykarbonatlinsKapslingsklass: IP68 + IP69KVibrationstestad: 21,2 GrmsSlagtestad: 60 GKontakt: Vattent\u00e4t plug-n-play (Deutsch DT kontakt)Bredd: 185.3mm (inkl f\u00e4stet)Djup: 136.4mmTotal h\u00f6jd med fot: 180mmLjusbild: blandning mellan spot och flood Detta artikelnummer \u00e4r f\u00f6r 1 st. Light Cannon lampa. Light Cannon s\u00e4ljs \u00e4ven parvis med installations kablage inkluderat.Art nr:CG2-CPM1810EKIT","og_url":"https:\/\/www.visionxeurope.com\/se\/webbutik\/vision-x-light-cannon-6-7-cg2-90w-multi-led-extraljus-e-markt\/","og_site_name":"Vision X Europe","article_publisher":"https:\/\/www.facebook.com\/visionxeurope","article_modified_time":"2026-03-23T12:33:20+00:00","og_image":[{"width":450,"height":450,"url":"https:\/\/www.visionxeurope.com\/se\/wp-content\/uploads\/sites\/7\/2022\/04\/CG2-CPM1810E.jpg","type":"image\/jpeg"}],"twitter_card":"summary_large_image","twitter_misc":{"Pris":"5 564,00&nbsp;&#107;&#114; exkl. moms","Tillg\u00e4nglig":"Slut i lager"},"schema":{"@context":"https:\/\/schema.org","@graph":[{"@type":"WebPage","@id":"https:\/\/www.visionxeurope.com\/se\/webbutik\/vision-x-light-cannon-6-7-cg2-90w-multi-led-extraljus-e-markt\/","url":"https:\/\/www.visionxeurope.com\/se\/webbutik\/vision-x-light-cannon-6-7-cg2-90w-multi-led-extraljus-e-markt\/","name":"VISION X LIGHT CANNON 6.7\" CG2 90W MULTI LED EXTRALJUS E-M\u00c4RKT - Vision X Europe","isPartOf":{"@id":"https:\/\/www.visionxeurope.com\/se\/#website"},"primaryImageOfPage":{"@id":"https:\/\/www.visionxeurope.com\/se\/webbutik\/vision-x-light-cannon-6-7-cg2-90w-multi-led-extraljus-e-markt\/#primaryimage"},"image":{"@id":"https:\/\/www.visionxeurope.com\/se\/webbutik\/vision-x-light-cannon-6-7-cg2-90w-multi-led-extraljus-e-markt\/#primaryimage"},"thumbnailUrl":"https:\/\/www.visionxeurope.com\/se\/wp-content\/uploads\/sites\/7\/2022\/04\/CG2-CPM1810E.jpg","datePublished":"2018-10-16T08:48:03+00:00","dateModified":"2026-03-23T12:33:20+00:00","breadcrumb":{"@id":"https:\/\/www.visionxeurope.com\/se\/webbutik\/vision-x-light-cannon-6-7-cg2-90w-multi-led-extraljus-e-markt\/#breadcrumb"},"inLanguage":"sv-SE","potentialAction":[{"@type":"ReadAction","target":["https:\/\/www.visionxeurope.com\/se\/webbutik\/vision-x-light-cannon-6-7-cg2-90w-multi-led-extraljus-e-markt\/"]}]},{"@type":"ImageObject","inLanguage":"sv-SE","@id":"https:\/\/www.visionxeurope.com\/se\/webbutik\/vision-x-light-cannon-6-7-cg2-90w-multi-led-extraljus-e-markt\/#primaryimage","url":"https:\/\/www.visionxeurope.com\/se\/wp-content\/uploads\/sites\/7\/2022\/04\/CG2-CPM1810E.jpg","contentUrl":"https:\/\/www.visionxeurope.com\/se\/wp-content\/uploads\/sites\/7\/2022\/04\/CG2-CPM1810E.jpg","width":450,"height":450},{"@type":"BreadcrumbList","@id":"https:\/\/www.visionxeurope.com\/se\/webbutik\/vision-x-light-cannon-6-7-cg2-90w-multi-led-extraljus-e-markt\/#breadcrumb","itemListElement":[{"@type":"ListItem","position":1,"name":"Hem","item":"https:\/\/www.visionxeurope.com\/se\/"},{"@type":"ListItem","position":2,"name":"Webbutik","item":"https:\/\/www.visionxeurope.com\/se\/webbutik\/"},{"@type":"ListItem","position":3,"name":"VISION X LIGHT CANNON 6.7&#8243; CG2 90W MULTI LED EXTRALJUS E-M\u00c4RKT"}]},{"@type":"WebSite","@id":"https:\/\/www.visionxeurope.com\/se\/#website","url":"https:\/\/www.visionxeurope.com\/se\/","name":"Vision X Europe","description":"","publisher":{"@id":"https:\/\/www.visionxeurope.com\/se\/#organization"},"potentialAction":[{"@type":"SearchAction","target":{"@type":"EntryPoint","urlTemplate":"https:\/\/www.visionxeurope.com\/se\/?s={search_term_string}"},"query-input":{"@type":"PropertyValueSpecification","valueRequired":true,"valueName":"search_term_string"}}],"inLanguage":"sv-SE"},{"@type":"Organization","@id":"https:\/\/www.visionxeurope.com\/se\/#organization","name":"Vision X Europe","url":"https:\/\/www.visionxeurope.com\/se\/","logo":{"@type":"ImageObject","inLanguage":"sv-SE","@id":"https:\/\/www.visionxeurope.com\/se\/#\/schema\/logo\/image\/","url":"https:\/\/www.visionxeurope.com\/se\/wp-content\/uploads\/sites\/7\/2021\/04\/visionxeurope.png","contentUrl":"https:\/\/www.visionxeurope.com\/se\/wp-content\/uploads\/sites\/7\/2021\/04\/visionxeurope.png","width":300,"height":110,"caption":"Vision X Europe"},"image":{"@id":"https:\/\/www.visionxeurope.com\/se\/#\/schema\/logo\/image\/"},"sameAs":["https:\/\/www.facebook.com\/visionxeurope","https:\/\/www.instagram.com\/visionxeurope\/"]}]},"product_price_amount":"5564.00","product_price_currency":"SEK","og_availability":"out of stock","product_availability":"out of stock","product_retailer_item_id":"CG2-CPM1810E","product_condition":"new"},"_links":{"self":[{"href":"https:\/\/www.visionxeurope.com\/se\/wp-json\/wp\/v2\/product\/13033","targetHints":{"allow":["GET"]}}],"collection":[{"href":"https:\/\/www.visionxeurope.com\/se\/wp-json\/wp\/v2\/product"}],"about":[{"href":"https:\/\/www.visionxeurope.com\/se\/wp-json\/wp\/v2\/types\/product"}],"replies":[{"embeddable":true,"href":"https:\/\/www.visionxeurope.com\/se\/wp-json\/wp\/v2\/comments?post=13033"}],"wp:featuredmedia":[{"embeddable":true,"href":"https:\/\/www.visionxeurope.com\/se\/wp-json\/wp\/v2\/media\/14007"}],"wp:attachment":[{"href":"https:\/\/www.visionxeurope.com\/se\/wp-json\/wp\/v2\/media?parent=13033"}],"wp:term":[{"taxonomy":"product_brand","embeddable":true,"href":"https:\/\/www.visionxeurope.com\/se\/wp-json\/wp\/v2\/product_brand?post=13033"},{"taxonomy":"product_cat","embeddable":true,"href":"https:\/\/www.visionxeurope.com\/se\/wp-json\/wp\/v2\/product_cat?post=13033"},{"taxonomy":"product_tag","embeddable":true,"href":"https:\/\/www.visionxeurope.com\/se\/wp-json\/wp\/v2\/product_tag?post=13033"}],"curies":[{"name":"wp","href":"https:\/\/api.w.org\/{rel}","templated":true}]}}