{"id":13014,"date":"2017-04-20T10:32:47","date_gmt":"2017-04-20T08:32:47","guid":{"rendered":"https:\/\/www.visionxeurope.com\/se\/produkt\/vision-x-blacktips-marine-20-led-140w-40\/"},"modified":"2026-01-08T19:00:33","modified_gmt":"2026-01-08T18:00:33","slug":"vision-x-blacktips-marine-20-led-140w-40","status":"publish","type":"product","link":"https:\/\/www.visionxeurope.com\/se\/webbutik\/vision-x-blacktips-marine-20-led-140w-40\/","title":{"rendered":"VISION X BLACKTIPS MARINE 20 LED 140W 40\u00b0"},"content":{"rendered":"<p><\/p>\n<p>Nyhet f\u00f6r kommersiella fartyg som st\u00e4ller h\u00f6gsta krav p\u00e5 sin belysning.<\/p>\n<p><\/p>\n<p><\/p>\n<p>Blacktips marinserie har den h\u00f6gsta konstruktionskvaliteten och senaste teknik f\u00f6r att m\u00f6jligg\u00f6ra en s\u00e4ker och fungerande belysning ombord.<\/p>\n<p><\/p>\n<p><\/p>\n<p>Med den senaste Cree- LED tekniken m\u00f6jligg\u00f6rs en stor volym ljus fr\u00e5n ett kompakt lamphus. Cispr 25 klass filtrerar bort RF-brus, som alstras fr\u00e5n ljuset vilket kan st\u00f6ra k\u00e4nsliga elektroniska komponenter samt fartygets radioautrustning. Avsk\u00e4rmad inre elektronik f\u00f6rhindrar yttre korrosion.<\/p>\n<p><\/p>\n<p><\/p>\n<p>Blacktips marinserie ger enast\u00e5ende ljusfl\u00f6de i en funktionell design. Med ett justerbart f\u00e4ste med inbyggda gradskivor f\u00f6r b\u00e5de vertikal och horisontell justering s\u00e4kerst\u00e4lls en korrekt ljusinst\u00e4llning f\u00f6r alla behov. Med h\u00f6gsta kappslingsklass IP69k (dr\u00e4nkbara ner till 3meter), marinklassificerad str\u00f6msladd med deutsch kontakt anslutning samt en vibrationst\u00e5lighet upp till 60 Grms st\u00e5r denna serie sig mycket v\u00e4l i konkurrensen och lyfter ribban ytterligare inom marin industrin. <\/p>\n<p><\/p>\n<p><\/p>\n<p><strong>En riktigt tuff konstruktion<\/strong><br \/>Kombinationen av det kraftiga gjutna 6061 aluminiumhuset, marin-ytbehandlingen, n\u00e4st intill okrossbara polykarbonat linsen, uppgraderade packningarna och f\u00f6rst\u00e4rkta inf\u00e4stningarna ger en super lampa som inte bara ger ett enormt ljus utan \u00e4ven h\u00e5ller i det l\u00e5nga loppet.<\/p>\n<p><\/p>\n<p><\/p>\n<p><strong>Prime Drive Technology<br \/><\/strong>Prime Drive teknologin fr\u00e5n Vision X controllerar vitala funktioner som temperaturen men ger \u00e4ven en dimmingsfunktion som kan vara anv\u00e4ndbar f\u00f6r att minska risken f\u00f6r bl\u00e4ndning. Prime Drive ser till att lampan aldrig blir f\u00f6r varm s\u00e5 att livsl\u00e4ngden alltid kan garanteras. Detta styrs helt automatiskt och \u00e4r en av alla de funktioner som en Vision X lampa inneh\u00e5ller.<\/p>\n<p><\/p>\n<p><\/p>\n<p><strong>Data:<br \/><\/strong>LED: 20 x 7W Cree<br \/>Ljusf\u00e4rgtemp: 5700K<br \/>Effektiva lumen: 11270<br \/>R\u00e5a lumen: 16000<br \/>Sp\u00e4nning: 11-65V<br \/>Str\u00f6mf\u00f6rbrukning: 11.7A @12V <br \/>Watt: 140W<br \/>Kontakt: Ingen kontakt, \u00f6ppen kabel f\u00f6r m\u00f6jlighet till genomf\u00f6ring.<br \/>F\u00e4ste: Justerbart med inbyggda gradskivor f\u00f6r b\u00e5de vertikal och horisontell justering.<br \/>Vikt: 4.2kg<br \/>Bredd: 239mm<br \/>H\u00f6jd: 173mm<br \/>Djup:125mm<br \/>IP-klass: IP69K<br \/>Vibrationsklass: 60 Grms<br \/>EMC godk\u00e4nnande: CISPR25 <br \/>Linsmaterial: Polykarbonat<br \/>Husets material: Pressgljuten aluminium<br \/>Lamphusets bel\u00e4ggning: Marine Grade Anti-korrosion<br \/>Ljusbild: 40<strong>\u00b0<\/strong> (Finns \u00e4ven som 10\u00b0, 25\u00b0, 60\u00b0).<\/p>\n<p><\/p>","protected":false},"excerpt":{"rendered":"<p>Nyhet f\u00f6r kommersiella fartyg som st\u00e4ller h\u00f6gsta krav p\u00e5 sin belysning.<\/p>\n<p>Blacktips marinserie har den h\u00f6gsta konstruktionskvaliteten och senaste teknik f\u00f6r att m\u00f6jligg\u00f6ra en s\u00e4ker och fungerande belysning ombord.<\/p>\n<p>Med den senaste Cree- LED tekniken m\u00f6jligg\u00f6rs en stor volym ljus fr\u00e5n ett kompakt lamphus. Cispr 25 klass filtrerar bort RF-brus, som alstras fr\u00e5n ljuset vilket kan st\u00f6ra k\u00e4nsliga elektroniska komponenter samt fartygets radioautrustning. Avsk\u00e4rmad inre elektronik f\u00f6rhindrar yttre korrosion.<\/p>\n<p>Blacktips marinserie ger enast\u00e5ende ljusfl\u00f6de i en funktionell design. Med ett justerbart f\u00e4ste med inbyggda gradskivor f\u00f6r b\u00e5de vertikal och horisontell justering s\u00e4kerst\u00e4lls en korrekt ljusinst\u00e4llning f\u00f6r alla behov. Med h\u00f6gsta kappslingsklass IP69k (dr\u00e4nkbara ner till 3meter), marinklassificerad str\u00f6msladd med deutsch kontakt anslutning samt en vibrationst\u00e5lighet upp till 60 Grms st\u00e5r denna serie sig mycket v\u00e4l i konkurrensen och lyfter ribban ytterligare inom marin industrin. <\/p>\n<p><strong>En riktigt tuff konstruktion<\/strong><br \/>Kombinationen av det kraftiga gjutna 6061 aluminiumhuset, marin-ytbehandlingen, n\u00e4st intill okrossbara polykarbonat linsen, uppgraderade packningarna och f\u00f6rst\u00e4rkta inf\u00e4stningarna ger en super lampa som inte bara ger ett enormt ljus utan \u00e4ven h\u00e5ller i det l\u00e5nga loppet.<\/p>\n<p><strong>Prime Drive Technology<br \/><\/strong>Prime Drive teknologin fr\u00e5n Vision X controllerar vitala funktioner som temperaturen men ger \u00e4ven en dimmingsfunktion som kan vara anv\u00e4ndbar f\u00f6r att minska risken f\u00f6r bl\u00e4ndning. Prime Drive ser till att lampan aldrig blir f\u00f6r varm s\u00e5 att livsl\u00e4ngden alltid kan garanteras. Detta styrs helt automatiskt och \u00e4r en av alla de funktioner som en Vision X lampa inneh\u00e5ller.<\/p>\n<p><strong>Data:<br \/><\/strong>LED: 20 x 7W Cree<br \/>Ljusf\u00e4rgtemp: 5700K<br \/>Effektiva lumen: 11270<br \/>R\u00e5a lumen: 16000<br \/>Sp\u00e4nning: 11-65V<br \/>Str\u00f6mf\u00f6rbrukning: 11.7A @12V <br \/>Watt: 140W<br \/>Kontakt: Ingen kontakt, \u00f6ppen kabel f\u00f6r m\u00f6jlighet till genomf\u00f6ring.<br \/>F\u00e4ste: Justerbart med inbyggda gradskivor f\u00f6r b\u00e5de vertikal och horisontell justering.<br \/>Vikt: 4.2kg<br \/>Bredd: 239mm<br \/>H\u00f6jd: 173mm<br \/>Djup:125mm<br \/>IP-klass: IP69K<br \/>Vibrationsklass: 60 Grms<br \/>EMC godk\u00e4nnande: CISPR25 <br \/>Linsmaterial: Polykarbonat<br \/>Husets material: Pressgljuten aluminium<br \/>Lamphusets bel\u00e4ggning: Marine Grade Anti-korrosion<br \/>Ljusbild: 40<strong>\u00b0<\/strong> (Finns \u00e4ven som 10\u00b0, 25\u00b0, 60\u00b0).<\/p>\n","protected":false},"featured_media":13983,"comment_status":"open","ping_status":"open","template":"","meta":{"editor_notices":[]},"product_brand":[],"product_cat":[34],"product_tag":[],"class_list":{"0":"post-13014","1":"product","2":"type-product","3":"status-publish","4":"has-post-thumbnail","6":"product_cat-blacktips-marine","7":"resize-featured-image","8":"","9":"woocommerce-text-align-left","10":"woocommerce-image-align-center","12":"first","13":"outofstock","14":"taxable","15":"shipping-taxable","16":"product-type-simple"},"yoast_head":"<!-- This site is optimized with the Yoast SEO Premium plugin v25.0 (Yoast SEO v25.0) - https:\/\/yoast.com\/wordpress\/plugins\/seo\/ -->\n<title>VISION X BLACKTIPS MARINE 20 LED 140W 40\u00b0 - Vision X Europe<\/title>\n<meta name=\"robots\" content=\"index, follow, max-snippet:-1, max-image-preview:large, max-video-preview:-1\" \/>\n<link rel=\"canonical\" href=\"https:\/\/www.visionxeurope.com\/se\/webbutik\/vision-x-blacktips-marine-20-led-140w-40\/\" \/>\n<meta property=\"og:locale\" content=\"sv_SE\" \/>\n<meta property=\"og:type\" content=\"article\" \/>\n<meta property=\"og:title\" content=\"VISION X BLACKTIPS MARINE 20 LED 140W 40\u00b0\" \/>\n<meta property=\"og:description\" content=\"Nyhet f\u00f6r kommersiella fartyg som st\u00e4ller h\u00f6gsta krav p\u00e5 sin belysning. Blacktips marinserie har den h\u00f6gsta konstruktionskvaliteten och senaste teknik f\u00f6r att m\u00f6jligg\u00f6ra en s\u00e4ker och fungerande belysning ombord. Med den senaste Cree- LED tekniken m\u00f6jligg\u00f6rs en stor volym ljus fr\u00e5n ett kompakt lamphus. Cispr 25 klass filtrerar bort RF-brus, som alstras fr\u00e5n ljuset vilket kan st\u00f6ra k\u00e4nsliga elektroniska komponenter samt fartygets radioautrustning. Avsk\u00e4rmad inre elektronik f\u00f6rhindrar yttre korrosion. Blacktips marinserie ger enast\u00e5ende ljusfl\u00f6de i en funktionell design. Med ett justerbart f\u00e4ste med inbyggda gradskivor f\u00f6r b\u00e5de vertikal och horisontell justering s\u00e4kerst\u00e4lls en korrekt ljusinst\u00e4llning f\u00f6r alla behov. Med h\u00f6gsta kappslingsklass IP69k (dr\u00e4nkbara ner till 3meter), marinklassificerad str\u00f6msladd med deutsch kontakt anslutning samt en vibrationst\u00e5lighet upp till 60 Grms st\u00e5r denna serie sig mycket v\u00e4l i konkurrensen och lyfter ribban ytterligare inom marin industrin. En riktigt tuff konstruktionKombinationen av det kraftiga gjutna 6061 aluminiumhuset, marin-ytbehandlingen, n\u00e4st intill okrossbara polykarbonat linsen, uppgraderade packningarna och f\u00f6rst\u00e4rkta inf\u00e4stningarna ger en super lampa som inte bara ger ett enormt ljus utan \u00e4ven h\u00e5ller i det l\u00e5nga loppet. Prime Drive TechnologyPrime Drive teknologin fr\u00e5n Vision X controllerar vitala funktioner som temperaturen men ger \u00e4ven en dimmingsfunktion som kan vara anv\u00e4ndbar f\u00f6r att minska risken f\u00f6r bl\u00e4ndning. Prime Drive ser till att lampan aldrig blir f\u00f6r varm s\u00e5 att livsl\u00e4ngden alltid kan garanteras. Detta styrs helt automatiskt och \u00e4r en av alla de funktioner som en Vision X lampa inneh\u00e5ller. Data:LED: 20 x 7W CreeLjusf\u00e4rgtemp: 5700KEffektiva lumen: 11270R\u00e5a lumen: 16000Sp\u00e4nning: 11-65VStr\u00f6mf\u00f6rbrukning: 11.7A @12V Watt: 140WKontakt: Ingen kontakt, \u00f6ppen kabel f\u00f6r m\u00f6jlighet till genomf\u00f6ring.F\u00e4ste: Justerbart med inbyggda gradskivor f\u00f6r b\u00e5de vertikal och horisontell justering.Vikt: 4.2kgBredd: 239mmH\u00f6jd: 173mmDjup:125mmIP-klass: IP69KVibrationsklass: 60 GrmsEMC godk\u00e4nnande: CISPR25 Linsmaterial: PolykarbonatHusets material: Pressgljuten aluminiumLamphusets bel\u00e4ggning: Marine Grade Anti-korrosionLjusbild: 40\u00b0 (Finns \u00e4ven som 10\u00b0, 25\u00b0, 60\u00b0).\" \/>\n<meta property=\"og:url\" content=\"https:\/\/www.visionxeurope.com\/se\/webbutik\/vision-x-blacktips-marine-20-led-140w-40\/\" \/>\n<meta property=\"og:site_name\" content=\"Vision X Europe\" \/>\n<meta property=\"article:publisher\" content=\"https:\/\/www.facebook.com\/visionxeurope\" \/>\n<meta property=\"article:modified_time\" content=\"2026-01-08T18:00:33+00:00\" \/>\n<meta property=\"og:image\" content=\"https:\/\/www.rindab.se\/wp-content\/uploads\/sites\/7\/2022\/04\/BMB072040.jpg\" \/>\n\t<meta property=\"og:image:width\" content=\"450\" \/>\n\t<meta property=\"og:image:height\" content=\"450\" \/>\n\t<meta property=\"og:image:type\" content=\"image\/jpeg\" \/>\n<meta name=\"twitter:card\" content=\"summary_large_image\" \/>\n<meta name=\"twitter:label1\" content=\"Pris\" \/>\n\t<meta name=\"twitter:data1\" content=\"8 366,00&nbsp;&#107;&#114; exkl. moms\" \/>\n\t<meta name=\"twitter:label2\" content=\"Tillg\u00e4nglig\" \/>\n\t<meta name=\"twitter:data2\" content=\"Slut i lager\" \/>\n<script type=\"application\/ld+json\" class=\"yoast-schema-graph\">{\"@context\":\"https:\/\/schema.org\",\"@graph\":[{\"@type\":\"WebPage\",\"@id\":\"https:\/\/www.visionxeurope.com\/se\/webbutik\/vision-x-blacktips-marine-20-led-140w-40\/\",\"url\":\"https:\/\/www.visionxeurope.com\/se\/webbutik\/vision-x-blacktips-marine-20-led-140w-40\/\",\"name\":\"VISION X BLACKTIPS MARINE 20 LED 140W 40\u00b0 - Vision X Europe\",\"isPartOf\":{\"@id\":\"https:\/\/www.visionxeurope.com\/se\/#website\"},\"primaryImageOfPage\":{\"@id\":\"https:\/\/www.visionxeurope.com\/se\/webbutik\/vision-x-blacktips-marine-20-led-140w-40\/#primaryimage\"},\"image\":{\"@id\":\"https:\/\/www.visionxeurope.com\/se\/webbutik\/vision-x-blacktips-marine-20-led-140w-40\/#primaryimage\"},\"thumbnailUrl\":\"https:\/\/www.visionxeurope.com\/se\/wp-content\/uploads\/sites\/7\/2022\/04\/BMB072040.jpg\",\"datePublished\":\"2017-04-20T08:32:47+00:00\",\"dateModified\":\"2026-01-08T18:00:33+00:00\",\"breadcrumb\":{\"@id\":\"https:\/\/www.visionxeurope.com\/se\/webbutik\/vision-x-blacktips-marine-20-led-140w-40\/#breadcrumb\"},\"inLanguage\":\"sv-SE\",\"potentialAction\":[{\"@type\":\"ReadAction\",\"target\":[\"https:\/\/www.visionxeurope.com\/se\/webbutik\/vision-x-blacktips-marine-20-led-140w-40\/\"]}]},{\"@type\":\"ImageObject\",\"inLanguage\":\"sv-SE\",\"@id\":\"https:\/\/www.visionxeurope.com\/se\/webbutik\/vision-x-blacktips-marine-20-led-140w-40\/#primaryimage\",\"url\":\"https:\/\/www.visionxeurope.com\/se\/wp-content\/uploads\/sites\/7\/2022\/04\/BMB072040.jpg\",\"contentUrl\":\"https:\/\/www.visionxeurope.com\/se\/wp-content\/uploads\/sites\/7\/2022\/04\/BMB072040.jpg\",\"width\":450,\"height\":450},{\"@type\":\"BreadcrumbList\",\"@id\":\"https:\/\/www.visionxeurope.com\/se\/webbutik\/vision-x-blacktips-marine-20-led-140w-40\/#breadcrumb\",\"itemListElement\":[{\"@type\":\"ListItem\",\"position\":1,\"name\":\"Hem\",\"item\":\"https:\/\/www.visionxeurope.com\/se\/\"},{\"@type\":\"ListItem\",\"position\":2,\"name\":\"Webbutik\",\"item\":\"https:\/\/www.visionxeurope.com\/se\/webbutik\/\"},{\"@type\":\"ListItem\",\"position\":3,\"name\":\"VISION X BLACKTIPS MARINE 20 LED 140W 40\u00b0\"}]},{\"@type\":\"WebSite\",\"@id\":\"https:\/\/www.visionxeurope.com\/se\/#website\",\"url\":\"https:\/\/www.visionxeurope.com\/se\/\",\"name\":\"Vision X Europe\",\"description\":\"\",\"publisher\":{\"@id\":\"https:\/\/www.visionxeurope.com\/se\/#organization\"},\"potentialAction\":[{\"@type\":\"SearchAction\",\"target\":{\"@type\":\"EntryPoint\",\"urlTemplate\":\"https:\/\/www.visionxeurope.com\/se\/?s={search_term_string}\"},\"query-input\":{\"@type\":\"PropertyValueSpecification\",\"valueRequired\":true,\"valueName\":\"search_term_string\"}}],\"inLanguage\":\"sv-SE\"},{\"@type\":\"Organization\",\"@id\":\"https:\/\/www.visionxeurope.com\/se\/#organization\",\"name\":\"Vision X Europe\",\"url\":\"https:\/\/www.visionxeurope.com\/se\/\",\"logo\":{\"@type\":\"ImageObject\",\"inLanguage\":\"sv-SE\",\"@id\":\"https:\/\/www.visionxeurope.com\/se\/#\/schema\/logo\/image\/\",\"url\":\"https:\/\/www.visionxeurope.com\/se\/wp-content\/uploads\/sites\/7\/2021\/04\/visionxeurope.png\",\"contentUrl\":\"https:\/\/www.visionxeurope.com\/se\/wp-content\/uploads\/sites\/7\/2021\/04\/visionxeurope.png\",\"width\":300,\"height\":110,\"caption\":\"Vision X Europe\"},\"image\":{\"@id\":\"https:\/\/www.visionxeurope.com\/se\/#\/schema\/logo\/image\/\"},\"sameAs\":[\"https:\/\/www.facebook.com\/visionxeurope\",\"https:\/\/www.instagram.com\/visionxeurope\/\"]}]}<\/script>\n<meta property=\"product:price:amount\" content=\"8366.00\" \/>\n<meta property=\"product:price:currency\" content=\"SEK\" \/>\n<meta property=\"og:availability\" content=\"out of stock\" \/>\n<meta property=\"product:availability\" content=\"out of stock\" \/>\n<meta property=\"product:retailer_item_id\" content=\"BMB072040\" \/>\n<meta property=\"product:condition\" content=\"new\" \/>\n<!-- \/ Yoast SEO Premium plugin. -->","yoast_head_json":{"title":"VISION X BLACKTIPS MARINE 20 LED 140W 40\u00b0 - Vision X Europe","robots":{"index":"index","follow":"follow","max-snippet":"max-snippet:-1","max-image-preview":"max-image-preview:large","max-video-preview":"max-video-preview:-1"},"canonical":"https:\/\/www.visionxeurope.com\/se\/webbutik\/vision-x-blacktips-marine-20-led-140w-40\/","og_locale":"sv_SE","og_type":"article","og_title":"VISION X BLACKTIPS MARINE 20 LED 140W 40\u00b0","og_description":"Nyhet f\u00f6r kommersiella fartyg som st\u00e4ller h\u00f6gsta krav p\u00e5 sin belysning. Blacktips marinserie har den h\u00f6gsta konstruktionskvaliteten och senaste teknik f\u00f6r att m\u00f6jligg\u00f6ra en s\u00e4ker och fungerande belysning ombord. Med den senaste Cree- LED tekniken m\u00f6jligg\u00f6rs en stor volym ljus fr\u00e5n ett kompakt lamphus. Cispr 25 klass filtrerar bort RF-brus, som alstras fr\u00e5n ljuset vilket kan st\u00f6ra k\u00e4nsliga elektroniska komponenter samt fartygets radioautrustning. Avsk\u00e4rmad inre elektronik f\u00f6rhindrar yttre korrosion. Blacktips marinserie ger enast\u00e5ende ljusfl\u00f6de i en funktionell design. Med ett justerbart f\u00e4ste med inbyggda gradskivor f\u00f6r b\u00e5de vertikal och horisontell justering s\u00e4kerst\u00e4lls en korrekt ljusinst\u00e4llning f\u00f6r alla behov. Med h\u00f6gsta kappslingsklass IP69k (dr\u00e4nkbara ner till 3meter), marinklassificerad str\u00f6msladd med deutsch kontakt anslutning samt en vibrationst\u00e5lighet upp till 60 Grms st\u00e5r denna serie sig mycket v\u00e4l i konkurrensen och lyfter ribban ytterligare inom marin industrin. En riktigt tuff konstruktionKombinationen av det kraftiga gjutna 6061 aluminiumhuset, marin-ytbehandlingen, n\u00e4st intill okrossbara polykarbonat linsen, uppgraderade packningarna och f\u00f6rst\u00e4rkta inf\u00e4stningarna ger en super lampa som inte bara ger ett enormt ljus utan \u00e4ven h\u00e5ller i det l\u00e5nga loppet. Prime Drive TechnologyPrime Drive teknologin fr\u00e5n Vision X controllerar vitala funktioner som temperaturen men ger \u00e4ven en dimmingsfunktion som kan vara anv\u00e4ndbar f\u00f6r att minska risken f\u00f6r bl\u00e4ndning. Prime Drive ser till att lampan aldrig blir f\u00f6r varm s\u00e5 att livsl\u00e4ngden alltid kan garanteras. Detta styrs helt automatiskt och \u00e4r en av alla de funktioner som en Vision X lampa inneh\u00e5ller. Data:LED: 20 x 7W CreeLjusf\u00e4rgtemp: 5700KEffektiva lumen: 11270R\u00e5a lumen: 16000Sp\u00e4nning: 11-65VStr\u00f6mf\u00f6rbrukning: 11.7A @12V Watt: 140WKontakt: Ingen kontakt, \u00f6ppen kabel f\u00f6r m\u00f6jlighet till genomf\u00f6ring.F\u00e4ste: Justerbart med inbyggda gradskivor f\u00f6r b\u00e5de vertikal och horisontell justering.Vikt: 4.2kgBredd: 239mmH\u00f6jd: 173mmDjup:125mmIP-klass: IP69KVibrationsklass: 60 GrmsEMC godk\u00e4nnande: CISPR25 Linsmaterial: PolykarbonatHusets material: Pressgljuten aluminiumLamphusets bel\u00e4ggning: Marine Grade Anti-korrosionLjusbild: 40\u00b0 (Finns \u00e4ven som 10\u00b0, 25\u00b0, 60\u00b0).","og_url":"https:\/\/www.visionxeurope.com\/se\/webbutik\/vision-x-blacktips-marine-20-led-140w-40\/","og_site_name":"Vision X Europe","article_publisher":"https:\/\/www.facebook.com\/visionxeurope","article_modified_time":"2026-01-08T18:00:33+00:00","og_image":[{"width":450,"height":450,"url":"https:\/\/www.rindab.se\/wp-content\/uploads\/sites\/7\/2022\/04\/BMB072040.jpg","type":"image\/jpeg"}],"twitter_card":"summary_large_image","twitter_misc":{"Pris":"8 366,00&nbsp;&#107;&#114; exkl. moms","Tillg\u00e4nglig":"Slut i lager"},"schema":{"@context":"https:\/\/schema.org","@graph":[{"@type":"WebPage","@id":"https:\/\/www.visionxeurope.com\/se\/webbutik\/vision-x-blacktips-marine-20-led-140w-40\/","url":"https:\/\/www.visionxeurope.com\/se\/webbutik\/vision-x-blacktips-marine-20-led-140w-40\/","name":"VISION X BLACKTIPS MARINE 20 LED 140W 40\u00b0 - Vision X Europe","isPartOf":{"@id":"https:\/\/www.visionxeurope.com\/se\/#website"},"primaryImageOfPage":{"@id":"https:\/\/www.visionxeurope.com\/se\/webbutik\/vision-x-blacktips-marine-20-led-140w-40\/#primaryimage"},"image":{"@id":"https:\/\/www.visionxeurope.com\/se\/webbutik\/vision-x-blacktips-marine-20-led-140w-40\/#primaryimage"},"thumbnailUrl":"https:\/\/www.visionxeurope.com\/se\/wp-content\/uploads\/sites\/7\/2022\/04\/BMB072040.jpg","datePublished":"2017-04-20T08:32:47+00:00","dateModified":"2026-01-08T18:00:33+00:00","breadcrumb":{"@id":"https:\/\/www.visionxeurope.com\/se\/webbutik\/vision-x-blacktips-marine-20-led-140w-40\/#breadcrumb"},"inLanguage":"sv-SE","potentialAction":[{"@type":"ReadAction","target":["https:\/\/www.visionxeurope.com\/se\/webbutik\/vision-x-blacktips-marine-20-led-140w-40\/"]}]},{"@type":"ImageObject","inLanguage":"sv-SE","@id":"https:\/\/www.visionxeurope.com\/se\/webbutik\/vision-x-blacktips-marine-20-led-140w-40\/#primaryimage","url":"https:\/\/www.visionxeurope.com\/se\/wp-content\/uploads\/sites\/7\/2022\/04\/BMB072040.jpg","contentUrl":"https:\/\/www.visionxeurope.com\/se\/wp-content\/uploads\/sites\/7\/2022\/04\/BMB072040.jpg","width":450,"height":450},{"@type":"BreadcrumbList","@id":"https:\/\/www.visionxeurope.com\/se\/webbutik\/vision-x-blacktips-marine-20-led-140w-40\/#breadcrumb","itemListElement":[{"@type":"ListItem","position":1,"name":"Hem","item":"https:\/\/www.visionxeurope.com\/se\/"},{"@type":"ListItem","position":2,"name":"Webbutik","item":"https:\/\/www.visionxeurope.com\/se\/webbutik\/"},{"@type":"ListItem","position":3,"name":"VISION X BLACKTIPS MARINE 20 LED 140W 40\u00b0"}]},{"@type":"WebSite","@id":"https:\/\/www.visionxeurope.com\/se\/#website","url":"https:\/\/www.visionxeurope.com\/se\/","name":"Vision X Europe","description":"","publisher":{"@id":"https:\/\/www.visionxeurope.com\/se\/#organization"},"potentialAction":[{"@type":"SearchAction","target":{"@type":"EntryPoint","urlTemplate":"https:\/\/www.visionxeurope.com\/se\/?s={search_term_string}"},"query-input":{"@type":"PropertyValueSpecification","valueRequired":true,"valueName":"search_term_string"}}],"inLanguage":"sv-SE"},{"@type":"Organization","@id":"https:\/\/www.visionxeurope.com\/se\/#organization","name":"Vision X Europe","url":"https:\/\/www.visionxeurope.com\/se\/","logo":{"@type":"ImageObject","inLanguage":"sv-SE","@id":"https:\/\/www.visionxeurope.com\/se\/#\/schema\/logo\/image\/","url":"https:\/\/www.visionxeurope.com\/se\/wp-content\/uploads\/sites\/7\/2021\/04\/visionxeurope.png","contentUrl":"https:\/\/www.visionxeurope.com\/se\/wp-content\/uploads\/sites\/7\/2021\/04\/visionxeurope.png","width":300,"height":110,"caption":"Vision X Europe"},"image":{"@id":"https:\/\/www.visionxeurope.com\/se\/#\/schema\/logo\/image\/"},"sameAs":["https:\/\/www.facebook.com\/visionxeurope","https:\/\/www.instagram.com\/visionxeurope\/"]}]},"product_price_amount":"8366.00","product_price_currency":"SEK","og_availability":"out of stock","product_availability":"out of stock","product_retailer_item_id":"BMB072040","product_condition":"new"},"_links":{"self":[{"href":"https:\/\/www.visionxeurope.com\/se\/wp-json\/wp\/v2\/product\/13014","targetHints":{"allow":["GET"]}}],"collection":[{"href":"https:\/\/www.visionxeurope.com\/se\/wp-json\/wp\/v2\/product"}],"about":[{"href":"https:\/\/www.visionxeurope.com\/se\/wp-json\/wp\/v2\/types\/product"}],"replies":[{"embeddable":true,"href":"https:\/\/www.visionxeurope.com\/se\/wp-json\/wp\/v2\/comments?post=13014"}],"wp:featuredmedia":[{"embeddable":true,"href":"https:\/\/www.visionxeurope.com\/se\/wp-json\/wp\/v2\/media\/13983"}],"wp:attachment":[{"href":"https:\/\/www.visionxeurope.com\/se\/wp-json\/wp\/v2\/media?parent=13014"}],"wp:term":[{"taxonomy":"product_brand","embeddable":true,"href":"https:\/\/www.visionxeurope.com\/se\/wp-json\/wp\/v2\/product_brand?post=13014"},{"taxonomy":"product_cat","embeddable":true,"href":"https:\/\/www.visionxeurope.com\/se\/wp-json\/wp\/v2\/product_cat?post=13014"},{"taxonomy":"product_tag","embeddable":true,"href":"https:\/\/www.visionxeurope.com\/se\/wp-json\/wp\/v2\/product_tag?post=13014"}],"curies":[{"name":"wp","href":"https:\/\/api.w.org\/{rel}","templated":true}]}}