{"id":12981,"date":"2015-05-08T08:45:56","date_gmt":"2015-05-08T06:45:56","guid":{"rendered":"https:\/\/www.visionxeurope.com\/se\/produkt\/vision-x-blacktips-4-led-12w-60-ecer23\/"},"modified":"2026-03-26T14:13:47","modified_gmt":"2026-03-26T13:13:47","slug":"vision-x-blacktips-4-led-12w-60-ecer23","status":"publish","type":"product","link":"https:\/\/www.visionxeurope.com\/se\/webbutik\/vision-x-blacktips-4-led-12w-60-ecer23\/","title":{"rendered":"VISION X BLACKTIPS 4 LED 12W 60\u00b0 ECER23"},"content":{"rendered":"<p><\/p>\n<p>Blacktips \u00e4r Vision X senaste tillskott p\u00e5 tunga sidan, framtagna f\u00f6r tuffa applikationer som t.ex. gruvindustri, entreprenad, skogsbruk m.m. <\/p>\n<p><\/p>\n<p><\/p>\n<p>Blacktips anv\u00e4nder sig av den senaste generationens dioder som ger \u00e4nda upp till 80-90 lumen per watt vilket \u00e4r den h\u00f6gsta effektivitet som g\u00e5r att uppn\u00e5 vad g\u00e4ller LED belysning. Det ger ett enormt ljus som \u00e4r oslagbart vad g\u00e4ller annan belysning i samma storlek. T\u00e4nd upp en Blacktips lampa s\u00e5 f\u00f6rst\u00e5r du garanterat vad vi pratar om. <\/p>\n<p><\/p>\n<p><\/p>\n<p><strong>Blacktips 4-LED \u00e4r \u00e4ven godk\u00e4nd f\u00f6r anv\u00e4ndning som backlampa med ECER23 godk\u00e4nnande.<\/strong><\/p>\n<p><\/p>\n<p><\/p>\n<p><strong>Data:<\/strong><br \/>LED: 4 x 3W<br \/>Ljusf\u00e4rgtemp: 6000K<br \/>Effektiva lumen: 950<br \/>R\u00e5a lumen: 2000<br \/>Sp\u00e4nning: 9-32V<br \/>Str\u00f6mf\u00f6rbrukning: 0.5 Amp @ 24V<br \/>Watt: 12W<br \/>Kontakt: Deutsch DT04-2P<br \/>F\u00e4stetyp: Trunnion &amp;amp Single Bolt<br \/>Vikt: 0.48kg<br \/>Bredd: 90mm<br \/>H\u00f6jd: 90mm<br \/>Djup: 59mm<br \/>CE-m\u00e4rkt: Ja<br \/>IP-klass: IP69K<br \/>Vibrationsklass: 21 Grms<br \/>Linsmaterial: 5mm Polykarbonat<br \/>Husets material: Aluminium<br \/>Lamphusets bel\u00e4ggning: Marine Grade Anti-korrosion<br \/>Ljusbild: 60\u00b0 Wide flood<\/p>\n<p><\/p>","protected":false},"excerpt":{"rendered":"<p>Blacktips \u00e4r Vision X senaste tillskott p\u00e5 tunga sidan, framtagna f\u00f6r tuffa applikationer som t.ex. gruvindustri, entreprenad, skogsbruk m.m. <\/p>\n<p>Blacktips anv\u00e4nder sig av den senaste generationens dioder som ger \u00e4nda upp till 80-90 lumen per watt vilket \u00e4r den h\u00f6gsta effektivitet som g\u00e5r att uppn\u00e5 vad g\u00e4ller LED belysning. Det ger ett enormt ljus som \u00e4r oslagbart vad g\u00e4ller annan belysning i samma storlek. T\u00e4nd upp en Blacktips lampa s\u00e5 f\u00f6rst\u00e5r du garanterat vad vi pratar om. <\/p>\n<p><strong>Blacktips 4-LED \u00e4r \u00e4ven godk\u00e4nd f\u00f6r anv\u00e4ndning som backlampa med ECER23 godk\u00e4nnande.<\/strong><\/p>\n<p><strong>Data:<\/strong><br \/>LED: 4 x 3W<br \/>Ljusf\u00e4rgtemp: 6000K<br \/>Effektiva lumen: 950<br \/>R\u00e5a lumen: 2000<br \/>Sp\u00e4nning: 9-32V<br \/>Str\u00f6mf\u00f6rbrukning: 0.5 Amp @ 24V<br \/>Watt: 12W<br \/>Kontakt: Deutsch DT04-2P<br \/>F\u00e4stetyp: Trunnion &amp;amp Single Bolt<br \/>Vikt: 0.48kg<br \/>Bredd: 90mm<br \/>H\u00f6jd: 90mm<br \/>Djup: 59mm<br \/>CE-m\u00e4rkt: Ja<br \/>IP-klass: IP69K<br \/>Vibrationsklass: 21 Grms<br \/>Linsmaterial: 5mm Polykarbonat<br \/>Husets material: Aluminium<br \/>Lamphusets bel\u00e4ggning: Marine Grade Anti-korrosion<br \/>Ljusbild: 60\u00b0 Wide flood<\/p>\n","protected":false},"featured_media":13895,"comment_status":"closed","ping_status":"open","template":"","meta":{"editor_notices":[]},"product_brand":[],"product_cat":[32],"product_tag":[],"class_list":{"0":"post-12981","1":"product","2":"type-product","3":"status-publish","4":"has-post-thumbnail","6":"product_cat-blacktips","7":"resize-featured-image","8":"","9":"woocommerce-text-align-left","10":"woocommerce-image-align-center","12":"first","13":"instock","14":"taxable","15":"shipping-taxable","16":"product-type-simple"},"yoast_head":"<!-- This site is optimized with the Yoast SEO Premium plugin v25.0 (Yoast SEO v25.0) - https:\/\/yoast.com\/wordpress\/plugins\/seo\/ -->\n<title>VISION X BLACKTIPS 4 LED 12W 60\u00b0 ECER23 - Vision X Europe<\/title>\n<meta name=\"robots\" content=\"index, follow, max-snippet:-1, max-image-preview:large, max-video-preview:-1\" \/>\n<link rel=\"canonical\" href=\"https:\/\/www.visionxeurope.com\/se\/webbutik\/vision-x-blacktips-4-led-12w-60-ecer23\/\" \/>\n<meta property=\"og:locale\" content=\"sv_SE\" \/>\n<meta property=\"og:type\" content=\"article\" \/>\n<meta property=\"og:title\" content=\"VISION X BLACKTIPS 4 LED 12W 60\u00b0 ECER23\" \/>\n<meta property=\"og:description\" content=\"Blacktips \u00e4r Vision X senaste tillskott p\u00e5 tunga sidan, framtagna f\u00f6r tuffa applikationer som t.ex. gruvindustri, entreprenad, skogsbruk m.m. Blacktips anv\u00e4nder sig av den senaste generationens dioder som ger \u00e4nda upp till 80-90 lumen per watt vilket \u00e4r den h\u00f6gsta effektivitet som g\u00e5r att uppn\u00e5 vad g\u00e4ller LED belysning. Det ger ett enormt ljus som \u00e4r oslagbart vad g\u00e4ller annan belysning i samma storlek. T\u00e4nd upp en Blacktips lampa s\u00e5 f\u00f6rst\u00e5r du garanterat vad vi pratar om. Blacktips 4-LED \u00e4r \u00e4ven godk\u00e4nd f\u00f6r anv\u00e4ndning som backlampa med ECER23 godk\u00e4nnande. Data:LED: 4 x 3WLjusf\u00e4rgtemp: 6000KEffektiva lumen: 950R\u00e5a lumen: 2000Sp\u00e4nning: 9-32VStr\u00f6mf\u00f6rbrukning: 0.5 Amp @ 24VWatt: 12WKontakt: Deutsch DT04-2PF\u00e4stetyp: Trunnion &amp;amp Single BoltVikt: 0.48kgBredd: 90mmH\u00f6jd: 90mmDjup: 59mmCE-m\u00e4rkt: JaIP-klass: IP69KVibrationsklass: 21 GrmsLinsmaterial: 5mm PolykarbonatHusets material: AluminiumLamphusets bel\u00e4ggning: Marine Grade Anti-korrosionLjusbild: 60\u00b0 Wide flood\" \/>\n<meta property=\"og:url\" content=\"https:\/\/www.visionxeurope.com\/se\/webbutik\/vision-x-blacktips-4-led-12w-60-ecer23\/\" \/>\n<meta property=\"og:site_name\" content=\"Vision X Europe\" \/>\n<meta property=\"article:publisher\" content=\"https:\/\/www.facebook.com\/visionxeurope\" \/>\n<meta property=\"article:modified_time\" content=\"2026-03-26T13:13:47+00:00\" \/>\n<meta property=\"og:image\" content=\"https:\/\/www.visionxeurope.com\/se\/wp-content\/uploads\/sites\/7\/2022\/04\/BLB050460.jpg\" \/>\n\t<meta property=\"og:image:width\" content=\"450\" \/>\n\t<meta property=\"og:image:height\" content=\"450\" \/>\n\t<meta property=\"og:image:type\" content=\"image\/jpeg\" \/>\n<meta name=\"twitter:card\" content=\"summary_large_image\" \/>\n<meta name=\"twitter:label1\" content=\"Pris\" \/>\n\t<meta name=\"twitter:data1\" content=\"906,00&nbsp;&#107;&#114; exkl. moms\" \/>\n\t<meta name=\"twitter:label2\" content=\"Tillg\u00e4nglig\" \/>\n\t<meta name=\"twitter:data2\" content=\"I lager\" \/>\n<script type=\"application\/ld+json\" class=\"yoast-schema-graph\">{\"@context\":\"https:\/\/schema.org\",\"@graph\":[{\"@type\":\"WebPage\",\"@id\":\"https:\/\/www.visionxeurope.com\/se\/webbutik\/vision-x-blacktips-4-led-12w-60-ecer23\/\",\"url\":\"https:\/\/www.visionxeurope.com\/se\/webbutik\/vision-x-blacktips-4-led-12w-60-ecer23\/\",\"name\":\"VISION X BLACKTIPS 4 LED 12W 60\u00b0 ECER23 - Vision X Europe\",\"isPartOf\":{\"@id\":\"https:\/\/www.visionxeurope.com\/se\/#website\"},\"primaryImageOfPage\":{\"@id\":\"https:\/\/www.visionxeurope.com\/se\/webbutik\/vision-x-blacktips-4-led-12w-60-ecer23\/#primaryimage\"},\"image\":{\"@id\":\"https:\/\/www.visionxeurope.com\/se\/webbutik\/vision-x-blacktips-4-led-12w-60-ecer23\/#primaryimage\"},\"thumbnailUrl\":\"https:\/\/www.visionxeurope.com\/se\/wp-content\/uploads\/sites\/7\/2022\/04\/BLB050460.jpg\",\"datePublished\":\"2015-05-08T06:45:56+00:00\",\"dateModified\":\"2026-03-26T13:13:47+00:00\",\"breadcrumb\":{\"@id\":\"https:\/\/www.visionxeurope.com\/se\/webbutik\/vision-x-blacktips-4-led-12w-60-ecer23\/#breadcrumb\"},\"inLanguage\":\"sv-SE\",\"potentialAction\":[{\"@type\":\"ReadAction\",\"target\":[\"https:\/\/www.visionxeurope.com\/se\/webbutik\/vision-x-blacktips-4-led-12w-60-ecer23\/\"]}]},{\"@type\":\"ImageObject\",\"inLanguage\":\"sv-SE\",\"@id\":\"https:\/\/www.visionxeurope.com\/se\/webbutik\/vision-x-blacktips-4-led-12w-60-ecer23\/#primaryimage\",\"url\":\"https:\/\/www.visionxeurope.com\/se\/wp-content\/uploads\/sites\/7\/2022\/04\/BLB050460.jpg\",\"contentUrl\":\"https:\/\/www.visionxeurope.com\/se\/wp-content\/uploads\/sites\/7\/2022\/04\/BLB050460.jpg\",\"width\":450,\"height\":450},{\"@type\":\"BreadcrumbList\",\"@id\":\"https:\/\/www.visionxeurope.com\/se\/webbutik\/vision-x-blacktips-4-led-12w-60-ecer23\/#breadcrumb\",\"itemListElement\":[{\"@type\":\"ListItem\",\"position\":1,\"name\":\"Hem\",\"item\":\"https:\/\/www.visionxeurope.com\/se\/\"},{\"@type\":\"ListItem\",\"position\":2,\"name\":\"Webbutik\",\"item\":\"https:\/\/www.visionxeurope.com\/se\/webbutik\/\"},{\"@type\":\"ListItem\",\"position\":3,\"name\":\"VISION X BLACKTIPS 4 LED 12W 60\u00b0 ECER23\"}]},{\"@type\":\"WebSite\",\"@id\":\"https:\/\/www.visionxeurope.com\/se\/#website\",\"url\":\"https:\/\/www.visionxeurope.com\/se\/\",\"name\":\"Vision X Europe\",\"description\":\"\",\"publisher\":{\"@id\":\"https:\/\/www.visionxeurope.com\/se\/#organization\"},\"potentialAction\":[{\"@type\":\"SearchAction\",\"target\":{\"@type\":\"EntryPoint\",\"urlTemplate\":\"https:\/\/www.visionxeurope.com\/se\/?s={search_term_string}\"},\"query-input\":{\"@type\":\"PropertyValueSpecification\",\"valueRequired\":true,\"valueName\":\"search_term_string\"}}],\"inLanguage\":\"sv-SE\"},{\"@type\":\"Organization\",\"@id\":\"https:\/\/www.visionxeurope.com\/se\/#organization\",\"name\":\"Vision X Europe\",\"url\":\"https:\/\/www.visionxeurope.com\/se\/\",\"logo\":{\"@type\":\"ImageObject\",\"inLanguage\":\"sv-SE\",\"@id\":\"https:\/\/www.visionxeurope.com\/se\/#\/schema\/logo\/image\/\",\"url\":\"https:\/\/www.visionxeurope.com\/se\/wp-content\/uploads\/sites\/7\/2021\/04\/visionxeurope.png\",\"contentUrl\":\"https:\/\/www.visionxeurope.com\/se\/wp-content\/uploads\/sites\/7\/2021\/04\/visionxeurope.png\",\"width\":300,\"height\":110,\"caption\":\"Vision X Europe\"},\"image\":{\"@id\":\"https:\/\/www.visionxeurope.com\/se\/#\/schema\/logo\/image\/\"},\"sameAs\":[\"https:\/\/www.facebook.com\/visionxeurope\",\"https:\/\/www.instagram.com\/visionxeurope\/\"]}]}<\/script>\n<meta property=\"product:price:amount\" content=\"906.00\" \/>\n<meta property=\"product:price:currency\" content=\"SEK\" \/>\n<meta property=\"og:availability\" content=\"instock\" \/>\n<meta property=\"product:availability\" content=\"instock\" \/>\n<meta property=\"product:retailer_item_id\" content=\"BLB050460\" \/>\n<meta property=\"product:condition\" content=\"new\" \/>\n<!-- \/ Yoast SEO Premium plugin. -->","yoast_head_json":{"title":"VISION X BLACKTIPS 4 LED 12W 60\u00b0 ECER23 - Vision X Europe","robots":{"index":"index","follow":"follow","max-snippet":"max-snippet:-1","max-image-preview":"max-image-preview:large","max-video-preview":"max-video-preview:-1"},"canonical":"https:\/\/www.visionxeurope.com\/se\/webbutik\/vision-x-blacktips-4-led-12w-60-ecer23\/","og_locale":"sv_SE","og_type":"article","og_title":"VISION X BLACKTIPS 4 LED 12W 60\u00b0 ECER23","og_description":"Blacktips \u00e4r Vision X senaste tillskott p\u00e5 tunga sidan, framtagna f\u00f6r tuffa applikationer som t.ex. gruvindustri, entreprenad, skogsbruk m.m. Blacktips anv\u00e4nder sig av den senaste generationens dioder som ger \u00e4nda upp till 80-90 lumen per watt vilket \u00e4r den h\u00f6gsta effektivitet som g\u00e5r att uppn\u00e5 vad g\u00e4ller LED belysning. Det ger ett enormt ljus som \u00e4r oslagbart vad g\u00e4ller annan belysning i samma storlek. T\u00e4nd upp en Blacktips lampa s\u00e5 f\u00f6rst\u00e5r du garanterat vad vi pratar om. Blacktips 4-LED \u00e4r \u00e4ven godk\u00e4nd f\u00f6r anv\u00e4ndning som backlampa med ECER23 godk\u00e4nnande. Data:LED: 4 x 3WLjusf\u00e4rgtemp: 6000KEffektiva lumen: 950R\u00e5a lumen: 2000Sp\u00e4nning: 9-32VStr\u00f6mf\u00f6rbrukning: 0.5 Amp @ 24VWatt: 12WKontakt: Deutsch DT04-2PF\u00e4stetyp: Trunnion &amp;amp Single BoltVikt: 0.48kgBredd: 90mmH\u00f6jd: 90mmDjup: 59mmCE-m\u00e4rkt: JaIP-klass: IP69KVibrationsklass: 21 GrmsLinsmaterial: 5mm PolykarbonatHusets material: AluminiumLamphusets bel\u00e4ggning: Marine Grade Anti-korrosionLjusbild: 60\u00b0 Wide flood","og_url":"https:\/\/www.visionxeurope.com\/se\/webbutik\/vision-x-blacktips-4-led-12w-60-ecer23\/","og_site_name":"Vision X Europe","article_publisher":"https:\/\/www.facebook.com\/visionxeurope","article_modified_time":"2026-03-26T13:13:47+00:00","og_image":[{"width":450,"height":450,"url":"https:\/\/www.visionxeurope.com\/se\/wp-content\/uploads\/sites\/7\/2022\/04\/BLB050460.jpg","type":"image\/jpeg"}],"twitter_card":"summary_large_image","twitter_misc":{"Pris":"906,00&nbsp;&#107;&#114; exkl. moms","Tillg\u00e4nglig":"I lager"},"schema":{"@context":"https:\/\/schema.org","@graph":[{"@type":"WebPage","@id":"https:\/\/www.visionxeurope.com\/se\/webbutik\/vision-x-blacktips-4-led-12w-60-ecer23\/","url":"https:\/\/www.visionxeurope.com\/se\/webbutik\/vision-x-blacktips-4-led-12w-60-ecer23\/","name":"VISION X BLACKTIPS 4 LED 12W 60\u00b0 ECER23 - Vision X Europe","isPartOf":{"@id":"https:\/\/www.visionxeurope.com\/se\/#website"},"primaryImageOfPage":{"@id":"https:\/\/www.visionxeurope.com\/se\/webbutik\/vision-x-blacktips-4-led-12w-60-ecer23\/#primaryimage"},"image":{"@id":"https:\/\/www.visionxeurope.com\/se\/webbutik\/vision-x-blacktips-4-led-12w-60-ecer23\/#primaryimage"},"thumbnailUrl":"https:\/\/www.visionxeurope.com\/se\/wp-content\/uploads\/sites\/7\/2022\/04\/BLB050460.jpg","datePublished":"2015-05-08T06:45:56+00:00","dateModified":"2026-03-26T13:13:47+00:00","breadcrumb":{"@id":"https:\/\/www.visionxeurope.com\/se\/webbutik\/vision-x-blacktips-4-led-12w-60-ecer23\/#breadcrumb"},"inLanguage":"sv-SE","potentialAction":[{"@type":"ReadAction","target":["https:\/\/www.visionxeurope.com\/se\/webbutik\/vision-x-blacktips-4-led-12w-60-ecer23\/"]}]},{"@type":"ImageObject","inLanguage":"sv-SE","@id":"https:\/\/www.visionxeurope.com\/se\/webbutik\/vision-x-blacktips-4-led-12w-60-ecer23\/#primaryimage","url":"https:\/\/www.visionxeurope.com\/se\/wp-content\/uploads\/sites\/7\/2022\/04\/BLB050460.jpg","contentUrl":"https:\/\/www.visionxeurope.com\/se\/wp-content\/uploads\/sites\/7\/2022\/04\/BLB050460.jpg","width":450,"height":450},{"@type":"BreadcrumbList","@id":"https:\/\/www.visionxeurope.com\/se\/webbutik\/vision-x-blacktips-4-led-12w-60-ecer23\/#breadcrumb","itemListElement":[{"@type":"ListItem","position":1,"name":"Hem","item":"https:\/\/www.visionxeurope.com\/se\/"},{"@type":"ListItem","position":2,"name":"Webbutik","item":"https:\/\/www.visionxeurope.com\/se\/webbutik\/"},{"@type":"ListItem","position":3,"name":"VISION X BLACKTIPS 4 LED 12W 60\u00b0 ECER23"}]},{"@type":"WebSite","@id":"https:\/\/www.visionxeurope.com\/se\/#website","url":"https:\/\/www.visionxeurope.com\/se\/","name":"Vision X Europe","description":"","publisher":{"@id":"https:\/\/www.visionxeurope.com\/se\/#organization"},"potentialAction":[{"@type":"SearchAction","target":{"@type":"EntryPoint","urlTemplate":"https:\/\/www.visionxeurope.com\/se\/?s={search_term_string}"},"query-input":{"@type":"PropertyValueSpecification","valueRequired":true,"valueName":"search_term_string"}}],"inLanguage":"sv-SE"},{"@type":"Organization","@id":"https:\/\/www.visionxeurope.com\/se\/#organization","name":"Vision X Europe","url":"https:\/\/www.visionxeurope.com\/se\/","logo":{"@type":"ImageObject","inLanguage":"sv-SE","@id":"https:\/\/www.visionxeurope.com\/se\/#\/schema\/logo\/image\/","url":"https:\/\/www.visionxeurope.com\/se\/wp-content\/uploads\/sites\/7\/2021\/04\/visionxeurope.png","contentUrl":"https:\/\/www.visionxeurope.com\/se\/wp-content\/uploads\/sites\/7\/2021\/04\/visionxeurope.png","width":300,"height":110,"caption":"Vision X Europe"},"image":{"@id":"https:\/\/www.visionxeurope.com\/se\/#\/schema\/logo\/image\/"},"sameAs":["https:\/\/www.facebook.com\/visionxeurope","https:\/\/www.instagram.com\/visionxeurope\/"]}]},"product_price_amount":"906.00","product_price_currency":"SEK","og_availability":"instock","product_availability":"instock","product_retailer_item_id":"BLB050460","product_condition":"new"},"_links":{"self":[{"href":"https:\/\/www.visionxeurope.com\/se\/wp-json\/wp\/v2\/product\/12981","targetHints":{"allow":["GET"]}}],"collection":[{"href":"https:\/\/www.visionxeurope.com\/se\/wp-json\/wp\/v2\/product"}],"about":[{"href":"https:\/\/www.visionxeurope.com\/se\/wp-json\/wp\/v2\/types\/product"}],"replies":[{"embeddable":true,"href":"https:\/\/www.visionxeurope.com\/se\/wp-json\/wp\/v2\/comments?post=12981"}],"wp:featuredmedia":[{"embeddable":true,"href":"https:\/\/www.visionxeurope.com\/se\/wp-json\/wp\/v2\/media\/13895"}],"wp:attachment":[{"href":"https:\/\/www.visionxeurope.com\/se\/wp-json\/wp\/v2\/media?parent=12981"}],"wp:term":[{"taxonomy":"product_brand","embeddable":true,"href":"https:\/\/www.visionxeurope.com\/se\/wp-json\/wp\/v2\/product_brand?post=12981"},{"taxonomy":"product_cat","embeddable":true,"href":"https:\/\/www.visionxeurope.com\/se\/wp-json\/wp\/v2\/product_cat?post=12981"},{"taxonomy":"product_tag","embeddable":true,"href":"https:\/\/www.visionxeurope.com\/se\/wp-json\/wp\/v2\/product_tag?post=12981"}],"curies":[{"name":"wp","href":"https:\/\/api.w.org\/{rel}","templated":true}]}}