{"id":12953,"date":"2015-06-01T10:13:15","date_gmt":"2015-06-01T08:13:15","guid":{"rendered":"https:\/\/www.visionxeurope.com\/se\/produkt\/vision-x-ucl-sd-skarm-7-2ch-10g-pro-bnc\/"},"modified":"2022-04-30T00:24:04","modified_gmt":"2022-04-29T22:24:04","slug":"vision-x-ucl-sd-skarm-7-2ch-10g-pro-bnc","status":"publish","type":"product","link":"https:\/\/www.visionxeurope.com\/se\/webbutik\/vision-x-ucl-sd-skarm-7-2ch-10g-pro-bnc\/","title":{"rendered":"VISION X UCL SD SK\u00c4RM 7&#8243; 2CH 10G PRO (BNC)"},"content":{"rendered":"<p><\/p>\n<p>7&#8243; bildsk\u00e4rm passande Vision X UCL kamera lampan med 4-pin (BNC kontakt).<\/p>\n<p><\/p>\n<p><\/p>\n<p>Sk\u00e4rmen kan enkelt kopplas ihop med UCL kamera lampan om man \u00f6nskar en separat sk\u00e4rm eller inte har n\u00e5gon sk\u00e4rm sedan tidigare.<br \/>Sk\u00e4rmen vi har valt ut \u00e4r t\u00e5lig och klarar relativt kraftiga vibrationer och st\u00f6tar.<\/p>\n<p><\/p>\n<p><\/p>\n<p><strong>Data:<br \/><\/strong>Storlek: 7&#8243;<br \/>Uppl\u00f6sning: 800 x 480 px<br \/>Betraktningsvinkel: U:50\u00b0. N:60\u00b0, H\/V:70\u00b0<br \/>Kontrastf\u00f6rh\u00e5llande: 500:1<br \/>Luminans (nits): 400cd\/m\u00b2<br \/>Svarstid: 25 ms<br \/>Str\u00f6mf\u00f6rs\u00f6rjning: 10-32V<br \/>Str\u00f6mf\u00f6rbrukning: Max. 4W<br \/>Storlek (BxHxD): 185 x 123 x 50 mm<br \/>Vikt: 380 g<br \/>Arbetstemperatur: -10\u00b0C &#8211; + 80\u00b0C<br \/>St\u00f6tt\u00e5lighet: 10G<br \/>Delad sk\u00e4rm: Nej<br \/>Kamera kanaler: 2<br \/>Bakgrundsljus: Ja<br \/>Reflexbehandlad sk\u00e4rm: Ja<\/p>\n<p><\/p>","protected":false},"excerpt":{"rendered":"<p>7&#8243; bildsk\u00e4rm passande Vision X UCL kamera lampan med 4-pin (BNC kontakt).<\/p>\n<p>Sk\u00e4rmen kan enkelt kopplas ihop med UCL kamera lampan om man \u00f6nskar en separat sk\u00e4rm eller inte har n\u00e5gon sk\u00e4rm sedan tidigare.<br \/>Sk\u00e4rmen vi har valt ut \u00e4r t\u00e5lig och klarar relativt kraftiga vibrationer och st\u00f6tar.<\/p>\n<p><strong>Data:<br \/><\/strong>Storlek: 7&#8243;<br \/>Uppl\u00f6sning: 800 x 480 px<br \/>Betraktningsvinkel: U:50\u00b0. N:60\u00b0, H\/V:70\u00b0<br \/>Kontrastf\u00f6rh\u00e5llande: 500:1<br \/>Luminans (nits): 400cd\/m\u00b2<br \/>Svarstid: 25 ms<br \/>Str\u00f6mf\u00f6rs\u00f6rjning: 10-32V<br \/>Str\u00f6mf\u00f6rbrukning: Max. 4W<br \/>Storlek (BxHxD): 185 x 123 x 50 mm<br \/>Vikt: 380 g<br \/>Arbetstemperatur: -10\u00b0C &#8211; + 80\u00b0C<br \/>St\u00f6tt\u00e5lighet: 10G<br \/>Delad sk\u00e4rm: Nej<br \/>Kamera kanaler: 2<br \/>Bakgrundsljus: Ja<br \/>Reflexbehandlad sk\u00e4rm: Ja<\/p>\n","protected":false},"featured_media":13875,"comment_status":"closed","ping_status":"open","template":"","meta":{"editor_notices":[]},"product_brand":[],"product_cat":[22],"product_tag":[],"class_list":{"0":"post-12953","1":"product","2":"type-product","3":"status-publish","4":"has-post-thumbnail","6":"product_cat-ucl-kamerabelysning","7":"resize-featured-image","8":"","9":"woocommerce-text-align-left","10":"woocommerce-image-align-center","12":"first","13":"instock","14":"taxable","15":"shipping-taxable","16":"product-type-simple"},"yoast_head":"<!-- This site is optimized with the Yoast SEO Premium plugin v25.0 (Yoast SEO v25.0) - https:\/\/yoast.com\/wordpress\/plugins\/seo\/ -->\n<title>VISION X UCL SD SK\u00c4RM 7&quot; 2CH 10G PRO (BNC) - Vision X Europe<\/title>\n<meta name=\"robots\" content=\"index, follow, max-snippet:-1, max-image-preview:large, max-video-preview:-1\" \/>\n<link rel=\"canonical\" href=\"https:\/\/www.visionxeurope.com\/se\/webbutik\/vision-x-ucl-sd-skarm-7-2ch-10g-pro-bnc\/\" \/>\n<meta property=\"og:locale\" content=\"sv_SE\" \/>\n<meta property=\"og:type\" content=\"article\" \/>\n<meta property=\"og:title\" content=\"VISION X UCL SD SK\u00c4RM 7&quot; 2CH 10G PRO (BNC)\" \/>\n<meta property=\"og:description\" content=\"7&#8243; bildsk\u00e4rm passande Vision X UCL kamera lampan med 4-pin (BNC kontakt). Sk\u00e4rmen kan enkelt kopplas ihop med UCL kamera lampan om man \u00f6nskar en separat sk\u00e4rm eller inte har n\u00e5gon sk\u00e4rm sedan tidigare.Sk\u00e4rmen vi har valt ut \u00e4r t\u00e5lig och klarar relativt kraftiga vibrationer och st\u00f6tar. Data:Storlek: 7&#8243;Uppl\u00f6sning: 800 x 480 pxBetraktningsvinkel: U:50\u00b0. N:60\u00b0, H\/V:70\u00b0Kontrastf\u00f6rh\u00e5llande: 500:1Luminans (nits): 400cd\/m\u00b2Svarstid: 25 msStr\u00f6mf\u00f6rs\u00f6rjning: 10-32VStr\u00f6mf\u00f6rbrukning: Max. 4WStorlek (BxHxD): 185 x 123 x 50 mmVikt: 380 gArbetstemperatur: -10\u00b0C &#8211; + 80\u00b0CSt\u00f6tt\u00e5lighet: 10GDelad sk\u00e4rm: NejKamera kanaler: 2Bakgrundsljus: JaReflexbehandlad sk\u00e4rm: Ja\" \/>\n<meta property=\"og:url\" content=\"https:\/\/www.visionxeurope.com\/se\/webbutik\/vision-x-ucl-sd-skarm-7-2ch-10g-pro-bnc\/\" \/>\n<meta property=\"og:site_name\" content=\"Vision X Europe\" \/>\n<meta property=\"article:publisher\" content=\"https:\/\/www.facebook.com\/visionxeurope\" \/>\n<meta property=\"article:modified_time\" content=\"2022-04-29T22:24:04+00:00\" \/>\n<meta property=\"og:image\" content=\"https:\/\/www.rindab.se\/wp-content\/uploads\/sites\/7\/2022\/04\/10022.jpg\" \/>\n\t<meta property=\"og:image:width\" content=\"450\" \/>\n\t<meta property=\"og:image:height\" content=\"450\" \/>\n\t<meta property=\"og:image:type\" content=\"image\/jpeg\" \/>\n<meta name=\"twitter:card\" content=\"summary_large_image\" \/>\n<meta name=\"twitter:label1\" content=\"Pris\" \/>\n\t<meta name=\"twitter:data1\" content=\"2 496,00&nbsp;&#107;&#114; exkl. moms\" \/>\n\t<meta name=\"twitter:label2\" content=\"Tillg\u00e4nglig\" \/>\n\t<meta name=\"twitter:data2\" content=\"I lager\" \/>\n<script type=\"application\/ld+json\" class=\"yoast-schema-graph\">{\"@context\":\"https:\/\/schema.org\",\"@graph\":[{\"@type\":\"WebPage\",\"@id\":\"https:\/\/www.visionxeurope.com\/se\/webbutik\/vision-x-ucl-sd-skarm-7-2ch-10g-pro-bnc\/\",\"url\":\"https:\/\/www.visionxeurope.com\/se\/webbutik\/vision-x-ucl-sd-skarm-7-2ch-10g-pro-bnc\/\",\"name\":\"VISION X UCL SD SK\u00c4RM 7\\\" 2CH 10G PRO (BNC) - Vision X Europe\",\"isPartOf\":{\"@id\":\"https:\/\/www.visionxeurope.com\/se\/#website\"},\"primaryImageOfPage\":{\"@id\":\"https:\/\/www.visionxeurope.com\/se\/webbutik\/vision-x-ucl-sd-skarm-7-2ch-10g-pro-bnc\/#primaryimage\"},\"image\":{\"@id\":\"https:\/\/www.visionxeurope.com\/se\/webbutik\/vision-x-ucl-sd-skarm-7-2ch-10g-pro-bnc\/#primaryimage\"},\"thumbnailUrl\":\"https:\/\/www.visionxeurope.com\/se\/wp-content\/uploads\/sites\/7\/2022\/04\/10022.jpg\",\"datePublished\":\"2015-06-01T08:13:15+00:00\",\"dateModified\":\"2022-04-29T22:24:04+00:00\",\"breadcrumb\":{\"@id\":\"https:\/\/www.visionxeurope.com\/se\/webbutik\/vision-x-ucl-sd-skarm-7-2ch-10g-pro-bnc\/#breadcrumb\"},\"inLanguage\":\"sv-SE\",\"potentialAction\":[{\"@type\":\"ReadAction\",\"target\":[\"https:\/\/www.visionxeurope.com\/se\/webbutik\/vision-x-ucl-sd-skarm-7-2ch-10g-pro-bnc\/\"]}]},{\"@type\":\"ImageObject\",\"inLanguage\":\"sv-SE\",\"@id\":\"https:\/\/www.visionxeurope.com\/se\/webbutik\/vision-x-ucl-sd-skarm-7-2ch-10g-pro-bnc\/#primaryimage\",\"url\":\"https:\/\/www.visionxeurope.com\/se\/wp-content\/uploads\/sites\/7\/2022\/04\/10022.jpg\",\"contentUrl\":\"https:\/\/www.visionxeurope.com\/se\/wp-content\/uploads\/sites\/7\/2022\/04\/10022.jpg\",\"width\":450,\"height\":450},{\"@type\":\"BreadcrumbList\",\"@id\":\"https:\/\/www.visionxeurope.com\/se\/webbutik\/vision-x-ucl-sd-skarm-7-2ch-10g-pro-bnc\/#breadcrumb\",\"itemListElement\":[{\"@type\":\"ListItem\",\"position\":1,\"name\":\"Hem\",\"item\":\"https:\/\/www.visionxeurope.com\/se\/\"},{\"@type\":\"ListItem\",\"position\":2,\"name\":\"Webbutik\",\"item\":\"https:\/\/www.visionxeurope.com\/se\/webbutik\/\"},{\"@type\":\"ListItem\",\"position\":3,\"name\":\"VISION X UCL SD SK\u00c4RM 7&#8243; 2CH 10G PRO (BNC)\"}]},{\"@type\":\"WebSite\",\"@id\":\"https:\/\/www.visionxeurope.com\/se\/#website\",\"url\":\"https:\/\/www.visionxeurope.com\/se\/\",\"name\":\"Vision X Europe\",\"description\":\"\",\"publisher\":{\"@id\":\"https:\/\/www.visionxeurope.com\/se\/#organization\"},\"potentialAction\":[{\"@type\":\"SearchAction\",\"target\":{\"@type\":\"EntryPoint\",\"urlTemplate\":\"https:\/\/www.visionxeurope.com\/se\/?s={search_term_string}\"},\"query-input\":{\"@type\":\"PropertyValueSpecification\",\"valueRequired\":true,\"valueName\":\"search_term_string\"}}],\"inLanguage\":\"sv-SE\"},{\"@type\":\"Organization\",\"@id\":\"https:\/\/www.visionxeurope.com\/se\/#organization\",\"name\":\"Vision X Europe\",\"url\":\"https:\/\/www.visionxeurope.com\/se\/\",\"logo\":{\"@type\":\"ImageObject\",\"inLanguage\":\"sv-SE\",\"@id\":\"https:\/\/www.visionxeurope.com\/se\/#\/schema\/logo\/image\/\",\"url\":\"https:\/\/www.visionxeurope.com\/se\/wp-content\/uploads\/sites\/7\/2021\/04\/visionxeurope.png\",\"contentUrl\":\"https:\/\/www.visionxeurope.com\/se\/wp-content\/uploads\/sites\/7\/2021\/04\/visionxeurope.png\",\"width\":300,\"height\":110,\"caption\":\"Vision X Europe\"},\"image\":{\"@id\":\"https:\/\/www.visionxeurope.com\/se\/#\/schema\/logo\/image\/\"},\"sameAs\":[\"https:\/\/www.facebook.com\/visionxeurope\",\"https:\/\/www.instagram.com\/visionxeurope\/\"]}]}<\/script>\n<meta property=\"product:price:amount\" content=\"2496.00\" \/>\n<meta property=\"product:price:currency\" content=\"SEK\" \/>\n<meta property=\"og:availability\" content=\"instock\" \/>\n<meta property=\"product:availability\" content=\"instock\" \/>\n<meta property=\"product:retailer_item_id\" content=\"10022\" \/>\n<meta property=\"product:condition\" content=\"new\" \/>\n<!-- \/ Yoast SEO Premium plugin. -->","yoast_head_json":{"title":"VISION X UCL SD SK\u00c4RM 7\" 2CH 10G PRO (BNC) - Vision X Europe","robots":{"index":"index","follow":"follow","max-snippet":"max-snippet:-1","max-image-preview":"max-image-preview:large","max-video-preview":"max-video-preview:-1"},"canonical":"https:\/\/www.visionxeurope.com\/se\/webbutik\/vision-x-ucl-sd-skarm-7-2ch-10g-pro-bnc\/","og_locale":"sv_SE","og_type":"article","og_title":"VISION X UCL SD SK\u00c4RM 7\" 2CH 10G PRO (BNC)","og_description":"7&#8243; bildsk\u00e4rm passande Vision X UCL kamera lampan med 4-pin (BNC kontakt). Sk\u00e4rmen kan enkelt kopplas ihop med UCL kamera lampan om man \u00f6nskar en separat sk\u00e4rm eller inte har n\u00e5gon sk\u00e4rm sedan tidigare.Sk\u00e4rmen vi har valt ut \u00e4r t\u00e5lig och klarar relativt kraftiga vibrationer och st\u00f6tar. Data:Storlek: 7&#8243;Uppl\u00f6sning: 800 x 480 pxBetraktningsvinkel: U:50\u00b0. N:60\u00b0, H\/V:70\u00b0Kontrastf\u00f6rh\u00e5llande: 500:1Luminans (nits): 400cd\/m\u00b2Svarstid: 25 msStr\u00f6mf\u00f6rs\u00f6rjning: 10-32VStr\u00f6mf\u00f6rbrukning: Max. 4WStorlek (BxHxD): 185 x 123 x 50 mmVikt: 380 gArbetstemperatur: -10\u00b0C &#8211; + 80\u00b0CSt\u00f6tt\u00e5lighet: 10GDelad sk\u00e4rm: NejKamera kanaler: 2Bakgrundsljus: JaReflexbehandlad sk\u00e4rm: Ja","og_url":"https:\/\/www.visionxeurope.com\/se\/webbutik\/vision-x-ucl-sd-skarm-7-2ch-10g-pro-bnc\/","og_site_name":"Vision X Europe","article_publisher":"https:\/\/www.facebook.com\/visionxeurope","article_modified_time":"2022-04-29T22:24:04+00:00","og_image":[{"width":450,"height":450,"url":"https:\/\/www.rindab.se\/wp-content\/uploads\/sites\/7\/2022\/04\/10022.jpg","type":"image\/jpeg"}],"twitter_card":"summary_large_image","twitter_misc":{"Pris":"2 496,00&nbsp;&#107;&#114; exkl. moms","Tillg\u00e4nglig":"I lager"},"schema":{"@context":"https:\/\/schema.org","@graph":[{"@type":"WebPage","@id":"https:\/\/www.visionxeurope.com\/se\/webbutik\/vision-x-ucl-sd-skarm-7-2ch-10g-pro-bnc\/","url":"https:\/\/www.visionxeurope.com\/se\/webbutik\/vision-x-ucl-sd-skarm-7-2ch-10g-pro-bnc\/","name":"VISION X UCL SD SK\u00c4RM 7\" 2CH 10G PRO (BNC) - Vision X Europe","isPartOf":{"@id":"https:\/\/www.visionxeurope.com\/se\/#website"},"primaryImageOfPage":{"@id":"https:\/\/www.visionxeurope.com\/se\/webbutik\/vision-x-ucl-sd-skarm-7-2ch-10g-pro-bnc\/#primaryimage"},"image":{"@id":"https:\/\/www.visionxeurope.com\/se\/webbutik\/vision-x-ucl-sd-skarm-7-2ch-10g-pro-bnc\/#primaryimage"},"thumbnailUrl":"https:\/\/www.visionxeurope.com\/se\/wp-content\/uploads\/sites\/7\/2022\/04\/10022.jpg","datePublished":"2015-06-01T08:13:15+00:00","dateModified":"2022-04-29T22:24:04+00:00","breadcrumb":{"@id":"https:\/\/www.visionxeurope.com\/se\/webbutik\/vision-x-ucl-sd-skarm-7-2ch-10g-pro-bnc\/#breadcrumb"},"inLanguage":"sv-SE","potentialAction":[{"@type":"ReadAction","target":["https:\/\/www.visionxeurope.com\/se\/webbutik\/vision-x-ucl-sd-skarm-7-2ch-10g-pro-bnc\/"]}]},{"@type":"ImageObject","inLanguage":"sv-SE","@id":"https:\/\/www.visionxeurope.com\/se\/webbutik\/vision-x-ucl-sd-skarm-7-2ch-10g-pro-bnc\/#primaryimage","url":"https:\/\/www.visionxeurope.com\/se\/wp-content\/uploads\/sites\/7\/2022\/04\/10022.jpg","contentUrl":"https:\/\/www.visionxeurope.com\/se\/wp-content\/uploads\/sites\/7\/2022\/04\/10022.jpg","width":450,"height":450},{"@type":"BreadcrumbList","@id":"https:\/\/www.visionxeurope.com\/se\/webbutik\/vision-x-ucl-sd-skarm-7-2ch-10g-pro-bnc\/#breadcrumb","itemListElement":[{"@type":"ListItem","position":1,"name":"Hem","item":"https:\/\/www.visionxeurope.com\/se\/"},{"@type":"ListItem","position":2,"name":"Webbutik","item":"https:\/\/www.visionxeurope.com\/se\/webbutik\/"},{"@type":"ListItem","position":3,"name":"VISION X UCL SD SK\u00c4RM 7&#8243; 2CH 10G PRO (BNC)"}]},{"@type":"WebSite","@id":"https:\/\/www.visionxeurope.com\/se\/#website","url":"https:\/\/www.visionxeurope.com\/se\/","name":"Vision X Europe","description":"","publisher":{"@id":"https:\/\/www.visionxeurope.com\/se\/#organization"},"potentialAction":[{"@type":"SearchAction","target":{"@type":"EntryPoint","urlTemplate":"https:\/\/www.visionxeurope.com\/se\/?s={search_term_string}"},"query-input":{"@type":"PropertyValueSpecification","valueRequired":true,"valueName":"search_term_string"}}],"inLanguage":"sv-SE"},{"@type":"Organization","@id":"https:\/\/www.visionxeurope.com\/se\/#organization","name":"Vision X Europe","url":"https:\/\/www.visionxeurope.com\/se\/","logo":{"@type":"ImageObject","inLanguage":"sv-SE","@id":"https:\/\/www.visionxeurope.com\/se\/#\/schema\/logo\/image\/","url":"https:\/\/www.visionxeurope.com\/se\/wp-content\/uploads\/sites\/7\/2021\/04\/visionxeurope.png","contentUrl":"https:\/\/www.visionxeurope.com\/se\/wp-content\/uploads\/sites\/7\/2021\/04\/visionxeurope.png","width":300,"height":110,"caption":"Vision X Europe"},"image":{"@id":"https:\/\/www.visionxeurope.com\/se\/#\/schema\/logo\/image\/"},"sameAs":["https:\/\/www.facebook.com\/visionxeurope","https:\/\/www.instagram.com\/visionxeurope\/"]}]},"product_price_amount":"2496.00","product_price_currency":"SEK","og_availability":"instock","product_availability":"instock","product_retailer_item_id":"10022","product_condition":"new"},"_links":{"self":[{"href":"https:\/\/www.visionxeurope.com\/se\/wp-json\/wp\/v2\/product\/12953","targetHints":{"allow":["GET"]}}],"collection":[{"href":"https:\/\/www.visionxeurope.com\/se\/wp-json\/wp\/v2\/product"}],"about":[{"href":"https:\/\/www.visionxeurope.com\/se\/wp-json\/wp\/v2\/types\/product"}],"replies":[{"embeddable":true,"href":"https:\/\/www.visionxeurope.com\/se\/wp-json\/wp\/v2\/comments?post=12953"}],"wp:featuredmedia":[{"embeddable":true,"href":"https:\/\/www.visionxeurope.com\/se\/wp-json\/wp\/v2\/media\/13875"}],"wp:attachment":[{"href":"https:\/\/www.visionxeurope.com\/se\/wp-json\/wp\/v2\/media?parent=12953"}],"wp:term":[{"taxonomy":"product_brand","embeddable":true,"href":"https:\/\/www.visionxeurope.com\/se\/wp-json\/wp\/v2\/product_brand?post=12953"},{"taxonomy":"product_cat","embeddable":true,"href":"https:\/\/www.visionxeurope.com\/se\/wp-json\/wp\/v2\/product_cat?post=12953"},{"taxonomy":"product_tag","embeddable":true,"href":"https:\/\/www.visionxeurope.com\/se\/wp-json\/wp\/v2\/product_tag?post=12953"}],"curies":[{"name":"wp","href":"https:\/\/api.w.org\/{rel}","templated":true}]}}