{"id":4029,"date":"2021-04-30T12:17:42","date_gmt":"2021-04-30T10:17:42","guid":{"rendered":"https:\/\/www.visionxeurope.com\/se\/?page_id=4029"},"modified":"2022-05-06T13:09:46","modified_gmt":"2022-05-06T11:09:46","slug":"unik-garanti","status":"publish","type":"page","link":"https:\/\/www.visionxeurope.com\/se\/unik-garanti\/","title":{"rendered":"Unik 5,5 \u00e5rs garanti"},"content":{"rendered":"<div class=\"gb-container gb-container-8a09f850\"><div class=\"gb-inside-container\">\n<figure class=\"wp-block-image size-large\"><img loading=\"lazy\" decoding=\"async\" width=\"928\" height=\"215\" src=\"https:\/\/www.visionxeurope.com\/se\/wp-content\/uploads\/sites\/7\/2021\/04\/vision-x-garanti-1.jpg\" alt=\"\" class=\"wp-image-4030\" srcset=\"https:\/\/www.visionxeurope.com\/se\/wp-content\/uploads\/sites\/7\/2021\/04\/vision-x-garanti-1.jpg 928w, https:\/\/www.visionxeurope.com\/se\/wp-content\/uploads\/sites\/7\/2021\/04\/vision-x-garanti-1-300x70.jpg 300w, https:\/\/www.visionxeurope.com\/se\/wp-content\/uploads\/sites\/7\/2021\/04\/vision-x-garanti-1-768x178.jpg 768w, https:\/\/www.visionxeurope.com\/se\/wp-content\/uploads\/sites\/7\/2021\/04\/vision-x-garanti-1-600x139.jpg 600w\" sizes=\"auto, (max-width: 928px) 100vw, 928px\" \/><\/figure>\n\n<p><strong>Vision X l\u00e4mnar 5,5 \u00e5rs funktionsgaranti p\u00e5 n\u00e4stan all LED belysning!<\/strong><\/p>\n\n<p>Vision X l\u00e4mnar den b\u00e4sta funktionsgarantin i branschen! Med otroliga 5,5 \u00e5rs funktionsgarantigaranti tar man fullt ansvar f\u00f6r sina produkter vilket borgar f\u00f6r en s\u00e4ker investering.<\/p>\n\n<p>Vision X tillverkar produkter av h\u00f6gsta kvalitet med den absolut senaste tekniken. Varje komponent \u00e4r noga utvald, varje produkt \u00e4r noga designad och kvalitetskontrollen \u00e4r ytterst noggrann s\u00e5 att belysningen skall fungera \u00e5r efter \u00e5r \u00e4ven i de mest usatta applikationerna. Trots detta kan man inte garantera till hundra procent att n\u00e5got inte ska h\u00e4nda med belysningen. Det man kan garantera \u00e4r att kunden ska f\u00e5 f\u00f6rstklassig hj\u00e4lp att \u00e5tg\u00e4rda ett eventuellt fel med minsta m\u00f6jliga skadeverkan. D\u00e4rf\u00f6r l\u00e4mnar Vision X 5,5 \u00e5rs funktionsgarantigaranti p\u00e5 n\u00e4stan all sin LED belysning. Det inneb\u00e4r att om en eller flera dioder slocknar eller lyser 75% mindre \u00e4n n\u00e4r den var ny inom 5,5 \u00e5r fr\u00e5n ink\u00f6psdatum s\u00e5 byts produkten ut om den om fattas av 5,5 \u00e5rs funktionsgarantin. 5,5 \u00e5r motsvarar ca, 50 000 brinntimmar.<\/p>\n\n<p>Funktionsgarantin g\u00e4ller s\u00e5 l\u00e4nge produkten inte har utsatts f\u00f6r kraftig yttre p\u00e5verkan som kan p\u00e5verka diodernas livsl\u00e4ngd eller om kabeln och kontakten fr\u00e5n lampan har klippts, skarvats eller utsatts f\u00f6r \u00e5verkan. Vision X har t\u00e4tningar mot fukt i kabeln och kontakten som g\u00e5r ut fr\u00e5n lampan. Har kabeln eller kontakten skadats, \u00e4ndrats eller klippts kan fukt &#8221;sugas&#8221; in genom kabeln och d\u00e4rmed f\u00f6rst\u00f6ra lampan.<\/p>\n\n<p>Har du en belysning med ett ink\u00f6psdatum efter 2015-01-01 s\u00e5 g\u00e4ller 5,5 \u00e5rs funktionsgarantin p\u00e5 n\u00e4stan all belysning (VL-serien omfattas av 2 \u00e5rs funktionsgaranti). Slocknar en eller flera dioder eller lyser svagare kontaktar du oss. Uppfyller lampan garanti kraven byter vi ut belysningen snarast mot en ny eller en motsvarande belysning.<\/p>\n<\/div><\/div>","protected":false},"excerpt":{"rendered":"<p>Vision X l\u00e4mnar 5,5 \u00e5rs funktionsgaranti p\u00e5 n\u00e4stan all LED belysning! Vision X l\u00e4mnar den b\u00e4sta funktionsgarantin i branschen! Med otroliga 5,5 \u00e5rs funktionsgarantigaranti tar man fullt ansvar f\u00f6r sina produkter vilket borgar f\u00f6r en s\u00e4ker investering. Vision X tillverkar produkter av h\u00f6gsta kvalitet med den absolut senaste tekniken. Varje komponent \u00e4r noga utvald, varje &#8230; <a title=\"Unik 5,5 \u00e5rs garanti\" class=\"read-more\" href=\"https:\/\/www.visionxeurope.com\/se\/unik-garanti\/\" aria-label=\"L\u00e4s mer om Unik 5,5 \u00e5rs garanti\">L\u00e4s mer<\/a><\/p>\n","protected":false},"author":1,"featured_media":0,"parent":0,"menu_order":0,"comment_status":"closed","ping_status":"closed","template":"","meta":{"editor_notices":[],"footnotes":""},"class_list":["post-4029","page","type-page","status-publish"],"yoast_head":"<!-- This site is optimized with the Yoast SEO Premium plugin v25.0 (Yoast SEO v25.0) - https:\/\/yoast.com\/wordpress\/plugins\/seo\/ -->\n<title>Unik 5,5 \u00e5rs garanti - Vision X Europe<\/title>\n<meta name=\"robots\" content=\"index, follow, max-snippet:-1, max-image-preview:large, max-video-preview:-1\" \/>\n<link rel=\"canonical\" href=\"https:\/\/www.visionxeurope.com\/se\/unik-garanti\/\" \/>\n<meta property=\"og:locale\" content=\"sv_SE\" \/>\n<meta property=\"og:type\" content=\"article\" \/>\n<meta property=\"og:title\" content=\"Unik 5,5 \u00e5rs garanti\" \/>\n<meta property=\"og:description\" content=\"Vision X l\u00e4mnar 5,5 \u00e5rs funktionsgaranti p\u00e5 n\u00e4stan all LED belysning! Vision X l\u00e4mnar den b\u00e4sta funktionsgarantin i branschen! Med otroliga 5,5 \u00e5rs funktionsgarantigaranti tar man fullt ansvar f\u00f6r sina produkter vilket borgar f\u00f6r en s\u00e4ker investering. Vision X tillverkar produkter av h\u00f6gsta kvalitet med den absolut senaste tekniken. Varje komponent \u00e4r noga utvald, varje ... L\u00e4s mer\" \/>\n<meta property=\"og:url\" content=\"https:\/\/www.visionxeurope.com\/se\/unik-garanti\/\" \/>\n<meta property=\"og:site_name\" content=\"Vision X Europe\" \/>\n<meta property=\"article:publisher\" content=\"https:\/\/www.facebook.com\/visionxeurope\" \/>\n<meta property=\"article:modified_time\" content=\"2022-05-06T11:09:46+00:00\" \/>\n<meta property=\"og:image\" content=\"https:\/\/www.visionxeurope.com\/se\/wp-content\/uploads\/sites\/7\/2021\/04\/vision-x-garanti-1.jpg\" \/>\n\t<meta property=\"og:image:width\" content=\"928\" \/>\n\t<meta property=\"og:image:height\" content=\"215\" \/>\n\t<meta property=\"og:image:type\" content=\"image\/jpeg\" \/>\n<meta name=\"twitter:card\" content=\"summary_large_image\" \/>\n<meta name=\"twitter:label1\" content=\"Ber\u00e4knad l\u00e4stid\" \/>\n\t<meta name=\"twitter:data1\" content=\"2 minuter\" \/>\n<script type=\"application\/ld+json\" class=\"yoast-schema-graph\">{\"@context\":\"https:\/\/schema.org\",\"@graph\":[{\"@type\":\"WebPage\",\"@id\":\"https:\/\/www.visionxeurope.com\/se\/unik-garanti\/\",\"url\":\"https:\/\/www.visionxeurope.com\/se\/unik-garanti\/\",\"name\":\"Unik 5,5 \u00e5rs garanti - Vision X Europe\",\"isPartOf\":{\"@id\":\"https:\/\/www.visionxeurope.com\/se\/#website\"},\"primaryImageOfPage\":{\"@id\":\"https:\/\/www.visionxeurope.com\/se\/unik-garanti\/#primaryimage\"},\"image\":{\"@id\":\"https:\/\/www.visionxeurope.com\/se\/unik-garanti\/#primaryimage\"},\"thumbnailUrl\":\"https:\/\/www.visionxeurope.com\/se\/wp-content\/uploads\/sites\/7\/2021\/04\/vision-x-garanti-1.jpg\",\"datePublished\":\"2021-04-30T10:17:42+00:00\",\"dateModified\":\"2022-05-06T11:09:46+00:00\",\"breadcrumb\":{\"@id\":\"https:\/\/www.visionxeurope.com\/se\/unik-garanti\/#breadcrumb\"},\"inLanguage\":\"sv-SE\",\"potentialAction\":[{\"@type\":\"ReadAction\",\"target\":[\"https:\/\/www.visionxeurope.com\/se\/unik-garanti\/\"]}]},{\"@type\":\"ImageObject\",\"inLanguage\":\"sv-SE\",\"@id\":\"https:\/\/www.visionxeurope.com\/se\/unik-garanti\/#primaryimage\",\"url\":\"https:\/\/www.visionxeurope.com\/se\/wp-content\/uploads\/sites\/7\/2021\/04\/vision-x-garanti-1.jpg\",\"contentUrl\":\"https:\/\/www.visionxeurope.com\/se\/wp-content\/uploads\/sites\/7\/2021\/04\/vision-x-garanti-1.jpg\",\"width\":928,\"height\":215},{\"@type\":\"BreadcrumbList\",\"@id\":\"https:\/\/www.visionxeurope.com\/se\/unik-garanti\/#breadcrumb\",\"itemListElement\":[{\"@type\":\"ListItem\",\"position\":1,\"name\":\"Hem\",\"item\":\"https:\/\/www.visionxeurope.com\/se\/\"},{\"@type\":\"ListItem\",\"position\":2,\"name\":\"Unik 5,5 \u00e5rs garanti\"}]},{\"@type\":\"WebSite\",\"@id\":\"https:\/\/www.visionxeurope.com\/se\/#website\",\"url\":\"https:\/\/www.visionxeurope.com\/se\/\",\"name\":\"Vision X Europe\",\"description\":\"\",\"publisher\":{\"@id\":\"https:\/\/www.visionxeurope.com\/se\/#organization\"},\"potentialAction\":[{\"@type\":\"SearchAction\",\"target\":{\"@type\":\"EntryPoint\",\"urlTemplate\":\"https:\/\/www.visionxeurope.com\/se\/?s={search_term_string}\"},\"query-input\":{\"@type\":\"PropertyValueSpecification\",\"valueRequired\":true,\"valueName\":\"search_term_string\"}}],\"inLanguage\":\"sv-SE\"},{\"@type\":\"Organization\",\"@id\":\"https:\/\/www.visionxeurope.com\/se\/#organization\",\"name\":\"Vision X Europe\",\"url\":\"https:\/\/www.visionxeurope.com\/se\/\",\"logo\":{\"@type\":\"ImageObject\",\"inLanguage\":\"sv-SE\",\"@id\":\"https:\/\/www.visionxeurope.com\/se\/#\/schema\/logo\/image\/\",\"url\":\"https:\/\/www.visionxeurope.com\/se\/wp-content\/uploads\/sites\/7\/2021\/04\/visionxeurope.png\",\"contentUrl\":\"https:\/\/www.visionxeurope.com\/se\/wp-content\/uploads\/sites\/7\/2021\/04\/visionxeurope.png\",\"width\":300,\"height\":110,\"caption\":\"Vision X Europe\"},\"image\":{\"@id\":\"https:\/\/www.visionxeurope.com\/se\/#\/schema\/logo\/image\/\"},\"sameAs\":[\"https:\/\/www.facebook.com\/visionxeurope\",\"https:\/\/www.instagram.com\/visionxeurope\/\"]}]}<\/script>\n<!-- \/ Yoast SEO Premium plugin. -->","yoast_head_json":{"title":"Unik 5,5 \u00e5rs garanti - Vision X Europe","robots":{"index":"index","follow":"follow","max-snippet":"max-snippet:-1","max-image-preview":"max-image-preview:large","max-video-preview":"max-video-preview:-1"},"canonical":"https:\/\/www.visionxeurope.com\/se\/unik-garanti\/","og_locale":"sv_SE","og_type":"article","og_title":"Unik 5,5 \u00e5rs garanti","og_description":"Vision X l\u00e4mnar 5,5 \u00e5rs funktionsgaranti p\u00e5 n\u00e4stan all LED belysning! Vision X l\u00e4mnar den b\u00e4sta funktionsgarantin i branschen! Med otroliga 5,5 \u00e5rs funktionsgarantigaranti tar man fullt ansvar f\u00f6r sina produkter vilket borgar f\u00f6r en s\u00e4ker investering. Vision X tillverkar produkter av h\u00f6gsta kvalitet med den absolut senaste tekniken. Varje komponent \u00e4r noga utvald, varje ... L\u00e4s mer","og_url":"https:\/\/www.visionxeurope.com\/se\/unik-garanti\/","og_site_name":"Vision X Europe","article_publisher":"https:\/\/www.facebook.com\/visionxeurope","article_modified_time":"2022-05-06T11:09:46+00:00","og_image":[{"width":928,"height":215,"url":"https:\/\/www.visionxeurope.com\/se\/wp-content\/uploads\/sites\/7\/2021\/04\/vision-x-garanti-1.jpg","type":"image\/jpeg"}],"twitter_card":"summary_large_image","twitter_misc":{"Ber\u00e4knad l\u00e4stid":"2 minuter"},"schema":{"@context":"https:\/\/schema.org","@graph":[{"@type":"WebPage","@id":"https:\/\/www.visionxeurope.com\/se\/unik-garanti\/","url":"https:\/\/www.visionxeurope.com\/se\/unik-garanti\/","name":"Unik 5,5 \u00e5rs garanti - Vision X Europe","isPartOf":{"@id":"https:\/\/www.visionxeurope.com\/se\/#website"},"primaryImageOfPage":{"@id":"https:\/\/www.visionxeurope.com\/se\/unik-garanti\/#primaryimage"},"image":{"@id":"https:\/\/www.visionxeurope.com\/se\/unik-garanti\/#primaryimage"},"thumbnailUrl":"https:\/\/www.visionxeurope.com\/se\/wp-content\/uploads\/sites\/7\/2021\/04\/vision-x-garanti-1.jpg","datePublished":"2021-04-30T10:17:42+00:00","dateModified":"2022-05-06T11:09:46+00:00","breadcrumb":{"@id":"https:\/\/www.visionxeurope.com\/se\/unik-garanti\/#breadcrumb"},"inLanguage":"sv-SE","potentialAction":[{"@type":"ReadAction","target":["https:\/\/www.visionxeurope.com\/se\/unik-garanti\/"]}]},{"@type":"ImageObject","inLanguage":"sv-SE","@id":"https:\/\/www.visionxeurope.com\/se\/unik-garanti\/#primaryimage","url":"https:\/\/www.visionxeurope.com\/se\/wp-content\/uploads\/sites\/7\/2021\/04\/vision-x-garanti-1.jpg","contentUrl":"https:\/\/www.visionxeurope.com\/se\/wp-content\/uploads\/sites\/7\/2021\/04\/vision-x-garanti-1.jpg","width":928,"height":215},{"@type":"BreadcrumbList","@id":"https:\/\/www.visionxeurope.com\/se\/unik-garanti\/#breadcrumb","itemListElement":[{"@type":"ListItem","position":1,"name":"Hem","item":"https:\/\/www.visionxeurope.com\/se\/"},{"@type":"ListItem","position":2,"name":"Unik 5,5 \u00e5rs garanti"}]},{"@type":"WebSite","@id":"https:\/\/www.visionxeurope.com\/se\/#website","url":"https:\/\/www.visionxeurope.com\/se\/","name":"Vision X Europe","description":"","publisher":{"@id":"https:\/\/www.visionxeurope.com\/se\/#organization"},"potentialAction":[{"@type":"SearchAction","target":{"@type":"EntryPoint","urlTemplate":"https:\/\/www.visionxeurope.com\/se\/?s={search_term_string}"},"query-input":{"@type":"PropertyValueSpecification","valueRequired":true,"valueName":"search_term_string"}}],"inLanguage":"sv-SE"},{"@type":"Organization","@id":"https:\/\/www.visionxeurope.com\/se\/#organization","name":"Vision X Europe","url":"https:\/\/www.visionxeurope.com\/se\/","logo":{"@type":"ImageObject","inLanguage":"sv-SE","@id":"https:\/\/www.visionxeurope.com\/se\/#\/schema\/logo\/image\/","url":"https:\/\/www.visionxeurope.com\/se\/wp-content\/uploads\/sites\/7\/2021\/04\/visionxeurope.png","contentUrl":"https:\/\/www.visionxeurope.com\/se\/wp-content\/uploads\/sites\/7\/2021\/04\/visionxeurope.png","width":300,"height":110,"caption":"Vision X Europe"},"image":{"@id":"https:\/\/www.visionxeurope.com\/se\/#\/schema\/logo\/image\/"},"sameAs":["https:\/\/www.facebook.com\/visionxeurope","https:\/\/www.instagram.com\/visionxeurope\/"]}]}},"_links":{"self":[{"href":"https:\/\/www.visionxeurope.com\/se\/wp-json\/wp\/v2\/pages\/4029","targetHints":{"allow":["GET"]}}],"collection":[{"href":"https:\/\/www.visionxeurope.com\/se\/wp-json\/wp\/v2\/pages"}],"about":[{"href":"https:\/\/www.visionxeurope.com\/se\/wp-json\/wp\/v2\/types\/page"}],"author":[{"embeddable":true,"href":"https:\/\/www.visionxeurope.com\/se\/wp-json\/wp\/v2\/users\/1"}],"replies":[{"embeddable":true,"href":"https:\/\/www.visionxeurope.com\/se\/wp-json\/wp\/v2\/comments?post=4029"}],"version-history":[{"count":0,"href":"https:\/\/www.visionxeurope.com\/se\/wp-json\/wp\/v2\/pages\/4029\/revisions"}],"wp:attachment":[{"href":"https:\/\/www.visionxeurope.com\/se\/wp-json\/wp\/v2\/media?parent=4029"}],"curies":[{"name":"wp","href":"https:\/\/api.w.org\/{rel}","templated":true}]}}