{"id":4006,"date":"2021-04-30T11:38:46","date_gmt":"2021-04-30T09:38:46","guid":{"rendered":"https:\/\/www.visionxeurope.com\/se\/?page_id=4006"},"modified":"2022-05-06T13:08:50","modified_gmt":"2022-05-06T11:08:50","slug":"varfor-vision-x","status":"publish","type":"page","link":"https:\/\/www.visionxeurope.com\/se\/varfor-vision-x\/","title":{"rendered":"Varf\u00f6r Vision X"},"content":{"rendered":"<div class=\"gb-container gb-container-af86fb02\"><div class=\"gb-inside-container\">\n<figure class=\"wp-block-image size-large\"><img loading=\"lazy\" decoding=\"async\" width=\"928\" height=\"277\" src=\"https:\/\/www.visionxeurope.com\/se\/wp-content\/uploads\/sites\/7\/2021\/04\/why-vision-x.jpg\" alt=\"\" class=\"wp-image-4007\" srcset=\"https:\/\/www.visionxeurope.com\/se\/wp-content\/uploads\/sites\/7\/2021\/04\/why-vision-x.jpg 928w, https:\/\/www.visionxeurope.com\/se\/wp-content\/uploads\/sites\/7\/2021\/04\/why-vision-x-300x90.jpg 300w, https:\/\/www.visionxeurope.com\/se\/wp-content\/uploads\/sites\/7\/2021\/04\/why-vision-x-768x229.jpg 768w, https:\/\/www.visionxeurope.com\/se\/wp-content\/uploads\/sites\/7\/2021\/04\/why-vision-x-600x179.jpg 600w\" sizes=\"auto, (max-width: 928px) 100vw, 928px\" \/><\/figure>\n\n<p><strong>I dag finns det en uppsj\u00f6 med LED-belysning i alla olika prisklasser att v\u00e4lja mellan p\u00e5 marknaden. Varf\u00f6r skall man d\u00e5 v\u00e4lja Vision X?<br>Vision X \u00e4r inte det billigaste alternativet p\u00e5 marknaden men d\u00e5 t\u00e4nker man kortsiktigt och endast p\u00e5 det initiala ink\u00f6pspriset. Med Vision X investerar man i framtiden med en stabil leverant\u00f6r som st\u00e5r bakom sina produkter till 100% med bland annat 5,5 \u00e5rs funktionsgaranti.<\/strong><\/p>\n\n<figure class=\"wp-block-image size-large\"><img loading=\"lazy\" decoding=\"async\" width=\"928\" height=\"215\" src=\"https:\/\/www.visionxeurope.com\/se\/wp-content\/uploads\/sites\/7\/2021\/04\/vision-x-garanti.jpg\" alt=\"\" class=\"wp-image-4008\" srcset=\"https:\/\/www.visionxeurope.com\/se\/wp-content\/uploads\/sites\/7\/2021\/04\/vision-x-garanti.jpg 928w, https:\/\/www.visionxeurope.com\/se\/wp-content\/uploads\/sites\/7\/2021\/04\/vision-x-garanti-300x70.jpg 300w, https:\/\/www.visionxeurope.com\/se\/wp-content\/uploads\/sites\/7\/2021\/04\/vision-x-garanti-768x178.jpg 768w, https:\/\/www.visionxeurope.com\/se\/wp-content\/uploads\/sites\/7\/2021\/04\/vision-x-garanti-600x139.jpg 600w\" sizes=\"auto, (max-width: 928px) 100vw, 928px\" \/><\/figure>\n\n<h3 class=\"gb-headline gb-headline-be1600ef gb-headline-text\">Se n\u00e5gra fler f\u00f6rdelar man ocks\u00e5 f\u00e5r vid k\u00f6p av Vision X:<\/h3>\n\n<ul class=\"wp-block-list\"><li><strong>Dioder\/Watt<\/strong><br>Vision X \u00e4r en av diodtillverkarnas prioriterade kunder och f\u00e5r d\u00e4rf\u00f6r tillg\u00e5ng och m\u00f6jligheten att f\u00e5 k\u00f6pa de b\u00e4sta dioderna med h\u00f6gsta BIN-tal vilket borgar f\u00f6r h\u00f6g kvalitet. Vision X anv\u00e4nder sig endast av de absolut senaste dioderna med h\u00f6gsta m\u00f6jliga effektivitet. I sortimentet finns det dioder fr\u00e5n n\u00e5gon enstaka watt upp till 120 watt\u00b4s dioder. Dioderna drivs i sin tur aldrig till mer \u00e4n 90% full effekt f\u00f6r att kunna garantera livsl\u00e4ngden.<\/li><li><strong>Prime Drive<\/strong><br>En LED-lampas v\u00e4rsta fiende \u00e4r v\u00e4rme. F\u00f6r h\u00f6g temperatur f\u00f6rs\u00e4mrar diodens livsl\u00e4ngd, ljusstyrka och f\u00e4rgtemperatur avsev\u00e4rt. Med den unika Vision X Prime Drive teknologin h\u00e5ller man temperaturerna p\u00e5 de niv\u00e5er som inte skadar dioden. Det elektroniska \u00f6vervakningssystemet (ETM) k\u00e4nner av diodens temperatur och s\u00e5 fort det n\u00e5r en kritisk gr\u00e4ns aktiveras en pulsning av dioden (PWM) vilket s\u00e4nker temperaturen. Detta system har visat sig vara \u00f6verl\u00e4gset och ser till att diodernas livsl\u00e4ngder kan garanteras.<\/li><li><strong>Lamphus<\/strong><br>F\u00f6r h\u00f6ga temperaturer skadar som sagt dioden. D\u00e4rf\u00f6r \u00e4r det extra viktigt att lamphuset \u00e4r utformat p\u00e5 r\u00e4tt s\u00e4tt, med r\u00e4tt m\u00e4ngd aluminium, kylfl\u00e4nsar och kylkanaler. Allt f\u00f6r att h\u00e5lla nere v\u00e4rmeutvecklingen s\u00e5 mycket som m\u00f6jligt. Anv\u00e4nds f\u00f6r lite material i huset eller att kylfl\u00e4nsarna inte \u00e4r tillr\u00e4ckligt effektiva f\u00f6rs\u00e4mras lampans livsl\u00e4ngd. I dag anv\u00e4nder sig Vision X av 6061 aluminium i sina hus men \u00e4ven s\u00e5 kallade hybrid hus d\u00e4r b\u00e5de aluminium och komposit blandas f\u00f6r viktbesparande sk\u00e4l.<\/li><li><strong>IP-klassning<\/strong><br>IP-klassningen talar om hur t\u00e4t lampan \u00e4r mot partiklar och vatten. M\u00e5nga utomhus produkter har ofta IP-66 eller IP-67 klassning. Detta r\u00e4cker ofta till p\u00e5 de flesta produkter. Vision X h\u00f6jer dock ribban ordentligt och har IP-68 eller IP69K klassning vilket \u00e4r det h\u00f6gsta m\u00f6jliga. IP-69K inneb\u00e4r att produkten inte bara klarar av att s\u00e4nkas ned till 3 meters vattendjup utan \u00e4ven klarar av varmt h\u00f6gtrycksvatten. Detta \u00e4r m\u00f6jligt p\u00e5 grund av Vision X unika t\u00e4tningar inte bara i lamphuset utan \u00e4ven i kabeln som g\u00e5r in i lampan. D\u00e4rf\u00f6r f\u00e5r aldrig kabeln in i lampan klippas eller skarvas.<\/li><li><strong>Reflektorer\/ljusbilder<\/strong><br>Vision X ligger i framkant vad g\u00e4ller design och teknik. Med dagens effektiva dioder, reflektorer och teknik \u00e4r det m\u00f6jligt att lysa \u00f6ver 1000 meter l\u00e5ngt med en LED lampa samtidigt som en annan LED lampa lyser 500 meter brett. I dag finns det inte n\u00e5gon annan belysningsteknik som sl\u00e5r LED i effektivitet. Med Vision X\u00b4s olika linser och optik \u00e4r det m\u00f6jligt att styra ljuset helt efter \u00f6nskem\u00e5l och applikation. Vision X lamporna finns med ljusbilder fr\u00e5n 5 graders spridning upp till 120 graders spridning.<\/li><li><strong>EMC-klassning<\/strong><br>LED belysning ger st\u00f6rningar d\u00e5 dioderna styrs med elektronik. Vision X vet dock hur man kontrollerar och minimerar st\u00f6rningarna fr\u00e5n en LED lampa. Med Vision X teknik \u00e4r det m\u00f6jligt att minimera st\u00f6rningarna s\u00e5 mycket att vi i dag levererar LED belysning till f\u00f6rsvarets radiobilar som \u00e4r ytterst k\u00e4nsliga mot st\u00f6rningar. D\u00e5 vi n\u00e5r h\u00f6gsta m\u00f6jliga milit\u00e4ra radioavst\u00f6rnings-klassning vilket \u00e4r betydligt h\u00f6gre \u00e4n h\u00f6gsta civila EMC klassningen skall man inte beh\u00f6va ha problem med st\u00f6rningar p\u00e5 radion n\u00e4r man k\u00f6r med Vision X.<\/li><li><strong>Skyddslock\/linser<\/strong><br>Vision X anv\u00e4nder sig av polykarbonat linser vilka \u00e4r n\u00e4st intill okrossbara. Polykarbonat linserna t\u00e5l b\u00e5de sten och dubbskott. Trots detta finns det ytterligare skyddslock till m\u00e5nga Vision X lampor. Skyddslocken g\u00e5r att f\u00e5 i olika f\u00e4rger vilket f\u00f6r\u00e4ndrar f\u00e4rgtemperaturen. Skyddslocken finns \u00e4ven att f\u00e5 i olika ljusbilder vilket \u00f6kar anv\u00e4ndningsomr\u00e5det f\u00f6r dina Vision X lampor ytterligare. I dimma kan man till exempel montera gula skyddslock som sprider ljuset mer f\u00f6r optimalt ljus vid varje tillf\u00e4lle.<\/li><li><strong>Multivolt<\/strong><br>Vision X har s\u00e5 kallade multi volt lampor som kan kopplas p\u00e5 allt mellan 9-32V eller 11-65V vilket \u00e4r smidigt och g\u00f6r det m\u00f6jligt att montera lampan i de flesta applikationerna utan att beh\u00f6va t\u00e4nka p\u00e5 volt-tal. F\u00f6r att n\u00e5 h\u00f6gsta m\u00f6jliga EMC-klassning (milit\u00e4r standard) kr\u00e4vs dock att lampan \u00e4r gjord f\u00f6r ett &#8221;rakt&#8221; volt-tal som t.ex. 12V eller 24V. D\u00e4rf\u00f6r har Vision X \u00e4ven LED-lampor med raka volt-tal i sortimentet. P\u00e5 n\u00e5gra av Vision X\u00b4s kraftigaste LED-ramper lagerh\u00e5ller vi endast raka volt-tal f\u00f6r att minimera radiost\u00f6rningar.<\/li><\/ul>\n\n<p><strong>Detta \u00e4r bara n\u00e5gra av alla f\u00f6rdelar med Vision X-belysning. Kontakta oss eller v\u00e5ra \u00e5terf\u00f6rs\u00e4ljare om Ni \u00f6nskar mer information om belysningen eller vill ha hj\u00e4lp med r\u00e4tt belysning f\u00f6r just din applikation d\u00e5 det finns \u00f6ver 1000 artikelnummer att v\u00e4lja mellan.<\/strong><\/p>\n\n<p><strong>Inspirationsfilm p\u00e5 applikationer och sortiment:<\/strong><\/p>\n\n<figure class=\"wp-block-embed is-type-video is-provider-youtube wp-block-embed-youtube wp-embed-aspect-16-9 wp-has-aspect-ratio\"><div class=\"wp-block-embed__wrapper\">\n<iframe loading=\"lazy\" title=\"Vision X Europe application pics\" width=\"1200\" height=\"675\" src=\"https:\/\/www.youtube.com\/embed\/WpqZtl6eFh4?feature=oembed\" frameborder=\"0\" allow=\"accelerometer; autoplay; clipboard-write; encrypted-media; gyroscope; picture-in-picture\" allowfullscreen><\/iframe>\n<\/div><\/figure>\n<\/div><\/div>","protected":false},"excerpt":{"rendered":"<p>I dag finns det en uppsj\u00f6 med LED-belysning i alla olika prisklasser att v\u00e4lja mellan p\u00e5 marknaden. Varf\u00f6r skall man d\u00e5 v\u00e4lja Vision X?Vision X \u00e4r inte det billigaste alternativet p\u00e5 marknaden men d\u00e5 t\u00e4nker man kortsiktigt och endast p\u00e5 det initiala ink\u00f6pspriset. Med Vision X investerar man i framtiden med en stabil leverant\u00f6r som &#8230; <a title=\"Varf\u00f6r Vision X\" class=\"read-more\" href=\"https:\/\/www.visionxeurope.com\/se\/varfor-vision-x\/\" aria-label=\"L\u00e4s mer om Varf\u00f6r Vision X\">L\u00e4s mer<\/a><\/p>\n","protected":false},"author":1,"featured_media":0,"parent":0,"menu_order":0,"comment_status":"closed","ping_status":"closed","template":"","meta":{"editor_notices":[],"footnotes":""},"class_list":["post-4006","page","type-page","status-publish"],"yoast_head":"<!-- This site is optimized with the Yoast SEO Premium plugin v25.0 (Yoast SEO v25.0) - https:\/\/yoast.com\/wordpress\/plugins\/seo\/ -->\n<title>Varf\u00f6r Vision X - Vision X Europe<\/title>\n<meta name=\"robots\" content=\"index, follow, max-snippet:-1, max-image-preview:large, max-video-preview:-1\" \/>\n<link rel=\"canonical\" href=\"https:\/\/www.visionxeurope.com\/se\/varfor-vision-x\/\" \/>\n<meta property=\"og:locale\" content=\"sv_SE\" \/>\n<meta property=\"og:type\" content=\"article\" \/>\n<meta property=\"og:title\" content=\"Varf\u00f6r Vision X\" \/>\n<meta property=\"og:description\" content=\"I dag finns det en uppsj\u00f6 med LED-belysning i alla olika prisklasser att v\u00e4lja mellan p\u00e5 marknaden. Varf\u00f6r skall man d\u00e5 v\u00e4lja Vision X?Vision X \u00e4r inte det billigaste alternativet p\u00e5 marknaden men d\u00e5 t\u00e4nker man kortsiktigt och endast p\u00e5 det initiala ink\u00f6pspriset. Med Vision X investerar man i framtiden med en stabil leverant\u00f6r som ... L\u00e4s mer\" \/>\n<meta property=\"og:url\" content=\"https:\/\/www.visionxeurope.com\/se\/varfor-vision-x\/\" \/>\n<meta property=\"og:site_name\" content=\"Vision X Europe\" \/>\n<meta property=\"article:publisher\" content=\"https:\/\/www.facebook.com\/visionxeurope\" \/>\n<meta property=\"article:modified_time\" content=\"2022-05-06T11:08:50+00:00\" \/>\n<meta property=\"og:image\" content=\"https:\/\/www.visionxeurope.com\/se\/wp-content\/uploads\/sites\/7\/2021\/04\/why-vision-x.jpg\" \/>\n\t<meta property=\"og:image:width\" content=\"928\" \/>\n\t<meta property=\"og:image:height\" content=\"277\" \/>\n\t<meta property=\"og:image:type\" content=\"image\/jpeg\" \/>\n<meta name=\"twitter:card\" content=\"summary_large_image\" \/>\n<meta name=\"twitter:label1\" content=\"Ber\u00e4knad l\u00e4stid\" \/>\n\t<meta name=\"twitter:data1\" content=\"5 minuter\" \/>\n<script type=\"application\/ld+json\" class=\"yoast-schema-graph\">{\"@context\":\"https:\/\/schema.org\",\"@graph\":[{\"@type\":\"WebPage\",\"@id\":\"https:\/\/www.visionxeurope.com\/se\/varfor-vision-x\/\",\"url\":\"https:\/\/www.visionxeurope.com\/se\/varfor-vision-x\/\",\"name\":\"Varf\u00f6r Vision X - Vision X Europe\",\"isPartOf\":{\"@id\":\"https:\/\/www.visionxeurope.com\/se\/#website\"},\"primaryImageOfPage\":{\"@id\":\"https:\/\/www.visionxeurope.com\/se\/varfor-vision-x\/#primaryimage\"},\"image\":{\"@id\":\"https:\/\/www.visionxeurope.com\/se\/varfor-vision-x\/#primaryimage\"},\"thumbnailUrl\":\"https:\/\/www.visionxeurope.com\/se\/wp-content\/uploads\/sites\/7\/2021\/04\/why-vision-x.jpg\",\"datePublished\":\"2021-04-30T09:38:46+00:00\",\"dateModified\":\"2022-05-06T11:08:50+00:00\",\"breadcrumb\":{\"@id\":\"https:\/\/www.visionxeurope.com\/se\/varfor-vision-x\/#breadcrumb\"},\"inLanguage\":\"sv-SE\",\"potentialAction\":[{\"@type\":\"ReadAction\",\"target\":[\"https:\/\/www.visionxeurope.com\/se\/varfor-vision-x\/\"]}]},{\"@type\":\"ImageObject\",\"inLanguage\":\"sv-SE\",\"@id\":\"https:\/\/www.visionxeurope.com\/se\/varfor-vision-x\/#primaryimage\",\"url\":\"https:\/\/www.visionxeurope.com\/se\/wp-content\/uploads\/sites\/7\/2021\/04\/why-vision-x.jpg\",\"contentUrl\":\"https:\/\/www.visionxeurope.com\/se\/wp-content\/uploads\/sites\/7\/2021\/04\/why-vision-x.jpg\",\"width\":928,\"height\":277},{\"@type\":\"BreadcrumbList\",\"@id\":\"https:\/\/www.visionxeurope.com\/se\/varfor-vision-x\/#breadcrumb\",\"itemListElement\":[{\"@type\":\"ListItem\",\"position\":1,\"name\":\"Hem\",\"item\":\"https:\/\/www.visionxeurope.com\/se\/\"},{\"@type\":\"ListItem\",\"position\":2,\"name\":\"Varf\u00f6r Vision X\"}]},{\"@type\":\"WebSite\",\"@id\":\"https:\/\/www.visionxeurope.com\/se\/#website\",\"url\":\"https:\/\/www.visionxeurope.com\/se\/\",\"name\":\"Vision X Europe\",\"description\":\"\",\"publisher\":{\"@id\":\"https:\/\/www.visionxeurope.com\/se\/#organization\"},\"potentialAction\":[{\"@type\":\"SearchAction\",\"target\":{\"@type\":\"EntryPoint\",\"urlTemplate\":\"https:\/\/www.visionxeurope.com\/se\/?s={search_term_string}\"},\"query-input\":{\"@type\":\"PropertyValueSpecification\",\"valueRequired\":true,\"valueName\":\"search_term_string\"}}],\"inLanguage\":\"sv-SE\"},{\"@type\":\"Organization\",\"@id\":\"https:\/\/www.visionxeurope.com\/se\/#organization\",\"name\":\"Vision X Europe\",\"url\":\"https:\/\/www.visionxeurope.com\/se\/\",\"logo\":{\"@type\":\"ImageObject\",\"inLanguage\":\"sv-SE\",\"@id\":\"https:\/\/www.visionxeurope.com\/se\/#\/schema\/logo\/image\/\",\"url\":\"https:\/\/www.visionxeurope.com\/se\/wp-content\/uploads\/sites\/7\/2021\/04\/visionxeurope.png\",\"contentUrl\":\"https:\/\/www.visionxeurope.com\/se\/wp-content\/uploads\/sites\/7\/2021\/04\/visionxeurope.png\",\"width\":300,\"height\":110,\"caption\":\"Vision X Europe\"},\"image\":{\"@id\":\"https:\/\/www.visionxeurope.com\/se\/#\/schema\/logo\/image\/\"},\"sameAs\":[\"https:\/\/www.facebook.com\/visionxeurope\",\"https:\/\/www.instagram.com\/visionxeurope\/\"]}]}<\/script>\n<!-- \/ Yoast SEO Premium plugin. -->","yoast_head_json":{"title":"Varf\u00f6r Vision X - Vision X Europe","robots":{"index":"index","follow":"follow","max-snippet":"max-snippet:-1","max-image-preview":"max-image-preview:large","max-video-preview":"max-video-preview:-1"},"canonical":"https:\/\/www.visionxeurope.com\/se\/varfor-vision-x\/","og_locale":"sv_SE","og_type":"article","og_title":"Varf\u00f6r Vision X","og_description":"I dag finns det en uppsj\u00f6 med LED-belysning i alla olika prisklasser att v\u00e4lja mellan p\u00e5 marknaden. Varf\u00f6r skall man d\u00e5 v\u00e4lja Vision X?Vision X \u00e4r inte det billigaste alternativet p\u00e5 marknaden men d\u00e5 t\u00e4nker man kortsiktigt och endast p\u00e5 det initiala ink\u00f6pspriset. Med Vision X investerar man i framtiden med en stabil leverant\u00f6r som ... L\u00e4s mer","og_url":"https:\/\/www.visionxeurope.com\/se\/varfor-vision-x\/","og_site_name":"Vision X Europe","article_publisher":"https:\/\/www.facebook.com\/visionxeurope","article_modified_time":"2022-05-06T11:08:50+00:00","og_image":[{"width":928,"height":277,"url":"https:\/\/www.visionxeurope.com\/se\/wp-content\/uploads\/sites\/7\/2021\/04\/why-vision-x.jpg","type":"image\/jpeg"}],"twitter_card":"summary_large_image","twitter_misc":{"Ber\u00e4knad l\u00e4stid":"5 minuter"},"schema":{"@context":"https:\/\/schema.org","@graph":[{"@type":"WebPage","@id":"https:\/\/www.visionxeurope.com\/se\/varfor-vision-x\/","url":"https:\/\/www.visionxeurope.com\/se\/varfor-vision-x\/","name":"Varf\u00f6r Vision X - Vision X Europe","isPartOf":{"@id":"https:\/\/www.visionxeurope.com\/se\/#website"},"primaryImageOfPage":{"@id":"https:\/\/www.visionxeurope.com\/se\/varfor-vision-x\/#primaryimage"},"image":{"@id":"https:\/\/www.visionxeurope.com\/se\/varfor-vision-x\/#primaryimage"},"thumbnailUrl":"https:\/\/www.visionxeurope.com\/se\/wp-content\/uploads\/sites\/7\/2021\/04\/why-vision-x.jpg","datePublished":"2021-04-30T09:38:46+00:00","dateModified":"2022-05-06T11:08:50+00:00","breadcrumb":{"@id":"https:\/\/www.visionxeurope.com\/se\/varfor-vision-x\/#breadcrumb"},"inLanguage":"sv-SE","potentialAction":[{"@type":"ReadAction","target":["https:\/\/www.visionxeurope.com\/se\/varfor-vision-x\/"]}]},{"@type":"ImageObject","inLanguage":"sv-SE","@id":"https:\/\/www.visionxeurope.com\/se\/varfor-vision-x\/#primaryimage","url":"https:\/\/www.visionxeurope.com\/se\/wp-content\/uploads\/sites\/7\/2021\/04\/why-vision-x.jpg","contentUrl":"https:\/\/www.visionxeurope.com\/se\/wp-content\/uploads\/sites\/7\/2021\/04\/why-vision-x.jpg","width":928,"height":277},{"@type":"BreadcrumbList","@id":"https:\/\/www.visionxeurope.com\/se\/varfor-vision-x\/#breadcrumb","itemListElement":[{"@type":"ListItem","position":1,"name":"Hem","item":"https:\/\/www.visionxeurope.com\/se\/"},{"@type":"ListItem","position":2,"name":"Varf\u00f6r Vision X"}]},{"@type":"WebSite","@id":"https:\/\/www.visionxeurope.com\/se\/#website","url":"https:\/\/www.visionxeurope.com\/se\/","name":"Vision X Europe","description":"","publisher":{"@id":"https:\/\/www.visionxeurope.com\/se\/#organization"},"potentialAction":[{"@type":"SearchAction","target":{"@type":"EntryPoint","urlTemplate":"https:\/\/www.visionxeurope.com\/se\/?s={search_term_string}"},"query-input":{"@type":"PropertyValueSpecification","valueRequired":true,"valueName":"search_term_string"}}],"inLanguage":"sv-SE"},{"@type":"Organization","@id":"https:\/\/www.visionxeurope.com\/se\/#organization","name":"Vision X Europe","url":"https:\/\/www.visionxeurope.com\/se\/","logo":{"@type":"ImageObject","inLanguage":"sv-SE","@id":"https:\/\/www.visionxeurope.com\/se\/#\/schema\/logo\/image\/","url":"https:\/\/www.visionxeurope.com\/se\/wp-content\/uploads\/sites\/7\/2021\/04\/visionxeurope.png","contentUrl":"https:\/\/www.visionxeurope.com\/se\/wp-content\/uploads\/sites\/7\/2021\/04\/visionxeurope.png","width":300,"height":110,"caption":"Vision X Europe"},"image":{"@id":"https:\/\/www.visionxeurope.com\/se\/#\/schema\/logo\/image\/"},"sameAs":["https:\/\/www.facebook.com\/visionxeurope","https:\/\/www.instagram.com\/visionxeurope\/"]}]}},"_links":{"self":[{"href":"https:\/\/www.visionxeurope.com\/se\/wp-json\/wp\/v2\/pages\/4006","targetHints":{"allow":["GET"]}}],"collection":[{"href":"https:\/\/www.visionxeurope.com\/se\/wp-json\/wp\/v2\/pages"}],"about":[{"href":"https:\/\/www.visionxeurope.com\/se\/wp-json\/wp\/v2\/types\/page"}],"author":[{"embeddable":true,"href":"https:\/\/www.visionxeurope.com\/se\/wp-json\/wp\/v2\/users\/1"}],"replies":[{"embeddable":true,"href":"https:\/\/www.visionxeurope.com\/se\/wp-json\/wp\/v2\/comments?post=4006"}],"version-history":[{"count":0,"href":"https:\/\/www.visionxeurope.com\/se\/wp-json\/wp\/v2\/pages\/4006\/revisions"}],"wp:attachment":[{"href":"https:\/\/www.visionxeurope.com\/se\/wp-json\/wp\/v2\/media?parent=4006"}],"curies":[{"name":"wp","href":"https:\/\/api.w.org\/{rel}","templated":true}]}}