{"id":3996,"date":"2021-04-30T11:04:07","date_gmt":"2021-04-30T09:04:07","guid":{"rendered":"https:\/\/www.visionxeurope.com\/se\/?page_id=3996"},"modified":"2022-05-06T13:11:50","modified_gmt":"2022-05-06T11:11:50","slug":"vision-x-globalt","status":"publish","type":"page","link":"https:\/\/www.visionxeurope.com\/se\/vision-x-globalt\/","title":{"rendered":"Vision X Globalt"},"content":{"rendered":"<div class=\"gb-container gb-container-8c07f1a5\"><div class=\"gb-inside-container\">\n<figure class=\"wp-block-image size-full\"><img loading=\"lazy\" decoding=\"async\" width=\"1000\" height=\"233\" src=\"https:\/\/www.visionxeurope.com\/se\/wp-content\/uploads\/sites\/7\/2022\/05\/vision-x-world-wide-banner.jpg\" alt=\"\" class=\"wp-image-15670\" srcset=\"https:\/\/www.visionxeurope.com\/se\/wp-content\/uploads\/sites\/7\/2022\/05\/vision-x-world-wide-banner.jpg 1000w, https:\/\/www.visionxeurope.com\/se\/wp-content\/uploads\/sites\/7\/2022\/05\/vision-x-world-wide-banner-300x70.jpg 300w, https:\/\/www.visionxeurope.com\/se\/wp-content\/uploads\/sites\/7\/2022\/05\/vision-x-world-wide-banner-768x179.jpg 768w, https:\/\/www.visionxeurope.com\/se\/wp-content\/uploads\/sites\/7\/2022\/05\/vision-x-world-wide-banner-600x140.jpg 600w\" sizes=\"auto, (max-width: 1000px) 100vw, 1000px\" \/><\/figure>\n\n<p><strong>Vision X finns \u00f6ver hela v\u00e4rlden!<\/strong><\/p>\n\n<p>Vision X \u00e4r i dag representerade i \u00f6ver 127 l\u00e4nder och p\u00e5 alla sju kontinenterna med huvudkontor i USA och fabrik i Korea. Nedan finner du de stora distributionspunkterna som i&nbsp;sin tur servar flera l\u00e4nder och \u00e5terf\u00f6rs\u00e4ljare med Vision X produkter. \u00d6nskar du komma i kontakt med Vision X i n\u00e5gon annan del av v\u00e4rlden g\u00e5r det bra att kontakta oss.&nbsp;<\/p>\n\n<div class=\"gb-grid-wrapper gb-grid-wrapper-89ba11ee\">\n<div class=\"gb-grid-column gb-grid-column-5e0f8a31\"><div class=\"gb-container gb-container-5e0f8a31\"><div class=\"gb-inside-container\">\n<figure class=\"wp-block-image size-large\"><img loading=\"lazy\" decoding=\"async\" width=\"310\" height=\"162\" src=\"https:\/\/www.visionxeurope.com\/se\/wp-content\/uploads\/sites\/7\/2021\/04\/vision-x-north-europe.jpg\" alt=\"\" class=\"wp-image-3997\" srcset=\"https:\/\/www.visionxeurope.com\/se\/wp-content\/uploads\/sites\/7\/2021\/04\/vision-x-north-europe.jpg 310w, https:\/\/www.visionxeurope.com\/se\/wp-content\/uploads\/sites\/7\/2021\/04\/vision-x-north-europe-300x157.jpg 300w\" sizes=\"auto, (max-width: 310px) 100vw, 310px\" \/><\/figure>\n\n<h3 class=\"gb-headline gb-headline-4893ece5 gb-headline-text\">Vision X Europa<\/h3>\n\n<p>Vision X Europe<br>Svarvarv\u00e4gen 14<br>132 38 Saltsj\u00f6-Boo<\/p>\n\n<p>Tel: 08-747 24 80<br>E-post: info@visionxeurope.com<\/p>\n<\/div><\/div><\/div>\n\n<div class=\"gb-grid-column gb-grid-column-9fa1bb3f\"><div class=\"gb-container gb-container-9fa1bb3f\"><div class=\"gb-inside-container\">\n<figure class=\"wp-block-image size-large\"><img loading=\"lazy\" decoding=\"async\" width=\"310\" height=\"162\" src=\"https:\/\/www.visionxeurope.com\/se\/wp-content\/uploads\/sites\/7\/2021\/04\/vision-x-usa.jpg\" alt=\"\" class=\"wp-image-3998\" srcset=\"https:\/\/www.visionxeurope.com\/se\/wp-content\/uploads\/sites\/7\/2021\/04\/vision-x-usa.jpg 310w, https:\/\/www.visionxeurope.com\/se\/wp-content\/uploads\/sites\/7\/2021\/04\/vision-x-usa-300x157.jpg 300w\" sizes=\"auto, (max-width: 310px) 100vw, 310px\" \/><\/figure>\n\n<h3 class=\"gb-headline gb-headline-aaa670bc gb-headline-text\">Vision X USA<\/h3>\n\n<p>Vision Motor Sports, Inc<br>1601 Boundary Blvd<br>Auburn, WA 98001, USA<\/p>\n\n<p>Tel: +1 888 489 9820<br>E-post: info@visionxusa.com<\/p>\n<\/div><\/div><\/div>\n\n<div class=\"gb-grid-column gb-grid-column-b66edc9a\"><div class=\"gb-container gb-container-b66edc9a\"><div class=\"gb-inside-container\">\n<figure class=\"wp-block-image size-large\"><img loading=\"lazy\" decoding=\"async\" width=\"310\" height=\"162\" src=\"https:\/\/www.visionxeurope.com\/se\/wp-content\/uploads\/sites\/7\/2021\/04\/vision-x-asia.jpg\" alt=\"\" class=\"wp-image-3999\" srcset=\"https:\/\/www.visionxeurope.com\/se\/wp-content\/uploads\/sites\/7\/2021\/04\/vision-x-asia.jpg 310w, https:\/\/www.visionxeurope.com\/se\/wp-content\/uploads\/sites\/7\/2021\/04\/vision-x-asia-300x157.jpg 300w\" sizes=\"auto, (max-width: 310px) 100vw, 310px\" \/><\/figure>\n\n<h3 class=\"gb-headline gb-headline-239f3491 gb-headline-text\">Vision X Asien<\/h3>\n\n<p>Vision Motor Sports, Inc<br>175-16 Chungchun, Bupyung-Ku<br>Incheon-Shi, 403-030, Korea<\/p>\n<\/div><\/div><\/div>\n<\/div>\n<\/div><\/div>","protected":false},"excerpt":{"rendered":"<p>Vision X finns \u00f6ver hela v\u00e4rlden! Vision X \u00e4r i dag representerade i \u00f6ver 127 l\u00e4nder och p\u00e5 alla sju kontinenterna med huvudkontor i USA och fabrik i Korea. Nedan finner du de stora distributionspunkterna som i&nbsp;sin tur servar flera l\u00e4nder och \u00e5terf\u00f6rs\u00e4ljare med Vision X produkter. \u00d6nskar du komma i kontakt med Vision X &#8230; <a title=\"Vision X Globalt\" class=\"read-more\" href=\"https:\/\/www.visionxeurope.com\/se\/vision-x-globalt\/\" aria-label=\"L\u00e4s mer om Vision X Globalt\">L\u00e4s mer<\/a><\/p>\n","protected":false},"author":1,"featured_media":0,"parent":0,"menu_order":0,"comment_status":"closed","ping_status":"closed","template":"","meta":{"editor_notices":[],"footnotes":""},"class_list":["post-3996","page","type-page","status-publish"],"yoast_head":"<!-- This site is optimized with the Yoast SEO Premium plugin v25.0 (Yoast SEO v25.0) - https:\/\/yoast.com\/wordpress\/plugins\/seo\/ -->\n<title>Vision X Globalt - Vision X Europe<\/title>\n<meta name=\"robots\" content=\"index, follow, max-snippet:-1, max-image-preview:large, max-video-preview:-1\" \/>\n<link rel=\"canonical\" href=\"https:\/\/www.visionxeurope.com\/se\/vision-x-globalt\/\" \/>\n<meta property=\"og:locale\" content=\"sv_SE\" \/>\n<meta property=\"og:type\" content=\"article\" \/>\n<meta property=\"og:title\" content=\"Vision X Globalt\" \/>\n<meta property=\"og:description\" content=\"Vision X finns \u00f6ver hela v\u00e4rlden! Vision X \u00e4r i dag representerade i \u00f6ver 127 l\u00e4nder och p\u00e5 alla sju kontinenterna med huvudkontor i USA och fabrik i Korea. Nedan finner du de stora distributionspunkterna som i&nbsp;sin tur servar flera l\u00e4nder och \u00e5terf\u00f6rs\u00e4ljare med Vision X produkter. \u00d6nskar du komma i kontakt med Vision X ... L\u00e4s mer\" \/>\n<meta property=\"og:url\" content=\"https:\/\/www.visionxeurope.com\/se\/vision-x-globalt\/\" \/>\n<meta property=\"og:site_name\" content=\"Vision X Europe\" \/>\n<meta property=\"article:publisher\" content=\"https:\/\/www.facebook.com\/visionxeurope\" \/>\n<meta property=\"article:modified_time\" content=\"2022-05-06T11:11:50+00:00\" \/>\n<meta property=\"og:image\" content=\"https:\/\/www.visionxeurope.com\/se\/wp-content\/uploads\/sites\/7\/2022\/05\/vision-x-world-wide-banner.jpg\" \/>\n\t<meta property=\"og:image:width\" content=\"1000\" \/>\n\t<meta property=\"og:image:height\" content=\"233\" \/>\n\t<meta property=\"og:image:type\" content=\"image\/jpeg\" \/>\n<meta name=\"twitter:card\" content=\"summary_large_image\" \/>\n<meta name=\"twitter:label1\" content=\"Ber\u00e4knad l\u00e4stid\" \/>\n\t<meta name=\"twitter:data1\" content=\"2 minuter\" \/>\n<script type=\"application\/ld+json\" class=\"yoast-schema-graph\">{\"@context\":\"https:\/\/schema.org\",\"@graph\":[{\"@type\":\"WebPage\",\"@id\":\"https:\/\/www.visionxeurope.com\/se\/vision-x-globalt\/\",\"url\":\"https:\/\/www.visionxeurope.com\/se\/vision-x-globalt\/\",\"name\":\"Vision X Globalt - Vision X Europe\",\"isPartOf\":{\"@id\":\"https:\/\/www.visionxeurope.com\/se\/#website\"},\"primaryImageOfPage\":{\"@id\":\"https:\/\/www.visionxeurope.com\/se\/vision-x-globalt\/#primaryimage\"},\"image\":{\"@id\":\"https:\/\/www.visionxeurope.com\/se\/vision-x-globalt\/#primaryimage\"},\"thumbnailUrl\":\"https:\/\/www.visionxeurope.com\/se\/wp-content\/uploads\/sites\/7\/2022\/05\/vision-x-world-wide-banner.jpg\",\"datePublished\":\"2021-04-30T09:04:07+00:00\",\"dateModified\":\"2022-05-06T11:11:50+00:00\",\"breadcrumb\":{\"@id\":\"https:\/\/www.visionxeurope.com\/se\/vision-x-globalt\/#breadcrumb\"},\"inLanguage\":\"sv-SE\",\"potentialAction\":[{\"@type\":\"ReadAction\",\"target\":[\"https:\/\/www.visionxeurope.com\/se\/vision-x-globalt\/\"]}]},{\"@type\":\"ImageObject\",\"inLanguage\":\"sv-SE\",\"@id\":\"https:\/\/www.visionxeurope.com\/se\/vision-x-globalt\/#primaryimage\",\"url\":\"https:\/\/www.visionxeurope.com\/se\/wp-content\/uploads\/sites\/7\/2022\/05\/vision-x-world-wide-banner.jpg\",\"contentUrl\":\"https:\/\/www.visionxeurope.com\/se\/wp-content\/uploads\/sites\/7\/2022\/05\/vision-x-world-wide-banner.jpg\",\"width\":1000,\"height\":233},{\"@type\":\"BreadcrumbList\",\"@id\":\"https:\/\/www.visionxeurope.com\/se\/vision-x-globalt\/#breadcrumb\",\"itemListElement\":[{\"@type\":\"ListItem\",\"position\":1,\"name\":\"Hem\",\"item\":\"https:\/\/www.visionxeurope.com\/se\/\"},{\"@type\":\"ListItem\",\"position\":2,\"name\":\"Vision X Globalt\"}]},{\"@type\":\"WebSite\",\"@id\":\"https:\/\/www.visionxeurope.com\/se\/#website\",\"url\":\"https:\/\/www.visionxeurope.com\/se\/\",\"name\":\"Vision X Europe\",\"description\":\"\",\"publisher\":{\"@id\":\"https:\/\/www.visionxeurope.com\/se\/#organization\"},\"potentialAction\":[{\"@type\":\"SearchAction\",\"target\":{\"@type\":\"EntryPoint\",\"urlTemplate\":\"https:\/\/www.visionxeurope.com\/se\/?s={search_term_string}\"},\"query-input\":{\"@type\":\"PropertyValueSpecification\",\"valueRequired\":true,\"valueName\":\"search_term_string\"}}],\"inLanguage\":\"sv-SE\"},{\"@type\":\"Organization\",\"@id\":\"https:\/\/www.visionxeurope.com\/se\/#organization\",\"name\":\"Vision X Europe\",\"url\":\"https:\/\/www.visionxeurope.com\/se\/\",\"logo\":{\"@type\":\"ImageObject\",\"inLanguage\":\"sv-SE\",\"@id\":\"https:\/\/www.visionxeurope.com\/se\/#\/schema\/logo\/image\/\",\"url\":\"https:\/\/www.visionxeurope.com\/se\/wp-content\/uploads\/sites\/7\/2021\/04\/visionxeurope.png\",\"contentUrl\":\"https:\/\/www.visionxeurope.com\/se\/wp-content\/uploads\/sites\/7\/2021\/04\/visionxeurope.png\",\"width\":300,\"height\":110,\"caption\":\"Vision X Europe\"},\"image\":{\"@id\":\"https:\/\/www.visionxeurope.com\/se\/#\/schema\/logo\/image\/\"},\"sameAs\":[\"https:\/\/www.facebook.com\/visionxeurope\",\"https:\/\/www.instagram.com\/visionxeurope\/\"]}]}<\/script>\n<!-- \/ Yoast SEO Premium plugin. -->","yoast_head_json":{"title":"Vision X Globalt - Vision X Europe","robots":{"index":"index","follow":"follow","max-snippet":"max-snippet:-1","max-image-preview":"max-image-preview:large","max-video-preview":"max-video-preview:-1"},"canonical":"https:\/\/www.visionxeurope.com\/se\/vision-x-globalt\/","og_locale":"sv_SE","og_type":"article","og_title":"Vision X Globalt","og_description":"Vision X finns \u00f6ver hela v\u00e4rlden! Vision X \u00e4r i dag representerade i \u00f6ver 127 l\u00e4nder och p\u00e5 alla sju kontinenterna med huvudkontor i USA och fabrik i Korea. Nedan finner du de stora distributionspunkterna som i&nbsp;sin tur servar flera l\u00e4nder och \u00e5terf\u00f6rs\u00e4ljare med Vision X produkter. \u00d6nskar du komma i kontakt med Vision X ... L\u00e4s mer","og_url":"https:\/\/www.visionxeurope.com\/se\/vision-x-globalt\/","og_site_name":"Vision X Europe","article_publisher":"https:\/\/www.facebook.com\/visionxeurope","article_modified_time":"2022-05-06T11:11:50+00:00","og_image":[{"width":1000,"height":233,"url":"https:\/\/www.visionxeurope.com\/se\/wp-content\/uploads\/sites\/7\/2022\/05\/vision-x-world-wide-banner.jpg","type":"image\/jpeg"}],"twitter_card":"summary_large_image","twitter_misc":{"Ber\u00e4knad l\u00e4stid":"2 minuter"},"schema":{"@context":"https:\/\/schema.org","@graph":[{"@type":"WebPage","@id":"https:\/\/www.visionxeurope.com\/se\/vision-x-globalt\/","url":"https:\/\/www.visionxeurope.com\/se\/vision-x-globalt\/","name":"Vision X Globalt - Vision X Europe","isPartOf":{"@id":"https:\/\/www.visionxeurope.com\/se\/#website"},"primaryImageOfPage":{"@id":"https:\/\/www.visionxeurope.com\/se\/vision-x-globalt\/#primaryimage"},"image":{"@id":"https:\/\/www.visionxeurope.com\/se\/vision-x-globalt\/#primaryimage"},"thumbnailUrl":"https:\/\/www.visionxeurope.com\/se\/wp-content\/uploads\/sites\/7\/2022\/05\/vision-x-world-wide-banner.jpg","datePublished":"2021-04-30T09:04:07+00:00","dateModified":"2022-05-06T11:11:50+00:00","breadcrumb":{"@id":"https:\/\/www.visionxeurope.com\/se\/vision-x-globalt\/#breadcrumb"},"inLanguage":"sv-SE","potentialAction":[{"@type":"ReadAction","target":["https:\/\/www.visionxeurope.com\/se\/vision-x-globalt\/"]}]},{"@type":"ImageObject","inLanguage":"sv-SE","@id":"https:\/\/www.visionxeurope.com\/se\/vision-x-globalt\/#primaryimage","url":"https:\/\/www.visionxeurope.com\/se\/wp-content\/uploads\/sites\/7\/2022\/05\/vision-x-world-wide-banner.jpg","contentUrl":"https:\/\/www.visionxeurope.com\/se\/wp-content\/uploads\/sites\/7\/2022\/05\/vision-x-world-wide-banner.jpg","width":1000,"height":233},{"@type":"BreadcrumbList","@id":"https:\/\/www.visionxeurope.com\/se\/vision-x-globalt\/#breadcrumb","itemListElement":[{"@type":"ListItem","position":1,"name":"Hem","item":"https:\/\/www.visionxeurope.com\/se\/"},{"@type":"ListItem","position":2,"name":"Vision X Globalt"}]},{"@type":"WebSite","@id":"https:\/\/www.visionxeurope.com\/se\/#website","url":"https:\/\/www.visionxeurope.com\/se\/","name":"Vision X Europe","description":"","publisher":{"@id":"https:\/\/www.visionxeurope.com\/se\/#organization"},"potentialAction":[{"@type":"SearchAction","target":{"@type":"EntryPoint","urlTemplate":"https:\/\/www.visionxeurope.com\/se\/?s={search_term_string}"},"query-input":{"@type":"PropertyValueSpecification","valueRequired":true,"valueName":"search_term_string"}}],"inLanguage":"sv-SE"},{"@type":"Organization","@id":"https:\/\/www.visionxeurope.com\/se\/#organization","name":"Vision X Europe","url":"https:\/\/www.visionxeurope.com\/se\/","logo":{"@type":"ImageObject","inLanguage":"sv-SE","@id":"https:\/\/www.visionxeurope.com\/se\/#\/schema\/logo\/image\/","url":"https:\/\/www.visionxeurope.com\/se\/wp-content\/uploads\/sites\/7\/2021\/04\/visionxeurope.png","contentUrl":"https:\/\/www.visionxeurope.com\/se\/wp-content\/uploads\/sites\/7\/2021\/04\/visionxeurope.png","width":300,"height":110,"caption":"Vision X Europe"},"image":{"@id":"https:\/\/www.visionxeurope.com\/se\/#\/schema\/logo\/image\/"},"sameAs":["https:\/\/www.facebook.com\/visionxeurope","https:\/\/www.instagram.com\/visionxeurope\/"]}]}},"_links":{"self":[{"href":"https:\/\/www.visionxeurope.com\/se\/wp-json\/wp\/v2\/pages\/3996","targetHints":{"allow":["GET"]}}],"collection":[{"href":"https:\/\/www.visionxeurope.com\/se\/wp-json\/wp\/v2\/pages"}],"about":[{"href":"https:\/\/www.visionxeurope.com\/se\/wp-json\/wp\/v2\/types\/page"}],"author":[{"embeddable":true,"href":"https:\/\/www.visionxeurope.com\/se\/wp-json\/wp\/v2\/users\/1"}],"replies":[{"embeddable":true,"href":"https:\/\/www.visionxeurope.com\/se\/wp-json\/wp\/v2\/comments?post=3996"}],"version-history":[{"count":0,"href":"https:\/\/www.visionxeurope.com\/se\/wp-json\/wp\/v2\/pages\/3996\/revisions"}],"wp:attachment":[{"href":"https:\/\/www.visionxeurope.com\/se\/wp-json\/wp\/v2\/media?parent=3996"}],"curies":[{"name":"wp","href":"https:\/\/api.w.org\/{rel}","templated":true}]}}