{"id":3959,"date":"2021-04-30T09:04:48","date_gmt":"2021-04-30T07:04:48","guid":{"rendered":"https:\/\/www.visionxeurope.com\/se\/?page_id=3959"},"modified":"2021-04-30T09:05:27","modified_gmt":"2021-04-30T07:05:27","slug":"om-vision-x","status":"publish","type":"page","link":"https:\/\/www.visionxeurope.com\/se\/om-vision-x\/","title":{"rendered":"Om Vision X"},"content":{"rendered":"<div class=\"gb-container gb-container-cd516699\"><div class=\"gb-inside-container\">\n<div class=\"gb-grid-wrapper gb-grid-wrapper-961dd233\">\n<div class=\"gb-grid-column gb-grid-column-5c45c20a\"><div class=\"gb-container gb-container-5c45c20a\"><div class=\"gb-inside-container\">\n<p><strong>Vision X etablerades 1997 och \u00e4r i dag ett av USA\u00b4s snabbast v\u00e4xande f\u00f6retag!<br><\/strong><br>Med fullt fokus fr\u00e5n start och m\u00e5let att vara b\u00e4st p\u00e5 LED belysning har Vision X byggt upp en kunskap som \u00e4r unik.&nbsp;I dag innehar man plats 503 p\u00e5 Inc. 5000 listan \u00f6ver USA\u00b4s snabbast v\u00e4xande f\u00f6retag med en 759% procentig tillv\u00e4xt de senaste tre \u00e5ren.<\/p>\n\n<p>Vision X \u00e4r ett snabbfotat f\u00f6retag och arbetar hela tiden med den absolut senaste tekniken f\u00f6r att kunna erbjuda sina kunder spjutspets produkter d\u00e4r endast det b\u00e4sta \u00e4r gott nog. Med sin kunskap och teknik \u00e4r det i dag m\u00f6jligt att g\u00e5 fr\u00e5n ett koncept till tester samt p\u00e5b\u00f6rja produktionen p\u00e5 mindre \u00e4n 60 dagar.&nbsp;<\/p>\n\n<p>F\u00f6rs\u00e4ljningen sker via \u00e5terf\u00f6rs\u00e4ljare i \u00f6ver 127 l\u00e4nder runt om i v\u00e4rlden med distribut\u00f6rer p\u00e5 strategiska marknader. Huvudkontoret ligger i USA samt lager f\u00f6r den Nord Amerikanska marknaden. I korea har man nyligen invigt sin tredje fabrik som \u00e4r hel\u00e4gd och styrs till 100% av Vision X sj\u00e4lva.<\/p>\n\n<p>All produkt utveckling, tester och produktion sker &#8221;in house&#8221; f\u00f6r h\u00f6gsta m\u00f6jliga kvalitetskontroll. Varje lampa som l\u00e4mnar fabriken har ett serienummer som kan sp\u00e5ras tillbaka i tillverkningen i minsta detalj.&nbsp;<\/p>\n\n<p>Vision X har i dag \u00f6ver 48 v\u00e4rldspatent samt fler \u00e4n 150 s\u00f6kta patent. Fabriken innehar samtliga certifieringar som kr\u00e4vs f\u00f6r f\u00f6rs\u00e4ljning och distribution v\u00e4rlden \u00f6ver. N\u00e5gra av dom \u00e4r: ISO9001, ISO14001, ISO\/TS 16949, HAZCOM, IEC62471. Vision X kunderna finns i dag inom m\u00e5nga olika omr\u00e5den och applikationer som t.ex. transport, offshore, skogsbruk, jordbruk, entreprenad, gruvindustri samt special applikationer.<\/p>\n\n<p>I dag finns det m\u00e5nga starka referenser som bland annat NASA d\u00e4r Vision X har levererat belysning till den nya m\u00e5nbilen (Back to the moon project). Vision X \u00e4r \u00e4ven en stor leverant\u00f6r av belysning inom OEM industrin samt en av de st\u00f6rsta leverant\u00f6rerna i v\u00e4rlden till gruvindustrin.<\/p>\n<\/div><\/div><\/div>\n\n<div class=\"gb-grid-column gb-grid-column-ca36d32f\"><div class=\"gb-container gb-container-ca36d32f\"><div class=\"gb-inside-container\">\n<div class=\"wp-block-image\"><figure class=\"alignright size-large\"><img loading=\"lazy\" decoding=\"async\" width=\"460\" height=\"197\" src=\"https:\/\/www.visionxeurope.com\/se\/wp-content\/uploads\/sites\/7\/2021\/04\/OM-VISION-X-KARTA.jpg\" alt=\"\" class=\"wp-image-3961\" srcset=\"https:\/\/www.visionxeurope.com\/se\/wp-content\/uploads\/sites\/7\/2021\/04\/OM-VISION-X-KARTA.jpg 460w, https:\/\/www.visionxeurope.com\/se\/wp-content\/uploads\/sites\/7\/2021\/04\/OM-VISION-X-KARTA-300x128.jpg 300w\" sizes=\"auto, (max-width: 460px) 100vw, 460px\" \/><\/figure><\/div>\n\n<div class=\"wp-block-image\"><figure class=\"alignright size-large\"><img loading=\"lazy\" decoding=\"async\" width=\"335\" height=\"470\" src=\"https:\/\/www.visionxeurope.com\/se\/wp-content\/uploads\/sites\/7\/2021\/04\/OM-VISION-X-APPLIKATION.jpg\" alt=\"\" class=\"wp-image-3962\" srcset=\"https:\/\/www.visionxeurope.com\/se\/wp-content\/uploads\/sites\/7\/2021\/04\/OM-VISION-X-APPLIKATION.jpg 335w, https:\/\/www.visionxeurope.com\/se\/wp-content\/uploads\/sites\/7\/2021\/04\/OM-VISION-X-APPLIKATION-214x300.jpg 214w\" sizes=\"auto, (max-width: 335px) 100vw, 335px\" \/><\/figure><\/div>\n<\/div><\/div><\/div>\n<\/div>\n\n<p><strong>Se video fr\u00e5n senaste Vision X fabriken som invigdes 2015-05-17<\/strong><\/p>\n\n<figure class=\"wp-block-embed is-type-video is-provider-youtube wp-block-embed-youtube wp-embed-aspect-16-9 wp-has-aspect-ratio\"><div class=\"wp-block-embed__wrapper\">\n<iframe loading=\"lazy\" title=\"Cutting-Edge Vision X Lighting Manufacturing Facility\" width=\"1200\" height=\"675\" src=\"https:\/\/www.youtube.com\/embed\/c4WgdTDQJT0?feature=oembed\" frameborder=\"0\" allow=\"accelerometer; autoplay; clipboard-write; encrypted-media; gyroscope; picture-in-picture\" allowfullscreen><\/iframe>\n<\/div><\/figure>\n<\/div><\/div>","protected":false},"excerpt":{"rendered":"<p>Se video fr\u00e5n senaste Vision X fabriken som invigdes 2015-05-17<\/p>\n","protected":false},"author":1,"featured_media":0,"parent":0,"menu_order":0,"comment_status":"closed","ping_status":"closed","template":"","meta":{"editor_notices":[],"footnotes":""},"class_list":["post-3959","page","type-page","status-publish"],"yoast_head":"<!-- This site is optimized with the Yoast SEO Premium plugin v25.0 (Yoast SEO v25.0) - https:\/\/yoast.com\/wordpress\/plugins\/seo\/ -->\n<title>Om Vision X - Vision X Europe<\/title>\n<meta name=\"robots\" content=\"index, follow, max-snippet:-1, max-image-preview:large, max-video-preview:-1\" \/>\n<link rel=\"canonical\" href=\"https:\/\/www.visionxeurope.com\/se\/om-vision-x\/\" \/>\n<meta property=\"og:locale\" content=\"sv_SE\" \/>\n<meta property=\"og:type\" content=\"article\" \/>\n<meta property=\"og:title\" content=\"Om Vision X\" \/>\n<meta property=\"og:description\" content=\"Se video fr\u00e5n senaste Vision X fabriken som invigdes 2015-05-17\" \/>\n<meta property=\"og:url\" content=\"https:\/\/www.visionxeurope.com\/se\/om-vision-x\/\" \/>\n<meta property=\"og:site_name\" content=\"Vision X Europe\" \/>\n<meta property=\"article:publisher\" content=\"https:\/\/www.facebook.com\/visionxeurope\" \/>\n<meta property=\"article:modified_time\" content=\"2021-04-30T07:05:27+00:00\" \/>\n<meta property=\"og:image\" content=\"https:\/\/www.visionxeurope.com\/se\/wp-content\/uploads\/sites\/7\/2021\/04\/OM-VISION-X-KARTA.jpg\" \/>\n\t<meta property=\"og:image:width\" content=\"460\" \/>\n\t<meta property=\"og:image:height\" content=\"197\" \/>\n\t<meta property=\"og:image:type\" content=\"image\/jpeg\" \/>\n<meta name=\"twitter:card\" content=\"summary_large_image\" \/>\n<meta name=\"twitter:label1\" content=\"Ber\u00e4knad l\u00e4stid\" \/>\n\t<meta name=\"twitter:data1\" content=\"2 minuter\" \/>\n<script type=\"application\/ld+json\" class=\"yoast-schema-graph\">{\"@context\":\"https:\/\/schema.org\",\"@graph\":[{\"@type\":\"WebPage\",\"@id\":\"https:\/\/www.visionxeurope.com\/se\/om-vision-x\/\",\"url\":\"https:\/\/www.visionxeurope.com\/se\/om-vision-x\/\",\"name\":\"Om Vision X - Vision X Europe\",\"isPartOf\":{\"@id\":\"https:\/\/www.visionxeurope.com\/se\/#website\"},\"primaryImageOfPage\":{\"@id\":\"https:\/\/www.visionxeurope.com\/se\/om-vision-x\/#primaryimage\"},\"image\":{\"@id\":\"https:\/\/www.visionxeurope.com\/se\/om-vision-x\/#primaryimage\"},\"thumbnailUrl\":\"https:\/\/www.visionxeurope.com\/se\/wp-content\/uploads\/sites\/7\/2021\/04\/OM-VISION-X-KARTA.jpg\",\"datePublished\":\"2021-04-30T07:04:48+00:00\",\"dateModified\":\"2021-04-30T07:05:27+00:00\",\"breadcrumb\":{\"@id\":\"https:\/\/www.visionxeurope.com\/se\/om-vision-x\/#breadcrumb\"},\"inLanguage\":\"sv-SE\",\"potentialAction\":[{\"@type\":\"ReadAction\",\"target\":[\"https:\/\/www.visionxeurope.com\/se\/om-vision-x\/\"]}]},{\"@type\":\"ImageObject\",\"inLanguage\":\"sv-SE\",\"@id\":\"https:\/\/www.visionxeurope.com\/se\/om-vision-x\/#primaryimage\",\"url\":\"https:\/\/www.visionxeurope.com\/se\/wp-content\/uploads\/sites\/7\/2021\/04\/OM-VISION-X-KARTA.jpg\",\"contentUrl\":\"https:\/\/www.visionxeurope.com\/se\/wp-content\/uploads\/sites\/7\/2021\/04\/OM-VISION-X-KARTA.jpg\",\"width\":460,\"height\":197},{\"@type\":\"BreadcrumbList\",\"@id\":\"https:\/\/www.visionxeurope.com\/se\/om-vision-x\/#breadcrumb\",\"itemListElement\":[{\"@type\":\"ListItem\",\"position\":1,\"name\":\"Hem\",\"item\":\"https:\/\/www.visionxeurope.com\/se\/\"},{\"@type\":\"ListItem\",\"position\":2,\"name\":\"Om Vision X\"}]},{\"@type\":\"WebSite\",\"@id\":\"https:\/\/www.visionxeurope.com\/se\/#website\",\"url\":\"https:\/\/www.visionxeurope.com\/se\/\",\"name\":\"Vision X Europe\",\"description\":\"\",\"publisher\":{\"@id\":\"https:\/\/www.visionxeurope.com\/se\/#organization\"},\"potentialAction\":[{\"@type\":\"SearchAction\",\"target\":{\"@type\":\"EntryPoint\",\"urlTemplate\":\"https:\/\/www.visionxeurope.com\/se\/?s={search_term_string}\"},\"query-input\":{\"@type\":\"PropertyValueSpecification\",\"valueRequired\":true,\"valueName\":\"search_term_string\"}}],\"inLanguage\":\"sv-SE\"},{\"@type\":\"Organization\",\"@id\":\"https:\/\/www.visionxeurope.com\/se\/#organization\",\"name\":\"Vision X Europe\",\"url\":\"https:\/\/www.visionxeurope.com\/se\/\",\"logo\":{\"@type\":\"ImageObject\",\"inLanguage\":\"sv-SE\",\"@id\":\"https:\/\/www.visionxeurope.com\/se\/#\/schema\/logo\/image\/\",\"url\":\"https:\/\/www.visionxeurope.com\/se\/wp-content\/uploads\/sites\/7\/2021\/04\/visionxeurope.png\",\"contentUrl\":\"https:\/\/www.visionxeurope.com\/se\/wp-content\/uploads\/sites\/7\/2021\/04\/visionxeurope.png\",\"width\":300,\"height\":110,\"caption\":\"Vision X Europe\"},\"image\":{\"@id\":\"https:\/\/www.visionxeurope.com\/se\/#\/schema\/logo\/image\/\"},\"sameAs\":[\"https:\/\/www.facebook.com\/visionxeurope\",\"https:\/\/www.instagram.com\/visionxeurope\/\"]}]}<\/script>\n<!-- \/ Yoast SEO Premium plugin. -->","yoast_head_json":{"title":"Om Vision X - Vision X Europe","robots":{"index":"index","follow":"follow","max-snippet":"max-snippet:-1","max-image-preview":"max-image-preview:large","max-video-preview":"max-video-preview:-1"},"canonical":"https:\/\/www.visionxeurope.com\/se\/om-vision-x\/","og_locale":"sv_SE","og_type":"article","og_title":"Om Vision X","og_description":"Se video fr\u00e5n senaste Vision X fabriken som invigdes 2015-05-17","og_url":"https:\/\/www.visionxeurope.com\/se\/om-vision-x\/","og_site_name":"Vision X Europe","article_publisher":"https:\/\/www.facebook.com\/visionxeurope","article_modified_time":"2021-04-30T07:05:27+00:00","og_image":[{"width":460,"height":197,"url":"https:\/\/www.visionxeurope.com\/se\/wp-content\/uploads\/sites\/7\/2021\/04\/OM-VISION-X-KARTA.jpg","type":"image\/jpeg"}],"twitter_card":"summary_large_image","twitter_misc":{"Ber\u00e4knad l\u00e4stid":"2 minuter"},"schema":{"@context":"https:\/\/schema.org","@graph":[{"@type":"WebPage","@id":"https:\/\/www.visionxeurope.com\/se\/om-vision-x\/","url":"https:\/\/www.visionxeurope.com\/se\/om-vision-x\/","name":"Om Vision X - Vision X Europe","isPartOf":{"@id":"https:\/\/www.visionxeurope.com\/se\/#website"},"primaryImageOfPage":{"@id":"https:\/\/www.visionxeurope.com\/se\/om-vision-x\/#primaryimage"},"image":{"@id":"https:\/\/www.visionxeurope.com\/se\/om-vision-x\/#primaryimage"},"thumbnailUrl":"https:\/\/www.visionxeurope.com\/se\/wp-content\/uploads\/sites\/7\/2021\/04\/OM-VISION-X-KARTA.jpg","datePublished":"2021-04-30T07:04:48+00:00","dateModified":"2021-04-30T07:05:27+00:00","breadcrumb":{"@id":"https:\/\/www.visionxeurope.com\/se\/om-vision-x\/#breadcrumb"},"inLanguage":"sv-SE","potentialAction":[{"@type":"ReadAction","target":["https:\/\/www.visionxeurope.com\/se\/om-vision-x\/"]}]},{"@type":"ImageObject","inLanguage":"sv-SE","@id":"https:\/\/www.visionxeurope.com\/se\/om-vision-x\/#primaryimage","url":"https:\/\/www.visionxeurope.com\/se\/wp-content\/uploads\/sites\/7\/2021\/04\/OM-VISION-X-KARTA.jpg","contentUrl":"https:\/\/www.visionxeurope.com\/se\/wp-content\/uploads\/sites\/7\/2021\/04\/OM-VISION-X-KARTA.jpg","width":460,"height":197},{"@type":"BreadcrumbList","@id":"https:\/\/www.visionxeurope.com\/se\/om-vision-x\/#breadcrumb","itemListElement":[{"@type":"ListItem","position":1,"name":"Hem","item":"https:\/\/www.visionxeurope.com\/se\/"},{"@type":"ListItem","position":2,"name":"Om Vision X"}]},{"@type":"WebSite","@id":"https:\/\/www.visionxeurope.com\/se\/#website","url":"https:\/\/www.visionxeurope.com\/se\/","name":"Vision X Europe","description":"","publisher":{"@id":"https:\/\/www.visionxeurope.com\/se\/#organization"},"potentialAction":[{"@type":"SearchAction","target":{"@type":"EntryPoint","urlTemplate":"https:\/\/www.visionxeurope.com\/se\/?s={search_term_string}"},"query-input":{"@type":"PropertyValueSpecification","valueRequired":true,"valueName":"search_term_string"}}],"inLanguage":"sv-SE"},{"@type":"Organization","@id":"https:\/\/www.visionxeurope.com\/se\/#organization","name":"Vision X Europe","url":"https:\/\/www.visionxeurope.com\/se\/","logo":{"@type":"ImageObject","inLanguage":"sv-SE","@id":"https:\/\/www.visionxeurope.com\/se\/#\/schema\/logo\/image\/","url":"https:\/\/www.visionxeurope.com\/se\/wp-content\/uploads\/sites\/7\/2021\/04\/visionxeurope.png","contentUrl":"https:\/\/www.visionxeurope.com\/se\/wp-content\/uploads\/sites\/7\/2021\/04\/visionxeurope.png","width":300,"height":110,"caption":"Vision X Europe"},"image":{"@id":"https:\/\/www.visionxeurope.com\/se\/#\/schema\/logo\/image\/"},"sameAs":["https:\/\/www.facebook.com\/visionxeurope","https:\/\/www.instagram.com\/visionxeurope\/"]}]}},"_links":{"self":[{"href":"https:\/\/www.visionxeurope.com\/se\/wp-json\/wp\/v2\/pages\/3959","targetHints":{"allow":["GET"]}}],"collection":[{"href":"https:\/\/www.visionxeurope.com\/se\/wp-json\/wp\/v2\/pages"}],"about":[{"href":"https:\/\/www.visionxeurope.com\/se\/wp-json\/wp\/v2\/types\/page"}],"author":[{"embeddable":true,"href":"https:\/\/www.visionxeurope.com\/se\/wp-json\/wp\/v2\/users\/1"}],"replies":[{"embeddable":true,"href":"https:\/\/www.visionxeurope.com\/se\/wp-json\/wp\/v2\/comments?post=3959"}],"version-history":[{"count":0,"href":"https:\/\/www.visionxeurope.com\/se\/wp-json\/wp\/v2\/pages\/3959\/revisions"}],"wp:attachment":[{"href":"https:\/\/www.visionxeurope.com\/se\/wp-json\/wp\/v2\/media?parent=3959"}],"curies":[{"name":"wp","href":"https:\/\/api.w.org\/{rel}","templated":true}]}}