{"id":10249,"date":"2021-11-29T08:40:48","date_gmt":"2021-11-29T07:40:48","guid":{"rendered":"https:\/\/www.visionxeurope.com\/se\/?page_id=10249"},"modified":"2021-11-29T08:40:48","modified_gmt":"2021-11-29T07:40:48","slug":"kop-har","status":"publish","type":"page","link":"https:\/\/www.visionxeurope.com\/se\/kop-har\/","title":{"rendered":"K\u00f6p h\u00e4r"},"content":{"rendered":"<p>Vi har \u00e5terf\u00f6rs\u00e4ljare \u00f6ver hela Sverige och stora delar av Norden. Om du \u00e4r intresserad av en produkt fr\u00e5n oss, kontakta din n\u00e4rmaste \u00e5terf\u00f6rs\u00e4ljare via nedanst\u00e5ende karta. Notera att v\u00e5ra \u00e5terf\u00f6rs\u00e4ljare arbetar inom olika verksamhetsomr\u00e5den, s\u00e5 kontrollera g\u00e4rna detta f\u00f6rst. Du kan \u00e4ven kontakta oss f\u00f6r information om din n\u00e4rmaste \u00e5terf\u00f6rs\u00e4ljare.<\/p><iframe loading=\"lazy\" src=\"https:\/\/www.google.com\/maps\/d\/embed?mid=1LW3wTsCKP8O-UTKY4DUD2OmMOuW1HpVG&amp;hl=sv\" width=\"1024\" height=\"768\"><\/iframe><p><\/p>","protected":false},"excerpt":{"rendered":"<p>Vi har \u00e5terf\u00f6rs\u00e4ljare \u00f6ver hela Sverige och stora delar av Norden. Om du \u00e4r intresserad av en produkt fr\u00e5n oss, kontakta din n\u00e4rmaste \u00e5terf\u00f6rs\u00e4ljare via nedanst\u00e5ende karta. Notera att v\u00e5ra \u00e5terf\u00f6rs\u00e4ljare arbetar inom olika verksamhetsomr\u00e5den, s\u00e5 kontrollera g\u00e4rna detta f\u00f6rst. Du kan \u00e4ven kontakta oss f\u00f6r information om din n\u00e4rmaste \u00e5terf\u00f6rs\u00e4ljare.<\/p>\n","protected":false},"author":1,"featured_media":0,"parent":0,"menu_order":0,"comment_status":"closed","ping_status":"closed","template":"","meta":{"editor_notices":[],"footnotes":""},"class_list":["post-10249","page","type-page","status-publish"],"yoast_head":"<!-- This site is optimized with the Yoast SEO Premium plugin v25.0 (Yoast SEO v25.0) - https:\/\/yoast.com\/wordpress\/plugins\/seo\/ -->\n<title>K\u00f6p h\u00e4r - Vision X Europe<\/title>\n<meta name=\"robots\" content=\"index, follow, max-snippet:-1, max-image-preview:large, max-video-preview:-1\" \/>\n<link rel=\"canonical\" href=\"https:\/\/www.visionxeurope.com\/se\/kop-har\/\" \/>\n<meta property=\"og:locale\" content=\"sv_SE\" \/>\n<meta property=\"og:type\" content=\"article\" \/>\n<meta property=\"og:title\" content=\"K\u00f6p h\u00e4r\" \/>\n<meta property=\"og:description\" content=\"Vi har \u00e5terf\u00f6rs\u00e4ljare \u00f6ver hela Sverige och stora delar av Norden. Om du \u00e4r intresserad av en produkt fr\u00e5n oss, kontakta din n\u00e4rmaste \u00e5terf\u00f6rs\u00e4ljare via nedanst\u00e5ende karta. Notera att v\u00e5ra \u00e5terf\u00f6rs\u00e4ljare arbetar inom olika verksamhetsomr\u00e5den, s\u00e5 kontrollera g\u00e4rna detta f\u00f6rst. Du kan \u00e4ven kontakta oss f\u00f6r information om din n\u00e4rmaste \u00e5terf\u00f6rs\u00e4ljare.\" \/>\n<meta property=\"og:url\" content=\"https:\/\/www.visionxeurope.com\/se\/kop-har\/\" \/>\n<meta property=\"og:site_name\" content=\"Vision X Europe\" \/>\n<meta property=\"article:publisher\" content=\"https:\/\/www.facebook.com\/visionxeurope\" \/>\n<meta name=\"twitter:card\" content=\"summary_large_image\" \/>\n<meta name=\"twitter:label1\" content=\"Ber\u00e4knad l\u00e4stid\" \/>\n\t<meta name=\"twitter:data1\" content=\"1 minut\" \/>\n<script type=\"application\/ld+json\" class=\"yoast-schema-graph\">{\"@context\":\"https:\/\/schema.org\",\"@graph\":[{\"@type\":\"WebPage\",\"@id\":\"https:\/\/www.visionxeurope.com\/se\/kop-har\/\",\"url\":\"https:\/\/www.visionxeurope.com\/se\/kop-har\/\",\"name\":\"K\u00f6p h\u00e4r - Vision X Europe\",\"isPartOf\":{\"@id\":\"https:\/\/www.visionxeurope.com\/se\/#website\"},\"datePublished\":\"2021-11-29T07:40:48+00:00\",\"breadcrumb\":{\"@id\":\"https:\/\/www.visionxeurope.com\/se\/kop-har\/#breadcrumb\"},\"inLanguage\":\"sv-SE\",\"potentialAction\":[{\"@type\":\"ReadAction\",\"target\":[\"https:\/\/www.visionxeurope.com\/se\/kop-har\/\"]}]},{\"@type\":\"BreadcrumbList\",\"@id\":\"https:\/\/www.visionxeurope.com\/se\/kop-har\/#breadcrumb\",\"itemListElement\":[{\"@type\":\"ListItem\",\"position\":1,\"name\":\"Hem\",\"item\":\"https:\/\/www.visionxeurope.com\/se\/\"},{\"@type\":\"ListItem\",\"position\":2,\"name\":\"K\u00f6p h\u00e4r\"}]},{\"@type\":\"WebSite\",\"@id\":\"https:\/\/www.visionxeurope.com\/se\/#website\",\"url\":\"https:\/\/www.visionxeurope.com\/se\/\",\"name\":\"Vision X Europe\",\"description\":\"\",\"publisher\":{\"@id\":\"https:\/\/www.visionxeurope.com\/se\/#organization\"},\"potentialAction\":[{\"@type\":\"SearchAction\",\"target\":{\"@type\":\"EntryPoint\",\"urlTemplate\":\"https:\/\/www.visionxeurope.com\/se\/?s={search_term_string}\"},\"query-input\":{\"@type\":\"PropertyValueSpecification\",\"valueRequired\":true,\"valueName\":\"search_term_string\"}}],\"inLanguage\":\"sv-SE\"},{\"@type\":\"Organization\",\"@id\":\"https:\/\/www.visionxeurope.com\/se\/#organization\",\"name\":\"Vision X Europe\",\"url\":\"https:\/\/www.visionxeurope.com\/se\/\",\"logo\":{\"@type\":\"ImageObject\",\"inLanguage\":\"sv-SE\",\"@id\":\"https:\/\/www.visionxeurope.com\/se\/#\/schema\/logo\/image\/\",\"url\":\"https:\/\/www.visionxeurope.com\/se\/wp-content\/uploads\/sites\/7\/2021\/04\/visionxeurope.png\",\"contentUrl\":\"https:\/\/www.visionxeurope.com\/se\/wp-content\/uploads\/sites\/7\/2021\/04\/visionxeurope.png\",\"width\":300,\"height\":110,\"caption\":\"Vision X Europe\"},\"image\":{\"@id\":\"https:\/\/www.visionxeurope.com\/se\/#\/schema\/logo\/image\/\"},\"sameAs\":[\"https:\/\/www.facebook.com\/visionxeurope\",\"https:\/\/www.instagram.com\/visionxeurope\/\"]}]}<\/script>\n<!-- \/ Yoast SEO Premium plugin. -->","yoast_head_json":{"title":"K\u00f6p h\u00e4r - Vision X Europe","robots":{"index":"index","follow":"follow","max-snippet":"max-snippet:-1","max-image-preview":"max-image-preview:large","max-video-preview":"max-video-preview:-1"},"canonical":"https:\/\/www.visionxeurope.com\/se\/kop-har\/","og_locale":"sv_SE","og_type":"article","og_title":"K\u00f6p h\u00e4r","og_description":"Vi har \u00e5terf\u00f6rs\u00e4ljare \u00f6ver hela Sverige och stora delar av Norden. Om du \u00e4r intresserad av en produkt fr\u00e5n oss, kontakta din n\u00e4rmaste \u00e5terf\u00f6rs\u00e4ljare via nedanst\u00e5ende karta. Notera att v\u00e5ra \u00e5terf\u00f6rs\u00e4ljare arbetar inom olika verksamhetsomr\u00e5den, s\u00e5 kontrollera g\u00e4rna detta f\u00f6rst. Du kan \u00e4ven kontakta oss f\u00f6r information om din n\u00e4rmaste \u00e5terf\u00f6rs\u00e4ljare.","og_url":"https:\/\/www.visionxeurope.com\/se\/kop-har\/","og_site_name":"Vision X Europe","article_publisher":"https:\/\/www.facebook.com\/visionxeurope","twitter_card":"summary_large_image","twitter_misc":{"Ber\u00e4knad l\u00e4stid":"1 minut"},"schema":{"@context":"https:\/\/schema.org","@graph":[{"@type":"WebPage","@id":"https:\/\/www.visionxeurope.com\/se\/kop-har\/","url":"https:\/\/www.visionxeurope.com\/se\/kop-har\/","name":"K\u00f6p h\u00e4r - Vision X Europe","isPartOf":{"@id":"https:\/\/www.visionxeurope.com\/se\/#website"},"datePublished":"2021-11-29T07:40:48+00:00","breadcrumb":{"@id":"https:\/\/www.visionxeurope.com\/se\/kop-har\/#breadcrumb"},"inLanguage":"sv-SE","potentialAction":[{"@type":"ReadAction","target":["https:\/\/www.visionxeurope.com\/se\/kop-har\/"]}]},{"@type":"BreadcrumbList","@id":"https:\/\/www.visionxeurope.com\/se\/kop-har\/#breadcrumb","itemListElement":[{"@type":"ListItem","position":1,"name":"Hem","item":"https:\/\/www.visionxeurope.com\/se\/"},{"@type":"ListItem","position":2,"name":"K\u00f6p h\u00e4r"}]},{"@type":"WebSite","@id":"https:\/\/www.visionxeurope.com\/se\/#website","url":"https:\/\/www.visionxeurope.com\/se\/","name":"Vision X Europe","description":"","publisher":{"@id":"https:\/\/www.visionxeurope.com\/se\/#organization"},"potentialAction":[{"@type":"SearchAction","target":{"@type":"EntryPoint","urlTemplate":"https:\/\/www.visionxeurope.com\/se\/?s={search_term_string}"},"query-input":{"@type":"PropertyValueSpecification","valueRequired":true,"valueName":"search_term_string"}}],"inLanguage":"sv-SE"},{"@type":"Organization","@id":"https:\/\/www.visionxeurope.com\/se\/#organization","name":"Vision X Europe","url":"https:\/\/www.visionxeurope.com\/se\/","logo":{"@type":"ImageObject","inLanguage":"sv-SE","@id":"https:\/\/www.visionxeurope.com\/se\/#\/schema\/logo\/image\/","url":"https:\/\/www.visionxeurope.com\/se\/wp-content\/uploads\/sites\/7\/2021\/04\/visionxeurope.png","contentUrl":"https:\/\/www.visionxeurope.com\/se\/wp-content\/uploads\/sites\/7\/2021\/04\/visionxeurope.png","width":300,"height":110,"caption":"Vision X Europe"},"image":{"@id":"https:\/\/www.visionxeurope.com\/se\/#\/schema\/logo\/image\/"},"sameAs":["https:\/\/www.facebook.com\/visionxeurope","https:\/\/www.instagram.com\/visionxeurope\/"]}]}},"_links":{"self":[{"href":"https:\/\/www.visionxeurope.com\/se\/wp-json\/wp\/v2\/pages\/10249","targetHints":{"allow":["GET"]}}],"collection":[{"href":"https:\/\/www.visionxeurope.com\/se\/wp-json\/wp\/v2\/pages"}],"about":[{"href":"https:\/\/www.visionxeurope.com\/se\/wp-json\/wp\/v2\/types\/page"}],"author":[{"embeddable":true,"href":"https:\/\/www.visionxeurope.com\/se\/wp-json\/wp\/v2\/users\/1"}],"replies":[{"embeddable":true,"href":"https:\/\/www.visionxeurope.com\/se\/wp-json\/wp\/v2\/comments?post=10249"}],"version-history":[{"count":0,"href":"https:\/\/www.visionxeurope.com\/se\/wp-json\/wp\/v2\/pages\/10249\/revisions"}],"wp:attachment":[{"href":"https:\/\/www.visionxeurope.com\/se\/wp-json\/wp\/v2\/media?parent=10249"}],"curies":[{"name":"wp","href":"https:\/\/api.w.org\/{rel}","templated":true}]}}